{"id":25274,"date":"2025-05-20T18:58:22","date_gmt":"2025-05-20T18:58:22","guid":{"rendered":"https:\/\/electricstore.eu\/p\/uncategorized\/vevor-hj819-rc-boat-2-4ghz-12-km-h-high-speed-remote-control-racing-boat-waterproof-electric-radio-toys-for-boys-14y-gifts\/"},"modified":"2025-05-20T18:58:59","modified_gmt":"2025-05-20T18:58:59","slug":"vevor-hj819-rc-boat-2-4ghz-12-km-h-high-speed-remote-control-racing-boat-waterproof-electric-radio-toys-for-boys-14y-gifts","status":"publish","type":"product","link":"https:\/\/www.electricstore.eu\/lv\/p\/rc\/rc-cars\/vevor-hj819-rc-boat-2-4ghz-12-km-h-high-speed-remote-control-racing-boat-waterproof-electric-radio-toys-for-boys-14y-gifts\/","title":{"rendered":"VEVOR HJ819 RC laiva 2.4GHz 12 km\/h \u0100trgaitas t\u0101lvad\u012bbas sac\u012bk\u0161u laiva \u016adensiztur\u012bga elektrisk\u0101 radio rota\u013clieta z\u0113niem no 14 gadu vecuma D\u0101vanas"},"content":{"rendered":"<div class=\"product-specs-list-container\">\n<ul class=\"product-specs-list util-clearfix\">\n<li class=\"product-prop line-limit-length\"><span\n                                        class=\"property-title\">Augstas ba\u017eas izraiso\u0161a \u0137\u012bmiska viela:&nbsp;<\/span><span\n                                        class=\"property-desc line-limit-length\">Neviens<\/span>\n                            <\/li>\n<li class=\"product-prop line-limit-length\"><span\n                                        class=\"property-title\">Ir elektrisks:&nbsp;<\/span><span\n                                        class=\"property-desc line-limit-length\">litija akumulators<\/span>\n                            <\/li>\n<li class=\"product-prop line-limit-length\"><span\n                                        class=\"property-title\">Sv\u012btrkods:&nbsp;<\/span><span\n                                        class=\"property-desc line-limit-length\">N\u0113<\/span>\n                            <\/li>\n<li class=\"product-prop line-limit-length\"><span\n                                        class=\"property-title\">Baro\u0161anas avots:&nbsp;<\/span><span\n                                        class=\"property-desc line-limit-length\">Elektrisks<\/span>\n                            <\/li>\n<li class=\"product-prop line-limit-length\"><span\n                                        class=\"property-title\">Mode\u013ca numurs:&nbsp;<\/span><span\n                                        class=\"property-desc line-limit-length\">HJ819<\/span>\n                            <\/li>\n<li class=\"product-prop line-limit-length\"><span\n                                        class=\"property-title\">Maksim\u0101lais \u0101trums:&nbsp;<\/span><span\n                                        class=\"property-desc line-limit-length\">12 km\/h<\/span>\n                            <\/li>\n<li class=\"product-prop line-limit-length\"><span\n                                        class=\"property-title\">Asamblejas \u0161tats:&nbsp;<\/span><span\n                                        class=\"property-desc line-limit-length\">Nesalikts komplekts<\/span>\n                            <\/li>\n<li class=\"product-prop line-limit-length\"><span\n                                        class=\"property-title\">T\u0101lvad\u012bbas pults:&nbsp;<\/span><span\n                                        class=\"property-desc line-limit-length\">J\u0101<\/span>\n                            <\/li>\n<li class=\"product-prop line-limit-length\"><span\n                                        class=\"property-title\">Materi\u0101ls:&nbsp;<\/span><span\n                                        class=\"property-desc line-limit-length\">Plastmasa<\/span>\n                            <\/li>\n<li class=\"product-prop line-limit-length\"><span\n                                        class=\"property-title\">Ieteicamais vecums:&nbsp;<\/span><span\n                                        class=\"property-desc line-limit-length\">6\u201312\u00a0g.<\/span>\n                            <\/li>\n<li class=\"product-prop line-limit-length\"><span\n                                        class=\"property-title\">Izcelsme:&nbsp;<\/span><span\n                                        class=\"property-desc line-limit-length\">Kontinent\u0101l\u0101 \u0136\u012bna<\/span>\n                            <\/li>\n<li class=\"product-prop line-limit-length\"><span\n                                        class=\"property-title\">Dizains:&nbsp;<\/span><span\n                                        class=\"property-desc line-limit-length\">\u0100trlaiva<\/span>\n                            <\/li>\n<li class=\"product-prop line-limit-length\"><span\n                                        class=\"property-title\">Tips:&nbsp;<\/span><span\n                                        class=\"property-desc line-limit-length\">Laiva un ku\u0123is<\/span>\n                            <\/li>\n<li class=\"product-prop line-limit-length\"><span\n                                        class=\"property-title\">Funkcijas:&nbsp;<\/span><span\n                                        class=\"property-desc line-limit-length\">T\u0100LVAD\u012aBAS PULTS<\/span>\n                            <\/li>\n<li class=\"product-prop line-limit-length\"><span\n                                        class=\"property-title\">Z\u012bmols:&nbsp;<\/span><span\n                                        class=\"property-desc line-limit-length\">VEVOR<\/span>\n                            <\/li>\n<li class=\"product-prop line-limit-length\"><span\n                                        class=\"property-title\">Produkta svars:&nbsp;<\/span><span\n                                        class=\"property-desc line-limit-length\">0,92 m\u0101rci\u0146as\/0,42 kg<\/span>\n                            <\/li>\n<li class=\"product-prop line-limit-length\"><span\n                                        class=\"property-title\">Produkta izm\u0113rs:&nbsp;<\/span><span\n                                        class=\"property-desc line-limit-length\">9,84 x 3,14 x 2,75 collas<\/span>\n                            <\/li>\n<li class=\"product-prop line-limit-length\"><span\n                                        class=\"property-title\">Funkcija:&nbsp;<\/span><span\n                                        class=\"property-desc line-limit-length\">Vienk\u0101r\u0161a uzl\u0101de<\/span>\n                            <\/li>\n<li class=\"product-prop line-limit-length\"><span\n                                        class=\"property-title\">Tips:&nbsp;<\/span><span\n                                        class=\"property-desc line-limit-length\">RC Boat<\/span>\n                            <\/li>\n<li class=\"product-prop line-limit-length\"><span\n                                        class=\"property-title\">Kr\u0101sa:&nbsp;<\/span><span\n                                        class=\"property-desc line-limit-length\">Za\u013c\u0161<\/span>\n                            <\/li>\n<\/ul><\/div>\n<div class=\"detailmodule_html\">\n<div class=\"detail-desc-decorate-richtext\">\n<div style=\"font-family:&quot;Open sans&quot;, Arial, Helvetica, sans-serif\">\n<div><img decoding=\"async\" style=\"width:100%\" width=\"100%\" src=\"https:\/\/d2qc09rl1gfuof.cloudfront.net\/vevor\/boutique-banner\/pc\/banner-en.jpg\" slate-data-type=\"image\"\/><\/div>\n<div>\n<div style=\"font-size:16px;font-weight:bold;text-align:center;color:rgb(34, 34, 34);margin:24px 0px;margin-bottom:24px;margin-top:24px;margin-left:0px;margin-right:0px\" align=\"center\">Brauciet pa vi\u013c\u0146iem \u2014 neizsak\u0101ma VEVOR RC laivas izklaide<\/div>\n<div><img decoding=\"async\" style=\"width:100%\" width=\"100%\" src=\"https:\/\/d2qc09rl1gfuof.cloudfront.net\/product\/SSYKCLSCJ30KFZ1PG\/rc-boat-a100-1.4-pt.jpg\" slate-data-type=\"image\"\/><\/div>\n<div style=\"font-size:14px;text-align:center;color:rgb(34, 34, 34);margin:16px 0px 24px;margin-bottom:24px;margin-top:16px;margin-left:0px;margin-right:0px\" align=\"center\">Eleganta un stil\u012bga, \u0161\u012b t\u0101lvad\u012bbas laiva ir veidota sac\u012bk\u0161u iedvesmota dizaina. Pateicoties \u016bdens izme\u0161anas izsl\u0113g\u0161anas sist\u0113mai un piln\u012bb\u0101 \u016bdensnecaurlaid\u012bgajai konstrukcijai, t\u0101 ir dro\u0161a un jautra, lai b\u0113rni var\u0113tu to izbaud\u012bt bez raiz\u0113m.<\/div>\n<\/div>\n<div>\n<div style=\"margin:8px 0px;margin-bottom:8px;margin-top:8px;margin-left:0px;margin-right:0px\"><img decoding=\"async\" style=\"width:100%\" width=\"100%\" src=\"https:\/\/d2qc09rl1gfuof.cloudfront.net\/product\/SSYKCLSCJ30KFZ1PG\/rc-boat-a100-2.2-pt.jpg\" slate-data-type=\"image\"\/><\/div>\n<div style=\"font-size:14px;text-align:center;color:rgb(34, 34, 34);margin:16px 0px 24px;margin-bottom:24px;margin-top:16px;margin-left:0px;margin-right:0px\" align=\"center\">Pateicoties diviem motoriem un propelleriem, \u0161\u012b t\u0101lvad\u012bbas laiva nodro\u0161ina sp\u0113c\u012bgu un stabilu sniegumu, sasniedzot \u0101trumu l\u012bdz 12 km\/h. T\u0101 ir ide\u0101li piem\u0113rota, lai jebkurai \u016bdens aktivit\u0101tei pievienotu aizraut\u012bbu un jautr\u012bbu.<\/div>\n<\/div>\n<div>\n<div style=\"margin:8px 0px;margin-bottom:8px;margin-top:8px;margin-left:0px;margin-right:0px\"><img decoding=\"async\" style=\"width:100%\" width=\"100%\" src=\"https:\/\/d2qc09rl1gfuof.cloudfront.net\/product\/SSYKCLSCJ30KFZ1PG\/rc-boat-a100-2.3-pt.jpg\" slate-data-type=\"image\"\/><\/div>\n<div style=\"font-size:14px;text-align:center;color:rgb(34, 34, 34);margin:16px 0px 24px;margin-bottom:24px;margin-top:16px;margin-left:0px;margin-right:0px\" align=\"center\">Izgatavota no iztur\u012bga ABS materi\u0101la un piln\u012bb\u0101 \u016bdensnecaurlaid\u012bga, \u0161\u012b t\u0101lvad\u012bbas \u0101trlaiva ir paredz\u0113ta, lai iztur\u0113tu sare\u017e\u0123\u012btus apst\u0101k\u013cus un triecienus. T\u0101 ir uzticama gan pagalm\u0101, gan piedz\u012bvojumiem br\u012bv\u0101 dab\u0101.<\/div>\n<\/div>\n<div>\n<div style=\"margin:8px 0px;margin-bottom:8px;margin-top:8px;margin-left:0px;margin-right:0px\"><img decoding=\"async\" style=\"width:100%\" width=\"100%\" src=\"https:\/\/d2qc09rl1gfuof.cloudfront.net\/product\/SSYKCLSCJ30KFZ1PG\/rc-boat-a100-2.4-pt.jpg\" slate-data-type=\"image\"\/><\/div>\n<div style=\"font-size:14px;text-align:center;color:rgb(34, 34, 34);margin:16px 0px 24px;margin-bottom:24px;margin-top:16px;margin-left:0px;margin-right:0px\" align=\"center\">T\u0101lvad\u012bbas laiva ir apr\u012bkota ar 2.4G tehnolo\u0123iju, kas nodro\u0161ina vienm\u0113r\u012bgu vad\u012bbu l\u012bdz pat 50 m att\u0101lum\u0101. T\u0101 ir lieliski piem\u0113rota vair\u0101k\u0101m laivu sac\u012bkst\u0113m un ietver att\u0101luma br\u012bdin\u0101jumu, lai laiva b\u016btu dro\u0161i sasniedzam\u0101 att\u0101lum\u0101.<\/div>\n<\/div>\n<div>\n<div style=\"margin:8px 0px;margin-bottom:8px;margin-top:8px;margin-left:0px;margin-right:0px\"><img decoding=\"async\" style=\"width:100%\" width=\"100%\" src=\"https:\/\/d2qc09rl1gfuof.cloudfront.net\/product\/SSYKCLSCJ30KFZ1PG\/rc-boat-a100-2.5-pt.jpg\" slate-data-type=\"image\"\/><\/div>\n<div style=\"font-size:14px;text-align:center;color:rgb(34, 34, 34);margin:16px 0px 24px;margin-bottom:24px;margin-top:16px;margin-left:0px;margin-right:0px\" align=\"center\">Ar USB uzl\u0101di un divu akumulatoru sist\u0113mu \u0161\u012b t\u0101lvad\u012bbas laiva nodro\u0161ina vair\u0101k nek\u0101 90 min\u016b\u0161u atska\u0146o\u0161anas laiku. Pa\u0146emiet l\u012bdzi \u0101r\u0113jo akumulatoru nebeidzam\u0101m izklaid\u0113m piedz\u012bvojumu laik\u0101 br\u012bv\u0101 dab\u0101.<\/div>\n<\/div>\n<div style=\"margin:16px 0px 24px;margin-bottom:24px;margin-top:16px;margin-left:0px;margin-right:0px\"><\/div>\n<div style=\"margin:24px 0px;margin-bottom:24px;margin-top:24px;margin-left:0px;margin-right:0px\">\n<div style=\"font-size:16px;font-weight:bold;color:rgb(34, 34, 34);margin:24px 0px 16px;margin-bottom:16px;margin-top:24px;margin-left:0px;margin-right:0px\">Funkcijas un inform\u0101cija<\/div>\n<ul style=\"margin:16px 0px 24px;margin-bottom:24px;margin-top:16px;margin-left:0px;margin-right:0px\">\n<li style=\"font-size:14px;color:rgb(34, 34, 34)\">\n<p>\u017dilbino\u0161a t\u0101lvad\u012bbas laiva: Izbaudiet nakts bur\u0101\u0161anas priekus ar \u0161o eleganto, stil\u012bgo t\u0101lvad\u012bbas laivu! T\u0101 ir piln\u012bb\u0101 \u016bdensiztur\u012bga un iztur\u012bga, t\u0101p\u0113c t\u0101 ir ide\u0101li piem\u0113rota dro\u0161iem vasaras piedz\u012bvojumiem. \u012apa\u0161\u0101 autom\u0101tisk\u0101s izsl\u0113g\u0161an\u0101s funkcija, kad laiva atrodas \u0101rpus \u016bdens, nodro\u0161ina lietu dro\u0161\u012bbu. \u013baujiet saviem b\u0113rniem baud\u012bt aizraujo\u0161as \u016bdens sp\u0113les visu nakti!<\/p>\n<\/li>\n<li style=\"font-size:14px;color:rgb(34, 34, 34)\">\n<p>\u0100tra jautr\u012bba: \u0161\u012b t\u0101lvad\u012bbas laiva traucas pa \u016bdeni ar \u0101trumu l\u012bdz 12 km\/h, pateicoties t\u0101s diviem motoriem un propelleriem. Neatkar\u012bgi no t\u0101, vai piedal\u0101ties sac\u012bkst\u0113s vai izp\u0113t\u0101t apk\u0101rtni, t\u0101 ir stabila un jaud\u012bga, pie\u0161\u0137irot aizraujo\u0161u saj\u016btu katram \u016bdens piedz\u012bvojumam.<\/p>\n<\/li>\n<li style=\"font-size:14px;color:rgb(34, 34, 34)\">\n<p>Daudzpus\u012bga bur\u0101\u0161ana: No pagalma baseiniem l\u012bdz ros\u012bgiem akvaparkiem un gleznainiem ezeriem \u2014 \u0161\u012b t\u0101lvad\u012bbas laiva ir gatava jebkurai videi. T\u0101s \u016bdensiztur\u012bgais un triecieniztur\u012bgais dizains nodro\u0161ina bezr\u016bp\u012bgu izklaidi neatkar\u012bgi no t\u0101, kur j\u016bs bur\u0101jaties.<\/p>\n<\/li>\n<li style=\"font-size:14px;color:rgb(34, 34, 34)\">\n<p>Vad\u012bba lielos att\u0101lumos: Pateicoties 2.4G tehnolo\u0123ijai, t\u0101lvad\u012bbas \u0101trlaivu var vad\u012bt l\u012bdz pat 50 m att\u0101lum\u0101. T\u0101 labi tiek gal\u0101 ar trauc\u0113jumiem un \u013cauj piedal\u012bties vair\u0101k\u0101s laivu sac\u012bkst\u0113s. Turkl\u0101t t\u0101lvad\u012bbas pultij ir darb\u012bbas r\u0101diusa br\u012bdin\u0101jums, kas inform\u0113, ja laiva iziet \u0101rpus darb\u012bbas r\u0101diusa, t\u0101d\u0113j\u0101di nodro\u0161inot dro\u0161u sp\u0113les laiku.<\/p>\n<\/li>\n<li style=\"font-size:14px;color:rgb(34, 34, 34)\">\n<p>Vienk\u0101r\u0161a uzl\u0101de un ilgs sp\u0113les laiks: Ar USB uzl\u0101di un 1200 mAh divu akumulatoru sist\u0113mu \u0161\u012b b\u0113rnu t\u0101lvad\u012bbas laiva nodro\u0161ina l\u012bdz pat 90 min\u016b\u0161u sp\u0113les laiku. Lieliski piem\u0113rota izklaidei br\u012bv\u0101 dab\u0101 \u2014 vienk\u0101r\u0161i pa\u0146emiet l\u012bdzi l\u0101d\u0113t\u0101ju, lai piedz\u012bvojums turpin\u0101tos visu dienu!<\/p>\n<\/li>\n<\/ul>\n<\/div>\n<div>\n<div>\n<div style=\"margin:16px 0px 24px;margin-bottom:24px;margin-top:16px;margin-left:0px;margin-right:0px\"><img decoding=\"async\" style=\"width:100%\" width=\"100%\" src=\"https:\/\/d2qc09rl1gfuof.cloudfront.net\/product\/SSYKCLSCJ30KFZ1PG\/rc-boat-a100-1.11-pt.jpg\" slate-data-type=\"image\"\/><\/div>\n<\/div>\n<\/div>\n<\/div>\n<div><\/div>\n<\/div>\n<\/div>\n<p><\/p>","protected":false},"excerpt":{"rendered":"<p>Hign-concerned Chemical:&nbsp;None Is Electric:&nbsp;lithium battery Barcode:&nbsp;No Power Source:&nbsp;Electric Model Number:&nbsp;HJ819 Max Speed:&nbsp;12 km\/h State of Assembly:&nbsp;Unassembled Kit Remote Control:&nbsp;Yes Material:&nbsp;Plastic Recommend Age:&nbsp;6-12Y Origin:&nbsp;Mainland China Design:&nbsp;Speedboat Type:&nbsp;Boat &amp; Ship Features:&nbsp;REMOTE CONTROL<\/p>","protected":false},"featured_media":25275,"comment_status":"open","ping_status":"closed","template":"","meta":{"_acf_changed":false},"product_brand":[],"product_cat":[519],"product_tag":[],"class_list":{"0":"post-25274","1":"product","2":"type-product","3":"status-publish","4":"has-post-thumbnail","6":"product_cat-rc-cars","8":"first","9":"instock","10":"shipping-taxable","11":"purchasable","12":"product-type-variable"},"acf":[],"_links":{"self":[{"href":"https:\/\/www.electricstore.eu\/lv\/wp-json\/wp\/v2\/product\/25274","targetHints":{"allow":["GET"]}}],"collection":[{"href":"https:\/\/www.electricstore.eu\/lv\/wp-json\/wp\/v2\/product"}],"about":[{"href":"https:\/\/www.electricstore.eu\/lv\/wp-json\/wp\/v2\/types\/product"}],"replies":[{"embeddable":true,"href":"https:\/\/www.electricstore.eu\/lv\/wp-json\/wp\/v2\/comments?post=25274"}],"wp:featuredmedia":[{"embeddable":true,"href":"https:\/\/www.electricstore.eu\/lv\/wp-json\/wp\/v2\/media\/25275"}],"wp:attachment":[{"href":"https:\/\/www.electricstore.eu\/lv\/wp-json\/wp\/v2\/media?parent=25274"}],"wp:term":[{"taxonomy":"product_brand","embeddable":true,"href":"https:\/\/www.electricstore.eu\/lv\/wp-json\/wp\/v2\/product_brand?post=25274"},{"taxonomy":"product_cat","embeddable":true,"href":"https:\/\/www.electricstore.eu\/lv\/wp-json\/wp\/v2\/product_cat?post=25274"},{"taxonomy":"product_tag","embeddable":true,"href":"https:\/\/www.electricstore.eu\/lv\/wp-json\/wp\/v2\/product_tag?post=25274"}],"curies":[{"name":"wp","href":"https:\/\/api.w.org\/{rel}","templated":true}]}}