{"id":25039,"date":"2025-05-20T18:44:05","date_gmt":"2025-05-20T18:44:05","guid":{"rendered":"https:\/\/electricstore.eu\/p\/uncategorized\/vevor-come-along-winch-2-4-5-ton-pulling-capacity-heavy-duty-ratchet-automotive-hoist-power-cable-puller-for-vehicle-rescue\/"},"modified":"2025-05-20T18:48:06","modified_gmt":"2025-05-20T18:48:06","slug":"vevor-come-along-winch-2-4-5-ton-pulling-capacity-heavy-duty-ratchet-automotive-hoist-power-cable-puller-for-vehicle-rescue","status":"publish","type":"product","link":"https:\/\/www.electricstore.eu\/lv\/p\/o\/electric-lifting-hoists\/vevor-come-along-winch-2-4-5-ton-pulling-capacity-heavy-duty-ratchet-automotive-hoist-power-cable-puller-for-vehicle-rescue\/","title":{"rendered":"VEVOR Come Along vin\u010da 2\/4\/5 tonnu vilk\u0161anas jauda Lieljaudas spr\u016bdrata automobi\u013cu pac\u0113l\u0101ja str\u0101vas kabe\u013cu novilc\u0113js transportl\u012bdzek\u013cu gl\u0101b\u0161anai"},"content":{"rendered":"<div class=\"product-specs-list-container\">\n<ul class=\"product-specs-list util-clearfix\">\n<li class=\"product-prop line-limit-length\"><span\n                                        class=\"property-title\">Augstas ba\u017eas izraiso\u0161a \u0137\u012bmiska viela:&nbsp;<\/span><span\n                                        class=\"property-desc line-limit-length\">Neviens<\/span>\n                            <\/li>\n<li class=\"product-prop line-limit-length\"><span\n                                        class=\"property-title\">Izcelsme:&nbsp;<\/span><span\n                                        class=\"property-desc line-limit-length\">Kontinent\u0101l\u0101 \u0136\u012bna<\/span>\n                            <\/li>\n<li class=\"product-prop line-limit-length\"><span\n                                        class=\"property-title\">Z\u012bmola nosaukums:&nbsp;<\/span><span\n                                        class=\"property-desc line-limit-length\">VEVOR<\/span>\n                            <\/li>\n<li class=\"product-prop line-limit-length\"><span\n                                        class=\"property-title\">Z\u012bmols:&nbsp;<\/span><span\n                                        class=\"property-desc line-limit-length\">VEVOR<\/span>\n                            <\/li>\n<li class=\"product-prop line-limit-length\"><span\n                                        class=\"property-title\">Maksim\u0101l\u0101 slodzes iztur\u012bba:&nbsp;<\/span><span\n                                        class=\"property-desc line-limit-length\">2\/4\/5T<\/span>\n                            <\/li>\n<li class=\"product-prop line-limit-length\"><span\n                                        class=\"property-title\">1.\u00a0funkcija:&nbsp;<\/span><span\n                                        class=\"property-desc line-limit-length\">Ar 2 \u0101\u0137iem<\/span>\n                            <\/li>\n<li class=\"product-prop line-limit-length\"><span\n                                        class=\"property-title\">2.\u00a0funkcija:&nbsp;<\/span><span\n                                        class=\"property-desc line-limit-length\">N\u0101c l\u012bdzi vin\u010dai<\/span>\n                            <\/li>\n<li class=\"product-prop line-limit-length\"><span\n                                        class=\"property-title\">3.\u00a0funkcija:&nbsp;<\/span><span\n                                        class=\"property-desc line-limit-length\">Spr\u016bdrata automobi\u013cu pac\u0113l\u0101ja str\u0101vas kabe\u013cu novilc\u0113js<\/span>\n                            <\/li>\n<li class=\"product-prop line-limit-length\"><span\n                                        class=\"property-title\">4.\u00a0funkcija:&nbsp;<\/span><span\n                                        class=\"property-desc line-limit-length\">transportl\u012bdzek\u013cu gl\u0101b\u0161anai<\/span>\n                            <\/li>\n<\/ul><\/div>\n<div class=\"detailmodule_html\">\n<div class=\"detail-desc-decorate-richtext\">\n<div class=\"detailmodule_dynamic\"><kse:widget data-widget-type=\"customText\" id=\"1005000000572806\" type=\"relation\"><\/kse:widget><\/div>\n<div style=\"font-family:&quot;Open sans&quot;, Arial, Helvetica, sans-serif\">\n<div><img decoding=\"async\" style=\"width:100%\" width=\"100%\" src=\"https:\/\/d2qc09rl1gfuof.cloudfront.net\/vevor\/boutique-banner\/pc\/banner-en.jpg\" slate-data-type=\"image\"\/><\/div>\n<div>\n<div><\/div>\n<p style=\"text-align:center\" align=\"center\"><span style=\"color:rgb(15, 17, 17);font-size:26px;font-family:Arial\">J\u016bsu lab\u0101kais risin\u0101jums evaku\u0101cijas un p\u0101rvad\u0101\u0161anas darbiem<\/span><\/p>\n<div><img decoding=\"async\" style=\"width:100%\" width=\"100%\" src=\"https:\/\/d2qc09rl1gfuof.cloudfront.net\/product\/GSSJXQ2T13YCZS88W\/power-puller-a100-1.4.jpg\" slate-data-type=\"image\"\/><\/div>\n<div style=\"font-size:14px;text-align:center;color:rgb(34, 34, 34);margin:16px 0px 24px;margin-bottom:24px;margin-top:16px;margin-left:0px;margin-right:0px\" align=\"center\"><span style=\"color:rgb(15, 17, 17);font-size:20px;font-family:Arial\">Vai nepiecie\u0161ama nopietna vilk\u0161anas jauda? VEVOR vilc\u0113jsp\u0113ks to nodro\u0161in\u0101s. Pateicoties t\u0101 iztur\u012bgajai, viengabalainajai konstrukcijai, tas bez piep\u016bles sl\u012bd, lai nostiprin\u0101tu visu, ko p\u0101rvietojat. Ide\u0101li piem\u0113rots transportl\u012bdzek\u013cu gl\u0101b\u0161anai, materi\u0101lu p\u0101rvieto\u0161anai, celmu no\u0146em\u0161anai vai m\u0113be\u013cu p\u0101rvieto\u0161anai \u2014 m\u0113s par\u016bp\u0113simies par j\u016bsu steidzamaj\u0101m vajadz\u012bb\u0101m!<\/span><\/div>\n<\/div>\n<div>\n<div style=\"margin:8px 0px;margin-bottom:8px;margin-top:8px;margin-left:0px;margin-right:0px\"><img decoding=\"async\" style=\"width:100%\" width=\"100%\" src=\"https:\/\/d2qc09rl1gfuof.cloudfront.net\/product\/GSSJXQ2T13YCZS88W\/power-puller-a100-2.2.jpg\" slate-data-type=\"image\"\/><\/div>\n<div style=\"font-size:14px;text-align:center;color:rgb(34, 34, 34);margin:16px 0px 24px;margin-bottom:24px;margin-top:16px;margin-left:0px;margin-right:0px\" align=\"center\"><span style=\"color:rgb(15, 17, 17);font-size:20px;font-family:Arial\">\u0160is spr\u016bdrata sp\u0113ka vilc\u0113js ir apr\u012bkots ar r\u016bpnieciskas kvalit\u0101tes oglek\u013ca t\u0113rauda trosi. Tas ir paredz\u0113ts uzlabotai iztur\u012bbai un nodilumiztur\u012bbai, kas noz\u012bm\u0113, ka j\u016bs var\u0113siet vilkt un vilkt v\u0113l gadiem ilgi.<\/span><\/div>\n<\/div>\n<div>\n<div style=\"margin:8px 0px;margin-bottom:8px;margin-top:8px;margin-left:0px;margin-right:0px\"><img decoding=\"async\" style=\"width:100%\" width=\"100%\" src=\"https:\/\/d2qc09rl1gfuof.cloudfront.net\/product\/GSSJXQ2T13YCZS88W\/power-puller-a100-2.3.jpg\" slate-data-type=\"image\"\/><\/div>\n<\/div>\n<div>\n<div style=\"text-align:center;margin:8px 0px;margin-bottom:8px;margin-top:8px;margin-left:0px;margin-right:0px\" align=\"center\"><span style=\"color:rgb(15, 17, 17);font-size:20px;font-family:Arial\">Atvadieties no tradicion\u0101lajiem sakrautajiem zobratiem, kas iespr\u016bst un r\u016bs\u0113. M\u016bsu komplekt\u0101 iek\u013caut\u0101 izvilc\u0113ja viengabalain\u0101 divu zobratu konstrukcija nodro\u0161ina vienm\u0113r\u012bgu troses atbr\u012bvo\u0161anu un ilgsto\u0161u iztur\u012bbu. L\u016bk, ko m\u0113s saucam par efektivit\u0101ti!<\/span><\/div>\n<div style=\"margin:8px 0px;margin-bottom:8px;margin-top:8px;margin-left:0px;margin-right:0px\"><img decoding=\"async\" style=\"width:100%\" width=\"100%\" src=\"https:\/\/d2qc09rl1gfuof.cloudfront.net\/product\/GSSJXQ2T13YCZS88W\/power-puller-a100-2.4.jpg\" slate-data-type=\"image\"\/><\/div>\n<\/div>\n<div>\n<div style=\"text-align:center;margin:8px 0px;margin-bottom:8px;margin-top:8px;margin-left:0px;margin-right:0px\" align=\"center\"><span style=\"color:rgb(15, 17, 17);font-size:20px;font-family:Arial\">\u0160is spr\u016bdrata sp\u0113ka vilk\u0161anas instruments, kas sast\u0101v no iztur\u012bg\u0101m, lieljaudas deta\u013c\u0101m, nodro\u0161ina dro\u0161\u0101ku un ilgsto\u0161\u0101ku risin\u0101jumu vis\u0101m j\u016bsu vilk\u0161anas un transport\u0113\u0161anas vajadz\u012bb\u0101m.<\/span><\/div>\n<div style=\"margin:8px 0px;margin-bottom:8px;margin-top:8px;margin-left:0px;margin-right:0px\"><img decoding=\"async\" style=\"width:100%\" width=\"100%\" src=\"https:\/\/d2qc09rl1gfuof.cloudfront.net\/product\/GSSJXQ2T13YCZS88W\/power-puller-a100-2.5.jpg\" slate-data-type=\"image\"\/><\/div>\n<\/div>\n<div style=\"margin:24px 0px;margin-bottom:24px;margin-top:24px;margin-left:0px;margin-right:0px\">\n<div style=\"font-size:16px;font-weight:bold;text-align:center;color:rgb(34, 34, 34);margin:24px 0px 16px;margin-bottom:16px;margin-top:24px;margin-left:0px;margin-right:0px\" align=\"center\"><span style=\"color:rgb(15, 17, 17);font-size:20px;font-family:Arial\">K\u0101p\u0113c gan moc\u012bties, ja var sl\u012bd\u0113t? M\u016bsu rokas vin\u010das pagarin\u0101tais rokturis \u013cauj pievilkt virvi ar minim\u0101lu piep\u016bli \u2014 visu ar vienu roku! Nesl\u012bdo\u0161ais rokturis nodro\u0161ina, ka j\u016bs tiekat gal\u0101 ar uzdevumu, nevis klunkurojat.<\/span><\/div>\n<div style=\"font-size:16px;font-weight:bold;color:rgb(34, 34, 34);margin:24px 0px 16px;margin-bottom:16px;margin-top:24px;margin-left:0px;margin-right:0px\">Funkcijas un inform\u0101cija<\/div>\n<ul style=\"margin:16px 0px 24px;margin-bottom:24px;margin-top:16px;margin-left:0px;margin-right:0px\">\n<li style=\"font-size:14px;color:rgb(34, 34, 34)\">\n<p>2 tonnu celtsp\u0113ja: Vai esat gatavs veikt smagus uzdevumus? Izbaudiet dro\u0161u un jaud\u012bgu vilk\u0161anas darb\u012bbu ar m\u016bsu 4409 m\u0101rci\u0146u\/2 tonnu celtsp\u0113jas jaudas vilk\u0161anas ier\u012bci. \u0160is instruments ir lieliski piem\u0113rots jebkam, s\u0101kot no transportl\u012bdzek\u013cu gl\u0101b\u0161anas l\u012bdz m\u0113be\u013cu p\u0101rvieto\u0161anai, un tas ir daudzfunkcion\u0101la cilv\u0113ka sapnis!<\/p>\n<\/li>\n<li style=\"font-size:14px;color:rgb(34, 34, 34)\">\n<p>12 p\u0113du t\u0113rauda trose: M\u016bsu spr\u016bdrata vilc\u0113ja trose ir izgatavota no augst\u0101k\u0101s kvalit\u0101tes t\u0113rauda un sav\u012bta vair\u0101k\u0101s dz\u012bsl\u0101s, lai nodro\u0161in\u0101tu augstu iztur\u012bbu un ilgm\u016b\u017e\u012bbu. T\u0101 ne tikai var iztur\u0113t nopietnu vilk\u0161anu un vilk\u0161anu, bet ar\u012b neatsl\u0101bin\u0101s, nesav\u0113rpsies un nesapin\u0101s, padarot j\u016bsu dz\u012bvi daudz viegl\u0101ku!<\/p>\n<\/li>\n<li style=\"font-size:14px;color:rgb(34, 34, 34)\">\n<p>Integr\u0113ta divu p\u0101rnesumu konstrukcija: Vienm\u0113r\u012bga un bez iestr\u0113gumiem darb\u012bba? Protams! M\u016bsu tro\u0161u vin\u010das vilc\u0113js ir apr\u012bkots ar unik\u0101lu, vienlaidus divu p\u0101rnesumu konstrukciju. Atvadieties no kaitino\u0161ajiem iestr\u0113gumiem un r\u016bsas, kas rodas, lietojot tradicion\u0101l\u0101s p\u0101rnesumu sist\u0113mas.<\/p>\n<\/li>\n<li style=\"font-size:14px;color:rgb(34, 34, 34)\">\n<p>Vairs nek\u0101du tro\u0161u sl\u012bd\u0113\u0161anu: M\u016bsu l\u012bdzi \u0146emam\u0101 izvilc\u0113ja atpaka\u013cgaitas pretmeh\u0101nisms nodro\u0161ina, ka j\u016bsu darbi norit\u0113s k\u0101 pl\u0101nots, bez atpaka\u013cgaitas vai tro\u0161u va\u013c\u012bguma. Un tie ieb\u016bv\u0113tie atsperes aizb\u012bd\u0146i uz \u0101\u0137iem? Tie ir k\u0101 \u0137irs\u012btis uz galvas, kas nodro\u0161ina, ka viss, ko velkat, paliek sav\u0101 viet\u0101.<\/p>\n<\/li>\n<li style=\"font-size:14px;color:rgb(34, 34, 34)\">\n<p>Vienas rokas br\u012bnums: Apnicis \u0137\u0113p\u0101ties ar sare\u017e\u0123\u012btiem meh\u0101nismiem? M\u016bsu spr\u016bdrata vilc\u0113jinstrumentam ir pagarin\u0101ts rokturis, lai vilk\u0161ana b\u016btu pavisam vienk\u0101r\u0161a \u2014 tikai \u0101tra kust\u012bba uz priek\u0161u un atpaka\u013c ar vienu roku, un viss! Turkl\u0101t m\u016bsu rokturis ir gumijots j\u016bsu \u0113rt\u012bb\u0101m un dro\u0161\u012bbai.<\/p>\n<\/li>\n<\/ul>\n<\/div>\n<div>\n<div>\n<div style=\"margin:16px 0px 24px;margin-bottom:24px;margin-top:16px;margin-left:0px;margin-right:0px\"><strong>2T<\/strong><\/div>\n<div style=\"margin:16px 0px 24px;margin-bottom:24px;margin-top:16px;margin-left:0px;margin-right:0px\"><img decoding=\"async\" style=\"width:100%\" width=\"100%\" src=\"https:\/\/d2qc09rl1gfuof.cloudfront.net\/product\/GSSJXQ2T13YCZS88W\/power-puller-a100-1.11.jpg\" slate-data-type=\"image\"\/><\/div>\n<\/div>\n<\/div>\n<div>\n<div>\n<div style=\"margin:16px 0px 24px;margin-bottom:24px;margin-top:16px;margin-left:0px;margin-right:0px\"><strong>5T<\/strong><\/div>\n<div style=\"margin:16px 0px 24px;margin-bottom:24px;margin-top:16px;margin-left:0px;margin-right:0px\"><img decoding=\"async\" style=\"width:100%\" width=\"100%\" src=\"https:\/\/d2qc09rl1gfuof.cloudfront.net\/product\/GSSJXQ5T13YC77Z63\/power-puller-a100-1.11.jpg\" slate-data-type=\"image\"\/><\/div>\n<\/div>\n<\/div>\n<div>\n<div>\n<div style=\"margin:16px 0px 24px;margin-bottom:24px;margin-top:16px;margin-left:0px;margin-right:0px\"><strong>4T<\/strong><\/div>\n<div style=\"margin:16px 0px 24px;margin-bottom:24px;margin-top:16px;margin-left:0px;margin-right:0px\"><img decoding=\"async\" style=\"width:100%\" width=\"100%\" src=\"https:\/\/d2qc09rl1gfuof.cloudfront.net\/product\/GSSJXQ4T13YCXN5I5\/power-puller-a100-1.11.jpg\" slate-data-type=\"image\"\/><\/div>\n<\/div>\n<\/div>\n<\/div>\n<div class=\"detailmodule_dynamic\"><kse:widget data-widget-type=\"customText\" id=\"1005000000397265\" type=\"custom\"><\/kse:widget><\/div>\n<p><\/p>\n<\/div>\n<\/div>\n<p><\/p>","protected":false},"excerpt":{"rendered":"<p>Hign-concerned Chemical:&nbsp;None Origin:&nbsp;Mainland China Brand Name:&nbsp;VEVOR Brand:&nbsp;VEVOR Max Load Capacity:&nbsp;2\/4\/5T Feature 1:&nbsp;With 2 Hooks Feature 2:&nbsp;Come Along Winch Feature 3:&nbsp;Ratchet Automotive Hoist Power Cable Puller Feature 4:&nbsp;for Vehicle Rescue Your<\/p>","protected":false},"featured_media":25040,"comment_status":"open","ping_status":"closed","template":"","meta":{"_acf_changed":false},"product_brand":[],"product_cat":[517],"product_tag":[],"class_list":{"0":"post-25039","1":"product","2":"type-product","3":"status-publish","4":"has-post-thumbnail","6":"product_cat-electric-lifting-hoists","8":"first","9":"instock","10":"shipping-taxable","11":"purchasable","12":"product-type-variable"},"acf":[],"_links":{"self":[{"href":"https:\/\/www.electricstore.eu\/lv\/wp-json\/wp\/v2\/product\/25039","targetHints":{"allow":["GET"]}}],"collection":[{"href":"https:\/\/www.electricstore.eu\/lv\/wp-json\/wp\/v2\/product"}],"about":[{"href":"https:\/\/www.electricstore.eu\/lv\/wp-json\/wp\/v2\/types\/product"}],"replies":[{"embeddable":true,"href":"https:\/\/www.electricstore.eu\/lv\/wp-json\/wp\/v2\/comments?post=25039"}],"wp:featuredmedia":[{"embeddable":true,"href":"https:\/\/www.electricstore.eu\/lv\/wp-json\/wp\/v2\/media\/25040"}],"wp:attachment":[{"href":"https:\/\/www.electricstore.eu\/lv\/wp-json\/wp\/v2\/media?parent=25039"}],"wp:term":[{"taxonomy":"product_brand","embeddable":true,"href":"https:\/\/www.electricstore.eu\/lv\/wp-json\/wp\/v2\/product_brand?post=25039"},{"taxonomy":"product_cat","embeddable":true,"href":"https:\/\/www.electricstore.eu\/lv\/wp-json\/wp\/v2\/product_cat?post=25039"},{"taxonomy":"product_tag","embeddable":true,"href":"https:\/\/www.electricstore.eu\/lv\/wp-json\/wp\/v2\/product_tag?post=25039"}],"curies":[{"name":"wp","href":"https:\/\/api.w.org\/{rel}","templated":true}]}}