{"id":25022,"date":"2025-05-20T18:43:58","date_gmt":"2025-05-20T18:43:58","guid":{"rendered":"https:\/\/electricstore.eu\/p\/uncategorized\/vevor-motorcycle-lift-500kg-motorcycle-scissor-lift-jack-with-saddle-safety-pin-steel-motorcycle-jack-hoist-stand-for-motorbike\/"},"modified":"2025-05-20T18:47:33","modified_gmt":"2025-05-20T18:47:33","slug":"vevor-motorcycle-lift-500kg-motorcycle-scissor-lift-jack-with-saddle-safety-pin-steel-motorcycle-jack-hoist-stand-for-motorbike","status":"publish","type":"product","link":"https:\/\/electricstore.eu\/lv\/p\/a\/vevor-motorcycle-lift-500kg-motorcycle-scissor-lift-jack-with-saddle-safety-pin-steel-motorcycle-jack-hoist-stand-for-motorbike\/","title":{"rendered":"VEVOR motociklu pac\u0113l\u0101js 500 kg motociklu \u0161\u0137\u0113rveida pac\u0113l\u0101js ar seglu un dro\u0161\u012bbas tapu, t\u0113rauda motociklu domkrata stat\u012bvs motocikliem"},"content":{"rendered":"<div class=\"product-specs-list-container\">\n<ul class=\"product-specs-list util-clearfix\">\n<li class=\"product-prop line-limit-length\"><span\n                                        class=\"property-title\">Augstas ba\u017eas izraiso\u0161a \u0137\u012bmiska viela:&nbsp;<\/span><span\n                                        class=\"property-desc line-limit-length\">Neviens<\/span>\n                            <\/li>\n<li class=\"product-prop line-limit-length\"><span\n                                        class=\"property-title\">Izcelsme:&nbsp;<\/span><span\n                                        class=\"property-desc line-limit-length\">Kontinent\u0101l\u0101 \u0136\u012bna<\/span>\n                            <\/li>\n<\/ul><\/div>\n<div class=\"detailmodule_html\">\n<div class=\"detail-desc-decorate-richtext\">\n<div style=\"font-family:&quot;Open sans&quot;, Arial, Helvetica, sans-serif\">\n<div><img decoding=\"async\" style=\"width:100%\" width=\"100%\" src=\"https:\/\/d2qc09rl1gfuof.cloudfront.net\/vevor\/boutique-banner\/pc\/banner-en.jpg\" slate-data-type=\"image\"\/><\/div>\n<div>\n<div style=\"font-size:16px;font-weight:bold;text-align:center;color:rgb(34, 34, 34);margin:24px 0px;margin-bottom:24px;margin-top:24px;margin-left:0px;margin-right:0px\" align=\"center\"><\/div>\n<div><img decoding=\"async\" style=\"width:100%\" width=\"100%\" src=\"https:\/\/d2qc09rl1gfuof.cloudfront.net\/product\/MTCSJJCSB1100PWQ4\/motorcycle-lift-a100-1.4.jpg\" slate-data-type=\"image\"\/><\/div>\n<div style=\"font-size:14px;text-align:center;color:rgb(34, 34, 34);margin:16px 0px 24px;margin-bottom:24px;margin-top:16px;margin-left:0px;margin-right:0px\" align=\"center\"><\/div>\n<\/div>\n<div>\n<div style=\"margin:8px 0px;margin-bottom:8px;margin-top:8px;margin-left:0px;margin-right:0px\"><img decoding=\"async\" style=\"width:100%\" width=\"100%\" src=\"https:\/\/d2qc09rl1gfuof.cloudfront.net\/product\/MTCSJJCSB1100PWQ4\/motorcycle-lift-a100-1.12.jpg\" slate-data-type=\"image\"\/><\/div>\n<\/div>\n<div>\n<div style=\"margin:8px 0px;margin-bottom:8px;margin-top:8px;margin-left:0px;margin-right:0px\"><img decoding=\"async\" style=\"width:100%\" width=\"100%\" src=\"https:\/\/d2qc09rl1gfuof.cloudfront.net\/product\/MTCSJJCSB1100PWQ4\/motorcycle-lift-a100-1.13.jpg\" slate-data-type=\"image\"\/><\/div>\n<\/div>\n<div>\n<div style=\"margin:8px 0px;margin-bottom:8px;margin-top:8px;margin-left:0px;margin-right:0px\"><img decoding=\"async\" style=\"width:100%\" width=\"100%\" src=\"https:\/\/d2qc09rl1gfuof.cloudfront.net\/product\/MTCSJJCSB1100PWQ4\/motorcycle-lift-a100-1.16.jpg\" slate-data-type=\"image\"\/><\/div>\n<\/div>\n<div>\n<div style=\"margin:8px 0px;margin-bottom:8px;margin-top:8px;margin-left:0px;margin-right:0px\"><img decoding=\"async\" style=\"width:100%\" width=\"100%\" src=\"https:\/\/d2qc09rl1gfuof.cloudfront.net\/product\/MTCSJJCSB1100PWQ4\/motorcycle-lift-a100-1.17.jpg\" slate-data-type=\"image\"\/><\/div>\n<\/div>\n<div>\n<div style=\"margin:8px 0px;margin-bottom:8px;margin-top:8px;margin-left:0px;margin-right:0px\"><img decoding=\"async\" style=\"width:100%\" width=\"100%\" src=\"https:\/\/d2qc09rl1gfuof.cloudfront.net\/product\/MTCSJJCSB1100PWQ4\/motorcycle-lift-a100-1.18.jpg\" slate-data-type=\"image\"\/><\/div>\n<\/div>\n<div>\n<div style=\"margin:8px 0px;margin-bottom:8px;margin-top:8px;margin-left:0px;margin-right:0px\"><img decoding=\"async\" style=\"width:100%\" width=\"100%\" src=\"https:\/\/d2qc09rl1gfuof.cloudfront.net\/product\/MTCSJJCSB1100PWQ4\/motorcycle-lift-a100-1.20.jpg\" slate-data-type=\"image\"\/><\/div>\n<\/div>\n<div style=\"margin:16px 0px 24px;margin-bottom:24px;margin-top:16px;margin-left:0px;margin-right:0px\"><\/div>\n<div style=\"margin:24px 0px;margin-bottom:24px;margin-top:24px;margin-left:0px;margin-right:0px\">\n<div style=\"font-size:16px;font-weight:bold;color:rgb(34, 34, 34);margin:24px 0px 16px;margin-bottom:16px;margin-top:24px;margin-left:0px;margin-right:0px\">Funkcijas un inform\u0101cija<\/div>\n<ul style=\"margin:16px 0px 24px;margin-bottom:24px;margin-top:16px;margin-left:0px;margin-right:0px\">\n<li style=\"font-size:14px;color:rgb(34, 34, 34)\">\n<p>Liela celtsp\u0113ja: Kad nepiecie\u0161ams pacelt motociklu apkopes un t\u012br\u012b\u0161anas nol\u016bkos, varat sadarboties ar VEVOR motociklu \u0161\u0137\u0113rveida pac\u0113l\u0101ju. P\u0113c celtsp\u0113jas testiem motocikla pac\u0113l\u0101js var dro\u0161i notur\u0113t l\u012bdz 1100 m\u0101rci\u0146\u0101m\/0,5 tonn\u0101m. Motocikla centra domkrats ir lielisks pal\u012bgs j\u016bsu gar\u0101\u017e\u0101, lai paceltu ielu motociklus, kru\u012bzerus un piedz\u012bvojumu t\u016brisma motociklus.<\/p>\n<\/li>\n<li style=\"font-size:14px;color:rgb(34, 34, 34)\">\n<p>Viegli lietojams: Paceliet motociklu bez papildu instrumentiem, bez sviedriem. Pietiek tikai pagriezt no\u0146emamo met\u0101la rokturi, lai bez piep\u016bles paceltu domkratu. Regul\u0113jiet augstumu no 95 mm l\u012bdz 400 mm, lai atvieglotu motocikla remontu un apkopi.<\/p>\n<\/li>\n<li style=\"font-size:14px;color:rgb(34, 34, 34)\">\n<p>Dro\u0161\u012bba pirmaj\u0101 viet\u0101: T\u0113rauda X-veida r\u0101mja centr\u0101l\u0101 v\u0101rpsta notur j\u016bsu motociklu da\u017e\u0101d\u0101s poz\u012bcij\u0101s. 6 poz\u012bciju dro\u0161\u012bbas tapa nodro\u0161ina dro\u0161u pacel\u0161anu, samazinot kritienu risku un pasarg\u0101jot j\u016bs un j\u016bsu motociklu.<\/p>\n<\/li>\n<li style=\"font-size:14px;color:rgb(34, 34, 34)\">\n<p>Nesl\u012bdo\u0161i s\u0113dek\u013ci: Jums nepat\u012bk, ka motocikls pacel\u0161anas laik\u0101 krat\u0101s un sl\u012bd uz maz\u0101s platformas, vai ne? Motocikla pac\u0113l\u0101ja aug\u0161da\u013ca ir apr\u012bkota ar diviem izliektiem s\u0113dek\u013ciem, un virsma ir p\u0101rkl\u0101ta ar nesl\u012bdo\u0161u gumijas graudu, lai nov\u0113rstu sl\u012bd\u0113\u0161anu un pasarg\u0101tu motocikla apak\u0161u no skr\u0101p\u0113jumiem.<\/p>\n<\/li>\n<li style=\"font-size:14px;color:rgb(34, 34, 34)\">\n<p>Saloc\u012bt un uzglab\u0101t: Salociet motocikla pacel\u0161anas stat\u012bvu 9,4 cm augstum\u0101, lai nodro\u0161in\u0101tu kompaktu uzglab\u0101\u0161anu un transport\u0113\u0161anu. Pulverkr\u0101sot\u0101 apdare ir iztur\u012bga pret e\u013c\u013cu, taukiem un r\u016bsu, padarot motocikla domkratu viegli t\u012br\u0101mu un uzglab\u0101jamu gar\u0101\u017e\u0101 vai remontdarbn\u012bc\u0101. Visas j\u016bsu raizes vienk\u0101r\u0161i pazud\u012bs.<\/p>\n<\/li>\n<\/ul>\n<\/div>\n<div>\n<div>\n<div style=\"margin:16px 0px 24px;margin-bottom:24px;margin-top:16px;margin-left:0px;margin-right:0px\"><img decoding=\"async\" style=\"width:100%\" width=\"100%\" src=\"https:\/\/d2qc09rl1gfuof.cloudfront.net\/product\/MTCSJJCSB1100PWQ4\/motorcycle-lift-a100-1.11.jpg\" slate-data-type=\"image\"\/><\/div>\n<\/div>\n<\/div>\n<\/div>\n<\/div>\n<\/div>\n<p><\/p>","protected":false},"excerpt":{"rendered":"<p>Hign-concerned Chemical:&nbsp;None Origin:&nbsp;Mainland China Features &amp; Details Large Weight-bearing Capacity: When you need to lift your motorcycle for maintenance and cleaning, you can partner with a VEVOR motorcycle scissor lift<\/p>","protected":false},"featured_media":25023,"comment_status":"open","ping_status":"closed","template":"","meta":{"_acf_changed":false},"product_brand":[],"product_cat":[525],"product_tag":[],"class_list":{"0":"post-25022","1":"product","2":"type-product","3":"status-publish","4":"has-post-thumbnail","6":"product_cat-a","8":"first","9":"instock","10":"shipping-taxable","11":"purchasable","12":"product-type-variable"},"acf":[],"_links":{"self":[{"href":"https:\/\/electricstore.eu\/lv\/wp-json\/wp\/v2\/product\/25022","targetHints":{"allow":["GET"]}}],"collection":[{"href":"https:\/\/electricstore.eu\/lv\/wp-json\/wp\/v2\/product"}],"about":[{"href":"https:\/\/electricstore.eu\/lv\/wp-json\/wp\/v2\/types\/product"}],"replies":[{"embeddable":true,"href":"https:\/\/electricstore.eu\/lv\/wp-json\/wp\/v2\/comments?post=25022"}],"wp:featuredmedia":[{"embeddable":true,"href":"https:\/\/electricstore.eu\/lv\/wp-json\/wp\/v2\/media\/25023"}],"wp:attachment":[{"href":"https:\/\/electricstore.eu\/lv\/wp-json\/wp\/v2\/media?parent=25022"}],"wp:term":[{"taxonomy":"product_brand","embeddable":true,"href":"https:\/\/electricstore.eu\/lv\/wp-json\/wp\/v2\/product_brand?post=25022"},{"taxonomy":"product_cat","embeddable":true,"href":"https:\/\/electricstore.eu\/lv\/wp-json\/wp\/v2\/product_cat?post=25022"},{"taxonomy":"product_tag","embeddable":true,"href":"https:\/\/electricstore.eu\/lv\/wp-json\/wp\/v2\/product_tag?post=25022"}],"curies":[{"name":"wp","href":"https:\/\/api.w.org\/{rel}","templated":true}]}}