{"id":25000,"date":"2025-05-20T18:43:51","date_gmt":"2025-05-20T18:43:51","guid":{"rendered":"https:\/\/electricstore.eu\/p\/uncategorized\/vevor-2000lbs-electric-car-winch-atv-utv-steel-cable-winch-with-wired-remote-control-for-towing-off-road-vehicle-jeep-truck\/"},"modified":"2025-05-20T18:47:24","modified_gmt":"2025-05-20T18:47:24","slug":"vevor-2000lbs-electric-car-winch-atv-utv-steel-cable-winch-with-wired-remote-control-for-towing-off-road-vehicle-jeep-truck","status":"publish","type":"product","link":"https:\/\/www.electricstore.eu\/lv\/p\/o\/electric-winches\/vevor-2000lbs-electric-car-winch-atv-utv-steel-cable-winch-with-wired-remote-control-for-towing-off-road-vehicle-jeep-truck\/","title":{"rendered":"VEVOR 2000 m\u0101rci\u0146u elektrisk\u0101s automa\u0161\u012bnas vin\u010da ATV\/UTV t\u0113rauda tro\u0161u vin\u010da ar vadu t\u0101lvad\u012bbas pulti bezce\u013cu transportl\u012bdzek\u013cu d\u017eipu vilk\u0161anai"},"content":{"rendered":"<div class=\"product-specs-list-container\">\n<ul class=\"product-specs-list util-clearfix\">\n<li class=\"product-prop line-limit-length\"><span\n                                        class=\"property-title\">Augstas ba\u017eas izraiso\u0161a \u0137\u012bmiska viela:&nbsp;<\/span><span\n                                        class=\"property-desc line-limit-length\">Neviens<\/span>\n                            <\/li>\n<li class=\"product-prop line-limit-length\"><span\n                                        class=\"property-title\">Izcelsme:&nbsp;<\/span><span\n                                        class=\"property-desc line-limit-length\">Kontinent\u0101l\u0101 \u0136\u012bna<\/span>\n                            <\/li>\n<li class=\"product-prop line-limit-length\"><span\n                                        class=\"property-title\">Z\u012bmola nosaukums:&nbsp;<\/span><span\n                                        class=\"property-desc line-limit-length\">VEVOR<\/span>\n                            <\/li>\n<li class=\"product-prop line-limit-length\"><span\n                                        class=\"property-title\">Tips:&nbsp;<\/span><span\n                                        class=\"property-desc line-limit-length\">Jauda<\/span>\n                            <\/li>\n<li class=\"product-prop line-limit-length\"><span\n                                        class=\"property-title\">Z\u012bmols:&nbsp;<\/span><span\n                                        class=\"property-desc line-limit-length\">VEVOR<\/span>\n                            <\/li>\n<li class=\"product-prop line-limit-length\"><span\n                                        class=\"property-title\">Nomin\u0101l\u0101 l\u012bnijas vilk\u0161anas jauda:&nbsp;<\/span><span\n                                        class=\"property-desc line-limit-length\">2000 lbs\/907 kg<\/span>\n                            <\/li>\n<li class=\"product-prop line-limit-length\"><span\n                                        class=\"property-title\">Kabe\u013ca materi\u0101ls:&nbsp;<\/span><span\n                                        class=\"property-desc line-limit-length\">T\u0113rauds, 7 dz\u012bslas<\/span>\n                            <\/li>\n<li class=\"product-prop line-limit-length\"><span\n                                        class=\"property-title\">Materi\u0101ls:&nbsp;<\/span><span\n                                        class=\"property-desc line-limit-length\">Alum\u012bnija, t\u0113rauda, vara, plastmasas (PPS un PA u.c.) sakaus\u0113jums<\/span>\n                            <\/li>\n<li class=\"product-prop line-limit-length\"><span\n                                        class=\"property-title\">T\u0101lvad\u012bbas pults re\u017e\u012bms:&nbsp;<\/span><span\n                                        class=\"property-desc line-limit-length\">Vadu t\u0101lvad\u012bbas pults<\/span>\n                            <\/li>\n<li class=\"product-prop line-limit-length\"><span\n                                        class=\"property-title\">\u016adensiztur\u012bbas v\u0113rt\u0113jums:&nbsp;<\/span><span\n                                        class=\"property-desc line-limit-length\">IP55<\/span>\n                            <\/li>\n<li class=\"product-prop line-limit-length\"><span\n                                        class=\"property-title\">Neto svars:&nbsp;<\/span><span\n                                        class=\"property-desc line-limit-length\">16 lbs\/7.26 kg<\/span>\n                            <\/li>\n<li class=\"product-prop line-limit-length\"><span\n                                        class=\"property-title\">Tips:&nbsp;<\/span><span\n                                        class=\"property-desc line-limit-length\">Elektrisk\u0101 vin\u010da<\/span>\n                            <\/li>\n<\/ul><\/div>\n<div class=\"detailmodule_html\">\n<div class=\"detail-desc-decorate-richtext\">\n<div style=\"font-family:&quot;Open sans&quot;, Arial, Helvetica, sans-serif\">\n<div><img decoding=\"async\" style=\"width:100%\" width=\"100%\" src=\"https:\/\/d2qc09rl1gfuof.cloudfront.net\/vevor\/boutique-banner\/pc\/banner-en.jpg\" slate-data-type=\"image\"\/><\/div>\n<div>\n<div style=\"font-size:16px;font-weight:bold;text-align:center;color:rgb(34, 34, 34);margin:24px 0px;margin-bottom:24px;margin-top:24px;margin-left:0px;margin-right:0px\" align=\"center\">2000 lbs ATV Electric Winch, Conquer any terrain with confidence<\/div>\n<div><img decoding=\"async\" style=\"width:100%\" width=\"100%\" src=\"https:\/\/d2qc09rl1gfuof.cloudfront.net\/product\/ATVGSSJP2000PXII1\/electric-winch-a100-1.4-pt.jpg\" slate-data-type=\"image\"\/><\/div>\n<div style=\"font-size:14px;text-align:center;color:rgb(34, 34, 34);margin:16px 0px 24px;margin-bottom:24px;margin-top:16px;margin-left:0px;margin-right:0px\" align=\"center\">Our heavy-duty\u00a0electric\u00a0winch\u00a0features a 2000 lbs\u00a0line pull capacity and\u00a0an IP55 waterproof rating, perfect for freeing your ATV or UTV from sticky mud pits.\u00a0With a 12V DC\/0.95 HP permanent magnet copper motor, 153:1 gear ratio, and steel cable, it ensures you\u2019re never stuck for long.<\/div>\n<\/div>\n<div>\n<div style=\"margin:8px 0px;margin-bottom:8px;margin-top:8px;margin-left:0px;margin-right:0px\"><img decoding=\"async\" style=\"width:100%\" width=\"100%\" src=\"https:\/\/d2qc09rl1gfuof.cloudfront.net\/product\/ATVGSSJP2000PXII1\/electric-winch-a100-2.2-pt.jpg\" slate-data-type=\"image\"\/><\/div>\n<div style=\"font-size:14px;text-align:center;color:rgb(34, 34, 34);margin:16px 0px 24px;margin-bottom:24px;margin-top:16px;margin-left:0px;margin-right:0px\" align=\"center\">Our electric winch\u00a0is powered\u00a0by a robust 12V DC\/0.95 HP copper motor, delivering consistent, efficient power every time. With an advanced planetary gear setup and a 153:1 gear ratio, you&#x27;ll enjoy smooth, reliable\u00a0line pull\u00a0capacity even in harsh weather conditions or deep mud.<\/div>\n<\/div>\n<div>\n<div style=\"margin:8px 0px;margin-bottom:8px;margin-top:8px;margin-left:0px;margin-right:0px\"><img decoding=\"async\" style=\"width:100%\" width=\"100%\" src=\"https:\/\/d2qc09rl1gfuof.cloudfront.net\/product\/ATVGSSJP2000PXII1\/electric-winch-a100-2.3-pt.jpg\" slate-data-type=\"image\"\/><\/div>\n<div style=\"font-size:14px;text-align:center;color:rgb(34, 34, 34);margin:16px 0px 24px;margin-bottom:24px;margin-top:16px;margin-left:0px;margin-right:0px\" align=\"center\">M\u016bsu visurg\u0101j\u0113ja vin\u010da ir izstr\u0101d\u0101ta ar augstas kvalit\u0101tes trosi, kurai uz p\u0113d\u0113jiem 5 ru\u013c\u013ciem ir sarkanas atz\u012bmes papildu dro\u0161\u012bbai. Tai ir IP55 \u016bdensnecaurlaid\u012bbas klase un iztur\u012bga melna mat\u0113ta apdare, t\u0101p\u0113c t\u0101 bez aiz\u0137er\u0161an\u0101s iztur sp\u0113c\u012bgu lietu un skarbus apst\u0101k\u013cus.<\/div>\n<\/div>\n<div>\n<div style=\"margin:8px 0px;margin-bottom:8px;margin-top:8px;margin-left:0px;margin-right:0px\"><img decoding=\"async\" style=\"width:100%\" width=\"100%\" src=\"https:\/\/d2qc09rl1gfuof.cloudfront.net\/product\/ATVGSSJP2000PXII1\/electric-winch-a100-2.4-pt.jpg\" slate-data-type=\"image\"\/><\/div>\n<div style=\"font-size:14px;text-align:center;color:rgb(34, 34, 34);margin:16px 0px 24px;margin-bottom:24px;margin-top:16px;margin-left:0px;margin-right:0px\" align=\"center\">M\u016bsu UTV vin\u010das trose, kas rad\u012bta, lai tiktu gal\u0101 ar sare\u017e\u0123\u012btiem izaicin\u0101jumiem, ir iztur\u012bga pret skarbajiem laikapst\u0101k\u013ciem un ekstrem\u0101l\u0101m temperat\u016br\u0101m, \u013caujot veikt da\u017e\u0101dus vilk\u0161anas uzdevumus ar nomin\u0101lo vilk\u0161anas jaudu, nepl\u012bstot. Turkl\u0101t, pateicoties skaidriem slodzes mar\u0137\u0113jumiem uz katra sl\u0101\u0146a, j\u016bs ieg\u016bstat gan izcilu materi\u0101la integrit\u0101ti, gan vilk\u0161anas dro\u0161\u012bbu.<\/div>\n<\/div>\n<div>\n<div style=\"margin:8px 0px;margin-bottom:8px;margin-top:8px;margin-left:0px;margin-right:0px\"><img decoding=\"async\" style=\"width:100%\" width=\"100%\" src=\"https:\/\/d2qc09rl1gfuof.cloudfront.net\/product\/ATVGSSJP2000PXII1\/electric-winch-a100-2.5-pt.jpg\" slate-data-type=\"image\"\/><\/div>\n<div style=\"font-size:14px;text-align:center;color:rgb(34, 34, 34);margin:16px 0px 24px;margin-bottom:24px;margin-top:16px;margin-left:0px;margin-right:0px\" align=\"center\">Atvadieties no jucek\u013ca elektroinstal\u0101cij\u0101! M\u016bsu 12 voltu vin\u010dai ir kr\u0101su kod\u0113ti str\u0101vas kabe\u013ci \u0101trai un bez k\u013c\u016bd\u0101m uzst\u0101d\u012b\u0161anai. Izmantojot vadu t\u0101lvad\u012bbas pulti, vienk\u0101r\u0161i pievienojiet str\u0101vas vadus, un viss ir gatavs vienm\u0113r\u012bgai un efekt\u012bvai transportl\u012bdzek\u013ca evaku\u0101cijai.<\/div>\n<\/div>\n<div style=\"margin:16px 0px 24px;margin-bottom:24px;margin-top:16px;margin-left:0px;margin-right:0px\"><\/div>\n<div style=\"margin:24px 0px;margin-bottom:24px;margin-top:24px;margin-left:0px;margin-right:0px\">\n<div style=\"font-size:16px;font-weight:bold;color:rgb(34, 34, 34);margin:24px 0px 16px;margin-bottom:16px;margin-top:24px;margin-left:0px;margin-right:0px\">Funkcijas un inform\u0101cija<\/div>\n<ul style=\"margin:16px 0px 24px;margin-bottom:24px;margin-top:16px;margin-left:0px;margin-right:0px\">\n<li style=\"font-size:14px;color:rgb(34, 34, 34)\">\n<p>Your Vehicle&#x27;s Backup Power: Designed specifically for off-road recovery, our heavy-duty electric winch offers a powerful 2000 lbs of line pull capacity. When your vehicle gets stuck in mud or caught in a downpour, this winch provides the extra drive you need to get back on track quickly. Ideal for towing jobs for small vehicles such as ATVs and UTVs, ensuring your adventures never come to a halt.<\/p>\n<\/li>\n<li style=\"font-size:14px;color:rgb(34, 34, 34)\">\n<p>Power that Gets You Out of Any Jam: Our ATV winch is driven by a robust 12V DC\/0.95 HP permanent magnet copper motor, delivering continuous and efficient power when you need it most. With advanced planetary gear system and a 153:1 gear ratio, ensuring reliable and powerful pulling strength. Whether you&#x27;re facing harsh weather or deep mud, this winch has you covered, making vehicle recovery effortless and reliable.<\/p>\n<\/li>\n<li style=\"font-size:14px;color:rgb(34, 34, 34)\">\n<p>Iztur\u012bga t\u0113rauda trose: Sagatavojieties iztur\u012bgai veiktsp\u0113jai ar m\u016bsu 7 pavedienu iztur\u012bgo t\u0113rauda trosi. \u0160\u012b t\u0113rauda trose ir izstr\u0101d\u0101ta, lai iztur\u0113tu skarbus laikapst\u0101k\u013cus un bargu temperat\u016bru, un t\u0101 ir iztur\u012bga, lai p\u0101rvar\u0113tu jebkuru izaicin\u0101jumu. Turkl\u0101t spilgti sarkanie mar\u0137\u0113jumi uz p\u0113d\u0113jiem 5 ru\u013c\u013ciem nodro\u0161ina \u0113rtu redzam\u012bbu, nodro\u0161inot dro\u0161\u012bbu un iztur\u012bbu neatkar\u012bgi no darba sare\u017e\u0123\u012bt\u012bbas.<\/p>\n<\/li>\n<li style=\"font-size:14px;color:rgb(34, 34, 34)\">\n<p>Lieto\u0161anas vienk\u0101r\u0161\u012bba, \u0113rta darb\u012bba: M\u016bsu mazajai vin\u010dai ir vadu t\u0101lvad\u012bbas pults ar \u016bdensnecaurlaid\u012bgu un korozijiztur\u012bgu korpusu, kas nodro\u0161ina uzticamu darb\u012bbu jebkuros laikapst\u0101k\u013cos. Vienk\u0101r\u0161i pievienojiet str\u0101vas vadu, un j\u016bs esat gatavs veikt pa\u0161izgl\u0101b\u0161anas darbus, lai vad\u012btu transportl\u012bdzekli bez \u0161\u0137\u0113r\u0161\u013ciem. At\u0161\u0137ir\u012bb\u0101 no bezvadu t\u0101lvad\u012bbas pult\u012bm, jums neb\u016bs j\u0101uztraucas par bateriju izl\u0101d\u0113\u0161anos, padarot to par uzticam\u0101ku izv\u0113li gl\u0101b\u0161anas darbiem \u0101rpus telp\u0101m.<\/p>\n<\/li>\n<li style=\"font-size:14px;color:rgb(34, 34, 34)\">\n<p>Mier\u012bgs pr\u0101ts. Vilk\u0161anas veiktsp\u0113ja: Skarbi laikapst\u0101k\u013ci? Nav probl\u0113mu! M\u016bsu elektrisk\u0101 vin\u010da ir izgatavota ar IP55 \u016bdensnecaurlaid\u012bbas pak\u0101pi un gludu melnu mat\u0113tu apdari, kas uzlabo iztur\u012bbu pret r\u016bsu un izol\u0101ciju. T\u0101 ir gatava tikt gal\u0101 ar sp\u0113c\u012bgu lietu, dub\u013ciem vai citiem skarbiem apst\u0101k\u013ciem. Kr\u0101su kod\u0113ti str\u0101vas kabe\u013ci un viegli izpild\u0101mas instrukcijas noz\u012bm\u0113, ka j\u016bs var\u0113siet to uzst\u0101d\u012bt bez aiz\u0137er\u0161an\u0101s, lai j\u016bs var\u0113tu atgriezties pie brauciena baud\u012b\u0161anas.<\/p>\n<\/li>\n<\/ul>\n<\/div>\n<div>\n<div>\n<div style=\"margin:16px 0px 24px;margin-bottom:24px;margin-top:16px;margin-left:0px;margin-right:0px\"><img decoding=\"async\" style=\"width:100%\" width=\"100%\" src=\"https:\/\/d2qc09rl1gfuof.cloudfront.net\/product\/ATVGSSJP2000PXII1\/electric-winch-a100-1.11-pt.jpg\" slate-data-type=\"image\"\/><\/div>\n<\/div>\n<\/div>\n<\/div>\n<\/div>\n<\/div>\n<p><\/p>","protected":false},"excerpt":{"rendered":"<p>Hign-concerned Chemical:&nbsp;None Origin:&nbsp;Mainland China Brand Name:&nbsp;VEVOR Type:&nbsp;Power Brand:&nbsp;VEVOR Rated Line Pull Capacity:&nbsp;2000 lbs\/907 kg Cable Material:&nbsp;Steel, 7 Strands Material:&nbsp;Alloy Aluminum, Steel, Copper, Plastic (PPS and PA, etc.) Remote Control Mode:&nbsp;Wired<\/p>","protected":false},"featured_media":25001,"comment_status":"open","ping_status":"closed","template":"","meta":{"_acf_changed":false},"product_brand":[],"product_cat":[522],"product_tag":[],"class_list":{"0":"post-25000","1":"product","2":"type-product","3":"status-publish","4":"has-post-thumbnail","6":"product_cat-electric-winches","8":"first","9":"instock","10":"shipping-taxable","11":"purchasable","12":"product-type-variable"},"acf":[],"_links":{"self":[{"href":"https:\/\/www.electricstore.eu\/lv\/wp-json\/wp\/v2\/product\/25000","targetHints":{"allow":["GET"]}}],"collection":[{"href":"https:\/\/www.electricstore.eu\/lv\/wp-json\/wp\/v2\/product"}],"about":[{"href":"https:\/\/www.electricstore.eu\/lv\/wp-json\/wp\/v2\/types\/product"}],"replies":[{"embeddable":true,"href":"https:\/\/www.electricstore.eu\/lv\/wp-json\/wp\/v2\/comments?post=25000"}],"wp:featuredmedia":[{"embeddable":true,"href":"https:\/\/www.electricstore.eu\/lv\/wp-json\/wp\/v2\/media\/25001"}],"wp:attachment":[{"href":"https:\/\/www.electricstore.eu\/lv\/wp-json\/wp\/v2\/media?parent=25000"}],"wp:term":[{"taxonomy":"product_brand","embeddable":true,"href":"https:\/\/www.electricstore.eu\/lv\/wp-json\/wp\/v2\/product_brand?post=25000"},{"taxonomy":"product_cat","embeddable":true,"href":"https:\/\/www.electricstore.eu\/lv\/wp-json\/wp\/v2\/product_cat?post=25000"},{"taxonomy":"product_tag","embeddable":true,"href":"https:\/\/www.electricstore.eu\/lv\/wp-json\/wp\/v2\/product_tag?post=25000"}],"curies":[{"name":"wp","href":"https:\/\/api.w.org\/{rel}","templated":true}]}}