{"id":24992,"date":"2025-05-20T18:43:48","date_gmt":"2025-05-20T18:43:48","guid":{"rendered":"https:\/\/electricstore.eu\/p\/uncategorized\/vevor-2640lbs-electric-hoist-winch-230v-with-14ft-wired-remote-control-40ft-single-cable-lifting-height-lift-hoist-for-garage\/"},"modified":"2025-05-20T18:47:24","modified_gmt":"2025-05-20T18:47:24","slug":"vevor-2640lbs-electric-hoist-winch-230v-with-14ft-wired-remote-control-40ft-single-cable-lifting-height-lift-hoist-for-garage","status":"publish","type":"product","link":"https:\/\/www.electricstore.eu\/lv\/p\/o\/electric-lifting-hoists\/vevor-2640lbs-electric-hoist-winch-230v-with-14ft-wired-remote-control-40ft-single-cable-lifting-height-lift-hoist-for-garage\/","title":{"rendered":"VEVOR 2640Lbs elektrisk\u0101 pac\u0113l\u0101ja vin\u010da 230V ar 14 p\u0113du vadu t\u0101lvad\u012bbas pulti, 40 p\u0113du viena kabe\u013ca pacel\u0161anas augstuma pac\u0113l\u0101js gar\u0101\u017eai"},"content":{"rendered":"<div class=\"product-specs-list-container\">\n<ul class=\"product-specs-list util-clearfix\">\n<li class=\"product-prop line-limit-length\"><span\n                                        class=\"property-title\">Augstas ba\u017eas izraiso\u0161a \u0137\u012bmiska viela:&nbsp;<\/span><span\n                                        class=\"property-desc line-limit-length\">Neviens<\/span>\n                            <\/li>\n<li class=\"product-prop line-limit-length\"><span\n                                        class=\"property-title\">Mode\u013ca numurs:&nbsp;<\/span><span\n                                        class=\"property-desc line-limit-length\">PA1200<\/span>\n                            <\/li>\n<li class=\"product-prop line-limit-length\"><span\n                                        class=\"property-title\">Izcelsme:&nbsp;<\/span><span\n                                        class=\"property-desc line-limit-length\">Kontinent\u0101l\u0101 \u0136\u012bna<\/span>\n                            <\/li>\n<li class=\"product-prop line-limit-length\"><span\n                                        class=\"property-title\">Z\u012bmola nosaukums:&nbsp;<\/span><span\n                                        class=\"property-desc line-limit-length\">VEVOR<\/span>\n                            <\/li>\n<\/ul><\/div>\n<div class=\"detailmodule_html\">\n<div class=\"detail-desc-decorate-richtext\">\n<div style=\"font-family:&quot;Open sans&quot;, Arial, Helvetica, sans-serif\">\n<div><img decoding=\"async\" style=\"width:100%\" width=\"100%\" src=\"https:\/\/d2qc09rl1gfuof.cloudfront.net\/vevor\/boutique-banner\/pc\/banner-en.jpg\" slate-data-type=\"image\"\/><\/div>\n<div>\n<div style=\"font-size:16px;font-weight:bold;text-align:center;color:rgb(34, 34, 34);margin:24px 0px;margin-bottom:24px;margin-top:24px;margin-left:0px;margin-right:0px\" align=\"center\">VEVOR elektriskais pac\u0113l\u0101js \u2013 paceliet savu kravu bez piep\u016bles<\/div>\n<div><img decoding=\"async\" style=\"width:100%\" width=\"100%\" src=\"https:\/\/d2qc09rl1gfuof.cloudfront.net\/product\/DDGSSHLYXYKKENXQQ\/electric-hoist-a100-1.4.jpg\" slate-data-type=\"image\"\/><\/div>\n<div style=\"font-size:14px;text-align:center;color:rgb(34, 34, 34);margin:16px 0px 24px;margin-bottom:24px;margin-top:16px;margin-left:0px;margin-right:0px\" align=\"center\">VEVOR, j\u016bsu ekskluz\u012bvais instrumentu eksperts. \u0160im elektriskajam pac\u0113l\u0101jam ir t\u012bra vara motors, kas nodro\u0161ina lielu celtsp\u0113ju smagu priek\u0161metu cel\u0161anai. Pagarin\u0101tais 14 p\u0113du (4,3 m) vadu kabelis \u013cauj vad\u012bt pac\u0113l\u0101ju dro\u0161\u0101 zon\u0101.<\/div>\n<\/div>\n<div>\n<div style=\"margin:8px 0px;margin-bottom:8px;margin-top:8px;margin-left:0px;margin-right:0px\"><img decoding=\"async\" style=\"width:100%\" width=\"100%\" src=\"https:\/\/d2qc09rl1gfuof.cloudfront.net\/product\/DDGSSHLYXYKKENXQQ\/electric-hoist-a100-2.2.jpg\" slate-data-type=\"image\"\/><\/div>\n<div style=\"font-size:14px;text-align:center;color:rgb(34, 34, 34);margin:16px 0px 24px;margin-bottom:24px;margin-top:16px;margin-left:0px;margin-right:0px\" align=\"center\">Nepiecie\u0161ams \u0101trums vai sp\u0113ks? P\u0101rsl\u0113dzieties starp vienas troses re\u017e\u012bmu \u0101tr\u0101kai pacel\u0161anai ar viegl\u0101k\u0101m krav\u0101m vai divu tro\u0161u re\u017e\u012bmu smag\u0101kiem darbiem. M\u016bsu elektrisk\u0101 vin\u010da ir rad\u012bta, lai tiktu gal\u0101 ar visu, ko j\u016bs tai met\u012bsiet.<\/div>\n<\/div>\n<div>\n<div style=\"margin:8px 0px;margin-bottom:8px;margin-top:8px;margin-left:0px;margin-right:0px\"><img decoding=\"async\" style=\"width:100%\" width=\"100%\" src=\"https:\/\/d2qc09rl1gfuof.cloudfront.net\/product\/DDGSSHLYXYKKENXQQ\/electric-hoist-a100-2.3.jpg\" slate-data-type=\"image\"\/><\/div>\n<div style=\"font-size:14px;text-align:center;color:rgb(34, 34, 34);margin:16px 0px 24px;margin-bottom:24px;margin-top:16px;margin-left:0px;margin-right:0px\" align=\"center\">Neatkar\u012bgi no t\u0101, vai atrodaties tuvum\u0101 vai t\u0101lu, \u0161is griestu pac\u0113l\u0101js ar vadu t\u0101lvad\u012bbas pulti par\u016bp\u0113sies par visu. Ar darb\u012bbas r\u0101diusu l\u012bdz 4,5 metriem un av\u0101rijas aptur\u0113\u0161anas sl\u0113dzi j\u016bs varat justies mier\u012bgi un br\u012bvi paveikt darbu pareizi.<\/div>\n<\/div>\n<div>\n<div style=\"margin:8px 0px;margin-bottom:8px;margin-top:8px;margin-left:0px;margin-right:0px\"><img decoding=\"async\" style=\"width:100%\" width=\"100%\" src=\"https:\/\/d2qc09rl1gfuof.cloudfront.net\/product\/DDGSSHLYXYKKENXQQ\/electric-hoist-a100-2.4.jpg\" slate-data-type=\"image\"\/><\/div>\n<div style=\"font-size:14px;text-align:center;color:rgb(34, 34, 34);margin:16px 0px 24px;margin-bottom:24px;margin-top:16px;margin-left:0px;margin-right:0px\" align=\"center\">\u0160is gar\u0101\u017eas pac\u0113l\u0101js, kas apr\u012bkots ar uzticamu gaisa dzes\u0113\u0161anas vara motoru, padara cel\u0161anu vieglu un vienm\u0113r\u012bgu. T\u0101 dzes\u0113\u0161anas sist\u0113ma un ventilators pal\u012bdz nov\u0113rst p\u0101rkar\u0161anu, lai j\u016bs var\u0113tu str\u0101d\u0101t ilg\u0101k bez aiz\u0137er\u0161an\u0101s.<\/div>\n<\/div>\n<div>\n<div style=\"margin:8px 0px;margin-bottom:8px;margin-top:8px;margin-left:0px;margin-right:0px\"><img decoding=\"async\" style=\"width:100%\" width=\"100%\" src=\"https:\/\/d2qc09rl1gfuof.cloudfront.net\/product\/DDGSSHLYXYKKENXQQ\/electric-hoist-a100-2.5.jpg\" slate-data-type=\"image\"\/><\/div>\n<div style=\"font-size:14px;text-align:center;color:rgb(34, 34, 34);margin:16px 0px 24px;margin-bottom:24px;margin-top:16px;margin-left:0px;margin-right:0px\" align=\"center\">Neatkar\u012bgi no t\u0101, vai str\u0101d\u0101jat gar\u0101\u017e\u0101, noliktav\u0101 vai darbn\u012bc\u0101, \u0161is elektriskais tro\u0161u pac\u0113l\u0101js piel\u0101gojas da\u017e\u0101diem uzdevumiem, padarot to par ide\u0101lu instrumentu jebkuram projektam.<\/div>\n<\/div>\n<div style=\"margin:16px 0px 24px;margin-bottom:24px;margin-top:16px;margin-left:0px;margin-right:0px\"><\/div>\n<div style=\"margin:24px 0px;margin-bottom:24px;margin-top:24px;margin-left:0px;margin-right:0px\">\n<div style=\"font-size:16px;font-weight:bold;color:rgb(34, 34, 34);margin:24px 0px 16px;margin-bottom:16px;margin-top:24px;margin-left:0px;margin-right:0px\">Funkcijas un inform\u0101cija<\/div>\n<ul style=\"margin:16px 0px 24px;margin-bottom:24px;margin-top:16px;margin-left:0px;margin-right:0px\">\n<li style=\"font-size:14px;color:rgb(34, 34, 34)\">\n<p>2640 m\u0101rci\u0146u celtsp\u0113ja: \u0160is elektriskais pac\u0113l\u0101js var viegli pacelt mazus dzin\u0113jus, transmisijas, lielus darbn\u012bcas instrumentus vai celtniec\u012bbas materi\u0101lus. Celtsp\u0113ja: 1320 m\u0101rci\u0146as\/600 kg (viena trose), 2640 m\u0101rci\u0146as\/1200 kg (divk\u0101r\u0161a trose).<\/p>\n<\/li>\n<li style=\"font-size:14px;color:rgb(34, 34, 34)\">\n<p>Jaud\u012bgs motors: Augstas kvalit\u0101tes vara motors nodro\u0161ina sp\u0113c\u012bgu jaudu, kas var iztur\u0113t lielus sp\u0113kus, neradot elektrisk\u0101s vin\u010das deform\u0101ciju. Turkl\u0101t lielais dzes\u0113\u0161anas ventilators var \u0101tri atdzes\u0113t ma\u0161\u012bnu, lai izvair\u012btos no p\u0101rkar\u0161anas. T\u0101d\u0113\u013c \u0161is jaud\u012bgais motors nodro\u0161ina efekt\u012bvu darb\u012bbu un ietaupa j\u016bsu laiku un ener\u0123iju.<\/p>\n<\/li>\n<li style=\"font-size:14px;color:rgb(34, 34, 34)\">\n<p>\u0112rta uzst\u0101d\u012b\u0161ana: M\u016bsu gar\u0101\u017eas pac\u0113l\u0101ju var tie\u0161i piek\u0101rt pie griestiem, izmantojot met\u0101la vai mas\u012bvkoka l\u012bstes. Turkl\u0101t tas ir apr\u012bkots ar av\u0101rijas aptur\u0113\u0161anas sl\u0113dzi un elektromagn\u0113tisko bremz\u0113\u0161anas sist\u0113mu, lai nov\u0113rstu neparastu sl\u012bd\u0113\u0161anu.<\/p>\n<\/li>\n<li style=\"font-size:14px;color:rgb(34, 34, 34)\">\n<p>T\u0101lvad\u012bbas pults: Vadu t\u0101lvad\u012bbas pults tiek pan\u0101kta, izmantojot vad\u012bbas ier\u012bces sl\u0113dzi uz kabe\u013ca, kas uzst\u0101d\u012bts uz griestu pac\u0113l\u0101ja. Pagarin\u0101t\u0101 kabe\u013ca garums ir aptuveni 14 p\u0113das (4,3 m), kas \u013cauj darboties dro\u0161\u0101 att\u0101lum\u0101.<\/p>\n<\/li>\n<li style=\"font-size:14px;color:rgb(34, 34, 34)\">\n<p>Daudzpus\u012bgs pielietojums: \u0160o elektrisko tro\u0161u pac\u0113l\u0101ju pla\u0161i izmanto gar\u0101\u017e\u0101s, r\u016bpn\u012bc\u0101s, noliktav\u0101s, \u0123imen\u0113s, k\u0101 ar\u012b profesion\u0101\u013cu un amatieru vid\u016b. Tas ir piem\u0113rots ku\u0123u, automa\u0161\u012bnu, z\u0101les p\u013c\u0101v\u0113ju, golfa rati\u0146u, m\u0101jas dekoru, dzin\u0113ju, laukakme\u0146u, koku u.c. remontam.<\/p>\n<\/li>\n<\/ul>\n<\/div>\n<div>\n<div>\n<div style=\"margin:16px 0px 24px;margin-bottom:24px;margin-top:16px;margin-left:0px;margin-right:0px\"><img decoding=\"async\" style=\"width:100%\" width=\"100%\" src=\"https:\/\/d2qc09rl1gfuof.cloudfront.net\/product\/DDGSSHLYXYKKENXQQ\/electric-hoist-a100-1.11.jpg\" slate-data-type=\"image\"\/><\/div>\n<\/div>\n<\/div>\n<\/div>\n<div><\/div>\n<\/div>\n<\/div>\n<p><\/p>","protected":false},"excerpt":{"rendered":"<p>Hign-concerned Chemical:&nbsp;None Model Number:&nbsp;PA1200 Origin:&nbsp;Mainland China Brand Name:&nbsp;VEVOR VEVOR Electric Hoist \u2013 Lift Your Cargo with No Effort VEVOR, your exclusive tool expert. This electric hoist features a pure copper<\/p>","protected":false},"featured_media":24993,"comment_status":"open","ping_status":"closed","template":"","meta":{"_acf_changed":false},"product_brand":[],"product_cat":[517],"product_tag":[],"class_list":{"0":"post-24992","1":"product","2":"type-product","3":"status-publish","4":"has-post-thumbnail","6":"product_cat-electric-lifting-hoists","8":"first","9":"instock","10":"shipping-taxable","11":"purchasable","12":"product-type-variable"},"acf":[],"_links":{"self":[{"href":"https:\/\/www.electricstore.eu\/lv\/wp-json\/wp\/v2\/product\/24992","targetHints":{"allow":["GET"]}}],"collection":[{"href":"https:\/\/www.electricstore.eu\/lv\/wp-json\/wp\/v2\/product"}],"about":[{"href":"https:\/\/www.electricstore.eu\/lv\/wp-json\/wp\/v2\/types\/product"}],"replies":[{"embeddable":true,"href":"https:\/\/www.electricstore.eu\/lv\/wp-json\/wp\/v2\/comments?post=24992"}],"wp:featuredmedia":[{"embeddable":true,"href":"https:\/\/www.electricstore.eu\/lv\/wp-json\/wp\/v2\/media\/24993"}],"wp:attachment":[{"href":"https:\/\/www.electricstore.eu\/lv\/wp-json\/wp\/v2\/media?parent=24992"}],"wp:term":[{"taxonomy":"product_brand","embeddable":true,"href":"https:\/\/www.electricstore.eu\/lv\/wp-json\/wp\/v2\/product_brand?post=24992"},{"taxonomy":"product_cat","embeddable":true,"href":"https:\/\/www.electricstore.eu\/lv\/wp-json\/wp\/v2\/product_cat?post=24992"},{"taxonomy":"product_tag","embeddable":true,"href":"https:\/\/www.electricstore.eu\/lv\/wp-json\/wp\/v2\/product_tag?post=24992"}],"curies":[{"name":"wp","href":"https:\/\/api.w.org\/{rel}","templated":true}]}}