{"id":24985,"date":"2025-05-20T18:43:43","date_gmt":"2025-05-20T18:43:43","guid":{"rendered":"https:\/\/electricstore.eu\/p\/uncategorized\/vevor-8000-lbs-electric-winch-atv-nylon-rope-winch-with-wireless-handheld-remote-for-towing-car-trailer-clearance-sale\/"},"modified":"2025-05-20T18:47:03","modified_gmt":"2025-05-20T18:47:03","slug":"vevor-8000-lbs-electric-winch-atv-nylon-rope-winch-with-wireless-handheld-remote-for-towing-car-trailer-clearance-sale","status":"publish","type":"product","link":"https:\/\/www.electricstore.eu\/lv\/p\/o\/electric-winches\/vevor-8000-lbs-electric-winch-atv-nylon-rope-winch-with-wireless-handheld-remote-for-towing-car-trailer-clearance-sale\/","title":{"rendered":"VEVOR 8000 m\u0101rci\u0146u elektrisk\u0101 vin\u010da ATV neilona virvju vin\u010da ar bezvadu rokas t\u0101lvad\u012bbas pulti automa\u0161\u012bnas piekabes vilk\u0161anai izp\u0101rdo\u0161ana"},"content":{"rendered":"<div class=\"product-specs-list-container\">\n<ul class=\"product-specs-list util-clearfix\">\n<li class=\"product-prop line-limit-length\"><span\n                                        class=\"property-title\">Augstas ba\u017eas izraiso\u0161a \u0137\u012bmiska viela:&nbsp;<\/span><span\n                                        class=\"property-desc line-limit-length\">Neviens<\/span>\n                            <\/li>\n<li class=\"product-prop line-limit-length\"><span\n                                        class=\"property-title\">Mode\u013ca numurs:&nbsp;<\/span><span\n                                        class=\"property-desc line-limit-length\">S8000<\/span>\n                            <\/li>\n<li class=\"product-prop line-limit-length\"><span\n                                        class=\"property-title\">Izcelsme:&nbsp;<\/span><span\n                                        class=\"property-desc line-limit-length\">Kontinent\u0101l\u0101 \u0136\u012bna<\/span>\n                            <\/li>\n<li class=\"product-prop line-limit-length\"><span\n                                        class=\"property-title\">Z\u012bmola nosaukums:&nbsp;<\/span><span\n                                        class=\"property-desc line-limit-length\">VEVOR<\/span>\n                            <\/li>\n<\/ul><\/div>\n<div class=\"detailmodule_html\">\n<div class=\"detail-desc-decorate-richtext\">\n<div style=\"font-family:&quot;Open sans&quot;, Arial, Helvetica, sans-serif\">\n<div><img decoding=\"async\" style=\"width:100%\" width=\"100%\" src=\"https:\/\/d2qc09rl1gfuof.cloudfront.net\/vevor\/boutique-banner\/pc\/banner-en.jpg\" slate-data-type=\"image\"\/><\/div>\n<div>\n<div style=\"font-size:16px;font-weight:bold;text-align:center;color:rgb(34, 34, 34);margin:24px 0px;margin-bottom:24px;margin-top:24px;margin-left:0px;margin-right:0px\" align=\"center\">Neiespr\u016bdi, ieg\u0101d\u0101jies VEVOR elektrisko vin\u010du!<\/div>\n<div><img decoding=\"async\" style=\"width:100%\" width=\"100%\" src=\"https:\/\/d2qc09rl1gfuof.cloudfront.net\/product\/DDHCSJPHCSYCY7YP5\/electric-winch-a100-1.4.jpg\" slate-data-type=\"image\"\/><\/div>\n<div style=\"font-size:14px;text-align:center;color:rgb(34, 34, 34);margin:16px 0px 24px;margin-bottom:24px;margin-top:16px;margin-left:0px;margin-right:0px\" align=\"center\">M\u016bsu elektriskajai vin\u010dai ir jaud\u012bgs vara motors, kas nodro\u0161ina uzticamu veiktsp\u0113ju. Izmantojot 2-in-1 bezvadu t\u0101lvad\u012bbas pulti, vin\u010du var viegli vad\u012bt no att\u0101luma. Vin\u010da ir piln\u012bb\u0101 \u016bdensiztur\u012bga, lai to var\u0113tu bez raiz\u0113m lietot \u0101rpus telp\u0101m, un augstas kvalit\u0101tes kabelis nodro\u0161ina, ka t\u0101 nel\u016bz\u012bs.<\/div>\n<\/div>\n<div>\n<div style=\"margin:8px 0px;margin-bottom:8px;margin-top:8px;margin-left:0px;margin-right:0px\"><img decoding=\"async\" style=\"width:100%\" width=\"100%\" src=\"https:\/\/d2qc09rl1gfuof.cloudfront.net\/product\/DDHCSJPHCSYCY7YP5\/electric-winch-a100-2.2.jpg\" slate-data-type=\"image\"\/><\/div>\n<div style=\"font-size:14px;text-align:center;color:rgb(34, 34, 34);margin:16px 0px 24px;margin-bottom:24px;margin-top:16px;margin-left:0px;margin-right:0px\" align=\"center\">T\u0101 ir apr\u012bkota ar augstas veiktsp\u0113jas t\u012bra vara motoru ar 12 V spriegumu un \u012bpa\u0161i lielu jaudu, kas ikdien\u0101 pavada gl\u0101b\u0161anas darbus bezce\u013cos. Prec\u012bzs tr\u012bspak\u0101pju plan\u0113tu p\u0101rnesums \u013cauj vin\u010dai darboties stabili ilgu laiku, un t\u0101 ir apr\u012bkota ar br\u012bvgaitas saj\u016bga p\u0101rnesumu sist\u0113mu.<\/div>\n<\/div>\n<div>\n<div style=\"margin:8px 0px;margin-bottom:8px;margin-top:8px;margin-left:0px;margin-right:0px\"><img decoding=\"async\" style=\"width:100%\" width=\"100%\" src=\"https:\/\/d2qc09rl1gfuof.cloudfront.net\/product\/DDHCSJPHCSYCY7YP5\/electric-winch-a100-2.3.jpg\" slate-data-type=\"image\"\/><\/div>\n<div style=\"font-size:14px;text-align:center;color:rgb(34, 34, 34);margin:16px 0px 24px;margin-bottom:24px;margin-top:16px;margin-left:0px;margin-right:0px\" align=\"center\">\u0160\u012b elektrisk\u0101 vin\u010da ir \u016bdensiztur\u012bga un viegli tiek gal\u0101 ar sare\u017e\u0123\u012btiem \u0101ra apst\u0101k\u013ciem. T\u0101 nebaid\u0101s no dub\u013ciem, lietusg\u0101z\u0113m un sniega.<\/div>\n<\/div>\n<div>\n<div style=\"margin:8px 0px;margin-bottom:8px;margin-top:8px;margin-left:0px;margin-right:0px\"><img decoding=\"async\" style=\"width:100%\" width=\"100%\" src=\"https:\/\/d2qc09rl1gfuof.cloudfront.net\/product\/DDHCSJPHCSYCY7YP5\/electric-winch-a100-2.4.jpg\" slate-data-type=\"image\"\/><\/div>\n<div style=\"font-size:14px;text-align:center;color:rgb(34, 34, 34);margin:16px 0px 24px;margin-bottom:24px;margin-top:16px;margin-left:0px;margin-right:0px\" align=\"center\">Neilona virve: izgatavota no \u012bpa\u0161i augstas molekulmasas polietil\u0113na (UHMWPE) materi\u0101la, 12 \u0161\u0137ipsnas, viegla, negrimst \u016bden\u012b un nesaboj\u0101 rokas. P\u0113d\u0113jos 5 ap\u013cos ir sarkani mar\u0137\u0113jumi, kurus var viegli atpaz\u012bt jau no liela att\u0101luma.<\/div>\n<\/div>\n<div>\n<div style=\"margin:8px 0px;margin-bottom:8px;margin-top:8px;margin-left:0px;margin-right:0px\"><img decoding=\"async\" style=\"width:100%\" width=\"100%\" src=\"https:\/\/d2qc09rl1gfuof.cloudfront.net\/product\/DDHCSJPHCSYCY7YP5\/electric-winch-a100-2.5.jpg\" slate-data-type=\"image\"\/><\/div>\n<div style=\"font-size:14px;text-align:center;color:rgb(34, 34, 34);margin:16px 0px 24px;margin-bottom:24px;margin-top:16px;margin-left:0px;margin-right:0px\" align=\"center\">Tas ir piem\u0113rots kvadracikliem, vid\u0113ja un liela izm\u0113ra apvidus auto, kravas automa\u0161\u012bn\u0101m un pat jaht\u0101m. Sp\u0113c\u012bgais vilk\u0161anas sp\u0113ks var nodro\u0161in\u0101t dro\u0161\u012bbu katr\u0101 braucien\u0101.<\/div>\n<\/div>\n<div style=\"margin:16px 0px 24px;margin-bottom:24px;margin-top:16px;margin-left:0px;margin-right:0px\"><\/div>\n<div style=\"margin:24px 0px;margin-bottom:24px;margin-top:24px;margin-left:0px;margin-right:0px\">\n<div style=\"font-size:16px;font-weight:bold;color:rgb(34, 34, 34);margin:24px 0px 16px;margin-bottom:16px;margin-top:24px;margin-left:0px;margin-right:0px\">Funkcijas un inform\u0101cija<\/div>\n<ul style=\"margin:16px 0px 24px;margin-bottom:24px;margin-top:16px;margin-left:0px;margin-right:0px\">\n<li style=\"font-size:14px;color:rgb(34, 34, 34)\">\n<p>T\u012bra vara motors: M\u016bsu elektrisk\u0101 vin\u010da ir apr\u012bkota ar augstas veiktsp\u0113jas t\u012bra vara motoru ar 12 V spriegumu un \u012bpa\u0161i lielu jaudu, kas ikdien\u0101 nodro\u0161ina gl\u0101b\u0161anas darbus bezce\u013cos. Turkl\u0101t prec\u012bzais 3 pak\u0101pju plan\u0113tu p\u0101rnesums \u013cauj vin\u010dai darboties stabili un ilgu laiku.<\/p>\n<\/li>\n<li style=\"font-size:14px;color:rgb(34, 34, 34)\">\n<p>IP67 \u016bdensnecaurlaid\u012bba: \u0160\u012b vin\u010da ir IP67 \u016bdensnecaurlaid\u012bga, viegli tiek gal\u0101 ar sare\u017e\u0123\u012btiem \u0101ra apst\u0101k\u013ciem. Pateicoties \u0161ai funkcijai, t\u0101 ir pasarg\u0101ta no dub\u013ciem, lietusg\u0101z\u0113m un sniega.<\/p>\n<\/li>\n<li style=\"font-size:14px;color:rgb(34, 34, 34)\">\n<p>Piem\u0113rojams da\u017e\u0101du veidu transportl\u012bdzek\u013ciem: Tas ir piem\u0113rots kvadracikliem, vid\u0113ja un liela izm\u0113ra apvidus auto, kravas automa\u0161\u012bn\u0101m un pat jaht\u0101m. Sp\u0113c\u012bgais vilk\u0161anas sp\u0113ks var pasarg\u0101t katru braucienu.<\/p>\n<\/li>\n<li style=\"font-size:14px;color:rgb(34, 34, 34)\">\n<p>Augst\u0101k\u0101s kvalit\u0101tes trose: VEVOR elektrisk\u0101 vin\u010da ir apr\u012bkota ar 12 \u0161\u0137iedru augstas iztur\u012bbas neilona trosi, kas paredz\u0113ta visu veidu vilk\u0161anas oper\u0101cij\u0101m uz zemes un zem \u016bdens ar nomin\u0101lo sp\u0113ku. P\u0113d\u0113jie 5 troses ru\u013c\u013ci ir mar\u0137\u0113ti sarkan\u0101 kr\u0101s\u0101 dro\u0161\u012bbas labad.<\/p>\n<\/li>\n<li style=\"font-size:14px;color:rgb(34, 34, 34)\">\n<p>Bezvadu t\u0101lvad\u012bbas pults: Vin\u010du vada ar rokas bezvadu t\u0101lvad\u012bbas pulti aptuveni 20 m (66 p\u0113du) r\u0101dius\u0101, kas nodro\u0161ina, ka operators darb\u012bbas laik\u0101 atrodas dro\u0161\u0101 poz\u012bcij\u0101, un \u013cauj visu viegli iestat\u012bt, sp\u0113l\u0113jot solo.<\/p>\n<\/li>\n<\/ul>\n<\/div>\n<div>\n<div>\n<div style=\"margin:16px 0px 24px;margin-bottom:24px;margin-top:16px;margin-left:0px;margin-right:0px\"><img decoding=\"async\" style=\"width:100%\" width=\"100%\" src=\"https:\/\/d2qc09rl1gfuof.cloudfront.net\/product\/DDHCSJPHCSYCY7YP5\/electric-winch-a100-1.11.jpg\" slate-data-type=\"image\"\/><\/div>\n<\/div>\n<\/div>\n<\/div>\n<div><\/div>\n<\/div>\n<\/div>\n<p><\/p>","protected":false},"excerpt":{"rendered":"<p>Hign-concerned Chemical:&nbsp;None Model Number:&nbsp;S8000 Origin:&nbsp;Mainland China Brand Name:&nbsp;VEVOR Don&#x27;t get stuck, get a VEVOR electric winch! Our electric winch features a high-power copper motor for reliable performance. With the 2-in-1<\/p>","protected":false},"featured_media":24986,"comment_status":"open","ping_status":"closed","template":"","meta":{"_acf_changed":false},"product_brand":[],"product_cat":[522],"product_tag":[],"class_list":{"0":"post-24985","1":"product","2":"type-product","3":"status-publish","4":"has-post-thumbnail","6":"product_cat-electric-winches","8":"first","9":"instock","10":"shipping-taxable","11":"purchasable","12":"product-type-variable"},"acf":[],"_links":{"self":[{"href":"https:\/\/www.electricstore.eu\/lv\/wp-json\/wp\/v2\/product\/24985","targetHints":{"allow":["GET"]}}],"collection":[{"href":"https:\/\/www.electricstore.eu\/lv\/wp-json\/wp\/v2\/product"}],"about":[{"href":"https:\/\/www.electricstore.eu\/lv\/wp-json\/wp\/v2\/types\/product"}],"replies":[{"embeddable":true,"href":"https:\/\/www.electricstore.eu\/lv\/wp-json\/wp\/v2\/comments?post=24985"}],"wp:featuredmedia":[{"embeddable":true,"href":"https:\/\/www.electricstore.eu\/lv\/wp-json\/wp\/v2\/media\/24986"}],"wp:attachment":[{"href":"https:\/\/www.electricstore.eu\/lv\/wp-json\/wp\/v2\/media?parent=24985"}],"wp:term":[{"taxonomy":"product_brand","embeddable":true,"href":"https:\/\/www.electricstore.eu\/lv\/wp-json\/wp\/v2\/product_brand?post=24985"},{"taxonomy":"product_cat","embeddable":true,"href":"https:\/\/www.electricstore.eu\/lv\/wp-json\/wp\/v2\/product_cat?post=24985"},{"taxonomy":"product_tag","embeddable":true,"href":"https:\/\/www.electricstore.eu\/lv\/wp-json\/wp\/v2\/product_tag?post=24985"}],"curies":[{"name":"wp","href":"https:\/\/api.w.org\/{rel}","templated":true}]}}