{"id":24974,"date":"2025-05-20T18:43:39","date_gmt":"2025-05-20T18:43:39","guid":{"rendered":"https:\/\/electricstore.eu\/p\/uncategorized\/vevor-2200-lbs-electric-chain-hoist-single-phase-overhead-lifting-crane-with-chain-10-ft-wired-remote-control-for-garage\/"},"modified":"2025-05-20T18:46:42","modified_gmt":"2025-05-20T18:46:42","slug":"vevor-2200-lbs-electric-chain-hoist-single-phase-overhead-lifting-crane-with-chain-10-ft-wired-remote-control-for-garage","status":"publish","type":"product","link":"https:\/\/www.electricstore.eu\/lv\/p\/o\/electric-lifting-hoists\/vevor-2200-lbs-electric-chain-hoist-single-phase-overhead-lifting-crane-with-chain-10-ft-wired-remote-control-for-garage\/","title":{"rendered":"VEVOR 2200 m\u0101rci\u0146u elektriskais \u0137\u0113des pac\u0113l\u0101js, vienf\u0101zes virszemes celtnis ar \u0137\u0113di, 10 p\u0113du vadu t\u0101lvad\u012bbas pulti gar\u0101\u017eai"},"content":{"rendered":"<div class=\"product-specs-list-container\">\n<ul class=\"product-specs-list util-clearfix\">\n<li class=\"product-prop line-limit-length\"><span\n                                        class=\"property-title\">Augstas ba\u017eas izraiso\u0161a \u0137\u012bmiska viela:&nbsp;<\/span><span\n                                        class=\"property-desc line-limit-length\">Neviens<\/span>\n                            <\/li>\n<li class=\"product-prop line-limit-length\"><span\n                                        class=\"property-title\">Mode\u013ca numurs:&nbsp;<\/span><span\n                                        class=\"property-desc line-limit-length\">H10<\/span>\n                            <\/li>\n<li class=\"product-prop line-limit-length\"><span\n                                        class=\"property-title\">Izcelsme:&nbsp;<\/span><span\n                                        class=\"property-desc line-limit-length\">Kontinent\u0101l\u0101 \u0136\u012bna<\/span>\n                            <\/li>\n<li class=\"product-prop line-limit-length\"><span\n                                        class=\"property-title\">Z\u012bmola nosaukums:&nbsp;<\/span><span\n                                        class=\"property-desc line-limit-length\">VEVOR<\/span>\n                            <\/li>\n<\/ul><\/div>\n<div class=\"detailmodule_html\">\n<div class=\"detail-desc-decorate-richtext\">\n<div style=\"font-family:&quot;Open sans&quot;, Arial, Helvetica, sans-serif\">\n<div><img decoding=\"async\" style=\"width:100%\" width=\"100%\" src=\"https:\/\/d2qc09rl1gfuof.cloudfront.net\/vevor\/boutique-banner\/pc\/banner-en.jpg\" slate-data-type=\"image\"\/><\/div>\n<div>\n<div style=\"font-size:16px;font-weight:bold;text-align:center;color:rgb(34, 34, 34);margin:24px 0px;margin-bottom:24px;margin-top:24px;margin-left:0px;margin-right:0px\" align=\"center\">VEVOR elektrisk\u0101 \u0137\u0113des pac\u0113l\u0101ja \u2014 mainiet savu skat\u012bjumu uz cel\u0161anu<\/div>\n<div><img decoding=\"async\" style=\"width:100%\" width=\"100%\" src=\"https:\/\/d2qc09rl1gfuof.cloudfront.net\/product\/DDSHLHLDXD11P0U2T\/chain-hoist-a100-1.4-pt.jpg\" slate-data-type=\"image\"\/><\/div>\n<div style=\"font-size:14px;text-align:center;color:rgb(34, 34, 34);margin:16px 0px 24px;margin-bottom:24px;margin-top:16px;margin-left:0px;margin-right:0px\" align=\"center\">Tiek gal\u0101 ar jebkuru smago pac\u0113l\u0101ju ar 2200 m\u0101rci\u0146u sp\u0113ku! M\u016bsu elektrisk\u0101 \u0137\u0113des pac\u0113l\u0101ja ir j\u016bsu dro\u0161\u0101 izv\u0113le gar\u0101\u017eas un darbn\u012bcas darbiem. IP54 aizsardz\u012bbas klase ir piem\u0113rota visiem laikapst\u0101k\u013ciem un videi, t\u0101 ir j\u016bsu izv\u0113le uzticamai veiktsp\u0113jai.<\/div>\n<\/div>\n<div>\n<div style=\"margin:8px 0px;margin-bottom:8px;margin-top:8px;margin-left:0px;margin-right:0px\"><img decoding=\"async\" style=\"width:100%\" width=\"100%\" src=\"https:\/\/d2qc09rl1gfuof.cloudfront.net\/product\/DDSHLHLDXD11P0U2T\/chain-hoist-a100-2.2-pt.jpg\" slate-data-type=\"image\"\/><\/div>\n<div style=\"font-size:14px;text-align:center;color:rgb(34, 34, 34);margin:16px 0px 24px;margin-bottom:24px;margin-top:16px;margin-left:0px;margin-right:0px\" align=\"center\">Iepaz\u012bstieties ar elektrisk\u0101 pac\u0113l\u0101ja DT klases cement\u0113to \u0137\u0113di, kas ir \u013coti iztur\u012bga. Ar maksim\u0101lo pagarin\u0101jumu vair\u0101k nek\u0101 5% t\u0101 ir rad\u012bta ilgam kalpo\u0161anas laikam un nepievils j\u016bs. Nek\u0101du l\u016bzumu, nek\u0101das loc\u012b\u0161an\u0101s, tikai t\u012brs celtsp\u0113jas sp\u0113ks!<\/div>\n<\/div>\n<div>\n<div style=\"margin:8px 0px;margin-bottom:8px;margin-top:8px;margin-left:0px;margin-right:0px\"><img decoding=\"async\" style=\"width:100%\" width=\"100%\" src=\"https:\/\/d2qc09rl1gfuof.cloudfront.net\/product\/DDSHLHLDXD11P0U2T\/chain-hoist-a100-2.3-pt.jpg\" slate-data-type=\"image\"\/><\/div>\n<div style=\"font-size:14px;text-align:center;color:rgb(34, 34, 34);margin:16px 0px 24px;margin-bottom:24px;margin-top:16px;margin-left:0px;margin-right:0px\" align=\"center\">Atvadieties no raiz\u0113m! M\u016bsu elektriskais \u0137\u0113des pac\u0113l\u0101js ir apr\u012bkots ar cilpu un \u012bpa\u0161i atsauc\u012bgu t\u0101lvad\u012bbas pulti, kas \u013cauj \u0113rti pacelt un nolaist. Dro\u0161s, \u0113rts un pat\u012bkams lieto\u0161an\u0101 \u2013 kas gan var nepatikt?<\/div>\n<\/div>\n<div>\n<div style=\"margin:8px 0px;margin-bottom:8px;margin-top:8px;margin-left:0px;margin-right:0px\"><img decoding=\"async\" style=\"width:100%\" width=\"100%\" src=\"https:\/\/d2qc09rl1gfuof.cloudfront.net\/product\/DDSHLHLDXD11P0U2T\/chain-hoist-a100-2.4-pt.jpg\" slate-data-type=\"image\"\/><\/div>\n<div style=\"font-size:14px;text-align:center;color:rgb(34, 34, 34);margin:16px 0px 24px;margin-bottom:24px;margin-top:16px;margin-left:0px;margin-right:0px\" align=\"center\">Darbin\u0101ms ar vara motoru ar F klases izol\u0101ciju, \u0161is \u0137\u0113des elektriskais pac\u0113l\u0101js var iztur\u0113t temperat\u016bru l\u012bdz 155\u00b0C. Ar grie\u0161an\u0101s \u0101trumu 11500 apgr.\/min, tam ir pietiekama jauda, lai paveiktu darbu jebkur\u0101 viet\u0101.<\/div>\n<\/div>\n<div>\n<div style=\"margin:8px 0px;margin-bottom:8px;margin-top:8px;margin-left:0px;margin-right:0px\"><img decoding=\"async\" style=\"width:100%\" width=\"100%\" src=\"https:\/\/d2qc09rl1gfuof.cloudfront.net\/product\/DDSHLHLDXD11P0U2T\/chain-hoist-a100-2.5-pt.jpg\" slate-data-type=\"image\"\/><\/div>\n<div style=\"font-size:14px;text-align:center;color:rgb(34, 34, 34);margin:16px 0px 24px;margin-bottom:24px;margin-top:16px;margin-left:0px;margin-right:0px\" align=\"center\">Viens cilv\u0113ks, viens pac\u0113l\u0101js, bezgal\u012bgas iesp\u0113jas. M\u016bsu \u0137\u0113des elektriskais pac\u0113l\u0101js ir paredz\u0113ts \u0101trai un vienk\u0101r\u0161ai uzst\u0101d\u012b\u0161anai, lai j\u016bs var\u0113tu s\u0101kt cel\u0161anu un p\u0101rvieto\u0161anu acumirkl\u012b. Palieliniet savu produktivit\u0101ti jau \u0161odien!<\/div>\n<\/div>\n<div style=\"margin:16px 0px 24px;margin-bottom:24px;margin-top:16px;margin-left:0px;margin-right:0px\"><\/div>\n<div style=\"margin:24px 0px;margin-bottom:24px;margin-top:24px;margin-left:0px;margin-right:0px\">\n<div style=\"font-size:16px;font-weight:bold;color:rgb(34, 34, 34);margin:24px 0px 16px;margin-bottom:16px;margin-top:24px;margin-left:0px;margin-right:0px\">Funkcijas un inform\u0101cija<\/div>\n<ul style=\"margin:16px 0px 24px;margin-bottom:24px;margin-top:16px;margin-left:0px;margin-right:0px\">\n<li style=\"font-size:14px;color:rgb(34, 34, 34)\">\n<p>2200 m\u0101rci\u0146u celtsp\u0113ja: Iepaz\u012bstieties ar 2200 m\u0101rci\u0146u celtsp\u0113ju! M\u016bsu elektriskais \u0137\u0113des pac\u0113l\u0101js ir apr\u012bkots ar augst\u0101k\u0101s klases DT cement\u0113tu \u0137\u0113di iztur\u012bbai un stipr\u012bbai. Turkl\u0101t ar 10 p\u0113du (3 m) pacel\u0161anas augstumu tas ir pietiekami elast\u012bgs jebkurai telpai.<\/p>\n<\/li>\n<li style=\"font-size:14px;color:rgb(34, 34, 34)\">\n<p>Jaud\u012bgs motors: Saj\u016bti sp\u0113ku! M\u016bsu \u0137\u0113des elektrisk\u0101 pac\u0113l\u0101ja vara motors ir rad\u012bts ilgam kalpo\u0161anas laikam, ar F klases izol\u0101ciju, kas nodro\u0161ina uzticamu darb\u012bbu pat augst\u0101 temperat\u016br\u0101 l\u012bdz 155\u00a0\u00b0C. Tas grie\u017eas ar \u0101trumu l\u012bdz 11\u00a0500\u00a0apgr.\/min, gatavs viegli veikt jebkuru smagu cel\u0161anas darbu. Neatkar\u012bgi no t\u0101, vai tas darbojas telp\u0101s vai \u0101r\u0101, tas par\u016bp\u0113sies par visu.<\/p>\n<\/li>\n<li style=\"font-size:14px;color:rgb(34, 34, 34)\">\n<p>Vienk\u0101r\u0161a uzst\u0101d\u012b\u0161ana: Uzst\u0101d\u012b\u0161ana ir pavisam vienk\u0101r\u0161a! Vienk\u0101r\u0161i piestipriniet m\u016bsu elektrisko \u0137\u0113des pac\u0113l\u0101ju pie griestiem, izmantojot met\u0101la vai koka l\u012bstes. Tas ir apr\u012bkots ar av\u0101rijas aptur\u0113\u0161anas meh\u0101nismu un elektromagn\u0113tisko bremzi, t\u0101p\u0113c varat atp\u016bsties, zinot, ka tas ir dro\u0161i.<\/p>\n<\/li>\n<li style=\"font-size:14px;color:rgb(34, 34, 34)\">\n<p>Pagarin\u0101ts vad\u012bbas kabelis: Esiet dro\u0161\u012bb\u0101 un kontrol\u0113jiet sist\u0113mu ar m\u016bsu pagarin\u0101to 10 p\u0113du (3 metru) kabeli. Vadiet \u0137\u0113des elektrisko pac\u0113l\u0101ju no \u0113rta att\u0101luma, izmantojot \u0113rti lietojamo roktura sl\u0113dzi.<\/p>\n<\/li>\n<li style=\"font-size:14px;color:rgb(34, 34, 34)\">\n<p>Viens pac\u0113l\u0101js visiem darbiem: Ide\u0101li piem\u0113rots gar\u0101\u017e\u0101m, veikaliem, viesn\u012bc\u0101m un m\u0101j\u0101m, m\u016bsu elektrisk\u0101 \u0137\u0113des pac\u0113l\u0101ja ir profesion\u0101\u013cu un hobiju entuziastu iecien\u012bt\u0101kais instruments. Viegli paceliet laivas, automa\u0161\u012bnas, z\u0101les p\u013c\u0101v\u0113jus, golfa rati\u0146us, m\u0101jas dekoru, dzin\u0113jus, laukakme\u0146us, kokus, smago tehniku vai pat pakariniet med\u012bbu trofejas. Tas ir daudzpus\u012bgais pal\u012bgs, ko mekl\u0113j\u0101t!<\/p>\n<\/li>\n<\/ul>\n<\/div>\n<div>\n<div>\n<div style=\"margin:16px 0px 24px;margin-bottom:24px;margin-top:16px;margin-left:0px;margin-right:0px\"><img decoding=\"async\" style=\"width:100%\" width=\"100%\" src=\"https:\/\/d2qc09rl1gfuof.cloudfront.net\/product\/DDSHLHLDXD11P0U2T\/chain-hoist-a100-1.11-pt.jpg\" slate-data-type=\"image\"\/><\/div>\n<\/div>\n<\/div>\n<\/div>\n<\/div>\n<\/div>\n<p><\/p>","protected":false},"excerpt":{"rendered":"<p>Hign-concerned Chemical:&nbsp;None Model Number:&nbsp;H10 Origin:&nbsp;Mainland China Brand Name:&nbsp;VEVOR VEVOR Electric Chain Hoist \u2013 Change the Way You Look at Lifting Tackle any heavy lifter with 2200 lbs of strength! Our<\/p>","protected":false},"featured_media":24975,"comment_status":"open","ping_status":"closed","template":"","meta":{"_acf_changed":false},"product_brand":[],"product_cat":[517],"product_tag":[],"class_list":{"0":"post-24974","1":"product","2":"type-product","3":"status-publish","4":"has-post-thumbnail","6":"product_cat-electric-lifting-hoists","8":"first","9":"instock","10":"shipping-taxable","11":"purchasable","12":"product-type-variable"},"acf":[],"_links":{"self":[{"href":"https:\/\/www.electricstore.eu\/lv\/wp-json\/wp\/v2\/product\/24974","targetHints":{"allow":["GET"]}}],"collection":[{"href":"https:\/\/www.electricstore.eu\/lv\/wp-json\/wp\/v2\/product"}],"about":[{"href":"https:\/\/www.electricstore.eu\/lv\/wp-json\/wp\/v2\/types\/product"}],"replies":[{"embeddable":true,"href":"https:\/\/www.electricstore.eu\/lv\/wp-json\/wp\/v2\/comments?post=24974"}],"wp:featuredmedia":[{"embeddable":true,"href":"https:\/\/www.electricstore.eu\/lv\/wp-json\/wp\/v2\/media\/24975"}],"wp:attachment":[{"href":"https:\/\/www.electricstore.eu\/lv\/wp-json\/wp\/v2\/media?parent=24974"}],"wp:term":[{"taxonomy":"product_brand","embeddable":true,"href":"https:\/\/www.electricstore.eu\/lv\/wp-json\/wp\/v2\/product_brand?post=24974"},{"taxonomy":"product_cat","embeddable":true,"href":"https:\/\/www.electricstore.eu\/lv\/wp-json\/wp\/v2\/product_cat?post=24974"},{"taxonomy":"product_tag","embeddable":true,"href":"https:\/\/www.electricstore.eu\/lv\/wp-json\/wp\/v2\/product_tag?post=24974"}],"curies":[{"name":"wp","href":"https:\/\/api.w.org\/{rel}","templated":true}]}}