{"id":24918,"date":"2025-05-20T18:43:27","date_gmt":"2025-05-20T18:43:27","guid":{"rendered":"https:\/\/electricstore.eu\/p\/uncategorized\/vevor-3t-chain-sling-6-ft-heavy-duty-lifting-chains-with-2-leg-grab-hooks-g80-for-engine-manual-hoist-lifting-tool\/"},"modified":"2025-05-20T18:46:19","modified_gmt":"2025-05-20T18:46:19","slug":"vevor-3t-chain-sling-6-ft-heavy-duty-lifting-chains-with-2-leg-grab-hooks-g80-for-engine-manual-hoist-lifting-tool","status":"publish","type":"product","link":"https:\/\/www.electricstore.eu\/lv\/p\/o\/electric-lifting-hoists\/vevor-3t-chain-sling-6-ft-heavy-duty-lifting-chains-with-2-leg-grab-hooks-g80-for-engine-manual-hoist-lifting-tool\/","title":{"rendered":"VEVOR 3T \u0137\u0113des stropes, 6 p\u0113das, iztur\u012bgas cel\u0161anas \u0137\u0113des ar 2 k\u0101ju satver\u0161anas \u0101\u0137iem, G80, paredz\u0113tas manu\u0101lai dzin\u0113ja pac\u0113l\u0101ja cel\u0161anas iek\u0101rtai"},"content":{"rendered":"<div class=\"product-specs-list-container\">\n<ul class=\"product-specs-list util-clearfix\">\n<li class=\"product-prop line-limit-length\"><span\n                                        class=\"property-title\">Augstas ba\u017eas izraiso\u0161a \u0137\u012bmiska viela:&nbsp;<\/span><span\n                                        class=\"property-desc line-limit-length\">Neviens<\/span>\n                            <\/li>\n<li class=\"product-prop line-limit-length\"><span\n                                        class=\"property-title\">Mode\u013ca numurs:&nbsp;<\/span><span\n                                        class=\"property-desc line-limit-length\">DL8mmx1.8m-2A<\/span>\n                            <\/li>\n<li class=\"product-prop line-limit-length\"><span\n                                        class=\"property-title\">Pa\u0161darin\u0101\u0161anas piederumi:&nbsp;<\/span><span\n                                        class=\"property-desc line-limit-length\">Met\u0101lapstr\u0101de<\/span>\n                            <\/li>\n<li class=\"product-prop line-limit-length\"><span\n                                        class=\"property-title\">Materi\u0101ls:&nbsp;<\/span><span\n                                        class=\"property-desc line-limit-length\">Ner\u016bs\u0113jo\u0161ais t\u0113rauds<\/span>\n                            <\/li>\n<li class=\"product-prop line-limit-length\"><span\n                                        class=\"property-title\">Z\u012bmola nosaukums:&nbsp;<\/span><span\n                                        class=\"property-desc line-limit-length\">VEVOR<\/span>\n                            <\/li>\n<li class=\"product-prop line-limit-length\"><span\n                                        class=\"property-title\">Izcelsme:&nbsp;<\/span><span\n                                        class=\"property-desc line-limit-length\">Kontinent\u0101l\u0101 \u0136\u012bna<\/span>\n                            <\/li>\n<li class=\"product-prop line-limit-length\"><span\n                                        class=\"property-title\">Z\u012bmols:&nbsp;<\/span><span\n                                        class=\"property-desc line-limit-length\">VEVOR<\/span>\n                            <\/li>\n<li class=\"product-prop line-limit-length\"><span\n                                        class=\"property-title\">Vienas \u0137\u0113des garums:&nbsp;<\/span><span\n                                        class=\"property-desc line-limit-length\">6 p\u0113das\/180 cm<\/span>\n                            <\/li>\n<li class=\"product-prop line-limit-length\"><span\n                                        class=\"property-title\">Kop\u0113j\u0101 iztur\u012bbas pak\u0101pe:&nbsp;<\/span><span\n                                        class=\"property-desc line-limit-length\">G80<\/span>\n                            <\/li>\n<li class=\"product-prop line-limit-length\"><span\n                                        class=\"property-title\">Maksim\u0101l\u0101 dro\u0161\u0101 slodze:&nbsp;<\/span><span\n                                        class=\"property-desc line-limit-length\">6600 m\u0101rci\u0146as\/2993 kg<\/span>\n                            <\/li>\n<li class=\"product-prop line-limit-length\"><span\n                                        class=\"property-title\">Produkta svars:&nbsp;<\/span><span\n                                        class=\"property-desc line-limit-length\">16,53 m\u0101rci\u0146as\/7,5 kg<\/span>\n                            <\/li>\n<li class=\"product-prop line-limit-length\"><span\n                                        class=\"property-title\">Tips:&nbsp;<\/span><span\n                                        class=\"property-desc line-limit-length\">\u0136\u0113des slings<\/span>\n                            <\/li>\n<\/ul><\/div>\n<div class=\"detailmodule_html\">\n<div class=\"detail-desc-decorate-richtext\">\n<div><\/div>\n<div style=\"font-family:&quot;Open sans&quot;, Arial, Helvetica, sans-serif\">\n<div><img decoding=\"async\" style=\"width:100%\" width=\"100%\" src=\"https:\/\/d2qc09rl1gfuof.cloudfront.net\/vevor\/boutique-banner\/pc\/banner-en.jpg\" slate-data-type=\"image\"\/><\/div>\n<div>\n<div style=\"font-size:16px;font-weight:bold;text-align:center;color:rgb(34, 34, 34);margin:24px 0px;margin-bottom:24px;margin-top:24px;margin-left:0px;margin-right:0px\" align=\"center\">VEVOR \u0137\u0113des stropes \u2013 dro\u0161as kravas ar iztur\u012bbu un vieglumu<\/div>\n<div><img decoding=\"async\" style=\"width:100%\" width=\"100%\" src=\"https:\/\/d2qc09rl1gfuof.cloudfront.net\/product\/DGDLHHMGFH1J576AY\/chain-sling-a100-1.4-pt.jpg\" slate-data-type=\"image\"\/><\/div>\n<div style=\"font-size:14px;text-align:center;color:rgb(34, 34, 34);margin:16px 0px 24px;margin-bottom:24px;margin-top:16px;margin-left:0px;margin-right:0px\" align=\"center\">VEVOR, j\u016bsu ekskluz\u012bvais instrumentu eksperts. \u0160\u012b \u0137\u0113des strope ir izgatavota no augstas kvalit\u0101tes t\u0113rauda. Tai ir ar\u012b \u0101\u0137i ar atsperes m\u0113l\u012bt\u0113m, lai lab\u0101k satvertu un nostiprin\u0101tu lielas kravas.<\/div>\n<\/div>\n<div>\n<div>\u00a0<\/div>\n<div style=\"margin:8px 0px;margin-bottom:8px;margin-top:8px;margin-left:0px;margin-right:0px\"><img decoding=\"async\" style=\"width:100%\" width=\"100%\" src=\"https:\/\/d2qc09rl1gfuof.cloudfront.net\/product\/DGDLHHMGFH1J576AY\/chain-sling-a100-2.2-pt.jpg\" slate-data-type=\"image\"\/><\/div>\n<div style=\"font-size:14px;text-align:center;color:rgb(34, 34, 34);margin:16px 0px 24px;margin-bottom:24px;margin-top:16px;margin-left:0px;margin-right:0px\" align=\"center\">Pacel\u0161anas cilpu \u0137\u0113des ir apstr\u0101d\u0101tas ar meln\u0113\u0161anas apstr\u0101di, un gredzeni\/\u0101\u0137i ir apstr\u0101d\u0101ti ar plastmasas izsmidzin\u0101\u0161anu. Tie ir skaisti un ner\u016bs\u0113jo\u0161i, p\u0113c ilgsto\u0161as lieto\u0161anas k\u0101 jauni.<\/div>\n<\/div>\n<div>\n<div>\u00a0<\/div>\n<div style=\"margin:8px 0px;margin-bottom:8px;margin-top:8px;margin-left:0px;margin-right:0px\"><img decoding=\"async\" style=\"width:100%\" width=\"100%\" src=\"https:\/\/d2qc09rl1gfuof.cloudfront.net\/product\/DGDLHHMGFH1J576AY\/chain-sling-a100-2.3-pt.jpg\" slate-data-type=\"image\"\/><\/div>\n<div style=\"font-size:14px;text-align:center;color:rgb(34, 34, 34);margin:16px 0px 24px;margin-bottom:24px;margin-top:16px;margin-left:0px;margin-right:0px\" align=\"center\">\u0160\u012b pacel\u0161anas \u0137\u0113de ir apr\u012bkota ar atsperes m\u0113li priek\u0161metu dro\u0161ai pacel\u0161anai. \u0136\u0113des garumu ir viegli piel\u0101got, lai tas atbilstu da\u017e\u0101da apjoma svariem.<\/div>\n<\/div>\n<div>\n<div>\u00a0<\/div>\n<div style=\"margin:8px 0px;margin-bottom:8px;margin-top:8px;margin-left:0px;margin-right:0px\"><img decoding=\"async\" style=\"width:100%\" width=\"100%\" src=\"https:\/\/d2qc09rl1gfuof.cloudfront.net\/product\/DGDLHHMGFH1J576AY\/chain-sling-a100-2.4-pt.jpg\" slate-data-type=\"image\"\/><\/div>\n<div style=\"font-size:14px;text-align:center;color:rgb(34, 34, 34);margin:16px 0px 24px;margin-bottom:24px;margin-top:16px;margin-left:0px;margin-right:0px\" align=\"center\">M\u016bsu dzin\u0113ja pacel\u0161anas \u0137\u0113de tiek izmantota da\u017e\u0101d\u0101m cel\u0161anas un p\u0101rvieto\u0161anas darb\u012bb\u0101m, tostarp ba\u013c\u0137iem, t\u0113rauda sij\u0101m, doku sekcij\u0101m, lauksaimniec\u012bbas instrumentiem, automa\u0161\u012bnu dzin\u0113jiem, \u0101trumk\u0101rb\u0101m, kravas automa\u0161\u012bnu un traktoru riep\u0101m utt.<\/div>\n<\/div>\n<div>\n<div>\u00a0<\/div>\n<div style=\"margin:8px 0px;margin-bottom:8px;margin-top:8px;margin-left:0px;margin-right:0px\"><img decoding=\"async\" style=\"width:100%\" width=\"100%\" src=\"https:\/\/d2qc09rl1gfuof.cloudfront.net\/product\/DGDLHHMGFH1J576AY\/chain-sling-a100-2.5-pt.jpg\" slate-data-type=\"image\"\/><\/div>\n<div style=\"font-size:14px;text-align:center;color:rgb(34, 34, 34);margin:16px 0px 24px;margin-bottom:24px;margin-top:16px;margin-left:0px;margin-right:0px\" align=\"center\">Stropes \u0137\u0113des labi izstr\u0101d\u0101t\u0101s deta\u013cas var apmierin\u0101t j\u016bsu da\u017e\u0101d\u0101s pras\u012bbas priek\u0161metu cel\u0161an\u0101 un pal\u012bdz\u0113t atrisin\u0101t visu veidu probl\u0113mas.<\/div>\n<\/div>\n<div style=\"margin:16px 0px 24px;margin-bottom:24px;margin-top:16px;margin-left:0px;margin-right:0px\"><\/div>\n<div style=\"margin:24px 0px;margin-bottom:24px;margin-top:24px;margin-left:0px;margin-right:0px\">\n<div style=\"font-size:16px;font-weight:bold;color:rgb(34, 34, 34);margin:24px 0px 16px;margin-bottom:16px;margin-top:24px;margin-left:0px;margin-right:0px\">Funkcijas un inform\u0101cija<\/div>\n<ul style=\"margin:16px 0px 24px;margin-bottom:24px;margin-top:16px;margin-left:0px;margin-right:0px\">\n<li style=\"font-size:14px;color:rgb(34, 34, 34)\">\n<p>6600 m\u0101rci\u0146u celtsp\u0113ja: \u0137\u0113des garums: 6 p\u0113das. \u0136\u0113des diametrs: 5\/16 collas. Maksim\u0101l\u0101 darba celtsp\u0113ja: 6600 m\u0101rci\u0146as. J\u016bs varat \u0113rti izmantot m\u016bsu cel\u0161anas \u0137\u0113des, pateicoties augstajam dro\u0161\u012bbas koeficientam.<\/p>\n<\/li>\n<li style=\"font-size:14px;color:rgb(34, 34, 34)\">\n<p>Iztur\u012bga \u0137\u0113de un \u0101\u0137i: M\u016bsu \u0137\u0113des stropes ir izgatavotas no G80 Mn t\u0113rauda \u0137\u0113des un le\u0123\u0113t\u0101 t\u0113rauda \u0101\u0137a, un t\u0101m ir piln\u012bb\u0101 autom\u0101tiska metin\u0101\u0161anas tehnolo\u0123ija, kas paredz\u0113ta ilgsto\u0161ai lieto\u0161anai.<\/p>\n<\/li>\n<li style=\"font-size:14px;color:rgb(34, 34, 34)\">\n<p>Ar diviem regul\u0113t\u0101jiem: M\u016bsu stropes \u0137\u0113des ir apr\u012bkotas ar diviem regul\u0113t\u0101jiem, j\u016bs varat regul\u0113t \u0137\u0113des garumu, izmantojot regul\u0113t\u0101jus. Lai, ce\u013cot neregul\u0101ras formas priek\u0161metus, t\u0101 b\u016btu dro\u0161\u0101ka un stabil\u0101ka.<\/p>\n<\/li>\n<li style=\"font-size:14px;color:rgb(34, 34, 34)\">\n<p>Lieto\u0161anas piesardz\u012bbas pas\u0101kumi: Priek\u0161metam j\u0101b\u016bt pak\u0101rtam \u0101\u0137a centr\u0101. \u0100\u0137a mala nedr\u012bkst b\u016bt iek\u0101rta. Cel\u0161anas cilpas \u0137\u0113de nedr\u012bkst b\u016bt sav\u012bta, apgriezta vai sav\u012bta.<\/p>\n<\/li>\n<li style=\"font-size:14px;color:rgb(34, 34, 34)\">\n<p>Pla\u0161s pielietojums: Dzin\u0113ja pacel\u0161anas \u0137\u0113de tiek pla\u0161i izmantota da\u017e\u0101d\u0101s cel\u0161anas un mobilaj\u0101s darb\u012bb\u0101s, tostarp ba\u013c\u0137u, t\u0113rauda siju, doku sekciju, lauksaimniec\u012bbas instrumentu, automa\u0161\u012bnu dzin\u0113ju, \u0101trumk\u0101rbu, kravas automa\u0161\u012bnu, traktoru riepu u.c. cel\u0161anai.<\/p>\n<\/li>\n<\/ul>\n<\/div>\n<div>\n<div>\u00a0<\/div>\n<div>\n<div>\u00a0<\/div>\n<div style=\"margin:16px 0px 24px;margin-bottom:24px;margin-top:16px;margin-left:0px;margin-right:0px\"><strong>8 mm<\/strong><\/div>\n<div style=\"margin:16px 0px 24px;margin-bottom:24px;margin-top:16px;margin-left:0px;margin-right:0px\"><img decoding=\"async\" style=\"width:100%\" width=\"100%\" src=\"https:\/\/d2qc09rl1gfuof.cloudfront.net\/product\/DGDLHHMGFH1J576AY\/chain-sling-a100-1.11-pt.jpg\" slate-data-type=\"image\"\/><\/div>\n<\/div>\n<\/div>\n<div>\n<div>\u00a0<\/div>\n<div>\n<div>\u00a0<\/div>\n<div style=\"margin:16px 0px 24px;margin-bottom:24px;margin-top:16px;margin-left:0px;margin-right:0px\"><strong>10 mm<\/strong><\/div>\n<div style=\"margin:16px 0px 24px;margin-bottom:24px;margin-top:16px;margin-left:0px;margin-right:0px\"><img decoding=\"async\" style=\"width:100%\" width=\"100%\" src=\"https:\/\/d2qc09rl1gfuof.cloudfront.net\/product\/DGDLMGFH1JZ67A30T\/chain-sling-a100-1.11-pt.jpg\" slate-data-type=\"image\"\/><\/div>\n<\/div>\n<\/div>\n<\/div>\n<\/div>\n<\/div>\n<p><\/p>","protected":false},"excerpt":{"rendered":"<p>Hign-concerned Chemical:&nbsp;None Model Number:&nbsp;DL8mmx1.8m-2A DIY Supplies:&nbsp;Metalworking Material:&nbsp;Stainless steel Brand Name:&nbsp;VEVOR Origin:&nbsp;Mainland China Brand:&nbsp;VEVOR Single Chain Length:&nbsp;6 ft\/180 cm Overall Strength Grade:&nbsp;G80 Max Secure Load:&nbsp;6600 lbs\/2993 kg Product Weight:&nbsp;16.53 lbs\/7.5 kg<\/p>","protected":false},"featured_media":24919,"comment_status":"open","ping_status":"closed","template":"","meta":{"_acf_changed":false},"product_brand":[],"product_cat":[517],"product_tag":[],"class_list":{"0":"post-24918","1":"product","2":"type-product","3":"status-publish","4":"has-post-thumbnail","6":"product_cat-electric-lifting-hoists","8":"first","9":"instock","10":"shipping-taxable","11":"purchasable","12":"product-type-variable"},"acf":[],"_links":{"self":[{"href":"https:\/\/www.electricstore.eu\/lv\/wp-json\/wp\/v2\/product\/24918","targetHints":{"allow":["GET"]}}],"collection":[{"href":"https:\/\/www.electricstore.eu\/lv\/wp-json\/wp\/v2\/product"}],"about":[{"href":"https:\/\/www.electricstore.eu\/lv\/wp-json\/wp\/v2\/types\/product"}],"replies":[{"embeddable":true,"href":"https:\/\/www.electricstore.eu\/lv\/wp-json\/wp\/v2\/comments?post=24918"}],"wp:featuredmedia":[{"embeddable":true,"href":"https:\/\/www.electricstore.eu\/lv\/wp-json\/wp\/v2\/media\/24919"}],"wp:attachment":[{"href":"https:\/\/www.electricstore.eu\/lv\/wp-json\/wp\/v2\/media?parent=24918"}],"wp:term":[{"taxonomy":"product_brand","embeddable":true,"href":"https:\/\/www.electricstore.eu\/lv\/wp-json\/wp\/v2\/product_brand?post=24918"},{"taxonomy":"product_cat","embeddable":true,"href":"https:\/\/www.electricstore.eu\/lv\/wp-json\/wp\/v2\/product_cat?post=24918"},{"taxonomy":"product_tag","embeddable":true,"href":"https:\/\/www.electricstore.eu\/lv\/wp-json\/wp\/v2\/product_tag?post=24918"}],"curies":[{"name":"wp","href":"https:\/\/api.w.org\/{rel}","templated":true}]}}