{"id":24907,"date":"2025-05-20T18:43:23","date_gmt":"2025-05-20T18:43:23","guid":{"rendered":"https:\/\/electricstore.eu\/p\/uncategorized\/vevor-lifting-chain-sling-lifts-5-tonne-1-5m-3m-4m-x-5-16-inch-heavy-duty-with-4-legs-grade-hooks-and-adjuster-g80-alloy-steel\/"},"modified":"2025-05-20T18:45:47","modified_gmt":"2025-05-20T18:45:47","slug":"vevor-lifting-chain-sling-lifts-5-tonne-1-5m-3m-4m-x-5-16-inch-heavy-duty-with-4-legs-grade-hooks-and-adjuster-g80-alloy-steel","status":"publish","type":"product","link":"https:\/\/www.electricstore.eu\/lv\/p\/o\/electric-lifting-hoists\/vevor-lifting-chain-sling-lifts-5-tonne-1-5m-3m-4m-x-5-16-inch-heavy-duty-with-4-legs-grade-hooks-and-adjuster-g80-alloy-steel\/","title":{"rendered":"VEVOR pacel\u0161anas \u0137\u0113des stropes 5 tonnas 1,5 m 3 m 4 m x 5\/16 collas, iztur\u012bgas ar 4 k\u0101ju \u0101\u0137iem un regulatoru, G80 le\u0123\u0113tais t\u0113rauds"},"content":{"rendered":"<div class=\"product-specs-list-container\">\n<ul class=\"product-specs-list util-clearfix\">\n<li class=\"product-prop line-limit-length\"><span\n                                        class=\"property-title\">Augstas ba\u017eas izraiso\u0161a \u0137\u012bmiska viela:&nbsp;<\/span><span\n                                        class=\"property-desc line-limit-length\">Neviens<\/span>\n                            <\/li>\n<li class=\"product-prop line-limit-length\"><span\n                                        class=\"property-title\">Izcelsme:&nbsp;<\/span><span\n                                        class=\"property-desc line-limit-length\">Kontinent\u0101l\u0101 \u0136\u012bna<\/span>\n                            <\/li>\n<li class=\"product-prop line-limit-length\"><span\n                                        class=\"property-title\">Z\u012bmola nosaukums:&nbsp;<\/span><span\n                                        class=\"property-desc line-limit-length\">VEVOR<\/span>\n                            <\/li>\n<\/ul><\/div>\n<p><\/p>\n<div class=\"detailmodule_html\">\n<div class=\"detail-desc-decorate-richtext\">\n<div>\n<\/div>\n<div style=\"padding:20px;padding-bottom:20px;padding-top:20px;padding-left:20px;padding-right:20px\">\n<div style=\"text-align:center;width:100%\" align=\"center\"><img decoding=\"async\" src=\"https:\/\/vevor-bmp-prm.s3.ap-east-1.amazonaws.com\/default\/vevor-1.png\" slate-data-type=\"image\"\/><\/div>\n<div style=\"font-size:16px;font-weight:bold;line-height:36px\">Produkta apraksts<\/div>\n<div style=\"width:100%\"><img decoding=\"async\" src=\"https:\/\/d2qc09rl1gfuof.cloudfront.net\/product\/4MSGLT00000000001\/chain-slings-a100-1.4.jpg\" slate-data-type=\"image\"\/><\/div>\n<div style=\"margin-top:15px;display:flex\">\n<div style=\"width:33%\"><img decoding=\"async\" style=\"width:100%\" width=\"100%\" src=\"https:\/\/d2qc09rl1gfuof.cloudfront.net\/product\/4MSGLT00000000001\/four-leg-Lifting-Chain-x1.jpg\" slate-data-type=\"image\"\/><\/div>\n<div style=\"padding:0px 15px;padding-bottom:0px;padding-top:0px;padding-left:15px;padding-right:15px;width:33%\">\n<div style=\"font-size:16px;font-weight:bold;line-height:36px\">5\/16&#039;&#039;x13&#039; \u0137\u0113des strope<\/div>\n<div style=\"font-size:14px\"><\/div>\n<div style=\"font-size:14px\">\u0160\u012b \u010detru k\u0101ju \u0137\u0113des strope ir izgatavota no G80 Mn t\u0113rauda \u0137\u0113des un le\u0123\u0113t\u0101 t\u0113rauda \u0101\u0137a ar pulverkr\u0101sojumu, kas sprieguma ietekm\u0113 neizstiepjas. T\u0101 ir nodilumiztur\u012bga un iztur\u012bga pret augstu temperat\u016bru, lai nodro\u0161in\u0101tu ilgu kalpo\u0161anas laiku, kas ir noder\u012bgs instruments darba efektivit\u0101tes uzlabo\u0161anai.<\/div>\n<ul style=\"font-size:14px;background-color:rgb(243, 243, 243);border:1px solid rgb(204, 204, 204);margin-top:8px;padding:10px 40px;padding-bottom:10px;padding-top:10px;padding-left:40px;padding-right:40px\">\n<li>\n<p>11 000 m\u0101rci\u0146u iekrau\u0161anas jauda<\/p>\n<\/li>\n<li>\n<p>Iztur\u012bga t\u0113rauda konstrukcija<\/p>\n<\/li>\n<li>\n<p>Iztur\u012bga \u0137\u0113de un \u0101\u0137i<\/p>\n<\/li>\n<li>\n<p>Lieto\u0161anas piesardz\u012bbas pas\u0101kumi<\/p>\n<\/li>\n<\/ul>\n<\/div>\n<div style=\"border-left:1px solid rgb(204, 204, 204);padding:0px 15px;padding-bottom:0px;padding-top:0px;padding-left:15px;padding-right:15px;width:33%\">\n<div>\u00a0<\/div>\n<div style=\"padding:0px 15px;padding-bottom:0px;padding-top:0px;padding-left:15px;padding-right:15px\">\n<div><img decoding=\"async\" style=\"width:100%\" width=\"100%\" src=\"https:\/\/www.jinlantrade.com\/ebay\/VEVOR\/vevor-2.png\" slate-data-type=\"image\"\/><\/div>\n<div style=\"font-size:14px;font-weight:bold;line-height:24px\">Iztur\u012bgs apr\u012bkojums un instrumenti, maks\u0101jiet maz\u0101k<\/div>\n<div style=\"font-size:12px;margin:8px 0px;margin-bottom:8px;margin-top:8px;margin-left:0px;margin-right:0px\">VEVOR ir vado\u0161ais z\u012bmols, kas specializ\u0113jas iek\u0101rtu un instrumentu ra\u017eo\u0161an\u0101. Kop\u0101 ar t\u016bksto\u0161iem motiv\u0113tu darbinieku VEVOR ir ap\u0146\u0113mies nodro\u0161in\u0101t m\u016bsu klientus ar iztur\u012bgu apr\u012bkojumu un instrumentiem par neticami zem\u0101m cen\u0101m. \u0160odien VEVOR produkti tiek p\u0101rdoti vair\u0101k nek\u0101 200 valst\u012bs un re\u0123ionos, un uz\u0146\u0113mumam ir vair\u0101k nek\u0101 10 miljoni biedru vis\u0101 pasaul\u0113.<\/div>\n<div style=\"font-size:14px;font-weight:bold;line-height:24px\">K\u0101p\u0113c izv\u0113l\u0113ties VEVOR?<\/div>\n<ul style=\"font-size:14px;background-color:rgb(243, 243, 243);border:1px solid rgb(204, 204, 204);margin-top:8px;padding:10px 40px;padding-bottom:10px;padding-top:10px;padding-left:40px;padding-right:40px\">\n<li>\n<p>Augst\u0101k\u0101s kvalit\u0101tes iztur\u012bga<\/p>\n<\/li>\n<li>\n<p>Neticami zemas cenas<\/p>\n<\/li>\n<li>\n<p>\u0100tra un dro\u0161a pieg\u0101de<\/p>\n<\/li>\n<li>\n<p>30 dienu bezmaksas atgrie\u0161ana<\/p>\n<\/li>\n<li>\n<p>Uzman\u012bgs serviss visu diennakti<\/p>\n<\/li>\n<\/ul>\n<\/div>\n<\/div>\n<\/div>\n<div style=\"margin-top:30px\">\n<div style=\"font-size:16px;font-weight:bold;line-height:36px\">Galven\u0101s iez\u012bmes<\/div>\n<div style=\"padding:30px;padding-bottom:30px;padding-top:30px;padding-left:30px;padding-right:30px\">\n<div>\n<div style=\"margin-top:15px;padding:0px 15px;padding-bottom:0px;padding-top:0px;padding-left:15px;padding-right:15px;display:inline-block;width:33%;box-sizing:border-box\">\n<div><img decoding=\"async\" style=\"width:100%\" width=\"100%\" src=\"https:\/\/d2qc09rl1gfuof.cloudfront.net\/product\/4MSGLT00000000001\/chain-slings-m100-2.jpg\" slate-data-type=\"image\"\/><\/div>\n<div style=\"font-size:16px;font-weight:bold;line-height:36px\">Liela iekrau\u0161anas jauda<\/div>\n<div style=\"font-size:14px\">T\u0101 nomin\u0101l\u0101 celtsp\u0113ja ir 11 000 m\u0101rci\u0146as, un p\u0101rrau\u0161anas iztur\u012bba ir liel\u0101ka par 800 MPa. Tas j\u0101izmanto nomin\u0101l\u0101s slodzes diapazon\u0101.<\/div>\n<\/div>\n<div style=\"margin-top:15px;padding:0px 15px;padding-bottom:0px;padding-top:0px;padding-left:15px;padding-right:15px;display:inline-block;width:33%;box-sizing:border-box\">\n<div><img decoding=\"async\" style=\"width:100%\" width=\"100%\" src=\"https:\/\/d2qc09rl1gfuof.cloudfront.net\/product\/4MSGLT00000000001\/chain-slings-m100-3.jpg\" slate-data-type=\"image\"\/><\/div>\n<div style=\"font-size:16px;font-weight:bold;line-height:36px\">Iztur\u012bga strukt\u016bra<\/div>\n<div style=\"font-size:14px\">Visa konstrukcija ir izgatavota no augst\u0101k\u0101s kvalit\u0101tes t\u0113rauda materi\u0101la, kam ir lab\u0101ka iztur\u012bba pret koroziju, r\u016bsu un nodilumu.<\/div>\n<\/div>\n<div style=\"margin-top:15px;padding:0px 15px;padding-bottom:0px;padding-top:0px;padding-left:15px;padding-right:15px;display:inline-block;width:33%;box-sizing:border-box\">\n<div><img decoding=\"async\" style=\"width:100%\" width=\"100%\" src=\"https:\/\/d2qc09rl1gfuof.cloudfront.net\/product\/4MSGLT00000000001\/chain-slings-m100-4.jpg\" slate-data-type=\"image\"\/><\/div>\n<div style=\"font-size:16px;font-weight:bold;line-height:36px\">Iztur\u012bga \u0137\u0113de<\/div>\n<div style=\"font-size:14px\">5\/16&#039;&#039;x13&#039; gara \u0137\u0113de ir izgatavota no Mn t\u0113rauda. T\u0101 ir nodilumiztur\u012bga un neizstiepjas, ja tiek pak\u013cauta slodzei.<\/div>\n<\/div>\n<div style=\"margin-top:15px;padding:0px 15px;padding-bottom:0px;padding-top:0px;padding-left:15px;padding-right:15px;display:inline-block;width:33%;box-sizing:border-box\">\n<div><img decoding=\"async\" style=\"width:100%\" width=\"100%\" src=\"https:\/\/d2qc09rl1gfuof.cloudfront.net\/product\/4MSGLT00000000001\/chain-slings-m100-5.jpg\" slate-data-type=\"image\"\/><\/div>\n<div style=\"font-size:16px;font-weight:bold;line-height:36px\">Pa\u0161blo\u0137\u0113jo\u0161i \u0101\u0137i<\/div>\n<div style=\"font-size:14px\">\u0100\u0137is ir izgatavots no le\u0123\u0113t\u0101 t\u0113rauda, lai apmierin\u0101tu iztur\u012bbas un ciet\u012bbas pras\u012bbas un nov\u0113rstu sl\u012bd\u0113\u0161anu.<\/div>\n<\/div>\n<div style=\"margin-top:15px;padding:0px 15px;padding-bottom:0px;padding-top:0px;padding-left:15px;padding-right:15px;display:inline-block;width:33%;box-sizing:border-box\">\n<div><img decoding=\"async\" style=\"width:100%\" width=\"100%\" src=\"https:\/\/d2qc09rl1gfuof.cloudfront.net\/product\/4MSGLT00000000001\/chain-slings-m100-6.jpg\" slate-data-type=\"image\"\/><\/div>\n<div style=\"font-size:16px;font-weight:bold;line-height:36px\">Viegli lietojams<\/div>\n<div style=\"font-size:14px\">Pievienojiet piekaramo gredzenu pac\u0113l\u0101jam, uz\u0101\u0137\u0113jiet kravas un varat s\u0101kt cel\u0161anu.<\/div>\n<\/div>\n<div style=\"margin-top:15px;padding:0px 15px;padding-bottom:0px;padding-top:0px;padding-left:15px;padding-right:15px;display:inline-block;width:33%;box-sizing:border-box\">\n<div><img decoding=\"async\" style=\"width:100%\" width=\"100%\" src=\"https:\/\/d2qc09rl1gfuof.cloudfront.net\/product\/4MSGLT00000000001\/chain-slings-m100-7.jpg\" slate-data-type=\"image\"\/><\/div>\n<div style=\"font-size:16px;font-weight:bold;line-height:36px\">Pla\u0161i izmantots<\/div>\n<div style=\"font-size:14px\">Piem\u0113rots kravu cel\u0161anai vai p\u0101rvieto\u0161anai da\u017e\u0101d\u0101s nozar\u0113s, piem\u0113ram, ma\u0161\u012bnb\u016bv\u0113, r\u016bpn\u012bc\u0101s, noliktav\u0101s, gar\u0101\u017e\u0101s utt.<\/div>\n<\/div>\n<\/div>\n<\/div>\n<\/div>\n<div style=\"margin-top:15px;display:flex\">\n<div style=\"width:33%\"><img decoding=\"async\" style=\"width:100%\" width=\"100%\" src=\"https:\/\/d2qc09rl1gfuof.cloudfront.net\/product\/4MSGLT00000000001\/chain-slings-a100-2.jpg\" slate-data-type=\"image\"\/><\/div>\n<div style=\"padding:0px 15px;padding-bottom:0px;padding-top:0px;padding-left:15px;padding-right:15px;width:33%\">\n<div style=\"font-size:16px;font-weight:bold;line-height:36px\">Specifik\u0101cijas<\/div>\n<ul style=\"font-size:14px;border:1px solid rgb(204, 204, 204);margin-top:8px;padding:10px 40px;padding-bottom:10px;padding-top:10px;padding-left:40px;padding-right:40px\">\n<li>\n<p>Materi\u0101ls: G80, le\u0123\u0113tais t\u0113rauds<\/p>\n<\/li>\n<li>\n<p>\u0136\u0113des sakne: 4<\/p>\n<\/li>\n<li>\n<p>\u0136\u0113des diametrs: 5\/16&quot;\/8 mm<\/p>\n<\/li>\n<li>\n<p>Darba garums: 13 p\u0113das\/4 m<\/p>\n<\/li>\n<li>\n<p>Celtsp\u0113ja: 11\u00a0000 m\u0101rci\u0146as\/5 t<\/p>\n<\/li>\n<li>\n<p>Dro\u0161\u012bbas koeficients: 4:1<\/p>\n<\/li>\n<\/ul>\n<\/div>\n<div style=\"border-left:1px solid rgb(204, 204, 204);padding:0px 15px;padding-bottom:0px;padding-top:0px;padding-left:15px;padding-right:15px;width:33%\">\n<div style=\"width:100%\"><img decoding=\"async\" style=\"width:100%\" width=\"100%\" src=\"https:\/\/d2qc09rl1gfuof.cloudfront.net\/product\/4MSGLT00000000001\/chain-slings-a100-3.jpg\" slate-data-type=\"image\"\/><\/div>\n<div style=\"font-size:14px;font-weight:bold;line-height:24px\">Iepakojuma saturs<\/div>\n<ul style=\"font-size:14px;background-color:rgb(243, 243, 243);border:1px solid rgb(204, 204, 204);margin-top:8px;padding:10px 40px;padding-bottom:10px;padding-top:10px;padding-left:40px;padding-right:40px\">\n<li>\n<p>1 x \u0137\u0113des stropes<\/p>\n<\/li>\n<\/ul>\n<\/div>\n<\/div>\n<div>\u00a0<\/div>\n<div>\n<div style=\"font-size:16px;font-weight:bold;line-height:36px\">Funkcijas un inform\u0101cija<\/div>\n<ul style=\"font-size:14px;padding-left:40px\">\n<li>\n<p>\u3010Iekrau\u0161anas jauda 11 000 m\u0101rci\u0146u\u3011 - \u0136\u0113des garums: 13 p\u0113das. \u0136\u0113des diametrs: 5\/16 collas. P\u0101rr\u0101vuma iztur\u012bba ir vair\u0101k nek\u0101 800 mpa. Darba jauda: 11 000 m\u0101rci\u0146as. J\u016bs varat \u0113rti lietot \u0161o produktu, pateicoties augstajam dro\u0161\u012bbas koeficientam.<\/p>\n<\/li>\n<li>\n<p>\u3010IZTUR\u012aGA T\u0112RAUDA KONSTRUKCIJA\u3011 - M\u016bsu \u0137\u0113des stropes ir izgatavotas no G80 Mn t\u0113rauda \u0137\u0113des un le\u0123\u0113t\u0101 t\u0113rauda \u0101\u0137a, un t\u0101m ir piln\u012bb\u0101 autom\u0101tiska metin\u0101\u0161anas tehnolo\u0123ija, kas paredz\u0113ta ilgsto\u0161ai lieto\u0161anai.<\/p>\n<\/li>\n<li>\n<p>\u3010IZTUR\u012aGA \u0136\u0112DE UN \u0100\u0136I\u3011 - \u0160\u012bs \u0137\u0113des stropes \u0137\u0113de ir izgatavota no G80 Mn t\u0113rauda. Pacel\u0161anas posms un \u0101\u0137is ir no le\u0123\u0113t\u0101 t\u0113rauda ar pulverkr\u0101sojumu. Tas ir iztur\u012bgs pret nodilumu un augstu temperat\u016bru.<\/p>\n<\/li>\n<li>\n<p>\u3010LIETO\u0160ANAS PIESARDZ\u012aBAS PAS\u0100KUMI\u3011- Priek\u0161metiem j\u0101kar\u0101jas \u0101\u0137a centr\u0101. \u0100\u0137a mala nedr\u012bkst kar\u0101ties. Nav at\u013cauts lietot \u0137\u0113di deform\u0113t\u0101, apgriezt\u0101 vai sapinu\u0161os st\u0101vokl\u012b.<\/p>\n<\/li>\n<li>\n<p>\u3010PLA\u0160S PIELIETOJUMS\u3011 - Tas ir lieliski piem\u0113rots da\u017e\u0101d\u0101m cel\u0161anas un p\u0101rvieto\u0161anas darb\u012bb\u0101m r\u016bpn\u012bc\u0101s, b\u016bvlaukumos, kalnr\u016bpniec\u012bb\u0101, ost\u0101s, \u0113k\u0101s utt. Iztur\u012bg\u0101 \u0137\u0113des strope ir paredz\u0113ta kravu dro\u0161\u012bbas vilk\u0161anai un apstr\u0101dei.<\/p>\n<\/li>\n<li>\n<p>\u0136\u0113des lieto\u0161ana<\/p>\n<\/li>\n<li>\n<p>Ja par\u0101d\u0101s k\u0101da no t\u0101l\u0101k min\u0113taj\u0101m paz\u012bm\u0113m, \u0137\u0113\u017eu stropu lieto\u0161ana nekav\u0113joties j\u0101p\u0101rtrauc<\/p>\n<\/li>\n<li>\n<p>A. Boj\u0101ts diametrs ori\u0123in\u0101lam 10%;<\/p>\n<\/li>\n<li>\n<p>B. \u0136\u0113d\u0113 ir redzamas plaisas, loc\u012bjums, deform\u0101cija vai virsmas boj\u0101jumi (par\u0101d\u012bba);<\/p>\n<\/li>\n<li>\n<p>C. \u0136\u0113des past\u0101v\u012bgais pagarin\u0101jums p\u0101rsniedz 5% no faktisk\u0101 garuma.<\/p>\n<\/li>\n<li>\n<p>Uzman\u012bbu<\/p>\n<\/li>\n<li>\n<p>Ce\u013cot smagus priek\u0161metus, lietot\u0101jiem j\u0101izvair\u0101s st\u0101v\u0113t zem tiem vai to tuvum\u0101;<\/p>\n<\/li>\n<li>\n<p>Lietot\u0101jiem regul\u0101ri j\u0101p\u0101rbauda virves, vai nav redzamu boj\u0101jumu, tostarp pasl\u0113ptu traipu zem traum\u0101m, kas var\u0113tu apdraud\u0113t takel\u0101\u017eas dro\u0161u lieto\u0161anu.<\/p>\n<\/li>\n<\/ul>\n<\/div>\n<\/div>\n<\/div>\n<\/div>\n<p><\/p>","protected":false},"excerpt":{"rendered":"<p>Hign-concerned Chemical:&nbsp;None Origin:&nbsp;Mainland China Brand Name:&nbsp;VEVOR Product Description 5\/16&#x27;&#x27;x13&#x27; Chain Sling This Chain Sling of four legs is constructed of a G80 Mn-steel chain and alloy steel hook with powder<\/p>","protected":false},"featured_media":24908,"comment_status":"open","ping_status":"closed","template":"","meta":{"_acf_changed":false},"product_brand":[],"product_cat":[517],"product_tag":[],"class_list":{"0":"post-24907","1":"product","2":"type-product","3":"status-publish","4":"has-post-thumbnail","6":"product_cat-electric-lifting-hoists","8":"first","9":"instock","10":"shipping-taxable","11":"purchasable","12":"product-type-variable"},"acf":[],"_links":{"self":[{"href":"https:\/\/www.electricstore.eu\/lv\/wp-json\/wp\/v2\/product\/24907","targetHints":{"allow":["GET"]}}],"collection":[{"href":"https:\/\/www.electricstore.eu\/lv\/wp-json\/wp\/v2\/product"}],"about":[{"href":"https:\/\/www.electricstore.eu\/lv\/wp-json\/wp\/v2\/types\/product"}],"replies":[{"embeddable":true,"href":"https:\/\/www.electricstore.eu\/lv\/wp-json\/wp\/v2\/comments?post=24907"}],"wp:featuredmedia":[{"embeddable":true,"href":"https:\/\/www.electricstore.eu\/lv\/wp-json\/wp\/v2\/media\/24908"}],"wp:attachment":[{"href":"https:\/\/www.electricstore.eu\/lv\/wp-json\/wp\/v2\/media?parent=24907"}],"wp:term":[{"taxonomy":"product_brand","embeddable":true,"href":"https:\/\/www.electricstore.eu\/lv\/wp-json\/wp\/v2\/product_brand?post=24907"},{"taxonomy":"product_cat","embeddable":true,"href":"https:\/\/www.electricstore.eu\/lv\/wp-json\/wp\/v2\/product_cat?post=24907"},{"taxonomy":"product_tag","embeddable":true,"href":"https:\/\/www.electricstore.eu\/lv\/wp-json\/wp\/v2\/product_tag?post=24907"}],"curies":[{"name":"wp","href":"https:\/\/api.w.org\/{rel}","templated":true}]}}