{"id":24729,"date":"2025-05-20T18:42:14","date_gmt":"2025-05-20T18:42:14","guid":{"rendered":"https:\/\/electricstore.eu\/p\/uncategorized\/bike-rack-holder-storage-bicycle-repair-stand-aluminum-alloy-cycle-peer-heights-adjustable-fold-cycle-professional-repair-tools\/"},"modified":"2025-05-20T18:43:29","modified_gmt":"2025-05-20T18:43:29","slug":"bike-rack-holder-storage-bicycle-repair-stand-aluminum-alloy-cycle-peer-heights-adjustable-fold-cycle-professional-repair-tools","status":"publish","type":"product","link":"https:\/\/www.electricstore.eu\/lv\/p\/a\/bike-rack-holder-storage-bicycle-repair-stand-aluminum-alloy-cycle-peer-heights-adjustable-fold-cycle-professional-repair-tools\/","title":{"rendered":"Velosip\u0113du bag\u0101\u017enieka tur\u0113t\u0101js Velosip\u0113du remonta stat\u012bvs Alum\u012bnija sakaus\u0113juma velosip\u0113du augstumi Regul\u0113jams saliekamais velosip\u0113ds Profesion\u0101li remonta instrumenti"},"content":{"rendered":"<div class=\"product-specs-list-container\">\n<ul class=\"product-specs-list util-clearfix\">\n<li class=\"product-prop line-limit-length\"><span\n                                        class=\"property-title\">Izcelsme:&nbsp;<\/span><span\n                                        class=\"property-desc line-limit-length\">Kontinent\u0101l\u0101 \u0136\u012bna<\/span>\n                            <\/li>\n<\/ul><\/div>\n<div class=\"detailmodule_html\">\n<div class=\"detail-desc-decorate-richtext\">\n<p>Funkcija:\n<\/p>\n<p>Iztur\u012bgs un ilgm\u016b\u017e\u012bgs: \u0160is velosip\u0113du remonta stat\u012bvs ir izgatavots no iztur\u012bga alum\u012bnija sakaus\u0113juma un var p\u0101rvad\u0101t smagus velosip\u0113dus, kuru svars ir l\u012bdz 45 kg, tostarp elektriskos velosip\u0113dus, velosip\u0113dus ar fat riep\u0101m un \u0161osejas velosip\u0113dus. Kalnu velosip\u0113dus. Piem\u0113rots velosip\u0113du remont\u0113t\u0101jiem m\u0101j\u0101s vai darbn\u012bc\u0101.\n<\/p>\n<p>Iztur\u012bga r\u0101mja stabilit\u0101te: Velosip\u0113da kron\u0161teinam ir iztur\u012bgs, \u012bpa\u0161i iztur\u012bgs r\u0101mis un fiks\u0113ta k\u0101ju konstrukcija maksim\u0101lai stabilit\u0101tei. T\u0101 knaibl\u0113m ir regul\u0113jamas gumijas \u017eok\u013ci uz galvas, kas var stingri nostiprin\u0101t velosip\u0113du viet\u0101, bet nesaskr\u0101p\u0113s kr\u0101sas virsmu.\n<\/p>\n<p>\u0112rta augstuma regul\u0113\u0161ana: piel\u0101gojiet kron\u0161teinu sav\u0101m ergonomiskaj\u0101m vajadz\u012bb\u0101m, augstumu var regul\u0113t, lai samazin\u0101tu nepiecie\u0161am\u012bbu saliekties vai pietupties, t\u0101d\u0113j\u0101di uzlabojot sniegumu velosip\u0113da apkopes laik\u0101.\n<\/p>\n<p>\u0112rta instrumentu papl\u0101te: Saglab\u0101jiet savus instrumentus sak\u0101rtotus un pieejamus, izmantojot papildu instrumentu papl\u0101tes, kas ir ide\u0101li piem\u0113rotas skr\u016bvju, skr\u016bvgrie\u017eu, uzmavu un citu priek\u0161metu glab\u0101\u0161anai. \u0160\u012b funkcija nodro\u0161ina, ka jums ir visi nepiecie\u0161amie instrumenti, lai nov\u0113rstu p\u0101rtraukumus darba laik\u0101.\n<\/p>\n<p>Salok\u0101ms dizains: \u0160is velosip\u0113du stat\u012bvs ir salok\u0101ms, t\u0101p\u0113c to var viegli salikt, izjaukt un uzglab\u0101t. \u013boti piem\u0113rots mobilajiem meh\u0101ni\u0137iem vai darbn\u012bc\u0101m. Vienm\u0113r\u012bgi darbojo\u0161ais k\u0101ju balsts \u013cauj \u0101tri pavilkt abas k\u0101jas.\n<\/p>\n<\/p>\n<p>Specifik\u0101cija:\n<\/p>\n<p>Nosaukums: Velosip\u0113du remonta stat\u012bvs\n<\/p>\n<p>Kr\u0101sa: \u0161ampanie\u0161a\n<\/p>\n<p>Izstr\u0101d\u0101juma materi\u0101ls: alum\u012bnija sakaus\u0113jums\n<\/p>\n<p>Pacel\u0161anas diapazons: 98\u2013159 cm\n<\/p>\n<p>Maksim\u0101l\u0101 slodze: aptuveni 45 kg\n<\/p>\n<\/p>\n<p>Iepakojuma piederumi:\n<\/p>\n<p>1 velosip\u0113du remonta stat\u012bvs\n<\/p>\n<p><img decoding=\"async\" src=\"https:\/\/ae01.alicdn.com\/kf\/Aeaf00512807945f3bfd5626e71854eeb9.jpg\" slate-data-type=\"image\"\/><img decoding=\"async\" src=\"https:\/\/ae01.alicdn.com\/kf\/A03c411091bd642b7973a680f3ba9fb459.jpg\" slate-data-type=\"image\"\/><img decoding=\"async\" src=\"https:\/\/ae01.alicdn.com\/kf\/Ac206a81c61864c8eae037a1ed9b54fe0K.jpg\" slate-data-type=\"image\"\/><img decoding=\"async\" src=\"https:\/\/ae01.alicdn.com\/kf\/A1900d7edc1a645e495ba5a26ba411bd7n.jpg\" slate-data-type=\"image\"\/><img decoding=\"async\" src=\"https:\/\/ae01.alicdn.com\/kf\/Adabe93e4fc2a40a0b8d20f4285eace09O.jpg\" slate-data-type=\"image\"\/><img decoding=\"async\" src=\"https:\/\/ae01.alicdn.com\/kf\/Af5b39cc10e154395a0c2ee45bc46e13cr.jpg\" slate-data-type=\"image\"\/><img decoding=\"async\" src=\"https:\/\/ae01.alicdn.com\/kf\/A04f7da18105c43269c5bc64a096af83dj.jpg\" slate-data-type=\"image\"\/><img decoding=\"async\" src=\"https:\/\/ae01.alicdn.com\/kf\/A65a8c2da09804400af05e4f0048eed413.jpg\" slate-data-type=\"image\"\/><img decoding=\"async\" src=\"https:\/\/ae01.alicdn.com\/kf\/Aa3977084e85046c686598bf6e4026b27p.jpg\" slate-data-type=\"image\"\/><img decoding=\"async\" src=\"https:\/\/ae01.alicdn.com\/kf\/A1b6da4e2270e403880d2a68ae99c90b3i.jpg\" slate-data-type=\"image\"\/><\/p>\n<\/div>\n<\/div>","protected":false},"excerpt":{"rendered":"<p>Origin:&nbsp;Mainland China Feature\uff1a Sturdy and durable: This bicycle repair rack is made of sturdy aluminum alloy and can carry heavy bicycles weighing up to 45 kg, including electric bicycles, fat<\/p>","protected":false},"featured_media":24730,"comment_status":"open","ping_status":"closed","template":"","meta":{"_acf_changed":false},"product_brand":[],"product_cat":[525],"product_tag":[],"class_list":{"0":"post-24729","1":"product","2":"type-product","3":"status-publish","4":"has-post-thumbnail","6":"product_cat-a","8":"first","9":"instock","10":"shipping-taxable","11":"purchasable","12":"product-type-simple"},"acf":[],"_links":{"self":[{"href":"https:\/\/www.electricstore.eu\/lv\/wp-json\/wp\/v2\/product\/24729","targetHints":{"allow":["GET"]}}],"collection":[{"href":"https:\/\/www.electricstore.eu\/lv\/wp-json\/wp\/v2\/product"}],"about":[{"href":"https:\/\/www.electricstore.eu\/lv\/wp-json\/wp\/v2\/types\/product"}],"replies":[{"embeddable":true,"href":"https:\/\/www.electricstore.eu\/lv\/wp-json\/wp\/v2\/comments?post=24729"}],"wp:featuredmedia":[{"embeddable":true,"href":"https:\/\/www.electricstore.eu\/lv\/wp-json\/wp\/v2\/media\/24730"}],"wp:attachment":[{"href":"https:\/\/www.electricstore.eu\/lv\/wp-json\/wp\/v2\/media?parent=24729"}],"wp:term":[{"taxonomy":"product_brand","embeddable":true,"href":"https:\/\/www.electricstore.eu\/lv\/wp-json\/wp\/v2\/product_brand?post=24729"},{"taxonomy":"product_cat","embeddable":true,"href":"https:\/\/www.electricstore.eu\/lv\/wp-json\/wp\/v2\/product_cat?post=24729"},{"taxonomy":"product_tag","embeddable":true,"href":"https:\/\/www.electricstore.eu\/lv\/wp-json\/wp\/v2\/product_tag?post=24729"}],"curies":[{"name":"wp","href":"https:\/\/api.w.org\/{rel}","templated":true}]}}