{"id":24676,"date":"2025-05-20T18:41:38","date_gmt":"2025-05-20T18:41:38","guid":{"rendered":"https:\/\/electricstore.eu\/p\/uncategorized\/homcom-3-6-year-old-kids-electric-car-with-2-motors-and-remote-control-12v-110x68x52-cm-black\/"},"modified":"2025-05-20T18:42:20","modified_gmt":"2025-05-20T18:42:20","slug":"homcom-3-6-year-old-kids-electric-car-with-2-motors-and-remote-control-12v-110x68x52-cm-black","status":"publish","type":"product","link":"https:\/\/www.electricstore.eu\/lv\/p\/o\/homcom-3-6-year-old-kids-electric-car-with-2-motors-and-remote-control-12v-110x68x52-cm-black\/","title":{"rendered":"HOMCOM 3-6 gadus vecu b\u0113rnu elektroauto ar 2 motoriem un t\u0101lvad\u012bbas pulti 12V 110x68x52 cm melna"},"content":{"rendered":"<div class=\"product-specs-list-container\">\n<ul class=\"product-specs-list util-clearfix\">\n<li class=\"product-prop line-limit-length\"><span\n                                        class=\"property-title\">Z\u012bmola nosaukums:&nbsp;<\/span><span\n                                        class=\"property-desc line-limit-length\">HOMCOM<\/span>\n                            <\/li>\n<li class=\"product-prop line-limit-length\"><span\n                                        class=\"property-title\">Funkcijas:&nbsp;<\/span><span\n                                        class=\"property-desc line-limit-length\">Brauciet t\u0101l\u0101k<\/span>\n                            <\/li>\n<\/ul><\/div>\n<div class=\"detailmodule_html\">\n<div class=\"detail-desc-decorate-richtext\">\n<p><\/p>\n<div style=\"overflow:visible;height:auto\" class=\"lc-1\">\n<div class=\"f-line\">\n<div class=\"fts\">\n<div>\nJa mekl\u0113jat b\u0113rnu elektromobili saviem b\u0113rniem, apskatiet \u0161o HOMCOM b\u0113rnu automa\u0161\u012bnu. Tai ir USB slots, TF un pal\u012bgier\u012bce MP3 pievieno\u0161anai, priek\u0161\u0113jie lukturi ar gaism\u0101m, dro\u0161\u012bbas josta, iepriek\u0161 instal\u0113ta m\u016bzika un \u012bpa\u0161i platas riepas. To var vad\u012bt b\u0113rni ar automa\u0161\u012bnas st\u016bri vai pieaugu\u0161ie ar komplekt\u0101 iek\u013cauto t\u0101lvad\u012bbas pulti.\n<\/div><\/div><\/div>\n<\/div>\n<div class=\"lc-1\">\n<div class=\"f-line\">\n<div class=\"fts\">\n<div>\n    <strong>Funkcijas:<\/strong>\n   <\/div>\n<div>\n\u25cf Abi dzin\u0113ji nodro\u0161ina lab\u0101ku sa\u0137eri un brauk\u0161anu pa z\u0101li vai augsni ar nel\u012bdzenumiem<br \/>\n<br \/>\u25cf Vienk\u0101r\u0161a p\u0101rvieto\u0161ana ar stum\u0161anas stieni un pal\u012bgrite\u0146iem<br \/>\n<br \/>\u25cf Str\u0101vas indikators, lai uzraudz\u012btu atliku\u0161o akumulatora uzl\u0101des l\u012bmeni<br \/>\n<br \/>\u25cf LED priek\u0161\u0113jie un aizmugur\u0113jie lukturi un ska\u0146as sign\u0101ls<br \/>\n<br \/>\u25cf L\u0113n\u0101s palai\u0161anas meh\u0101nisms nodro\u0161ina j\u016bsu b\u0113rnam maksim\u0101lu aizsardz\u012bbu<br \/>\n<br \/>\u25cf Divu \u0101trumu regul\u0113\u0161ana (manu\u0101la) vai tr\u012bs \u0101trumu (t\u0101lvad\u012bbas pults) ar maksim\u0101lo \u0101trumu 5 km\/h<br \/>\n<br \/>\u25cf Ar 2 brauk\u0161anas re\u017e\u012bmiem: manu\u0101li ar st\u016bri vai 2,4G t\u0101lvad\u012bbas pulti<br \/>\n<br \/>\u25cf M\u016bzikas funkcija, multimediju centrs un USB ieeja, AUX saskarne (ar kabeli)<br \/>\n<br \/>\u25cf Nepiecie\u0161ama mont\u0101\u017ea<br \/>\n\n   <\/div><\/div><\/div>\n<\/div>\n<div class=\"lc-1\">\n<div class=\"f-line\">\n<div class=\"fts\">\n<div>\n    <strong>Specifik\u0101cijas:<\/strong>\n   <\/div>\n<div>\n-Kr\u0101sa: melna<br \/>\n<br \/>-Materi\u0101ls: polipropil\u0113ns (PP), met\u0101ls<br \/>\n<br \/>-Kop\u0113jie izm\u0113ri: 110 x 68 x 52 cm (garums x platums x augstums)<br \/>\n<br \/>-S\u0113dek\u013ca izm\u0113ri: 39 \u00d7 21,5 \u00d7 14 cm (no s\u0113dek\u013ca l\u012bdz gr\u012bdai)<br \/>\n<br \/>-Rite\u0146u izm\u0113ri: \u00d8 23,5 cm<br \/>\n<br \/>-\u0100trums: 3\u20135 km\/h<br \/>\n<br \/>-Akumulators: 12 V 4,5 Ah x 1<br \/>\n<br \/>-Motors: 30 W x 2<br \/>\n<br \/>-Vad\u012bbas diapazons: 25 m<br \/>\n<br \/>-Uzl\u0101des laiks: 8\u201312 stundas<br \/>\n<br \/>-Autonomija: 1 stunda (ar pilnu slodzi)<br \/>\n<br \/>-Ieteicamais vecums: 37\u201372 m\u0113ne\u0161i<br \/>\n<br \/>-Sertifik\u0101ti: 71-1-2-3, 62115, EMC, ROHS, ERP, MSDS<br \/>\n<br \/>-Maksim\u0101l\u0101 slodze: 30 kg<br \/>\n<br \/>-Baterijas: 2 x AA (nav iek\u013cautas komplekt\u0101)<br \/>\n<br \/>-Atsauce: 370-217V90BK<br \/>\n<br \/>Piez\u012bme: Vienm\u0113r lietojiet pieaugu\u0161o uzraudz\u012bb\u0101<br \/>\n\n   <\/div><\/div><\/div>\n<\/div>\n<div>\n <img decoding=\"async\" width=\"1000    \" height=\"35\" src=\"https:\/\/ae01.alicdn.com\/kf\/HTB1KhgjkfiSBuNkSnhJq6zDcpXaR.jpg\" slate-data-type=\"image\" \/>\n<\/div>\n<div class=\"content01\">\n<div class=\"content_img\">\n  <img decoding=\"async\" width=\"1000\" src=\"https:\/\/ae04.alicdn.com\/kf\/S6f3232904d2d430eb1080880defcc687L.jpg\" slate-data-type=\"image\" \/>\n <\/div>\n<div class=\"content_img\">\n  <img decoding=\"async\" width=\"1000\" src=\"https:\/\/ae04.alicdn.com\/kf\/S98e47e773a424676a86e44a825a1172ax.jpg\" slate-data-type=\"image\" \/>\n <\/div>\n<div class=\"content_img\">\n  <img decoding=\"async\" width=\"1000\" src=\"https:\/\/ae04.alicdn.com\/kf\/S78adacce884e4e2d8251152be20733aaS.jpg\" slate-data-type=\"image\" \/>\n <\/div>\n<div class=\"content_img\">\n  <img decoding=\"async\" width=\"1000\" src=\"https:\/\/ae04.alicdn.com\/kf\/Sd1e4a1047ce1470bb1f19770adab455cM.jpg\" slate-data-type=\"image\" \/>\n <\/div>\n<div class=\"content_img\">\n  <img decoding=\"async\" width=\"1000\" src=\"https:\/\/ae04.alicdn.com\/kf\/S8ab3209f2944438c9bfc6e4e87a79226e.jpg\" slate-data-type=\"image\" \/>\n <\/div>\n<div class=\"content_img\">\n  <img decoding=\"async\" width=\"1000\" src=\"https:\/\/ae04.alicdn.com\/kf\/S7b1ac00abd2942d2904710caea873118f.jpg\" slate-data-type=\"image\" \/>\n <\/div>\n<\/div>\n<div>\n <img fetchpriority=\"high\" decoding=\"async\" width=\"1000\" height=\"1881\" src=\"https:\/\/ae01.alicdn.com\/kf\/Ua8ece3e103ed470793ec3cb15da8a01fz.jpg\" slate-data-type=\"image\" \/>\n<\/div>\n<p><\/p>\n<\/div>\n<\/div>","protected":false},"excerpt":{"rendered":"<p>Brand Name:&nbsp;HOMCOM Features:&nbsp;Ride On If you are looking for a children&#8217;s electric vehicle for your children, check out This HOMCOM children&#8217;s car. It has USB slot, TF and an auxiliary<\/p>","protected":false},"featured_media":24677,"comment_status":"open","ping_status":"closed","template":"","meta":{"_acf_changed":false},"product_brand":[],"product_cat":[15],"product_tag":[],"class_list":{"0":"post-24676","1":"product","2":"type-product","3":"status-publish","4":"has-post-thumbnail","6":"product_cat-o","8":"first","9":"instock","10":"shipping-taxable","11":"purchasable","12":"product-type-variable"},"acf":[],"_links":{"self":[{"href":"https:\/\/www.electricstore.eu\/lv\/wp-json\/wp\/v2\/product\/24676","targetHints":{"allow":["GET"]}}],"collection":[{"href":"https:\/\/www.electricstore.eu\/lv\/wp-json\/wp\/v2\/product"}],"about":[{"href":"https:\/\/www.electricstore.eu\/lv\/wp-json\/wp\/v2\/types\/product"}],"replies":[{"embeddable":true,"href":"https:\/\/www.electricstore.eu\/lv\/wp-json\/wp\/v2\/comments?post=24676"}],"wp:featuredmedia":[{"embeddable":true,"href":"https:\/\/www.electricstore.eu\/lv\/wp-json\/wp\/v2\/media\/24677"}],"wp:attachment":[{"href":"https:\/\/www.electricstore.eu\/lv\/wp-json\/wp\/v2\/media?parent=24676"}],"wp:term":[{"taxonomy":"product_brand","embeddable":true,"href":"https:\/\/www.electricstore.eu\/lv\/wp-json\/wp\/v2\/product_brand?post=24676"},{"taxonomy":"product_cat","embeddable":true,"href":"https:\/\/www.electricstore.eu\/lv\/wp-json\/wp\/v2\/product_cat?post=24676"},{"taxonomy":"product_tag","embeddable":true,"href":"https:\/\/www.electricstore.eu\/lv\/wp-json\/wp\/v2\/product_tag?post=24676"}],"curies":[{"name":"wp","href":"https:\/\/api.w.org\/{rel}","templated":true}]}}