{"id":21803,"date":"2025-05-20T18:27:12","date_gmt":"2025-05-20T18:27:12","guid":{"rendered":"https:\/\/electricstore.eu\/p\/uncategorized\/cloudenergy-12-24v-300ah-lifepo4-battery-3840wh-energy-6000-cycles-built-in-100a-bms-support-in-series-parallel-portable-camping-battery\/"},"modified":"2025-05-20T18:27:25","modified_gmt":"2025-05-20T18:27:25","slug":"cloudenergy-12-24v-300ah-lifepo4-battery-3840wh-energy-6000-cycles-built-in-100a-bms-support-in-series-parallel-portable-camping-battery","status":"publish","type":"product","link":"https:\/\/www.electricstore.eu\/lv\/p\/batteries\/portable-power-stations\/cloudenergy-12-24v-300ah-lifepo4-battery-3840wh-energy-6000-cycles-built-in-100a-bms-support-in-series-parallel-portable-camping-battery\/","title":{"rendered":"Cloudenergy 12\/24V 300Ah LiFePO4 akumulators 3840Wh Ener\u0123ija 6000+ cikli Ieb\u016bv\u0113ts 100A BMS atbalsts virknes\/paral\u0113l\u0101 sl\u0113gum\u0101 P\u0101rn\u0113s\u0101jams kempinga akumulators"},"content":{"rendered":"<div class=\"product-specs-list-container\">\n<ul class=\"product-specs-list util-clearfix\">\n<li class=\"product-prop line-limit-length\"><span\n                                        class=\"property-title\">Nomin\u0101l\u0101 ietilp\u012bba:&nbsp;<\/span><span\n                                        class=\"property-desc line-limit-length\">3840 Wh<\/span>\n                            <\/li>\n<li class=\"product-prop line-limit-length\"><span\n                                        class=\"property-title\">Mode\u013ca numurs:&nbsp;<\/span><span\n                                        class=\"property-desc line-limit-length\">150Ah\/300Ah\/200Ah\/100Ah<\/span>\n                            <\/li>\n<li class=\"product-prop line-limit-length\"><span\n                                        class=\"property-title\">Tips:&nbsp;<\/span><span\n                                        class=\"property-desc line-limit-length\">LiFePO4<\/span>\n                            <\/li>\n<li class=\"product-prop line-limit-length\"><span\n                                        class=\"property-title\">Komplekta veids:&nbsp;<\/span><span\n                                        class=\"property-desc line-limit-length\">L\u0101d\u0113t\u0101ju komplekti<\/span>\n                            <\/li>\n<li class=\"product-prop line-limit-length\"><span\n                                        class=\"property-title\">Z\u012bmols:&nbsp;<\/span><span\n                                        class=\"property-desc line-limit-length\">M\u0101ko\u0146u ener\u0123ija<\/span>\n                            <\/li>\n<li class=\"product-prop line-limit-length\"><span\n                                        class=\"property-title\">Tips:&nbsp;<\/span><span\n                                        class=\"property-desc line-limit-length\">LiFePO4 akumulatoru bloks<\/span>\n                            <\/li>\n<li class=\"product-prop line-limit-length\"><span\n                                        class=\"property-title\">Ener\u0123ija:&nbsp;<\/span><span\n                                        class=\"property-desc line-limit-length\">3840\u00a0Wh\/1920\u00a0Wh\/2560\u00a0Wh<\/span>\n                            <\/li>\n<li class=\"product-prop line-limit-length\"><span\n                                        class=\"property-title\">Nomin\u0101l\u0101 ietilp\u012bba:&nbsp;<\/span><span\n                                        class=\"property-desc line-limit-length\">150Ah\/300Ah\/200Ah\/100Ah<\/span>\n                            <\/li>\n<li class=\"product-prop line-limit-length\"><span\n                                        class=\"property-title\">LED apgaismojums:&nbsp;<\/span><span\n                                        class=\"property-desc line-limit-length\">Jauda 1 W, silts tonis<\/span>\n                            <\/li>\n<li class=\"product-prop line-limit-length\"><span\n                                        class=\"property-title\">Mai\u0146str\u0101vas izeja:&nbsp;<\/span><span\n                                        class=\"property-desc line-limit-length\">Nomin\u0101l\u0101 jauda 2400 W, t\u012brs sinusoid\u0101ls vilnis<\/span>\n                            <\/li>\n<li class=\"product-prop line-limit-length\"><span\n                                        class=\"property-title\">1.\u00a0funkcijas:&nbsp;<\/span><span\n                                        class=\"property-desc line-limit-length\">P\u0101rn\u0113s\u0101jama elektrostacija<\/span>\n                            <\/li>\n<li class=\"product-prop line-limit-length\"><span\n                                        class=\"property-title\">02.\u00a0funkcijas:&nbsp;<\/span><span\n                                        class=\"property-desc line-limit-length\">Joses sp\u0113ks<\/span>\n                            <\/li>\n<li class=\"product-prop line-limit-length\"><span\n                                        class=\"property-title\">Funkcijas 03:&nbsp;<\/span><span\n                                        class=\"property-desc line-limit-length\">P\u0101rn\u0113s\u0101jama kempera baterija<\/span>\n                            <\/li>\n<li class=\"product-prop line-limit-length\"><span\n                                        class=\"property-title\">04.\u00a0funkcijas:&nbsp;<\/span><span\n                                        class=\"property-desc line-limit-length\">P\u0101rn\u0113s\u0101jama saules ener\u0123ijas stacija<\/span>\n                            <\/li>\n<li class=\"product-prop line-limit-length\"><span\n                                        class=\"property-title\">05.\u00a0funkcijas:&nbsp;<\/span><span\n                                        class=\"property-desc line-limit-length\">P\u0101rn\u0113s\u0101jama elektrostacija<\/span>\n                            <\/li>\n<li class=\"product-prop line-limit-length\"><span\n                                        class=\"property-title\">Funkcijas 06:&nbsp;<\/span><span\n                                        class=\"property-desc line-limit-length\">Portalilas sp\u0113kstacija<\/span>\n                            <\/li>\n<\/ul><\/div>\n<div class=\"detailmodule_html\">\n<div class=\"detail-desc-decorate-richtext\">\n<p><span style=\"color:rgb(34, 34, 34);font-size:14px;font-family:&quot;Open Sans&quot;, Roboto, Arial, Helvetica, sans-serif, SimSun\"><strong><span style=\"font-size:24px\"><span style=\"font-family:&quot;times new roman&quot;, times, serif\">&gt;&gt;Iev\u0113rojam\u0101kie momenti<\/span><\/span><\/strong><\/span><\/p>\n<p style=\"font-family:&quot;Open Sans&quot;, Roboto, Arial, Helvetica, sans-serif, SimSun;font-size:14px;font-weight:400;letter-spacing:normal;line-height:inherit;text-align:start;white-space:normal;color:rgb(34, 34, 34);margin:0px;margin-bottom:0px;margin-top:0px;margin-left:0px;margin-right:0px;padding:0px;padding-bottom:0px;padding-top:0px;padding-left:0px;padding-right:0px;box-sizing:border-box\" align=\"start\"><\/p>\n<p style=\"font-family:&quot;Open Sans&quot;, Roboto, Arial, Helvetica, sans-serif, SimSun;font-size:14px;font-weight:400;letter-spacing:normal;line-height:inherit;text-align:start;white-space:normal;color:rgb(34, 34, 34);margin:0px;margin-bottom:0px;margin-top:0px;margin-left:0px;margin-right:0px;padding:0px;padding-bottom:0px;padding-top:0px;padding-left:0px;padding-right:0px;box-sizing:border-box\" align=\"start\"><span style=\"font-size:18px;font-family:&quot;times new roman&quot;, times, serif\">M\u016bsu LiFePO4 akumulatorus var savienot paral\u0113li un virkn\u0113, lai ieg\u016btu liel\u0101ku ietilp\u012bbu un augst\u0101ku spriegumu. M\u0113s iesak\u0101m maksim\u0101lo savienojumu virkn\u0113: 2 akumulatori pie 48 V, un maksim\u0101lo savienojumu paral\u0113li: var savienot vair\u0101kus akumulatorus un ne vair\u0101k k\u0101 10 gabalus paral\u0113li. Da\u017e\u0101du ra\u017eot\u0101ju produktus nevar savienot virkn\u0113 vai paral\u0113li. Lietojot akumulatorus paral\u0113li vai virkn\u0113, spriegumam j\u0101b\u016bt vien\u0101dam.<\/span><\/p>\n<h3 style=\"font-family:&quot;Open Sans&quot;, Roboto, Arial, Helvetica, sans-serif, SimSun;letter-spacing:normal;text-align:start;white-space:normal;color:rgb(34, 34, 34);box-sizing:border-box\" align=\"start\"><span style=\"font-size:18px;font-family:&quot;times new roman&quot;, times, serif\">Atbalsts virkn\u0113\/paral\u0113li<\/span><\/h3>\n<p style=\"font-family:&quot;Open Sans&quot;, Roboto, Arial, Helvetica, sans-serif, SimSun;font-size:14px;font-weight:400;letter-spacing:normal;line-height:inherit;text-align:start;white-space:normal;color:rgb(34, 34, 34);margin:0px;margin-bottom:0px;margin-top:0px;margin-left:0px;margin-right:0px;padding:0px;padding-bottom:0px;padding-top:0px;padding-left:0px;padding-right:0px;box-sizing:border-box\" align=\"start\"><span style=\"font-size:18px;font-family:&quot;times new roman&quot;, times, serif\">Cloudenegy LiFePO4 akumulators nodro\u0161ina 6000 ciklus ar 10 gadu kalpo\u0161anas laiku, kas ir vair\u0101k nek\u0101 5 reizes ilg\u0101ks par svina-sk\u0101bes akumulatora kalpo\u0161anas laiku. Turkl\u0101t Cloudenergy 150Ah 24V litija akumulators sver tikai 29 kg, kas ir tikai 1\/3 no svina-sk\u0101bes akumulatoru svara, t\u0101p\u0113c ir p\u0101rn\u0113s\u0101jam\u0101ks un viegl\u0101k iz\u0146emams lieto\u0161anai \u0101rpus telp\u0101m.<\/span><\/p>\n<h3 style=\"font-family:&quot;Open Sans&quot;, Roboto, Arial, Helvetica, sans-serif, SimSun;letter-spacing:normal;text-align:start;white-space:normal;color:rgb(34, 34, 34);box-sizing:border-box\" align=\"start\"><span style=\"font-size:18px;font-family:&quot;times new roman&quot;, times, serif\">10 gadu kalpo\u0161anas laiks un par 1\/3 viegl\u0101ks svars<\/span><\/h3>\n<p style=\"font-family:&quot;Open Sans&quot;, Roboto, Arial, Helvetica, sans-serif, SimSun;font-size:14px;font-weight:400;letter-spacing:normal;line-height:inherit;text-align:start;white-space:normal;color:rgb(34, 34, 34);margin:0px;margin-bottom:0px;margin-top:0px;margin-left:0px;margin-right:0px;padding:0px;padding-bottom:0px;padding-top:0px;padding-left:0px;padding-right:0px;box-sizing:border-box\" align=\"start\"><span style=\"font-size:18px;font-family:&quot;times new roman&quot;, times, serif\">Aizsarg\u0101jiet no p\u0101rl\u0101d\u0113\u0161anas, p\u0101rizl\u0101des, p\u0101rslodzes un \u012bssavienojumiem, pateicoties izcilai pa\u0161izl\u0101des \u0101trumam.<\/span><\/p>\n<h3 style=\"font-family:&quot;Open Sans&quot;, Roboto, Arial, Helvetica, sans-serif, SimSun;letter-spacing:normal;text-align:start;white-space:normal;color:rgb(34, 34, 34);box-sizing:border-box\" align=\"start\"><span style=\"font-size:18px;font-family:&quot;times new roman&quot;, times, serif\">Ieb\u016bv\u0113ta 100A BMS sist\u0113ma<\/span><\/h3>\n<p style=\"font-family:&quot;Open Sans&quot;, Roboto, Arial, Helvetica, sans-serif, SimSun;font-size:14px;font-weight:400;letter-spacing:normal;line-height:inherit;text-align:start;white-space:normal;color:rgb(34, 34, 34);margin:0px;margin-bottom:0px;margin-top:0px;margin-left:0px;margin-right:0px;padding:0px;padding-bottom:0px;padding-top:0px;padding-left:0px;padding-right:0px;box-sizing:border-box\" align=\"start\"><span style=\"font-size:18px;font-family:&quot;times new roman&quot;, times, serif\">Augst\u0101k\u0101 l\u012bme\u0146a dro\u0161\u012bba, kuras pamat\u0101 ir UL test\u0113\u0161anas sertifik\u0101ts akumulatora iek\u0161pus\u0113 eso\u0161ajai \u0161\u016bnai, ar augst\u0101ku ener\u0123ijas bl\u012bvumu, stabil\u0101ku veiktsp\u0113ju un liel\u0101ku jaudu.<\/span><\/p>\n<h3 style=\"font-family:&quot;Open Sans&quot;, Roboto, Arial, Helvetica, sans-serif, SimSun;letter-spacing:normal;text-align:start;white-space:normal;color:rgb(34, 34, 34);box-sizing:border-box\" align=\"start\"><span style=\"font-size:18px;font-family:&quot;times new roman&quot;, times, serif\">A klases LiFePO4 \u0161\u016bnas<\/span><\/h3>\n<p style=\"font-family:&quot;Open Sans&quot;, Roboto, Arial, Helvetica, sans-serif, SimSun;font-size:14px;font-weight:400;letter-spacing:normal;line-height:inherit;text-align:start;white-space:normal;color:rgb(34, 34, 34);margin:0px;margin-bottom:0px;margin-top:0px;margin-left:0px;margin-right:0px;padding:0px;padding-bottom:0px;padding-top:0px;padding-left:0px;padding-right:0px;box-sizing:border-box\" align=\"start\"><span style=\"font-size:18px;font-family:&quot;times new roman&quot;, times, serif\">Cloudenegy 24V 150Ah LiFePO4 akumulators var darboties divas reizes ilg\u0101k nek\u0101 12V 100Ah LiFePO4 akumulators. Parasti 1*24V 150Ah ir vien\u0101ds ar 2*12V 150Ah, kas var ietaup\u012bt laiku un izmaksas, net\u0113r\u0113jot papildu vadus ener\u0123ijas papla\u0161in\u0101\u0161anai, un nav nepiecie\u0161ams balans\u0113t spriegumu. Cloudenegy 24V LiFePO4 akumulators lab\u0101k aizsarg\u0101 akumulatora veiktsp\u0113ju un pagarina cikla laikus, un augst\u0101ks spriegums (24V) padara to stabil\u0101ku.<\/span><\/p>\n<h3 style=\"font-family:&quot;Open Sans&quot;, Roboto, Arial, Helvetica, sans-serif, SimSun;letter-spacing:normal;text-align:start;white-space:normal;color:rgb(34, 34, 34);box-sizing:border-box\" align=\"start\"><span style=\"font-size:18px;font-family:&quot;times new roman&quot;, times, serif\">2 reizes liel\u0101ka ener\u0123ija un stabil\u0101ka veiktsp\u0113ja<\/span><\/h3>\n<p style=\"font-family:&quot;Open Sans&quot;, Roboto, Arial, Helvetica, sans-serif, SimSun;font-size:14px;font-weight:400;letter-spacing:normal;line-height:inherit;text-align:start;white-space:normal;color:rgb(34, 34, 34);margin:0px;margin-bottom:0px;margin-top:0px;margin-left:0px;margin-right:0px;padding:0px;padding-bottom:0px;padding-top:0px;padding-left:0px;padding-right:0px;box-sizing:border-box\" align=\"start\"><\/p>\n<p style=\"font-family:&quot;Open Sans&quot;, Roboto, Arial, Helvetica, sans-serif, SimSun;font-size:14px;font-weight:400;letter-spacing:normal;line-height:inherit;text-align:start;white-space:normal;color:rgb(34, 34, 34);margin:0px;margin-bottom:0px;margin-top:0px;margin-left:0px;margin-right:0px;padding:0px;padding-bottom:0px;padding-top:0px;padding-left:0px;padding-right:0px;box-sizing:border-box\" align=\"start\"><span style=\"color:rgb(34, 34, 34);font-size:14px;font-family:&quot;Open Sans&quot;, Roboto, Arial, Helvetica, sans-serif, SimSun\"><strong><span style=\"font-size:24px\"><span style=\"font-family:&quot;times new roman&quot;, times, serif\">&gt;&gt;Specifik\u0101cija<\/span><\/span><\/strong><\/span><\/p>\n<table style=\"border-collapse:collapse;font-family:&quot;Microsoft YaHei&quot;;font-size:14px;text-align:start;color:rgb(34, 34, 34);width:1000px\" class=\"jbEidtTable\" border=\"1\" cellpadding=\"5\" cellspacing=\"0\" align=\"start\">\n<tbody>\n<tr>\n<td style=\"font-size:14px;text-align:left\" align=\"left\">\n<p style=\"line-height:inherit;margin:0px;margin-bottom:0px;margin-top:0px;margin-left:0px;margin-right:0px;padding:0px;padding-bottom:0px;padding-top:0px;padding-left:0px;padding-right:0px;box-sizing:border-box\"><span style=\"font-size:18px;font-family:&quot;times new roman&quot;, times, serif\"><strong>Visp\u0101r\u012bgi<\/strong><\/span><\/p>\n<\/td>\n<td style=\"font-size:14px;text-align:left\" align=\"left\">\n<p style=\"line-height:inherit;margin:0px;margin-bottom:0px;margin-top:0px;margin-left:0px;margin-right:0px;padding:0px;padding-bottom:0px;padding-top:0px;padding-left:0px;padding-right:0px;box-sizing:border-box\"><span style=\"font-size:18px;font-family:&quot;times new roman&quot;, times, serif\">Z\u012bmols: Cloudenergy<br \/>Tips: LiFePO4 akumulators<br \/>Modelis: K\u0101 par\u0101d\u012bts<br \/>Kr\u0101sa: oran\u017ea + melna<\/span><\/p>\n<\/td>\n<\/tr>\n<tr>\n<td style=\"font-size:14px;text-align:left\" align=\"left\">\n<p style=\"line-height:inherit;margin:0px;margin-bottom:0px;margin-top:0px;margin-left:0px;margin-right:0px;padding:0px;padding-bottom:0px;padding-top:0px;padding-left:0px;padding-right:0px;box-sizing:border-box\"><span style=\"font-size:18px;font-family:&quot;times new roman&quot;, times, serif\"><strong>Specifik\u0101cija<\/strong><\/span><\/p>\n<\/td>\n<td style=\"font-size:14px;text-align:left\" align=\"left\">\n<p style=\"line-height:inherit;margin:0px;margin-bottom:0px;margin-top:0px;margin-left:0px;margin-right:0px;padding:0px;padding-bottom:0px;padding-top:0px;padding-left:0px;padding-right:0px;box-sizing:border-box\"><span style=\"font-size:18px;font-family:&quot;times new roman&quot;, times, serif\">Nomin\u0101lais spriegums: 25,6 V<br \/>Nomin\u0101l\u0101 ietilp\u012bba: 150Ah\/300Ah\/200Ah\/100Ah<br \/>Uzl\u0101des spriegums: 28,4\u201329,2 V<br \/>Ener\u0123ija: 3840\u00a0Wh\/1920\u00a0Wh\/2560\u00a0Wh<br \/>Maksim\u0101l\u0101 nep\u0101rtraukt\u0101 uzl\u0101des str\u0101va: 100A<br \/>Maksim\u0101l\u0101 nep\u0101rtraukt\u0101 izl\u0101des str\u0101va: 100A<br \/>Ieteicam\u0101 uzl\u0101des str\u0101va: 30A (0,2C)<br \/>Maksim\u0101l\u0101 slodze \/ invertora jauda: 2560 W<br \/>Uzl\u0101des temperat\u016bra: no 0 l\u012bdz 50 Celsija (no 32 l\u012bdz 122 F\u0101renheita)<br \/>Izl\u0101des temperat\u016bra: no -20 l\u012bdz 60 Celsija (no -4 l\u012bdz 140 F\u0101renheita)<br \/>Uzglab\u0101\u0161anas temperat\u016bra: no -10 l\u012bdz 50 Celsija (no 14 l\u012bdz 122 F\u0101renheita)<br \/>\u016adensiztur\u012bgs: IP63<br \/>Termin\u0101ls: M8<\/span><\/p>\n<\/td>\n<\/tr>\n<tr>\n<td style=\"font-size:14px;text-align:left\" align=\"left\">\n<p style=\"line-height:inherit;margin:0px;margin-bottom:0px;margin-top:0px;margin-left:0px;margin-right:0px;padding:0px;padding-bottom:0px;padding-top:0px;padding-left:0px;padding-right:0px;box-sizing:border-box\"><span style=\"font-size:18px;font-family:&quot;times new roman&quot;, times, serif\"><strong>Svars un izm\u0113rs<\/strong><\/span><\/p>\n<\/td>\n<td style=\"font-size:14px;text-align:left\" align=\"left\">\n<p style=\"line-height:inherit;margin:0px;margin-bottom:0px;margin-top:0px;margin-left:0px;margin-right:0px;padding:0px;padding-bottom:0px;padding-top:0px;padding-left:0px;padding-right:0px;box-sizing:border-box\"><span style=\"font-size:18px;font-family:&quot;times new roman&quot;, times, serif\">Produkta svars: 29 kg<br \/>Iepakojuma svars: 33 kg<br \/>Izstr\u0101d\u0101juma izm\u0113rs (G x P x A): 385 x 322 x 155 mm<br \/>Iepakojuma izm\u0113rs (G x P x A): 530 x 470 x 250 mm<\/span><\/p>\n<\/td>\n<\/tr>\n<tr>\n<td style=\"font-size:14px;text-align:left\" align=\"left\">\n<p style=\"line-height:inherit;margin:0px;margin-bottom:0px;margin-top:0px;margin-left:0px;margin-right:0px;padding:0px;padding-bottom:0px;padding-top:0px;padding-left:0px;padding-right:0px;box-sizing:border-box\"><span style=\"font-size:18px;font-family:&quot;times new roman&quot;, times, serif\"><strong>Konteineru iepakojums<\/strong><\/span><\/p>\n<\/td>\n<td style=\"font-size:14px;text-align:left\" align=\"left\">\n<p style=\"line-height:inherit;margin:0px;margin-bottom:0px;margin-top:0px;margin-left:0px;margin-right:0px;padding:0px;padding-bottom:0px;padding-top:0px;padding-left:0px;padding-right:0px;box-sizing:border-box\"><span style=\"font-size:18px;font-family:&quot;times new roman&quot;, times, serif\">1x24V 150Ah LiFePO4 akumulators<br \/>1 lietot\u0101ja rokasgr\u0101mata<\/span><\/p>\n<\/td>\n<\/tr>\n<\/tbody>\n<\/table>\n<p style=\"font-family:&quot;Open Sans&quot;, Roboto, Arial, Helvetica, sans-serif, SimSun;font-size:14px;font-weight:400;letter-spacing:normal;line-height:inherit;text-align:start;white-space:normal;color:rgb(34, 34, 34);margin:0px;margin-bottom:0px;margin-top:0px;margin-left:0px;margin-right:0px;padding:0px;padding-bottom:0px;padding-top:0px;padding-left:0px;padding-right:0px;box-sizing:border-box\" align=\"start\"><img decoding=\"async\" src=\"https:\/\/ae01.alicdn.com\/kf\/S1ff862f6072d4395ae1e601b9b99e712S.jpg\" slate-data-type=\"image\"\/><img decoding=\"async\" src=\"https:\/\/ae01.alicdn.com\/kf\/S8c38ec0013ca4103b1a0be1170099f6bD.jpg\" slate-data-type=\"image\"\/><img decoding=\"async\" src=\"https:\/\/ae01.alicdn.com\/kf\/S0eb3e880acc54c06bedce306f209002fo.jpg\" slate-data-type=\"image\"\/><img decoding=\"async\" src=\"https:\/\/ae01.alicdn.com\/kf\/S4e1f03dc1ab7487bb454e8db72a5d45aM.jpg\" slate-data-type=\"image\"\/><img decoding=\"async\" src=\"https:\/\/ae01.alicdn.com\/kf\/S3f567e53e75c4dd08823711976eae318c.jpg\" slate-data-type=\"image\"\/><img decoding=\"async\" src=\"https:\/\/ae01.alicdn.com\/kf\/S3c544603c9a94ad2b891c69abf47bc39x.jpg\" slate-data-type=\"image\"\/><img decoding=\"async\" src=\"https:\/\/ae01.alicdn.com\/kf\/S83cf8053c99141edadab330851d63c78q.jpg\" slate-data-type=\"image\"\/><img decoding=\"async\" src=\"https:\/\/ae01.alicdn.com\/kf\/S3b566a5d6af146fcbc2645b4714462d7n.jpg\" slate-data-type=\"image\"\/><\/p>\n<p><\/p>\n<p><\/p>\n<\/div>\n<\/div>","protected":false},"excerpt":{"rendered":"<p>Nominal Capacity:&nbsp;3840Wh Model Number:&nbsp;150Ah\/300Ah \/200Ah \/100Ah Type:&nbsp;LiFePO4 Set Type:&nbsp;Charger Sets Brand:&nbsp;Cloudenergy Type:&nbsp;LiFePO4 Battery Pack Energy:&nbsp;3840Wh\/1920Wh\/2560Wh Nominal Capacity:&nbsp;150Ah\/300Ah \/200Ah \/100Ah LED Lighting:&nbsp;Power 1W, Warm tone AC Output:&nbsp;Rated Power 2400W, Pure sine<\/p>","protected":false},"featured_media":21805,"comment_status":"open","ping_status":"closed","template":"","meta":{"_acf_changed":false},"product_brand":[],"product_cat":[515],"product_tag":[],"class_list":{"0":"post-21803","1":"product","2":"type-product","3":"status-publish","4":"has-post-thumbnail","6":"product_cat-portable-power-stations","8":"first","9":"instock","10":"shipping-taxable","11":"purchasable","12":"product-type-variable"},"acf":[],"_links":{"self":[{"href":"https:\/\/www.electricstore.eu\/lv\/wp-json\/wp\/v2\/product\/21803","targetHints":{"allow":["GET"]}}],"collection":[{"href":"https:\/\/www.electricstore.eu\/lv\/wp-json\/wp\/v2\/product"}],"about":[{"href":"https:\/\/www.electricstore.eu\/lv\/wp-json\/wp\/v2\/types\/product"}],"replies":[{"embeddable":true,"href":"https:\/\/www.electricstore.eu\/lv\/wp-json\/wp\/v2\/comments?post=21803"}],"wp:featuredmedia":[{"embeddable":true,"href":"https:\/\/www.electricstore.eu\/lv\/wp-json\/wp\/v2\/media\/21805"}],"wp:attachment":[{"href":"https:\/\/www.electricstore.eu\/lv\/wp-json\/wp\/v2\/media?parent=21803"}],"wp:term":[{"taxonomy":"product_brand","embeddable":true,"href":"https:\/\/www.electricstore.eu\/lv\/wp-json\/wp\/v2\/product_brand?post=21803"},{"taxonomy":"product_cat","embeddable":true,"href":"https:\/\/www.electricstore.eu\/lv\/wp-json\/wp\/v2\/product_cat?post=21803"},{"taxonomy":"product_tag","embeddable":true,"href":"https:\/\/www.electricstore.eu\/lv\/wp-json\/wp\/v2\/product_tag?post=21803"}],"curies":[{"name":"wp","href":"https:\/\/api.w.org\/{rel}","templated":true}]}}