{"id":21792,"date":"2025-05-20T18:27:06","date_gmt":"2025-05-20T18:27:06","guid":{"rendered":"https:\/\/electricstore.eu\/p\/uncategorized\/ampace-p600-pro-1800w-pure-sine-wave-584wh-lifepo4-battery-2000-cycles-app-control-600w-solar-generator-for-outdoor-camping\/"},"modified":"2025-05-20T18:27:07","modified_gmt":"2025-05-20T18:27:07","slug":"ampace-p600-pro-1800w-pure-sine-wave-584wh-lifepo4-battery-2000-cycles-app-control-600w-solar-generator-for-outdoor-camping","status":"publish","type":"product","link":"https:\/\/www.electricstore.eu\/lv\/p\/batteries\/portable-power-stations\/ampace-p600-pro-1800w-pure-sine-wave-584wh-lifepo4-battery-2000-cycles-app-control-600w-solar-generator-for-outdoor-camping\/","title":{"rendered":"Ampace P600 Pro 1800W t\u012bra sinusa vi\u013c\u0146a 584Wh LiFePO4 akumulators 2000 cikli APP vad\u012bba 600W saules \u0123enerators kempingam br\u012bv\u0101 dab\u0101"},"content":{"rendered":"<div class=\"product-specs-list-container\">\n<ul class=\"product-specs-list util-clearfix\">\n<li class=\"product-prop line-limit-length\"><span\n                                        class=\"property-title\">Nomin\u0101l\u0101 ietilp\u012bba:&nbsp;<\/span><span\n                                        class=\"property-desc line-limit-length\">584\u00a0Wh<\/span>\n                            <\/li>\n<li class=\"product-prop line-limit-length\"><span\n                                        class=\"property-title\">Mode\u013ca numurs:&nbsp;<\/span><span\n                                        class=\"property-desc line-limit-length\">ANDES 600 Pro<\/span>\n                            <\/li>\n<li class=\"product-prop line-limit-length\"><span\n                                        class=\"property-title\">Tips:&nbsp;<\/span><span\n                                        class=\"property-desc line-limit-length\">LiFePO4<\/span>\n                            <\/li>\n<li class=\"product-prop line-limit-length\"><span\n                                        class=\"property-title\">Komplekta veids:&nbsp;<\/span><span\n                                        class=\"property-desc line-limit-length\">L\u0101d\u0113t\u0101ju komplekti<\/span>\n                            <\/li>\n<li class=\"product-prop line-limit-length\"><span\n                                        class=\"property-title\">Z\u012bmols:&nbsp;<\/span><span\n                                        class=\"property-desc line-limit-length\">Ampace<\/span>\n                            <\/li>\n<li class=\"product-prop line-limit-length\"><span\n                                        class=\"property-title\">Tips:&nbsp;<\/span><span\n                                        class=\"property-desc line-limit-length\">P\u0101rn\u0113s\u0101jama elektrostacija<\/span>\n                            <\/li>\n<li class=\"product-prop line-limit-length\"><span\n                                        class=\"property-title\">Modelis:&nbsp;<\/span><span\n                                        class=\"property-desc line-limit-length\">ANDES 600 Pro<\/span>\n                            <\/li>\n<li class=\"product-prop line-limit-length\"><span\n                                        class=\"property-title\">Ietilp\u012bba:&nbsp;<\/span><span\n                                        class=\"property-desc line-limit-length\">584\u00a0Wh<\/span>\n                            <\/li>\n<li class=\"product-prop line-limit-length\"><span\n                                        class=\"property-title\">Sertifik\u0101cija:&nbsp;<\/span><span\n                                        class=\"property-desc line-limit-length\">UL, CE, FCC, PSE, RoHS<\/span>\n                            <\/li>\n<li class=\"product-prop line-limit-length\"><span\n                                        class=\"property-title\">M\u0101jas pe\u013c\u0146a uz vienu akciju:&nbsp;<\/span><span\n                                        class=\"property-desc line-limit-length\">20 ms<\/span>\n                            <\/li>\n<li class=\"product-prop line-limit-length\"><span\n                                        class=\"property-title\">Gaisma:&nbsp;<\/span><span\n                                        class=\"property-desc line-limit-length\">LED gaisma + apk\u0101rt\u0113j\u0101 gaisma<\/span>\n                            <\/li>\n<li class=\"product-prop line-limit-length\"><span\n                                        class=\"property-title\">A tips:&nbsp;<\/span><span\n                                        class=\"property-desc line-limit-length\">9 izejas porti<\/span>\n                            <\/li>\n<\/ul><\/div>\n<p><\/p>\n<p style=\"font-family:&quot;Microsoft YaHei&quot;;font-size:medium;font-weight:400;letter-spacing:normal;text-align:start;white-space:normal;color:rgb(0, 0, 0)\" align=\"start\"><span style=\"font-size:x-large\">Svar\u012bg\u0101kie notikumi<\/span><\/p>\n<p><\/p>\n<h3 style=\"font-family:&quot;Microsoft YaHei&quot;;letter-spacing:normal;text-align:start;white-space:normal;color:rgb(0, 0, 0)\" align=\"start\">Videi draudz\u012bga, efekt\u012bva un p\u0101rn\u0113s\u0101jama elektrostacija<\/h3>\n<p style=\"font-family:&quot;Microsoft YaHei&quot;;font-size:medium;font-weight:400;letter-spacing:normal;text-align:start;white-space:normal;color:rgb(0, 0, 0)\" align=\"start\">Ampace ANDES 600 Pro baro\u0161anas stacija, kas sver tikai 7,3 kg, ir viegls un \u012bpa\u0161i p\u0101rn\u0113s\u0101jams risin\u0101jums ener\u0123ijas nodro\u0161in\u0101\u0161anai kust\u012bb\u0101. Izgatavota, izmantojot progres\u012bvu SiC tehnolo\u0123iju, t\u0101 sasniedz energoefektivit\u0101ti l\u012bdz pat 95%, samazinot ener\u0123ijas zudumus un atbalstot ilgtsp\u0113j\u012bgu ener\u0123ijas izmanto\u0161anu. \u0160\u012b kompakt\u0101 sp\u0113ka stacija, kas ir ide\u0101li piem\u0113rota kempingam, p\u0101rg\u0101jieniem vai \u0101rk\u0101rtas situ\u0101cij\u0101m, nodro\u0161ina izcilu veiktsp\u0113ju bez liekas slodzes.<\/p>\n<h3 style=\"font-family:&quot;Microsoft YaHei&quot;;letter-spacing:normal;text-align:start;white-space:normal;color:rgb(0, 0, 0)\" align=\"start\">Daudzpus\u012bga jauda ikvienai vajadz\u012bbai<\/h3>\n<p style=\"font-family:&quot;Microsoft YaHei&quot;;font-size:medium;font-weight:400;letter-spacing:normal;text-align:start;white-space:normal;color:rgb(0, 0, 0)\" align=\"start\">Ar 9 daudzfunkcion\u0101l\u0101m piesl\u0113gviet\u0101m ANDES 600 Pro darbina da\u017e\u0101das ier\u012bces, s\u0101kot no viedt\u0101lru\u0146iem un kl\u0113pjdatoriem l\u012bdz mini ledusskapjiem un CPAP apar\u0101tiem. T\u0101 elast\u012bg\u0101s uzl\u0101des iesp\u0113jas, tostarp mai\u0146str\u0101vas, saules ener\u0123ijas un automa\u0161\u012bnas uzl\u0101de, padara to par piel\u0101gojamu izv\u0113li da\u017e\u0101diem scen\u0101rijiem, piem\u0113ram, piedz\u012bvojumiem br\u012bv\u0101 dab\u0101 vai m\u0101jas rezerves baro\u0161anas avotam.<\/p>\n<h3 style=\"font-family:&quot;Microsoft YaHei&quot;;letter-spacing:normal;text-align:start;white-space:normal;color:rgb(0, 0, 0)\" align=\"start\">\u0100tra uzl\u0101de un ilgsto\u0161a akumulatora darb\u012bba<\/h3>\n<p style=\"font-family:&quot;Microsoft YaHei&quot;;font-size:medium;font-weight:400;letter-spacing:normal;text-align:start;white-space:normal;color:rgb(0, 0, 0)\" align=\"start\">P\u0101rn\u0113s\u0101jam\u0101 Ampace ANDES 600 Pro uzl\u0101des stacija pied\u0101v\u0101 ziben\u012bgi \u0101tru uzl\u0101di ar A-Boost tehnolo\u0123iju, kas \u013cauj uzl\u0101d\u0113t akumulatoru no 0 l\u012bdz 100% tikai 1,5 stund\u0101s. Apr\u012bkota ar modernu LiFePO\u2084 akumulatora tehnolo\u0123iju, t\u0101 pied\u0101v\u0101 iespaid\u012bgu kalpo\u0161anas laiku \u2014 l\u012bdz pat 2000 cikliem, nodro\u0161inot uzticamu darb\u012bbu gadiem ilgi. Integr\u0113t\u0101 SiC tehnolo\u0123ija nodro\u0161ina energoefektivit\u0101ti l\u012bdz pat 95%, nodro\u0161inot izcilu veiktsp\u0113ju ar katru uzl\u0101di.<\/p>\n<h3 style=\"font-family:&quot;Microsoft YaHei&quot;;letter-spacing:normal;text-align:start;white-space:normal;color:rgb(0, 0, 0)\" align=\"start\">Iztur\u012bgs un uzticams baro\u0161anas risin\u0101jums<\/h3>\n<p style=\"font-family:&quot;Microsoft YaHei&quot;;font-size:medium;font-weight:400;letter-spacing:normal;text-align:start;white-space:normal;color:rgb(0, 0, 0)\" align=\"start\">\u0160\u012b elektrostacija, kas paredz\u0113ta skarbiem apst\u0101k\u013ciem, dro\u0161i darbojas pat -20\u00a0\u00b0C\/-4\u00a0\u00b0F temperat\u016br\u0101. EPS autom\u0101tisk\u0101s p\u0101rsl\u0113g\u0161an\u0101s funkcija aktiviz\u0113jas maz\u0101k nek\u0101 30\u00a0ms laik\u0101, garant\u0113jot nep\u0101rtrauktu baro\u0161anu str\u0101vas padeves p\u0101rtraukumu vai \u0101rk\u0101rtas situ\u0101ciju laik\u0101. Ar vair\u0101k nek\u0101 2800\u00a0kvalit\u0101tes p\u0101rbaud\u0113m un starptautisk\u0101m sertifik\u0101cij\u0101m Ampace ANDES 600\u00a0Pro priorit\u0101te ir dro\u0161\u012bba un uzticam\u012bba. T\u0101 ir uzticams sabiedrotais m\u0101j\u0101s, ce\u013cojumos un br\u012bvdabas izp\u0113t\u0113, pied\u0101v\u0101jot uzticamu baro\u0161anu, kad un kur t\u0101 visvair\u0101k nepiecie\u0161ama.<\/p>\n<h3 style=\"font-family:&quot;Microsoft YaHei&quot;;letter-spacing:normal;text-align:start;white-space:normal;color:rgb(0, 0, 0)\" align=\"start\">Vied\u0101s funkcijas ar klusu darb\u012bbu<\/h3>\n<p style=\"font-family:&quot;Microsoft YaHei&quot;;font-size:medium;font-weight:400;letter-spacing:normal;text-align:start;white-space:normal;color:rgb(0, 0, 0)\" align=\"start\">Saglab\u0101jiet piln\u012bgu kontroli ar vied\u0101s lietotnes pal\u012bdz\u012bbu, kas nodro\u0161ina \u0113rtu uzraudz\u012bbu un p\u0101rvald\u012bbu. Darbojoties ar \u013coti klusu trok\u0161\u0146a l\u012bmeni zem 30 dB, p\u0101rn\u0113s\u0101jam\u0101 elektrostacija Ampace ANDES 600 Pro ir ide\u0101li piem\u0113rota lieto\u0161anai telp\u0101s vai mier\u012bg\u0101m aktivit\u0101t\u0113m br\u012bv\u0101 dab\u0101. T\u0101s intuit\u012bvais dizains nodro\u0161ina nevainojamu lietot\u0101ja pieredzi pat vissare\u017e\u0123\u012bt\u0101kajos apst\u0101k\u013cos.<\/p>\n<p><\/p>\n<h2 style=\"font-family:&quot;Microsoft YaHei&quot;;font-size:14px;letter-spacing:normal;text-align:start;white-space:normal;color:rgb(0, 0, 0);margin:10px 0px;margin-bottom:10px;margin-top:10px;margin-left:0px;margin-right:0px;padding:0px;padding-bottom:0px;padding-top:0px;padding-left:0px;padding-right:0px\" align=\"start\">Specifik\u0101cija<\/h2>\n<p><\/p>\n<table style=\"border-collapse:collapse;font-family:&quot;Microsoft YaHei&quot;;width:1215.38px\" border=\"1\" cellpadding=\"8\">\n<tbody>\n<tr>\n<td style=\"width:308.788px;height:121px\" width=\"152\">\n<p><strong>Visp\u0101r\u012bgi<\/strong><\/p>\n<\/td>\n<td style=\"width:872.188px;height:121px\" width=\"415\">\n<p>Z\u012bmols: Ampace<br \/>Tips: P\u0101rn\u0113s\u0101jama elektrostacija<br \/>Modelis: ANDES 600 Pro<br \/>Kr\u0101sa: melna<\/p>\n<\/td>\n<\/tr>\n<tr>\n<td style=\"width:308.788px;height:188px\" width=\"152\">\n<p><strong>Pamata specifik\u0101cija<\/strong><\/p>\n<\/td>\n<td style=\"width:872.188px;height:188px\" width=\"415\">\n<p>Ietilp\u012bba: 584 Wh<br \/>Lietotnes vad\u012bba: J\u0101<br \/>Sertifik\u0101cija: UL, CE, FCC, PSE, RoHS<br \/>M\u0101jas EPS: 20 ms<br \/>Apgaismojums: LED gaisma + apk\u0101rt\u0113j\u0101 gaisma<br \/>Uzl\u0101des temperat\u016bra: -10 \u2103~45 \u2103 (14 \u00b0F~113 \u00b0F)<br \/>Izl\u0101des temperat\u016bra: -20 \u2103 ~ 45 \u2103 (-4 \u00b0F ~ 113 \u00b0F)<\/p>\n<\/td>\n<\/tr>\n<tr>\n<td style=\"width:308.788px;height:233px\" width=\"152\">\n<p><strong>Izvade<\/strong><\/p>\n<\/td>\n<td style=\"width:872.188px;height:233px\" width=\"415\">\n<p>ACx2: T\u012brs sinusoid\u0101ls, 600 W (1800 W p\u0101rspriegums) Kop\u0101, ES: 220\u2013240 V 50 Hz<br \/>A-turbo atbalst\u012bt\u0101 maksim\u0101l\u0101 ier\u012bces jauda: 1800\u00a0W rezist\u012bv\u0101m slodz\u0113m<br \/>USB-Cx1: 5\u00a0V\/3\u00a0A, 9\u00a0V\/3\u00a0A, 12\u00a0V\/3\u00a0A, 15\u00a0V\/3\u00a0A, 20\u00a0V\/5\u00a0A, maks. 100\u00a0W<br \/>USB-Cx1: 5\u00a0V\/3\u00a0A, 9\u00a0V\/3\u00a0A, 12\u00a0V\/3\u00a0A, 15\u00a0V\/3\u00a0A, 20\u00a0V\/3\u00a0A, maks. 60\u00a0W<br \/>USB-Ax2: 5\u00a0V\/3\u00a0A, 9\u00a0V\/2\u00a0A, 12\u00a0V\/1,5\u00a0A, 18\u00a0W maks., uz vienu portu<br \/>Automa\u0161\u012bnas kontaktligzda x1: 12V\/10A, 120W maks.<br \/>2 l\u012bdzstr\u0101vas 5521 izejas: 12 V\/10 A, maks. 120 W<\/p>\n<\/td>\n<\/tr>\n<tr>\n<td style=\"width:308.788px;height:121px\" width=\"152\">\n<p><strong>Ievade<\/strong><\/p>\n<\/td>\n<td style=\"width:872.188px;height:121px\" width=\"415\">\n<p>Mai\u0146str\u0101vas uzl\u0101des ieeja: ES 220\u2013240 V, 50 Hz (\u0101tr\u0101s uzl\u0101des jauda A-Boost: maks. 550 W)<br \/>Saules pane\u013ca uzl\u0101des ieeja: DC11~30V, 12A (200W maks.)<br \/>Automa\u0161\u012bnas uzl\u0101des ieeja: DC12V\/24V, 8A (96W maks.)<\/p>\n<\/td>\n<\/tr>\n<tr>\n<td style=\"width:308.788px;height:166px\" width=\"152\">\n<p><strong>Inform\u0101cija par akumulatoru<\/strong><\/p>\n<\/td>\n<td style=\"width:872.188px;height:166px\" width=\"415\">\n<p>\u0160\u016bnu \u0137\u012bmijas sist\u0113ma: LiFePO\u2084 hibr\u012bdsist\u0113ma<br \/>Cikla m\u016b\u017es: 2000 cikli<br \/>Aizsardz\u012bba: Zemas temperat\u016bras aizsardz\u012bba; Zema sprieguma aizsardz\u012bba; P\u0101rslodzes aizsardz\u012bba; P\u0101rkar\u0161anas aizsardz\u012bba; P\u0101rsprieguma aizsardz\u012bba; \u012assl\u0113guma aizsardz\u012bba.<\/p>\n<\/td>\n<\/tr>\n<tr>\n<td style=\"width:308.788px;height:121px\" width=\"152\">\n<p><strong>Svars un izm\u0113rs<\/strong><\/p>\n<\/td>\n<td style=\"width:872.188px;height:121px\" width=\"415\">\n<p>Produkta svars: 7,6 kg\/16,8 m\u0101rci\u0146as<br \/>Iepakojuma svars: 8,5 kg\/18,74 m\u0101rci\u0146as<br \/>Produkta izm\u0113rs: 28,5 \u00d7 20,9 \u00d7 21,4 cm \/ 11,2 \u00d7 8,2 \u00d7 8,4 collas<br \/>Iepakojuma izm\u0113rs: 34,5 \u00d7 26,0 \u00d7 27,0 cm \/ 13,58 \u00d7 10,24 \u00d7 10,63 collas<\/p>\n<\/td>\n<\/tr>\n<tr>\n<td style=\"width:308.788px;height:166px\" width=\"152\">\n<p><strong>Paku saraksts<\/strong><\/p>\n<\/td>\n<td style=\"width:872.188px;height:166px\" width=\"415\">\n<p>1 x ANDES 600 PRO\u00a0<br \/>1 x mai\u0146str\u0101vas uzl\u0101des kabelis\u00a0<br \/>1 x automa\u0161\u012bnas uzl\u0101des kabelis\u00a0<br \/>1 x kabe\u013cu soma\u00a0<br \/>1 lietot\u0101ja rokasgr\u0101mata<br \/>1 x garantijas karte\u00a0<\/p>\n<\/td>\n<\/tr>\n<\/tbody>\n<\/table>\n<p><img decoding=\"async\" src=\"https:\/\/ae01.alicdn.com\/kf\/S50d3d270f5294728b9149c67860a3f7bx.jpeg\" slate-data-type=\"image\"\/><img decoding=\"async\" src=\"https:\/\/ae01.alicdn.com\/kf\/S50168e86323c40c98388461af7027665g.jpeg\" slate-data-type=\"image\"\/><img decoding=\"async\" src=\"https:\/\/ae01.alicdn.com\/kf\/S9fa55404a0024cd6aff399bc311b6eb6R.jpeg\" slate-data-type=\"image\"\/><img decoding=\"async\" src=\"https:\/\/ae01.alicdn.com\/kf\/Sd8798235e8724107b6df349ed0f7a126b.jpeg\" slate-data-type=\"image\"\/><img decoding=\"async\" src=\"https:\/\/ae01.alicdn.com\/kf\/Sb3a5778a14b6478ca2593583af84f59cE.jpeg\" slate-data-type=\"image\"\/><img decoding=\"async\" src=\"https:\/\/ae01.alicdn.com\/kf\/S290b776314044876a5540209782747556.jpeg\" slate-data-type=\"image\"\/><img decoding=\"async\" src=\"https:\/\/ae01.alicdn.com\/kf\/S1cb214553c204920b394721e63e235e9J.jpeg\" slate-data-type=\"image\"\/><img decoding=\"async\" src=\"https:\/\/ae01.alicdn.com\/kf\/Saf659a2ca7a54135a2bd9f0182780f48n.jpeg\" slate-data-type=\"image\"\/><img decoding=\"async\" src=\"https:\/\/ae01.alicdn.com\/kf\/S88a60e0ac3ad426d92e280d3d9d27666s.jpeg\" slate-data-type=\"image\"\/><img decoding=\"async\" src=\"https:\/\/ae01.alicdn.com\/kf\/Sdb31ccd65c9f48c88164abcb341cc3830.jpeg\" slate-data-type=\"image\"\/><img decoding=\"async\" src=\"https:\/\/ae01.alicdn.com\/kf\/Sb83ba7317365404b8ccd8f3b0e7d214ah.jpeg\" slate-data-type=\"image\"\/><img decoding=\"async\" src=\"https:\/\/ae01.alicdn.com\/kf\/Sb3eebfeb3a5445e6a4766c3375ef32edK.jpeg\" slate-data-type=\"image\"\/><\/p>","protected":false},"excerpt":{"rendered":"<p>Nominal Capacity:&nbsp;584Wh Model Number:&nbsp;ANDES 600 Pro Type:&nbsp;LiFePO4 Set Type:&nbsp;Charger Sets Brand:&nbsp;Ampace Type:&nbsp;Portable Power Station Model:&nbsp;ANDES 600 Pro Capacity:&nbsp;584Wh Certification:&nbsp;UL, CE, FCC, PSE, RoHS Home EPS:&nbsp;20ms Light:&nbsp;LED Light+Ambient Light Type A:&nbsp;9<\/p>","protected":false},"featured_media":21794,"comment_status":"open","ping_status":"closed","template":"","meta":{"_acf_changed":false},"product_brand":[],"product_cat":[515],"product_tag":[],"class_list":{"0":"post-21792","1":"product","2":"type-product","3":"status-publish","4":"has-post-thumbnail","6":"product_cat-portable-power-stations","8":"first","9":"instock","10":"shipping-taxable","11":"purchasable","12":"product-type-simple"},"acf":[],"_links":{"self":[{"href":"https:\/\/www.electricstore.eu\/lv\/wp-json\/wp\/v2\/product\/21792","targetHints":{"allow":["GET"]}}],"collection":[{"href":"https:\/\/www.electricstore.eu\/lv\/wp-json\/wp\/v2\/product"}],"about":[{"href":"https:\/\/www.electricstore.eu\/lv\/wp-json\/wp\/v2\/types\/product"}],"replies":[{"embeddable":true,"href":"https:\/\/www.electricstore.eu\/lv\/wp-json\/wp\/v2\/comments?post=21792"}],"wp:featuredmedia":[{"embeddable":true,"href":"https:\/\/www.electricstore.eu\/lv\/wp-json\/wp\/v2\/media\/21794"}],"wp:attachment":[{"href":"https:\/\/www.electricstore.eu\/lv\/wp-json\/wp\/v2\/media?parent=21792"}],"wp:term":[{"taxonomy":"product_brand","embeddable":true,"href":"https:\/\/www.electricstore.eu\/lv\/wp-json\/wp\/v2\/product_brand?post=21792"},{"taxonomy":"product_cat","embeddable":true,"href":"https:\/\/www.electricstore.eu\/lv\/wp-json\/wp\/v2\/product_cat?post=21792"},{"taxonomy":"product_tag","embeddable":true,"href":"https:\/\/www.electricstore.eu\/lv\/wp-json\/wp\/v2\/product_tag?post=21792"}],"curies":[{"name":"wp","href":"https:\/\/api.w.org\/{rel}","templated":true}]}}