{"id":21727,"date":"2025-05-20T18:21:37","date_gmt":"2025-05-20T18:21:37","guid":{"rendered":"https:\/\/electricstore.eu\/p\/uncategorized\/lanpwr-24v-100ah-lifepo4-lithium-battery-pack-backup-power-2560wh-energy-4000-deep-cycles-built-in-100a-bms\/"},"modified":"2025-05-20T18:21:37","modified_gmt":"2025-05-20T18:21:37","slug":"lanpwr-24v-100ah-lifepo4-lithium-battery-pack-backup-power-2560wh-energy-4000-deep-cycles-built-in-100a-bms","status":"publish","type":"product","link":"https:\/\/www.electricstore.eu\/lv\/p\/batteries\/lifepo4-batteries\/100-200ah-lifepo4-batteries\/lanpwr-24v-100ah-lifepo4-lithium-battery-pack-backup-power-2560wh-energy-4000-deep-cycles-built-in-100a-bms\/","title":{"rendered":"LANPWR 24 V 100 Ah LiFePO4 litija akumulatoru bloks ar rezerves baro\u0161anu, 2560 Wh ener\u0123ija, vair\u0101k nek\u0101 4000 dzi\u013ci cikli, ieb\u016bv\u0113ta 100 A BMS sist\u0113ma"},"content":{"rendered":"<div class=\"product-specs-list-container\">\n<ul class=\"product-specs-list util-clearfix\">\n<li class=\"product-prop line-limit-length\"><span\n                                        class=\"property-title\">Nomin\u0101l\u0101 ietilp\u012bba:&nbsp;<\/span><span\n                                        class=\"property-desc line-limit-length\">&gt;3500 mAh<\/span>\n                            <\/li>\n<li class=\"product-prop line-limit-length\"><span\n                                        class=\"property-title\">Mode\u013ca numurs:&nbsp;<\/span><span\n                                        class=\"property-desc line-limit-length\">LANPWRN 24V<\/span>\n                            <\/li>\n<li class=\"product-prop line-limit-length\"><span\n                                        class=\"property-title\">Tips:&nbsp;<\/span><span\n                                        class=\"property-desc line-limit-length\">LiFePO4<\/span>\n                            <\/li>\n<li class=\"product-prop line-limit-length\"><span\n                                        class=\"property-title\">Komplekta veids:&nbsp;<\/span><span\n                                        class=\"property-desc line-limit-length\">L\u0101d\u0113t\u0101ju komplekti<\/span>\n                            <\/li>\n<\/ul><\/div>\n<div class=\"detailmodule_html\">\n<div class=\"detail-desc-decorate-richtext\">\n<p><\/p>\n<p><span style=\"color:rgb(244, 78, 59);font-size:26px;font-family:georgia, serif\"><strong>Es-hot Sale Store &#8212; High quality products and satisfaction after-sales service<\/strong><\/span><\/p>\n<\/p>\n<ul style=\"font-family:&quot;Microsoft YaHei&quot;;font-size:medium;font-weight:400;letter-spacing:normal;text-align:start;white-space:normal;color:rgb(0, 0, 0);margin-bottom:10px;padding-left:0px\" class=\"clearfix\" align=\"start\">\n<li style=\"font-size:14px;font-weight:bold;margin-right:10px;padding-left:18px;list-style:none;float:left\">\n<p><span style=\"font-size:22px\"><strong>Produkta svar\u012bg\u0101kie aspekti &gt;&gt;&gt;<\/strong><\/span>:<\/p>\n<\/li>\n<\/ul>\n<ul style=\"font-family:&quot;Microsoft YaHei&quot;;font-size:medium;font-weight:400;letter-spacing:normal;text-align:start;white-space:normal;color:rgb(0, 0, 0);margin-bottom:10px;padding-left:0px\" class=\"clearfix\" align=\"start\">\n<li style=\"font-size:14px;margin-right:10px;padding-left:18px;list-style:none;position:relative;float:left\">\n<h3><strong>10 Years Lifetime &amp; 1\/3 light weight<\/strong><\/h3>\n<p>LANPWR LiFePO4 battery provides 4000 cycles, which is more than 10 times Lead Acid with 200-500 cycles, helping to minimize replacement cost and reduces the total cost of ownership. Weights only 1\/3 the weight of lead-acid batteries, which makes it an easy choice for RVs, Marine, and Off-Grid Applications when mounting or mobility is in consideration.<\/p>\n<h3><strong>Automotive Grade Lithium Battery &amp; Eco-friendly<\/strong><\/h3>\n<p>24V 100Ah LANPWR lithium iron phosphate batteries have exceptional quality since they are manufactured by Automotive Grade LiFePO4 Cells with higher energy density, more stable performance &amp; greater power. With no acid in the battery, you&#8217;re able to safely mount it in any position. LiFePO4 batteries can be recycled and do not produce elements that are harmful to the environment, but lead-acid batteries pollute the environment.<\/p>\n<h3><strong>Capacity Expansion<\/strong><\/h3>\n<p>LANPWR LiFePO4 battery can be connected in parallel and in series for larger capacity and voltage. Max connection in series: Up to 2 identical batteries for up to 51.2V connecting in series. Connection in parallels: it can connect multiple batteries, suggging no more than 4pcs in parallel. Allow to be extended up to 2 in series and 4 in parallel (Max 2S4P) to get more capacity (Max 400Ah) and higher voltage (24V, 48V). When the batteries are used in parallel or series, the battery voltage and capacity must be the same and used in near time (within 3 months).<\/p>\n<h3><strong>Ieb\u016bv\u0113ta 100A BMS sist\u0113ma<\/strong><\/h3>\n<p>LANPWR LiFePO4 battery has built-in 100A BMS (Battery Management System) to protect it from overcharge, over-discharge, over-current, and short circuits with an excellent self-discharge rate. Built-in high-temp cut-off prevention charging over 122 &deg;F(50 &deg;C). Without memory effect, no matter what state the battery is in, it can be used as soon as it is charged. LANPWR LiFePO4 battery is IP65 level.<\/p>\n<\/li>\n<\/ul>\n<p><\/p>\n<ul style=\"font-family:&quot;Microsoft YaHei&quot;;font-size:medium;font-weight:400;letter-spacing:normal;text-align:start;white-space:normal;color:rgb(0, 0, 0);margin-bottom:10px;padding-left:0px\" class=\"clearfix\" align=\"start\">\n<li style=\"font-size:14px;font-weight:bold;margin-right:10px;padding-left:18px;list-style:none;float:left\">\n<p><span style=\"font-size:22px\"><strong>Specifik\u0101cija &gt;&gt;&gt;:<\/strong><\/span><\/p>\n<\/li>\n<\/ul>\n<table style=\"border-collapse:collapse;font-family:&quot;Microsoft YaHei&quot;;width:900px\" class=\"jbEidtTable\" border=\"1\" cellpadding=\"5\" cellspacing=\"0\">\n<tbody>\n<tr>\n<td style=\"font-size:14px;text-align:left\" align=\"left\">\n<p><strong>Visp\u0101r\u012bgi<\/strong><\/p>\n<\/td>\n<td style=\"font-size:14px;text-align:left\" align=\"left\">\n<p>Z\u012bmols: LANPWR<br \/>Type: LiFePO4 Battery<br \/>Model: LFP24-100<br \/>Kr\u0101sa: melna<\/p>\n<\/td>\n<\/tr>\n<tr>\n<td style=\"font-size:14px;text-align:left\" align=\"left\">\n<p><strong>Specifik\u0101cija<\/strong><\/p>\n<\/td>\n<td style=\"font-size:14px;text-align:left\" align=\"left\">\n<p>Nomin\u0101lais spriegums: 25,6 V<br \/>Nominal Capacity: 100Ah (C5, 25 Celsius)<br \/>Energy: 2560Wh<br \/>Internal Resistance: &le; 60m&Omega;<br \/>Cikla ilgums: \u2265 4000 cikli @ 0,2 \u00b0C 100% DOD<br \/>M\u0113ne\u0161u pa\u0161izl\u0101de: &lt;3%<br \/>Uzl\u0101des efektivit\u0101te: 100% pie 0,2 \u00b0C<br \/>Izl\u0101des efektivit\u0101te: 96-99% pie 0,5 \u00b0C<br \/>Charge Mode: 29.2 \u00b1 0.2V<br \/>Charge cut-off voltage: 0.2C charge to 29.2V<br \/>Charge current: 20A<br \/>Continuous current: 100A<br \/>Max Press current: 300A(&lt;3s)<br \/>Discharge cut-off voltage: 20V<br \/>Storage Temperature: -10 to 40 Celsius (14 to 104 Fahrenheit)<br \/>Charge Temperature: -5 to 45 Celsius (23 to 113 Fahrenheit)<br \/>Izl\u0101des temperat\u016bra: no -20 l\u012bdz 60 Celsija (no -4 l\u012bdz 140 F\u0101renheita)<br \/>Combination Method: 2S4P<br \/>Plastic Case: ABS<br \/>Termin\u0101ls: M8<\/p>\n<\/td>\n<\/tr>\n<tr>\n<td style=\"font-size:14px;text-align:left\" align=\"left\">\n<p><strong>Svars un izm\u0113rs<\/strong><\/p>\n<\/td>\n<td style=\"font-size:14px;text-align:left\" align=\"left\">\n<p>Product Weight: 21kg<br \/>Package Weight: 22.5kg<br \/>Product Size(L x W x H): 49x23x22cm<br \/>Package Size(L x W x H): 57x28x30cm<\/p>\n<\/td>\n<\/tr>\n<tr>\n<td style=\"font-size:14px;text-align:left\" align=\"left\">\n<p><strong>Konteineru iepakojums<\/strong><\/p>\n<\/td>\n<td style=\"font-size:14px;text-align:left\" align=\"left\">\n<p>1 x LiFePO4 Battery<br \/>1 lietot\u0101ja rokasgr\u0101mata<\/p>\n<\/td>\n<\/tr>\n<\/tbody>\n<\/table>\n<ul style=\"font-family:&quot;Microsoft YaHei&quot;;font-size:medium;font-weight:400;letter-spacing:normal;text-align:start;white-space:normal;color:rgb(0, 0, 0);margin-bottom:10px;padding-left:0px\" class=\"clearfix\" align=\"start\">\n<li style=\"font-size:14px;font-weight:bold;margin-right:10px;padding-left:18px;list-style:none\">\n<p><span style=\"font-size:22px\"><strong>Images &gt;&gt;&gt;:<\/strong><\/span><\/p>\n<\/li>\n<\/ul>\n<p><img decoding=\"async\" src=\"https:\/\/ae01.alicdn.com\/kf\/S0a9293712d704d1b845d7a40c5501b03O.jpg\" slate-data-type=\"image\"\/><img decoding=\"async\" src=\"https:\/\/ae01.alicdn.com\/kf\/S080050f029494da2acfa43210f8a1af0D.jpg\" slate-data-type=\"image\"\/><img decoding=\"async\" src=\"https:\/\/ae01.alicdn.com\/kf\/Sdd99554ef16a471585f48c399cf5ca59G.jpg\" slate-data-type=\"image\"\/><img decoding=\"async\" src=\"https:\/\/ae01.alicdn.com\/kf\/S2d7400ad0445451aae7e3f61b25cc1cet.jpg\" slate-data-type=\"image\"\/><img decoding=\"async\" src=\"https:\/\/ae01.alicdn.com\/kf\/Sf02c1ec6d6e94848b1ace0d7d1a5bdd1J.jpg\" slate-data-type=\"image\"\/><\/p>\n<\/div>\n<\/div>","protected":false},"excerpt":{"rendered":"<p>Nominal Capacity:&nbsp;&gt;3500mAh Model Number:&nbsp;LANPWRN 24V Type:&nbsp;LiFePO4 Set Type:&nbsp;Charger Sets Es-hot Sale Store &#8212; High quality products and satisfaction after-sales service Product Highlights &gt;&gt;&gt;: 10 Years Lifetime &amp; 1\/3 light weight<\/p>","protected":false},"featured_media":21728,"comment_status":"open","ping_status":"closed","template":"","meta":{"_acf_changed":false},"product_brand":[],"product_cat":[237],"product_tag":[],"class_list":{"0":"post-21727","1":"product","2":"type-product","3":"status-publish","4":"has-post-thumbnail","6":"product_cat-100-200ah-lifepo4-batteries","8":"first","9":"instock","10":"shipping-taxable","11":"purchasable","12":"product-type-simple"},"acf":[],"_links":{"self":[{"href":"https:\/\/www.electricstore.eu\/lv\/wp-json\/wp\/v2\/product\/21727","targetHints":{"allow":["GET"]}}],"collection":[{"href":"https:\/\/www.electricstore.eu\/lv\/wp-json\/wp\/v2\/product"}],"about":[{"href":"https:\/\/www.electricstore.eu\/lv\/wp-json\/wp\/v2\/types\/product"}],"replies":[{"embeddable":true,"href":"https:\/\/www.electricstore.eu\/lv\/wp-json\/wp\/v2\/comments?post=21727"}],"wp:featuredmedia":[{"embeddable":true,"href":"https:\/\/www.electricstore.eu\/lv\/wp-json\/wp\/v2\/media\/21728"}],"wp:attachment":[{"href":"https:\/\/www.electricstore.eu\/lv\/wp-json\/wp\/v2\/media?parent=21727"}],"wp:term":[{"taxonomy":"product_brand","embeddable":true,"href":"https:\/\/www.electricstore.eu\/lv\/wp-json\/wp\/v2\/product_brand?post=21727"},{"taxonomy":"product_cat","embeddable":true,"href":"https:\/\/www.electricstore.eu\/lv\/wp-json\/wp\/v2\/product_cat?post=21727"},{"taxonomy":"product_tag","embeddable":true,"href":"https:\/\/www.electricstore.eu\/lv\/wp-json\/wp\/v2\/product_tag?post=21727"}],"curies":[{"name":"wp","href":"https:\/\/api.w.org\/{rel}","templated":true}]}}