{"id":21717,"date":"2025-05-20T18:21:28","date_gmt":"2025-05-20T18:21:28","guid":{"rendered":"https:\/\/electricstore.eu\/p\/uncategorized\/lanpwr-ufox-plus-50e-solar-power-station-5000w-5120wh-solar-generator-lifepo4-battery-off-grid-inverter-expandable-app-control\/"},"modified":"2025-05-20T18:21:29","modified_gmt":"2025-05-20T18:21:29","slug":"lanpwr-ufox-plus-50e-solar-power-station-5000w-5120wh-solar-generator-lifepo4-battery-off-grid-inverter-expandable-app-control","status":"publish","type":"product","link":"https:\/\/www.electricstore.eu\/lv\/p\/batteries\/portable-power-stations\/lanpwr-ufox-plus-50e-solar-power-station-5000w-5120wh-solar-generator-lifepo4-battery-off-grid-inverter-expandable-app-control\/","title":{"rendered":"LANPWR UFox Plus 50E saules elektrostacija 5000 W 5120 Wh saules \u0123enerators LiFePO4 akumulators bezsaistes invertors papla\u0161in\u0101ms un lietotnes vad\u012bba"},"content":{"rendered":"<div class=\"product-specs-list-container\">\n<ul class=\"product-specs-list util-clearfix\">\n<li class=\"product-prop line-limit-length\"><span\n                                        class=\"property-title\">Nomin\u0101l\u0101 ietilp\u012bba:&nbsp;<\/span><span\n                                        class=\"property-desc line-limit-length\">5120 Wh<\/span>\n                            <\/li>\n<li class=\"product-prop line-limit-length\"><span\n                                        class=\"property-title\">Mode\u013ca numurs:&nbsp;<\/span><span\n                                        class=\"property-desc line-limit-length\">UFOX-PLUS-50E<\/span>\n                            <\/li>\n<li class=\"product-prop line-limit-length\"><span\n                                        class=\"property-title\">Tips:&nbsp;<\/span><span\n                                        class=\"property-desc line-limit-length\">LiFePO4<\/span>\n                            <\/li>\n<li class=\"product-prop line-limit-length\"><span\n                                        class=\"property-title\">Komplekta veids:&nbsp;<\/span><span\n                                        class=\"property-desc line-limit-length\">L\u0101d\u0113t\u0101ju komplekti<\/span>\n                            <\/li>\n<li class=\"product-prop line-limit-length\"><span\n                                        class=\"property-title\">Z\u012bmols:&nbsp;<\/span><span\n                                        class=\"property-desc line-limit-length\">LANPWR<\/span>\n                            <\/li>\n<li class=\"product-prop line-limit-length\"><span\n                                        class=\"property-title\">Tips:&nbsp;<\/span><span\n                                        class=\"property-desc line-limit-length\">Li-ions(LFP \/LiFePO4)<\/span>\n                            <\/li>\n<li class=\"product-prop line-limit-length\"><span\n                                        class=\"property-title\">Modelis:&nbsp;<\/span><span\n                                        class=\"property-desc line-limit-length\">UFOX-PLUS-50E<\/span>\n                            <\/li>\n<li class=\"product-prop line-limit-length\"><span\n                                        class=\"property-title\">Ietilp\u012bba:&nbsp;<\/span><span\n                                        class=\"property-desc line-limit-length\">5.12kWh<\/span>\n                            <\/li>\n<li class=\"product-prop line-limit-length\"><span\n                                        class=\"property-title\">Rated power:&nbsp;<\/span><span\n                                        class=\"property-desc line-limit-length\">5000W<\/span>\n                            <\/li>\n<li class=\"product-prop line-limit-length\"><span\n                                        class=\"property-title\">Surge powe:&nbsp;<\/span><span\n                                        class=\"property-desc line-limit-length\">Surge power<\/span>\n                            <\/li>\n<li class=\"product-prop line-limit-length\"><span\n                                        class=\"property-title\">10000W, 5s:&nbsp;<\/span><span\n                                        class=\"property-desc line-limit-length\">Max. output current<\/span>\n                            <\/li>\n<\/ul><\/div>\n<p><\/p>\n<p style=\"font-family:&quot;Noto Sans SC&quot;;font-size:medium;font-weight:400;letter-spacing:normal;text-align:start;white-space:normal;color:rgb(0, 0, 0)\" align=\"start\"><span style=\"font-size:x-large\">Svar\u012bg\u0101kie notikumi<\/span><\/p>\n<p><\/p>\n<h3 style=\"font-family:&quot;Noto Sans SC&quot;;letter-spacing:normal;text-align:start;white-space:normal;color:rgb(0, 0, 0)\" align=\"start\">4-in-1 Fast Charging &amp; 5000W Output<\/h3>\n<p style=\"font-family:&quot;Noto Sans SC&quot;;font-size:medium;font-weight:400;letter-spacing:normal;text-align:start;white-space:normal;color:rgb(0, 0, 0)\" align=\"start\">Combines 4500W solar + 3000W alternator\/generator\/shore power for ultra-fast 1.5-3 hour recharging. Powers heavy-duty devices (up to 5000W) with pure sine wave output.<\/p>\n<h3 style=\"font-family:&quot;Noto Sans SC&quot;;letter-spacing:normal;text-align:start;white-space:normal;color:rgb(0, 0, 0)\" align=\"start\">Long-Lasting LiFePO4 Battery<\/h3>\n<p style=\"font-family:&quot;Noto Sans SC&quot;;font-size:medium;font-weight:400;letter-spacing:normal;text-align:start;white-space:normal;color:rgb(0, 0, 0)\" align=\"start\">5120Wh LiFePO4 battery lasts many years (5000+ cycles) and stays stable in extreme conditions for off-grid homes or RVs.<\/p>\n<h3 style=\"font-family:&quot;Noto Sans SC&quot;;letter-spacing:normal;text-align:start;white-space:normal;color:rgb(0, 0, 0)\" align=\"start\">Solar-Ready &amp; Energy Savings<\/h3>\n<p style=\"font-family:&quot;Noto Sans SC&quot;;font-size:medium;font-weight:400;letter-spacing:normal;text-align:start;white-space:normal;color:rgb(0, 0, 0)\" align=\"start\">Built-in MPPT maximizes 4500W solar input, slashing bills by 80%. Stores off-peak grid power for daytime savings.<\/p>\n<h3 style=\"font-family:&quot;Noto Sans SC&quot;;letter-spacing:normal;text-align:start;white-space:normal;color:rgb(0, 0, 0)\" align=\"start\">All-in-One UPS &amp; Smart Control<\/h3>\n<p style=\"font-family:&quot;Noto Sans SC&quot;;font-size:medium;font-weight:400;letter-spacing:normal;text-align:start;white-space:normal;color:rgb(0, 0, 0)\" align=\"start\">Instant backup power (&lt;10ms switch) during outages. Monitor and control remotely via Wi-Fi\/4G app.<\/p>\n<h3 style=\"font-family:&quot;Noto Sans SC&quot;;letter-spacing:normal;text-align:start;white-space:normal;color:rgb(0, 0, 0)\" align=\"start\">Industrial-Grade &amp; Portable<\/h3>\n<p style=\"font-family:&quot;Noto Sans SC&quot;;font-size:medium;font-weight:400;letter-spacing:normal;text-align:start;white-space:normal;color:rgb(0, 0, 0)\" align=\"start\">Compact, IP65-rated design for tough environments. Plug-and-play setup for homes, RVs, or emergencies.<\/p>\n<p><\/p>\n<h2 style=\"font-family:&quot;Noto Sans SC&quot;;font-size:14px;letter-spacing:normal;text-align:start;white-space:normal;color:rgb(0, 0, 0);margin:10px 0px;margin-bottom:10px;margin-top:10px;margin-left:0px;margin-right:0px;padding:0px;padding-bottom:0px;padding-top:0px;padding-left:0px;padding-right:0px\" align=\"start\">Specifik\u0101cija<\/h2>\n<p><\/p>\n<table style=\"border-collapse:collapse;font-family:&quot;Noto Sans SC&quot;;width:1000px\" class=\"jbEidtTable\" border=\"1\" cellpadding=\"5\" cellspacing=\"0\">\n<tbody>\n<tr>\n<td style=\"text-align:left;height:120.868px\" align=\"left\">\n<p><strong>Visp\u0101r\u012bgi<\/strong><\/p>\n<\/td>\n<td style=\"text-align:left;height:120.868px\" align=\"left\">\n<p>Z\u012bmols: LANPWR<br \/>Type: Li-ions(LFP \/LiFePO4)<br \/>Model: UFOX-PLUS-35E<br \/>Color: White<\/p>\n<\/td>\n<\/tr>\n<tr>\n<td style=\"text-align:left;height:244.444px\" align=\"left\">\n<p><strong>Specifik\u0101cija<\/strong><\/p>\n<\/td>\n<td style=\"text-align:left;height:244.444px\" align=\"left\">\n<p>Specifik\u0101cija<br \/>Rated voltage: 51.2V<br \/>Capacity: 5.12kWh<br \/>Rated power: 3500W<br \/>Surge power: 7000W, 5s<br \/>Rated output voltage: 220\/230\/240V<br \/>Max. output current: 16A<br \/>Max.PV power(Recommended): 4500W<br \/>Max.PV voltage: 450V<br \/>MPPT voltage range: 120~430V<br \/>Max PV charge current(Battery): 80A<\/p>\n<\/td>\n<\/tr>\n<tr>\n<td style=\"text-align:left;height:88.8889px\" align=\"left\">\n<p><strong>Svars un izm\u0113rs<\/strong><\/p>\n<\/td>\n<td style=\"text-align:left;height:88.8889px\" align=\"left\">\n<p>Product Weight: 67.2kg<br \/>Package Weight: 70kg<br \/>Product Size(L x W x H): 585*611*230mm<br \/>Package Size(L x W x H): 655*645*362mm<\/p>\n<\/td>\n<\/tr>\n<tr>\n<td style=\"text-align:left;height:209.757px\" align=\"left\">\n<p><strong>Iepakojuma saturs<\/strong><\/p>\n<\/td>\n<td style=\"text-align:left;height:209.757px\" align=\"left\">\n<p>1 x Solar Power Station<br \/>1 x WiFi module antenna<br \/>3 x Tube terminal red<br \/>3 x Tube terminal black<br \/>2 x Tube terminal yellow<br \/>1 lietot\u0101ja rokasgr\u0101mata<br \/>1 x Qualified Certificate<br \/>1 x APP Operation Guide<br \/>1 x Packing List<\/p>\n<\/td>\n<\/tr>\n<\/tbody>\n<\/table>\n<p><img decoding=\"async\" src=\"https:\/\/ae01.alicdn.com\/kf\/Sb1c378e788b04161817bb4f54630798dx.jpeg\" slate-data-type=\"image\"\/><img decoding=\"async\" src=\"https:\/\/ae01.alicdn.com\/kf\/Sed203d359d7d4804843144bcc45ac107s.jpeg\" slate-data-type=\"image\"\/><img decoding=\"async\" src=\"https:\/\/ae01.alicdn.com\/kf\/Sada0bffd785f4b4e9d33efb3c269d126A.jpeg\" slate-data-type=\"image\"\/><img decoding=\"async\" src=\"https:\/\/ae01.alicdn.com\/kf\/Sdd522bf880534d529a1acc5640b3276cv.jpeg\" slate-data-type=\"image\"\/><img decoding=\"async\" src=\"https:\/\/ae01.alicdn.com\/kf\/Scabbec8dc7394659aa6c105f42aa82caJ.jpeg\" slate-data-type=\"image\"\/><img decoding=\"async\" src=\"https:\/\/ae01.alicdn.com\/kf\/S57b59c48c3a54306aeead92575f0b5ade.jpeg\" slate-data-type=\"image\"\/><img decoding=\"async\" src=\"https:\/\/ae01.alicdn.com\/kf\/S4b84e03c395e416c8fff4e1e77766096i.jpeg\" slate-data-type=\"image\"\/><img decoding=\"async\" src=\"https:\/\/ae01.alicdn.com\/kf\/Sca61d7a440e34046b695cd61c723662as.jpeg\" slate-data-type=\"image\"\/><img decoding=\"async\" src=\"https:\/\/ae01.alicdn.com\/kf\/S30e49d2e1adb4a2e9f1fec66feba65dfT.jpeg\" slate-data-type=\"image\"\/><img decoding=\"async\" src=\"https:\/\/ae01.alicdn.com\/kf\/S7782a7bf3fcd49f9bca1a8223b4cc952T.jpeg\" slate-data-type=\"image\"\/><img decoding=\"async\" src=\"https:\/\/ae01.alicdn.com\/kf\/S10953597b45f4309960b07cd984e15c5W.jpeg\" slate-data-type=\"image\"\/><img decoding=\"async\" src=\"https:\/\/ae01.alicdn.com\/kf\/S0622d0352064421dacdcc980e05fde80H.jpeg\" slate-data-type=\"image\"\/><img decoding=\"async\" src=\"https:\/\/ae01.alicdn.com\/kf\/S154cc3f7e1694152af0a0b47d012fe34J.jpeg\" slate-data-type=\"image\"\/><\/p>","protected":false},"excerpt":{"rendered":"<p>Nominal Capacity:&nbsp;5120Wh Model Number:&nbsp;UFOX-PLUS-50E Type:&nbsp;LiFePO4 Set Type:&nbsp;Charger Sets Brand:&nbsp;LANPWR Type:&nbsp;Li-ions(LFP \/LiFePO4) Model:&nbsp;UFOX-PLUS-50E Capacity:&nbsp;5.12kWh Rated power:&nbsp;5000W Surge powe:&nbsp;Surge power 10000W, 5s:&nbsp;Max. output current Highlights 4-in-1 Fast Charging &amp; 5000W Output Combines<\/p>","protected":false},"featured_media":21719,"comment_status":"open","ping_status":"closed","template":"","meta":{"_acf_changed":false},"product_brand":[],"product_cat":[515],"product_tag":[],"class_list":{"0":"post-21717","1":"product","2":"type-product","3":"status-publish","4":"has-post-thumbnail","6":"product_cat-portable-power-stations","8":"first","9":"instock","10":"shipping-taxable","11":"purchasable","12":"product-type-simple"},"acf":[],"_links":{"self":[{"href":"https:\/\/www.electricstore.eu\/lv\/wp-json\/wp\/v2\/product\/21717","targetHints":{"allow":["GET"]}}],"collection":[{"href":"https:\/\/www.electricstore.eu\/lv\/wp-json\/wp\/v2\/product"}],"about":[{"href":"https:\/\/www.electricstore.eu\/lv\/wp-json\/wp\/v2\/types\/product"}],"replies":[{"embeddable":true,"href":"https:\/\/www.electricstore.eu\/lv\/wp-json\/wp\/v2\/comments?post=21717"}],"wp:featuredmedia":[{"embeddable":true,"href":"https:\/\/www.electricstore.eu\/lv\/wp-json\/wp\/v2\/media\/21719"}],"wp:attachment":[{"href":"https:\/\/www.electricstore.eu\/lv\/wp-json\/wp\/v2\/media?parent=21717"}],"wp:term":[{"taxonomy":"product_brand","embeddable":true,"href":"https:\/\/www.electricstore.eu\/lv\/wp-json\/wp\/v2\/product_brand?post=21717"},{"taxonomy":"product_cat","embeddable":true,"href":"https:\/\/www.electricstore.eu\/lv\/wp-json\/wp\/v2\/product_cat?post=21717"},{"taxonomy":"product_tag","embeddable":true,"href":"https:\/\/www.electricstore.eu\/lv\/wp-json\/wp\/v2\/product_tag?post=21717"}],"curies":[{"name":"wp","href":"https:\/\/api.w.org\/{rel}","templated":true}]}}