{"id":21706,"date":"2025-05-20T18:21:21","date_gmt":"2025-05-20T18:21:21","guid":{"rendered":"https:\/\/electricstore.eu\/p\/uncategorized\/vtoman-flashspeed-1000-portable-power-station-1000w2000w-peak-828wh-lifepo4-battery-with-ac-usb-dc-output-ports\/"},"modified":"2025-05-20T18:21:21","modified_gmt":"2025-05-20T18:21:21","slug":"vtoman-flashspeed-1000-portable-power-station-1000w2000w-peak-828wh-lifepo4-battery-with-ac-usb-dc-output-ports","status":"publish","type":"product","link":"https:\/\/www.electricstore.eu\/lv\/p\/batteries\/portable-power-stations\/vtoman-flashspeed-1000-portable-power-station-1000w2000w-peak-828wh-lifepo4-battery-with-ac-usb-dc-output-ports\/","title":{"rendered":"VTOMAN Flashspeed 1000 p\u0101rn\u0113s\u0101jama elektrostacija, 1000 W (2000 W maksim\u0101l\u0101 jauda), 828 Wh LiFePO4 akumulators, ar mai\u0146str\u0101vas\/USB\/l\u012bdzstr\u0101vas izejas portiem"},"content":{"rendered":"<div class=\"product-specs-list-container\">\n<ul class=\"product-specs-list util-clearfix\">\n<li class=\"product-prop line-limit-length\"><span\n                                        class=\"property-title\">Pielietojums:&nbsp;<\/span><span\n                                        class=\"property-desc line-limit-length\">Saules ener\u0123ijas uzglab\u0101\u0161ana<\/span>\n                            <\/li>\n<li class=\"product-prop line-limit-length\"><span\n                                        class=\"property-title\">Nomin\u0101l\u0101 ietilp\u012bba:&nbsp;<\/span><span\n                                        class=\"property-desc line-limit-length\">2376\u00a0Wh<\/span>\n                            <\/li>\n<li class=\"product-prop line-limit-length\"><span\n                                        class=\"property-title\">Mode\u013ca numurs:&nbsp;<\/span><span\n                                        class=\"property-desc line-limit-length\">Zibspuldzes \u0101trums1000<\/span>\n                            <\/li>\n<li class=\"product-prop line-limit-length\"><span\n                                        class=\"property-title\">Tips:&nbsp;<\/span><span\n                                        class=\"property-desc line-limit-length\">LiFePO4<\/span>\n                            <\/li>\n<li class=\"product-prop line-limit-length\"><span\n                                        class=\"property-title\">Komplekta veids:&nbsp;<\/span><span\n                                        class=\"property-desc line-limit-length\">L\u0101d\u0113t\u0101ju komplekti<\/span>\n                            <\/li>\n<li class=\"product-prop line-limit-length\"><span\n                                        class=\"property-title\">1.\u00a0funkcijas:&nbsp;<\/span><span\n                                        class=\"property-desc line-limit-length\">p\u0101rn\u0113s\u0101jama sp\u0113kstacija<\/span>\n                            <\/li>\n<li class=\"product-prop line-limit-length\"><span\n                                        class=\"property-title\">02.\u00a0funkcijas:&nbsp;<\/span><span\n                                        class=\"property-desc line-limit-length\">elektrostacija<\/span>\n                            <\/li>\n<li class=\"product-prop line-limit-length\"><span\n                                        class=\"property-title\">Funkcijas 03:&nbsp;<\/span><span\n                                        class=\"property-desc line-limit-length\">p\u0101rn\u0113s\u0101jama saules ener\u0123ijas stacija<\/span>\n                            <\/li>\n<li class=\"product-prop line-limit-length\"><span\n                                        class=\"property-title\">05.\u00a0funkcijas:&nbsp;<\/span><span\n                                        class=\"property-desc line-limit-length\">uzl\u0101des stacijas<\/span>\n                            <\/li>\n<li class=\"product-prop line-limit-length\"><span\n                                        class=\"property-title\">Funkcijas 06:&nbsp;<\/span><span\n                                        class=\"property-desc line-limit-length\">saules \u0123enerators<\/span>\n                            <\/li>\n<li class=\"product-prop line-limit-length\"><span\n                                        class=\"property-title\">7.\u00a0funkcijas:&nbsp;<\/span><span\n                                        class=\"property-desc line-limit-length\">benz\u012bna elektriskais \u0123enerators<\/span>\n                            <\/li>\n<li class=\"product-prop line-limit-length\"><span\n                                        class=\"property-title\">Z\u012bmols:&nbsp;<\/span><span\n                                        class=\"property-desc line-limit-length\">VTOMAN<\/span>\n                            <\/li>\n<li class=\"product-prop line-limit-length\"><span\n                                        class=\"property-title\">Ietilp\u012bba:&nbsp;<\/span><span\n                                        class=\"property-desc line-limit-length\">828\u00a0Wh<\/span>\n                            <\/li>\n<li class=\"product-prop line-limit-length\"><span\n                                        class=\"property-title\">Mai\u0146str\u0101vas maksim\u0101l\u0101 izejas jauda:&nbsp;<\/span><span\n                                        class=\"property-desc line-limit-length\">2000 W<\/span>\n                            <\/li>\n<li class=\"product-prop line-limit-length\"><span\n                                        class=\"property-title\">Mai\u0146str\u0101vas kontaktligzdas:&nbsp;<\/span><span\n                                        class=\"property-desc line-limit-length\">3*1000W (maksim\u0101l\u0101 jauda 2000W)<\/span>\n                            <\/li>\n<li class=\"product-prop line-limit-length\"><span\n                                        class=\"property-title\">Saules ener\u0123ijas uzl\u0101de:&nbsp;<\/span><span\n                                        class=\"property-desc line-limit-length\">Maks. 300\u00a0W<\/span>\n                            <\/li>\n<li class=\"product-prop line-limit-length\"><span\n                                        class=\"property-title\">L\u012bdzstr\u0101vas izeja::&nbsp;<\/span><span\n                                        class=\"property-desc line-limit-length\">2 * 120 W<\/span>\n                            <\/li>\n<li class=\"product-prop line-limit-length\"><span\n                                        class=\"property-title\">Modelis:&nbsp;<\/span><span\n                                        class=\"property-desc line-limit-length\">Zibspuldzes \u0101trums1000<\/span>\n                            <\/li>\n<\/ul><\/div>\n<p><\/p>\n<p style=\"font-family:&quot;Microsoft YaHei&quot;;font-size:medium;font-weight:400;letter-spacing:normal;text-align:start;white-space:normal;color:rgb(0, 0, 0)\" align=\"start\"><span style=\"font-size:x-large\">Svar\u012bg\u0101kie notikumi<\/span><\/p>\n<p><\/p>\n<h3 style=\"font-family:&quot;Microsoft YaHei&quot;;letter-spacing:normal;text-align:start;white-space:normal;color:rgb(0, 0, 0)\" align=\"start\">SuperSafe LifeBMS sp\u0113kstacija ar LifePO4 akumulatoru<\/h3>\n<p style=\"font-family:&quot;Microsoft YaHei&quot;;font-size:medium;font-weight:400;letter-spacing:normal;text-align:start;white-space:normal;color:rgb(0, 0, 0)\" align=\"start\">Izstr\u0101d\u0101ta ar VTOMAN Supersafe LifeBMS aizsardz\u012bbas sist\u0113mu, p\u0101rn\u0113s\u0101jam\u0101 FlashSpeed 1000 elektrostacija ir apr\u012bkota ar p\u0101rl\u0101d\u0113\u0161anas, p\u0101rizl\u0101des, p\u0101rsprieguma, p\u0101rslodzes un \u012bssl\u0113guma aizsardz\u012bbu, k\u0101 ar\u012b l\u012bdz pat 10 aizsardz\u012bbas veidiem. Turkl\u0101t FlashSpeed 1000 p\u0101rn\u0113s\u0101jam\u0101 elektrostacija izmanto iztur\u012bgu un dro\u0161\u0101ku LiFePO4 akumulatoru, kam ir vair\u0101k nek\u0101 3000 darb\u012bbas ciklu, pirms t\u0101 s\u0101kotn\u0113j\u0101 ietilp\u012bba samazin\u0101s l\u012bdz 80%.<\/p>\n<h3 style=\"font-family:&quot;Microsoft YaHei&quot;;letter-spacing:normal;text-align:start;white-space:normal;color:rgb(0, 0, 0)\" align=\"start\">Uzl\u0101de l\u012bdz 0-80% 1 stundas laik\u0101<\/h3>\n<p style=\"font-family:&quot;Microsoft YaHei&quot;;font-size:medium;font-weight:400;letter-spacing:normal;text-align:start;white-space:normal;color:rgb(0, 0, 0)\" align=\"start\">Ar milz\u012bgu 700\u00a0W mai\u0146str\u0101vas ieejas portu VTOMAN FlashSpeed 1000 p\u0101rn\u0113s\u0101jam\u0101 baro\u0161anas stacija var uzl\u0101d\u0113t 0-80% 1 stundas laik\u0101. (Vairs nav nepiecie\u0161ams ar\u012b mai\u0146str\u0101vas adapteris.) Apvienojum\u0101 ar 400\u00a0W saules pane\u013ca ieeju un 200\u00a0W l\u012bdzstr\u0101vas ieeju, FlashSpeed 1000 p\u0101rn\u0113s\u0101jamo baro\u0161anas \u0123eneratoru var uzl\u0101d\u0113t pat 100% 60 min\u016b\u0161u laik\u0101!<\/p>\n<h3 style=\"font-family:&quot;Microsoft YaHei&quot;;letter-spacing:normal;text-align:start;white-space:normal;color:rgb(0, 0, 0)\" align=\"start\">V-BEYOND tehnolo\u0123ija<\/h3>\n<p style=\"font-family:&quot;Microsoft YaHei&quot;;font-size:medium;font-weight:400;letter-spacing:normal;text-align:start;white-space:normal;color:rgb(0, 0, 0)\" align=\"start\">VTOMAN izstr\u0101d\u0101t\u0101 V-Beyond tehnolo\u0123ija \u013cauj FlashSpeed 1000 1000 W p\u0101rn\u0113s\u0101jamajai sp\u0113kstacijai palielin\u0101t t\u0101 mai\u0146str\u0101vas invertora jaudu un var darbin\u0101t ier\u012bces ar jaudu virs 1000 W. 828 Wh akumulatora ietilp\u012bba un 1000 W (2000 W maksim\u0101l\u0101) izejas jauda ir piem\u0113rota gandr\u012bz vis\u0101m ier\u012bc\u0113m \u2014 piel\u0101got\u0101m aktivit\u0101t\u0113m \u0101rpus telp\u0101m, kempingam, ce\u013cojumiem, mak\u0161\u0137er\u0113\u0161anai, dubl\u0113\u0161anai, att\u0101lin\u0101tam darbam vai \u0101rk\u0101rtas situ\u0101cij\u0101m.<\/p>\n<h3 style=\"font-family:&quot;Microsoft YaHei&quot;;letter-spacing:normal;text-align:start;white-space:normal;color:rgb(0, 0, 0)\" align=\"start\">Ietilp\u012bba papla\u0161in\u0101ma l\u012bdz 2376 Wh<\/h3>\n<p style=\"font-family:&quot;Microsoft YaHei&quot;;font-size:medium;font-weight:400;letter-spacing:normal;text-align:start;white-space:normal;color:rgb(0, 0, 0)\" align=\"start\">Savienojot VTOMAN FlashSpeed 1000 lifepo4 akumulatora baro\u0161anas staciju ar papildu FlashSpeed 1500 akumulatoru (nop\u0113rkams atsevi\u0161\u0137i), t\u0101 var palielin\u0101t savu jaudu no 828 Wh l\u012bdz iespaid\u012bgiem 2376 Wh, kas var divk\u0101r\u0161ot j\u016bsu svar\u012bg\u0101ko ier\u012b\u010du un sadz\u012bves tehnikas darb\u012bbas laiku. (Kad ir pievienots papildu FlashSpeed 1500 akumulators, kop\u0113jais uzl\u0101des laiks b\u016bs divk\u0101r\u0161s.)<\/p>\n<h3 style=\"font-family:&quot;Microsoft YaHei&quot;;letter-spacing:normal;text-align:start;white-space:normal;color:rgb(0, 0, 0)\" align=\"start\">L\u012bdz 400 W saules ener\u0123ijas padeve<\/h3>\n<p style=\"font-family:&quot;Microsoft YaHei&quot;;font-size:medium;font-weight:400;letter-spacing:normal;text-align:start;white-space:normal;color:rgb(0, 0, 0)\" align=\"start\">P\u0101rn\u0113s\u0101jamajai saules ener\u0123ijas stacijai VTOMAN FlashSpeed 1000 ir Andersona ieejas ports ar jaudu l\u012bdz 400 W (10\u201350 V), kas \u013cauj to uzl\u0101d\u0113t ar saules pane\u013ciem, kuru maksim\u0101l\u0101 saules ener\u0123ijas ieejas jauda ir 400 vati. (VTOMAN FlashSpeed 1000 saules ener\u0123ijas stacijai var piel\u0101got tikai VTOMAN 110 W\/220 W\/400 W saules pane\u013cus.)<\/p>\n<h3 style=\"font-family:&quot;Microsoft YaHei&quot;;letter-spacing:normal;text-align:start;white-space:normal;color:rgb(0, 0, 0)\" align=\"start\">Vienlaikus uzl\u0101d\u0113jiet 12 ier\u012bces<\/h3>\n<p style=\"font-family:&quot;Microsoft YaHei&quot;;font-size:medium;font-weight:400;letter-spacing:normal;text-align:start;white-space:normal;color:rgb(0, 0, 0)\" align=\"start\">P\u0101rn\u0113s\u0101jamajam VTOMAN FlashSpeed 1000 akumulatora saules \u0123eneratoram kopum\u0101 ir 12 izejas porti, kas var darboties vienlaic\u012bgi, tostarp 3*230V\/1000W mai\u0146str\u0101vas kontaktligzdas (p\u0101rspriegums 2000W), 4*USB-A porti, 2*USB-C porti, 2*DC5521 izejas porti un 1*automa\u0161\u012bnas cigare\u0161u \u0161\u0137iltavas ports. Visas izejas porti atbalsta ar\u012b caurlaides uzl\u0101di, kas var uzl\u0101d\u0113t ier\u012bci vienlaikus ar uzl\u0101di.<\/p>\n<h3 style=\"font-family:&quot;Microsoft YaHei&quot;;letter-spacing:normal;text-align:start;white-space:normal;color:rgb(0, 0, 0)\" align=\"start\">Sakraujams dizains<\/h3>\n<p style=\"font-family:&quot;Microsoft YaHei&quot;;font-size:medium;font-weight:400;letter-spacing:normal;text-align:start;white-space:normal;color:rgb(0, 0, 0)\" align=\"start\">VTOMAN FlashSpeed 1000 akumulatora darbin\u0101majai str\u0101vas stacijai ir plakana aug\u0161da\u013ca, kas \u013cauj \u0113rti sakraut un tur\u0113t priek\u0161metus. Ja jums ir papildu FlashSpeed 1500 akumulators, to var sakraut virs\u016b, lai samazin\u0101tu uzglab\u0101\u0161anas vietas iz\u0161\u0137\u0113rd\u0113\u0161anu.<\/p>\n<h3 style=\"font-family:&quot;Microsoft YaHei&quot;;letter-spacing:normal;text-align:start;white-space:normal;color:rgb(0, 0, 0)\" align=\"start\">\u0112rta kabe\u013cu glab\u0101tuve<\/h3>\n<p style=\"font-family:&quot;Microsoft YaHei&quot;;font-size:medium;font-weight:400;letter-spacing:normal;text-align:start;white-space:normal;color:rgb(0, 0, 0)\" align=\"start\">VTOMAN FlashSpeed 1000 p\u0101rn\u0113s\u0101jam\u0101s saules ener\u0123ijas stacijas aug\u0161pus\u0113 ir uzglab\u0101\u0161anas kaste, kur\u0101 \u0113rti uzglab\u0101t uzl\u0101des kabe\u013cus. Vairs nav j\u0101uztraucas par kabe\u013cu pazaud\u0113\u0161anu, k\u0101 ar\u012b tiek nov\u0113rsta nek\u0101rt\u012bba uzglab\u0101\u0161anas laik\u0101.<\/p>\n<p><\/p>\n<h2 style=\"font-family:&quot;Microsoft YaHei&quot;;font-size:14px;letter-spacing:normal;text-align:start;white-space:normal;color:rgb(0, 0, 0);margin:10px 0px;margin-bottom:10px;margin-top:10px;margin-left:0px;margin-right:0px;padding:0px;padding-bottom:0px;padding-top:0px;padding-left:0px;padding-right:0px\" align=\"start\">Specifik\u0101cija<\/h2>\n<p><\/p>\n<table style=\"border-collapse:collapse;font-family:&quot;Microsoft YaHei&quot;;width:640px\" class=\"jbEidtTable\" border=\"1\" cellpadding=\"5\" cellspacing=\"0\">\n<tbody>\n<tr>\n<td style=\"text-align:left;width:195px;height:79px\" align=\"left\">\n<p><strong>Visp\u0101r\u012bgi<\/strong><\/p>\n<\/td>\n<td style=\"text-align:left;width:420px;height:79px\" align=\"left\">\n<p>Z\u012bmols: VTOMAN<br \/>Tips: Elektrostacija<br \/>Modelis: Flashspeed1000<br \/>Kr\u0101sa: pel\u0113ka + dzeltena<\/p>\n<\/td>\n<\/tr>\n<tr>\n<td style=\"text-align:left;width:195px;height:336px\" align=\"left\">\n<p><strong>Specifik\u0101cija<\/strong><\/p>\n<\/td>\n<td style=\"text-align:left;width:420px;height:336px\" align=\"left\">\n<p>Ietilp\u012bba: 828 Wh<br \/>Akumulatora tips: LiFePO4 (litija dzelzs fosf\u0101ts)<br \/>Nep\u0101rtraukta mai\u0146str\u0101vas izeja: 1000 W t\u012bra sinusa vilnis<br \/>Mai\u0146str\u0101vas maksim\u0101l\u0101 jauda: 2000 W<br \/>Mai\u0146str\u0101vas kontaktligzdas: 3 * 1000 W (maksim\u0101l\u0101 jauda 2000 W)<br \/>Saules ener\u0123ijas uzl\u0101de: 300 W maks.<br \/>Mai\u0146str\u0101vas ieejas uzl\u0101de: 700 W maks.<br \/>Automa\u0161\u012bnas ieejas uzl\u0101de: 200 W maks.<br \/>USB-A izeja: 3 * 12 W, 1 * 18 W<br \/>USB-C izeja: 2 * 100 W<br \/>L\u012bdzstr\u0101vas izeja: 2 * 120 W<br \/>M\u0113rogojam\u012bba: J\u0101, l\u012bdz pat 2376\u00a0Wh ietilp\u012bbai ar papla\u0161in\u0101\u0161anas akumulatoru (p\u0101rdod atsevi\u0161\u0137i)<br \/>Darba temperat\u016bra: -4\u2109~131\u2109<br \/>Uzl\u0101des temperat\u016bra: 32\u2109~131\u2109<\/p>\n<\/td>\n<\/tr>\n<tr>\n<td style=\"text-align:left;width:195px;height:50px\" align=\"left\">\n<p><strong>Svars un izm\u0113rs<\/strong><\/p>\n<\/td>\n<td style=\"text-align:left;width:420px;height:50px\" align=\"left\">\n<p>Produkta svars: 17 kg<br \/>Izstr\u0101d\u0101juma izm\u0113rs (G x P x A): 393 * 280 * 270 mm<\/p>\n<\/td>\n<\/tr>\n<tr>\n<td style=\"text-align:left;width:195px;height:95px\" align=\"left\">\n<p><strong>Iepakojuma saturs<\/strong><\/p>\n<\/td>\n<td style=\"text-align:left;width:420px;height:95px\" align=\"left\">\n<p>1 x FlashSpeed 1000 sp\u0113kstacija<br \/>1 x mai\u0146str\u0101vas uzl\u0101des kabelis<br \/>1 x USB-C uz USB-C kabelis<br \/>1 x USB-A uz USB-C kabelis<br \/>1 lietot\u0101ja rokasgr\u0101mata<\/p>\n<\/td>\n<\/tr>\n<\/tbody>\n<\/table>\n<p><img decoding=\"async\" src=\"https:\/\/ae01.alicdn.com\/kf\/S1f261e08e6a04066add1e3fbed6b5adch.jpeg\" slate-data-type=\"image\"\/><img decoding=\"async\" src=\"https:\/\/ae01.alicdn.com\/kf\/Sd1bc2f6ac66e4e3cbc482cab2a1ca412L.jpeg\" slate-data-type=\"image\"\/><img decoding=\"async\" src=\"https:\/\/ae01.alicdn.com\/kf\/S7c25d6e5e30d45ef95f38e75dab2b12cS.jpeg\" slate-data-type=\"image\"\/><img decoding=\"async\" src=\"https:\/\/ae01.alicdn.com\/kf\/Sbf552e5b17014bde8cf21a7bf9f459ebt.jpeg\" slate-data-type=\"image\"\/><img decoding=\"async\" src=\"https:\/\/ae01.alicdn.com\/kf\/Se582394457ad42789a05be99c0002fad1.jpeg\" slate-data-type=\"image\"\/><img decoding=\"async\" src=\"https:\/\/ae01.alicdn.com\/kf\/S41f51c3cc08b4639926d0f863d243c735.jpeg\" slate-data-type=\"image\"\/><img decoding=\"async\" src=\"https:\/\/ae01.alicdn.com\/kf\/S0dacb1fd63f2428290174655d678a6d60.jpeg\" slate-data-type=\"image\"\/><img decoding=\"async\" src=\"https:\/\/ae01.alicdn.com\/kf\/S0bf4c284bc464491a83390b6b41903ecC.jpeg\" slate-data-type=\"image\"\/><img decoding=\"async\" src=\"https:\/\/ae01.alicdn.com\/kf\/S5c24bfe861cc40b49106cd06b6363234p.jpeg\" slate-data-type=\"image\"\/><img decoding=\"async\" src=\"https:\/\/ae01.alicdn.com\/kf\/Sae3de358d0ba4990bf1b8b02d6168200E.jpeg\" slate-data-type=\"image\"\/><img decoding=\"async\" src=\"https:\/\/ae01.alicdn.com\/kf\/S475bdffee13940ba93097dcfd72ad7d2N.jpeg\" slate-data-type=\"image\"\/><img decoding=\"async\" src=\"https:\/\/ae01.alicdn.com\/kf\/Sdce18c27eabb40d1aab64387d021aa49b.jpeg\" slate-data-type=\"image\"\/><img decoding=\"async\" src=\"https:\/\/ae01.alicdn.com\/kf\/S6b3f275f09c34f80b2c9d5bfde62c626H.jpeg\" slate-data-type=\"image\"\/><img decoding=\"async\" src=\"https:\/\/ae01.alicdn.com\/kf\/Sacbe780b1049426db1f781d665318b12C.jpeg\" slate-data-type=\"image\"\/><img decoding=\"async\" src=\"https:\/\/ae01.alicdn.com\/kf\/Se4e29228106e446e8ea590feb2207500R.jpeg\" slate-data-type=\"image\"\/><img decoding=\"async\" src=\"https:\/\/ae01.alicdn.com\/kf\/Sd452c59600844151958bfc0c9d70dd34D.jpeg\" slate-data-type=\"image\"\/><img decoding=\"async\" src=\"https:\/\/ae01.alicdn.com\/kf\/S446231046bae4777b0a2ed8fc57cf474p.jpeg\" slate-data-type=\"image\"\/><\/p>","protected":false},"excerpt":{"rendered":"<p>Application:&nbsp;Solar Power Storage Nominal Capacity:&nbsp;2376Wh Model Number:&nbsp;Flashspeed1000 Type:&nbsp;LiFePO4 Set Type:&nbsp;Charger Sets Features 01:&nbsp;portable power station Features 02:&nbsp;power station Features 03:&nbsp;portable solar power station Features 05:&nbsp;charging stations Features 06:&nbsp;solar generator Features<\/p>","protected":false},"featured_media":21707,"comment_status":"open","ping_status":"closed","template":"","meta":{"_acf_changed":false},"product_brand":[],"product_cat":[515],"product_tag":[],"class_list":{"0":"post-21706","1":"product","2":"type-product","3":"status-publish","4":"has-post-thumbnail","6":"product_cat-portable-power-stations","8":"first","9":"instock","10":"shipping-taxable","11":"purchasable","12":"product-type-simple"},"acf":[],"_links":{"self":[{"href":"https:\/\/www.electricstore.eu\/lv\/wp-json\/wp\/v2\/product\/21706","targetHints":{"allow":["GET"]}}],"collection":[{"href":"https:\/\/www.electricstore.eu\/lv\/wp-json\/wp\/v2\/product"}],"about":[{"href":"https:\/\/www.electricstore.eu\/lv\/wp-json\/wp\/v2\/types\/product"}],"replies":[{"embeddable":true,"href":"https:\/\/www.electricstore.eu\/lv\/wp-json\/wp\/v2\/comments?post=21706"}],"wp:featuredmedia":[{"embeddable":true,"href":"https:\/\/www.electricstore.eu\/lv\/wp-json\/wp\/v2\/media\/21707"}],"wp:attachment":[{"href":"https:\/\/www.electricstore.eu\/lv\/wp-json\/wp\/v2\/media?parent=21706"}],"wp:term":[{"taxonomy":"product_brand","embeddable":true,"href":"https:\/\/www.electricstore.eu\/lv\/wp-json\/wp\/v2\/product_brand?post=21706"},{"taxonomy":"product_cat","embeddable":true,"href":"https:\/\/www.electricstore.eu\/lv\/wp-json\/wp\/v2\/product_cat?post=21706"},{"taxonomy":"product_tag","embeddable":true,"href":"https:\/\/www.electricstore.eu\/lv\/wp-json\/wp\/v2\/product_tag?post=21706"}],"curies":[{"name":"wp","href":"https:\/\/api.w.org\/{rel}","templated":true}]}}