{"id":21690,"date":"2025-05-20T18:21:12","date_gmt":"2025-05-20T18:21:12","guid":{"rendered":"https:\/\/electricstore.eu\/p\/uncategorized\/daranener-neo2000-portable-power-station-2073-6wh-lifepo4-battery-solar-generator-2000w-ac-output-1-8h-full-charge\/"},"modified":"2025-05-20T18:21:19","modified_gmt":"2025-05-20T18:21:19","slug":"daranener-neo2000-portable-power-station-2073-6wh-lifepo4-battery-solar-generator-2000w-ac-output-1-8h-full-charge","status":"publish","type":"product","link":"https:\/\/www.electricstore.eu\/lv\/p\/batteries\/portable-power-stations\/daranener-neo2000-portable-power-station-2073-6wh-lifepo4-battery-solar-generator-2000w-ac-output-1-8h-full-charge\/","title":{"rendered":"DaranEner NEO2000 p\u0101rn\u0113s\u0101jama elektrostacija 2073,6 Wh LiFePO4 akumulatora saules \u0123enerators 2000 W mai\u0146str\u0101vas izeja 1,8 stundas pilna uzl\u0101de"},"content":{"rendered":"<div class=\"product-specs-list-container\">\n<ul class=\"product-specs-list util-clearfix\">\n<li class=\"product-prop line-limit-length\"><span\n                                        class=\"property-title\">Nomin\u0101l\u0101 ietilp\u012bba:&nbsp;<\/span><span\n                                        class=\"property-desc line-limit-length\">&gt;3500 mAh<\/span>\n                            <\/li>\n<li class=\"product-prop line-limit-length\"><span\n                                        class=\"property-title\">Mode\u013ca numurs:&nbsp;<\/span><span\n                                        class=\"property-desc line-limit-length\">DaranEner NEO2000<\/span>\n                            <\/li>\n<li class=\"product-prop line-limit-length\"><span\n                                        class=\"property-title\">Tips:&nbsp;<\/span><span\n                                        class=\"property-desc line-limit-length\">LiFePO4<\/span>\n                            <\/li>\n<li class=\"product-prop line-limit-length\"><span\n                                        class=\"property-title\">Komplekta veids:&nbsp;<\/span><span\n                                        class=\"property-desc line-limit-length\">L\u0101d\u0113t\u0101ju komplekti<\/span>\n                            <\/li>\n<li class=\"product-prop line-limit-length\"><span\n                                        class=\"property-title\">Modelis:&nbsp;<\/span><span\n                                        class=\"property-desc line-limit-length\">NEO2000<\/span>\n                            <\/li>\n<li class=\"product-prop line-limit-length\"><span\n                                        class=\"property-title\">Z\u012bmols:&nbsp;<\/span><span\n                                        class=\"property-desc line-limit-length\">DaranEner<\/span>\n                            <\/li>\n<li class=\"product-prop line-limit-length\"><span\n                                        class=\"property-title\">Ietilp\u012bba:&nbsp;<\/span><span\n                                        class=\"property-desc line-limit-length\">2073.6Wh<\/span>\n                            <\/li>\n<li class=\"product-prop line-limit-length\"><span\n                                        class=\"property-title\">Akumulatora tips:&nbsp;<\/span><span\n                                        class=\"property-desc line-limit-length\">LiFePO4<\/span>\n                            <\/li>\n<li class=\"product-prop line-limit-length\"><span\n                                        class=\"property-title\">Mai\u0146str\u0101vas izeja:&nbsp;<\/span><span\n                                        class=\"property-desc line-limit-length\">2000W (Max. 3000W) 230V 50Hz\/60Hz<\/span>\n                            <\/li>\n<li class=\"product-prop line-limit-length\"><span\n                                        class=\"property-title\">Solar Charging:&nbsp;<\/span><span\n                                        class=\"property-desc line-limit-length\">Max. 600W (XT60 Port 33-60V\/20A)<\/span>\n                            <\/li>\n<li class=\"product-prop line-limit-length\"><span\n                                        class=\"property-title\">Wireless Charging:&nbsp;<\/span><span\n                                        class=\"property-desc line-limit-length\">5W\/7.5W\/10W<\/span>\n                            <\/li>\n<li class=\"product-prop line-limit-length\"><span\n                                        class=\"property-title\">UPS Output:&nbsp;<\/span><span\n                                        class=\"property-desc line-limit-length\">Max. 1600W<\/span>\n                            <\/li>\n<li class=\"product-prop line-limit-length\"><span\n                                        class=\"property-title\">1.\u00a0funkcijas:&nbsp;<\/span><span\n                                        class=\"property-desc line-limit-length\">p\u0101rn\u0113s\u0101jama sp\u0113kstacija<\/span>\n                            <\/li>\n<li class=\"product-prop line-limit-length\"><span\n                                        class=\"property-title\">02.\u00a0funkcijas:&nbsp;<\/span><span\n                                        class=\"property-desc line-limit-length\">elektrostacija<\/span>\n                            <\/li>\n<li class=\"product-prop line-limit-length\"><span\n                                        class=\"property-title\">Funkcijas 03:&nbsp;<\/span><span\n                                        class=\"property-desc line-limit-length\">p\u0101rn\u0113s\u0101jama saules ener\u0123ijas stacija<\/span>\n                            <\/li>\n<li class=\"product-prop line-limit-length\"><span\n                                        class=\"property-title\">04.\u00a0funkcijas:&nbsp;<\/span><span\n                                        class=\"property-desc line-limit-length\">portable power station 2000w<\/span>\n                            <\/li>\n<li class=\"product-prop line-limit-length\"><span\n                                        class=\"property-title\">05.\u00a0funkcijas:&nbsp;<\/span><span\n                                        class=\"property-desc line-limit-length\">saules \u0123enerators<\/span>\n                            <\/li>\n<li class=\"product-prop line-limit-length\"><span\n                                        class=\"property-title\">Funkcijas 06:&nbsp;<\/span><span\n                                        class=\"property-desc line-limit-length\">uzl\u0101des stacijas<\/span>\n                            <\/li>\n<\/ul><\/div>\n<p><\/p>\n<h1 style=\"font-family:&quot;Open Sans&quot;, Roboto, Arial, Helvetica, sans-serif, SimSun;letter-spacing:normal;text-align:start;white-space:normal;color:rgb(34, 34, 34);box-sizing:border-box\" align=\"start\"><span style=\"color:rgb(0, 0, 0)\"><strong>Svar\u012bg\u0101kie notikumi<\/strong><\/span><\/h1>\n<p style=\"font-family:&quot;Open Sans&quot;, Roboto, Arial, Helvetica, sans-serif, SimSun;font-size:14px;font-weight:400;letter-spacing:normal;line-height:inherit;text-align:start;white-space:normal;color:rgb(34, 34, 34);margin:0px;margin-bottom:0px;margin-top:0px;margin-left:0px;margin-right:0px;padding:0px;padding-bottom:0px;padding-top:0px;padding-left:0px;padding-right:0px;box-sizing:border-box\" align=\"start\"><\/p>\n<p style=\"font-family:&quot;Open Sans&quot;, Roboto, Arial, Helvetica, sans-serif, SimSun;font-size:14px;font-weight:400;letter-spacing:normal;line-height:inherit;text-align:start;white-space:normal;color:rgb(34, 34, 34);margin:0px;margin-bottom:0px;margin-top:0px;margin-left:0px;margin-right:0px;padding:0px;padding-bottom:0px;padding-top:0px;padding-left:0px;padding-right:0px;box-sizing:border-box\" align=\"start\"><strong><span style=\"font-size:20px\">2073.6Wh Capacity and 2000W AC Output<\/span><\/strong><\/p>\n<p style=\"font-family:&quot;Open Sans&quot;, Roboto, Arial, Helvetica, sans-serif, SimSun;font-size:14px;font-weight:400;letter-spacing:normal;line-height:inherit;text-align:start;white-space:normal;color:rgb(34, 34, 34);margin:0px;margin-bottom:0px;margin-top:0px;margin-left:0px;margin-right:0px;padding:0px;padding-bottom:0px;padding-top:0px;padding-left:0px;padding-right:0px;box-sizing:border-box\" align=\"start\"><span style=\"font-size:20px\">DaranEner NEO2000 portable power station features a 2073.6Wh battery capacity and 2000W AC output (Max. 3000W), which can power most of your electric devices and appliances.<\/span><\/p>\n<h3 style=\"font-family:&quot;Open Sans&quot;, Roboto, Arial, Helvetica, sans-serif, SimSun;letter-spacing:normal;text-align:start;white-space:normal;color:rgb(34, 34, 34);box-sizing:border-box\" align=\"start\"><\/h3>\n<p style=\"font-family:&quot;Open Sans&quot;, Roboto, Arial, Helvetica, sans-serif, SimSun;font-size:14px;font-weight:400;letter-spacing:normal;line-height:inherit;text-align:start;white-space:normal;color:rgb(34, 34, 34);margin:0px;margin-bottom:0px;margin-top:0px;margin-left:0px;margin-right:0px;padding:0px;padding-bottom:0px;padding-top:0px;padding-left:0px;padding-right:0px;box-sizing:border-box\" align=\"start\"><strong><span style=\"font-size:20px\">1.8 Hours Fast Charging\u00a0<\/span><\/strong><\/p>\n<p style=\"font-family:&quot;Open Sans&quot;, Roboto, Arial, Helvetica, sans-serif, SimSun;font-size:14px;font-weight:400;letter-spacing:normal;line-height:inherit;text-align:start;white-space:normal;color:rgb(34, 34, 34);margin:0px;margin-bottom:0px;margin-top:0px;margin-left:0px;margin-right:0px;padding:0px;padding-bottom:0px;padding-top:0px;padding-left:0px;padding-right:0px;box-sizing:border-box\" align=\"start\"><span style=\"font-size:20px\">Ultra-fast charging with adapter-free AC charging cable, fully charging in just 1.8 hours. The built-in MPPT controller supports up to 600W solar input, and 3.5 hours of solar fast charging. Use solar + AC combination charge to full in 1.3 hours.<\/span><\/p>\n<h3 style=\"font-family:&quot;Open Sans&quot;, Roboto, Arial, Helvetica, sans-serif, SimSun;letter-spacing:normal;text-align:start;white-space:normal;color:rgb(34, 34, 34);box-sizing:border-box\" align=\"start\"><\/h3>\n<p style=\"font-family:&quot;Open Sans&quot;, Roboto, Arial, Helvetica, sans-serif, SimSun;font-size:14px;font-weight:400;letter-spacing:normal;line-height:inherit;text-align:start;white-space:normal;color:rgb(34, 34, 34);margin:0px;margin-bottom:0px;margin-top:0px;margin-left:0px;margin-right:0px;padding:0px;padding-bottom:0px;padding-top:0px;padding-left:0px;padding-right:0px;box-sizing:border-box\" align=\"start\"><strong><span style=\"font-size:20px\">10 Years Long Life Span<\/span><\/strong><\/p>\n<p style=\"font-family:&quot;Open Sans&quot;, Roboto, Arial, Helvetica, sans-serif, SimSun;font-size:14px;font-weight:400;letter-spacing:normal;line-height:inherit;text-align:start;white-space:normal;color:rgb(34, 34, 34);margin:0px;margin-bottom:0px;margin-top:0px;margin-left:0px;margin-right:0px;padding:0px;padding-bottom:0px;padding-top:0px;padding-left:0px;padding-right:0px;box-sizing:border-box\" align=\"start\"><span style=\"font-size:20px\">Uses EV-grade safet LiFePO4 battery packs, with a cycle life of more than 3,500 cycles. Even if used once a day, it can be used for more than 10 years. Advanced battery management system (BMS) protects your devices from over-voltage, over-discharge\/charge and over-current\/short circuit, over-temperature, etc., and the pure sine wave output protects home appliances from harm.<\/span><\/p>\n<h3 style=\"font-family:&quot;Open Sans&quot;, Roboto, Arial, Helvetica, sans-serif, SimSun;letter-spacing:normal;text-align:start;white-space:normal;color:rgb(34, 34, 34);box-sizing:border-box\" align=\"start\"><\/h3>\n<p style=\"font-family:&quot;Open Sans&quot;, Roboto, Arial, Helvetica, sans-serif, SimSun;font-size:14px;font-weight:400;letter-spacing:normal;line-height:inherit;text-align:start;white-space:normal;color:rgb(34, 34, 34);margin:0px;margin-bottom:0px;margin-top:0px;margin-left:0px;margin-right:0px;padding:0px;padding-bottom:0px;padding-top:0px;padding-left:0px;padding-right:0px;box-sizing:border-box\" align=\"start\"><strong><span style=\"font-size:20px\">Green Solar Generator<\/span><\/strong><\/p>\n<p style=\"font-family:&quot;Open Sans&quot;, Roboto, Arial, Helvetica, sans-serif, SimSun;font-size:14px;font-weight:400;letter-spacing:normal;line-height:inherit;text-align:start;white-space:normal;color:rgb(34, 34, 34);margin:0px;margin-bottom:0px;margin-top:0px;margin-left:0px;margin-right:0px;padding:0px;padding-bottom:0px;padding-top:0px;padding-left:0px;padding-right:0px;box-sizing:border-box\" align=\"start\"><span style=\"font-size:20px\">NEO2000 solar generator supports pass-through charging, 3 AC outlets (2000W, 3000W peak), 4 DC outlets (12V), 4 USB ports (QC3.0 ), 2 Type-C ports (PD 100W), XT60 solar input port (33-60V\/20A, max 600W), 1 car socket, 15W wireless charging, and 1 LED light. It is the best partner for family emergencies, outdoor work, camping, and RV life.<\/span><\/p>\n<h3 style=\"font-family:&quot;Open Sans&quot;, Roboto, Arial, Helvetica, sans-serif, SimSun;letter-spacing:normal;text-align:start;white-space:normal;color:rgb(34, 34, 34);box-sizing:border-box\" align=\"start\"><\/h3>\n<p style=\"font-family:&quot;Open Sans&quot;, Roboto, Arial, Helvetica, sans-serif, SimSun;font-size:14px;font-weight:400;letter-spacing:normal;line-height:inherit;text-align:start;white-space:normal;color:rgb(34, 34, 34);margin:0px;margin-bottom:0px;margin-top:0px;margin-left:0px;margin-right:0px;padding:0px;padding-bottom:0px;padding-top:0px;padding-left:0px;padding-right:0px;box-sizing:border-box\" align=\"start\"><strong><span style=\"font-size:20px\">15ms UPS System<\/span><\/strong><\/p>\n<p style=\"font-family:&quot;Open Sans&quot;, Roboto, Arial, Helvetica, sans-serif, SimSun;font-size:14px;font-weight:400;letter-spacing:normal;line-height:inherit;text-align:start;white-space:normal;color:rgb(34, 34, 34);margin:0px;margin-bottom:0px;margin-top:0px;margin-left:0px;margin-right:0px;padding:0px;padding-bottom:0px;padding-top:0px;padding-left:0px;padding-right:0px;box-sizing:border-box\" align=\"start\"><span style=\"font-size:20px\">The UPS function of the NEO2000 power station can automatically switch to the internal power supply within 15ms when there is a power outage, and provide power for devices under 2000W to continue working. It is suitable for CPAP, aquarium air pumps, network routers, PC, personal servers, security equipment, lighting equipment, refrigerator, etc.<\/span><\/p>\n<h1 style=\"font-family:&quot;Open Sans&quot;, Roboto, Arial, Helvetica, sans-serif, SimSun;letter-spacing:normal;text-align:start;white-space:normal;color:rgb(34, 34, 34);box-sizing:border-box\" align=\"start\"><strong>Pictures<\/strong><\/h1>\n<p style=\"font-family:&quot;Open Sans&quot;, Roboto, Arial, Helvetica, sans-serif, SimSun;font-size:14px;font-weight:400;letter-spacing:normal;line-height:inherit;text-align:start;white-space:normal;color:rgb(34, 34, 34);margin:0px;margin-bottom:0px;margin-top:0px;margin-left:0px;margin-right:0px;padding:0px;padding-bottom:0px;padding-top:0px;padding-left:0px;padding-right:0px;box-sizing:border-box\" align=\"start\"><img decoding=\"async\" style=\"border:0px;margin:0px;margin-bottom:0px;margin-top:0px;margin-left:0px;margin-right:0px;padding:0px;padding-bottom:0px;padding-top:0px;padding-left:0px;padding-right:0px;max-width:100%;box-sizing:border-box\" src=\"https:\/\/ae01.alicdn.com\/kf\/S427f4087ead94cdfa184f2834f23d0a5a.jpg\" slate-data-type=\"image\"\/><img decoding=\"async\" style=\"border:0px;margin:0px;margin-bottom:0px;margin-top:0px;margin-left:0px;margin-right:0px;padding:0px;padding-bottom:0px;padding-top:0px;padding-left:0px;padding-right:0px;max-width:100%;box-sizing:border-box\" src=\"https:\/\/ae01.alicdn.com\/kf\/S7d6f16ddfa9a426c8b64510a28c5946eA.jpg\" slate-data-type=\"image\"\/><img decoding=\"async\" style=\"border:0px;margin:0px;margin-bottom:0px;margin-top:0px;margin-left:0px;margin-right:0px;padding:0px;padding-bottom:0px;padding-top:0px;padding-left:0px;padding-right:0px;max-width:100%;box-sizing:border-box\" src=\"https:\/\/ae01.alicdn.com\/kf\/Sf99e6439d65d4d1a99b632dee4584932b.jpg\" slate-data-type=\"image\"\/><img decoding=\"async\" style=\"border:0px;margin:0px;margin-bottom:0px;margin-top:0px;margin-left:0px;margin-right:0px;padding:0px;padding-bottom:0px;padding-top:0px;padding-left:0px;padding-right:0px;max-width:100%;box-sizing:border-box\" src=\"https:\/\/ae01.alicdn.com\/kf\/S85edf6eaf19a4279ac35cbeafddf35f9H.jpg\" slate-data-type=\"image\"\/><img decoding=\"async\" style=\"border:0px;margin:0px;margin-bottom:0px;margin-top:0px;margin-left:0px;margin-right:0px;padding:0px;padding-bottom:0px;padding-top:0px;padding-left:0px;padding-right:0px;max-width:100%;box-sizing:border-box\" src=\"https:\/\/ae01.alicdn.com\/kf\/S914cb4a0e17f4d0f9b4e40f45921b384A.jpg\" slate-data-type=\"image\"\/><\/p>\n<h1 style=\"font-family:&quot;Open Sans&quot;, Roboto, Arial, Helvetica, sans-serif, SimSun;letter-spacing:normal;text-align:start;white-space:normal;color:rgb(34, 34, 34);box-sizing:border-box\" align=\"start\"><span style=\"color:rgb(0, 0, 0)\"><strong>Specifik\u0101cija<\/strong><\/span><\/h1>\n<p style=\"font-family:&quot;Open Sans&quot;, Roboto, Arial, Helvetica, sans-serif, SimSun;font-size:14px;font-weight:400;letter-spacing:normal;line-height:inherit;text-align:start;white-space:normal;color:rgb(34, 34, 34);margin:0px;margin-bottom:0px;margin-top:0px;margin-left:0px;margin-right:0px;padding:0px;padding-bottom:0px;padding-top:0px;padding-left:0px;padding-right:0px;box-sizing:border-box\" align=\"start\"><\/p>\n<table style=\"border-collapse:collapse;font-family:&quot;Microsoft YaHei&quot;;font-size:14px;text-align:start;color:rgb(34, 34, 34);width:1000px\" class=\"jbEidtTable\" border=\"1\" cellpadding=\"5\" cellspacing=\"0\" align=\"start\">\n<tbody>\n<tr>\n<td style=\"font-size:14px;text-align:left\" align=\"left\">\n<p style=\"line-height:inherit;margin:0px;margin-bottom:0px;margin-top:0px;margin-left:0px;margin-right:0px;padding:0px;padding-bottom:0px;padding-top:0px;padding-left:0px;padding-right:0px;box-sizing:border-box\"><strong>Visp\u0101r\u012bgi<\/strong><\/p>\n<\/td>\n<td style=\"font-size:14px;text-align:left\" align=\"left\">\n<p style=\"line-height:inherit;margin:0px;margin-bottom:0px;margin-top:0px;margin-left:0px;margin-right:0px;padding:0px;padding-bottom:0px;padding-top:0px;padding-left:0px;padding-right:0px;box-sizing:border-box\">Brand: DaranEner<br \/>Tips: Elektrostacija<br \/>Model: NEO2000<br \/>Kr\u0101sa: melna<\/p>\n<\/td>\n<\/tr>\n<tr>\n<td style=\"font-size:14px;text-align:left\" align=\"left\">\n<p style=\"line-height:inherit;margin:0px;margin-bottom:0px;margin-top:0px;margin-left:0px;margin-right:0px;padding:0px;padding-bottom:0px;padding-top:0px;padding-left:0px;padding-right:0px;box-sizing:border-box\"><strong>Specifik\u0101cija<\/strong><\/p>\n<\/td>\n<td style=\"font-size:14px;text-align:left\" align=\"left\">\n<p style=\"line-height:inherit;margin:0px;margin-bottom:0px;margin-top:0px;margin-left:0px;margin-right:0px;padding:0px;padding-bottom:0px;padding-top:0px;padding-left:0px;padding-right:0px;box-sizing:border-box\">Capacity: 2073.6Wh<br \/>Akumulatora tips: LiFePO4<br \/>Dz\u012bves cikli: vair\u0101k nek\u0101 3500 cikli l\u012bdz s\u0101kotn\u0113jai 80% ietilp\u012bbai<br \/>Shelf-life: Recharge to 80% Every 3-6 Months<br \/>System: MPPT Controller, BMS, etc.<br \/>USB-A*4: 5V 3.6A \/ 9.0V 2.5A \/ 12.0V 2A (Max. 24W)<br \/>USB-C*2: 5V 3A \/ 9V 3A \/ 15V 3A \/ 20V 3A \/ 20V 5A (Max. 100W)<br \/>Car Socket: 12V 8A (Max. 120W)<br \/>AC Output: 220V 50Hz 2000W (Max. 3000W)<br \/>AC Input: Max. 1600W (110V\/15A)<br \/>Solar Charging: Max. 600W (XT60 Port 33-60V\/20A)<br \/>Wireless Charging: 5W\/7.5W\/10W<br \/>Discharging Temperature: -10 &#8211; 45 Celsius<br \/>Charging Temperature: 0 &#8211; 45 Celsius<br \/>UPS Output: Max. 1600W<br \/>Multiple LED Modes: 50% lightness mode, 100% lightness mode, and SOS flash mode.<br \/>Storage Method: Recommended to charge every 3 months for the best results.<\/p>\n<\/td>\n<\/tr>\n<tr>\n<td style=\"font-size:14px;text-align:left\" align=\"left\">\n<p style=\"line-height:inherit;margin:0px;margin-bottom:0px;margin-top:0px;margin-left:0px;margin-right:0px;padding:0px;padding-bottom:0px;padding-top:0px;padding-left:0px;padding-right:0px;box-sizing:border-box\"><strong>Svars un izm\u0113rs<\/strong><\/p>\n<\/td>\n<td style=\"font-size:14px;text-align:left\" align=\"left\">\n<p style=\"line-height:inherit;margin:0px;margin-bottom:0px;margin-top:0px;margin-left:0px;margin-right:0px;padding:0px;padding-bottom:0px;padding-top:0px;padding-left:0px;padding-right:0px;box-sizing:border-box\">Product Weight: 25.7kg<br \/>Package Weight: 28.9kg<br \/>Product Size(L x W x H): 47.6*34.5*26cm<br \/>Package Size(L x W x H): 62*42.5*47cm<\/p>\n<\/td>\n<\/tr>\n<tr>\n<td style=\"font-size:14px;text-align:left\" align=\"left\">\n<p style=\"line-height:inherit;margin:0px;margin-bottom:0px;margin-top:0px;margin-left:0px;margin-right:0px;padding:0px;padding-bottom:0px;padding-top:0px;padding-left:0px;padding-right:0px;box-sizing:border-box\"><strong>Iepakojuma saturs<\/strong><\/p>\n<\/td>\n<td style=\"font-size:14px;text-align:left\" align=\"left\">\n<p style=\"line-height:inherit;margin:0px;margin-bottom:0px;margin-top:0px;margin-left:0px;margin-right:0px;padding:0px;padding-bottom:0px;padding-top:0px;padding-left:0px;padding-right:0px;box-sizing:border-box\">1 x p\u0101rn\u0113s\u0101jama elektrostacija<br \/>1 x mai\u0146str\u0101vas uzl\u0101des kabelis<br \/>1 x USB C-C Cable<br \/>1 x MC4 to XT60 Solar Charging Cable<br \/>1 lietot\u0101ja rokasgr\u0101mata<\/p>\n<\/td>\n<\/tr>\n<\/tbody>\n<\/table>\n<p><\/p>","protected":false},"excerpt":{"rendered":"<p>Nominal Capacity:&nbsp;&gt;3500mAh Model Number:&nbsp;DaranEner NEO2000 Type:&nbsp;LiFePO4 Set Type:&nbsp;Charger Sets Model:&nbsp;NEO2000 Brand:&nbsp;DaranEner Capacity:&nbsp;2073.6Wh Battery Type:&nbsp;LiFePO4 AC Output:&nbsp;2000W (Max. 3000W) 230V 50Hz\/60Hz Solar Charging:&nbsp;Max. 600W (XT60 Port 33-60V\/20A) Wireless Charging:&nbsp;5W\/7.5W\/10W UPS Output:&nbsp;Max.<\/p>","protected":false},"featured_media":21691,"comment_status":"open","ping_status":"closed","template":"","meta":{"_acf_changed":false},"product_brand":[],"product_cat":[515],"product_tag":[],"class_list":{"0":"post-21690","1":"product","2":"type-product","3":"status-publish","4":"has-post-thumbnail","6":"product_cat-portable-power-stations","8":"first","9":"instock","10":"shipping-taxable","11":"purchasable","12":"product-type-simple"},"acf":[],"_links":{"self":[{"href":"https:\/\/www.electricstore.eu\/lv\/wp-json\/wp\/v2\/product\/21690","targetHints":{"allow":["GET"]}}],"collection":[{"href":"https:\/\/www.electricstore.eu\/lv\/wp-json\/wp\/v2\/product"}],"about":[{"href":"https:\/\/www.electricstore.eu\/lv\/wp-json\/wp\/v2\/types\/product"}],"replies":[{"embeddable":true,"href":"https:\/\/www.electricstore.eu\/lv\/wp-json\/wp\/v2\/comments?post=21690"}],"wp:featuredmedia":[{"embeddable":true,"href":"https:\/\/www.electricstore.eu\/lv\/wp-json\/wp\/v2\/media\/21691"}],"wp:attachment":[{"href":"https:\/\/www.electricstore.eu\/lv\/wp-json\/wp\/v2\/media?parent=21690"}],"wp:term":[{"taxonomy":"product_brand","embeddable":true,"href":"https:\/\/www.electricstore.eu\/lv\/wp-json\/wp\/v2\/product_brand?post=21690"},{"taxonomy":"product_cat","embeddable":true,"href":"https:\/\/www.electricstore.eu\/lv\/wp-json\/wp\/v2\/product_cat?post=21690"},{"taxonomy":"product_tag","embeddable":true,"href":"https:\/\/www.electricstore.eu\/lv\/wp-json\/wp\/v2\/product_tag?post=21690"}],"curies":[{"name":"wp","href":"https:\/\/api.w.org\/{rel}","templated":true}]}}