{"id":21685,"date":"2025-05-20T18:21:09","date_gmt":"2025-05-20T18:21:09","guid":{"rendered":"https:\/\/electricstore.eu\/p\/uncategorized\/haniwinner-hd009-12-12-8v-200ah-lifepo4-lithium-battery-pack-backup-power-2560wh-energy-2000-cycles-built-in-bms\/"},"modified":"2025-05-20T18:21:10","modified_gmt":"2025-05-20T18:21:10","slug":"haniwinner-hd009-12-12-8v-200ah-lifepo4-lithium-battery-pack-backup-power-2560wh-energy-2000-cycles-built-in-bms","status":"publish","type":"product","link":"https:\/\/www.electricstore.eu\/lv\/p\/batteries\/lifepo4-batteries\/200ah-lifepo4-batteries\/haniwinner-hd009-12-12-8v-200ah-lifepo4-lithium-battery-pack-backup-power-2560wh-energy-2000-cycles-built-in-bms\/","title":{"rendered":"HANIWINNER HD009-12 12,8 V 200 Ah LiFePO4 litija akumulatoru bloks Rezerves jauda 2560 Wh Ener\u0123ija 2000+ cikli Ieb\u016bv\u0113ta BMS sist\u0113ma"},"content":{"rendered":"<div class=\"product-specs-list-container\">\n<ul class=\"product-specs-list util-clearfix\">\n<li class=\"product-prop line-limit-length\"><span\n                                        class=\"property-title\">Nomin\u0101l\u0101 ietilp\u012bba:&nbsp;<\/span><span\n                                        class=\"property-desc line-limit-length\">2560 Wh<\/span>\n                            <\/li>\n<li class=\"product-prop line-limit-length\"><span\n                                        class=\"property-title\">Mode\u013ca numurs:&nbsp;<\/span><span\n                                        class=\"property-desc line-limit-length\">HD009-12<\/span>\n                            <\/li>\n<li class=\"product-prop line-limit-length\"><span\n                                        class=\"property-title\">Tips:&nbsp;<\/span><span\n                                        class=\"property-desc line-limit-length\">LiFePO4<\/span>\n                            <\/li>\n<li class=\"product-prop line-limit-length\"><span\n                                        class=\"property-title\">Komplekta veids:&nbsp;<\/span><span\n                                        class=\"property-desc line-limit-length\">L\u0101d\u0113t\u0101ju komplekti<\/span>\n                            <\/li>\n<li class=\"product-prop line-limit-length\"><span\n                                        class=\"property-title\">Z\u012bmols:&nbsp;<\/span><span\n                                        class=\"property-desc line-limit-length\">HANIWINNER<\/span>\n                            <\/li>\n<li class=\"product-prop line-limit-length\"><span\n                                        class=\"property-title\">Modelis:&nbsp;<\/span><span\n                                        class=\"property-desc line-limit-length\">HD009-12<\/span>\n                            <\/li>\n<li class=\"product-prop line-limit-length\"><span\n                                        class=\"property-title\">Nomin\u0101lais spriegums:&nbsp;<\/span><span\n                                        class=\"property-desc line-limit-length\">12,8 V<\/span>\n                            <\/li>\n<li class=\"product-prop line-limit-length\"><span\n                                        class=\"property-title\">Jauda:&nbsp;<\/span><span\n                                        class=\"property-desc line-limit-length\">2560 Wh<\/span>\n                            <\/li>\n<li class=\"product-prop line-limit-length\"><span\n                                        class=\"property-title\">Beigas:&nbsp;<\/span><span\n                                        class=\"property-desc line-limit-length\">M8<\/span>\n                            <\/li>\n<li class=\"product-prop line-limit-length\"><span\n                                        class=\"property-title\">Korpuss:&nbsp;<\/span><span\n                                        class=\"property-desc line-limit-length\">ABS<\/span>\n                            <\/li>\n<li class=\"product-prop line-limit-length\"><span\n                                        class=\"property-title\">Maksim\u0101l\u0101 uzl\u0101des str\u0101va:&nbsp;<\/span><span\n                                        class=\"property-desc line-limit-length\">80A<\/span>\n                            <\/li>\n<li class=\"product-prop line-limit-length\"><span\n                                        class=\"property-title\">1.\u00a0funkcijas:&nbsp;<\/span><span\n                                        class=\"property-desc line-limit-length\">P\u0101rn\u0113s\u0101jams akumulators<\/span>\n                            <\/li>\n<li class=\"product-prop line-limit-length\"><span\n                                        class=\"property-title\">02.\u00a0funkcijas:&nbsp;<\/span><span\n                                        class=\"property-desc line-limit-length\">P\u0101rn\u0113s\u0101jama zi\u0146ojama jauda<\/span>\n                            <\/li>\n<li class=\"product-prop line-limit-length\"><span\n                                        class=\"property-title\">Funkcijas 03:&nbsp;<\/span><span\n                                        class=\"property-desc line-limit-length\">Bluetti sp\u0113kstacija<\/span>\n                            <\/li>\n<li class=\"product-prop line-limit-length\"><span\n                                        class=\"property-title\">04.\u00a0funkcijas:&nbsp;<\/span><span\n                                        class=\"property-desc line-limit-length\">P\u0101rn\u0113s\u0101jams kempinga akumulators<\/span>\n                            <\/li>\n<li class=\"product-prop line-limit-length\"><span\n                                        class=\"property-title\">05.\u00a0funkcijas:&nbsp;<\/span><span\n                                        class=\"property-desc line-limit-length\">3600 W p\u0101rn\u0113s\u0101jama elektrostacija<\/span>\n                            <\/li>\n<\/ul><\/div>\n<div class=\"detailmodule_html\">\n<div class=\"detail-desc-decorate-richtext\">\n<p><span style=\"font-size:24px\"><strong>Svar\u012bg\u0101kie momenti:<\/strong><\/span><\/p>\n<ul style=\"font-family:&quot;Microsoft YaHei&quot;;font-size:medium;font-weight:400;letter-spacing:normal;text-align:start;white-space:normal;color:rgb(0, 0, 0);margin-bottom:10px;padding-left:0px\" class=\"clearfix\" align=\"start\">\n<li style=\"font-size:14px;margin-right:10px;padding-left:18px;list-style:none;position:relative;float:left\">\n<p><strong>Dro\u0161s LiFePO4 akumulators, vair\u0101k nek\u0101 2000 cikli<\/strong><br \/>Izmantojot litija dzelzs fosf\u0101ta akumulatoru un nobriedu\u0161u tehnolo\u0123iju, \u0161im akumulatoram ir augsta dro\u0161\u012bba un tas var nodro\u0161in\u0101t 100% DOD uzl\u0101di un izl\u0101di norm\u0101los apst\u0101k\u013cos, vair\u0101k nek\u0101 2000 ciklus.<\/p>\n<div><\/div>\n<p><strong>10 gadu kalpo\u0161anas laiks un viegls dizains<\/strong><br \/>HANIWINNER 12,8 V 200 Ah LiFePO4 litija akumulatoru blokam ir gandr\u012bz 10 gadu kalpo\u0161anas laiks. Tas ir lieliski piem\u0113rots svina-sk\u0101bes akumulatoru nomai\u0146ai, ir par 40-50% viegl\u0101ks nek\u0101 svina-sk\u0101bes akumulatori un neprasa apkopi.<\/p>\n<div><\/div>\n<p><strong>Ieb\u016bv\u0113ta BMS sist\u0113ma<\/strong><br \/>HANIWINNER LiFePO4 akumulatoru blokam ir ieb\u016bv\u0113ts BMS viedais modulis p\u0101rl\u0101d\u0113\u0161anas, p\u0101rl\u0101d\u0113\u0161anas, p\u0101rslodzes, p\u0101rkar\u0161anas un \u012bssl\u0113guma aizsardz\u012bbai utt.<\/p>\n<div><\/div>\n<p><strong>Atbalsts virkn\u0113\/paral\u0113li<\/strong><br \/>Tas atbalsta pla\u0161u darba temperat\u016bru no -20 l\u012bdz 60 Celsija, un to var savienot paral\u0113li un virkn\u0113, lai ieg\u016btu liel\u0101ku jaudu un spriegumu. (atbalsta 4S34P, j\u0101darbojas saska\u0146\u0101 ar tehnisko nor\u0101d\u012bjumiem), lieliski piem\u0113rots saules ielu lamp\u0101m un apgaismojuma sist\u0113m\u0101m, elektriskajiem transportl\u012bdzek\u013ciem, UPS rezerves baro\u0161anas avotiem, fotoelektriskaj\u0101m sist\u0113m\u0101m, v\u0113ja ener\u0123ijai, hidroener\u0123ijai, m\u0101j\u0101m un cit\u0101m ener\u0123ijas uzkr\u0101\u0161anas sist\u0113m\u0101m.<\/p>\n<\/li>\n<li style=\"font-size:14px;margin-right:10px;padding-left:18px;list-style:none;position:relative;float:left\">\n<p><\/p>\n<\/li>\n<\/ul>\n<p><span style=\"font-size:24px\"><strong>Specifik\u0101cija:<\/strong><\/span><\/p>\n<ul style=\"font-family:&quot;Microsoft YaHei&quot;;font-size:medium;font-weight:400;letter-spacing:normal;text-align:start;white-space:normal;color:rgb(0, 0, 0);margin-bottom:10px;padding-left:0px\" class=\"clearfix\" align=\"start\">\n<li style=\"font-size:14px;margin-right:10px;padding-left:18px;list-style:none;position:relative;float:left\">\n<table style=\"border-collapse:collapse;width:1000px\" class=\"jbEidtTable\" border=\"1\" cellpadding=\"5\" cellspacing=\"0\">\n<tbody>\n<tr>\n<td style=\"font-size:14px;text-align:left\" align=\"left\">\n<p><strong>Visp\u0101r\u012bgi<\/strong><\/p>\n<\/td>\n<td style=\"font-size:14px;text-align:left\" align=\"left\">\n<p>Z\u012bmols: HANIWINNER<br \/>Tips: Akumulatora bloks<br \/>Modelis: HD009-12<br \/>Kr\u0101sa: melna<\/p>\n<\/td>\n<\/tr>\n<tr>\n<td style=\"font-size:14px;text-align:left\" align=\"left\">\n<p><strong>Specifik\u0101cija<\/strong><\/p>\n<\/td>\n<td style=\"font-size:14px;text-align:left\" align=\"left\">\n<p>Nomin\u0101lais spriegums: 12,8 V<br \/>Nomin\u0101l\u0101 ietilp\u012bba: 200Ah pie 0,2 \u00b0C<br \/>Jauda: 2560 Wh<br \/>Iek\u0161\u0113j\u0101 pretest\u012bba: \u2264 40m\u03a9<br \/>Cikla ilgums: \u2265 2000 cikli (0,2C 100% DOD uzl\u0101des\/izl\u0101des cikls, l\u012bdz kapacit\u0101te samazin\u0101s l\u012bdz 70%)<br \/>Pa\u0161izl\u0101de: \u2264 3,5% m\u0113nes\u012b (25 \u00b1 5 Celsija)<br \/>Maks. uzl\u0101des spriegums: 14,6 \u00b1 0,2 V<br \/>Uzl\u0101des re\u017e\u012bms: 0\u201345\u00a0C temperat\u016br\u0101, nemain\u012bga str\u0101va 0,2\u00a0c5\u00a0A, uzl\u0101de l\u012bdz 14,6\u00a0V, p\u0113c tam nemain\u012bgs spriegums 14,6\u00a0V, l\u012bdz str\u0101va samazin\u0101s l\u012bdz 0,02\u00a0c5\u00a0A, un p\u0113c tam apst\u0101\u0161an\u0101s<br \/>Uzl\u0101des str\u0101va: 40A<br \/>Maksim\u0101l\u0101 uzl\u0101des str\u0101va: 80A<br \/>Izl\u0101des atsl\u0113g\u0161anas spriegums: 10,0 V<br \/>Izl\u0101des str\u0101va: 40A<br \/>Maksim\u0101l\u0101 nep\u0101rtraukt\u0101 izl\u0101des str\u0101va: 100A<br \/>Uzl\u0101des temperat\u016bra: 0\u201345 Celsija (40\u201375 \u00b0C mitrums)<br \/>Izl\u0101des temperat\u016bra: -20\u201360 Celsija (40\u201375 \u00b0C mitrums)<br \/>Uzglab\u0101\u0161anas temperat\u016bra: 0\u201345\u00a0C (mitrums 40\u201375\u00a0\u00b0F)<br \/>\u016adens putek\u013cu iztur\u012bba: IP55<br \/>Iek\u0161\u0113jais kombin\u0101cijas re\u017e\u012bms: IFR32700\/6000mAh, 4S34P<br \/>Korpuss: ABS<br \/>Beigas: M8<\/p>\n<\/td>\n<\/tr>\n<tr>\n<td style=\"font-size:14px;text-align:left\" align=\"left\">\n<p><strong>Svars un izm\u0113rs<\/strong><\/p>\n<\/td>\n<td style=\"font-size:14px;text-align:left\" align=\"left\">\n<p>Produkta svars: 25,85 kg<br \/>Iepakojuma svars: 26,8 kg<br \/>Izstr\u0101d\u0101juma izm\u0113rs (G x P x A): 52,2 \u00d7 23,8 \u00d7 21,8 cm<br \/>Iepakojuma izm\u0113rs (G x P x A): 57 \u00d7 28,5 \u00d7 27 cm<\/p>\n<\/td>\n<\/tr>\n<tr>\n<td style=\"font-size:14px;text-align:left\" align=\"left\">\n<p><strong>Konteineru iepakojums<\/strong><\/p>\n<\/td>\n<td style=\"font-size:14px;text-align:left\" align=\"left\">\n<p>1 x akumulatora bloks<br \/>1 lietot\u0101ja rokasgr\u0101mata<\/p>\n<\/td>\n<\/tr>\n<\/tbody>\n<\/table>\n<\/li>\n<li style=\"font-size:14px;font-weight:bold;margin-right:10px;padding-left:18px;list-style:none;float:left\">\n<p><\/p>\n<\/li>\n<\/ul>\n<p><img decoding=\"async\" src=\"https:\/\/ae01.alicdn.com\/kf\/Seef00909edbb4c5ea7afa325e5d3eb91e.jpg\" slate-data-type=\"image\"\/><img decoding=\"async\" src=\"https:\/\/ae01.alicdn.com\/kf\/S8352bcb61dcc41c5b1867822757f066a6.jpg\" slate-data-type=\"image\"\/><img decoding=\"async\" src=\"https:\/\/ae01.alicdn.com\/kf\/S1c1389bd689c469aa1c4867e05dae07aw.jpg\" slate-data-type=\"image\"\/><img decoding=\"async\" src=\"https:\/\/ae01.alicdn.com\/kf\/Sdf551ac6393d42099287ed0c9406b28eR.jpg\" slate-data-type=\"image\"\/><img decoding=\"async\" src=\"https:\/\/ae01.alicdn.com\/kf\/Sa691897e8bf141fba45be62d61a8bc1cO.jpg\" slate-data-type=\"image\"\/><img decoding=\"async\" src=\"https:\/\/ae01.alicdn.com\/kf\/S6fad17dde9564e47a8c95f3846c4dd2dI.jpg\" slate-data-type=\"image\"\/><img decoding=\"async\" src=\"https:\/\/ae01.alicdn.com\/kf\/Sf44b0443dc4b48c1b93523220e5416e67.jpg\" slate-data-type=\"image\"\/><img decoding=\"async\" src=\"https:\/\/ae01.alicdn.com\/kf\/Sae9e7bb5abea418daa861f46cdc6fcdfn.jpg\" slate-data-type=\"image\"\/><img decoding=\"async\" src=\"https:\/\/ae01.alicdn.com\/kf\/Sde867c397b364f618bb94e5f8e60ab17W.jpg\" slate-data-type=\"image\"\/><img decoding=\"async\" src=\"https:\/\/ae01.alicdn.com\/kf\/Se53e151537fc41e38414ca9901b365afK.jpg\" slate-data-type=\"image\"\/><img decoding=\"async\" src=\"https:\/\/ae01.alicdn.com\/kf\/Sd17a239107284815a2c0054ad3f0ed3bv.jpg\" slate-data-type=\"image\"\/><img decoding=\"async\" src=\"https:\/\/ae01.alicdn.com\/kf\/Sef2fe4553efc4263885956aa11918ec9O.jpg\" slate-data-type=\"image\"\/><img decoding=\"async\" src=\"https:\/\/ae01.alicdn.com\/kf\/S17dd05909116480ca61c6256ecf628bf7.jpg\" slate-data-type=\"image\"\/><img decoding=\"async\" src=\"https:\/\/ae01.alicdn.com\/kf\/S118b8859d6c84834b861e7230bc4233c8.jpg\" slate-data-type=\"image\"\/><\/p>\n<\/div>\n<\/div>","protected":false},"excerpt":{"rendered":"<p>Nominal Capacity:&nbsp;2560Wh Model Number:&nbsp;HD009-12 Type:&nbsp;LiFePO4 Set Type:&nbsp;Charger Sets Brand:&nbsp;HANIWINNER Model:&nbsp;HD009-12 Nominal Voltage:&nbsp;12.8V Power:&nbsp;2560Wh End:&nbsp;M8 Casing:&nbsp;ABS Max.Charging Current:&nbsp;80A Features 01:&nbsp;Portable battery Features 02:&nbsp;Portable reportable power Features 03:&nbsp;Bluetti power station Features 04:&nbsp;Portable<\/p>","protected":false},"featured_media":21687,"comment_status":"open","ping_status":"closed","template":"","meta":{"_acf_changed":false},"product_brand":[],"product_cat":[238],"product_tag":[],"class_list":{"0":"post-21685","1":"product","2":"type-product","3":"status-publish","4":"has-post-thumbnail","6":"product_cat-200ah-lifepo4-batteries","8":"first","9":"instock","10":"shipping-taxable","11":"purchasable","12":"product-type-simple"},"acf":[],"_links":{"self":[{"href":"https:\/\/www.electricstore.eu\/lv\/wp-json\/wp\/v2\/product\/21685","targetHints":{"allow":["GET"]}}],"collection":[{"href":"https:\/\/www.electricstore.eu\/lv\/wp-json\/wp\/v2\/product"}],"about":[{"href":"https:\/\/www.electricstore.eu\/lv\/wp-json\/wp\/v2\/types\/product"}],"replies":[{"embeddable":true,"href":"https:\/\/www.electricstore.eu\/lv\/wp-json\/wp\/v2\/comments?post=21685"}],"wp:featuredmedia":[{"embeddable":true,"href":"https:\/\/www.electricstore.eu\/lv\/wp-json\/wp\/v2\/media\/21687"}],"wp:attachment":[{"href":"https:\/\/www.electricstore.eu\/lv\/wp-json\/wp\/v2\/media?parent=21685"}],"wp:term":[{"taxonomy":"product_brand","embeddable":true,"href":"https:\/\/www.electricstore.eu\/lv\/wp-json\/wp\/v2\/product_brand?post=21685"},{"taxonomy":"product_cat","embeddable":true,"href":"https:\/\/www.electricstore.eu\/lv\/wp-json\/wp\/v2\/product_cat?post=21685"},{"taxonomy":"product_tag","embeddable":true,"href":"https:\/\/www.electricstore.eu\/lv\/wp-json\/wp\/v2\/product_tag?post=21685"}],"curies":[{"name":"wp","href":"https:\/\/api.w.org\/{rel}","templated":true}]}}