{"id":21668,"date":"2025-05-20T18:20:58","date_gmt":"2025-05-20T18:20:58","guid":{"rendered":"https:\/\/electricstore.eu\/p\/uncategorized\/haniwinner-hd009-10-portable-power-station-1280wh-12-8v-100ah-lifepo4-battery-charging-stations-2000-cycles-power-generator\/"},"modified":"2025-05-20T18:20:59","modified_gmt":"2025-05-20T18:20:59","slug":"haniwinner-hd009-10-portable-power-station-1280wh-12-8v-100ah-lifepo4-battery-charging-stations-2000-cycles-power-generator","status":"publish","type":"product","link":"https:\/\/www.electricstore.eu\/lv\/p\/batteries\/portable-power-stations\/haniwinner-hd009-10-portable-power-station-1280wh-12-8v-100ah-lifepo4-battery-charging-stations-2000-cycles-power-generator\/","title":{"rendered":"HANIWINNER HD009-10 p\u0101rn\u0113s\u0101jama elektrostacija 1280 Wh 12,8 V 100 Ah LiFePO4 akumulatoru uzl\u0101des stacijas 2000+ ciklu str\u0101vas \u0123enerators"},"content":{"rendered":"<div class=\"product-specs-list-container\">\n<ul class=\"product-specs-list util-clearfix\">\n<li class=\"product-prop line-limit-length\"><span\n                                        class=\"property-title\">Nomin\u0101l\u0101 ietilp\u012bba:&nbsp;<\/span><span\n                                        class=\"property-desc line-limit-length\">1280 Wh<\/span>\n                            <\/li>\n<li class=\"product-prop line-limit-length\"><span\n                                        class=\"property-title\">Mode\u013ca numurs:&nbsp;<\/span><span\n                                        class=\"property-desc line-limit-length\">HANIWINNER HD009-10<\/span>\n                            <\/li>\n<li class=\"product-prop line-limit-length\"><span\n                                        class=\"property-title\">Tips:&nbsp;<\/span><span\n                                        class=\"property-desc line-limit-length\">LiFePO4<\/span>\n                            <\/li>\n<li class=\"product-prop line-limit-length\"><span\n                                        class=\"property-title\">Komplekta veids:&nbsp;<\/span><span\n                                        class=\"property-desc line-limit-length\">L\u0101d\u0113t\u0101ju komplekti<\/span>\n                            <\/li>\n<li class=\"product-prop line-limit-length\"><span\n                                        class=\"property-title\">Z\u012bmols:&nbsp;<\/span><span\n                                        class=\"property-desc line-limit-length\">HANIWINNER<\/span>\n                            <\/li>\n<li class=\"product-prop line-limit-length\"><span\n                                        class=\"property-title\">Modelis:&nbsp;<\/span><span\n                                        class=\"property-desc line-limit-length\">HD009-10<\/span>\n                            <\/li>\n<li class=\"product-prop line-limit-length\"><span\n                                        class=\"property-title\">Nomin\u0101lais spriegums:&nbsp;<\/span><span\n                                        class=\"property-desc line-limit-length\">12,8 V<\/span>\n                            <\/li>\n<li class=\"product-prop line-limit-length\"><span\n                                        class=\"property-title\">Jauda:&nbsp;<\/span><span\n                                        class=\"property-desc line-limit-length\">1280 Wh, 1280 Wh<\/span>\n                            <\/li>\n<li class=\"product-prop line-limit-length\"><span\n                                        class=\"property-title\">Uzl\u0101des str\u0101va:&nbsp;<\/span><span\n                                        class=\"property-desc line-limit-length\">20A<\/span>\n                            <\/li>\n<li class=\"product-prop line-limit-length\"><span\n                                        class=\"property-title\">02.\u00a0funkcijas:&nbsp;<\/span><span\n                                        class=\"property-desc line-limit-length\">elektrostacija<\/span>\n                            <\/li>\n<li class=\"product-prop line-limit-length\"><span\n                                        class=\"property-title\">Funkcijas 03:&nbsp;<\/span><span\n                                        class=\"property-desc line-limit-length\">p\u0101rn\u0113s\u0101jama saules ener\u0123ijas stacija<\/span>\n                            <\/li>\n<li class=\"product-prop line-limit-length\"><span\n                                        class=\"property-title\">04.\u00a0funkcijas:&nbsp;<\/span><span\n                                        class=\"property-desc line-limit-length\">uzl\u0101des stacijas<\/span>\n                            <\/li>\n<li class=\"product-prop line-limit-length\"><span\n                                        class=\"property-title\">05.\u00a0funkcijas:&nbsp;<\/span><span\n                                        class=\"property-desc line-limit-length\">saules \u0123enerators<\/span>\n                            <\/li>\n<li class=\"product-prop line-limit-length\"><span\n                                        class=\"property-title\">Maksim\u0101l\u0101 uzl\u0101des str\u0101va:&nbsp;<\/span><span\n                                        class=\"property-desc line-limit-length\">50A<\/span>\n                            <\/li>\n<li class=\"product-prop line-limit-length\"><span\n                                        class=\"property-title\">Korpuss:&nbsp;<\/span><span\n                                        class=\"property-desc line-limit-length\">ABS<\/span>\n                            <\/li>\n<li class=\"product-prop line-limit-length\"><span\n                                        class=\"property-title\">Termin\u0101ls:&nbsp;<\/span><span\n                                        class=\"property-desc line-limit-length\">M8<\/span>\n                            <\/li>\n<li class=\"product-prop line-limit-length\"><span\n                                        class=\"property-title\">Iek\u0161\u0113jais kombin\u0101cijas re\u017e\u012bms:&nbsp;<\/span><span\n                                        class=\"property-desc line-limit-length\">IFR32700\/6000mAh, 4S17P<\/span>\n                            <\/li>\n<li class=\"product-prop line-limit-length\"><span\n                                        class=\"property-title\">\u016adens putek\u013cu iztur\u012bba:&nbsp;<\/span><span\n                                        class=\"property-desc line-limit-length\">IP55<\/span>\n                            <\/li>\n<\/ul><\/div>\n<p><span style=\"font-size:24px\"><strong>Svar\u012bg\u0101kie momenti:<\/strong><\/span><\/p>\n<ul style=\"font-family:&quot;Microsoft YaHei&quot;;font-size:medium;font-weight:400;letter-spacing:normal;text-align:start;white-space:normal;color:rgb(0, 0, 0);margin-bottom:10px;padding-left:0px\" class=\"clearfix\" align=\"start\">\n<li style=\"font-size:14px;margin-right:10px;padding-left:18px;list-style:none;position:relative;float:left\">\n<p><strong>Dro\u0161s LiFePO4 akumulators, vair\u0101k nek\u0101 2000 cikli<\/strong><br \/>Izmantojot litija dzelzs fosf\u0101ta akumulatoru un nobriedu\u0161u tehnolo\u0123iju, \u0161im akumulatoram ir augsta dro\u0161\u012bba un tas var nodro\u0161in\u0101t 100% DOD uzl\u0101di un izl\u0101di norm\u0101los apst\u0101k\u013cos, vair\u0101k nek\u0101 2000 ciklus.\u00a0<\/p>\n<div><\/div>\n<p><strong>10 gadu kalpo\u0161anas laiks un viegls dizains<\/strong><br \/>HANIWINNER 12,8 V 100 Ah LiFePO4 litija akumulatoru blokam ir gandr\u012bz 10 gadu kalpo\u0161anas laiks. Ar svaru tikai 12,7 kg \u0161is akumulatoru bloks ir ide\u0101ls svina-sk\u0101bes akumulatoru aizvietot\u0101js un neprasa apkopi.\u00a0<\/p>\n<div><\/div>\n<p><strong>Ieb\u016bv\u0113ta BMS sist\u0113ma<\/strong><br \/>HANIWINNER LiFePO4 akumulatoru blokam ir ieb\u016bv\u0113ts BMS viedais modulis p\u0101rl\u0101d\u0113\u0161anas, p\u0101rl\u0101d\u0113\u0161anas, p\u0101rslodzes, p\u0101rkar\u0161anas un \u012bssl\u0113guma aizsardz\u012bbai utt.<\/p>\n<div><\/div>\n<p><strong>Atbalsts virkn\u0113\/paral\u0113li<\/strong><br \/>Tas atbalsta pla\u0161u darb\u012bbas temperat\u016bru no -20 l\u012bdz 60 Celsija, un to var savienot paral\u0113li un virkn\u0113, lai ieg\u016btu liel\u0101ku jaudu un spriegumu. (Atbalsta 4S17P, j\u0101darbojas saska\u0146\u0101 ar tehnisko nor\u0101d\u012bjumiem), lieliski piem\u0113rots saules ielu lamp\u0101m un apgaismojuma sist\u0113m\u0101m, elektriskajiem transportl\u012bdzek\u013ciem, UPS rezerves baro\u0161anas avotiem, fotoelektriskaj\u0101m sist\u0113m\u0101m, v\u0113ja ener\u0123ijai, hidroener\u0123ijai, m\u0101j\u0101m un cit\u0101m ener\u0123ijas uzkr\u0101\u0161anas sist\u0113m\u0101m.<\/p>\n<\/li>\n<li style=\"font-size:14px;font-weight:bold;margin-right:10px;padding-left:18px;list-style:none;float:left\">\n<p><span style=\"font-size:24px\"><strong>Specifik\u0101cija:<\/strong><\/span><\/p>\n<\/li>\n<li style=\"font-size:14px;margin-right:10px;padding-left:18px;list-style:none;position:relative;float:left\">\n<table style=\"border-collapse:collapse;width:1000px\" class=\"jbEidtTable\" border=\"1\" cellpadding=\"5\" cellspacing=\"0\">\n<tbody>\n<tr>\n<td style=\"font-size:14px;text-align:left\" align=\"left\">\n<p><strong>Visp\u0101r\u012bgi<\/strong><\/p>\n<\/td>\n<td style=\"font-size:14px;text-align:left\" align=\"left\">\n<p>Z\u012bmols: HANIWINNER<br \/>Tips: Akumulatora bloks<br \/>Modelis: HD009-10<br \/>Kr\u0101sa: melna<\/p>\n<\/td>\n<\/tr>\n<tr>\n<td style=\"font-size:14px;text-align:left\" align=\"left\">\n<p><strong>Specifik\u0101cija<\/strong><\/p>\n<\/td>\n<td style=\"font-size:14px;text-align:left\" align=\"left\">\n<p>Nomin\u0101lais spriegums: 12,8 V<br \/>Nomin\u0101l\u0101 ietilp\u012bba: 100Ah @ 0.2C<br \/>Jauda: 1280 Wh<br \/>Iek\u0161\u0113j\u0101 pretest\u012bba: \u226455m\u03a9<br \/>Cikla ilgums: \u22652000 cikli (0,2C 100% DOD uzl\u0101des\/izl\u0101des cikls, l\u012bdz kapacit\u0101te samazin\u0101s l\u012bdz 70%)<br \/>Pa\u0161izl\u0101de: \u22643,5% m\u0113nes\u012b (25 \u00b1 5 Celsija)<br \/>Maks. uzl\u0101des spriegums: 14,6 \u00b1 0,2 V<br \/>Uzl\u0101des re\u017e\u012bms: 0\u201345\u00a0C temperat\u016br\u0101, nemain\u012bga str\u0101va 0,2\u00a0C5\u00a0A, uzl\u0101de l\u012bdz 14,6\u00a0V, p\u0113c tam nemain\u012bgs spriegums 14,6\u00a0V, l\u012bdz str\u0101va samazin\u0101s l\u012bdz 0,02\u00a0C5\u00a0A, un p\u0113c tam apst\u0101\u0161an\u0101s<br \/>Uzl\u0101des str\u0101va: 20A<br \/>Maksim\u0101l\u0101 uzl\u0101des str\u0101va: 50A<br \/>Izl\u0101des atsl\u0113g\u0161anas spriegums: 10,0 V<br \/>Izl\u0101des str\u0101va: 20A<br \/>Maksim\u0101l\u0101 nep\u0101rtraukt\u0101 izl\u0101des str\u0101va: 100A<br \/>Uzl\u0101des temperat\u016bra: 0\u201345 Celsija (40\u201375 \u00b0C mitrums)<br \/>Izl\u0101des temperat\u016bra: -20\u201360 Celsija (40\u201375 \u00b0C mitrums)<br \/>Uzglab\u0101\u0161anas temperat\u016bra: 0\u201345\u00a0C (mitrums 40\u201375\u00a0\u00b0F)<br \/>\u016adens putek\u013cu iztur\u012bba: IP55<br \/>Iek\u0161\u0113jais kombin\u0101cijas re\u017e\u012bms: IFR32700\/6000mAh, 4S17P<br \/>Korpuss: ABS<br \/>Galapunkts: M8<\/p>\n<\/td>\n<\/tr>\n<tr>\n<td style=\"font-size:14px;text-align:left\" align=\"left\">\n<p><strong>Svars un izm\u0113rs<\/strong><\/p>\n<\/td>\n<td style=\"font-size:14px;text-align:left\" align=\"left\">\n<p>Produkta svars: 13,1 kg<br \/>Iepakojuma svars: 13,8 kg<br \/>Izstr\u0101d\u0101juma izm\u0113rs (G x P x A): 328 * 172 * 215 * 220 mm<br \/>Iepakojuma izm\u0113rs (G x P x A): 340 * 175 * 235 mm<\/p>\n<\/td>\n<\/tr>\n<tr>\n<td style=\"font-size:14px;text-align:left\" align=\"left\">\n<p><strong>Iepakojuma saturs<\/strong><\/p>\n<\/td>\n<td style=\"font-size:14px;text-align:left\" align=\"left\">\n<p>1 x akumulatora bloks<br \/>1 lietot\u0101ja rokasgr\u0101mata<\/p>\n<\/td>\n<\/tr>\n<\/tbody>\n<\/table>\n<\/li>\n<\/ul>\n<p><img decoding=\"async\" src=\"https:\/\/ae01.alicdn.com\/kf\/Sa6b2e3da30ca4198a123d6d327ae90dbm.jpg\" slate-data-type=\"image\"\/><img decoding=\"async\" src=\"https:\/\/ae01.alicdn.com\/kf\/Sdc96de4021384f2788d85f2febd8623eV.jpg\" slate-data-type=\"image\"\/><img decoding=\"async\" src=\"https:\/\/ae01.alicdn.com\/kf\/Sfa0cc04edf5242c6bb1ae7740ec6215cd.jpg\" slate-data-type=\"image\"\/><img decoding=\"async\" src=\"https:\/\/ae01.alicdn.com\/kf\/Sa7bb70aecd0644549313b65d0cebc013K.jpg\" slate-data-type=\"image\"\/><img decoding=\"async\" src=\"https:\/\/ae01.alicdn.com\/kf\/Sc979099e15bc4722bf2e5e0c6e57257e0.jpg\" slate-data-type=\"image\"\/><img decoding=\"async\" src=\"https:\/\/ae01.alicdn.com\/kf\/S656b1bf086534f7dbafe03e4efc4bb2bl.jpg\" slate-data-type=\"image\"\/><img decoding=\"async\" src=\"https:\/\/ae01.alicdn.com\/kf\/Sb1d3c74fb70e4ec5b38eb251b78cec2cd.jpg\" slate-data-type=\"image\"\/><img decoding=\"async\" src=\"https:\/\/ae01.alicdn.com\/kf\/S6c258a3525884833bfd6f7fef7d0aa51m.jpg\" slate-data-type=\"image\"\/><img decoding=\"async\" src=\"https:\/\/ae01.alicdn.com\/kf\/S7e379a3e52724fe8a86c45713829382eB.jpg\" slate-data-type=\"image\"\/><img decoding=\"async\" src=\"https:\/\/ae01.alicdn.com\/kf\/S7e006749d26f4beebd7474e517670de5Y.jpg\" slate-data-type=\"image\"\/><img decoding=\"async\" src=\"https:\/\/ae01.alicdn.com\/kf\/S01a8392d2e6648c58ec2b05b5224f7feq.jpg\" slate-data-type=\"image\"\/><img decoding=\"async\" src=\"https:\/\/ae01.alicdn.com\/kf\/S166f90cdf0af4b9ea50faf01f9e6613br.jpg\" slate-data-type=\"image\"\/><\/p>","protected":false},"excerpt":{"rendered":"<p>Nominal Capacity:&nbsp;1280Wh Model Number:&nbsp;HANIWINNER HD009-10 Type:&nbsp;LiFePO4 Set Type:&nbsp;Charger Sets Brand:&nbsp;HANIWINNER Model:&nbsp;HD009-10 Nominal Voltage:&nbsp;12.8V Power:&nbsp;1280Wh,1280Wh Charging Current:&nbsp;20A Features 02:&nbsp;power station Features 03:&nbsp;portable solar power station Features 04:&nbsp;charging stations Features 05:&nbsp;solar generator<\/p>","protected":false},"featured_media":21670,"comment_status":"open","ping_status":"closed","template":"","meta":{"_acf_changed":false},"product_brand":[],"product_cat":[515],"product_tag":[],"class_list":{"0":"post-21668","1":"product","2":"type-product","3":"status-publish","4":"has-post-thumbnail","6":"product_cat-portable-power-stations","8":"first","9":"instock","10":"shipping-taxable","11":"purchasable","12":"product-type-simple"},"acf":[],"_links":{"self":[{"href":"https:\/\/www.electricstore.eu\/lv\/wp-json\/wp\/v2\/product\/21668","targetHints":{"allow":["GET"]}}],"collection":[{"href":"https:\/\/www.electricstore.eu\/lv\/wp-json\/wp\/v2\/product"}],"about":[{"href":"https:\/\/www.electricstore.eu\/lv\/wp-json\/wp\/v2\/types\/product"}],"replies":[{"embeddable":true,"href":"https:\/\/www.electricstore.eu\/lv\/wp-json\/wp\/v2\/comments?post=21668"}],"wp:featuredmedia":[{"embeddable":true,"href":"https:\/\/www.electricstore.eu\/lv\/wp-json\/wp\/v2\/media\/21670"}],"wp:attachment":[{"href":"https:\/\/www.electricstore.eu\/lv\/wp-json\/wp\/v2\/media?parent=21668"}],"wp:term":[{"taxonomy":"product_brand","embeddable":true,"href":"https:\/\/www.electricstore.eu\/lv\/wp-json\/wp\/v2\/product_brand?post=21668"},{"taxonomy":"product_cat","embeddable":true,"href":"https:\/\/www.electricstore.eu\/lv\/wp-json\/wp\/v2\/product_cat?post=21668"},{"taxonomy":"product_tag","embeddable":true,"href":"https:\/\/www.electricstore.eu\/lv\/wp-json\/wp\/v2\/product_tag?post=21668"}],"curies":[{"name":"wp","href":"https:\/\/api.w.org\/{rel}","templated":true}]}}