{"id":21652,"date":"2025-05-20T18:20:46","date_gmt":"2025-05-20T18:20:46","guid":{"rendered":"https:\/\/electricstore.eu\/p\/uncategorized\/flashfish-p56-pure-sine-wave-600w-portable-power-station-288-6wh-78000mah-solar-generator-230v-outlets-portable-camping-battery\/"},"modified":"2025-05-20T18:20:49","modified_gmt":"2025-05-20T18:20:49","slug":"flashfish-p56-pure-sine-wave-600w-portable-power-station-288-6wh-78000mah-solar-generator-230v-outlets-portable-camping-battery","status":"publish","type":"product","link":"https:\/\/www.electricstore.eu\/lv\/p\/batteries\/portable-power-stations\/flashfish-p56-pure-sine-wave-600w-portable-power-station-288-6wh-78000mah-solar-generator-230v-outlets-portable-camping-battery\/","title":{"rendered":"FlashFish P56 t\u012bra sinusoid\u0101la 600 W p\u0101rn\u0113s\u0101jama elektrostacija 288,6 Wh\/78000 mAh saules \u0123enerators 230 V kontaktligzdas p\u0101rn\u0113s\u0101jama kempinga baterija"},"content":{"rendered":"<div class=\"product-specs-list-container\">\n<ul class=\"product-specs-list util-clearfix\">\n<li class=\"product-prop line-limit-length\"><span\n                                        class=\"property-title\">Nomin\u0101l\u0101 ietilp\u012bba:&nbsp;<\/span><span\n                                        class=\"property-desc line-limit-length\">78000mAh<\/span>\n                            <\/li>\n<li class=\"product-prop line-limit-length\"><span\n                                        class=\"property-title\">Mode\u013ca numurs:&nbsp;<\/span><span\n                                        class=\"property-desc line-limit-length\">P56<\/span>\n                            <\/li>\n<li class=\"product-prop line-limit-length\"><span\n                                        class=\"property-title\">Tips:&nbsp;<\/span><span\n                                        class=\"property-desc line-limit-length\">Litija jonu akumulators<\/span>\n                            <\/li>\n<li class=\"product-prop line-limit-length\"><span\n                                        class=\"property-title\">Komplekta veids:&nbsp;<\/span><span\n                                        class=\"property-desc line-limit-length\">L\u0101d\u0113t\u0101ju komplekti<\/span>\n                            <\/li>\n<li class=\"product-prop line-limit-length\"><span\n                                        class=\"property-title\">Z\u012bmols:&nbsp;<\/span><span\n                                        class=\"property-desc line-limit-length\">Zibspuldze<\/span>\n                            <\/li>\n<li class=\"product-prop line-limit-length\"><span\n                                        class=\"property-title\">Modelis:&nbsp;<\/span><span\n                                        class=\"property-desc line-limit-length\">P56<\/span>\n                            <\/li>\n<li class=\"product-prop line-limit-length\"><span\n                                        class=\"property-title\">Akumulatora materi\u0101ls:&nbsp;<\/span><span\n                                        class=\"property-desc line-limit-length\">Litija jonu elements<\/span>\n                            <\/li>\n<li class=\"product-prop line-limit-length\"><span\n                                        class=\"property-title\">Akumulatora ietilp\u012bba:&nbsp;<\/span><span\n                                        class=\"property-desc line-limit-length\">288,6\u00a0Wh (78\u00a0000\u00a0mAh)<\/span>\n                            <\/li>\n<li class=\"product-prop line-limit-length\"><span\n                                        class=\"property-title\">Standarta izejas spriegums:&nbsp;<\/span><span\n                                        class=\"property-desc line-limit-length\">230 V\/50 Hz<\/span>\n                            <\/li>\n<li class=\"product-prop line-limit-length\"><span\n                                        class=\"property-title\">Ievade:&nbsp;<\/span><span\n                                        class=\"property-desc line-limit-length\">15 V\/4 A (adapteris), 12 V automa\u0161\u012bnas cigare\u0161u \u0161\u0137iltavas<\/span>\n                            <\/li>\n<li class=\"product-prop line-limit-length\"><span\n                                        class=\"property-title\">Saules ener\u0123ijas padeve:&nbsp;<\/span><span\n                                        class=\"property-desc line-limit-length\">18\u201322 V (ieteicams 18 V, \u2265100 W saules panelis)<\/span>\n                            <\/li>\n<li class=\"product-prop line-limit-length\"><span\n                                        class=\"property-title\">Uzl\u0101des laiks:&nbsp;<\/span><span\n                                        class=\"property-desc line-limit-length\">apm\u0113ram 7\u20138 stundas (adapteris)<\/span>\n                            <\/li>\n<li class=\"product-prop line-limit-length\"><span\n                                        class=\"property-title\">Cikla dz\u012bve:&nbsp;<\/span><span\n                                        class=\"property-desc line-limit-length\">&gt;1000 rei\u017eu<\/span>\n                            <\/li>\n<li class=\"product-prop line-limit-length\"><span\n                                        class=\"property-title\">1.\u00a0funkcijas:&nbsp;<\/span><span\n                                        class=\"property-desc line-limit-length\">kempings<\/span>\n                            <\/li>\n<li class=\"product-prop line-limit-length\"><span\n                                        class=\"property-title\">02.\u00a0funkcijas:&nbsp;<\/span><span\n                                        class=\"property-desc line-limit-length\">p\u0101rn\u0113s\u0101jama sp\u0113kstacija<\/span>\n                            <\/li>\n<li class=\"product-prop line-limit-length\"><span\n                                        class=\"property-title\">Funkcijas 03:&nbsp;<\/span><span\n                                        class=\"property-desc line-limit-length\">elektrostacija<\/span>\n                            <\/li>\n<li class=\"product-prop line-limit-length\"><span\n                                        class=\"property-title\">04.\u00a0funkcijas:&nbsp;<\/span><span\n                                        class=\"property-desc line-limit-length\">p\u0101rn\u0113s\u0101jams kempinga akumulators<\/span>\n                            <\/li>\n<li class=\"product-prop line-limit-length\"><span\n                                        class=\"property-title\">05.\u00a0funkcijas:&nbsp;<\/span><span\n                                        class=\"property-desc line-limit-length\">p\u0101rn\u0113s\u0101jamais \u0123enerators<\/span>\n                            <\/li>\n<li class=\"product-prop line-limit-length\"><span\n                                        class=\"property-title\">Funkcijas 06:&nbsp;<\/span><span\n                                        class=\"property-desc line-limit-length\">elektrostacijas<\/span>\n                            <\/li>\n<\/ul><\/div>\n<p><span style=\"font-size:24px\"><strong>Svar\u012bg\u0101kie momenti:<\/strong><\/span><\/p>\n<ul style=\"font-family:&quot;Microsoft YaHei&quot;;font-size:medium;font-weight:400;letter-spacing:normal;text-align:start;white-space:normal;color:rgb(0, 0, 0);margin-bottom:10px;padding-left:0px\" class=\"clearfix\" align=\"start\">\n<li style=\"font-size:14px;margin-right:10px;padding-left:18px;list-style:none;position:relative;float:left\">\n<p><strong>9 izejas<\/strong><br \/>P\u0101rn\u0113s\u0101jam\u0101 Flashfish P56 baro\u0161anas stacija ir apr\u012bkota ar 1 mai\u0146str\u0101vas kontaktligzdu (330 W, maksim\u0101l\u0101 jauda 600 W), 4 l\u012bdzstr\u0101vas piesl\u0113gviet\u0101m (12 V\/10 A maks.), 2 USB-C piesl\u0113gviet\u0101m, 1 QC3.0 USB piesl\u0113gvietu, 1 USB piesl\u0113gvietu (5 V\/2 A). T\u0101 var darbin\u0101t viedt\u0101lruni, kl\u0113pjdatoru, kameru, dronus, automa\u0161\u012bnas ier\u012bces, CPAP apar\u0101tu, ledusskapi, blenderi un citas ier\u012bces.<\/p>\n<div><\/div>\n<p><strong>288,6 Wh\/78000 mAh ietilp\u012bba<\/strong><br \/>Flashfish P56 \u0101ra elektrostacijas jauda ir 288,6 Wh, kas ir ide\u0101li piem\u0113rota da\u017e\u0101da veida elektroener\u0123ijas vajadz\u012bb\u0101m \u2014 lieto\u0161anai \u0101rpus telp\u0101m m\u0101j\u0101s, cpap apar\u0101tam, str\u0101vas padeves p\u0101rtraukumiem, ce\u013cojumiem, kempingam, piedz\u012bvojumiem un gariem braucieniem ar automa\u0161\u012bnu.<\/p>\n<div><\/div>\n<p><strong>3 uzl\u0101des re\u017e\u012bmi<\/strong><br \/>To var efekt\u012bvi uzl\u0101d\u0113t ar 18V-22V saules paneli (nav iek\u013cauts komplekt\u0101), mai\u0146str\u0101vas sienas adapteri un automa\u0161\u012bnas l\u0101d\u0113t\u0101ju (abi iek\u013cauti komplekt\u0101).<\/p>\n<div><\/div>\n<p><strong>P\u0101rn\u0113s\u0101jams, viegli lietojams<\/strong><br \/>Flashfish P56 baro\u0161anas stacija, kas sver tikai 4,3 kg, ir viegli p\u0101rn\u0113s\u0101jama \u0101rpus telp\u0101m. Skaidrs LED ekr\u0101ns par\u0101d\u012bs re\u0101llaika datus, piem\u0113ram, akumulatora uzl\u0101des l\u012bmeni, mai\u0146str\u0101vas\/l\u012bdzstr\u0101vas re\u017e\u012bmu, mai\u0146str\u0101vas izejas jaudu utt.<\/p>\n<\/li>\n<li style=\"font-size:14px;font-weight:bold;margin-right:10px;padding-left:18px;list-style:none;float:left\">\n<p><span style=\"font-size:26px\"><strong>Specifik\u0101cija:<\/strong><\/span><\/p>\n<\/li>\n<li style=\"font-size:14px;margin-right:10px;padding-left:18px;list-style:none;position:relative;float:left\">\n<div id=\"description\">\n<div id=\"DESCRIPTION_HTML\">\n<table style=\"border-collapse:collapse;width:912px\" class=\"jbEidtTable\" border=\"1\" cellpadding=\"5\" cellspacing=\"0\">\n<tbody>\n<tr>\n<td style=\"font-size:14px;text-align:left\" align=\"left\">\n<p><span style=\"color:rgb(0, 0, 0)\"><span style=\"font-size:14px\"><strong>Visp\u0101r\u012bgi<\/strong><\/span><\/span><\/p>\n<\/td>\n<td style=\"font-size:14px;text-align:left\" align=\"left\">\n<p>Z\u012bmols: Flashfish<br \/>Tips: Elektrostacija<br \/>Modelis: P56<br \/>Kr\u0101sa: melna<\/p>\n<\/td>\n<\/tr>\n<tr>\n<td style=\"font-size:14px;text-align:left\" align=\"left\">\n<p><span style=\"color:rgb(0, 0, 0)\"><span style=\"font-size:14px\"><strong>Specifik\u0101cija<\/strong><\/span><\/span><\/p>\n<\/td>\n<td style=\"font-size:14px;text-align:left\" align=\"left\">\n<p>Akumulatora materi\u0101ls: litija jonu elements<br \/>Akumulatora ietilp\u012bba: 288,6 Wh (78000 mAh)<br \/>Standarta izejas spriegums: 230 V \/ 50 Hz<br \/>Ieeja: 15 V\/4 A (adapteris), 12 V automa\u0161\u012bnas cigare\u0161u \u0161\u0137iltavas ligzda<br \/>Saules ener\u0123ijas ieeja: 18\u201322 V (ieteicams 18 V, \u2265100 W saules panelis)<br \/>USB izejas:<br \/>1 x USB 5V\/2A izeja<br \/>1 x USB QC 3.0 izeja 5 V\/2,4 A, 9 V\/2 A, 12 V\/1,5 A<br \/>2 x C tipa QC3.0 izejas 5 V\/2,4 A, 9 V\/2 A, 12 V\/1,5 A<br \/>L\u012bdzstr\u0101vas izeja: 4 x l\u012bdzstr\u0101vas izeja (5521. ports): 9\u201312,6 V\/10 A (maks. 12 A)<br \/>Mai\u0146str\u0101vas izeja: nep\u0101rtraukta izejas jauda: 330 W; maksim\u0101l\u0101 jauda: 600 W<br \/>Uzl\u0101des laiks: apm\u0113ram 7\u20138 stundas (adapteris)<br \/>Darba temperat\u016bra: -10\u201340 Celsija\/14\u2013104 F\u0101renheita<br \/>Cikla dz\u012bve: &gt; 1000 reizes<\/p>\n<\/td>\n<\/tr>\n<tr>\n<td style=\"font-size:14px;text-align:left\" align=\"left\">\n<p><span style=\"color:rgb(0, 0, 0)\"><span style=\"font-size:14px\"><strong>Svars un izm\u0113rs<\/strong><\/span><\/span><\/p>\n<\/td>\n<td style=\"font-size:14px;text-align:left\" align=\"left\">\n<p>Produkta svars: 3,4 kg<br \/>Iepakojuma svars: 4,3 kg<br \/>Izstr\u0101d\u0101juma izm\u0113rs (G x P x A): 256 x 130 x 167 mm<br \/>Iepakojuma izm\u0113rs (G x P x A): 363 x 185 x 210 mm<\/p>\n<\/td>\n<\/tr>\n<tr>\n<td style=\"font-size:14px;text-align:left\" align=\"left\">\n<p><span style=\"color:rgb(0, 0, 0)\"><span style=\"font-size:14px\"><strong>Iepakojuma saturs<\/strong><\/span><\/span><\/p>\n<\/td>\n<td style=\"font-size:14px;text-align:left\" align=\"left\">\n<p>1 x P56 p\u0101rn\u0113s\u0101jama elektrostacija\u00a0<br \/>1 x mai\u0146str\u0101vas sienas l\u0101d\u0113t\u0101js<br \/>1 x cigare\u0161u \u0161\u0137iltavas adapteris<br \/>1 x cigare\u0161u uzl\u0101des kabelis<br \/>1 lietot\u0101ja rokasgr\u0101mata<\/p>\n<\/td>\n<\/tr>\n<\/tbody>\n<\/table>\n<\/div>\n<\/div>\n<\/li>\n<\/ul>\n<p><img decoding=\"async\" src=\"https:\/\/ae01.alicdn.com\/kf\/S6848d8e84c8743c18042b514c561cfe0h.jpg\" slate-data-type=\"image\"\/><img decoding=\"async\" src=\"https:\/\/ae01.alicdn.com\/kf\/Sae6c977d39cb4c71b94359c3962c21b5N.jpg\" slate-data-type=\"image\"\/><img decoding=\"async\" src=\"https:\/\/ae01.alicdn.com\/kf\/Sd43b5f583e0c412baa94c88e93dd82f8b.jpg\" slate-data-type=\"image\"\/><img decoding=\"async\" src=\"https:\/\/ae01.alicdn.com\/kf\/Scc4e6158e23945a289cd0fc33b041e21v.jpg\" slate-data-type=\"image\"\/><img decoding=\"async\" src=\"https:\/\/ae01.alicdn.com\/kf\/S4df85651716540f3850126a18a142ac9a.jpg\" slate-data-type=\"image\"\/><img decoding=\"async\" src=\"https:\/\/ae01.alicdn.com\/kf\/Sfa496c921b3b4b7ca225268c6915a9427.jpg\" slate-data-type=\"image\"\/><img decoding=\"async\" src=\"https:\/\/ae01.alicdn.com\/kf\/S9068c28f6c1b4947ac97877e18778d711.jpg\" slate-data-type=\"image\"\/><img decoding=\"async\" src=\"https:\/\/ae01.alicdn.com\/kf\/Sd3f09e23e98f4f94a7e5252fb4a46b18p.jpg\" slate-data-type=\"image\"\/><img decoding=\"async\" src=\"https:\/\/ae01.alicdn.com\/kf\/S4f129130834744a8a67d84b9fb63074eu.jpg\" slate-data-type=\"image\"\/><img decoding=\"async\" src=\"https:\/\/ae01.alicdn.com\/kf\/S486d15ca49b64ec69cd1d16f1bc07658y.jpg\" slate-data-type=\"image\"\/><img decoding=\"async\" src=\"https:\/\/ae01.alicdn.com\/kf\/Saa6840bc4fa4459a8c036f8578b48126O.jpg\" slate-data-type=\"image\"\/><img decoding=\"async\" src=\"https:\/\/ae01.alicdn.com\/kf\/Sb2cc9dd97b3e45b69f70727409a765ceB.jpg\" slate-data-type=\"image\"\/><\/p>","protected":false},"excerpt":{"rendered":"<p>Nominal Capacity:&nbsp;78000mAh Model Number:&nbsp;P56 Type:&nbsp;Li-Ion Set Type:&nbsp;Charger Sets Brand:&nbsp;Flashfish Model:&nbsp;P56 Battery Material:&nbsp;Lithium-ion Cell Battery Capacity:&nbsp;288.6Wh (78000mAh) Standard Out Voltage:&nbsp;230V\/50Hz Input:&nbsp;15V\/4A (Adapter), 12V Car Cigarette Lighter Solar Input:&nbsp;18-22V (18V, \u2265100W solar<\/p>","protected":false},"featured_media":21653,"comment_status":"open","ping_status":"closed","template":"","meta":{"_acf_changed":false},"product_brand":[],"product_cat":[515],"product_tag":[],"class_list":{"0":"post-21652","1":"product","2":"type-product","3":"status-publish","4":"has-post-thumbnail","6":"product_cat-portable-power-stations","8":"first","9":"instock","10":"shipping-taxable","11":"purchasable","12":"product-type-simple"},"acf":[],"_links":{"self":[{"href":"https:\/\/www.electricstore.eu\/lv\/wp-json\/wp\/v2\/product\/21652","targetHints":{"allow":["GET"]}}],"collection":[{"href":"https:\/\/www.electricstore.eu\/lv\/wp-json\/wp\/v2\/product"}],"about":[{"href":"https:\/\/www.electricstore.eu\/lv\/wp-json\/wp\/v2\/types\/product"}],"replies":[{"embeddable":true,"href":"https:\/\/www.electricstore.eu\/lv\/wp-json\/wp\/v2\/comments?post=21652"}],"wp:featuredmedia":[{"embeddable":true,"href":"https:\/\/www.electricstore.eu\/lv\/wp-json\/wp\/v2\/media\/21653"}],"wp:attachment":[{"href":"https:\/\/www.electricstore.eu\/lv\/wp-json\/wp\/v2\/media?parent=21652"}],"wp:term":[{"taxonomy":"product_brand","embeddable":true,"href":"https:\/\/www.electricstore.eu\/lv\/wp-json\/wp\/v2\/product_brand?post=21652"},{"taxonomy":"product_cat","embeddable":true,"href":"https:\/\/www.electricstore.eu\/lv\/wp-json\/wp\/v2\/product_cat?post=21652"},{"taxonomy":"product_tag","embeddable":true,"href":"https:\/\/www.electricstore.eu\/lv\/wp-json\/wp\/v2\/product_tag?post=21652"}],"curies":[{"name":"wp","href":"https:\/\/api.w.org\/{rel}","templated":true}]}}