{"id":21569,"date":"2025-05-20T18:20:00","date_gmt":"2025-05-20T18:20:00","guid":{"rendered":"https:\/\/electricstore.eu\/p\/uncategorized\/engwe-mapfour-n1-air-adult-electric-bike-25km-h-max-speed-250w-100km-range-36v-10ah-battery-electric-road-bikes-electric-bicycle\/"},"modified":"2025-05-20T18:20:08","modified_gmt":"2025-05-20T18:20:08","slug":"engwe-mapfour-n1-air-adult-electric-bike-25km-h-max-speed-250w-100km-range-36v-10ah-battery-electric-road-bikes-electric-bicycle","status":"publish","type":"product","link":"https:\/\/www.electricstore.eu\/lv\/p\/bikes\/engwe-mapfour-n1-air-adult-electric-bike-25km-h-max-speed-250w-100km-range-36v-10ah-battery-electric-road-bikes-electric-bicycle\/","title":{"rendered":"ENGWE MapFour N1 Air elektriskais velosip\u0113ds pieaugu\u0161ajiem, 25 km\/h, maksim\u0101lais \u0101trums, 250 W, 100 km nobraukuma diapazons, 36 V, 10 Ah akumulators, elektriskie \u0161osejas velosip\u0113di, elektriskais velosip\u0113ds"},"content":{"rendered":"<div class=\"product-specs-list-container\">\n<ul class=\"product-specs-list util-clearfix\">\n<li class=\"product-prop line-limit-length\"><span\n                                        class=\"property-title\">Z\u012bmols:&nbsp;<\/span><span\n                                        class=\"property-desc line-limit-length\">ENGWE<\/span>\n                            <\/li>\n<li class=\"product-prop line-limit-length\"><span\n                                        class=\"property-title\">Tips:&nbsp;<\/span><span\n                                        class=\"property-desc line-limit-length\">Priek\u0161\u0113j\u0101 un aizmugur\u0113j\u0101 meh\u0101nisk\u0101 disku bremze<\/span>\n                            <\/li>\n<li class=\"product-prop line-limit-length\"><span\n                                        class=\"property-title\">Modelis:&nbsp;<\/span><span\n                                        class=\"property-desc line-limit-length\">MapFour N1 Air<\/span>\n                            <\/li>\n<li class=\"product-prop line-limit-length\"><span\n                                        class=\"property-title\">Materi\u0101ls:&nbsp;<\/span><span\n                                        class=\"property-desc line-limit-length\">Oglek\u013ca \u0161\u0137iedras r\u0101mis<\/span>\n                            <\/li>\n<li class=\"product-prop line-limit-length\"><span\n                                        class=\"property-title\">Motors:&nbsp;<\/span><span\n                                        class=\"property-desc line-limit-length\">MIVICE M070 aizmugur\u0113j\u0101 rumbas motors<\/span>\n                            <\/li>\n<li class=\"product-prop line-limit-length\"><span\n                                        class=\"property-title\">Sensors:&nbsp;<\/span><span\n                                        class=\"property-desc line-limit-length\">Griezes momenta sensors<\/span>\n                            <\/li>\n<li class=\"product-prop line-limit-length\"><span\n                                        class=\"property-title\">Maksim\u0101lais griezes moments:&nbsp;<\/span><span\n                                        class=\"property-desc line-limit-length\">40 Nm<\/span>\n                            <\/li>\n<li class=\"product-prop line-limit-length\"><span\n                                        class=\"property-title\">Riepas:&nbsp;<\/span><span\n                                        class=\"property-desc line-limit-length\">700*38C spie\u0137u riepas<\/span>\n                            <\/li>\n<li class=\"product-prop line-limit-length\"><span\n                                        class=\"property-title\">1.\u00a0funkcijas:&nbsp;<\/span><span\n                                        class=\"property-desc line-limit-length\">Elektriskais velosip\u0113ds<\/span>\n                            <\/li>\n<li class=\"product-prop line-limit-length\"><span\n                                        class=\"property-title\">02.\u00a0funkcijas:&nbsp;<\/span><span\n                                        class=\"property-desc line-limit-length\">Elektriskie velosip\u0113di<\/span>\n                            <\/li>\n<li class=\"product-prop line-limit-length\"><span\n                                        class=\"property-title\">Funkcijas 03:&nbsp;<\/span><span\n                                        class=\"property-desc line-limit-length\">Elektrisk\u0101 velosip\u0113da pied\u0101v\u0101jums<\/span>\n                            <\/li>\n<li class=\"product-prop line-limit-length\"><span\n                                        class=\"property-title\">04.\u00a0funkcijas:&nbsp;<\/span><span\n                                        class=\"property-desc line-limit-length\">Elektriskie velosip\u0113di pieaugu\u0161ajiem<\/span>\n                            <\/li>\n<li class=\"product-prop line-limit-length\"><span\n                                        class=\"property-title\">05.\u00a0funkcijas:&nbsp;<\/span><span\n                                        class=\"property-desc line-limit-length\">Saliekamais velosip\u0113ds<\/span>\n                            <\/li>\n<li class=\"product-prop line-limit-length\"><span\n                                        class=\"property-title\">Funkcijas 06:&nbsp;<\/span><span\n                                        class=\"property-desc line-limit-length\">Elektriskie velosip\u0113di pieaugu\u0161ajiem<\/span>\n                            <\/li>\n<li class=\"product-prop line-limit-length\"><span\n                                        class=\"property-title\">7.\u00a0funkcijas:&nbsp;<\/span><span\n                                        class=\"property-desc line-limit-length\">Saliekamie velosip\u0113di<\/span>\n                            <\/li>\n<li class=\"product-prop line-limit-length\"><span\n                                        class=\"property-title\">Funkcijas 08:&nbsp;<\/span><span\n                                        class=\"property-desc line-limit-length\">Elektriskais velosip\u0113ds<\/span>\n                            <\/li>\n<li class=\"product-prop line-limit-length\"><span\n                                        class=\"property-title\">09.\u00a0funkcijas:&nbsp;<\/span><span\n                                        class=\"property-desc line-limit-length\">L\u0113ti velosip\u0113di<\/span>\n                            <\/li>\n<li class=\"product-prop line-limit-length\"><span\n                                        class=\"property-title\">\u0100trums:&nbsp;<\/span><span\n                                        class=\"property-desc line-limit-length\">25 km\/h<\/span>\n                            <\/li>\n<li class=\"product-prop line-limit-length\"><span\n                                        class=\"property-title\">Diapazons:&nbsp;<\/span><span\n                                        class=\"property-desc line-limit-length\">100 km (PAS 1 l\u012bmenis)<\/span>\n                            <\/li>\n<li class=\"product-prop line-limit-length\"><span\n                                        class=\"property-title\">Maksim\u0101l\u0101 slodze::&nbsp;<\/span><span\n                                        class=\"property-desc line-limit-length\">120 kg<\/span>\n                            <\/li>\n<\/ul><\/div>\n<p><\/p>\n<p style=\"font-family:&quot;Microsoft YaHei&quot;;font-size:medium;font-weight:400;letter-spacing:normal;text-align:start;white-space:normal;color:rgb(0, 0, 0)\" align=\"start\"><span style=\"font-size:x-large\">Svar\u012bg\u0101kie notikumi<\/span><\/p>\n<p><\/p>\n<h3 style=\"font-family:&quot;Microsoft YaHei&quot;;letter-spacing:normal;text-align:start;white-space:normal;color:rgb(0, 0, 0)\" align=\"start\">Ultra viegls oglek\u013ca r\u0101mis<\/h3>\n<p style=\"font-family:&quot;Microsoft YaHei&quot;;font-size:medium;font-weight:400;letter-spacing:normal;text-align:start;white-space:normal;color:rgb(0, 0, 0)\" align=\"start\">ENGWE MapFour N1 Air elektriskais velosip\u0113ds ar \u012bpa\u0161i vieglu oglek\u013ca \u0161\u0137iedras r\u0101mi (tikai 1,28 kg) ir izstr\u0101d\u0101ts optim\u0101lai aerodinamikai, nodro\u0161inot vienm\u0113r\u012bg\u0101ku un stabil\u0101ku braucienu ar samazin\u0101tu v\u0113ja pretest\u012bbu.<\/p>\n<h3 style=\"font-family:&quot;Microsoft YaHei&quot;;letter-spacing:normal;text-align:start;white-space:normal;color:rgb(0, 0, 0)\" align=\"start\">250 W motors<\/h3>\n<p style=\"font-family:&quot;Microsoft YaHei&quot;;font-size:medium;font-weight:400;letter-spacing:normal;text-align:start;white-space:normal;color:rgb(0, 0, 0)\" align=\"start\">Kompakts ENGWE MapFour N1 Air pils\u0113tas elektriskais velosip\u0113ds ar 250 W jaudu un 40 Nm griezes momentu nodro\u0161ina nevainojamu veiktsp\u0113ju elegant\u0101 dizain\u0101, kas gandr\u012bz neat\u0161\u0137iras no standarta velosip\u0113da.<\/p>\n<h3 style=\"font-family:&quot;Microsoft YaHei&quot;;letter-spacing:normal;text-align:start;white-space:normal;color:rgb(0, 0, 0)\" align=\"start\">36 V 10 Ah no\u0146emams akumulators<\/h3>\n<p style=\"font-family:&quot;Microsoft YaHei&quot;;font-size:medium;font-weight:400;letter-spacing:normal;text-align:start;white-space:normal;color:rgb(0, 0, 0)\" align=\"start\">36 V 10 Ah akumulators nodro\u0161ina 100 km lielu nobraukumu. ENGWE MapFour N1 Air pils\u0113tas elektriskais velosip\u0113ds ir paredz\u0113ts dz\u012bvei pils\u0113t\u0101. Ar ilgsto\u0161u jaudu izlaidiet ikdienas uzl\u0101di un koncentr\u0113jieties uz savu ce\u013cojumu.<\/p>\n<h3 style=\"font-family:&quot;Microsoft YaHei&quot;;letter-spacing:normal;text-align:start;white-space:normal;color:rgb(0, 0, 0)\" align=\"start\">\u0112rta un dro\u0161a brauk\u0161ana<\/h3>\n<p style=\"font-family:&quot;Microsoft YaHei&quot;;font-size:medium;font-weight:400;letter-spacing:normal;text-align:start;white-space:normal;color:rgb(0, 0, 0)\" align=\"start\">700*38C spie\u0137u riepas ir paredz\u0113tas \u0101trumam un stabilit\u0101tei, nodro\u0161inot vienm\u0113r\u012bgu braucienu pa da\u017e\u0101d\u0101m pils\u0113tas virsm\u0101m. Apr\u012bkotas ar meh\u0101nisk\u0101m disku bremz\u0113m uzticamai un prec\u012bzai bremz\u0113\u0161anas jaudai.\u00a0<\/p>\n<h3 style=\"font-family:&quot;Microsoft YaHei&quot;;letter-spacing:normal;text-align:start;white-space:normal;color:rgb(0, 0, 0)\" align=\"start\">Vienm\u0113r\u012bga brauk\u0161anas pieredze<\/h3>\n<p style=\"font-family:&quot;Microsoft YaHei&quot;;font-size:medium;font-weight:400;letter-spacing:normal;text-align:start;white-space:normal;color:rgb(0, 0, 0)\" align=\"start\">ENGWE MapFour N1 Air viegl\u0101 elektrisk\u0101 velosip\u0113da griezes momenta sensors nodro\u0161ina vienm\u0113r\u012bgu un atsauc\u012bgu ped\u0101\u013cu pal\u012bdz\u012bbu, prec\u012bzi izm\u0113rot ped\u0101\u013cu sp\u0113ku dabiskam braucienam.<\/p>\n<p><\/p>\n<h2 style=\"font-family:&quot;Microsoft YaHei&quot;;font-size:14px;letter-spacing:normal;text-align:start;white-space:normal;color:rgb(0, 0, 0);margin:10px 0px;margin-bottom:10px;margin-top:10px;margin-left:0px;margin-right:0px;padding:0px;padding-bottom:0px;padding-top:0px;padding-left:0px;padding-right:0px\" align=\"start\">Specifik\u0101cija<\/h2>\n<p><\/p>\n<table style=\"border-collapse:collapse;font-family:&quot;Microsoft YaHei&quot;;width:1000px\" class=\"jbEidtTable\" border=\"1\" cellpadding=\"5\" cellspacing=\"0\">\n<tbody>\n<tr>\n<td style=\"text-align:left\" align=\"left\">\n<p><strong>Visp\u0101r\u012bgi<\/strong><\/p>\n<\/td>\n<td style=\"text-align:left\" align=\"left\">\n<p>Z\u012bmols: ENGWE<br \/>Tips: elektriskais velosip\u0113ds<br \/>Modelis: MapFour N1 Air<br \/>Kr\u0101sa: za\u013ca<\/p>\n<\/td>\n<\/tr>\n<tr>\n<td style=\"text-align:left\" align=\"left\">\n<p><strong>Specifik\u0101cija<\/strong><\/p>\n<\/td>\n<td style=\"text-align:left\" align=\"left\">\n<p>Materi\u0101ls: Oglek\u013ca \u0161\u0137iedras r\u0101mis<br \/>Motors: MIVICE M070 aizmugur\u0113j\u0101 rumbas motors<br \/>Sensors: Griezes momenta sensors<br \/>Maksim\u0101lais griezes moments: 40 Nm<br \/>Riepas: 700 * 38C spie\u0137u riepas<br \/>Gaismas: Priek\u0161\u0113jais lukturis un saules ener\u0123ijas aizmugur\u0113jais lukturis<br \/>Transmisijas sist\u0113ma: SHIMANO 7 \u0101trumu p\u0101rnesumk\u0101rba<br \/>Bremzes: 160 mm priek\u0161\u0113j\u0101 un aizmugur\u0113j\u0101 meh\u0101nisk\u0101 disku bremze<br \/>Akumulators: 36 V 10 Ah SAMSUNG no\u0146emams litija jonu akumulators<br \/>\u0100trums: 25 km\/h<br \/>Diapazons: 100 km (PAS 1 l\u012bmenis)<br \/>Uzl\u0101des laiks: apm\u0113ram 5\u20138 stundas (akumulatora uzl\u0101des laiks ir atkar\u012bgs no akumulatora lieto\u0161anas bie\u017euma).<br \/>Maksim\u0101lais k\u0101p\u0161anas gr\u0101ds: 10\u00b0<br \/>Displejs: LCD kr\u0101su displejs<br \/>Maksim\u0101l\u0101 slodze: 120 kg<\/p>\n<\/td>\n<\/tr>\n<tr>\n<td style=\"text-align:left\" align=\"left\">\n<p><strong>Svars un izm\u0113rs<\/strong><\/p>\n<\/td>\n<td style=\"text-align:left\" align=\"left\">\n<p>Produkta svars: 15,6 kg<br \/>Iepakojuma svars: 25,4 kg<br \/>Iepakojuma izm\u0113rs (G x P x A): 148,4 x 22,5 x 73 cm<\/p>\n<\/td>\n<\/tr>\n<tr>\n<td style=\"text-align:left\" align=\"left\">\n<p><strong>Iepakojuma saturs<\/strong><\/p>\n<\/td>\n<td style=\"text-align:left\" align=\"left\">\n<p>1 x elektriskais velosip\u0113ds<br \/>1 x l\u0101d\u0113t\u0101js<br \/>1 x instrumentu komplekts<br \/>1 lietot\u0101ja rokasgr\u0101mata<\/p>\n<\/td>\n<\/tr>\n<\/tbody>\n<\/table>\n<p><img decoding=\"async\" src=\"https:\/\/ae01.alicdn.com\/kf\/S3c2dc56355bb462d9fbbf2448ff58181y.jpeg\" slate-data-type=\"image\"\/><img decoding=\"async\" src=\"https:\/\/ae01.alicdn.com\/kf\/S84720af833be4a47a5563cfc03dd43d9d.jpeg\" slate-data-type=\"image\"\/><img decoding=\"async\" src=\"https:\/\/ae01.alicdn.com\/kf\/S6564cc26b1964a9d88a64fca455ba60fy.jpeg\" slate-data-type=\"image\"\/><img decoding=\"async\" src=\"https:\/\/ae01.alicdn.com\/kf\/S8525aa63d4bf467db491cb065789dc24W.jpeg\" slate-data-type=\"image\"\/><img decoding=\"async\" src=\"https:\/\/ae01.alicdn.com\/kf\/S8f6440aa6a3041fd9ea40d9fe4c81075b.jpeg\" slate-data-type=\"image\"\/><img decoding=\"async\" src=\"https:\/\/ae01.alicdn.com\/kf\/S62106a83da2f4a92ba6dc24e127e3f9bQ.jpeg\" slate-data-type=\"image\"\/><img decoding=\"async\" src=\"https:\/\/ae01.alicdn.com\/kf\/See105fe7292240df953a27f56ef6d42eA.jpeg\" slate-data-type=\"image\"\/><img decoding=\"async\" src=\"https:\/\/ae01.alicdn.com\/kf\/Sa980e31d7bf94628a1acf52254cc3f06b.jpeg\" slate-data-type=\"image\"\/><img decoding=\"async\" src=\"https:\/\/ae01.alicdn.com\/kf\/S909b25941f5e4d3c977fcd3c9b787cc1K.jpeg\" slate-data-type=\"image\"\/><img decoding=\"async\" src=\"https:\/\/ae01.alicdn.com\/kf\/S52430b5af63f48e7a3abac665730ba43G.jpeg\" slate-data-type=\"image\"\/><img decoding=\"async\" src=\"https:\/\/ae01.alicdn.com\/kf\/S2937387f9b244ce4915e7987b15b75b7L.jpeg\" slate-data-type=\"image\"\/><img decoding=\"async\" src=\"https:\/\/ae01.alicdn.com\/kf\/Sc7f4393018224cd4a2e8aa6bd73523d3v.jpeg\" slate-data-type=\"image\"\/><img decoding=\"async\" src=\"https:\/\/ae01.alicdn.com\/kf\/S9da94f6ae9684e32a1debdacf9ee89f2q.jpeg\" slate-data-type=\"image\"\/><\/p>","protected":false},"excerpt":{"rendered":"<p>Brand:&nbsp;ENGWE Type:&nbsp;Front &amp; Rear Mechanical Disc Brake Model:&nbsp;MapFour N1 Air Material:&nbsp;Carbon Fiber Frame Motor:&nbsp;MIVICE M070 Rear Hub Motor Sensor:&nbsp;Torque Sensor Max Torque:&nbsp;40 Nm Tires:&nbsp;700*38C Spoke Tires Features 01:&nbsp;Electric Bicycle Features<\/p>","protected":false},"featured_media":21571,"comment_status":"open","ping_status":"closed","template":"","meta":{"_acf_changed":false},"product_brand":[],"product_cat":[230],"product_tag":[],"class_list":{"0":"post-21569","1":"product","2":"type-product","3":"status-publish","4":"has-post-thumbnail","6":"product_cat-bikes","8":"first","9":"instock","10":"shipping-taxable","11":"purchasable","12":"product-type-variable"},"acf":[],"_links":{"self":[{"href":"https:\/\/www.electricstore.eu\/lv\/wp-json\/wp\/v2\/product\/21569","targetHints":{"allow":["GET"]}}],"collection":[{"href":"https:\/\/www.electricstore.eu\/lv\/wp-json\/wp\/v2\/product"}],"about":[{"href":"https:\/\/www.electricstore.eu\/lv\/wp-json\/wp\/v2\/types\/product"}],"replies":[{"embeddable":true,"href":"https:\/\/www.electricstore.eu\/lv\/wp-json\/wp\/v2\/comments?post=21569"}],"wp:featuredmedia":[{"embeddable":true,"href":"https:\/\/www.electricstore.eu\/lv\/wp-json\/wp\/v2\/media\/21571"}],"wp:attachment":[{"href":"https:\/\/www.electricstore.eu\/lv\/wp-json\/wp\/v2\/media?parent=21569"}],"wp:term":[{"taxonomy":"product_brand","embeddable":true,"href":"https:\/\/www.electricstore.eu\/lv\/wp-json\/wp\/v2\/product_brand?post=21569"},{"taxonomy":"product_cat","embeddable":true,"href":"https:\/\/www.electricstore.eu\/lv\/wp-json\/wp\/v2\/product_cat?post=21569"},{"taxonomy":"product_tag","embeddable":true,"href":"https:\/\/www.electricstore.eu\/lv\/wp-json\/wp\/v2\/product_tag?post=21569"}],"curies":[{"name":"wp","href":"https:\/\/api.w.org\/{rel}","templated":true}]}}