{"id":21552,"date":"2025-05-20T18:19:51","date_gmt":"2025-05-20T18:19:51","guid":{"rendered":"https:\/\/electricstore.eu\/p\/uncategorized\/duotts-c29-adult-electric-bike-50km-h-750w-mountain-bikes-with-rear-rack-48v-15ah-battery-electric-road-bikes-electric-bicycle\/"},"modified":"2025-05-20T18:20:08","modified_gmt":"2025-05-20T18:20:08","slug":"duotts-c29-adult-electric-bike-50km-h-750w-mountain-bikes-with-rear-rack-48v-15ah-battery-electric-road-bikes-electric-bicycle","status":"publish","type":"product","link":"https:\/\/electricstore.eu\/lv\/p\/bikes\/duotts-c29-adult-electric-bike-50km-h-750w-mountain-bikes-with-rear-rack-48v-15ah-battery-electric-road-bikes-electric-bicycle\/","title":{"rendered":"DUOTTS C29 pieaugu\u0161o elektriskais velosip\u0113ds 50 km\/h 750 W kalnu velosip\u0113di ar aizmugur\u0113jo bag\u0101\u017enieku 48 V 15 Ah akumulators elektriskie \u0161osejas velosip\u0113di elektriskais velosip\u0113ds"},"content":{"rendered":"<div class=\"product-specs-list-container\">\n<ul class=\"product-specs-list util-clearfix\">\n<li class=\"product-prop line-limit-length\"><span\n                                        class=\"property-title\">Z\u012bmola nosaukums:&nbsp;<\/span><span\n                                        class=\"property-desc line-limit-length\">DUOTTI<\/span>\n                            <\/li>\n<li class=\"product-prop line-limit-length\"><span\n                                        class=\"property-title\">Baro\u0161anas avots:&nbsp;<\/span><span\n                                        class=\"property-desc line-limit-length\">Akumulators<\/span>\n                            <\/li>\n<li class=\"product-prop line-limit-length\"><span\n                                        class=\"property-title\">Z\u012bmols:&nbsp;<\/span><span\n                                        class=\"property-desc line-limit-length\">DUOTTI<\/span>\n                            <\/li>\n<li class=\"product-prop line-limit-length\"><span\n                                        class=\"property-title\">Modelis:&nbsp;<\/span><span\n                                        class=\"property-desc line-limit-length\">C29<\/span>\n                            <\/li>\n<li class=\"product-prop line-limit-length\"><span\n                                        class=\"property-title\">Brem\u017eu tips:&nbsp;<\/span><span\n                                        class=\"property-desc line-limit-length\">Hidraulisk\u0101 brem\u017eu sist\u0113ma<\/span>\n                            <\/li>\n<li class=\"product-prop line-limit-length\"><span\n                                        class=\"property-title\">Ritenis:&nbsp;<\/span><span\n                                        class=\"property-desc line-limit-length\">29 * 2,1 collu ritenis<\/span>\n                            <\/li>\n<li class=\"product-prop line-limit-length\"><span\n                                        class=\"property-title\">Maksim\u0101l\u0101 pak\u0101pe:&nbsp;<\/span><span\n                                        class=\"property-desc line-limit-length\">45 gr\u0101di<\/span>\n                            <\/li>\n<li class=\"product-prop line-limit-length\"><span\n                                        class=\"property-title\">Maksim\u0101lais \u0101trums:&nbsp;<\/span><span\n                                        class=\"property-desc line-limit-length\">50 km\/h<\/span>\n                            <\/li>\n<li class=\"product-prop line-limit-length\"><span\n                                        class=\"property-title\">\u016adensiztur\u012bgs:&nbsp;<\/span><span\n                                        class=\"property-desc line-limit-length\">IP54<\/span>\n                            <\/li>\n<li class=\"product-prop line-limit-length\"><span\n                                        class=\"property-title\">Akumulatora ietilp\u012bba:&nbsp;<\/span><span\n                                        class=\"property-desc line-limit-length\">48 V 15 Ah<\/span>\n                            <\/li>\n<li class=\"product-prop line-limit-length\"><span\n                                        class=\"property-title\">Uzl\u0101des laiks:&nbsp;<\/span><span\n                                        class=\"property-desc line-limit-length\">4\u20135 stundas<\/span>\n                            <\/li>\n<li class=\"product-prop line-limit-length\"><span\n                                        class=\"property-title\">Motors:&nbsp;<\/span><span\n                                        class=\"property-desc line-limit-length\">48 V 750 W<\/span>\n                            <\/li>\n<li class=\"product-prop line-limit-length\"><span\n                                        class=\"property-title\">1.\u00a0funkcijas:&nbsp;<\/span><span\n                                        class=\"property-desc line-limit-length\">elektriskie velosip\u0113di<\/span>\n                            <\/li>\n<li class=\"product-prop line-limit-length\"><span\n                                        class=\"property-title\">02.\u00a0funkcijas:&nbsp;<\/span><span\n                                        class=\"property-desc line-limit-length\">velosip\u0113ds<\/span>\n                            <\/li>\n<li class=\"product-prop line-limit-length\"><span\n                                        class=\"property-title\">Funkcijas 03:&nbsp;<\/span><span\n                                        class=\"property-desc line-limit-length\">elektriskais velosip\u0113ds<\/span>\n                            <\/li>\n<li class=\"product-prop line-limit-length\"><span\n                                        class=\"property-title\">04.\u00a0funkcijas:&nbsp;<\/span><span\n                                        class=\"property-desc line-limit-length\">elektriskie velosip\u0113di pieaugu\u0161ajiem<\/span>\n                            <\/li>\n<li class=\"product-prop line-limit-length\"><span\n                                        class=\"property-title\">05.\u00a0funkcijas:&nbsp;<\/span><span\n                                        class=\"property-desc line-limit-length\">pieaugu\u0161o elektriskais velosip\u0113ds<\/span>\n                            <\/li>\n<li class=\"product-prop line-limit-length\"><span\n                                        class=\"property-title\">Funkcijas 06:&nbsp;<\/span><span\n                                        class=\"property-desc line-limit-length\">Kalnu velosip\u0113ds<\/span>\n                            <\/li>\n<li class=\"product-prop line-limit-length\"><span\n                                        class=\"property-title\">7.\u00a0funkcijas:&nbsp;<\/span><span\n                                        class=\"property-desc line-limit-length\">pieaugu\u0161o elektriskie velosip\u0113di<\/span>\n                            <\/li>\n<li class=\"product-prop line-limit-length\"><span\n                                        class=\"property-title\">Funkcijas 08:&nbsp;<\/span><span\n                                        class=\"property-desc line-limit-length\">elektrisko velosip\u0113du pied\u0101v\u0101jumi<\/span>\n                            <\/li>\n<li class=\"product-prop line-limit-length\"><span\n                                        class=\"property-title\">09.\u00a0funkcijas:&nbsp;<\/span><span\n                                        class=\"property-desc line-limit-length\">elektriskie pl\u012bvuri<\/span>\n                            <\/li>\n<\/ul><\/div>\n<p style=\"font-family:&quot;Open Sans&quot;, Roboto, Arial, Helvetica, sans-serif, SimSun;font-size:14px;font-weight:400;letter-spacing:normal;line-height:inherit;text-align:start;white-space:normal;color:rgb(34, 34, 34);margin:0px;margin-bottom:0px;margin-top:0px;margin-left:0px;margin-right:0px;padding:0px;padding-bottom:0px;padding-top:0px;padding-left:0px;padding-right:0px;box-sizing:border-box\" align=\"start\"><strong><span style=\"font-size:24px\">Svar\u012bg\u0101kie momenti:<\/span><\/strong><\/p>\n<ul style=\"font-family:&quot;Microsoft YaHei&quot;;font-size:medium;font-weight:400;letter-spacing:normal;text-align:start;white-space:normal;color:rgb(0, 0, 0);margin:0px 0px 10px;margin-bottom:10px;margin-top:0px;margin-left:0px;margin-right:0px;padding:0px;padding-bottom:0px;padding-top:0px;padding-left:0px;padding-right:0px;list-style:disc;box-sizing:border-box\" class=\"clearfix\" align=\"start\">\n<li style=\"font-size:14px;margin:0px 10px 0px 0px;margin-bottom:0px;margin-top:0px;margin-left:0px;margin-right:10px;padding:0px 0px 0px 18px;padding-bottom:0px;padding-top:0px;padding-left:18px;padding-right:0px;list-style:none;position:relative;float:left;box-sizing:border-box\">\n<p style=\"line-height:inherit;margin:0px;margin-bottom:0px;margin-top:0px;margin-left:0px;margin-right:0px;padding:0px;padding-bottom:0px;padding-top:0px;padding-left:0px;padding-right:0px;box-sizing:border-box\"><strong>Alum\u012bnija sakaus\u0113juma r\u0101mis<\/strong><br \/>Tam ir augst\u0101ka iztur\u012bba, iztur\u012bba pret koroziju un r\u016bs\u0113\u0161anu, un tas nodro\u0161ina katras da\u013cas atbalsta iztur\u012bbu.<\/p>\n<p><strong>Sp\u0113c\u012bga 750 W jauda<\/strong><br \/>48 V 750 W \u0101trgaitas bezsuku reduktora motors nodro\u0161ina pietiekamu jaudu, lai sasniegtu \u0101trumu l\u012bdz 50 km\/h.<\/p>\n<p><strong>Shimano 21 \u0101trumu p\u0101rnesumk\u0101rba<\/strong><br \/>Shimano 21 \u0101truma p\u0101rnesums palielina jaudu kaln\u0101 k\u0101p\u0161an\u0101, v\u0113l vair\u0101k mainot diapazonu un lab\u0101k piel\u0101gojoties reljefam.<\/p>\n<p><strong>18650 litija akumulators<\/strong><br \/>No\u0146emamo 15 Ah akumulatoru var uzl\u0101d\u0113t gan uz r\u0101mja, gan no t\u0101; BMS sist\u0113ma aizsarg\u0101 akumulatoru, palielinot t\u0101 kalpo\u0161anas laiku.<\/p>\n<p><strong>3 ce\u013co\u0161anas veidi<\/strong><br \/>Ieb\u016bv\u0113ti 3 brauk\u0161anas re\u017e\u012bmi: brauk\u0161anas re\u017e\u012bms, pal\u012bgre\u017e\u012bms un t\u012brs elektriskais re\u017e\u012bms; viegli p\u0101rsl\u0113dzams atbilsto\u0161i p\u0101rnesumam un re\u017e\u012bmam, un var mier\u012bgi piel\u0101goties da\u017e\u0101du ainu vajadz\u012bb\u0101m<\/p>\n<\/li>\n<\/ul>\n<p style=\"font-family:&quot;Open Sans&quot;, Roboto, Arial, Helvetica, sans-serif, SimSun;font-size:14px;font-weight:400;letter-spacing:normal;line-height:inherit;text-align:start;white-space:normal;color:rgb(34, 34, 34);margin:0px;margin-bottom:0px;margin-top:0px;margin-left:0px;margin-right:0px;padding:0px;padding-bottom:0px;padding-top:0px;padding-left:0px;padding-right:0px;box-sizing:border-box\" align=\"start\"><\/p>\n<ul style=\"font-family:&quot;Microsoft YaHei&quot;;font-size:medium;font-weight:400;letter-spacing:normal;text-align:start;white-space:normal;color:rgb(0, 0, 0);margin:0px 0px 10px;margin-bottom:10px;margin-top:0px;margin-left:0px;margin-right:0px;padding:0px;padding-bottom:0px;padding-top:0px;padding-left:0px;padding-right:0px;list-style:disc;box-sizing:border-box\" class=\"clearfix\" align=\"start\">\n<li style=\"font-size:14px;margin:0px 10px 0px 0px;margin-bottom:0px;margin-top:0px;margin-left:0px;margin-right:10px;padding:0px 0px 0px 18px;padding-bottom:0px;padding-top:0px;padding-left:18px;padding-right:0px;list-style:none;position:relative;float:left;box-sizing:border-box\">\n<p style=\"line-height:inherit;margin:0px;margin-bottom:0px;margin-top:0px;margin-left:0px;margin-right:0px;padding:0px;padding-bottom:0px;padding-top:0px;padding-left:0px;padding-right:0px;box-sizing:border-box\">.<span style=\"font-size:24px\"><strong>Specifik\u0101cija:<\/strong><\/span><\/p>\n<\/li>\n<li style=\"font-size:14px;margin:0px 10px 0px 0px;margin-bottom:0px;margin-top:0px;margin-left:0px;margin-right:10px;padding:0px 0px 0px 18px;padding-bottom:0px;padding-top:0px;padding-left:18px;padding-right:0px;list-style:none;position:relative;float:left;box-sizing:border-box\">\n<table style=\"border-collapse:collapse;width:1000px\" class=\"jbEidtTable\" border=\"1\" cellpadding=\"5\" cellspacing=\"0\">\n<tbody>\n<tr>\n<td style=\"font-size:14px;text-align:left;height:121px\" align=\"left\">\n<p style=\"line-height:inherit;margin:0px;margin-bottom:0px;margin-top:0px;margin-left:0px;margin-right:0px;padding:0px;padding-bottom:0px;padding-top:0px;padding-left:0px;padding-right:0px;box-sizing:border-box\"><strong>Visp\u0101r\u012bgi<\/strong><\/p>\n<\/td>\n<td style=\"font-size:14px;text-align:left;height:121px\" align=\"left\">\n<p style=\"line-height:inherit;margin:0px;margin-bottom:0px;margin-top:0px;margin-left:0px;margin-right:0px;padding:0px;padding-bottom:0px;padding-top:0px;padding-left:0px;padding-right:0px;box-sizing:border-box\">Z\u012bmols: DUOTTS<br \/>Tips: elektriskais velosip\u0113ds<br \/>Modelis: C29<br \/>Kr\u0101sa: melna<\/p>\n<\/td>\n<\/tr>\n<tr>\n<td style=\"font-size:14px;text-align:left;height:22px\" align=\"left\">\n<p style=\"line-height:inherit;margin:0px;margin-bottom:0px;margin-top:0px;margin-left:0px;margin-right:0px;padding:0px;padding-bottom:0px;padding-top:0px;padding-left:0px;padding-right:0px;box-sizing:border-box\"><strong>Specifik\u0101cija<\/strong><\/p>\n<\/td>\n<td style=\"font-size:14px;text-align:left;height:22px\" align=\"left\">\n<p style=\"line-height:inherit;margin:0px;margin-bottom:0px;margin-top:0px;margin-left:0px;margin-right:0px;padding:0px;padding-bottom:0px;padding-top:0px;padding-left:0px;padding-right:0px;box-sizing:border-box\">Materi\u0101ls: alum\u012bnija sakaus\u0113jums<br \/>Ritenis: 29 * 2,1 collu ritenis<br \/>Slodze: Shimano 21 \u0101trumu p\u0101rnesums<br \/>Maksim\u0101lais \u0101trums: 50 km\/h<br \/>Maksim\u0101lais sl\u012bpums: 45 gr\u0101di<\/p>\n<p style=\"line-height:inherit;margin:0px;margin-bottom:0px;margin-top:0px;margin-left:0px;margin-right:0px;padding:0px;padding-bottom:0px;padding-top:0px;padding-left:0px;padding-right:0px;box-sizing:border-box\">Brem\u017eu tips: Hidraulisk\u0101 brem\u017eu sist\u0113ma<br \/>\u016adensiztur\u012bgs: IP54<br \/>Amortizators: Priek\u0161\u0113j\u0101 amortiz\u0101cija<br \/>Akumulatora ietilp\u012bba: 48 V 15 Ah<br \/>Uzl\u0101des laiks: 4\u20135 stundas<br \/>Vad\u012bbas sist\u0113ma: 48 V 9 lampas<br \/>Iztur\u012bba: 50 km<br \/>Motors: 48 V 750 W<br \/>Bremze: Disku bremze<br \/>Aizmugur\u0113j\u0101 bag\u0101\u017enieka slodze: 60 kg<\/p>\n<\/td>\n<\/tr>\n<tr>\n<td style=\"font-size:14px;text-align:left;height:89px\" align=\"left\">\n<p style=\"line-height:inherit;margin:0px;margin-bottom:0px;margin-top:0px;margin-left:0px;margin-right:0px;padding:0px;padding-bottom:0px;padding-top:0px;padding-left:0px;padding-right:0px;box-sizing:border-box\"><strong>Svars un izm\u0113rs<\/strong><\/p>\n<\/td>\n<td style=\"font-size:14px;text-align:left;height:89px\" align=\"left\">\n<p style=\"line-height:inherit;margin:0px;margin-bottom:0px;margin-top:0px;margin-left:0px;margin-right:0px;padding:0px;padding-bottom:0px;padding-top:0px;padding-left:0px;padding-right:0px;box-sizing:border-box\">Produkta svars: 26 kg<br \/>Iepakojuma svars: 28 kg<br \/>Produkta izm\u0113rs: 184 x 113 x 70 cm<br \/>Iepakojuma izm\u0113rs: 142 x 23 x 77 cm<\/p>\n<\/td>\n<\/tr>\n<tr>\n<td style=\"font-size:14px;text-align:left;height:99px\" align=\"left\">\n<p style=\"line-height:inherit;margin:0px;margin-bottom:0px;margin-top:0px;margin-left:0px;margin-right:0px;padding:0px;padding-bottom:0px;padding-top:0px;padding-left:0px;padding-right:0px;box-sizing:border-box\"><strong>Iepakojuma saturs<\/strong><\/p>\n<\/td>\n<td style=\"font-size:14px;text-align:left;height:99px\" align=\"left\">\n<p style=\"line-height:inherit;margin:0px;margin-bottom:0px;margin-top:0px;margin-left:0px;margin-right:0px;padding:0px;padding-bottom:0px;padding-top:0px;padding-left:0px;padding-right:0px;box-sizing:border-box\">1 x C29 elektriskais mop\u0113da velosip\u0113ds<br \/>1 x l\u0101d\u0113t\u0101js<br \/>1 x r\u012bks<br \/>1 x S\u016bknis<br \/>1 x aizmugur\u0113jais bag\u0101\u017enieks<\/p>\n<p style=\"line-height:inherit;margin:0px;margin-bottom:0px;margin-top:0px;margin-left:0px;margin-right:0px;padding:0px;padding-bottom:0px;padding-top:0px;padding-left:0px;padding-right:0px;box-sizing:border-box\"><span style=\"color:rgb(0, 0, 0);font-size:14px;font-family:&quot;Microsoft YaHei&quot;\">1x baterijas vai 2 x baterijas<\/span><\/p>\n<\/td>\n<\/tr>\n<\/tbody>\n<\/table>\n<\/li>\n<\/ul>\n<p style=\"font-family:&quot;Open Sans&quot;, Roboto, Arial, Helvetica, sans-serif, SimSun;font-size:14px;font-weight:400;letter-spacing:normal;line-height:inherit;text-align:start;white-space:normal;color:rgb(34, 34, 34);margin:0px;margin-bottom:0px;margin-top:0px;margin-left:0px;margin-right:0px;padding:0px;padding-bottom:0px;padding-top:0px;padding-left:0px;padding-right:0px;box-sizing:border-box\" align=\"start\"><img decoding=\"async\" style=\"font-family:&quot;Open Sans&quot;, Roboto, Arial, Helvetica, sans-serif, SimSun;font-size:14px;font-weight:400;letter-spacing:normal;text-align:start;white-space:normal;color:rgb(34, 34, 34);border:0px;margin:0px;margin-bottom:0px;margin-top:0px;margin-left:0px;margin-right:0px;padding:0px;padding-bottom:0px;padding-top:0px;padding-left:0px;padding-right:0px;max-width:100%;box-sizing:border-box\" src=\"https:\/\/ae01.alicdn.com\/kf\/Sb2fc787795fc4ba18d079b2daabfd0fak.jpg\" slate-data-type=\"image\"\/><img decoding=\"async\" style=\"font-family:&quot;Open Sans&quot;, Roboto, Arial, Helvetica, sans-serif, SimSun;font-size:14px;font-weight:400;letter-spacing:normal;text-align:start;white-space:normal;color:rgb(34, 34, 34);border:0px;margin:0px;margin-bottom:0px;margin-top:0px;margin-left:0px;margin-right:0px;padding:0px;padding-bottom:0px;padding-top:0px;padding-left:0px;padding-right:0px;max-width:100%;box-sizing:border-box\" src=\"https:\/\/ae01.alicdn.com\/kf\/S6fa0b3ba1a93407b880baa352a829432j.jpg\" slate-data-type=\"image\"\/><img decoding=\"async\" style=\"font-family:&quot;Open Sans&quot;, Roboto, Arial, Helvetica, sans-serif, SimSun;font-size:14px;font-weight:400;letter-spacing:normal;text-align:start;white-space:normal;color:rgb(34, 34, 34);border:0px;margin:0px;margin-bottom:0px;margin-top:0px;margin-left:0px;margin-right:0px;padding:0px;padding-bottom:0px;padding-top:0px;padding-left:0px;padding-right:0px;max-width:100%;box-sizing:border-box\" src=\"https:\/\/ae01.alicdn.com\/kf\/Sd0a7b3b9364c4cd3a325d2020b37fc77D.jpg\" slate-data-type=\"image\"\/><img decoding=\"async\" style=\"font-family:&quot;Open Sans&quot;, Roboto, Arial, Helvetica, sans-serif, SimSun;font-size:14px;font-weight:400;letter-spacing:normal;text-align:start;white-space:normal;color:rgb(34, 34, 34);border:0px;margin:0px;margin-bottom:0px;margin-top:0px;margin-left:0px;margin-right:0px;padding:0px;padding-bottom:0px;padding-top:0px;padding-left:0px;padding-right:0px;max-width:100%;box-sizing:border-box\" src=\"https:\/\/ae01.alicdn.com\/kf\/Sfa399c1412394e678d28e156f58940f6V.jpg\" slate-data-type=\"image\"\/><img decoding=\"async\" style=\"font-family:&quot;Open Sans&quot;, Roboto, Arial, Helvetica, sans-serif, SimSun;font-size:14px;font-weight:400;letter-spacing:normal;text-align:start;white-space:normal;color:rgb(34, 34, 34);border:0px;margin:0px;margin-bottom:0px;margin-top:0px;margin-left:0px;margin-right:0px;padding:0px;padding-bottom:0px;padding-top:0px;padding-left:0px;padding-right:0px;max-width:100%;box-sizing:border-box\" src=\"https:\/\/ae01.alicdn.com\/kf\/S3c64918db5ed4cef811d0f108d1647a3c.jpg\" slate-data-type=\"image\"\/><img decoding=\"async\" style=\"font-family:&quot;Open Sans&quot;, Roboto, Arial, Helvetica, sans-serif, SimSun;font-size:14px;font-weight:400;letter-spacing:normal;text-align:start;white-space:normal;color:rgb(34, 34, 34);border:0px;margin:0px;margin-bottom:0px;margin-top:0px;margin-left:0px;margin-right:0px;padding:0px;padding-bottom:0px;padding-top:0px;padding-left:0px;padding-right:0px;max-width:100%;box-sizing:border-box\" src=\"https:\/\/ae01.alicdn.com\/kf\/S677b9c7321e54d3e982e54455cf13dadN.jpg\" slate-data-type=\"image\"\/><img decoding=\"async\" style=\"font-family:&quot;Open Sans&quot;, Roboto, Arial, Helvetica, sans-serif, SimSun;font-size:14px;font-weight:400;letter-spacing:normal;text-align:start;white-space:normal;color:rgb(34, 34, 34);border:0px;margin:0px;margin-bottom:0px;margin-top:0px;margin-left:0px;margin-right:0px;padding:0px;padding-bottom:0px;padding-top:0px;padding-left:0px;padding-right:0px;max-width:100%;box-sizing:border-box\" src=\"https:\/\/ae01.alicdn.com\/kf\/S2d49ca1df41c491db738d223f3128a7eI.jpg\" slate-data-type=\"image\"\/><img decoding=\"async\" style=\"font-family:&quot;Open Sans&quot;, Roboto, Arial, Helvetica, sans-serif, SimSun;font-size:14px;font-weight:400;letter-spacing:normal;text-align:start;white-space:normal;color:rgb(34, 34, 34);border:0px;margin:0px;margin-bottom:0px;margin-top:0px;margin-left:0px;margin-right:0px;padding:0px;padding-bottom:0px;padding-top:0px;padding-left:0px;padding-right:0px;max-width:100%;box-sizing:border-box\" src=\"https:\/\/ae01.alicdn.com\/kf\/S45e46138e0154bd9be3a4bf005c4352f9.jpg\" slate-data-type=\"image\"\/><img decoding=\"async\" style=\"font-family:&quot;Open Sans&quot;, Roboto, Arial, Helvetica, sans-serif, SimSun;font-size:14px;font-weight:400;letter-spacing:normal;text-align:start;white-space:normal;color:rgb(34, 34, 34);border:0px;margin:0px;margin-bottom:0px;margin-top:0px;margin-left:0px;margin-right:0px;padding:0px;padding-bottom:0px;padding-top:0px;padding-left:0px;padding-right:0px;max-width:100%;box-sizing:border-box\" src=\"https:\/\/ae01.alicdn.com\/kf\/Se4ecb563ff3940bc9bcb867fb75d6698d.jpg\" slate-data-type=\"image\"\/><\/p>","protected":false},"excerpt":{"rendered":"<p>Brand Name:&nbsp;DUOTTS Power Source:&nbsp;Storage Battery Brand:&nbsp;DUOTTS Model:&nbsp;C29 Brake type:&nbsp;Hydraulic braking system Wheel:&nbsp;29*2.1 inch Wheel Max Grade:&nbsp;45 Degree Max Speed:&nbsp;50km\/h Waterproof:&nbsp;IP54 Battery Capacity:&nbsp;48V 15Ah Charging Time:&nbsp;4-5h Motor:&nbsp;48V 750W Features 01:&nbsp;electric bikes<\/p>","protected":false},"featured_media":21554,"comment_status":"open","ping_status":"closed","template":"","meta":{"_acf_changed":false},"product_brand":[],"product_cat":[230],"product_tag":[],"class_list":{"0":"post-21552","1":"product","2":"type-product","3":"status-publish","4":"has-post-thumbnail","6":"product_cat-bikes","8":"first","9":"instock","10":"shipping-taxable","11":"purchasable","12":"product-type-variable"},"acf":[],"_links":{"self":[{"href":"https:\/\/electricstore.eu\/lv\/wp-json\/wp\/v2\/product\/21552","targetHints":{"allow":["GET"]}}],"collection":[{"href":"https:\/\/electricstore.eu\/lv\/wp-json\/wp\/v2\/product"}],"about":[{"href":"https:\/\/electricstore.eu\/lv\/wp-json\/wp\/v2\/types\/product"}],"replies":[{"embeddable":true,"href":"https:\/\/electricstore.eu\/lv\/wp-json\/wp\/v2\/comments?post=21552"}],"wp:featuredmedia":[{"embeddable":true,"href":"https:\/\/electricstore.eu\/lv\/wp-json\/wp\/v2\/media\/21554"}],"wp:attachment":[{"href":"https:\/\/electricstore.eu\/lv\/wp-json\/wp\/v2\/media?parent=21552"}],"wp:term":[{"taxonomy":"product_brand","embeddable":true,"href":"https:\/\/electricstore.eu\/lv\/wp-json\/wp\/v2\/product_brand?post=21552"},{"taxonomy":"product_cat","embeddable":true,"href":"https:\/\/electricstore.eu\/lv\/wp-json\/wp\/v2\/product_cat?post=21552"},{"taxonomy":"product_tag","embeddable":true,"href":"https:\/\/electricstore.eu\/lv\/wp-json\/wp\/v2\/product_tag?post=21552"}],"curies":[{"name":"wp","href":"https:\/\/api.w.org\/{rel}","templated":true}]}}