{"id":19542,"date":"2025-05-20T18:10:30","date_gmt":"2025-05-20T18:10:30","guid":{"rendered":"https:\/\/electricstore.eu\/p\/uncategorized\/3-day-delivery-bafang-750w-48v-g0900-rear-hub-motor-kit-for-26-27-5-28-29-700c-brushless-rear-hub-motor-conversion-kits\/"},"modified":"2025-05-20T18:10:45","modified_gmt":"2025-05-20T18:10:45","slug":"3-day-delivery-bafang-750w-48v-g0900-rear-hub-motor-kit-for-26-27-5-28-29-700c-brushless-rear-hub-motor-conversion-kits","status":"publish","type":"product","link":"https:\/\/electricstore.eu\/lv\/p\/p\/kits\/electric-mid-drive-motor-kits\/3-day-delivery-bafang-750w-48v-g0900-rear-hub-motor-kit-for-26-27-5-28-29-700c-brushless-rear-hub-motor-conversion-kits\/","title":{"rendered":"[Pieg\u0101de 3 dienu laik\u0101] Bafang 750W 48V G0900 aizmugur\u0113j\u0101s rumbas motora komplekts 26\u2033 27,5\u2033 28\u2033\/29\u2033\/700C bezsuku aizmugur\u0113j\u0101s rumbas motora p\u0101rveido\u0161anas komplektiem"},"content":{"rendered":"<div class=\"product-specs-list-container\">\n<ul class=\"product-specs-list util-clearfix\">\n<li class=\"product-prop line-limit-length\"><span\n                                        class=\"property-title\">Bafang modelis:&nbsp;<\/span><span\n                                        class=\"property-desc line-limit-length\">G0900<\/span>\n                            <\/li>\n<li class=\"product-prop line-limit-length\"><span\n                                        class=\"property-title\">Jauda:&nbsp;<\/span><span\n                                        class=\"property-desc line-limit-length\">&gt; 400\u00a0W<\/span>\n                            <\/li>\n<li class=\"product-prop line-limit-length\"><span\n                                        class=\"property-title\">Dizains:&nbsp;<\/span><span\n                                        class=\"property-desc line-limit-length\">Bezsuku<\/span>\n                            <\/li>\n<li class=\"product-prop line-limit-length\"><span\n                                        class=\"property-title\">Spriegums:&nbsp;<\/span><span\n                                        class=\"property-desc line-limit-length\">48 V<\/span>\n                            <\/li>\n<li class=\"product-prop line-limit-length\"><span\n                                        class=\"property-title\">Z\u012bmola nosaukums:&nbsp;<\/span><span\n                                        class=\"property-desc line-limit-length\">BAFANG<\/span>\n                            <\/li>\n<li class=\"product-prop line-limit-length\"><span\n                                        class=\"property-title\">Motors:&nbsp;<\/span><span\n                                        class=\"property-desc line-limit-length\">Bezkontaktu p\u0101rnesumu rumbas motors<\/span>\n                            <\/li>\n<li class=\"product-prop line-limit-length\"><span\n                                        class=\"property-title\">Izcelsme:&nbsp;<\/span><span\n                                        class=\"property-desc line-limit-length\">Kontinent\u0101l\u0101 \u0136\u012bna<\/span>\n                            <\/li>\n<li class=\"product-prop line-limit-length\"><span\n                                        class=\"property-title\">Mode\u013ca Nr.:&nbsp;<\/span><span\n                                        class=\"property-desc line-limit-length\">G0900<\/span>\n                            <\/li>\n<li class=\"product-prop line-limit-length\"><span\n                                        class=\"property-title\">Jauda:&nbsp;<\/span><span\n                                        class=\"property-desc line-limit-length\">750 W<\/span>\n                            <\/li>\n<li class=\"product-prop line-limit-length\"><span\n                                        class=\"property-title\">Wheel Size Option:&nbsp;<\/span><span\n                                        class=\"property-desc line-limit-length\">26 \/ 27.5 \/ 700C (28\/29)<\/span>\n                            <\/li>\n<li class=\"product-prop line-limit-length\"><span\n                                        class=\"property-title\">Available Brake Type:&nbsp;<\/span><span\n                                        class=\"property-desc line-limit-length\">Disku bremze<\/span>\n                            <\/li>\n<li class=\"product-prop line-limit-length\"><span\n                                        class=\"property-title\">Efektivit\u0101te:&nbsp;<\/span><span\n                                        class=\"property-desc line-limit-length\">&gt; 80%<\/span>\n                            <\/li>\n<li class=\"product-prop line-limit-length\"><span\n                                        class=\"property-title\">Darba temperat\u016bra:&nbsp;<\/span><span\n                                        class=\"property-desc line-limit-length\">-20\u2103 ~ 45\u2103<\/span>\n                            <\/li>\n<li class=\"product-prop line-limit-length\"><span\n                                        class=\"property-title\">Suitable Size:&nbsp;<\/span><span\n                                        class=\"property-desc line-limit-length\">135-142mm<\/span>\n                            <\/li>\n<li class=\"product-prop line-limit-length\"><span\n                                        class=\"property-title\">Maksim\u0101lais \u0101trums:&nbsp;<\/span><span\n                                        class=\"property-desc line-limit-length\">40-45 KM\/h<\/span>\n                            <\/li>\n<li class=\"product-prop line-limit-length\"><span\n                                        class=\"property-title\">Maksim\u0101lais griezes moments:&nbsp;<\/span><span\n                                        class=\"property-desc line-limit-length\">80 Nm<\/span>\n                            <\/li>\n<li class=\"product-prop line-limit-length\"><span\n                                        class=\"property-title\">Low Noise:&nbsp;<\/span><span\n                                        class=\"property-desc line-limit-length\">Less than 55dB<\/span>\n                            <\/li>\n<li class=\"product-prop line-limit-length\"><span\n                                        class=\"property-title\">Climbing angle:&nbsp;<\/span><span\n                                        class=\"property-desc line-limit-length\">40\u00b0<\/span>\n                            <\/li>\n<li class=\"product-prop line-limit-length\"><span\n                                        class=\"property-title\">Battery Option:&nbsp;<\/span><span\n                                        class=\"property-desc line-limit-length\">13-20Ah<\/span>\n                            <\/li>\n<li class=\"product-prop line-limit-length\"><span\n                                        class=\"property-title\">Charged Include:&nbsp;<\/span><span\n                                        class=\"property-desc line-limit-length\">J\u0101<\/span>\n                            <\/li>\n<li class=\"product-prop line-limit-length\"><span\n                                        class=\"property-title\">Garantija:&nbsp;<\/span><span\n                                        class=\"property-desc line-limit-length\">2 gadi<\/span>\n                            <\/li>\n<li class=\"product-prop line-limit-length\"><span\n                                        class=\"property-title\">Pieg\u0101des laiks:&nbsp;<\/span><span\n                                        class=\"property-desc line-limit-length\">1-7  Day<\/span>\n                            <\/li>\n<li class=\"product-prop line-limit-length\"><span\n                                        class=\"property-title\">Saglab\u0101t punktu:&nbsp;<\/span><span\n                                        class=\"property-desc line-limit-length\">Polija<\/span>\n                            <\/li>\n<\/ul><\/div>\n<p><\/p>\n<div style=\"font-family:&quot;TT Norms Pro&quot;, &quot;Open Sans&quot;, Roboto, Arial, Helvetica, sans-serif, SimSun;font-size:14px;font-weight:400;letter-spacing:normal;text-align:start;white-space:normal;color:rgb(34, 34, 34);background-color:rgb(255, 255, 255);margin:0px;margin-bottom:0px;margin-top:0px;margin-left:0px;margin-right:0px;padding:0px;padding-bottom:0px;padding-top:0px;padding-left:0px;padding-right:0px;box-sizing:content-box\" align=\"start\">\n<div style=\"margin:0px;margin-bottom:0px;margin-top:0px;margin-left:0px;margin-right:0px;padding:0px;padding-bottom:0px;padding-top:0px;padding-left:0px;padding-right:0px;box-sizing:content-box\"><strong><span style=\"color:rgb(77, 77, 77);font-size:72px\">Par mums<\/span><\/strong><span style=\"font-size:72px\"><strong><span style=\"color:rgb(251, 158, 0);font-size:72px\"> \u0161is priek\u0161mets<\/span><\/strong><\/span><\/div>\n<\/div>\n<div style=\"font-family:&quot;TT Norms Pro&quot;, &quot;Open Sans&quot;, Roboto, Arial, Helvetica, sans-serif, SimSun;font-size:14px;font-weight:400;letter-spacing:normal;text-align:start;white-space:normal;color:rgb(34, 34, 34);background-color:rgb(255, 255, 255);margin:0px;margin-bottom:0px;margin-top:0px;margin-left:0px;margin-right:0px;padding:0px;padding-bottom:0px;padding-top:0px;padding-left:0px;padding-right:0px;box-sizing:content-box\" align=\"start\"><\/div>\n<p><\/p>\n<p><span style=\"font-size:20px\">Stable and powerful bail hub motor: With a robust maximum gate value of 80 N.m, this e-bike rear wheel set offers powerful and efficient drive power for improved cycling. This set is able to reach speeds of up to 45 km\/h and is a versatile addition to your commuter, mountain, city or road bike<\/span><\/p>\n<p><\/p>\n<p><span style=\"font-size:20px\">Compatibility: The Bafang 48 V 750 W rear cassette gear lifting motor is designed for bicycles with up to 10-speed systems. Make sure your bike has a rear handlebar outlet width of 135-142 mm to integrate this motor. This e-bike conversion kit is compatible with bicycles that have brake discs<\/span><\/p>\n<p><\/p>\n<p><span style=\"font-size:20px\">Easy installation: installation is made easy thanks to our clear instructions and all necessary mounting accessories. In case of difficulties, our support team is ready to provide detailed installation instructions and support, so you can enjoy your upgraded bike without delay<\/span><\/p>\n<p><\/p>\n<p><span style=\"font-size:20px\">Choose from a selection of premium displays to personalise your e-bike experience: the 500C display, the Bafang DPC18 display, the P860ML display, the DZ40 display and the EKD01 display. Each offers unique features and ensures that you will find the perfect addition to your ride<\/span><\/p>\n<p><\/p>\n<p><span style=\"font-size:20px\">Package contents: you will find a 750 W rear wheel cassette wheel lifting motor with rim and spokes, a regulator with its protective housing, an e-bike display, brake lever, 1T4 cable, thumb throttle, PAS sensor, headlights, stickers and a manual (English language not guaranteed). Everything is ready so you can start converting your e-bike set as soon as your package arrives<\/span><\/p>\n<p><\/p>\n<div style=\"font-family:&quot;TT Norms Pro&quot;, &quot;Open Sans&quot;, Roboto, Arial, Helvetica, sans-serif, SimSun;font-size:14px;font-weight:400;letter-spacing:normal;text-align:start;white-space:normal;color:rgb(34, 34, 34);background-color:rgb(255, 255, 255);margin:0px;margin-bottom:0px;margin-top:0px;margin-left:0px;margin-right:0px;padding:0px;padding-bottom:0px;padding-top:0px;padding-left:0px;padding-right:0px;box-sizing:content-box\" align=\"start\"><\/div>\n<p style=\"font-family:&quot;TT Norms Pro&quot;, &quot;Open Sans&quot;, Roboto, Arial, Helvetica, sans-serif, SimSun;font-size:14px;font-weight:400;letter-spacing:normal;line-height:inherit;text-align:start;white-space:normal;color:rgb(34, 34, 34);background-color:rgb(255, 255, 255);margin:0px;margin-bottom:0px;margin-top:0px;margin-left:0px;margin-right:0px;padding:0px;padding-bottom:0px;padding-top:0px;padding-left:0px;padding-right:0px;box-sizing:border-box\" align=\"start\"><img decoding=\"async\" src=\"https:\/\/ae01.alicdn.com\/kf\/S5631f512ef0a40afaa895280b2f235ceF.jpg\" slate-data-type=\"image\"\/><img decoding=\"async\" src=\"https:\/\/ae01.alicdn.com\/kf\/Sc1ffb896e2f242dea64748ad38e2ffdcC.jpg\" slate-data-type=\"image\"\/><img decoding=\"async\" src=\"https:\/\/ae01.alicdn.com\/kf\/Sc77a3ed279e9406cbba33e87f97669274.jpg\" slate-data-type=\"image\"\/><img decoding=\"async\" src=\"https:\/\/ae01.alicdn.com\/kf\/S2dfbcd5824f34d2a882cfb9f8a91bb4az.jpg\" slate-data-type=\"image\"\/><img decoding=\"async\" src=\"https:\/\/ae01.alicdn.com\/kf\/Sa2de466c87b041caacd0ff7d7da72f728.jpg\" slate-data-type=\"image\"\/><\/p>\n<p style=\"font-family:&quot;TT Norms Pro&quot;, &quot;Open Sans&quot;, Roboto, Arial, Helvetica, sans-serif, SimSun;font-size:14px;font-weight:400;letter-spacing:normal;line-height:inherit;text-align:start;white-space:normal;color:rgb(34, 34, 34);background-color:rgb(255, 255, 255);margin:0px;margin-bottom:0px;margin-top:0px;margin-left:0px;margin-right:0px;padding:0px;padding-bottom:0px;padding-top:0px;padding-left:0px;padding-right:0px;box-sizing:border-box\" align=\"start\"><img decoding=\"async\" style=\"border:0px;margin:0px;margin-bottom:0px;margin-top:0px;margin-left:0px;margin-right:0px;padding:0px;padding-bottom:0px;padding-top:0px;padding-left:0px;padding-right:0px;max-width:100%;box-sizing:border-box\" src=\"https:\/\/ae01.alicdn.com\/kf\/Sf6d99de2c4874efe9094eb04b56fd36f8.jpg\" slate-data-type=\"image\"\/><img decoding=\"async\" src=\"https:\/\/ae01.alicdn.com\/kf\/S81bcd216270c4f3d8ad1df1e1a6cc965L.jpg\" slate-data-type=\"image\"\/><img decoding=\"async\" src=\"https:\/\/ae01.alicdn.com\/kf\/S6fa17d5fe8ae40469f3e9120efd92316X.jpg\" slate-data-type=\"image\"\/><img decoding=\"async\" style=\"border:0px;margin:0px;margin-bottom:0px;margin-top:0px;margin-left:0px;margin-right:0px;padding:0px;padding-bottom:0px;padding-top:0px;padding-left:0px;padding-right:0px;max-width:100%;box-sizing:border-box\" src=\"https:\/\/ae01.alicdn.com\/kf\/S179177a608c045eb9e2ecb0d8c9a5c7dk.jpg\" slate-data-type=\"image\"\/><img decoding=\"async\" src=\"https:\/\/ae01.alicdn.com\/kf\/S7ae70e5684c5459f9c07a22325c85e799.jpg\" slate-data-type=\"image\"\/><\/p>\n<div style=\"font-family:&quot;TT Norms Pro&quot;, &quot;Open Sans&quot;, Roboto, Arial, Helvetica, sans-serif, SimSun;font-size:14px;font-weight:400;letter-spacing:normal;text-align:start;white-space:normal;color:rgb(34, 34, 34);background-color:rgb(255, 255, 255);margin:0px;margin-bottom:0px;margin-top:0px;margin-left:0px;margin-right:0px;padding:0px;padding-bottom:0px;padding-top:0px;padding-left:0px;padding-right:0px;box-sizing:content-box\" align=\"start\"><\/div>\n<div style=\"font-family:&quot;TT Norms Pro&quot;, &quot;Open Sans&quot;, Roboto, Arial, Helvetica, sans-serif, SimSun;font-size:14px;font-weight:400;letter-spacing:normal;text-align:start;white-space:normal;color:rgb(34, 34, 34);background-color:rgb(255, 255, 255);margin:0px;margin-bottom:0px;margin-top:0px;margin-left:0px;margin-right:0px;padding:0px;padding-bottom:0px;padding-top:0px;padding-left:0px;padding-right:0px;box-sizing:content-box\" align=\"start\"><\/div>\n<div style=\"font-family:&quot;TT Norms Pro&quot;, &quot;Open Sans&quot;, Roboto, Arial, Helvetica, sans-serif, SimSun;font-size:14px;font-weight:400;letter-spacing:normal;text-align:start;white-space:normal;color:rgb(34, 34, 34);background-color:rgb(255, 255, 255);margin:0px;margin-bottom:0px;margin-top:0px;margin-left:0px;margin-right:0px;padding:0px;padding-bottom:0px;padding-top:0px;padding-left:0px;padding-right:0px;box-sizing:content-box\" align=\"start\">\n<p style=\"line-height:inherit;margin:0px;margin-bottom:0px;margin-top:0px;margin-left:0px;margin-right:0px;padding:0px;padding-bottom:0px;padding-top:0px;padding-left:0px;padding-right:0px;box-sizing:border-box\"><img decoding=\"async\" style=\"border:0px;margin:0px;margin-bottom:0px;margin-top:0px;margin-left:0px;margin-right:0px;padding:0px;padding-bottom:0px;padding-top:0px;padding-left:0px;padding-right:0px;max-width:100%;box-sizing:border-box\" src=\"https:\/\/ae01.alicdn.com\/kf\/S7fbef954f932475887f040aa999ee5afO.jpg\" slate-data-type=\"image\"\/><\/p>\n<p style=\"line-height:inherit;margin:0px;margin-bottom:0px;margin-top:0px;margin-left:0px;margin-right:0px;padding:0px;padding-bottom:0px;padding-top:0px;padding-left:0px;padding-right:0px;box-sizing:border-box\"><\/p>\n<p style=\"line-height:inherit;margin:0px;margin-bottom:0px;margin-top:0px;margin-left:0px;margin-right:0px;padding:0px;padding-bottom:0px;padding-top:0px;padding-left:0px;padding-right:0px;box-sizing:border-box\"><strong><span style=\"font-size:48px\">PAR \u00a0<\/span><\/strong><span style=\"color:rgb(251, 158, 0);font-size:48px\"><strong>BAFANG<\/strong><\/span><\/p>\n<div style=\"margin:0px;margin-bottom:0px;margin-top:0px;margin-left:0px;margin-right:0px;padding:0px;padding-bottom:0px;padding-top:0px;padding-left:0px;padding-right:0px;box-sizing:content-box\">\n<\/div>\n<p style=\"line-height:inherit;margin:0px;margin-bottom:0px;margin-top:0px;margin-left:0px;margin-right:0px;padding:0px;padding-bottom:0px;padding-top:0px;padding-left:0px;padding-right:0px;box-sizing:border-box\"><span style=\"font-size:20px\">Bafang, viens no vado\u0161ajiem e-mobilit\u0101tes komponentu un piln\u012bgu e-piedzi\u0146as sist\u0113mu ra\u017eot\u0101jiem, kop\u0161 2003. gada izstr\u0101d\u0101 risin\u0101jumus elektriskajiem transportl\u012bdzek\u013ciem. Uz\u0146\u0113mums koncentr\u0113jas uz vis\u0101m glob\u0101laj\u0101m e-mobilit\u0101tes n\u0101kotnes tendenc\u0113m: gan individu\u0101liem e-velosip\u0113diem, gan e-sk\u016bteriem, gan publisk\u0101m velosip\u0113du koplieto\u0161anas sh\u0113m\u0101m. Galvenais birojs, izstr\u0101des un ra\u017eo\u0161anas centrs atrodas Sud\u017eou, net\u0101lu no \u0160anhajas. Bafang ir p\u0101rdo\u0161anas un servisa centri N\u012bderland\u0113, ASV, V\u0101cij\u0101, Francij\u0101, It\u0101lij\u0101, D\u0101nij\u0101 un Taiv\u0101n\u0101, \u0136\u012bn\u0101. Jaunatv\u0113rt\u0101 r\u016bpn\u012bca Polij\u0101 koncentr\u0113sies uz vid\u0113ja izm\u0113ra motoru sist\u0113mu ra\u017eo\u0161anu Eiropas tirgiem.<\/span><\/p>\n<div style=\"margin:0px;margin-bottom:0px;margin-top:0px;margin-left:0px;margin-right:0px;padding:0px;padding-bottom:0px;padding-top:0px;padding-left:0px;padding-right:0px;box-sizing:content-box\"><span style=\"font-size:20px\"><br \/><\/span><\/div>\n<p style=\"line-height:inherit;margin:0px;margin-bottom:0px;margin-top:0px;margin-left:0px;margin-right:0px;padding:0px;padding-bottom:0px;padding-top:0px;padding-left:0px;padding-right:0px;box-sizing:border-box\"><span style=\"font-size:20px\">Daudzus gadus sadarbojoties ar BAFANG, Greenergy, BAFANG ofici\u0101lais pilnvarotais p\u0101rdev\u0113js Aliexpress, ir profesion\u0101ls veikals, kas specializ\u0113jas BAFANG vid\u0113jas piedzi\u0146as komplektos un elektriskajos velosip\u0113dos. Greenergy ir ap\u0146\u0113mies nodro\u0161in\u0101t klientiem augstas kvalit\u0101tes produktus.<\/span><\/p>\n<div style=\"margin:0px;margin-bottom:0px;margin-top:0px;margin-left:0px;margin-right:0px;padding:0px;padding-bottom:0px;padding-top:0px;padding-left:0px;padding-right:0px;box-sizing:content-box\"><\/div>\n<p style=\"line-height:inherit;margin:0px;margin-bottom:0px;margin-top:0px;margin-left:0px;margin-right:0px;padding:0px;padding-bottom:0px;padding-top:0px;padding-left:0px;padding-right:0px;box-sizing:border-box\"><img decoding=\"async\" style=\"border:0px;margin:0px;margin-bottom:0px;margin-top:0px;margin-left:0px;margin-right:0px;padding:0px;padding-bottom:0px;padding-top:0px;padding-left:0px;padding-right:0px;max-width:100%;box-sizing:border-box\" src=\"https:\/\/ae01.alicdn.com\/kf\/Sfa9d585f695f475ba7d17a76979a19ddQ.jpg\" slate-data-type=\"image\"\/><\/p>\n<div style=\"margin:0px;margin-bottom:0px;margin-top:0px;margin-left:0px;margin-right:0px;padding:0px;padding-bottom:0px;padding-top:0px;padding-left:0px;padding-right:0px;box-sizing:content-box\"><\/div>\n<p style=\"line-height:inherit;margin:0px;margin-bottom:0px;margin-top:0px;margin-left:0px;margin-right:0px;padding:0px;padding-bottom:0px;padding-top:0px;padding-left:0px;padding-right:0px;box-sizing:border-box\"><img decoding=\"async\" style=\"border:0px;margin:0px;margin-bottom:0px;margin-top:0px;margin-left:0px;margin-right:0px;padding:0px;padding-bottom:0px;padding-top:0px;padding-left:0px;padding-right:0px;max-width:100%;box-sizing:border-box\" src=\"https:\/\/ae01.alicdn.com\/kf\/S9737d158e3194c9c9093cd1720bbdfc0V.jpg\" slate-data-type=\"image\"\/><\/p>\n<p style=\"line-height:inherit;margin:0px;margin-bottom:0px;margin-top:0px;margin-left:0px;margin-right:0px;padding:0px;padding-bottom:0px;padding-top:0px;padding-left:0px;padding-right:0px;box-sizing:border-box\"><\/p>\n<div style=\"margin:0px;margin-bottom:0px;margin-top:0px;margin-left:0px;margin-right:0px;padding:0px;padding-bottom:0px;padding-top:0px;padding-left:0px;padding-right:0px;box-sizing:content-box\">\n<div style=\"margin:0px;margin-bottom:0px;margin-top:0px;margin-left:0px;margin-right:0px;padding:0px;padding-bottom:0px;padding-top:0px;padding-left:0px;padding-right:0px;box-sizing:content-box\">\n<div style=\"margin:0px;margin-bottom:0px;margin-top:0px;margin-left:0px;margin-right:0px;padding:0px;padding-bottom:0px;padding-top:0px;padding-left:0px;padding-right:0px;box-sizing:content-box\">\n<div style=\"margin:0px;margin-bottom:0px;margin-top:0px;margin-left:0px;margin-right:0px;padding:0px;padding-bottom:0px;padding-top:0px;padding-left:0px;padding-right:0px;box-sizing:content-box\">\n<div style=\"margin:0px;margin-bottom:0px;margin-top:0px;margin-left:0px;margin-right:0px;padding:0px;padding-bottom:0px;padding-top:0px;padding-left:0px;padding-right:0px;box-sizing:content-box\">\n<div style=\"margin:0px;margin-bottom:0px;margin-top:0px;margin-left:0px;margin-right:0px;padding:0px;padding-bottom:0px;padding-top:0px;padding-left:0px;padding-right:0px;box-sizing:content-box\">\n<div style=\"margin:0px;margin-bottom:0px;margin-top:0px;margin-left:0px;margin-right:0px;padding:0px;padding-bottom:0px;padding-top:0px;padding-left:0px;padding-right:0px;box-sizing:content-box\">\n<div style=\"margin:0px;margin-bottom:0px;margin-top:0px;margin-left:0px;margin-right:0px;padding:0px;padding-bottom:0px;padding-top:0px;padding-left:0px;padding-right:0px;box-sizing:content-box\">\n<div style=\"margin:0px;margin-bottom:0px;margin-top:0px;margin-left:0px;margin-right:0px;padding:0px;padding-bottom:0px;padding-top:0px;padding-left:0px;padding-right:0px;box-sizing:content-box\">\n<div style=\"margin:0px;margin-bottom:0px;margin-top:0px;margin-left:0px;margin-right:0px;padding:0px;padding-bottom:0px;padding-top:0px;padding-left:0px;padding-right:0px;box-sizing:content-box\">\n<div style=\"margin:0px;margin-bottom:0px;margin-top:0px;margin-left:0px;margin-right:0px;padding:0px;padding-bottom:0px;padding-top:0px;padding-left:0px;padding-right:0px;box-sizing:content-box\"><\/div>\n<p style=\"line-height:inherit;margin:0px;margin-bottom:0px;margin-top:0px;margin-left:0px;margin-right:0px;padding:0px;padding-bottom:0px;padding-top:0px;padding-left:0px;padding-right:0px;box-sizing:border-box\"><span style=\"font-size:48px\"><strong>GLOBAL WAREHOUSE&amp; SERVICE<\/strong><\/span><\/p>\n<div style=\"margin:0px;margin-bottom:0px;margin-top:0px;margin-left:0px;margin-right:0px;padding:0px;padding-bottom:0px;padding-top:0px;padding-left:0px;padding-right:0px;box-sizing:content-box\"><\/div>\n<p style=\"line-height:inherit;margin:0px;margin-bottom:0px;margin-top:0px;margin-left:0px;margin-right:0px;padding:0px;padding-bottom:0px;padding-top:0px;padding-left:0px;padding-right:0px;box-sizing:border-box\"><span style=\"font-size:20px\">Mums ir noliktava Francij\u0101\/Polij\u0101\/V\u0101cij\u0101\/Sp\u0101nij\u0101\/It\u0101lij\u0101 vai remonta punkts, j\u016bs varat sagaid\u012bt savu paku sa\u0146em\u0161anu aptuveni 2\u20137 dienu laik\u0101. VISIEM produktiem ir viena gada garantija un diennakts klientu apkalpo\u0161ana. Mums ir profesion\u0101li tehni\u0137i ES, kas var sniegt jums tehnisko atbalstu un pal\u012bdz\u0113t nov\u0113rst probl\u0113mas.<\/span><\/p>\n<\/div>\n<\/div>\n<\/div>\n<\/div>\n<\/div>\n<\/div>\n<\/div>\n<\/div>\n<\/div>\n<\/div>\n<div style=\"margin:0px;margin-bottom:0px;margin-top:0px;margin-left:0px;margin-right:0px;padding:0px;padding-bottom:0px;padding-top:0px;padding-left:0px;padding-right:0px;box-sizing:content-box\"><\/div>\n<p style=\"line-height:inherit;margin:0px;margin-bottom:0px;margin-top:0px;margin-left:0px;margin-right:0px;padding:0px;padding-bottom:0px;padding-top:0px;padding-left:0px;padding-right:0px;box-sizing:border-box\"><img decoding=\"async\" style=\"border:0px;margin:0px;margin-bottom:0px;margin-top:0px;margin-left:0px;margin-right:0px;padding:0px;padding-bottom:0px;padding-top:0px;padding-left:0px;padding-right:0px;max-width:100%;box-sizing:border-box\" src=\"https:\/\/ae01.alicdn.com\/kf\/Sf1733e188e5c404f978d407a1a5241bbM.jpg\" slate-data-type=\"image\"\/><img decoding=\"async\" style=\"border:0px;margin:0px;margin-bottom:0px;margin-top:0px;margin-left:0px;margin-right:0px;padding:0px;padding-bottom:0px;padding-top:0px;padding-left:0px;padding-right:0px;max-width:100%;box-sizing:border-box\" src=\"https:\/\/ae01.alicdn.com\/kf\/S22820572228c4ca0b3209b857cb92ee9Q.jpg\" slate-data-type=\"image\"\/><\/p>\n<\/div>\n<p><\/p>","protected":false},"excerpt":{"rendered":"<p>Bafang Model:&nbsp;G0900 Wattage:&nbsp;&gt; 400w Design:&nbsp;Brushless Voltage:&nbsp;48V Brand Name:&nbsp;BAFANG Motor:&nbsp;Brushless Gear Hub Motor Origin:&nbsp;Mainland China Model No:&nbsp;G0900 Power:&nbsp;750W Wheel Size Option:&nbsp;26 \/ 27.5 \/ 700C (28\/29) Available Brake Type:&nbsp;Disc Brake Efficiency:&nbsp;&gt;<\/p>","protected":false},"featured_media":19543,"comment_status":"open","ping_status":"closed","template":"","meta":{"_acf_changed":false},"product_brand":[],"product_cat":[530],"product_tag":[],"class_list":{"0":"post-19542","1":"product","2":"type-product","3":"status-publish","4":"has-post-thumbnail","6":"product_cat-electric-mid-drive-motor-kits","8":"first","9":"instock","10":"shipping-taxable","11":"purchasable","12":"product-type-variable"},"acf":[],"_links":{"self":[{"href":"https:\/\/electricstore.eu\/lv\/wp-json\/wp\/v2\/product\/19542","targetHints":{"allow":["GET"]}}],"collection":[{"href":"https:\/\/electricstore.eu\/lv\/wp-json\/wp\/v2\/product"}],"about":[{"href":"https:\/\/electricstore.eu\/lv\/wp-json\/wp\/v2\/types\/product"}],"replies":[{"embeddable":true,"href":"https:\/\/electricstore.eu\/lv\/wp-json\/wp\/v2\/comments?post=19542"}],"wp:featuredmedia":[{"embeddable":true,"href":"https:\/\/electricstore.eu\/lv\/wp-json\/wp\/v2\/media\/19543"}],"wp:attachment":[{"href":"https:\/\/electricstore.eu\/lv\/wp-json\/wp\/v2\/media?parent=19542"}],"wp:term":[{"taxonomy":"product_brand","embeddable":true,"href":"https:\/\/electricstore.eu\/lv\/wp-json\/wp\/v2\/product_brand?post=19542"},{"taxonomy":"product_cat","embeddable":true,"href":"https:\/\/electricstore.eu\/lv\/wp-json\/wp\/v2\/product_cat?post=19542"},{"taxonomy":"product_tag","embeddable":true,"href":"https:\/\/electricstore.eu\/lv\/wp-json\/wp\/v2\/product_tag?post=19542"}],"curies":[{"name":"wp","href":"https:\/\/api.w.org\/{rel}","templated":true}]}}