{"id":2844,"date":"2016-03-24T12:57:35","date_gmt":"2016-03-24T12:57:35","guid":{"rendered":"https:\/\/electro.madrasthemes.com\/?page_id=2844"},"modified":"2016-03-24T12:57:35","modified_gmt":"2016-03-24T12:57:35","slug":"store-directory","status":"publish","type":"page","link":"https:\/\/www.electricstore.eu\/lv\/store-directory\/","title":{"rendered":"Store Directory"},"content":{"rendered":"<div class=\"electro-store-directory clearfix\">\n\t\t\t<hr class=\"no-margin\">\n\t\t\t<div class=\"widget woocommerce widget_product_categories\"><h2 class=\"widgettitle\">Produktu kategorijas<\/h2><ul class=\"product-categories\"><li class=\"cat-item cat-item-525 cat-parent\"><a href=\"https:\/\/www.electricstore.eu\/lv\/c\/a\/\">Piederumi<\/a><ul class='children'>\n<li class=\"cat-item cat-item-526\"><a href=\"https:\/\/www.electricstore.eu\/lv\/c\/a\/helmets\/\">\u0136iveres<\/a><\/li>\n<\/ul>\n<\/li>\n<li class=\"cat-item cat-item-233 cat-parent\"><a href=\"https:\/\/www.electricstore.eu\/lv\/c\/batteries\/\">Baterijas un uzl\u0101de<\/a><ul class='children'>\n<li class=\"cat-item cat-item-514\"><a href=\"https:\/\/www.electricstore.eu\/lv\/c\/batteries\/battery-cells\/\">Battery Cells<\/a><\/li>\n<li class=\"cat-item cat-item-516\"><a href=\"https:\/\/www.electricstore.eu\/lv\/c\/batteries\/battery-chargers\/\">Battery Chargers<\/a><\/li>\n<li class=\"cat-item cat-item-531\"><a href=\"https:\/\/www.electricstore.eu\/lv\/c\/batteries\/foldable-solar-panels\/\">Salok\u0101mi saules pane\u013ci<\/a><\/li>\n<li class=\"cat-item cat-item-527\"><a href=\"https:\/\/www.electricstore.eu\/lv\/c\/batteries\/jump-starter-compressor-power-banks\/\">Startera\/kompresora baro\u0161anas bloki<\/a><\/li>\n<li class=\"cat-item cat-item-234 cat-parent\"><a href=\"https:\/\/www.electricstore.eu\/lv\/c\/batteries\/lifepo4-batteries\/\">LiFePO4 akumulatori<\/a>\t<ul class='children'>\n<li class=\"cat-item cat-item-236\"><a href=\"https:\/\/www.electricstore.eu\/lv\/c\/batteries\/lifepo4-batteries\/100ah\/\">-100Ah LiFePO4 akumulatori<\/a><\/li>\n<li class=\"cat-item cat-item-237\"><a href=\"https:\/\/www.electricstore.eu\/lv\/c\/batteries\/lifepo4-batteries\/100-200ah-lifepo4-batteries\/\">100\u2013200 Ah LiFePO4 akumulatori<\/a><\/li>\n<li class=\"cat-item cat-item-238\"><a href=\"https:\/\/www.electricstore.eu\/lv\/c\/batteries\/lifepo4-batteries\/200ah-lifepo4-batteries\/\">200+Ah LiFePO4 akumulatori<\/a><\/li>\n<li class=\"cat-item cat-item-235\"><a href=\"https:\/\/www.electricstore.eu\/lv\/c\/batteries\/lifepo4-batteries\/lifepo4-battery-cells\/\">LiFePO4 akumulatora elementi<\/a><\/li>\n\t<\/ul>\n<\/li>\n<li class=\"cat-item cat-item-515\"><a href=\"https:\/\/www.electricstore.eu\/lv\/c\/batteries\/portable-power-stations\/\">P\u0101rn\u0113s\u0101jam\u0101s elektrostacijas<\/a><\/li>\n<\/ul>\n<\/li>\n<li class=\"cat-item cat-item-230 cat-parent\"><a href=\"https:\/\/www.electricstore.eu\/lv\/c\/bikes\/\">Elektriskie velosip\u0113di<\/a><ul class='children'>\n<li class=\"cat-item cat-item-312\"><a href=\"https:\/\/www.electricstore.eu\/lv\/c\/bikes\/electric-children-bikes\/\">Elektriskie b\u0113rnu velosip\u0113di<\/a><\/li>\n<li class=\"cat-item cat-item-298\"><a href=\"https:\/\/www.electricstore.eu\/lv\/c\/bikes\/electric-city-bikes\/\">Elektriskie pils\u0113tas velosip\u0113di<\/a><\/li>\n<li class=\"cat-item cat-item-300\"><a href=\"https:\/\/www.electricstore.eu\/lv\/c\/bikes\/electric-fat-bikes\/\">Elektriskie fat bike<\/a><\/li>\n<li class=\"cat-item cat-item-296\"><a href=\"https:\/\/www.electricstore.eu\/lv\/c\/bikes\/folding-bikes\/\">Elektriskie saliekamie velosip\u0113di<\/a><\/li>\n<li class=\"cat-item cat-item-299\"><a href=\"https:\/\/www.electricstore.eu\/lv\/c\/bikes\/electric-mountain-bikes\/\">Elektriskie kalnu velosip\u0113di<\/a><\/li>\n<li class=\"cat-item cat-item-470\"><a href=\"https:\/\/www.electricstore.eu\/lv\/c\/bikes\/electric-pedal-motorcycle\/\">Elektriskais ped\u0101\u013cu motocikls<\/a><\/li>\n<\/ul>\n<\/li>\n<li class=\"cat-item cat-item-301\"><a href=\"https:\/\/www.electricstore.eu\/lv\/c\/electric-mobility-scooters\/\">Elektriskie mobilit\u0101tes sk\u016bteri<\/a><\/li>\n<li class=\"cat-item cat-item-232 cat-parent\"><a href=\"https:\/\/www.electricstore.eu\/lv\/c\/motorbikes\/\">Elektriskie motocikli<\/a><ul class='children'>\n<li class=\"cat-item cat-item-313\"><a href=\"https:\/\/www.electricstore.eu\/lv\/c\/motorbikes\/electric-children-motorbikes\/\">Elektriskie b\u0113rnu motocikli<\/a><\/li>\n<li class=\"cat-item cat-item-231\"><a href=\"https:\/\/www.electricstore.eu\/lv\/c\/motorbikes\/electric-dirt-bikes\/\">Elektriskie net\u012brumu velosip\u0113di<\/a><\/li>\n<li class=\"cat-item cat-item-311\"><a href=\"https:\/\/www.electricstore.eu\/lv\/c\/motorbikes\/electric-minibikes\/\">Elektriskie minivelosip\u0113di<\/a><\/li>\n<\/ul>\n<\/li>\n<li class=\"cat-item cat-item-239 cat-parent\"><a href=\"https:\/\/www.electricstore.eu\/lv\/c\/p\/\">Elektrisk\u0101s deta\u013cas<\/a><ul class='children'>\n<li class=\"cat-item cat-item-532\"><a href=\"https:\/\/www.electricstore.eu\/lv\/c\/p\/displays\/\">E-bike Screens and Displays<\/a><\/li>\n<li class=\"cat-item cat-item-529 cat-parent\"><a href=\"https:\/\/www.electricstore.eu\/lv\/c\/p\/ebike-batteries\/\">Elektrisko velosip\u0113du akumulatori<\/a>\t<ul class='children'>\n<li class=\"cat-item cat-item-533\"><a href=\"https:\/\/www.electricstore.eu\/lv\/c\/p\/ebike-batteries\/downtube-e-bike-batteries\/\">Apak\u0161\u0113j\u0101s caurules e-velosip\u0113da akumulatori<\/a><\/li>\n<li class=\"cat-item cat-item-534\"><a href=\"https:\/\/www.electricstore.eu\/lv\/c\/p\/ebike-batteries\/rear-rack-e-bike-batteries\/\">Aizmugur\u0113j\u0101 bag\u0101\u017enieka e-velosip\u0113da akumulatori<\/a><\/li>\n\t<\/ul>\n<\/li>\n<li class=\"cat-item cat-item-242 cat-parent\"><a href=\"https:\/\/www.electricstore.eu\/lv\/c\/p\/kits\/\">Elektrisk\u0101s p\u0101rveido\u0161anas komplekti<\/a>\t<ul class='children'>\n<li class=\"cat-item cat-item-539\"><a href=\"https:\/\/www.electricstore.eu\/lv\/c\/p\/kits\/1000w-electric-bike-conversion-kit\/\">1000W Electric Bike Conversion Kit<\/a><\/li>\n<li class=\"cat-item cat-item-535\"><a href=\"https:\/\/www.electricstore.eu\/lv\/c\/p\/kits\/250w-electric-bike-conversion-kit\/\">250W Electric Bike Conversion Kit<\/a><\/li>\n<li class=\"cat-item cat-item-536\"><a href=\"https:\/\/www.electricstore.eu\/lv\/c\/p\/kits\/350w-electric-bike-conversion-kit\/\">350W Electric Bike Conversion Kit<\/a><\/li>\n<li class=\"cat-item cat-item-537\"><a href=\"https:\/\/www.electricstore.eu\/lv\/c\/p\/kits\/500w-electric-bike-conversion-kit\/\">500W Electric Bike Conversion Kit<\/a><\/li>\n<li class=\"cat-item cat-item-538\"><a href=\"https:\/\/www.electricstore.eu\/lv\/c\/p\/kits\/750w-electric-bike-conversion-kit\/\">750W Electric Bike Conversion Kit<\/a><\/li>\n<li class=\"cat-item cat-item-528\"><a href=\"https:\/\/www.electricstore.eu\/lv\/c\/p\/kits\/electric-hub-motor-kits\/\">Elektrisko rumbas motoru komplekti<\/a><\/li>\n<li class=\"cat-item cat-item-530\"><a href=\"https:\/\/www.electricstore.eu\/lv\/c\/p\/kits\/electric-mid-drive-motor-kits\/\">Elektriskie vid\u0113jas piedzi\u0146as motoru komplekti<\/a><\/li>\n\t<\/ul>\n<\/li>\n<li class=\"cat-item cat-item-241\"><a href=\"https:\/\/www.electricstore.eu\/lv\/c\/p\/motors\/\">Elektromotori<\/a><\/li>\n<li class=\"cat-item cat-item-524\"><a href=\"https:\/\/www.electricstore.eu\/lv\/c\/p\/wheels\/\">Rite\u0146i<\/a><\/li>\n<\/ul>\n<\/li>\n<li class=\"cat-item cat-item-518 cat-parent\"><a href=\"https:\/\/www.electricstore.eu\/lv\/c\/rc\/\">Elektrisk\u0101s t\u0101lvad\u012bbas rota\u013clietas<\/a><ul class='children'>\n<li class=\"cat-item cat-item-520\"><a href=\"https:\/\/www.electricstore.eu\/lv\/c\/rc\/rc-boats\/\">RC Boats<\/a><\/li>\n<li class=\"cat-item cat-item-519\"><a href=\"https:\/\/www.electricstore.eu\/lv\/c\/rc\/rc-cars\/\">Radiovad\u0101mas automa\u0161\u012bnas<\/a><\/li>\n<li class=\"cat-item cat-item-521\"><a href=\"https:\/\/www.electricstore.eu\/lv\/c\/rc\/rc-flying\/\">RC Flying<\/a><\/li>\n<\/ul>\n<\/li>\n<li class=\"cat-item cat-item-297 cat-parent\"><a href=\"https:\/\/www.electricstore.eu\/lv\/c\/scooters\/\">Elektriskie skrejrite\u0146i<\/a><ul class='children'>\n<li class=\"cat-item cat-item-302\"><a href=\"https:\/\/www.electricstore.eu\/lv\/c\/scooters\/electric-children-scooters\/\">Elektriskie b\u0113rnu skrejrite\u0146i<\/a><\/li>\n<li class=\"cat-item cat-item-469\"><a href=\"https:\/\/www.electricstore.eu\/lv\/c\/scooters\/electric-city-scooters\/\">Elektriskie pils\u0113tas skrejrite\u0146i<\/a><\/li>\n<li class=\"cat-item cat-item-468\"><a href=\"https:\/\/www.electricstore.eu\/lv\/c\/scooters\/electric-off-road-scooter\/\">Elektriskais bezce\u013cu sk\u016bteris<\/a><\/li>\n<li class=\"cat-item cat-item-471\"><a href=\"https:\/\/www.electricstore.eu\/lv\/c\/scooters\/electric-scooters-with-seat\/\">Elektriskie skrejrite\u0146i ar s\u0113dekli<\/a><\/li>\n<\/ul>\n<\/li>\n<li class=\"cat-item cat-item-15 cat-parent\"><a href=\"https:\/\/www.electricstore.eu\/lv\/c\/o\/\">Citi produkti<\/a><ul class='children'>\n<li class=\"cat-item cat-item-523\"><a href=\"https:\/\/www.electricstore.eu\/lv\/c\/o\/bike-trailers-and-wagons\/\">Velosip\u0113du piekabes un rati\u0146i<\/a><\/li>\n<li class=\"cat-item cat-item-517\"><a href=\"https:\/\/www.electricstore.eu\/lv\/c\/o\/electric-lifting-hoists\/\">Elektriskie pacel\u0161anas pac\u0113l\u0101ji<\/a><\/li>\n<li class=\"cat-item cat-item-522\"><a href=\"https:\/\/www.electricstore.eu\/lv\/c\/o\/electric-winches\/\">Elektrisk\u0101s vin\u010das<\/a><\/li>\n<\/ul>\n<\/li>\n<\/ul><\/div>\t\t<\/div>","protected":false},"excerpt":{"rendered":"Produktu kategorijasAccessories Helmets Batteries &amp; Charging Battery Cells Battery Chargers Foldable Solar Panels Jump Starter\/Compressor Power Banks LiFePO4 Batteries -100Ah LiFePO4 batteries 100-200Ah LiFePO4 batteries 200+Ah LiFePO4 batteries LiFePO4 battery","protected":false},"author":1,"featured_media":0,"parent":0,"menu_order":0,"comment_status":"closed","ping_status":"closed","template":"","meta":{"_acf_changed":false,"footnotes":""},"class_list":["post-2844","page","type-page","status-publish","hentry"],"acf":[],"_links":{"self":[{"href":"https:\/\/www.electricstore.eu\/lv\/wp-json\/wp\/v2\/pages\/2844","targetHints":{"allow":["GET"]}}],"collection":[{"href":"https:\/\/www.electricstore.eu\/lv\/wp-json\/wp\/v2\/pages"}],"about":[{"href":"https:\/\/www.electricstore.eu\/lv\/wp-json\/wp\/v2\/types\/page"}],"author":[{"embeddable":true,"href":"https:\/\/www.electricstore.eu\/lv\/wp-json\/wp\/v2\/users\/1"}],"replies":[{"embeddable":true,"href":"https:\/\/www.electricstore.eu\/lv\/wp-json\/wp\/v2\/comments?post=2844"}],"version-history":[{"count":0,"href":"https:\/\/www.electricstore.eu\/lv\/wp-json\/wp\/v2\/pages\/2844\/revisions"}],"wp:attachment":[{"href":"https:\/\/www.electricstore.eu\/lv\/wp-json\/wp\/v2\/media?parent=2844"}],"curies":[{"name":"wp","href":"https:\/\/api.w.org\/{rel}","templated":true}]}}