{"id":9239,"date":"2025-05-20T17:46:08","date_gmt":"2025-05-20T17:46:08","guid":{"rendered":"https:\/\/electricstore.eu\/p\/uncategorized\/oukitel-p5000-pro-portable-power-station-5120wh-4000w-ac-output-seamless-ups-battery-backup-with-wheels-dual-100w-usb-c-lifepo4\/"},"modified":"2025-05-20T17:46:45","modified_gmt":"2025-05-20T17:46:45","slug":"oukitel-p5000-pro-portable-power-station-5120wh-4000w-ac-output-seamless-ups-battery-backup-with-wheels-dual-100w-usb-c-lifepo4","status":"publish","type":"product","link":"https:\/\/www.electricstore.eu\/lt\/p\/batteries\/portable-power-stations\/oukitel-p5000-pro-portable-power-station-5120wh-4000w-ac-output-seamless-ups-battery-backup-with-wheels-dual-100w-usb-c-lifepo4\/","title":{"rendered":"Ne\u0161iojama \u201eOUKITEL P5000 Pro\u201c \u012fkrovos stotel\u0117, 5120 Wh, 4000 W kintamosios srov\u0117s i\u0161vestis, sklandus UPS akumuliatori\u0173 atsarginis maitinimas su ratukais, dvigubas 100 W USB-C LiFePO4 \u012fkrovimas"},"content":{"rendered":"<div class=\"product-specs-list-container\">\n<ul class=\"product-specs-list util-clearfix\">\n<li class=\"product-prop line-limit-length\"><span\n                                        class=\"property-title\">Ekrano vaizdas:&nbsp;<\/span><span\n                                        class=\"property-desc line-limit-length\">Taip<\/span>\n                            <\/li>\n<li class=\"product-prop line-limit-length\"><span\n                                        class=\"property-title\">Nominali talpa:&nbsp;<\/span><span\n                                        class=\"property-desc line-limit-length\">&gt;3500 mAh<\/span>\n                            <\/li>\n<li class=\"product-prop line-limit-length\"><span\n                                        class=\"property-title\">Modelio numeris:&nbsp;<\/span><span\n                                        class=\"property-desc line-limit-length\">ABEARL P5000 PRO<\/span>\n                            <\/li>\n<li class=\"product-prop line-limit-length\"><span\n                                        class=\"property-title\">Tipas:&nbsp;<\/span><span\n                                        class=\"property-desc line-limit-length\">LiFePO4<\/span>\n                            <\/li>\n<li class=\"product-prop line-limit-length\"><span\n                                        class=\"property-title\">Rinkinio tipas:&nbsp;<\/span><span\n                                        class=\"property-desc line-limit-length\">\u012ekrovikli\u0173 rinkiniai<\/span>\n                            <\/li>\n<li class=\"product-prop line-limit-length\"><span\n                                        class=\"property-title\">Prek\u0117s \u017eenklas:&nbsp;<\/span><span\n                                        class=\"property-desc line-limit-length\">OUKITEL<\/span>\n                            <\/li>\n<\/ul><\/div>\n<div class=\"detailmodule_dynamic\"><kse:widget data-widget-type=\"customText\" id=\"1005000009406803\" type=\"relation\"><\/kse:widget><\/div>\n<div class=\"detailmodule_html\">\n<div class=\"detail-desc-decorate-richtext\">\n<p><\/p>\n<div style=\"background-color:rgb(240, 234, 255);margin:20px 0px 10px;margin-bottom:10px;margin-top:20px;margin-left:0px;margin-right:0px;width:100%;height:34px\"><span style=\"background-color:rgb(55, 139, 238);color:rgb(255, 255, 255);font-size:24px;font-family:Verdana, Arial\">Svarbiausi dalykai<\/span><\/div>\n<div class=\"detailmodule_text\">\n<div class=\"detailmodule_html\">\n<div class=\"detail-desc-decorate-richtext\">\n<div class=\"detailmodule_text-image\">\n<div class=\"detailmodule_text-image\">\n<div class=\"detailmodule_text-image\">\n<div class=\"detailmodule_text-image\">\n<p><span style=\"font-size:16px;font-family:arial, helvetica, sans-serif\">1, 4000 W kintamosios srov\u0117s i\u0161vestis, skirta naudoti su didele apkrova;<\/span><\/p>\n<p><span style=\"font-size:16px;font-family:arial, helvetica, sans-serif\">2. Daugiau jokios tamsos, daugiau joki\u0173 r\u016bpes\u010di\u0173;<\/span><\/p>\n<p><span style=\"font-size:16px;font-family:arial, helvetica, sans-serif\">3, 80% tik per 1 valand\u0105;<\/span><\/p>\n<p><span style=\"font-size:16px;font-family:arial, helvetica, sans-serif\">4, 5000 cikl\u0173 baterija, sukurta tarnauti 10 met\u0173;<\/span><\/p>\n<p><span style=\"font-size:16px;font-family:arial, helvetica, sans-serif\">5, i\u0161manusis temperat\u016bros valdymas;<\/span><\/p>\n<p><span style=\"font-size:16px;font-family:arial, helvetica, sans-serif\">6. Valdymas realiuoju laiku vos keliais pir\u0161t\u0173 galiukais.<\/span><\/p>\n<\/div>\n<\/div>\n<\/div>\n<\/div>\n<\/div>\n<\/div>\n<\/div>\n<div style=\"background-color:rgb(240, 234, 255);margin:20px 0px 10px;margin-bottom:10px;margin-top:20px;margin-left:0px;margin-right:0px;width:100%;height:34px\"><span style=\"background-color:rgb(55, 139, 238);color:rgb(255, 255, 255);font-size:24px;font-family:Verdana, Arial\">Produkto informacija<\/span><\/div>\n<p><img decoding=\"async\" src=\"https:\/\/ae01.alicdn.com\/kf\/Sc64169c92e5043b293633671792a20402.jpg\" slate-data-type=\"image\"\/><img decoding=\"async\" src=\"https:\/\/ae01.alicdn.com\/kf\/S0a53639dc30c46288424fe569ef5ef7bY.jpg\" slate-data-type=\"image\"\/><img decoding=\"async\" src=\"https:\/\/ae01.alicdn.com\/kf\/S91a60d9167b34c75b6ab2cfecaaa801a9.jpg\" slate-data-type=\"image\"\/><img decoding=\"async\" src=\"https:\/\/ae01.alicdn.com\/kf\/S3ef863efa4884310b2bd8c60c207d80db.jpg\" slate-data-type=\"image\"\/><img decoding=\"async\" src=\"https:\/\/ae01.alicdn.com\/kf\/S5c706285c84e44c69740bdc01a2c80bbw.jpg\" slate-data-type=\"image\"\/><img decoding=\"async\" src=\"https:\/\/ae01.alicdn.com\/kf\/S4d6d9141ed6a4dc2948d99683ad4325aN.jpg\" slate-data-type=\"image\"\/><img decoding=\"async\" src=\"https:\/\/ae01.alicdn.com\/kf\/S93dc2cd7462b4690bc502148f72e41f3M.jpg\" slate-data-type=\"image\"\/><img decoding=\"async\" src=\"https:\/\/ae01.alicdn.com\/kf\/S2266c09a1abd452fa7dd9b0ceab45293C.jpg\" slate-data-type=\"image\"\/><img decoding=\"async\" src=\"https:\/\/ae01.alicdn.com\/kf\/S38d28e595c294963a887b4625cc75b91t.jpg\" slate-data-type=\"image\"\/><img decoding=\"async\" src=\"https:\/\/ae01.alicdn.com\/kf\/Sabcf329b71d940438b9bf2c1a1d18786l.jpg\" slate-data-type=\"image\"\/><img decoding=\"async\" src=\"https:\/\/ae01.alicdn.com\/kf\/S5909a1762c05425790797eb3656fd4000.jpg\" slate-data-type=\"image\"\/><img decoding=\"async\" src=\"https:\/\/ae01.alicdn.com\/kf\/S1152ee36818e49fb9fb8356ee5fdb343s.jpg\" slate-data-type=\"image\"\/><img decoding=\"async\" src=\"https:\/\/ae01.alicdn.com\/kf\/Sae1d15803411447db42f8a23113510c3L.jpg\" slate-data-type=\"image\"\/><img decoding=\"async\" src=\"https:\/\/ae01.alicdn.com\/kf\/S60e264166e5f41c89e2f5824834d1863L.jpg\" slate-data-type=\"image\"\/><img decoding=\"async\" src=\"https:\/\/ae01.alicdn.com\/kf\/Sbd6b87f0ea2b4ab8811321467858856fR.jpg\" slate-data-type=\"image\"\/><\/p>\n<div style=\"background-color:rgb(240, 234, 255);margin:20px 0px 10px;margin-bottom:10px;margin-top:20px;margin-left:0px;margin-right:0px;width:100%;height:34px\"><span style=\"background-color:rgb(55, 139, 238);color:rgb(255, 255, 255);font-size:24px;font-family:Verdana, Arial\">Specifikacija<\/span><\/div>\n<div>\u00a0<\/div>\n<table style=\"border-collapse:collapse;font-family:&quot;Microsoft YaHei&quot;;width:1000px\" class=\"jbEidtTable\" border=\"1\" cellpadding=\"5\" cellspacing=\"0\">\n<tbody>\n<tr>\n<td style=\"text-align:left\" align=\"left\">\n<p><span style=\"font-size:16px;font-family:arial, helvetica, sans-serif\"><strong>Bendra<\/strong><\/span><\/p>\n<\/td>\n<td style=\"text-align:left\" align=\"left\">\n<p><span style=\"font-size:16px;font-family:arial, helvetica, sans-serif\">Prek\u0117s \u017eenklas: OUKITEL<br \/>Tipas: Ne\u0161iojama elektrin\u0117<br \/>Modelis: P5000 Pro<br \/>Spalva: juoda<\/span><\/p>\n<\/td>\n<\/tr>\n<tr>\n<td style=\"text-align:left\" align=\"left\">\n<p><span style=\"font-size:16px;font-family:arial, helvetica, sans-serif\"><strong>Specifikacija<\/strong><\/span><\/p>\n<\/td>\n<td style=\"text-align:left\" align=\"left\">\n<p><span style=\"font-size:16px;font-family:arial, helvetica, sans-serif\">Talpa: 5120 Wh<br \/>Baterija: LiFePO4<br \/>Ciklo trukm\u0117: 5000+ cikl\u0173<br \/>UPS: Taip<br \/>I\u0161vestis<br \/>Kintamosios srov\u0117s i\u0161vestis: 4000 W vardin\u0117 galia, gryna sinusin\u0117 banga, 5 x AC 220\u2013240 V<br \/>Nuolatin\u0117s srov\u0117s i\u0161vestis: 2 x USB-A 12 W, 2 x USB-A QC3.0 greitasis \u012fkrovimas 18 W, 2 x USB-C 100 W PD, 2 x 12 V \/ 3 A<br \/>Aviacijos lizdas: 1 x 24V\/10A<br \/>Cigar\u0173 \u017eiebtuv\u0117lis: 1 x 12 V \/ 10 A<br \/>\u012evestis<br \/>Kintamosios srov\u0117s \u012fkrovimas: maks. 1800 W, 220\u2013240 V kintamoji srov\u0117, maks. 10 A<br \/>Saul\u0117s \u012fkrovimas: maks. 1000 W, 12\u2013120 V, 15 A<br \/>Automobilio \u012fkrovimas: 12 V \/ 8 A arba 24 V \/ 10 A<\/span><\/p>\n<\/td>\n<\/tr>\n<tr>\n<td style=\"text-align:left\" align=\"left\">\n<p><span style=\"font-size:16px;font-family:arial, helvetica, sans-serif\"><strong>Svoris ir dydis<\/strong><\/span><\/p>\n<\/td>\n<td style=\"text-align:left\" align=\"left\">\n<p><span style=\"font-size:16px;font-family:arial, helvetica, sans-serif\">Produkto svoris: 53 kg<br \/>Pakuot\u0117s svoris: 58 kg<br \/>Pakuot\u0117s dydis (ilgis x plotis x auk\u0161tis): 69,2 \u00d7 41,3 \u00d7 59,5 cm<\/span><\/p>\n<\/td>\n<\/tr>\n<tr>\n<td style=\"text-align:left\" align=\"left\">\n<p><span style=\"font-size:16px;font-family:arial, helvetica, sans-serif\"><strong>Pakuot\u0117s turinys<\/strong><\/span><\/p>\n<\/td>\n<td style=\"text-align:left\" align=\"left\">\n<p><span style=\"font-size:16px;font-family:arial, helvetica, sans-serif\">1 x Ne\u0161iojama elektrin\u0117<br \/>1 x MC4 kabelis<br \/>1 x automobilio \u012fkrovimo laidas<br \/>1 x adapteris<br \/>1 x Naudotojo vadovas<\/span><\/p>\n<\/td>\n<\/tr>\n<\/tbody>\n<\/table>\n<\/div>\n<\/div>\n<p><\/p>","protected":false},"excerpt":{"rendered":"<p>Display screen:&nbsp;Yes Nominal Capacity:&nbsp;&gt;3500mAh Model Number:&nbsp;ABEARL P5000 PRO Type:&nbsp;LiFePO4 Set Type:&nbsp;Charger Sets Brand Name:&nbsp;OUKITEL Highlights 1, AC 4000W Output for Heavy-Duty Uses; 2, No More Darkness, No More Worries; 3,<\/p>","protected":false},"featured_media":9240,"comment_status":"open","ping_status":"closed","template":"","meta":{"_acf_changed":false},"product_brand":[],"product_cat":[515],"product_tag":[],"class_list":{"0":"post-9239","1":"product","2":"type-product","3":"status-publish","4":"has-post-thumbnail","6":"product_cat-portable-power-stations","8":"first","9":"instock","10":"shipping-taxable","11":"purchasable","12":"product-type-simple"},"acf":[],"_links":{"self":[{"href":"https:\/\/www.electricstore.eu\/lt\/wp-json\/wp\/v2\/product\/9239","targetHints":{"allow":["GET"]}}],"collection":[{"href":"https:\/\/www.electricstore.eu\/lt\/wp-json\/wp\/v2\/product"}],"about":[{"href":"https:\/\/www.electricstore.eu\/lt\/wp-json\/wp\/v2\/types\/product"}],"replies":[{"embeddable":true,"href":"https:\/\/www.electricstore.eu\/lt\/wp-json\/wp\/v2\/comments?post=9239"}],"wp:featuredmedia":[{"embeddable":true,"href":"https:\/\/www.electricstore.eu\/lt\/wp-json\/wp\/v2\/media\/9240"}],"wp:attachment":[{"href":"https:\/\/www.electricstore.eu\/lt\/wp-json\/wp\/v2\/media?parent=9239"}],"wp:term":[{"taxonomy":"product_brand","embeddable":true,"href":"https:\/\/www.electricstore.eu\/lt\/wp-json\/wp\/v2\/product_brand?post=9239"},{"taxonomy":"product_cat","embeddable":true,"href":"https:\/\/www.electricstore.eu\/lt\/wp-json\/wp\/v2\/product_cat?post=9239"},{"taxonomy":"product_tag","embeddable":true,"href":"https:\/\/www.electricstore.eu\/lt\/wp-json\/wp\/v2\/product_tag?post=9239"}],"curies":[{"name":"wp","href":"https:\/\/api.w.org\/{rel}","templated":true}]}}