{"id":9182,"date":"2025-05-20T17:45:36","date_gmt":"2025-05-20T17:45:36","guid":{"rendered":"https:\/\/electricstore.eu\/p\/uncategorized\/oukitel-pv400-400w-foldable-portable-solar-panel-with-kickstand-23-energy-conversion-rate-durable-splash-proof-ip65\/"},"modified":"2025-05-20T17:45:58","modified_gmt":"2025-05-20T17:45:58","slug":"oukitel-pv400-400w-foldable-portable-solar-panel-with-kickstand-23-energy-conversion-rate-durable-splash-proof-ip65","status":"publish","type":"product","link":"https:\/\/www.electricstore.eu\/lt\/p\/batteries\/foldable-solar-panels\/oukitel-pv400-400w-foldable-portable-solar-panel-with-kickstand-23-energy-conversion-rate-durable-splash-proof-ip65\/","title":{"rendered":"OUKITEL PV400 400W sulankstomas ne\u0161iojamas saul\u0117s modulis su atrama, 23% energijos konversijos rodiklis, patvarus ir atsparus purslams, IP65"},"content":{"rendered":"<div class=\"product-specs-list-container\">\n<ul class=\"product-specs-list util-clearfix\">\n<li class=\"product-prop line-limit-length\"><span\n                                        class=\"property-title\">Taikymas:&nbsp;<\/span><span\n                                        class=\"property-desc line-limit-length\">NAMAI<\/span>\n                            <\/li>\n<li class=\"product-prop line-limit-length\"><span\n                                        class=\"property-title\">Modelio numeris:&nbsp;<\/span><span\n                                        class=\"property-desc line-limit-length\">V400<\/span>\n                            <\/li>\n<li class=\"product-prop line-limit-length\"><span\n                                        class=\"property-title\">Prek\u0117s \u017eenklas:&nbsp;<\/span><span\n                                        class=\"property-desc line-limit-length\">OUKITEL<\/span>\n                            <\/li>\n<li class=\"product-prop line-limit-length\"><span\n                                        class=\"property-title\">Did\u017eiausia galia:&nbsp;<\/span><span\n                                        class=\"property-desc line-limit-length\">400 W<\/span>\n                            <\/li>\n<li class=\"product-prop line-limit-length\"><span\n                                        class=\"property-title\">Atviros grandin\u0117s \u012ftampa:&nbsp;<\/span><span\n                                        class=\"property-desc line-limit-length\">48 V<\/span>\n                            <\/li>\n<li class=\"product-prop line-limit-length\"><span\n                                        class=\"property-title\">Trumpojo jungimo srov\u0117:&nbsp;<\/span><span\n                                        class=\"property-desc line-limit-length\">12A<\/span>\n                            <\/li>\n<li class=\"product-prop line-limit-length\"><span\n                                        class=\"property-title\">Efektyvumas:&nbsp;<\/span><span\n                                        class=\"property-desc line-limit-length\">23%<\/span>\n                            <\/li>\n<li class=\"product-prop line-limit-length\"><span\n                                        class=\"property-title\">L\u0105stel\u0117s tipas:&nbsp;<\/span><span\n                                        class=\"property-desc line-limit-length\">Monokristalinis silicis<\/span>\n                            <\/li>\n<\/ul><\/div>\n<div class=\"detailmodule_dynamic\"><kse:widget data-widget-type=\"customText\" id=\"1005000009406803\" type=\"relation\"><\/kse:widget><\/div>\n<div class=\"detailmodule_html\">\n<div class=\"detail-desc-decorate-richtext\">\n<p><\/p>\n<div style=\"background-color:rgb(240, 234, 255);margin:20px 0px 10px;margin-bottom:10px;margin-top:20px;margin-left:0px;margin-right:0px;width:100%;height:34px\"><span style=\"background-color:rgb(55, 139, 238);color:rgb(255, 255, 255);font-size:24px;font-family:Verdana, Arial\">Svarbiausi dalykai<\/span><\/p>\n<\/div>\n<div class=\"detailmodule_text\">\n<div class=\"detailmodule_html\">\n<div class=\"detail-desc-decorate-richtext\">\n<div class=\"detailmodule_text\">\n<div class=\"detailmodule_html\">\n<div class=\"detail-desc-decorate-richtext\">\n<div class=\"detailmodule_text\">\n<p style=\"font-family:&quot;Microsoft YaHei&quot;;font-size:medium;font-weight:400;letter-spacing:normal;text-align:start;white-space:normal;color:rgb(0, 0, 0)\" align=\"start\"><span style=\"font-size:16px;font-family:arial, helvetica, sans-serif\"><strong>23% didelis konversijos efektyvumas<\/strong><\/span><span style=\"font-size:16px;font-family:arial, helvetica, sans-serif\"><br \/>Sukurtas i\u0161 didelio efektyvumo monokristalini\u0173 saul\u0117s element\u0173, \u201eOUKITEL PV400\u201c gali pasi\u016blyti iki 23% efektyvum\u0105, tod\u0117l gali daugiau saul\u0117s energijos paversti tinkama naudoti energija.<\/span><\/p>\n<p><span style=\"font-size:16px;font-family:arial, helvetica, sans-serif\"><br \/><\/span><\/p>\n<p style=\"font-family:&quot;Microsoft YaHei&quot;;font-size:medium;font-weight:400;letter-spacing:normal;text-align:start;white-space:normal;color:rgb(0, 0, 0)\" align=\"start\"><span style=\"font-size:16px;font-family:arial, helvetica, sans-serif\"><strong>Patvarus ir atsparus purslams<\/strong><\/span><span style=\"font-size:16px;font-family:arial, helvetica, sans-serif\"><br \/>Pasi\u017eymi ilgaam\u017ee ETFE danga, kuri gali prailginti saul\u0117s baterijos tarnavimo laik\u0105. IP65 vandeniui atsparus dizainas apsaugos j\u0105 nuo vandens pursl\u0173 (nelaikykite po lietumi).<\/span><\/p>\n<p><span style=\"font-size:16px;font-family:arial, helvetica, sans-serif\"><br \/><\/span><\/p>\n<p style=\"font-family:&quot;Microsoft YaHei&quot;;font-size:medium;font-weight:400;letter-spacing:normal;text-align:start;white-space:normal;color:rgb(0, 0, 0)\" align=\"start\"><span style=\"font-size:16px;font-family:arial, helvetica, sans-serif\"><strong>Lengva ne\u0161iotis ir pridedamas atraminis stovas<\/strong><\/span><span style=\"font-size:16px;font-family:arial, helvetica, sans-serif\"><br \/>\u201eOUKITEL PV400\u201c saul\u0117s baterija yra sulankstoma, tod\u0117l galite j\u0105 pasiimti bet kur. Atraminis stovas yra pasvirusi kampu, tod\u0117l saul\u0117s baterija lengvai sugeria saul\u0117s \u0161viesos energij\u0105.<\/span><\/p>\n<p><span style=\"font-size:16px;font-family:arial, helvetica, sans-serif\"><br \/><\/span><\/p>\n<p style=\"font-family:&quot;Microsoft YaHei&quot;;font-size:medium;font-weight:400;letter-spacing:normal;text-align:start;white-space:normal;color:rgb(0, 0, 0)\" align=\"start\"><span style=\"font-size:16px;font-family:arial, helvetica, sans-serif\"><strong>Platus suderinamumas<\/strong><\/span><span style=\"font-size:16px;font-family:arial, helvetica, sans-serif\"><br \/>\u0160is saul\u0117s modulis su MC4 jungtimi suderinamas su daugeliu rinkoje esan\u010di\u0173 elektrini\u0173 ir kit\u0173 generatori\u0173, tod\u0117l idealiai tinka stovyklavimui neprisijungus prie elektros tinklo ir netik\u0117to elektros energijos tiekimo nutraukimo atveju.<\/span><\/p>\n<\/div>\n<\/div>\n<\/div>\n<\/div>\n<\/div>\n<\/div>\n<\/div>\n<div style=\"background-color:rgb(240, 234, 255);margin:20px 0px 10px;margin-bottom:10px;margin-top:20px;margin-left:0px;margin-right:0px;width:100%;height:34px\"><span style=\"background-color:rgb(55, 139, 238);color:rgb(255, 255, 255);font-size:24px;font-family:Verdana, Arial\">Produkto informacija<\/span><\/div>\n<p><img decoding=\"async\" src=\"https:\/\/ae01.alicdn.com\/kf\/S5c9df5f10d44417db8261392eb96ada7w.jpg\" slate-data-type=\"image\"\/><img decoding=\"async\" src=\"https:\/\/ae01.alicdn.com\/kf\/S81b87c2c5d2d46ddbca1a08dda317259K.jpg\" slate-data-type=\"image\"\/><img decoding=\"async\" src=\"https:\/\/ae01.alicdn.com\/kf\/S97afcb389bf4419bb732209cec39d15cH.jpg\" slate-data-type=\"image\"\/><img decoding=\"async\" src=\"https:\/\/ae01.alicdn.com\/kf\/S4e198a4f326c450093d5386f520c52b8b.jpg\" slate-data-type=\"image\"\/><\/p>\n<div style=\"background-color:rgb(240, 234, 255);margin:20px 0px 10px;margin-bottom:10px;margin-top:20px;margin-left:0px;margin-right:0px;width:100%;height:34px\"><span style=\"background-color:rgb(55, 139, 238);color:rgb(255, 255, 255);font-size:24px;font-family:Verdana, Arial\">Specifikacija<\/span><\/div>\n<p><\/p>\n<table style=\"border-collapse:collapse;font-family:&quot;Microsoft YaHei&quot;;width:1000px\" class=\"jbEidtTable\" border=\"1\" cellpadding=\"5\" cellspacing=\"0\">\n<tbody>\n<tr>\n<td style=\"text-align:left\" align=\"left\">\n<p><span style=\"font-size:16px;font-family:arial, helvetica, sans-serif\"><strong>Bendra<\/strong><\/span><\/p>\n<\/td>\n<td style=\"text-align:left\" align=\"left\">\n<p><span style=\"font-size:16px;font-family:arial, helvetica, sans-serif\">Prek\u0117s \u017eenklas: OUKITEL<br \/>Tipas: Saul\u0117s baterija<br \/>Modelis: PV400<br \/>Spalva: juoda<\/span><\/p>\n<\/td>\n<\/tr>\n<tr>\n<td style=\"text-align:left\" align=\"left\">\n<p><span style=\"font-size:16px;font-family:arial, helvetica, sans-serif\"><strong>Specifikacija<\/strong><\/span><\/p>\n<\/td>\n<td style=\"text-align:left\" align=\"left\">\n<p><span style=\"font-size:16px;font-family:arial, helvetica, sans-serif\">Nominali galia: 400 W<br \/>L\u0105stel\u0117s tipas: monokristalinis silicis<br \/>Efektyvumas: 23%<br \/>Atviros grandin\u0117s \u012ftampa: 48 V<br \/>Trumpojo jungimo srov\u0117: 12A<\/span><\/p>\n<\/td>\n<\/tr>\n<tr>\n<td style=\"text-align:left\" align=\"left\">\n<p><span style=\"font-size:16px;font-family:arial, helvetica, sans-serif\"><strong>Svoris ir dydis<\/strong><\/span><\/p>\n<\/td>\n<td style=\"text-align:left\" align=\"left\">\n<p><span style=\"font-size:16px;font-family:arial, helvetica, sans-serif\">Produkto svoris: 15 kg<br \/>Pakuot\u0117s svoris: 15,5 kg<br \/>I\u0161skleisto dydis: 1048 * 2333 * 25 mm<br \/>Pakuot\u0117s dydis (I x P x A): 1100 * 88 * 700 mm<\/span><\/p>\n<\/td>\n<\/tr>\n<tr>\n<td style=\"text-align:left\" align=\"left\">\n<p><span style=\"font-size:16px;font-family:arial, helvetica, sans-serif\"><strong>Pakuot\u0117s turinys<\/strong><\/span><\/p>\n<\/td>\n<td style=\"text-align:left\" align=\"left\">\n<p><span style=\"font-size:16px;font-family:arial, helvetica, sans-serif\">1 x saul\u0117s baterija<br \/>1 x MC4 saul\u0117s \u012fkrovimo kabelis<br \/>1 x Naudotojo vadovas<\/span><\/p>\n<\/td>\n<\/tr>\n<\/tbody>\n<\/table>\n<div><\/div>\n<\/div>\n<\/div>\n<p><\/p>","protected":false},"excerpt":{"rendered":"<p>Application:&nbsp;HOME Model Number:&nbsp;V400 Brand Name:&nbsp;OUKITEL Peak Power:&nbsp;400W Open Circuit Voltage:&nbsp;48V Short Circuit Current:&nbsp;12A Efficiency:&nbsp;23% Cell Type:&nbsp;Monocrystalline Silicon Highlights 23% High Conversion EfficiencyConstructed from high-efficiency monocrystalline solar cells, OUKITEL PV400 can<\/p>","protected":false},"featured_media":9183,"comment_status":"open","ping_status":"closed","template":"","meta":{"_acf_changed":false},"product_brand":[],"product_cat":[531],"product_tag":[],"class_list":{"0":"post-9182","1":"product","2":"type-product","3":"status-publish","4":"has-post-thumbnail","6":"product_cat-foldable-solar-panels","8":"first","9":"instock","10":"shipping-taxable","11":"purchasable","12":"product-type-simple"},"acf":[],"_links":{"self":[{"href":"https:\/\/www.electricstore.eu\/lt\/wp-json\/wp\/v2\/product\/9182","targetHints":{"allow":["GET"]}}],"collection":[{"href":"https:\/\/www.electricstore.eu\/lt\/wp-json\/wp\/v2\/product"}],"about":[{"href":"https:\/\/www.electricstore.eu\/lt\/wp-json\/wp\/v2\/types\/product"}],"replies":[{"embeddable":true,"href":"https:\/\/www.electricstore.eu\/lt\/wp-json\/wp\/v2\/comments?post=9182"}],"wp:featuredmedia":[{"embeddable":true,"href":"https:\/\/www.electricstore.eu\/lt\/wp-json\/wp\/v2\/media\/9183"}],"wp:attachment":[{"href":"https:\/\/www.electricstore.eu\/lt\/wp-json\/wp\/v2\/media?parent=9182"}],"wp:term":[{"taxonomy":"product_brand","embeddable":true,"href":"https:\/\/www.electricstore.eu\/lt\/wp-json\/wp\/v2\/product_brand?post=9182"},{"taxonomy":"product_cat","embeddable":true,"href":"https:\/\/www.electricstore.eu\/lt\/wp-json\/wp\/v2\/product_cat?post=9182"},{"taxonomy":"product_tag","embeddable":true,"href":"https:\/\/www.electricstore.eu\/lt\/wp-json\/wp\/v2\/product_tag?post=9182"}],"curies":[{"name":"wp","href":"https:\/\/api.w.org\/{rel}","templated":true}]}}