{"id":9143,"date":"2025-05-20T17:45:17","date_gmt":"2025-05-20T17:45:17","guid":{"rendered":"https:\/\/electricstore.eu\/p\/uncategorized\/fossibot-sp200-18v-200w-foldable-solar-panel-23-4-high-efficiency-monocrystalline-solar-cells-for-power-station-mppt-ip67\/"},"modified":"2025-05-20T17:45:35","modified_gmt":"2025-05-20T17:45:35","slug":"fossibot-sp200-18v-200w-foldable-solar-panel-23-4-high-efficiency-monocrystalline-solar-cells-for-power-station-mppt-ip67","status":"publish","type":"product","link":"https:\/\/www.electricstore.eu\/lt\/p\/batteries\/foldable-solar-panels\/fossibot-sp200-18v-200w-foldable-solar-panel-23-4-high-efficiency-monocrystalline-solar-cells-for-power-station-mppt-ip67\/","title":{"rendered":"FOSSiBOT SP200 18V 200W sulankstomas saul\u0117s modulis, 23.4% didelio efektyvumo monokristaliniai saul\u0117s elementai, skirti elektrinei MPPT IP67"},"content":{"rendered":"<div class=\"product-specs-list-container\">\n<ul class=\"product-specs-list util-clearfix\">\n<li class=\"product-prop line-limit-length\"><span\n                                        class=\"property-title\">Taikymas:&nbsp;<\/span><span\n                                        class=\"property-desc line-limit-length\">NAMAI<\/span>\n                            <\/li>\n<li class=\"product-prop line-limit-length\"><span\n                                        class=\"property-title\">Modelio numeris:&nbsp;<\/span><span\n                                        class=\"property-desc line-limit-length\">SP200<\/span>\n                            <\/li>\n<li class=\"product-prop line-limit-length\"><span\n                                        class=\"property-title\">Did\u017eiausia galia:&nbsp;<\/span><span\n                                        class=\"property-desc line-limit-length\">200 W (50 W x 4)<\/span>\n                            <\/li>\n<li class=\"product-prop line-limit-length\"><span\n                                        class=\"property-title\">Vmp:&nbsp;<\/span><span\n                                        class=\"property-desc line-limit-length\">18 V<\/span>\n                            <\/li>\n<li class=\"product-prop line-limit-length\"><span\n                                        class=\"property-title\">Parod.:&nbsp;<\/span><span\n                                        class=\"property-desc line-limit-length\">11.1A<\/span>\n                            <\/li>\n<li class=\"product-prop line-limit-length\"><span\n                                        class=\"property-title\">Vokas:&nbsp;<\/span><span\n                                        class=\"property-desc line-limit-length\">23,4 V<\/span>\n                            <\/li>\n<li class=\"product-prop line-limit-length\"><span\n                                        class=\"property-title\">Isc:&nbsp;<\/span><span\n                                        class=\"property-desc line-limit-length\">13.32A<\/span>\n                            <\/li>\n<li class=\"product-prop line-limit-length\"><span\n                                        class=\"property-title\">Maksimali sistemos \u012ftampa:&nbsp;<\/span><span\n                                        class=\"property-desc line-limit-length\">1000 V<\/span>\n                            <\/li>\n<li class=\"product-prop line-limit-length\"><span\n                                        class=\"property-title\">I\u0161vesties prievadas:&nbsp;<\/span><span\n                                        class=\"property-desc line-limit-length\">MC3<\/span>\n                            <\/li>\n<\/ul><\/div>\n<div class=\"detailmodule_dynamic\"><kse:widget data-widget-type=\"relatedProduct\" id=\"1005000009406803\" title=\"\" type=\"relation\"><\/kse:widget><\/div>\n<div class=\"detailmodule_html\">\n<div class=\"detail-desc-decorate-richtext\">\n<p><\/p>\n<div style=\"background-color:rgb(240, 234, 255);margin:20px 0px 10px;margin-bottom:10px;margin-top:20px;margin-left:0px;margin-right:0px;width:100%;height:34px\">\n <span style=\"background-color:rgb(55, 139, 238);color:rgb(255, 255, 255);font-size:24px;font-family:Verdana, Arial\">Svarbiausi dalykai<\/span><br \/>\n \n<\/div>\n<div class=\"detailmodule_text\">\n<div class=\"detailmodule_html\">\n<div class=\"detail-desc-decorate-richtext\">\n<div class=\"detailmodule_text\">\n    <\/p>\n<div class=\"detailmodule_html\">\n<div class=\"detail-desc-decorate-richtext\">\n<div class=\"detailmodule_text\">\n<p style=\"font-family:&quot;Microsoft YaHei&quot;;font-size:medium;font-weight:400;letter-spacing:normal;text-align:start;white-space:normal;color:rgb(0, 0, 0)\" align=\"start\"><span style=\"font-size:16px;font-family:arial, helvetica, sans-serif\"><strong>23% didelis saul\u0117s energijos konversijos efektyvumas<\/strong><\/span><span style=\"font-size:16px;font-family:arial, helvetica, sans-serif\"><br \/>Tur\u0117damas iki 23% didelio efektyvumo monokristalinius saul\u0117s elementus, SP200 veikia geriau nei pana\u0161ios klas\u0117s polikristaliniai saul\u0117s elementai esant prastam ap\u0161vietimui. Tai leid\u017eia m\u0117gautis lauko nuotykiais, kaupiant saul\u0117s energij\u0105 \u017eygiuose, stovyklaujant, va\u017eiuojant nameliais ant rat\u0173, priekabose, valtyse, pa\u0161i\u016br\u0117se ir nameliuose.<\/span><\/p>\n<p style=\"font-family:&quot;Microsoft YaHei&quot;;font-size:medium;font-weight:400;letter-spacing:normal;text-align:start;white-space:normal;color:rgb(0, 0, 0)\" align=\"start\"><span style=\"font-size:16px;font-family:arial, helvetica, sans-serif\"><br \/><\/span><span style=\"font-size:16px;font-family:arial, helvetica, sans-serif\"><strong>Patvarus, atsparus vandeniui ir \u012fbr\u0117\u017eimams<\/strong><\/span><span style=\"font-size:16px;font-family:arial, helvetica, sans-serif\"><br \/>D\u0117l pa\u017eangios laminavimo technologijos ir ilgaam\u017e\u0117s ETFE med\u017eiagos pavir\u0161iuje jis yra patvaresnis ir atsparesnis \u012fbr\u0117\u017eimams. Skydelis taip pat pagamintas pagal IP65 atsparumo vandeniui standart\u0105, tod\u0117l idealiai tinka lauko veiklai, pavyzd\u017eiui, stovyklavimui, laipiojimui, \u017eygiams p\u0117s\u010diomis ir net esant prastoms oro s\u0105lygoms.<\/span><\/p>\n<p style=\"font-family:&quot;Microsoft YaHei&quot;;font-size:medium;font-weight:400;letter-spacing:normal;text-align:start;white-space:normal;color:rgb(0, 0, 0)\" align=\"start\"><span style=\"font-size:16px;font-family:arial, helvetica, sans-serif\"><br \/><\/span><span style=\"font-size:16px;font-family:arial, helvetica, sans-serif\"><strong>Platus suderinamumas<\/strong><\/span><span style=\"font-size:16px;font-family:arial, helvetica, sans-serif\"><br \/>\u0160i 200 W saul\u0117s baterija, naudojanti MC*3 jungt\u012f, skirta naudoti su dauguma rinkoje esan\u010di\u0173 saul\u0117s generatori\u0173, \u012fskaitant bet kur\u012f i\u0161 \u201eFOSSiBOT\u201c saul\u0117s generatori\u0173 (F1200\/F2400\/F3600).<\/span><\/p>\n<p style=\"font-family:&quot;Microsoft YaHei&quot;;font-size:medium;font-weight:400;letter-spacing:normal;text-align:start;white-space:normal;color:rgb(0, 0, 0)\" align=\"start\"><span style=\"font-size:16px;font-family:arial, helvetica, sans-serif\"><br \/><\/span><span style=\"font-size:16px;font-family:arial, helvetica, sans-serif\"><strong>Sulankstomas ir ne\u0161iojamas<\/strong><\/span><span style=\"font-size:16px;font-family:arial, helvetica, sans-serif\"><br \/>Sulankstyto \u201eFOSSiBOT SP200\u201c matmenys yra 53,8 x 61 x 0,35 cm, o svoris \u2013 vos 8,14 kg, tod\u0117l j\u012f lengva transportuoti ir \u012fdiegti bet kam.<\/span><\/p>\n<\/p><\/div><\/div><\/div><\/div><\/div><\/div>\n<\/div>\n<div style=\"background-color:rgb(240, 234, 255);margin:20px 0px 10px;margin-bottom:10px;margin-top:20px;margin-left:0px;margin-right:0px;width:100%;height:34px\">\n <span style=\"background-color:rgb(55, 139, 238);color:rgb(255, 255, 255);font-size:24px;font-family:Verdana, Arial\">Produkto informacija<\/span>\n<\/div>\n<p><img decoding=\"async\" src=\"https:\/\/ae01.alicdn.com\/kf\/S89269d1304d244d6825085ed26a94199U.jpg\" slate-data-type=\"image\" \/><img decoding=\"async\" src=\"https:\/\/ae01.alicdn.com\/kf\/S32da7a1cd93048cba18ad1f62617dedau.jpg\" slate-data-type=\"image\" \/><img decoding=\"async\" src=\"https:\/\/ae01.alicdn.com\/kf\/Sff50f17c033e41d7a5020a06abb677a5T.jpg\" slate-data-type=\"image\" \/><img decoding=\"async\" src=\"https:\/\/ae01.alicdn.com\/kf\/S943fd2cc02804e219cbaf439fcebaacc3.jpg\" slate-data-type=\"image\" \/><img decoding=\"async\" src=\"https:\/\/ae01.alicdn.com\/kf\/Se7cb5e74cd1e4d63955e4bb873234717N.jpg\" slate-data-type=\"image\" \/><img decoding=\"async\" src=\"https:\/\/ae01.alicdn.com\/kf\/S7b8bc89d3f664401a4ac84b13ac23a76H.jpg\" slate-data-type=\"image\" \/><img decoding=\"async\" src=\"https:\/\/ae01.alicdn.com\/kf\/S572f9a44f32f491ba072effdc79548e0o.jpg\" slate-data-type=\"image\" \/><img decoding=\"async\" src=\"https:\/\/ae01.alicdn.com\/kf\/S688f5faf9fc24134a20e112a89c2d2cdD.jpg\" slate-data-type=\"image\" \/><img decoding=\"async\" src=\"https:\/\/ae01.alicdn.com\/kf\/S32b6b6a1f9c14618a4d15c6d5b5c583aj.jpg\" slate-data-type=\"image\" \/><img decoding=\"async\" src=\"https:\/\/ae01.alicdn.com\/kf\/S720dab6e06e742bb947400fd438cb56bk.jpg\" slate-data-type=\"image\" \/><img decoding=\"async\" src=\"https:\/\/ae01.alicdn.com\/kf\/Sc90b9735d7a24aceaa67b785deec98e00.jpg\" slate-data-type=\"image\" \/><img decoding=\"async\" src=\"https:\/\/ae01.alicdn.com\/kf\/S31cfafb54fcf406d8f81b87e9705b9f5i.jpg\" slate-data-type=\"image\" \/><\/p>\n<div style=\"background-color:rgb(240, 234, 255);margin:20px 0px 10px;margin-bottom:10px;margin-top:20px;margin-left:0px;margin-right:0px;width:100%;height:34px\">\n <span style=\"background-color:rgb(55, 139, 238);color:rgb(255, 255, 255);font-size:24px;font-family:Verdana, Arial\">Specifikacija<\/span>\n<\/div>\n<p><\/p>\n<table style=\"border-collapse:collapse;font-family:&quot;Microsoft YaHei&quot;;width:1000px\" class=\"jbEidtTable\" border=\"1\" cellpadding=\"5\" cellspacing=\"0\">\n<tbody>\n<tr>\n<td style=\"text-align:left\" align=\"left\">\n<p><span style=\"font-size:16px;font-family:arial, helvetica, sans-serif\"><strong>Bendra<\/strong><\/span><\/p>\n<\/td>\n<td style=\"text-align:left\" align=\"left\">\n<p><span style=\"font-size:16px;font-family:arial, helvetica, sans-serif\">Prek\u0117s \u017eenklas: FOSSiBOT<br \/>Tipas: Saul\u0117s baterija<br \/>Modelis: SP200 nauja versija<br \/>Spalva: pilka<\/span><\/p>\n<\/td>\n<\/tr>\n<tr>\n<td style=\"text-align:left\" align=\"left\">\n<p><span style=\"font-size:16px;font-family:arial, helvetica, sans-serif\"><strong>Specifikacija<\/strong><\/span><\/p>\n<\/td>\n<td style=\"text-align:left\" align=\"left\">\n<p><span style=\"font-size:16px;font-family:arial, helvetica, sans-serif\">Did\u017eiausia galia: 200 W (50 W x 4)<br \/>Tolerancija: \u00b110%<br \/>Elemento tipas: Monoelementas (166 x 166 mm)<br \/>Konversijos efektyvumas: 23,4%<br \/>\u012etampa: 18 V<br \/>Impulsin\u0117 srov\u0117: 11,1 A<br \/>Voc: 21,6 V<br \/>Srov\u0117s \u012ftampa: 13,3 A<br \/>I\u0161vesties prievadas: MC4<br \/>Darbin\u0117 temperat\u016bra: -10\u201365 Celsijaus<br \/>Laikymo aplinkos temperat\u016bra: -10\u201365 Celsijaus<br \/>Bendras pralaidumas: 97%<br \/>Dr\u0117gm\u0117s pralaidumas: 40Celsius\/90%RH g\/M2 per dien\u0105<br \/>Vandens sugerties greitis: 2,5% (24H)<br \/>Bandymo standartin\u0117s s\u0105lygos: Am1.5 25 Celsijaus 1000 W\/m2<\/span><\/p>\n<\/td>\n<\/tr>\n<tr>\n<td style=\"text-align:left\" align=\"left\">\n<p><span style=\"font-size:16px;font-family:arial, helvetica, sans-serif\"><strong>Svoris ir dydis<\/strong><\/span><\/p>\n<\/td>\n<td style=\"text-align:left\" align=\"left\">\n<p><span style=\"font-size:16px;font-family:arial, helvetica, sans-serif\">Produkto svoris: 8 kg<br \/>Pakuot\u0117s svoris: 9,07 kg<br \/>Gaminio matmenys (ilgis x plotis x auk\u0161tis): 531 * 2400 mm<br \/>Pakuot\u0117s dydis (ilgis x plotis x auk\u0161tis): 590 * 95 * 710 mm<\/span><\/p>\n<\/td>\n<\/tr>\n<tr>\n<td style=\"text-align:left\" align=\"left\">\n<p><span style=\"font-size:16px;font-family:arial, helvetica, sans-serif\"><strong>Pakuot\u0117s turinys<\/strong><\/span><\/p>\n<\/td>\n<td style=\"text-align:left\" align=\"left\">\n<p><span style=\"font-size:16px;font-family:arial, helvetica, sans-serif\">1 x 200 W saul\u0117s baterija&nbsp;<br \/>1 x Naudotojo vadovas<\/span><\/p>\n<\/td>\n<\/tr>\n<\/tbody>\n<\/table>\n<p><\/div>\n<\/div>","protected":false},"excerpt":{"rendered":"<p>Application:&nbsp;HOME Model Number:&nbsp;SP200 Peak Power:&nbsp;200W (50Wx4) Vmp:&nbsp;18V Imp:&nbsp;11.1A Voc:&nbsp;23.4V Isc:&nbsp;13.32A Maximum System Voltage:&nbsp;1000V Output Port:&nbsp;MC3 Highlights 23% High Solar Conversion EfficiencyWith up to 23% high-efficiency monocrystalline solar cells, SP200 performs<\/p>","protected":false},"featured_media":9144,"comment_status":"open","ping_status":"closed","template":"","meta":{"_acf_changed":false},"product_brand":[],"product_cat":[531],"product_tag":[],"class_list":{"0":"post-9143","1":"product","2":"type-product","3":"status-publish","4":"has-post-thumbnail","6":"product_cat-foldable-solar-panels","8":"first","9":"instock","10":"shipping-taxable","11":"purchasable","12":"product-type-simple"},"acf":[],"_links":{"self":[{"href":"https:\/\/www.electricstore.eu\/lt\/wp-json\/wp\/v2\/product\/9143","targetHints":{"allow":["GET"]}}],"collection":[{"href":"https:\/\/www.electricstore.eu\/lt\/wp-json\/wp\/v2\/product"}],"about":[{"href":"https:\/\/www.electricstore.eu\/lt\/wp-json\/wp\/v2\/types\/product"}],"replies":[{"embeddable":true,"href":"https:\/\/www.electricstore.eu\/lt\/wp-json\/wp\/v2\/comments?post=9143"}],"wp:featuredmedia":[{"embeddable":true,"href":"https:\/\/www.electricstore.eu\/lt\/wp-json\/wp\/v2\/media\/9144"}],"wp:attachment":[{"href":"https:\/\/www.electricstore.eu\/lt\/wp-json\/wp\/v2\/media?parent=9143"}],"wp:term":[{"taxonomy":"product_brand","embeddable":true,"href":"https:\/\/www.electricstore.eu\/lt\/wp-json\/wp\/v2\/product_brand?post=9143"},{"taxonomy":"product_cat","embeddable":true,"href":"https:\/\/www.electricstore.eu\/lt\/wp-json\/wp\/v2\/product_cat?post=9143"},{"taxonomy":"product_tag","embeddable":true,"href":"https:\/\/www.electricstore.eu\/lt\/wp-json\/wp\/v2\/product_tag?post=9143"}],"curies":[{"name":"wp","href":"https:\/\/api.w.org\/{rel}","templated":true}]}}