{"id":9127,"date":"2025-05-20T17:45:09","date_gmt":"2025-05-20T17:45:09","guid":{"rendered":"https:\/\/electricstore.eu\/p\/uncategorized\/fossibot-sp420-420w-portable-foldable-solar-panel-23-4-conversion-efficiency-ip67-waterproof-durable-scratch-resistant\/"},"modified":"2025-05-20T17:45:23","modified_gmt":"2025-05-20T17:45:23","slug":"fossibot-sp420-420w-portable-foldable-solar-panel-23-4-conversion-efficiency-ip67-waterproof-durable-scratch-resistant","status":"publish","type":"product","link":"https:\/\/www.electricstore.eu\/lt\/p\/batteries\/foldable-solar-panels\/fossibot-sp420-420w-portable-foldable-solar-panel-23-4-conversion-efficiency-ip67-waterproof-durable-scratch-resistant\/","title":{"rendered":"\u201eFOSSiBOT SP420 420W\u201c ne\u0161iojamas sulankstomas saul\u0117s modulis, 23,41 l\/100 W konversijos efektyvumas, IP67 atsparumas vandeniui, patvarus, atsparus \u012fbr\u0117\u017eimams"},"content":{"rendered":"<div class=\"product-specs-list-container\">\n<ul class=\"product-specs-list util-clearfix\">\n<li class=\"product-prop line-limit-length\"><span\n                                        class=\"property-title\">Taikymas:&nbsp;<\/span><span\n                                        class=\"property-desc line-limit-length\">NAMAI<\/span>\n                            <\/li>\n<li class=\"product-prop line-limit-length\"><span\n                                        class=\"property-title\">Modelio numeris:&nbsp;<\/span><span\n                                        class=\"property-desc line-limit-length\">SP420<\/span>\n                            <\/li>\n<li class=\"product-prop line-limit-length\"><span\n                                        class=\"property-title\">Did\u017eiausia galia:&nbsp;<\/span><span\n                                        class=\"property-desc line-limit-length\">420 W (105 W * 4)<\/span>\n                            <\/li>\n<li class=\"product-prop line-limit-length\"><span\n                                        class=\"property-title\">L\u0105stel\u0117s tipas:&nbsp;<\/span><span\n                                        class=\"property-desc line-limit-length\">Monocelinis (182 * 182 mm)<\/span>\n                            <\/li>\n<li class=\"product-prop line-limit-length\"><span\n                                        class=\"property-title\">Konversijos efektyvumas:&nbsp;<\/span><span\n                                        class=\"property-desc line-limit-length\">23.4%<\/span>\n                            <\/li>\n<li class=\"product-prop line-limit-length\"><span\n                                        class=\"property-title\">Vmp:&nbsp;<\/span><span\n                                        class=\"property-desc line-limit-length\">32 V<\/span>\n                            <\/li>\n<li class=\"product-prop line-limit-length\"><span\n                                        class=\"property-title\">Parod.:&nbsp;<\/span><span\n                                        class=\"property-desc line-limit-length\">13.1A<\/span>\n                            <\/li>\n<li class=\"product-prop line-limit-length\"><span\n                                        class=\"property-title\">Vokas:&nbsp;<\/span><span\n                                        class=\"property-desc line-limit-length\">38,4 V<\/span>\n                            <\/li>\n<li class=\"product-prop line-limit-length\"><span\n                                        class=\"property-title\">Isc:&nbsp;<\/span><span\n                                        class=\"property-desc line-limit-length\">15,7 A<\/span>\n                            <\/li>\n<li class=\"product-prop line-limit-length\"><span\n                                        class=\"property-title\">I\u0161vesties prievadas:&nbsp;<\/span><span\n                                        class=\"property-desc line-limit-length\">MC4<\/span>\n                            <\/li>\n<li class=\"product-prop line-limit-length\"><span\n                                        class=\"property-title\">Darbin\u0117 temperat\u016bra:&nbsp;<\/span><span\n                                        class=\"property-desc line-limit-length\">-10\u201365 Celsijaus<\/span>\n                            <\/li>\n<li class=\"product-prop line-limit-length\"><span\n                                        class=\"property-title\">Laikymo aplinkos temperat\u016bra:&nbsp;<\/span><span\n                                        class=\"property-desc line-limit-length\">-10\u201365 Celsijaus<\/span>\n                            <\/li>\n<li class=\"product-prop line-limit-length\"><span\n                                        class=\"property-title\">Bendras pralaidumas:&nbsp;<\/span><span\n                                        class=\"property-desc line-limit-length\">97%<\/span>\n                            <\/li>\n<\/ul><\/div>\n<div class=\"detailmodule_dynamic\"><kse:widget data-widget-type=\"relatedProduct\" id=\"1005000009406803\" title=\"\" type=\"relation\"><\/kse:widget><\/div>\n<div class=\"detailmodule_html\">\n<div class=\"detail-desc-decorate-richtext\">\n<p><\/p>\n<div style=\"background-color:rgb(240, 234, 255);margin:20px 0px 10px;margin-bottom:10px;margin-top:20px;margin-left:0px;margin-right:0px;width:100%;height:34px\">\n <span style=\"background-color:rgb(55, 139, 238);color:rgb(255, 255, 255);font-size:24px;font-family:Verdana, Arial\">Svarbiausi dalykai<\/span><br \/>\n \n<\/div>\n<div class=\"detailmodule_text\">\n<div>\n  &nbsp;\n <\/div>\n<div class=\"detailmodule_html\">\n<div class=\"detail-desc-decorate-richtext\">\n<div class=\"detailmodule_text\">\n<p style=\"font-family:&quot;Microsoft YaHei&quot;;font-size:medium;font-weight:400;letter-spacing:normal;text-align:start;white-space:normal;color:rgb(0, 0, 0)\" align=\"start\"><span style=\"font-size:16px;font-family:arial, helvetica, sans-serif\"><strong>23.4% didelis saul\u0117s energijos konversijos efektyvumas<\/strong><\/span><span style=\"font-size:16px;font-family:arial, helvetica, sans-serif\"><br \/>Tur\u0117damas iki 23,4% didelio efektyvumo monokristalinius saul\u0117s elementus, SP420 veikia geriau nei pana\u0161ios klas\u0117s polikristaliniai saul\u0117s elementai esant prastam ap\u0161vietimui. Tai leid\u017eia m\u0117gautis lauko nuotykiais, sugerian\u010diais saul\u0117s energij\u0105 \u017eygiuojant, stovyklaujant, va\u017eiuojant nameliais ant rat\u0173, priekabose, valtyse, pa\u0161i\u016br\u0117se ir nameliuose.<\/span><\/p>\n<div>\n     \n    <\/div>\n<p style=\"font-family:&quot;Microsoft YaHei&quot;;font-size:medium;font-weight:400;letter-spacing:normal;text-align:start;white-space:normal;color:rgb(0, 0, 0)\" align=\"start\"><span style=\"font-size:16px;font-family:arial, helvetica, sans-serif\"><strong>Patvarus, atsparus vandeniui ir \u012fbr\u0117\u017eimams<\/strong><\/span><span style=\"font-size:16px;font-family:arial, helvetica, sans-serif\"><br \/>Pavir\u0161ius padengtas patvaria EFTE danga, tod\u0117l yra ilgaam\u017ei\u0161kesnis ir atsparesnis \u012fbr\u0117\u017eimams. Ekranas taip pat pagamintas pagal IP67 atsparumo vandeniui standart\u0105, tod\u0117l idealiai tinka veiklai lauke, pavyzd\u017eiui, stovyklavimui, laipiojimui, \u017eygiams p\u0117s\u010diomis ir net esant prastoms oro s\u0105lygoms.<\/span><\/p>\n<div>\n     \n    <\/div>\n<p style=\"font-family:&quot;Microsoft YaHei&quot;;font-size:medium;font-weight:400;letter-spacing:normal;text-align:start;white-space:normal;color:rgb(0, 0, 0)\" align=\"start\"><span style=\"font-size:16px;font-family:arial, helvetica, sans-serif\"><strong>Platus suderinamumas<\/strong><\/span><span style=\"font-size:16px;font-family:arial, helvetica, sans-serif\"><br \/>SP420 puikiai tinka \u201eFOSSiBOT F3600\u201c. Su 4 SP420 saul\u0117s baterijomis, F3600 galima visi\u0161kai \u012fkrauti ma\u017edaug per 2 valandas ir 16 minu\u010di\u0173. Naudojant 3 viename saul\u0117s \u012fkrovimo laid\u0105, \u0161is 420 W saul\u0117s modulis skirtas naudoti su dauguma rinkoje esan\u010di\u0173 saul\u0117s generatori\u0173.<\/span><\/p>\n<div>\n     \n    <\/div>\n<p style=\"font-family:&quot;Microsoft YaHei&quot;;font-size:medium;font-weight:400;letter-spacing:normal;text-align:start;white-space:normal;color:rgb(0, 0, 0)\" align=\"start\"><span style=\"font-size:16px;font-family:arial, helvetica, sans-serif\"><strong>Sulankstomas ir ne\u0161iojamas<\/strong><\/span><span style=\"font-size:16px;font-family:arial, helvetica, sans-serif\"><br \/>Sulankstyto \u201eFOSSiBOT SP420\u201c matmenys yra 55 x 103,6 cm, o svoris \u2013 vos 13,97 kg, tod\u0117l j\u012f lengva transportuoti ir montuoti bet kam. Jis taip pat turi reguliuojamus atraminius kojeles, kurios leid\u017eia reguliuoti saul\u0117s baterij\u0105 pagal saul\u0117s krypt\u012f.<\/span><\/p>\n<\/p><\/div><\/div><\/div>\n<\/div>\n<div style=\"background-color:rgb(240, 234, 255);margin:20px 0px 10px;margin-bottom:10px;margin-top:20px;margin-left:0px;margin-right:0px;width:100%;height:34px\">\n <span style=\"background-color:rgb(55, 139, 238);color:rgb(255, 255, 255);font-size:24px;font-family:Verdana, Arial\">Produkto informacija<\/span>\n<\/div>\n<p><img decoding=\"async\" src=\"https:\/\/ae01.alicdn.com\/kf\/S62ec3a0c3e644bd99cd6619bcd7e42acC.jpg\" slate-data-type=\"image\" \/><img decoding=\"async\" src=\"https:\/\/ae01.alicdn.com\/kf\/Sa47407bc49344f1d80350890cb0399f2I.jpg\" slate-data-type=\"image\" \/><img decoding=\"async\" src=\"https:\/\/ae01.alicdn.com\/kf\/S15014a276b8748e2b0da3b0642f8a55dp.jpg\" slate-data-type=\"image\" \/><img decoding=\"async\" src=\"https:\/\/ae01.alicdn.com\/kf\/Sb4d2896d72f14d5dbd3527071ef00d67q.jpg\" slate-data-type=\"image\" \/><img decoding=\"async\" src=\"https:\/\/ae01.alicdn.com\/kf\/Sfd38ecc39c984d278e032c35e8b996a4L.jpg\" slate-data-type=\"image\" \/><img decoding=\"async\" src=\"https:\/\/ae01.alicdn.com\/kf\/Se3012de06b4b415592d48cccb43353e68.jpg\" slate-data-type=\"image\" \/><img decoding=\"async\" src=\"https:\/\/ae01.alicdn.com\/kf\/S5e27bdd183694e4489a441b03ceeb6dej.jpg\" slate-data-type=\"image\" \/><img decoding=\"async\" src=\"https:\/\/ae01.alicdn.com\/kf\/Se34fe8313fa54c7fbe713ff14402ac6c7.jpg\" slate-data-type=\"image\" \/><\/p>\n<div style=\"background-color:rgb(240, 234, 255);margin:20px 0px 10px;margin-bottom:10px;margin-top:20px;margin-left:0px;margin-right:0px;width:100%;height:34px\">\n <span style=\"background-color:rgb(55, 139, 238);color:rgb(255, 255, 255);font-size:24px;font-family:Verdana, Arial\">Specifikacija<\/span>\n<\/div>\n<p><\/p>\n<table style=\"border-collapse:collapse;font-family:&quot;Microsoft YaHei&quot;;width:1000px\" class=\"jbEidtTable\" border=\"1\" cellpadding=\"5\" cellspacing=\"0\">\n<tbody>\n<tr>\n<td style=\"text-align:left\" align=\"left\">\n<p><span style=\"font-size:16px;font-family:arial, helvetica, sans-serif\"><strong>Bendra<\/strong><\/span><\/p>\n<\/td>\n<td style=\"text-align:left\" align=\"left\">\n<p><span style=\"font-size:16px;font-family:arial, helvetica, sans-serif\">Prek\u0117s \u017eenklas: FOSSiBOT<br \/>Tipas: Saul\u0117s baterija<br \/>Modelis: SP420<br \/>Spalva: juoda<\/span><\/p>\n<\/td>\n<\/tr>\n<tr>\n<td style=\"text-align:left\" align=\"left\">\n<p><span style=\"font-size:16px;font-family:arial, helvetica, sans-serif\"><strong>Specifikacija<\/strong><\/span><\/p>\n<\/td>\n<td style=\"text-align:left\" align=\"left\">\n<p><span style=\"font-size:16px;font-family:arial, helvetica, sans-serif\">Did\u017eiausia galia: 420 W (105 W * 4)<br \/>L\u0105stel\u0117s tipas: MonoCell (182 * 182 mm)<br \/>Konversijos efektyvumas: 23,4%<br \/>\u012etampa: 32 V<br \/>Impulsas: 13,1 A<br \/>Voc: 38,4 V<br \/>Srov\u0117s \u012ftampa: 15,7 A<br \/>I\u0161vesties prievadas: MC4<br \/>Darbin\u0117 temperat\u016bra: -10\u201365 Celsijaus<br \/>Laikymo aplinkos temperat\u016bra: -10\u201365 Celsijaus<br \/>Bendras pralaidumas: 97%<br \/>Dr\u0117gm\u0117s pralaidumas: 40 \u00b0C \/ 90%RH g\/M\u00b2 per dien\u0105<br \/>Vandens sugerties greitis: 2,5% (24 val.)<br \/>Bandymo standartin\u0117s s\u0105lygos: Am1.5 25Celsius 1000W\/\u33a1<br \/>Vieno\u2013trij\u0173 laid\u0173 perdavimas: taikomas visiems \u201eFOSSiBOT\u201c maitinimo \u0161altiniams, taip pat ir kit\u0173 preki\u0173 \u017eenkl\u0173 energijos \u0161altiniams.<br \/>maitinimo \u0161altinis<\/span><\/p>\n<\/td>\n<\/tr>\n<tr>\n<td style=\"text-align:left\" align=\"left\">\n<p><span style=\"font-size:16px;font-family:arial, helvetica, sans-serif\"><strong>Svoris ir dydis<\/strong><\/span><\/p>\n<\/td>\n<td style=\"text-align:left\" align=\"left\">\n<p><span style=\"font-size:16px;font-family:arial, helvetica, sans-serif\">Produkto svoris: 13,97 kg<br \/>Pakuot\u0117s svoris: 15 kg<br \/>Sulankstyto dydis: 550 * 1036 mm<br \/>I\u0161skleisto dydis: 2231 * 1036 mm<br \/>Pakuot\u0117s dydis (ilgis x plotis x auk\u0161tis): 1070 * 135 * 800 mm<\/span><\/p>\n<\/td>\n<\/tr>\n<tr>\n<td style=\"text-align:left\" align=\"left\">\n<p><span style=\"font-size:16px;font-family:arial, helvetica, sans-serif\"><strong>Pakuot\u0117s turinys<\/strong><\/span><\/p>\n<\/td>\n<td style=\"text-align:left\" align=\"left\">\n<p><span style=\"font-size:16px;font-family:arial, helvetica, sans-serif\">1 x saul\u0117s baterija<br \/>1 x Naudotojo vadovas<\/span><\/p>\n<\/td>\n<\/tr>\n<\/tbody>\n<\/table>\n<p><\/p>\n<\/div>\n<\/div>","protected":false},"excerpt":{"rendered":"<p>Application:&nbsp;HOME Model Number:&nbsp;SP420 Peak Power:&nbsp;420W (105W*4) Cell Type:&nbsp;MonoCell (182*182mm) Conversion Efficiency:&nbsp;23.4% Vmp:&nbsp;32V Imp:&nbsp;13.1A Voc:&nbsp;38.4V Isc:&nbsp;15.7A Output Port:&nbsp;MC4 Working Temperature:&nbsp;-10 &#8211; 65 Celsius Storage Ambient Temperature:&nbsp;-10 &#8211; 65 Celsius Total Transmittance:&nbsp;97%<\/p>","protected":false},"featured_media":9129,"comment_status":"open","ping_status":"closed","template":"","meta":{"_acf_changed":false},"product_brand":[],"product_cat":[531],"product_tag":[],"class_list":{"0":"post-9127","1":"product","2":"type-product","3":"status-publish","4":"has-post-thumbnail","6":"product_cat-foldable-solar-panels","8":"first","9":"instock","10":"shipping-taxable","11":"purchasable","12":"product-type-simple"},"acf":[],"_links":{"self":[{"href":"https:\/\/www.electricstore.eu\/lt\/wp-json\/wp\/v2\/product\/9127","targetHints":{"allow":["GET"]}}],"collection":[{"href":"https:\/\/www.electricstore.eu\/lt\/wp-json\/wp\/v2\/product"}],"about":[{"href":"https:\/\/www.electricstore.eu\/lt\/wp-json\/wp\/v2\/types\/product"}],"replies":[{"embeddable":true,"href":"https:\/\/www.electricstore.eu\/lt\/wp-json\/wp\/v2\/comments?post=9127"}],"wp:featuredmedia":[{"embeddable":true,"href":"https:\/\/www.electricstore.eu\/lt\/wp-json\/wp\/v2\/media\/9129"}],"wp:attachment":[{"href":"https:\/\/www.electricstore.eu\/lt\/wp-json\/wp\/v2\/media?parent=9127"}],"wp:term":[{"taxonomy":"product_brand","embeddable":true,"href":"https:\/\/www.electricstore.eu\/lt\/wp-json\/wp\/v2\/product_brand?post=9127"},{"taxonomy":"product_cat","embeddable":true,"href":"https:\/\/www.electricstore.eu\/lt\/wp-json\/wp\/v2\/product_cat?post=9127"},{"taxonomy":"product_tag","embeddable":true,"href":"https:\/\/www.electricstore.eu\/lt\/wp-json\/wp\/v2\/product_tag?post=9127"}],"curies":[{"name":"wp","href":"https:\/\/api.w.org\/{rel}","templated":true}]}}