{"id":9100,"date":"2025-05-20T17:44:52","date_gmt":"2025-05-20T17:44:52","guid":{"rendered":"https:\/\/electricstore.eu\/p\/uncategorized\/cloudenergy-cl24-100-24v-100ah-lifepo4-battery-pack-2560wh-energy-6000-cycles-built-in-100a-bms-support-in-series-parallel\/"},"modified":"2025-05-20T17:45:05","modified_gmt":"2025-05-20T17:45:05","slug":"cloudenergy-cl24-100-24v-100ah-lifepo4-battery-pack-2560wh-energy-6000-cycles-built-in-100a-bms-support-in-series-parallel","status":"publish","type":"product","link":"https:\/\/www.electricstore.eu\/lt\/p\/batteries\/lifepo4-batteries\/100-200ah-lifepo4-batteries\/cloudenergy-cl24-100-24v-100ah-lifepo4-battery-pack-2560wh-energy-6000-cycles-built-in-100a-bms-support-in-series-parallel\/","title":{"rendered":"\u201eCloudenergy CL24-100\u201c 24 V 100 Ah LiFePO4 akumuliatori\u0173 blokas, 2560 Wh energijos, daugiau nei 6000 cikl\u0173, \u012fmontuota 100 A BMS, palaiko nuosekl\u0173j\u012f \/ lygiagret\u0173j\u012f jungim\u0105"},"content":{"rendered":"<div class=\"product-specs-list-container\">\n<ul class=\"product-specs-list util-clearfix\">\n<li class=\"product-prop line-limit-length\"><span\n                                        class=\"property-title\">Ekrano vaizdas:&nbsp;<\/span><span\n                                        class=\"property-desc line-limit-length\">Taip<\/span>\n                            <\/li>\n<li class=\"product-prop line-limit-length\"><span\n                                        class=\"property-title\">Nominali talpa:&nbsp;<\/span><span\n                                        class=\"property-desc line-limit-length\">&gt;3500 mAh<\/span>\n                            <\/li>\n<li class=\"product-prop line-limit-length\"><span\n                                        class=\"property-title\">Modelio numeris:&nbsp;<\/span><span\n                                        class=\"property-desc line-limit-length\">CL24-100<\/span>\n                            <\/li>\n<li class=\"product-prop line-limit-length\"><span\n                                        class=\"property-title\">Tipas:&nbsp;<\/span><span\n                                        class=\"property-desc line-limit-length\">LiFePO4<\/span>\n                            <\/li>\n<li class=\"product-prop line-limit-length\"><span\n                                        class=\"property-title\">Rinkinio tipas:&nbsp;<\/span><span\n                                        class=\"property-desc line-limit-length\">\u012ekrovikli\u0173 rinkiniai<\/span>\n                            <\/li>\n<\/ul><\/div>\n<div class=\"detailmodule_dynamic\"><kse:widget data-widget-type=\"customText\" id=\"1005000009406803\" type=\"relation\"><\/kse:widget><\/div>\n<div class=\"detailmodule_html\">\n<div class=\"detail-desc-decorate-richtext\">\n<p><\/p>\n<div style=\"background-color:rgb(240, 234, 255);margin:20px 0px 10px;margin-bottom:10px;margin-top:20px;margin-left:0px;margin-right:0px;width:100%;height:34px\"><span style=\"background-color:rgb(55, 139, 238);color:rgb(255, 255, 255);font-size:24px;font-family:Verdana, Arial\">Svarbiausi dalykai<\/span><\/div>\n<div class=\"detailmodule_text\">\n<p><strong><span style=\"font-size:16px;font-family:arial, helvetica, sans-serif\">Patikimas automobiliams skirtas li\u010dio akumuliatorius<\/span><\/strong><\/p>\n<p style=\"font-family:&quot;Microsoft YaHei&quot;;font-size:medium;font-weight:400;letter-spacing:normal;text-align:start;white-space:normal;color:rgb(0, 0, 0)\" align=\"start\"><span style=\"font-size:16px;font-family:arial, helvetica, sans-serif\">\u201eCloudenegy LiFePO4\u201c akumuliatoriai pasi\u017eymi i\u0161skirtine kokybe, nes yra pagaminti i\u0161 automobiliams skirt\u0173 LiFePO4 element\u0173, pasi\u017eymin\u010di\u0173 didesniu energijos tankiu, stabilesniu veikimu ir didesne galia. Auk\u0161\u010diausias saugumo lygis pagr\u012fstas UL bandymo sertifikatu akumuliatoriaus viduje esan\u010diam elementui ir integruota 100 A BMS sistema, apsaugan\u010dia nuo perkrovos, per didelio i\u0161sikrovimo, per didel\u0117s srov\u0117s ir trumpojo jungimo, pasi\u017eymin\u010dia puikiu savaiminio i\u0161sikrovimo grei\u010diu. 100% \u2013 saugi, netoksi\u0161ka, i\u0161 atsinaujinan\u010dios energijos.<\/span><\/p>\n<p><\/p>\n<p style=\"font-family:&quot;Microsoft YaHei&quot;;letter-spacing:normal;text-align:start;white-space:normal;color:rgb(0, 0, 0)\" align=\"start\"><strong><span style=\"font-size:16px;font-family:arial, helvetica, sans-serif\">Stipri 100A BMS ir A klas\u0117s elementai<\/span><\/strong><\/p>\n<p style=\"font-family:&quot;Microsoft YaHei&quot;;font-size:medium;font-weight:400;letter-spacing:normal;text-align:start;white-space:normal;color:rgb(0, 0, 0)\" align=\"start\"><span style=\"font-size:16px;font-family:arial, helvetica, sans-serif\">\u201eCloudenegy\u201c 24 V 100 Ah LiFePO4 akumuliatorius su \u012fmontuotu 100 A BMS, kuris palaiko 100 A maksimali\u0105 nuolatin\u0119 \u012fkrovimo \/ i\u0161krovimo srov\u0119, 2560 W maksimali\u0105 apkrovos gali\u0105 ir 2560 Wh maksimali\u0105 energij\u0105. \u012erengtas i\u0161skirtin\u0117s kokyb\u0117s 100 A BMS, kuris taip pat gali apriboti nuolatin\u0119 \u012fkrovimo \/ i\u0161krovimo srov\u0119, 100 Ah li\u010dio akumuliatorius 24 V su A klas\u0117s elementais u\u017etikrina patikim\u0105 akumuliatoriaus kokyb\u0119.<\/span><\/p>\n<p><\/p>\n<p style=\"font-family:&quot;Microsoft YaHei&quot;;letter-spacing:normal;text-align:start;white-space:normal;color:rgb(0, 0, 0)\" align=\"start\"><strong><span style=\"font-size:16px;font-family:arial, helvetica, sans-serif\">Prijungia iki 2 4 serijos lygiagre\u010di\u0173<\/span><\/strong><\/p>\n<p style=\"font-family:&quot;Microsoft YaHei&quot;;font-size:medium;font-weight:400;letter-spacing:normal;text-align:start;white-space:normal;color:rgb(0, 0, 0)\" align=\"start\"><span style=\"font-size:16px;font-family:arial, helvetica, sans-serif\">\u201eCloudenegy LiFePO4\u201c akumuliatorius galima jungti lygiagre\u010diai ir nuosekliai, kad b\u016bt\u0173 didesn\u0117 talpa (maks. 1200 Ah) ir auk\u0161tesn\u0117 \u012ftampa (24 V, 36 V, 48 V), tod\u0117l jis puikiai tinka autonomin\u0117ms saul\u0117s energijos sistemoms ir lauko s\u0105lygoms, tokioms kaip atsarginis energijos tiekimas namuose, kemperiuose, stovyklaviet\u0117se, burlaiviuose ir kt. Jums nereikia jaudintis, kad negal\u0117site \u012fkrauti akumuliatoriaus debesuotomis dienomis, nes ilgas akumuliatoriaus veikimo laikas u\u017etikrins patikim\u0105 maitinim\u0105 arba ilgesn\u0119 ir malonesn\u0119 kelion\u0119.<\/span><\/p>\n<p><\/p>\n<p style=\"font-family:&quot;Microsoft YaHei&quot;;letter-spacing:normal;text-align:start;white-space:normal;color:rgb(0, 0, 0)\" align=\"start\"><strong><span style=\"font-size:16px;font-family:arial, helvetica, sans-serif\">10 met\u0173 tarnavimo laikas ir tvirtas korpusas<\/span><\/strong><\/p>\n<p style=\"font-family:&quot;Microsoft YaHei&quot;;font-size:medium;font-weight:400;letter-spacing:normal;text-align:start;white-space:normal;color:rgb(0, 0, 0)\" align=\"start\"><span style=\"font-size:16px;font-family:arial, helvetica, sans-serif\">\u201eCloudenergy LiFePO4\u201c akumuliatorius yra lengvo dizaino, jo tarnavimo laikas yra iki 10 met\u0173, ir j\u012f galima perdirbti daugiau nei 6000 kart\u0173, o 24 V 100 Ah didel\u0117s talpos maitinimo \u0161altinis tinka saul\u0117s energijai, kemperiams ir kitoms reikm\u0117ms.\u00a0<\/span><\/p>\n<\/div>\n<p style=\"background-color:rgb(240, 234, 255);margin:20px 0px 10px;margin-bottom:10px;margin-top:20px;margin-left:0px;margin-right:0px;width:100%;height:34px\"><span style=\"background-color:rgb(55, 139, 238);color:rgb(255, 255, 255);font-size:24px;font-family:arial, helvetica, sans-serif\">Produkto informacija<\/span><\/p>\n<p><img decoding=\"async\" src=\"https:\/\/ae01.alicdn.com\/kf\/S7a5922d81ea545f6970eeef8cb574f82K.jpg\" slate-data-type=\"image\"\/><img decoding=\"async\" src=\"https:\/\/ae01.alicdn.com\/kf\/Sda79a82428574ebb83dda82c0f7b83ccU.jpg\" slate-data-type=\"image\"\/><img decoding=\"async\" src=\"https:\/\/ae01.alicdn.com\/kf\/S426b3ec6ce154ed4b6994abc86c4afbfX.jpg\" slate-data-type=\"image\"\/><img decoding=\"async\" src=\"https:\/\/ae01.alicdn.com\/kf\/S92cf560b224c43d6926a7e5f965682c6c.jpg\" slate-data-type=\"image\"\/><img decoding=\"async\" src=\"https:\/\/ae01.alicdn.com\/kf\/S86677e43e81c4747b8f6dea627948328Z.jpg\" slate-data-type=\"image\"\/><\/p>\n<div style=\"background-color:rgb(240, 234, 255);margin:20px 0px 10px;margin-bottom:10px;margin-top:20px;margin-left:0px;margin-right:0px;width:100%;height:34px\"><span style=\"background-color:rgb(55, 139, 238);color:rgb(255, 255, 255);font-size:24px;font-family:Verdana, Arial\">Specifikacija<\/span><\/div>\n<div>\u00a0<\/div>\n<table style=\"border-collapse:collapse;font-family:&quot;Microsoft YaHei&quot;;width:1000px\" class=\"jbEidtTable\" border=\"1\" cellpadding=\"5\" cellspacing=\"0\">\n<tbody>\n<tr>\n<td style=\"text-align:left\" align=\"left\">\n<p><strong>Bendra<\/strong><\/p>\n<\/td>\n<td style=\"text-align:left\" align=\"left\">\n<p><span style=\"font-size:16px;font-family:arial, helvetica, sans-serif\">Prek\u0117s \u017eenklas: Cloudenergy<br \/>Tipas: LiFePO4 akumuliatori\u0173 blokas<br \/>Modelis: CL24-100<\/span><\/p>\n<\/td>\n<\/tr>\n<tr>\n<td style=\"text-align:left\" align=\"left\">\n<p><strong>Specifikacija<\/strong><\/p>\n<\/td>\n<td style=\"text-align:left\" align=\"left\">\n<p><span style=\"font-size:16px;font-family:arial, helvetica, sans-serif\">Nominali \u012ftampa: 25,6 V<br \/>Nominali talpa: 100 Ah<br \/>\u012ekrovimo \u012ftampa: 29,2\u201329,4 V<br \/>Energija: 2560 Wh<br \/>Maksimali nuolatin\u0117 \u012fkrovimo srov\u0117: 100A<br \/>Maksimali nuolatin\u0117 i\u0161krovimo srov\u0117: 100A<br \/>Rekomenduojama \u012fkrovimo srov\u0117: 20A<br \/>Ciklo trukm\u0117: 6000+ cikl\u0173<br \/>Maksimali apkrova \/ keitiklio galia: 2560 W<br \/>\u012ekrovimo temperat\u016bra: nuo 0 iki 50 Celsijaus (nuo 32 iki 122 Farenheito)<br \/>I\u0161leidimo temperat\u016bra: nuo -20 iki 60 Celsijaus (nuo -4 iki 140 Farenheito)<br \/>Laikymo temperat\u016bra: nuo -10 iki 50 Celsijaus (nuo 14 iki 122 Farenheito)<br \/>Atsparumas vandeniui: IP63<br \/>Terminalas: M8<\/span><\/p>\n<\/td>\n<\/tr>\n<tr>\n<td style=\"text-align:left\" align=\"left\">\n<p><strong>Svoris ir dydis<\/strong><\/p>\n<\/td>\n<td style=\"text-align:left\" align=\"left\">\n<p><span style=\"font-size:16px;font-family:arial, helvetica, sans-serif\">Produkto svoris: 19,5 kg<br \/>Pakuot\u0117s svoris: 21 kg<br \/>Pakuot\u0117s dydis (ilgis x plotis x auk\u0161tis): 56,2 * 24,7 * 24,5 cm<\/span><\/p>\n<\/td>\n<\/tr>\n<tr>\n<td style=\"text-align:left\" align=\"left\">\n<p><strong>Pakuot\u0117s turinys<\/strong><\/p>\n<\/td>\n<td style=\"text-align:left\" align=\"left\">\n<p>1 x LiFePO4 akumuliatori\u0173 blokas<br \/>1 x Naudotojo vadovas<\/p>\n<\/td>\n<\/tr>\n<\/tbody>\n<\/table>\n<\/div>\n<\/div>\n<p><\/p>","protected":false},"excerpt":{"rendered":"<p>Display screen:&nbsp;Yes Nominal Capacity:&nbsp;&gt;3500mAh Model Number:&nbsp;CL24-100 Type:&nbsp;LiFePO4 Set Type:&nbsp;Charger Sets Highlights Reliable Automotive Grade Lithium Battery Cloudenegy LiFePO4 battery has exceptional quality since they are manufactured by automotive-grade LiFePO4 Cells<\/p>","protected":false},"featured_media":9101,"comment_status":"open","ping_status":"closed","template":"","meta":{"_acf_changed":false},"product_brand":[],"product_cat":[237],"product_tag":[],"class_list":{"0":"post-9100","1":"product","2":"type-product","3":"status-publish","4":"has-post-thumbnail","6":"product_cat-100-200ah-lifepo4-batteries","8":"first","9":"instock","10":"shipping-taxable","11":"purchasable","12":"product-type-simple"},"acf":[],"_links":{"self":[{"href":"https:\/\/www.electricstore.eu\/lt\/wp-json\/wp\/v2\/product\/9100","targetHints":{"allow":["GET"]}}],"collection":[{"href":"https:\/\/www.electricstore.eu\/lt\/wp-json\/wp\/v2\/product"}],"about":[{"href":"https:\/\/www.electricstore.eu\/lt\/wp-json\/wp\/v2\/types\/product"}],"replies":[{"embeddable":true,"href":"https:\/\/www.electricstore.eu\/lt\/wp-json\/wp\/v2\/comments?post=9100"}],"wp:featuredmedia":[{"embeddable":true,"href":"https:\/\/www.electricstore.eu\/lt\/wp-json\/wp\/v2\/media\/9101"}],"wp:attachment":[{"href":"https:\/\/www.electricstore.eu\/lt\/wp-json\/wp\/v2\/media?parent=9100"}],"wp:term":[{"taxonomy":"product_brand","embeddable":true,"href":"https:\/\/www.electricstore.eu\/lt\/wp-json\/wp\/v2\/product_brand?post=9100"},{"taxonomy":"product_cat","embeddable":true,"href":"https:\/\/www.electricstore.eu\/lt\/wp-json\/wp\/v2\/product_cat?post=9100"},{"taxonomy":"product_tag","embeddable":true,"href":"https:\/\/www.electricstore.eu\/lt\/wp-json\/wp\/v2\/product_tag?post=9100"}],"curies":[{"name":"wp","href":"https:\/\/api.w.org\/{rel}","templated":true}]}}