{"id":8935,"date":"2025-05-19T21:20:11","date_gmt":"2025-05-19T21:20:11","guid":{"rendered":"https:\/\/electricstore.eu\/product\/uncategorized\/isinwheel-r6-40km-h-1000w-48v-13ah-electric-bicycle\/"},"modified":"2025-05-20T14:59:29","modified_gmt":"2025-05-20T14:59:29","slug":"isinwheel-r6-40km-h-1000w-48v-13ah-electric-bicycle","status":"publish","type":"product","link":"https:\/\/www.electricstore.eu\/lt\/p\/bikes\/electric-fat-bikes\/isinwheel-r6-40km-h-1000w-48v-13ah-electric-bicycle\/","title":{"rendered":"\u201eisinwheel R6\u201c 1000 W 48 V 13 Ah 50 km\/val., 31\u201360 km, 20 coli\u0173 elektrinis dviratis"},"content":{"rendered":"<div class=\"product-specs-list-container\">\n<ul class=\"product-specs-list util-clearfix\">\n<li class=\"product-prop line-limit-length\"><span\n                                        class=\"property-title\">Modelio numeris:&nbsp;<\/span><span\n                                        class=\"property-desc line-limit-length\">isinwheel R6<\/span>\n                            <\/li>\n<li class=\"product-prop line-limit-length\"><span\n                                        class=\"property-title\">Nominali keleivi\u0173 talpa:&nbsp;<\/span><span\n                                        class=\"property-desc line-limit-length\">Viena s\u0117dyn\u0117<\/span>\n                            <\/li>\n<li class=\"product-prop line-limit-length\"><span\n                                        class=\"property-title\">Stilius:&nbsp;<\/span><span\n                                        class=\"property-desc line-limit-length\">Standartinis tipas<\/span>\n                            <\/li>\n<li class=\"product-prop line-limit-length\"><span\n                                        class=\"property-title\">Maksimalus greitis:&nbsp;<\/span><span\n                                        class=\"property-desc line-limit-length\">&gt;50 km\/val.<\/span>\n                            <\/li>\n<li class=\"product-prop line-limit-length\"><span\n                                        class=\"property-title\">Diapazonas pagal gali\u0105:&nbsp;<\/span><span\n                                        class=\"property-desc line-limit-length\">31\u201360 km<\/span>\n                            <\/li>\n<li class=\"product-prop line-limit-length\"><span\n                                        class=\"property-title\">Galia:&nbsp;<\/span><span\n                                        class=\"property-desc line-limit-length\">351\u2013500 W<\/span>\n                            <\/li>\n<li class=\"product-prop line-limit-length\"><span\n                                        class=\"property-title\">Maitinimo \u0161altinis:&nbsp;<\/span><span\n                                        class=\"property-desc line-limit-length\">li\u010dio baterija<\/span>\n                            <\/li>\n<li class=\"product-prop line-limit-length\"><span\n                                        class=\"property-title\">\u012etampa:&nbsp;<\/span><span\n                                        class=\"property-desc line-limit-length\">48 V<\/span>\n                            <\/li>\n<li class=\"product-prop line-limit-length\"><span\n                                        class=\"property-title\">Maitinimo \u0161altinis:&nbsp;<\/span><span\n                                        class=\"property-desc line-limit-length\">li\u010dio baterija<\/span>\n                            <\/li>\n<li class=\"product-prop line-limit-length\"><span\n                                        class=\"property-title\">Kilm\u0117:&nbsp;<\/span><span\n                                        class=\"property-desc line-limit-length\">\u017demynin\u0117 Kinija<\/span>\n                            <\/li>\n<li class=\"product-prop line-limit-length\"><span\n                                        class=\"property-title\">Sulankstytas:&nbsp;<\/span><span\n                                        class=\"property-desc line-limit-length\">Ne<\/span>\n                            <\/li>\n<li class=\"product-prop line-limit-length\"><span\n                                        class=\"property-title\">Variklis:&nbsp;<\/span><span\n                                        class=\"property-desc line-limit-length\">Be\u0161epetis<\/span>\n                            <\/li>\n<li class=\"product-prop line-limit-length\"><span\n                                        class=\"property-title\">Rat\u0173 dydis:&nbsp;<\/span><span\n                                        class=\"property-desc line-limit-length\">20 coli\u0173<\/span>\n                            <\/li>\n<li class=\"product-prop line-limit-length\"><span\n                                        class=\"property-title\">R\u0117mo med\u017eiaga:&nbsp;<\/span><span\n                                        class=\"property-desc line-limit-length\">Aliuminio lydinys<\/span>\n                            <\/li>\n<\/ul><\/div>\n<p><span style=\"color:rgb(244, 78, 59)\"><u>Mielas drauge,<\/u><\/span><\/p>\n<h3 style=\"font-family:&quot;TT Norms Pro&quot;, &quot;Open Sans&quot;, Roboto, Arial, Helvetica, sans-serif, SimSun;letter-spacing:normal;text-align:start;white-space:normal;color:rgb(34, 34, 34);box-sizing:border-box\" align=\"start\"><span style=\"color:rgb(244, 78, 59)\"><u>Lenkijoje turime profesionali\u0105 remonto komand\u0105 ir teikiame garantinio aptarnavimo paslaugas neprisijungus.<\/u><\/span><\/h3>\n<h3 style=\"font-family:&quot;TT Norms Pro&quot;, &quot;Open Sans&quot;, Roboto, Arial, Helvetica, sans-serif, SimSun;letter-spacing:normal;text-align:start;white-space:normal;color:rgb(34, 34, 34);box-sizing:border-box\" align=\"start\"><span style=\"color:rgb(244, 78, 59)\"><u>\u012esigytas elektrinis dviratis bus i\u0161si\u0173stas i\u0161 Lenkijos, u\u017e kur\u012f galime i\u0161ra\u0161yti s\u0105skait\u0105 fakt\u016br\u0105. Jei turite klausim\u0173, susisiekite su mumis.<\/u><\/span><\/h3>\n<h1 style=\"text-align:center\" align=\"center\"><strong>\u201eisinwheel R6\u201c elektrinis dviratis, 40 km\/val., 1000 W variklis, 48 V, 13 Ah baterija, 7 grei\u010di\u0173 kaln\u0173 Fat elektrinis dviratis suaugusiems, skirtas va\u017ein\u0117ti visureigiu<\/strong><\/h1>\n<p style=\"text-align:center\" align=\"center\"><img decoding=\"async\" src=\"https:\/\/ae01.alicdn.com\/kf\/Se7fd69ed124b4d8991d074167b87b822e.jpg\" slate-data-type=\"image\"\/><img decoding=\"async\" src=\"https:\/\/ae01.alicdn.com\/kf\/Sde89e888c5cf47adb68dc071ab28d69dE.jpg\" slate-data-type=\"image\"\/><img decoding=\"async\" src=\"https:\/\/ae01.alicdn.com\/kf\/Scc86a051d8db4388b7d9c778c8d39eaeJ.jpg\" slate-data-type=\"image\"\/><img decoding=\"async\" src=\"https:\/\/ae01.alicdn.com\/kf\/S10ac0c9dada94829a37c1a6a0380cc44M.jpg\" slate-data-type=\"image\"\/><img decoding=\"async\" src=\"https:\/\/ae01.alicdn.com\/kf\/Se5d6104243ef494cad3e0b3029c79e6f8.jpg\" slate-data-type=\"image\"\/><img decoding=\"async\" src=\"https:\/\/ae01.alicdn.com\/kf\/S8db8b3e609684ffbb700e5c0e0d16fb20.jpg\" slate-data-type=\"image\"\/><img decoding=\"async\" src=\"https:\/\/ae01.alicdn.com\/kf\/S170cb37eeece404280967b0a247b9ad8b.jpg\" slate-data-type=\"image\"\/><img decoding=\"async\" src=\"https:\/\/ae01.alicdn.com\/kf\/Sb76ee00b25c0490aada2d3a70b9649e2Y.jpg\" slate-data-type=\"image\"\/><img decoding=\"async\" src=\"https:\/\/ae01.alicdn.com\/kf\/S241d6d3b1a5841c7902a597d618ed78dO.jpg\" slate-data-type=\"image\"\/><img decoding=\"async\" src=\"https:\/\/ae01.alicdn.com\/kf\/Sadff0e4c7f80464c8217db227bbc258aY.jpg\" slate-data-type=\"image\"\/><img decoding=\"async\" src=\"https:\/\/ae01.alicdn.com\/kf\/S63f177d96879472bb36d47a310e1fce3U.jpg\" slate-data-type=\"image\"\/><img decoding=\"async\" src=\"https:\/\/ae01.alicdn.com\/kf\/Sadff0e4c7f80464c8217db227bbc258aY.jpg\" slate-data-type=\"image\"\/><img decoding=\"async\" src=\"https:\/\/ae01.alicdn.com\/kf\/S63f177d96879472bb36d47a310e1fce3U.jpg\" slate-data-type=\"image\"\/><img decoding=\"async\" src=\"https:\/\/ae01.alicdn.com\/kf\/S1f14115af183405f94c06dc5e9f077b1t.jpg\" slate-data-type=\"image\"\/><img decoding=\"async\" src=\"https:\/\/ae01.alicdn.com\/kf\/S52658b3252764ea5a751783a24c3d6d98.jpg\" slate-data-type=\"image\"\/><img decoding=\"async\" src=\"https:\/\/ae01.alicdn.com\/kf\/Sb1527be532ac4127b51a38dccd077545d.jpg\" slate-data-type=\"image\"\/><img decoding=\"async\" src=\"https:\/\/ae01.alicdn.com\/kf\/Sd6ae214908ff479dbbfb05f1218ccccfw.jpg\" slate-data-type=\"image\"\/><img decoding=\"async\" src=\"https:\/\/ae01.alicdn.com\/kf\/S446443f78f9345059e5f097849c4d1e1Q.jpg\" slate-data-type=\"image\"\/><img decoding=\"async\" src=\"https:\/\/ae01.alicdn.com\/kf\/Scefd89fa39dc4c489463c5e8efa5b0e2M.jpg\" slate-data-type=\"image\"\/><\/p>","protected":false},"excerpt":{"rendered":"<p>Model Number:&nbsp;isinwheel R6 Rated Passenger Capacity:&nbsp;One Seat Style:&nbsp;Standard Type Max Speed:&nbsp;&gt;50km\/h Range per Power:&nbsp;31 &#8211; 60 km Wattage:&nbsp;351 &#8211; 500w Power Supply:&nbsp;lithium battery Voltage:&nbsp;48V Power Source:&nbsp;lithium battery Origin:&nbsp;Mainland China Folded:&nbsp;No<\/p>","protected":false},"featured_media":8936,"comment_status":"open","ping_status":"closed","template":"","meta":{"_acf_changed":false},"product_brand":[],"product_cat":[300,470],"product_tag":[],"class_list":{"0":"post-8935","1":"product","2":"type-product","3":"status-publish","4":"has-post-thumbnail","6":"product_cat-electric-fat-bikes","7":"product_cat-electric-pedal-motorcycle","9":"first","10":"outofstock","11":"shipping-taxable","12":"purchasable","13":"product-type-simple"},"acf":[],"_links":{"self":[{"href":"https:\/\/www.electricstore.eu\/lt\/wp-json\/wp\/v2\/product\/8935","targetHints":{"allow":["GET"]}}],"collection":[{"href":"https:\/\/www.electricstore.eu\/lt\/wp-json\/wp\/v2\/product"}],"about":[{"href":"https:\/\/www.electricstore.eu\/lt\/wp-json\/wp\/v2\/types\/product"}],"replies":[{"embeddable":true,"href":"https:\/\/www.electricstore.eu\/lt\/wp-json\/wp\/v2\/comments?post=8935"}],"wp:featuredmedia":[{"embeddable":true,"href":"https:\/\/www.electricstore.eu\/lt\/wp-json\/wp\/v2\/media\/8936"}],"wp:attachment":[{"href":"https:\/\/www.electricstore.eu\/lt\/wp-json\/wp\/v2\/media?parent=8935"}],"wp:term":[{"taxonomy":"product_brand","embeddable":true,"href":"https:\/\/www.electricstore.eu\/lt\/wp-json\/wp\/v2\/product_brand?post=8935"},{"taxonomy":"product_cat","embeddable":true,"href":"https:\/\/www.electricstore.eu\/lt\/wp-json\/wp\/v2\/product_cat?post=8935"},{"taxonomy":"product_tag","embeddable":true,"href":"https:\/\/www.electricstore.eu\/lt\/wp-json\/wp\/v2\/product_tag?post=8935"}],"curies":[{"name":"wp","href":"https:\/\/api.w.org\/{rel}","templated":true}]}}