{"id":8880,"date":"2025-05-19T21:19:36","date_gmt":"2025-05-19T21:19:36","guid":{"rendered":"https:\/\/electricstore.eu\/product\/uncategorized\/engwe-engine-pro-2-0-750w-52v-16ah-all-terrain-e-bike\/"},"modified":"2025-05-21T05:41:20","modified_gmt":"2025-05-21T05:41:20","slug":"engwe-engine-pro-2-0-750w-52v-16ah-all-terrain-e-bike","status":"publish","type":"product","link":"https:\/\/www.electricstore.eu\/lt\/p\/bikes\/folding-bikes\/engwe-engine-pro-2-0-750w-52v-16ah-all-terrain-e-bike\/","title":{"rendered":"ENGWE Engine Pro 2.0 750W 52V 16Ah 25km\/h &gt;60Km 20\u2033 elektrinis dviratis visureigiui"},"content":{"rendered":"<div class=\"product-specs-list-container\">\n<ul class=\"product-specs-list util-clearfix\">\n<li class=\"product-prop line-limit-length\"><span\n                                        class=\"property-title\">Modelio numeris:&nbsp;<\/span><span\n                                        class=\"property-desc line-limit-length\">ENGWE Variklis Pro 2.0<\/span>\n                            <\/li>\n<li class=\"product-prop line-limit-length\"><span\n                                        class=\"property-title\">Nominali keleivi\u0173 talpa:&nbsp;<\/span><span\n                                        class=\"property-desc line-limit-length\">Dvi s\u0117dyn\u0117s<\/span>\n                            <\/li>\n<li class=\"product-prop line-limit-length\"><span\n                                        class=\"property-title\">Stilius:&nbsp;<\/span><span\n                                        class=\"property-desc line-limit-length\">Mini tipas<\/span>\n                            <\/li>\n<li class=\"product-prop line-limit-length\"><span\n                                        class=\"property-title\">Diapazonas pagal gali\u0105:&nbsp;<\/span><span\n                                        class=\"property-desc line-limit-length\">&gt; 60 km<\/span>\n                            <\/li>\n<li class=\"product-prop line-limit-length\"><span\n                                        class=\"property-title\">Maitinimo \u0161altinis:&nbsp;<\/span><span\n                                        class=\"property-desc line-limit-length\">Akumuliatorius<\/span>\n                            <\/li>\n<li class=\"product-prop line-limit-length\"><span\n                                        class=\"property-title\">\u012etampa:&nbsp;<\/span><span\n                                        class=\"property-desc line-limit-length\">48 V<\/span>\n                            <\/li>\n<li class=\"product-prop line-limit-length\"><span\n                                        class=\"property-title\">Kilm\u0117:&nbsp;<\/span><span\n                                        class=\"property-desc line-limit-length\">\u017demynin\u0117 Kinija<\/span>\n                            <\/li>\n<li class=\"product-prop line-limit-length\"><span\n                                        class=\"property-title\">Sulankstytas:&nbsp;<\/span><span\n                                        class=\"property-desc line-limit-length\">Taip<\/span>\n                            <\/li>\n<li class=\"product-prop line-limit-length\"><span\n                                        class=\"property-title\">Variklis:&nbsp;<\/span><span\n                                        class=\"property-desc line-limit-length\">Be\u0161epetis<\/span>\n                            <\/li>\n<li class=\"product-prop line-limit-length\"><span\n                                        class=\"property-title\">Rat\u0173 dydis:&nbsp;<\/span><span\n                                        class=\"property-desc line-limit-length\">20 coli\u0173<\/span>\n                            <\/li>\n<li class=\"product-prop line-limit-length\"><span\n                                        class=\"property-title\">R\u0117mo med\u017eiaga:&nbsp;<\/span><span\n                                        class=\"property-desc line-limit-length\">Aliuminio lydinys<\/span>\n                            <\/li>\n<\/ul><\/div>\n<h1 style=\"text-align:center\" align=\"center\"><strong>ENGWE Engine Pro 2.0 elektrinis dviratis 750W 52V16AH akumuliatorius elektrinis dviratis hidraulinis stabdys 20 * 4.0 coli\u0173 Fat padanga visureigis elektrinis dviratis<\/strong><\/h1>\n<p style=\"font-family:&quot;TT Norms Pro&quot;, &quot;Open Sans&quot;, Roboto, Arial, Helvetica, sans-serif, SimSun;font-size:14px;font-weight:400;letter-spacing:normal;line-height:inherit;text-align:left;white-space:normal;color:rgb(34, 34, 34);margin:0px;margin-bottom:0px;margin-top:0px;margin-left:0px;margin-right:0px;padding:0px;padding-bottom:0px;padding-top:0px;padding-left:0px;padding-right:0px;box-sizing:border-box\" align=\"left\"><span style=\"background-color:rgb(255, 255, 255);color:rgb(45, 55, 72);font-size:17px;font-family:&quot;PT Sans&quot;, sans-serif\">Elektrinis dviratis ENGWE Engine Pro 2.0. Patobulinta nauja ENGWE Engine Pro versija su geresne baterija ir nauju varikliu. Efektyvus elektrinis dviratis su storomis padangomis ir nauju galingu 250 W be\u0161epet\u0117liniu varikliu. Maksimalus greitis su pagalbine pavara yra 25 km\/h. Greitis u\u017efiksuotas iki 25 km\/h pagal ES reglamentus. Dviratis turi 20 coli\u0173 ratus, tinkan\u010dius va\u017eiavimui tiek mieste, tiek bekel\u0117je.<\/span><\/p>\n<p style=\"font-family:&quot;TT Norms Pro&quot;, &quot;Open Sans&quot;, Roboto, Arial, Helvetica, sans-serif, SimSun;font-size:14px;font-weight:400;letter-spacing:normal;line-height:inherit;text-align:start;white-space:normal;color:rgb(34, 34, 34);margin:0px;margin-bottom:0px;margin-top:0px;margin-left:0px;margin-right:0px;padding:0px;padding-bottom:0px;padding-top:0px;padding-left:0px;padding-right:0px;box-sizing:border-box\" align=\"start\">\n<p style=\"font-family:&quot;PT Sans&quot;, sans-serif;font-size:17px;font-weight:400;letter-spacing:normal;line-height:inherit;text-align:start;white-space:normal;color:rgb(45, 55, 72);background-color:rgb(255, 255, 255);margin:0px;margin-bottom:0px;margin-top:0px;margin-left:0px;margin-right:0px;padding:0px;padding-bottom:0px;padding-top:0px;padding-left:0px;padding-right:0px;box-sizing:inherit\" align=\"start\"><strong>SPECIFIKACIJA<\/strong><\/p>\n<ul style=\"font-family:&quot;PT Sans&quot;, sans-serif;font-size:17px;font-weight:400;letter-spacing:normal;text-align:start;white-space:normal;color:rgb(45, 55, 72);background-color:rgb(255, 255, 255);margin:0px 0px 1.5em 1.5em;margin-bottom:1.5em;margin-top:0px;margin-left:1.5em;margin-right:0px;padding:0px;padding-bottom:0px;padding-top:0px;padding-left:0px;padding-right:0px;list-style:disc;box-sizing:border-box\" class=\"wp-block-list\" align=\"start\">\n<li style=\"margin:0px;margin-bottom:0px;margin-top:0px;margin-left:0px;margin-right:0px;padding:0px;padding-bottom:0px;padding-top:0px;padding-left:0px;padding-right:0px;box-sizing:inherit\">\n<p style=\"line-height:inherit;margin:0px;margin-bottom:0px;margin-top:0px;margin-left:0px;margin-right:0px;padding:0px;padding-bottom:0px;padding-top:0px;padding-left:0px;padding-right:0px;box-sizing:border-box\">Med\u017eiaga: 6061 aliuminio lydinio sulankstomas r\u0117mas<\/p>\n<\/li>\n<li style=\"margin:0px;margin-bottom:0px;margin-top:0px;margin-left:0px;margin-right:0px;padding:0px;padding-bottom:0px;padding-top:0px;padding-left:0px;padding-right:0px;box-sizing:inherit\">\n<p style=\"line-height:inherit;margin:0px;margin-bottom:0px;margin-top:0px;margin-left:0px;margin-right:0px;padding:0px;padding-bottom:0px;padding-top:0px;padding-left:0px;padding-right:0px;box-sizing:border-box\">Variklis: Integruotas variklis magnio lydinio ratlankio stebul\u0117je<\/p>\n<\/li>\n<li style=\"margin:0px;margin-bottom:0px;margin-top:0px;margin-left:0px;margin-right:0px;padding:0px;padding-bottom:0px;padding-top:0px;padding-left:0px;padding-right:0px;box-sizing:inherit\">\n<p style=\"line-height:inherit;margin:0px;margin-bottom:0px;margin-top:0px;margin-left:0px;margin-right:0px;padding:0px;padding-bottom:0px;padding-top:0px;padding-left:0px;padding-right:0px;box-sizing:border-box\">Sukimo momentas: 75 Nm<\/p>\n<\/li>\n<li style=\"margin:0px;margin-bottom:0px;margin-top:0px;margin-left:0px;margin-right:0px;padding:0px;padding-bottom:0px;padding-top:0px;padding-left:0px;padding-right:0px;box-sizing:inherit\">\n<p style=\"line-height:inherit;margin:0px;margin-bottom:0px;margin-top:0px;margin-left:0px;margin-right:0px;padding:0px;padding-bottom:0px;padding-top:0px;padding-left:0px;padding-right:0px;box-sizing:border-box\">Jutiklis: sukimo momento jutiklis<\/p>\n<\/li>\n<li style=\"margin:0px;margin-bottom:0px;margin-top:0px;margin-left:0px;margin-right:0px;padding:0px;padding-bottom:0px;padding-top:0px;padding-left:0px;padding-right:0px;box-sizing:inherit\">\n<p style=\"line-height:inherit;margin:0px;margin-bottom:0px;margin-top:0px;margin-left:0px;margin-right:0px;padding:0px;padding-bottom:0px;padding-top:0px;padding-left:0px;padding-right:0px;box-sizing:border-box\">Stabd\u017eiai: hidrauliniai diskiniai 160 mm<\/p>\n<\/li>\n<li style=\"margin:0px;margin-bottom:0px;margin-top:0px;margin-left:0px;margin-right:0px;padding:0px;padding-bottom:0px;padding-top:0px;padding-left:0px;padding-right:0px;box-sizing:inherit\">\n<p style=\"line-height:inherit;margin:0px;margin-bottom:0px;margin-top:0px;margin-left:0px;margin-right:0px;padding:0px;padding-bottom:0px;padding-top:0px;padding-left:0px;padding-right:0px;box-sizing:border-box\">Pavar\u0173 d\u0117\u017e\u0117: 8 pavar\u0173 \u201eShimano Altus\u201c<\/p>\n<\/li>\n<li style=\"margin:0px;margin-bottom:0px;margin-top:0px;margin-left:0px;margin-right:0px;padding:0px;padding-bottom:0px;padding-top:0px;padding-left:0px;padding-right:0px;box-sizing:inherit\">\n<p style=\"line-height:inherit;margin:0px;margin-bottom:0px;margin-top:0px;margin-left:0px;margin-right:0px;padding:0px;padding-bottom:0px;padding-top:0px;padding-left:0px;padding-right:0px;box-sizing:border-box\">Ekranas: LCD spalvotas ekranas<\/p>\n<\/li>\n<li style=\"margin:0px;margin-bottom:0px;margin-top:0px;margin-left:0px;margin-right:0px;padding:0px;padding-bottom:0px;padding-top:0px;padding-left:0px;padding-right:0px;box-sizing:inherit\">\n<p style=\"line-height:inherit;margin:0px;margin-bottom:0px;margin-top:0px;margin-left:0px;margin-right:0px;padding:0px;padding-bottom:0px;padding-top:0px;padding-left:0px;padding-right:0px;box-sizing:border-box\">Greitis: 25 km\/val. (PAS 5)<\/p>\n<\/li>\n<li style=\"margin:0px;margin-bottom:0px;margin-top:0px;margin-left:0px;margin-right:0px;padding:0px;padding-bottom:0px;padding-top:0px;padding-left:0px;padding-right:0px;box-sizing:inherit\">\n<p style=\"line-height:inherit;margin:0px;margin-bottom:0px;margin-top:0px;margin-left:0px;margin-right:0px;padding:0px;padding-bottom:0px;padding-top:0px;padding-left:0px;padding-right:0px;box-sizing:border-box\">Rida: 110 km (PAS 1)<\/p>\n<\/li>\n<li style=\"margin:0px;margin-bottom:0px;margin-top:0px;margin-left:0px;margin-right:0px;padding:0px;padding-bottom:0px;padding-top:0px;padding-left:0px;padding-right:0px;box-sizing:inherit\">\n<p style=\"line-height:inherit;margin:0px;margin-bottom:0px;margin-top:0px;margin-left:0px;margin-right:0px;padding:0px;padding-bottom:0px;padding-top:0px;padding-left:0px;padding-right:0px;box-sizing:border-box\">Baterija: 52 V 16 Ah li\u010dio jon\u0173 baterija<\/p>\n<\/li>\n<li style=\"margin:0px;margin-bottom:0px;margin-top:0px;margin-left:0px;margin-right:0px;padding:0px;padding-bottom:0px;padding-top:0px;padding-left:0px;padding-right:0px;box-sizing:inherit\">\n<p style=\"line-height:inherit;margin:0px;margin-bottom:0px;margin-top:0px;margin-left:0px;margin-right:0px;padding:0px;padding-bottom:0px;padding-top:0px;padding-left:0px;padding-right:0px;box-sizing:border-box\">Padangos: Padangos 20 \u00d7 4,0 \u2033.<\/p>\n<\/li>\n<li style=\"margin:0px;margin-bottom:0px;margin-top:0px;margin-left:0px;margin-right:0px;padding:0px;padding-bottom:0px;padding-top:0px;padding-left:0px;padding-right:0px;box-sizing:inherit\">\n<p style=\"line-height:inherit;margin:0px;margin-bottom:0px;margin-top:0px;margin-left:0px;margin-right:0px;padding:0px;padding-bottom:0px;padding-top:0px;padding-left:0px;padding-right:0px;box-sizing:border-box\">Did\u017eiausias pakilimo laipsnis: 10 \u00b0<\/p>\n<\/li>\n<li style=\"margin:0px;margin-bottom:0px;margin-top:0px;margin-left:0px;margin-right:0px;padding:0px;padding-bottom:0px;padding-top:0px;padding-left:0px;padding-right:0px;box-sizing:inherit\">\n<p style=\"line-height:inherit;margin:0px;margin-bottom:0px;margin-top:0px;margin-left:0px;margin-right:0px;padding:0px;padding-bottom:0px;padding-top:0px;padding-left:0px;padding-right:0px;box-sizing:border-box\">\u012ekrovimo laikas: apie 5,5 valandos<\/p>\n<\/li>\n<li style=\"margin:0px;margin-bottom:0px;margin-top:0px;margin-left:0px;margin-right:0px;padding:0px;padding-bottom:0px;padding-top:0px;padding-left:0px;padding-right:0px;box-sizing:inherit\">\n<p style=\"line-height:inherit;margin:0px;margin-bottom:0px;margin-top:0px;margin-left:0px;margin-right:0px;padding:0px;padding-bottom:0px;padding-top:0px;padding-left:0px;padding-right:0px;box-sizing:border-box\">Dvira\u010dio svoris: 31,6 kg<\/p>\n<\/li>\n<li style=\"margin:0px;margin-bottom:0px;margin-top:0px;margin-left:0px;margin-right:0px;padding:0px;padding-bottom:0px;padding-top:0px;padding-left:0px;padding-right:0px;box-sizing:inherit\">\n<p style=\"line-height:inherit;margin:0px;margin-bottom:0px;margin-top:0px;margin-left:0px;margin-right:0px;padding:0px;padding-bottom:0px;padding-top:0px;padding-left:0px;padding-right:0px;box-sizing:border-box\">Bendras svoris: 39,8 kg<\/p>\n<\/li>\n<\/ul>\n<p style=\"font-family:&quot;PT Sans&quot;, sans-serif;font-size:17px;font-weight:400;letter-spacing:normal;line-height:inherit;text-align:start;white-space:normal;color:rgb(45, 55, 72);background-color:rgb(255, 255, 255);margin:0px;margin-bottom:0px;margin-top:0px;margin-left:0px;margin-right:0px;padding:0px;padding-bottom:0px;padding-top:0px;padding-left:0px;padding-right:0px;box-sizing:inherit\" align=\"start\">Matmenys:<\/p>\n<ul style=\"font-family:&quot;PT Sans&quot;, sans-serif;font-size:17px;font-weight:400;letter-spacing:normal;text-align:start;white-space:normal;color:rgb(45, 55, 72);background-color:rgb(255, 255, 255);margin:0px 0px 1.5em 1.5em;margin-bottom:1.5em;margin-top:0px;margin-left:1.5em;margin-right:0px;padding:0px;padding-bottom:0px;padding-top:0px;padding-left:0px;padding-right:0px;list-style:disc;box-sizing:border-box\" class=\"wp-block-list\" align=\"start\">\n<li style=\"margin:0px;margin-bottom:0px;margin-top:0px;margin-left:0px;margin-right:0px;padding:0px;padding-bottom:0px;padding-top:0px;padding-left:0px;padding-right:0px;box-sizing:inherit\">\n<p style=\"line-height:inherit;margin:0px;margin-bottom:0px;margin-top:0px;margin-left:0px;margin-right:0px;padding:0px;padding-bottom:0px;padding-top:0px;padding-left:0px;padding-right:0px;box-sizing:border-box\">\u016agis: 162\u2013190 cm<\/p>\n<\/li>\n<li style=\"margin:0px;margin-bottom:0px;margin-top:0px;margin-left:0px;margin-right:0px;padding:0px;padding-bottom:0px;padding-top:0px;padding-left:0px;padding-right:0px;box-sizing:inherit\">\n<p style=\"line-height:inherit;margin:0px;margin-bottom:0px;margin-top:0px;margin-left:0px;margin-right:0px;padding:0px;padding-bottom:0px;padding-top:0px;padding-left:0px;padding-right:0px;box-sizing:border-box\">Keliamoji galia: 150 kg<\/p>\n<\/li>\n<li style=\"margin:0px;margin-bottom:0px;margin-top:0px;margin-left:0px;margin-right:0px;padding:0px;padding-bottom:0px;padding-top:0px;padding-left:0px;padding-right:0px;box-sizing:inherit\">\n<p style=\"line-height:inherit;margin:0px;margin-bottom:0px;margin-top:0px;margin-left:0px;margin-right:0px;padding:0px;padding-bottom:0px;padding-top:0px;padding-left:0px;padding-right:0px;box-sizing:border-box\">Pakuot\u0117s matmenys (ilgis plo\u010dio): 144 * 32 * 72<\/p>\n<\/li>\n<\/ul>\n<p><img decoding=\"async\" src=\"https:\/\/ae01.alicdn.com\/kf\/S183efc8cdd4e480eb365360064dd766fA.jpg\" slate-data-type=\"image\"\/><img decoding=\"async\" src=\"https:\/\/ae01.alicdn.com\/kf\/S7764df801e95404fba1e190186e5e3b2Z.jpg\" slate-data-type=\"image\"\/><img decoding=\"async\" src=\"https:\/\/ae01.alicdn.com\/kf\/S76d8d64c76ce40a38d11466ab04a8cbdD.jpg\" slate-data-type=\"image\"\/><img decoding=\"async\" src=\"https:\/\/ae01.alicdn.com\/kf\/S2b491ec7635b4dfeb8867402a53fd60ew.jpg\" slate-data-type=\"image\"\/><img decoding=\"async\" src=\"https:\/\/ae01.alicdn.com\/kf\/Sb339dd203213494bb1b865f666e54154j.jpg\" slate-data-type=\"image\"\/><img decoding=\"async\" src=\"https:\/\/ae01.alicdn.com\/kf\/S59e6d35b648d4f59a6727c90bebbbdc7h.jpg\" slate-data-type=\"image\"\/><img decoding=\"async\" src=\"https:\/\/ae01.alicdn.com\/kf\/S335e61de853943628750e0d3a0184434W.jpg\" slate-data-type=\"image\"\/><img decoding=\"async\" src=\"https:\/\/ae01.alicdn.com\/kf\/S0e4ca031ac2e456489149d82de59b8c4r.jpg\" slate-data-type=\"image\"\/><img decoding=\"async\" src=\"https:\/\/ae01.alicdn.com\/kf\/S280aae33328c44dcb65a06a0111f7000h.jpg\" slate-data-type=\"image\"\/><\/p>","protected":false},"excerpt":{"rendered":"<p>Model Number:&nbsp;ENGWE Engine Pro 2.0 Rated Passenger Capacity:&nbsp;Two Seat Style:&nbsp;Mini Type Range per Power:&nbsp;&gt; 60 km Power Supply:&nbsp;Storage Battery Voltage:&nbsp;48V Origin:&nbsp;Mainland China Folded:&nbsp;Yes Motor:&nbsp;Brushless Wheel Size:&nbsp;20\u201c Frame Material:&nbsp;Aluminum alloy ENGWE<\/p>","protected":false},"featured_media":8881,"comment_status":"open","ping_status":"closed","template":"","meta":{"_acf_changed":false},"product_brand":[],"product_cat":[298,300,296],"product_tag":[],"class_list":{"0":"post-8880","1":"product","2":"type-product","3":"status-publish","4":"has-post-thumbnail","6":"product_cat-electric-city-bikes","7":"product_cat-electric-fat-bikes","8":"product_cat-folding-bikes","10":"first","11":"instock","12":"shipping-taxable","13":"purchasable","14":"product-type-variable"},"acf":[],"_links":{"self":[{"href":"https:\/\/www.electricstore.eu\/lt\/wp-json\/wp\/v2\/product\/8880","targetHints":{"allow":["GET"]}}],"collection":[{"href":"https:\/\/www.electricstore.eu\/lt\/wp-json\/wp\/v2\/product"}],"about":[{"href":"https:\/\/www.electricstore.eu\/lt\/wp-json\/wp\/v2\/types\/product"}],"replies":[{"embeddable":true,"href":"https:\/\/www.electricstore.eu\/lt\/wp-json\/wp\/v2\/comments?post=8880"}],"wp:featuredmedia":[{"embeddable":true,"href":"https:\/\/www.electricstore.eu\/lt\/wp-json\/wp\/v2\/media\/8881"}],"wp:attachment":[{"href":"https:\/\/www.electricstore.eu\/lt\/wp-json\/wp\/v2\/media?parent=8880"}],"wp:term":[{"taxonomy":"product_brand","embeddable":true,"href":"https:\/\/www.electricstore.eu\/lt\/wp-json\/wp\/v2\/product_brand?post=8880"},{"taxonomy":"product_cat","embeddable":true,"href":"https:\/\/www.electricstore.eu\/lt\/wp-json\/wp\/v2\/product_cat?post=8880"},{"taxonomy":"product_tag","embeddable":true,"href":"https:\/\/www.electricstore.eu\/lt\/wp-json\/wp\/v2\/product_tag?post=8880"}],"curies":[{"name":"wp","href":"https:\/\/api.w.org\/{rel}","templated":true}]}}