{"id":8673,"date":"2025-05-19T21:17:41","date_gmt":"2025-05-19T21:17:41","guid":{"rendered":"https:\/\/electricstore.eu\/product\/uncategorized\/cmacewheel-m26-26-fat-tire-ebike-48v-17ah-torque-80n-m\/"},"modified":"2025-05-21T05:41:25","modified_gmt":"2025-05-21T05:41:25","slug":"cmacewheel-m26-26-fat-tire-ebike-48v-17ah-torque-80n-m","status":"publish","type":"product","link":"https:\/\/www.electricstore.eu\/lt\/p\/bikes\/electric-fat-bikes\/cmacewheel-m26-26-fat-tire-ebike-48v-17ah-torque-80n-m\/","title":{"rendered":"CMACEWHEEL M26 200-250W 48V 17Ah 25km\/h &gt;60km 26\u2033 Fat padanga elektrinis dviratis"},"content":{"rendered":"<div class=\"product-specs-list-container\">\n<ul class=\"product-specs-list util-clearfix\">\n<li class=\"product-prop line-limit-length\"><span\n                                        class=\"property-title\">Modelio numeris:&nbsp;<\/span><span\n                                        class=\"property-desc line-limit-length\">M26<\/span>\n                            <\/li>\n<li class=\"product-prop line-limit-length\"><span\n                                        class=\"property-title\">Nominali keleivi\u0173 talpa:&nbsp;<\/span><span\n                                        class=\"property-desc line-limit-length\">Viena s\u0117dyn\u0117<\/span>\n                            <\/li>\n<li class=\"product-prop line-limit-length\"><span\n                                        class=\"property-title\">Stilius:&nbsp;<\/span><span\n                                        class=\"property-desc line-limit-length\">Standartinis tipas<\/span>\n                            <\/li>\n<li class=\"product-prop line-limit-length\"><span\n                                        class=\"property-title\">Diapazonas pagal gali\u0105:&nbsp;<\/span><span\n                                        class=\"property-desc line-limit-length\">&gt; 60 km<\/span>\n                            <\/li>\n<li class=\"product-prop line-limit-length\"><span\n                                        class=\"property-title\">Galia:&nbsp;<\/span><span\n                                        class=\"property-desc line-limit-length\">200\u2013250 W<\/span>\n                            <\/li>\n<li class=\"product-prop line-limit-length\"><span\n                                        class=\"property-title\">Maitinimo \u0161altinis:&nbsp;<\/span><span\n                                        class=\"property-desc line-limit-length\">li\u010dio baterija<\/span>\n                            <\/li>\n<li class=\"product-prop line-limit-length\"><span\n                                        class=\"property-title\">\u012etampa:&nbsp;<\/span><span\n                                        class=\"property-desc line-limit-length\">48 V<\/span>\n                            <\/li>\n<li class=\"product-prop line-limit-length\"><span\n                                        class=\"property-title\">Kilm\u0117:&nbsp;<\/span><span\n                                        class=\"property-desc line-limit-length\">\u017demynin\u0117 Kinija<\/span>\n                            <\/li>\n<li class=\"product-prop line-limit-length\"><span\n                                        class=\"property-title\">Sulankstytas:&nbsp;<\/span><span\n                                        class=\"property-desc line-limit-length\">Ne<\/span>\n                            <\/li>\n<li class=\"product-prop line-limit-length\"><span\n                                        class=\"property-title\">Variklis:&nbsp;<\/span><span\n                                        class=\"property-desc line-limit-length\">Be\u0161epetis<\/span>\n                            <\/li>\n<li class=\"product-prop line-limit-length\"><span\n                                        class=\"property-title\">Rat\u0173 dydis:&nbsp;<\/span><span\n                                        class=\"property-desc line-limit-length\">26 coli\u0173<\/span>\n                            <\/li>\n<li class=\"product-prop line-limit-length\"><span\n                                        class=\"property-title\">R\u0117mo med\u017eiaga:&nbsp;<\/span><span\n                                        class=\"property-desc line-limit-length\">Aliuminio lydinys<\/span>\n                            <\/li>\n<li class=\"product-prop line-limit-length\"><span\n                                        class=\"property-title\">Prek\u0117s \u017eenklas:&nbsp;<\/span><span\n                                        class=\"property-desc line-limit-length\">CMACEWHEEL<\/span>\n                            <\/li>\n<li class=\"product-prop line-limit-length\"><span\n                                        class=\"property-title\">Galinio baga\u017ein\u0117s apkrova:&nbsp;<\/span><span\n                                        class=\"property-desc line-limit-length\">50 kg<\/span>\n                            <\/li>\n<li class=\"product-prop line-limit-length\"><span\n                                        class=\"property-title\">\u0160viesa:&nbsp;<\/span><span\n                                        class=\"property-desc line-limit-length\">LED priekinis \u017eibintas<\/span>\n                            <\/li>\n<li class=\"product-prop line-limit-length\"><span\n                                        class=\"property-title\">\u016agis:&nbsp;<\/span><span\n                                        class=\"property-desc line-limit-length\">165\u2013200 cm<\/span>\n                            <\/li>\n<li class=\"product-prop line-limit-length\"><span\n                                        class=\"property-title\">Maksimali apkrova:&nbsp;<\/span><span\n                                        class=\"property-desc line-limit-length\">180 kg<\/span>\n                            <\/li>\n<li class=\"product-prop line-limit-length\"><span\n                                        class=\"property-title\">Grynasis svoris:&nbsp;<\/span><span\n                                        class=\"property-desc line-limit-length\">30 kg<\/span>\n                            <\/li>\n<li class=\"product-prop line-limit-length\"><span\n                                        class=\"property-title\">Pakaba:&nbsp;<\/span><span\n                                        class=\"property-desc line-limit-length\">Priekin\u0117s \u0161ak\u0117s amortizatoriaus pakaba<\/span>\n                            <\/li>\n<li class=\"product-prop line-limit-length\"><span\n                                        class=\"property-title\">U\u017ekrato perne\u0161imas:&nbsp;<\/span><span\n                                        class=\"property-desc line-limit-length\">7 grei\u010di\u0173<\/span>\n                            <\/li>\n<li class=\"product-prop line-limit-length\"><span\n                                        class=\"property-title\">Sukimo momentas:&nbsp;<\/span><span\n                                        class=\"property-desc line-limit-length\">80 Nm<\/span>\n                            <\/li>\n<li class=\"product-prop line-limit-length\"><span\n                                        class=\"property-title\">Stabd\u017ei\u0173 sistema:&nbsp;<\/span><span\n                                        class=\"property-desc line-limit-length\">Dvigubo disko mechaninis stabdys<\/span>\n                            <\/li>\n<li class=\"product-prop line-limit-length\"><span\n                                        class=\"property-title\">Baterijos talpa:&nbsp;<\/span><span\n                                        class=\"property-desc line-limit-length\">17 Ah<\/span>\n                            <\/li>\n<li class=\"product-prop line-limit-length\"><span\n                                        class=\"property-title\">3 va\u017eiavimo re\u017eimai:&nbsp;<\/span><span\n                                        class=\"property-desc line-limit-length\">\u012eprastas \/ Pagalbinis pedalas \/ Elektrinis<\/span>\n                            <\/li>\n<li class=\"product-prop line-limit-length\"><span\n                                        class=\"property-title\">Galinis \u017eibintas:&nbsp;<\/span><span\n                                        class=\"property-desc line-limit-length\">Su belaid\u017eiu galiniu \u017eibintu<\/span>\n                            <\/li>\n<\/ul><\/div>\n<div class=\"detailmodule_html\">\n<div class=\"detail-desc-decorate-richtext\">\n<div>\n<p style=\"font-size:24px;text-align:center;color:rgb(208, 2, 27);display:block;width:100%\" align=\"center\"><span style=\"font-family:arial, helvetica, sans-serif\">M26 Apie siuntim\u0105<\/span><\/p>\n<p style=\"font-family:OpenSans;font-size:14px;font-weight:300;line-height:20px;white-space:pre-wrap;color:rgb(0, 0, 0);margin-bottom:12px\" class=\"detail-desc-decorate-content\"><span style=\"font-family:arial, helvetica, sans-serif\">Gerbiami pirk\u0117jai, kai pateiksite u\u017esakym\u0105, pristatym\u0105 suorganizuosime per 12\u201372 valandas, jums nereik\u0117s r\u016bpintis muito mokes\u010diu ir pardavimo PVM, sandorio kaina yra galutin\u0117 kaina, o prek\u0117s atvyks per 3\u201310 darbo dien\u0173, galite b\u016bti ram\u016bs, kad galite pirkti.<\/p>\n<p>Jei turite klausim\u0173, nedvejodami kreipkit\u0117s \u012f m\u016bs\u0173 parduotuv\u0117s klient\u0173 aptarnavimo tarnyb\u0105, mielai jums pad\u0117sime!<\/span><\/p>\n<\/div>\n<div>\n<p style=\"text-align:left;color:rgb(208, 2, 27);display:block;width:100%\" align=\"left\"><span style=\"font-size:20px;font-family:arial, helvetica, sans-serif\">Specifikacijos:<\/span><\/p>\n<p style=\"font-family:OpenSans;font-size:14px;font-weight:300;line-height:20px;white-space:pre-wrap;color:rgb(0, 0, 0);margin-bottom:12px\" class=\"detail-desc-decorate-content\"><span style=\"font-family:arial, helvetica, sans-serif\">Akumuliatorius: 48 V 17 Ah nuimamas akumuliatorius<br \/>Maksimali apkrova: 180 kg<br \/>Med\u017eiaga: 6061 aliuminio lydinys<br \/>\u012ekrovimo laikas: apie 8 val.<br \/>Did\u017eiausias kopimo kampas: 30\u00b0<br \/>Skaitiklio ekranas: LCD matuoklis<br \/>Padangos dydis: 26 * 4,0 colio<br \/>Stabd\u017eiai: dviej\u0173 disk\u0173 mechaniniai stabd\u017eiai<br \/>Pavar\u0173 sistema: 7 grei\u010di\u0173<br \/>Greitis: 0\u201325 km\/val.<br \/>Maksimalus nuva\u017eiuojamas atstumas: iki 70 km su pilnu \u012fkrovimu, kai \u012fjungtas pagalbinis re\u017eimas.<br \/>K\u016bno svoris: 30 kg<br \/>Variklio tipas: Galinis variklis<\/span><\/p>\n<\/div>\n<div><img decoding=\"async\" class=\"detail-desc-decorate-image\" src=\"https:\/\/ae01.alicdn.com\/kf\/Saf981c2082e34c1e9544fabc39a2a984a.jpg?width=1000&amp;height=1200&amp;hash=2200\" slate-data-type=\"image\"\/> <img decoding=\"async\" class=\"detail-desc-decorate-image\" src=\"https:\/\/ae01.alicdn.com\/kf\/S4fb9e76da63f4953a846195f45edc4c7M.jpg?width=1000&amp;height=1200&amp;hash=2200\" slate-data-type=\"image\"\/> <img decoding=\"async\" class=\"detail-desc-decorate-image\" src=\"https:\/\/ae01.alicdn.com\/kf\/Seffb26c5f27c4a5f959250692f61f4b8C.jpg?width=1000&amp;height=1200&amp;hash=2200\" slate-data-type=\"image\"\/> <img decoding=\"async\" class=\"detail-desc-decorate-image\" src=\"https:\/\/ae01.alicdn.com\/kf\/S9de5909349224b60a6b8d2b5199b86e0H.jpg?width=1000&amp;height=1200&amp;hash=2200\" slate-data-type=\"image\"\/> <img decoding=\"async\" class=\"detail-desc-decorate-image\" src=\"https:\/\/ae01.alicdn.com\/kf\/Sd2d2a9d4d4344c9bbd8aea9cc3ed4866m.jpg?width=1000&amp;height=1200&amp;hash=2200\" slate-data-type=\"image\"\/> <img decoding=\"async\" class=\"detail-desc-decorate-image\" src=\"https:\/\/ae01.alicdn.com\/kf\/S87acd6997be2476aa104834d2d21f4bad.jpg?width=1000&amp;height=1200&amp;hash=2200\" slate-data-type=\"image\"\/> <img decoding=\"async\" class=\"detail-desc-decorate-image\" src=\"https:\/\/ae01.alicdn.com\/kf\/Se3ec10a9f7c044ac8b8f51094b10ff1cW.jpg?width=1000&amp;height=1200&amp;hash=2200\" slate-data-type=\"image\"\/> <img decoding=\"async\" class=\"detail-desc-decorate-image\" src=\"https:\/\/ae01.alicdn.com\/kf\/Sc38c5ad2a5f7464dbb5c2cab46d6bf13I.jpg?width=1000&amp;height=1200&amp;hash=2200\" slate-data-type=\"image\"\/> <img decoding=\"async\" class=\"detail-desc-decorate-image\" src=\"https:\/\/ae01.alicdn.com\/kf\/Se54b1b0e5650404d98cde184145fa79cp.jpg?width=1000&amp;height=1200&amp;hash=2200\" slate-data-type=\"image\"\/><\/div>\n<div><img decoding=\"async\" class=\"detail-desc-decorate-image\" src=\"https:\/\/ae01.alicdn.com\/kf\/S202ba64ee39b4f99913c6488e984fe67c.jpg?width=1000&amp;height=1159&amp;hash=2159\" slate-data-type=\"image\"\/> <img decoding=\"async\" class=\"detail-desc-decorate-image\" src=\"https:\/\/ae01.alicdn.com\/kf\/Sd1fb94eba6ac45ffb14c41313e39d6ef9.jpg?width=1000&amp;height=1193&amp;hash=2193\" slate-data-type=\"image\"\/> <img decoding=\"async\" class=\"detail-desc-decorate-image\" src=\"https:\/\/ae01.alicdn.com\/kf\/Sb0963c62c10d4e8d96e3965a33098d82j.jpg?width=1000&amp;height=1175&amp;hash=2175\" slate-data-type=\"image\"\/> <img decoding=\"async\" class=\"detail-desc-decorate-image\" src=\"https:\/\/ae01.alicdn.com\/kf\/S16247937fb0942d897e97929b6beea63m.jpg?width=1000&amp;height=1197&amp;hash=2197\" slate-data-type=\"image\"\/><\/div>\n<div><\/div>\n<\/div>\n<\/div>\n<p><\/p>","protected":false},"excerpt":{"rendered":"<p>Model Number:&nbsp;M26 Rated Passenger Capacity:&nbsp;One Seat Style:&nbsp;Standard Type Range per Power:&nbsp;&gt; 60 km Wattage:&nbsp;200 &#8211; 250w Power Supply:&nbsp;lithium battery Voltage:&nbsp;48V Origin:&nbsp;Mainland China Folded:&nbsp;No Motor:&nbsp;Brushless Wheel Size:&nbsp;26\u201c Frame Material:&nbsp;Aluminum alloy Brand<\/p>","protected":false},"featured_media":8674,"comment_status":"open","ping_status":"closed","template":"","meta":{"_acf_changed":false},"product_brand":[],"product_cat":[300],"product_tag":[],"class_list":{"0":"post-8673","1":"product","2":"type-product","3":"status-publish","4":"has-post-thumbnail","6":"product_cat-electric-fat-bikes","8":"first","9":"instock","10":"shipping-taxable","11":"purchasable","12":"product-type-variable"},"acf":[],"_links":{"self":[{"href":"https:\/\/www.electricstore.eu\/lt\/wp-json\/wp\/v2\/product\/8673","targetHints":{"allow":["GET"]}}],"collection":[{"href":"https:\/\/www.electricstore.eu\/lt\/wp-json\/wp\/v2\/product"}],"about":[{"href":"https:\/\/www.electricstore.eu\/lt\/wp-json\/wp\/v2\/types\/product"}],"replies":[{"embeddable":true,"href":"https:\/\/www.electricstore.eu\/lt\/wp-json\/wp\/v2\/comments?post=8673"}],"wp:featuredmedia":[{"embeddable":true,"href":"https:\/\/www.electricstore.eu\/lt\/wp-json\/wp\/v2\/media\/8674"}],"wp:attachment":[{"href":"https:\/\/www.electricstore.eu\/lt\/wp-json\/wp\/v2\/media?parent=8673"}],"wp:term":[{"taxonomy":"product_brand","embeddable":true,"href":"https:\/\/www.electricstore.eu\/lt\/wp-json\/wp\/v2\/product_brand?post=8673"},{"taxonomy":"product_cat","embeddable":true,"href":"https:\/\/www.electricstore.eu\/lt\/wp-json\/wp\/v2\/product_cat?post=8673"},{"taxonomy":"product_tag","embeddable":true,"href":"https:\/\/www.electricstore.eu\/lt\/wp-json\/wp\/v2\/product_tag?post=8673"}],"curies":[{"name":"wp","href":"https:\/\/api.w.org\/{rel}","templated":true}]}}