{"id":8550,"date":"2025-05-19T20:32:00","date_gmt":"2025-05-19T20:32:00","guid":{"rendered":"https:\/\/electricstore.eu\/product\/uncategorized\/woyu-q3-plus-electric-bicycle-48v-13ah\/"},"modified":"2025-05-21T05:41:25","modified_gmt":"2025-05-21T05:41:25","slug":"woyu-q3-plus-electric-bicycle-48v-13ah","status":"publish","type":"product","link":"https:\/\/www.electricstore.eu\/lt\/p\/bikes\/electric-fat-bikes\/woyu-q3-plus-electric-bicycle-48v-13ah\/","title":{"rendered":"WOYU Q3 PLUS 250W 48V 13Ah 60Km 20\u2033 prabangus elektrinis dviratis"},"content":{"rendered":"<div class=\"product-specs-list-container\">\n<ul class=\"product-specs-list util-clearfix\">\n<li class=\"product-prop line-limit-length\"><span\n                                        class=\"property-title\">Modelio numeris:&nbsp;<\/span><span\n                                        class=\"property-desc line-limit-length\">Q3 PLUS<\/span>\n                            <\/li>\n<li class=\"product-prop line-limit-length\"><span\n                                        class=\"property-title\">Nominali keleivi\u0173 talpa:&nbsp;<\/span><span\n                                        class=\"property-desc line-limit-length\">Viena s\u0117dyn\u0117<\/span>\n                            <\/li>\n<li class=\"product-prop line-limit-length\"><span\n                                        class=\"property-title\">Stilius:&nbsp;<\/span><span\n                                        class=\"property-desc line-limit-length\">Prabangus tipas<\/span>\n                            <\/li>\n<li class=\"product-prop line-limit-length\"><span\n                                        class=\"property-title\">Maksimalus greitis:&nbsp;<\/span><span\n                                        class=\"property-desc line-limit-length\">&lt;25 km\/val.<\/span>\n                            <\/li>\n<li class=\"product-prop line-limit-length\"><span\n                                        class=\"property-title\">Diapazonas pagal gali\u0105:&nbsp;<\/span><span\n                                        class=\"property-desc line-limit-length\">&gt; 60 km<\/span>\n                            <\/li>\n<li class=\"product-prop line-limit-length\"><span\n                                        class=\"property-title\">Galia:&nbsp;<\/span><span\n                                        class=\"property-desc line-limit-length\">200\u2013250 W<\/span>\n                            <\/li>\n<li class=\"product-prop line-limit-length\"><span\n                                        class=\"property-title\">Maitinimo \u0161altinis:&nbsp;<\/span><span\n                                        class=\"property-desc line-limit-length\">li\u010dio baterija<\/span>\n                            <\/li>\n<li class=\"product-prop line-limit-length\"><span\n                                        class=\"property-title\">\u012etampa:&nbsp;<\/span><span\n                                        class=\"property-desc line-limit-length\">48 V<\/span>\n                            <\/li>\n<li class=\"product-prop line-limit-length\"><span\n                                        class=\"property-title\">Maitinimo \u0161altinis:&nbsp;<\/span><span\n                                        class=\"property-desc line-limit-length\">li\u010dio baterija<\/span>\n                            <\/li>\n<li class=\"product-prop line-limit-length\"><span\n                                        class=\"property-title\">Kilm\u0117:&nbsp;<\/span><span\n                                        class=\"property-desc line-limit-length\">\u017demynin\u0117 Kinija<\/span>\n                            <\/li>\n<li class=\"product-prop line-limit-length\"><span\n                                        class=\"property-title\">Sulankstytas:&nbsp;<\/span><span\n                                        class=\"property-desc line-limit-length\">Ne<\/span>\n                            <\/li>\n<li class=\"product-prop line-limit-length\"><span\n                                        class=\"property-title\">Variklis:&nbsp;<\/span><span\n                                        class=\"property-desc line-limit-length\">Be\u0161epetis<\/span>\n                            <\/li>\n<li class=\"product-prop line-limit-length\"><span\n                                        class=\"property-title\">Rat\u0173 dydis:&nbsp;<\/span><span\n                                        class=\"property-desc line-limit-length\">20 coli\u0173<\/span>\n                            <\/li>\n<li class=\"product-prop line-limit-length\"><span\n                                        class=\"property-title\">R\u0117mo med\u017eiaga:&nbsp;<\/span><span\n                                        class=\"property-desc line-limit-length\">Aliuminio lydinys<\/span>\n                            <\/li>\n<li class=\"product-prop line-limit-length\"><span\n                                        class=\"property-title\">Kilm\u0117s vieta:&nbsp;<\/span><span\n                                        class=\"property-desc line-limit-length\">Anhui, Kinija<\/span>\n                            <\/li>\n<li class=\"product-prop line-limit-length\"><span\n                                        class=\"property-title\">Prek\u0117s \u017eenklas:&nbsp;<\/span><span\n                                        class=\"property-desc line-limit-length\">WOYU<\/span>\n                            <\/li>\n<li class=\"product-prop line-limit-length\"><span\n                                        class=\"property-title\">Modelio numeris:&nbsp;<\/span><span\n                                        class=\"property-desc line-limit-length\">Q3 PLUS<\/span>\n                            <\/li>\n<li class=\"product-prop line-limit-length\"><span\n                                        class=\"property-title\">Pavaros:&nbsp;<\/span><span\n                                        class=\"property-desc line-limit-length\">7 grei\u010di\u0173<\/span>\n                            <\/li>\n<li class=\"product-prop line-limit-length\"><span\n                                        class=\"property-title\">Diapazonas pagal gali\u0105:&nbsp;<\/span><span\n                                        class=\"property-desc line-limit-length\">&gt; 60 km<\/span>\n                            <\/li>\n<li class=\"product-prop line-limit-length\"><span\n                                        class=\"property-title\">R\u0117mo med\u017eiaga:&nbsp;<\/span><span\n                                        class=\"property-desc line-limit-length\">aliuminio lydinys<\/span>\n                            <\/li>\n<li class=\"product-prop line-limit-length\"><span\n                                        class=\"property-title\">Rat\u0173 dydis:&nbsp;<\/span><span\n                                        class=\"property-desc line-limit-length\">20&quot;<\/span>\n                            <\/li>\n<li class=\"product-prop line-limit-length\"><span\n                                        class=\"property-title\">Maksimalus greitis:&nbsp;<\/span><span\n                                        class=\"property-desc line-limit-length\">30\u201350 km\/val.<\/span>\n                            <\/li>\n<li class=\"product-prop line-limit-length\"><span\n                                        class=\"property-title\">\u012etampa:&nbsp;<\/span><span\n                                        class=\"property-desc line-limit-length\">48 V<\/span>\n                            <\/li>\n<li class=\"product-prop line-limit-length\"><span\n                                        class=\"property-title\">Maitinimo \u0161altinis:&nbsp;<\/span><span\n                                        class=\"property-desc line-limit-length\">li\u010dio baterija<\/span>\n                            <\/li>\n<li class=\"product-prop line-limit-length\"><span\n                                        class=\"property-title\">Stabd\u017ei\u0173 sistema:&nbsp;<\/span><span\n                                        class=\"property-desc line-limit-length\">Diskinis stabdys<\/span>\n                            <\/li>\n<li class=\"product-prop line-limit-length\"><span\n                                        class=\"property-title\">Sukimo momentas:&nbsp;<\/span><span\n                                        class=\"property-desc line-limit-length\">80\u201390 Nm<\/span>\n                            <\/li>\n<li class=\"product-prop line-limit-length\"><span\n                                        class=\"property-title\">\u012ekrovimo laikas:&nbsp;<\/span><span\n                                        class=\"property-desc line-limit-length\">&gt;3 valandos<\/span>\n                            <\/li>\n<li class=\"product-prop line-limit-length\"><span\n                                        class=\"property-title\">Variklio pad\u0117tis:&nbsp;<\/span><span\n                                        class=\"property-desc line-limit-length\">Galinio stebul\u0117s variklis<\/span>\n                            <\/li>\n<li class=\"product-prop line-limit-length\"><span\n                                        class=\"property-title\">Baterijos pad\u0117tis:&nbsp;<\/span><span\n                                        class=\"property-desc line-limit-length\">Apatinis vamzdis<\/span>\n                            <\/li>\n<li class=\"product-prop line-limit-length\"><span\n                                        class=\"property-title\">Baterijos talpa:&nbsp;<\/span><span\n                                        class=\"property-desc line-limit-length\">13AH<\/span>\n                            <\/li>\n<li class=\"product-prop line-limit-length\"><span\n                                        class=\"property-title\">I\u0161manusis tipas:&nbsp;<\/span><span\n                                        class=\"property-desc line-limit-length\">Elektroninis<\/span>\n                            <\/li>\n<li class=\"product-prop line-limit-length\"><span\n                                        class=\"property-title\">Maksimali apkrova:&nbsp;<\/span><span\n                                        class=\"property-desc line-limit-length\">150 kg<\/span>\n                            <\/li>\n<li class=\"product-prop line-limit-length\"><span\n                                        class=\"property-title\">Pakilimo kampas:&nbsp;<\/span><span\n                                        class=\"property-desc line-limit-length\">25\u00b0<\/span>\n                            <\/li>\n<li class=\"product-prop line-limit-length\"><span\n                                        class=\"property-title\">Pavaros pagalbin\u0117s sistemos veikimo nuotolis:&nbsp;<\/span><span\n                                        class=\"property-desc line-limit-length\">90\u2013100 km<\/span>\n                            <\/li>\n<li class=\"product-prop line-limit-length\"><span\n                                        class=\"property-title\">Maitinimo adapteris:&nbsp;<\/span><span\n                                        class=\"property-desc line-limit-length\">54,6 V \/ 2 A<\/span>\n                            <\/li>\n<li class=\"product-prop line-limit-length\"><span\n                                        class=\"property-title\">Grynasis svoris:&nbsp;<\/span><span\n                                        class=\"property-desc line-limit-length\">26 kg<\/span>\n                            <\/li>\n<li class=\"product-prop line-limit-length\"><span\n                                        class=\"property-title\">Va\u017eiavimo re\u017eimas:&nbsp;<\/span><span\n                                        class=\"property-desc line-limit-length\">Va\u017eiavimas \/ Elektrinis<\/span>\n                            <\/li>\n<li class=\"product-prop line-limit-length\"><span\n                                        class=\"property-title\">PROGRAM\u0116L\u0116:&nbsp;<\/span><span\n                                        class=\"property-desc line-limit-length\">Pasirinktinai<\/span>\n                            <\/li>\n<\/ul><\/div>\n<div class=\"detailmodule_html\">\n<div class=\"detail-desc-decorate-richtext\">\n<div id=\"detail_decorate_root\">\n<div>\u00a0<\/div>\n<div>\n<div>\u00a0<\/div>\n<div><img decoding=\"async\" class=\"magic-3\" src=\"https:\/\/ae01.alicdn.com\/kf\/S310ff39c0bc24d898c3cde7ec06e12b6Z.jpg?width=800&amp;height=800&amp;hash=1600\" slate-data-type=\"image\"\/><\/div>\n<div><img decoding=\"async\" class=\"magic-3\" src=\"https:\/\/ae01.alicdn.com\/kf\/Sd52a485ca77842d487d82c1890c28bebM.jpg?width=1920&amp;height=1080&amp;hash=3000\" slate-data-type=\"image\"\/><\/div>\n<div><img decoding=\"async\" class=\"magic-3\" src=\"https:\/\/ae01.alicdn.com\/kf\/S3131163a05164d08ab1450ea7e8a07f0n.jpg?width=1920&amp;height=1080&amp;hash=3000\" slate-data-type=\"image\"\/><\/div>\n<div><img decoding=\"async\" class=\"magic-3\" src=\"https:\/\/ae01.alicdn.com\/kf\/S0e93a7f427b0476f8de460f1e60e8d677.jpg?width=1920&amp;height=1080&amp;hash=3000\" slate-data-type=\"image\"\/><\/div>\n<div><img decoding=\"async\" class=\"magic-3\" src=\"https:\/\/ae01.alicdn.com\/kf\/S7ad63b8ed4ea41218f1c7785ef484a90X.jpg?width=1920&amp;height=1080&amp;hash=3000\" slate-data-type=\"image\"\/><\/div>\n<div><img decoding=\"async\" class=\"magic-3\" src=\"https:\/\/ae01.alicdn.com\/kf\/Sf99093f1c29f47d3850a66631be898d1v.jpg?width=1920&amp;height=1080&amp;hash=3000\" slate-data-type=\"image\"\/><\/div>\n<div><img decoding=\"async\" class=\"magic-3\" src=\"https:\/\/ae01.alicdn.com\/kf\/S5670927b9c4d40308caaa739b381dad1x.jpg?width=1920&amp;height=1080&amp;hash=3000\" slate-data-type=\"image\"\/><\/div>\n<div><img decoding=\"async\" class=\"magic-3\" src=\"https:\/\/ae01.alicdn.com\/kf\/S2f36f9a305694488a4040d16c50ff308J.jpg?width=790&amp;height=920&amp;hash=1710\" slate-data-type=\"image\"\/><\/div>\n<div><img decoding=\"async\" class=\"magic-3\" src=\"https:\/\/ae01.alicdn.com\/kf\/Se30c7ba6434a4f0b9faec3fbb3470a8dj.jpg?width=790&amp;height=1409&amp;hash=2199\" slate-data-type=\"image\"\/><\/div>\n<\/div>\n<div>\n<div id=\"ali-anchor-AliMagic-qaj16g\">Produkto pakuot\u0117<\/div>\n<\/div>\n<div>\n<div>\n<div><img decoding=\"async\" class=\"magic-7\" src=\"https:\/\/ae01.alicdn.com\/kf\/Saece606b87444e65aa35926dd8e3afbf6.jpg?width=1280&amp;height=960&amp;hash=2240\" slate-data-type=\"image\"\/><\/div>\n<div>\u00a0<\/div>\n<\/div>\n<div><img decoding=\"async\" class=\"magic-11\" src=\"https:\/\/ae01.alicdn.com\/kf\/Sea15a1f42651436a95d203e6d796e0663.jpg?width=600&amp;height=800&amp;hash=1400\" slate-data-type=\"image\"\/><\/div>\n<\/div>\n<div>\n<div>\u00a0<\/div>\n<div>\n<div>\n<div>\n<div>\u00a0<\/div>\n<div>\u00a0<\/div>\n<div>\u00a0<\/div>\n<div>\u00a0<\/div>\n<div><span><strong>Siekdami geriau u\u017etikrinti j\u016bs\u0173 preki\u0173 saugum\u0105, si\u016blome profesionalias, aplinkai nekenksmingas, patogias ir efektyvias pakavimo paslaugas.<br \/>bus pateikta.<\/strong><\/span><\/div>\n<\/div>\n<\/div>\n<\/div>\n<\/div>\n<div>\n<div>\u00a0<\/div>\n<div>\n<div><img decoding=\"async\" class=\"magic-19\" src=\"https:\/\/ae01.alicdn.com\/kf\/S0ddff6bbe6504307a89cf73e7329a369n.jpg?width=693&amp;height=978&amp;hash=1671\" slate-data-type=\"image\"\/><\/div>\n<div><img decoding=\"async\" class=\"magic-21\" src=\"https:\/\/ae01.alicdn.com\/kf\/S6a0013e33cce42e5968aeab412eab04fX.jpg?width=696&amp;height=980&amp;hash=1676\" slate-data-type=\"image\"\/><\/div>\n<\/div>\n<\/div>\n<div>\n<div id=\"ali-anchor-AliMagic-8728gk\">Paroda<\/div>\n<\/div>\n<div>\n<div>\n<div>\n<div>\n<div>\n<div><img decoding=\"async\" class=\"magic-23\" src=\"https:\/\/ae01.alicdn.com\/kf\/S424810e4dba74c8ca860a47c077228b6t.jpg?width=940&amp;height=562&amp;hash=1502\" slate-data-type=\"image\"\/><\/div>\n<\/div>\n<\/div>\n<\/div>\n<\/div>\n<\/div>\n<div>\n<div id=\"ali-anchor-AliMagic-7isiro\">\u012emon\u0117s profilis<\/div>\n<\/div>\n<div>\n<div>\u00a0<\/div>\n<div>\n<div>\n<div>\u00a0<\/div>\n<div>\u201eE-ONE\u201c yra \u012fmon\u0117, daugiausia u\u017esiimanti nauj\u0173 energetikos produkt\u0173 eksportu. Bendrov\u0117 yra \u012fsik\u016brusi Anhui provincijos sostin\u0117je Hef\u0117juje. <strong>buvo oficialiai \u012fgaliotas <\/strong>per tuos gerai \u017einomus pramon\u0117s prek\u0117s \u017eenklus, tokius kaip <strong>Segway-Ninebot, Intex, DYU, HIMO, Kugoo<\/strong> ir kai kurie kiti \u017einomi. I\u0161 esm\u0117s m\u016bs\u0173 platus tvari\u0173, ekologi\u0161k\u0173 ir \u0161vari\u0173 produkt\u0173 asortimentas apima nuo <strong>elektriniai paspirtukai, elektriniai savaime balansuojantys paspirtukai, elektriniai vienra\u010diai,<\/strong> <span><strong>elektriniai kartingai<\/strong><\/span> <strong>, elektriniai dvira\u010diai, elektriniai motociklai<\/strong>Turime visus susijusius sertifikatus, tod\u0117l savo kokyb\u0119 u\u017etikrinan\u010dius produktus galime parduoti visame pasaulyje.<\/div>\n<\/div>\n<\/div>\n<\/div>\n<div>\n<div id=\"ali-anchor-AliMagic-y5v1u8\">DUK<\/div>\n<\/div>\n<div>\n<div>\n<div>\n<h3 class=\"magic-28\"><\/h3>\n<div>\n<div>\n<div><strong>Q<\/strong>: Ar esate gamintojas? <strong>A<\/strong>Taip, mes esame gamintojai. Galime teikti OEM \/ ODM pritaikytas paslaugas pagal \u012fvairias m\u016bs\u0173 klient\u0173 pritaikymo galimybes ir poreikius. Visi m\u016bs\u0173 produktai yra visi\u0161kai patentuoti, dizain\u0105, technin\u0119 ir programin\u0119 \u012frang\u0105, liejim\u0105, surinkim\u0105 atlieka m\u016bs\u0173 pa\u010di\u0173 komanda. <strong>Q<\/strong>: Koks yra minimalus u\u017esakymas (MOQ)? <strong>A<\/strong>Standartiniams gaminiams priimame vien\u0105 vienet\u0105. Prireikus galime juos pritaikyti pagal j\u016bs\u0173 logotip\u0105. Jei reik\u0117s OEM, m\u016bs\u0173 pardavim\u0173 skyrius pateiks i\u0161samius reikalavimus ir patvirtins jums MOQ. <strong>Q<\/strong>: Ar galime gauti nemokam\u0105 pavyzd\u012f? <strong>A<\/strong>Atsipra\u0161ome, paprastai nemokamo pavyzd\u017eio neteikiame. Jei klientas patvirtina specifikacij\u0105 ir kain\u0105, jis pirmiausia gali u\u017esisakyti pavyzd\u012f bandymui ir \u012fvertinimui. <strong>Q<\/strong>: Kaip u\u017esisakyti ir apmok\u0117ti? <strong>A<\/strong>Priimame T\/T (banko pavedim\u0105), \u201eAlibaba\u201c internetu, \u201eWestern Union 1 Trade Assurance\u201c <strong>Q<\/strong>: Kokia j\u016bs\u0173 produkt\u0173 garantija? <strong>A<\/strong>: Suteikiame 24 m\u0117nesi\u0173 garantij\u0105 po i\u0161siuntimo. <strong>Q<\/strong>: Kiek laiko u\u017etruks pristatymas? <strong>A<\/strong>Gamybos trukm\u0117 apie 3\u201310 dien\u0173, priklausomai nuo poreikio, ir pristatymo laikas DHL\/UPS\/FEDEX\/TNT, pristatymo laikas b\u016bt\u0173 apie 3\u20137 darbo dienas. Kai kuriose atokiose vietose pristatymo laikas gali b\u016bti \u0161iek tiek ilgesnis. <strong>Q<\/strong> :Kaip sutaisyti \u012frengin\u012f, jei kyla problem\u0173? <strong>A<\/strong>: Mes teiksime technin\u0119 pagalb\u0105 internetu, kad i\u0161spr\u0119stume problem\u0105; Jei d\u0117l aparatin\u0117s \u012frangos problemos gal\u0117tume atsi\u0173sti dalis ar komponentus ir i\u0161mokyti klient\u0105 juos pritaikyti, jei jie turi technik\u0105, arba taip pat gali atsi\u0173sti mums, kad j\u0105 i\u0161spr\u0119stume. <strong>Q<\/strong>: Ar galite pritaikyti ir platinti m\u016bs\u0173 produkt\u0105? <strong>A<\/strong>: Esame profesional\u016bs el. dvira\u010di\u0173 gamintojai, turintys 8 met\u0173 gamybos patirt\u012f. Palaikome bet kok\u012f produkt\u0173 pritaikym\u0105, platinim\u0105 ir didmenin\u0119 prekyb\u0105.<\/div>\n<\/div>\n<\/div>\n<\/div>\n<\/div>\n<\/div>\n<\/div>\n<\/div>\n<\/div>\n<p><\/p>","protected":false},"excerpt":{"rendered":"<p>Model Number:&nbsp;Q3 PLUS Rated Passenger Capacity:&nbsp;One Seat Style:&nbsp;Luxury Type Max Speed:&nbsp;&lt;25km\/h Range per Power:&nbsp;&gt; 60 km Wattage:&nbsp;200 &#8211; 250w Power Supply:&nbsp;lithium battery Voltage:&nbsp;48V Power Source:&nbsp;lithium battery Origin:&nbsp;Mainland China Folded:&nbsp;No Motor:&nbsp;Brushless<\/p>","protected":false},"featured_media":8551,"comment_status":"open","ping_status":"closed","template":"","meta":{"_acf_changed":false},"product_brand":[],"product_cat":[300],"product_tag":[],"class_list":{"0":"post-8550","1":"product","2":"type-product","3":"status-publish","4":"has-post-thumbnail","6":"product_cat-electric-fat-bikes","8":"first","9":"instock","10":"shipping-taxable","11":"purchasable","12":"product-type-variable"},"acf":[],"_links":{"self":[{"href":"https:\/\/www.electricstore.eu\/lt\/wp-json\/wp\/v2\/product\/8550","targetHints":{"allow":["GET"]}}],"collection":[{"href":"https:\/\/www.electricstore.eu\/lt\/wp-json\/wp\/v2\/product"}],"about":[{"href":"https:\/\/www.electricstore.eu\/lt\/wp-json\/wp\/v2\/types\/product"}],"replies":[{"embeddable":true,"href":"https:\/\/www.electricstore.eu\/lt\/wp-json\/wp\/v2\/comments?post=8550"}],"wp:featuredmedia":[{"embeddable":true,"href":"https:\/\/www.electricstore.eu\/lt\/wp-json\/wp\/v2\/media\/8551"}],"wp:attachment":[{"href":"https:\/\/www.electricstore.eu\/lt\/wp-json\/wp\/v2\/media?parent=8550"}],"wp:term":[{"taxonomy":"product_brand","embeddable":true,"href":"https:\/\/www.electricstore.eu\/lt\/wp-json\/wp\/v2\/product_brand?post=8550"},{"taxonomy":"product_cat","embeddable":true,"href":"https:\/\/www.electricstore.eu\/lt\/wp-json\/wp\/v2\/product_cat?post=8550"},{"taxonomy":"product_tag","embeddable":true,"href":"https:\/\/www.electricstore.eu\/lt\/wp-json\/wp\/v2\/product_tag?post=8550"}],"curies":[{"name":"wp","href":"https:\/\/api.w.org\/{rel}","templated":true}]}}