{"id":8453,"date":"2025-05-19T20:31:06","date_gmt":"2025-05-19T20:31:06","guid":{"rendered":"https:\/\/electricstore.eu\/product\/uncategorized\/kukirin-g4-max-3200w-dual-motor-60v36-2ah-foldable-electric-scooter\/"},"modified":"2025-05-20T13:08:08","modified_gmt":"2025-05-20T13:08:08","slug":"kukirin-g4-max-3200w-dual-motor-60v36-2ah-foldable-electric-scooter","status":"publish","type":"product","link":"https:\/\/www.electricstore.eu\/lt\/p\/scooters\/electric-off-road-scooter\/kukirin-g4-max-3200w-dual-motor-60v36-2ah-foldable-electric-scooter\/","title":{"rendered":"Kukirin G4 Max, G4 Max, 3200 W, 60 V, 35,2 Ah, 86 km\/h, 95 km, 12 coli\u0173 dviej\u0173 varikli\u0173 elektrinis paspirtukas"},"content":{"rendered":"<div class=\"product-specs-list-container\">\n<ul class=\"product-specs-list util-clearfix\">\n<li class=\"product-prop line-limit-length\"><span\n                                        class=\"property-title\">Modelio numeris:&nbsp;<\/span><span\n                                        class=\"property-desc line-limit-length\">G4 Max<\/span>\n                            <\/li>\n<li class=\"product-prop line-limit-length\"><span\n                                        class=\"property-title\">Kategorija:&nbsp;<\/span><span\n                                        class=\"property-desc line-limit-length\">Dviratis motoroleris<\/span>\n                            <\/li>\n<li class=\"product-prop line-limit-length\"><span\n                                        class=\"property-title\">Taikomi \u017emon\u0117s:&nbsp;<\/span><span\n                                        class=\"property-desc line-limit-length\">Unisex<\/span>\n                            <\/li>\n<li class=\"product-prop line-limit-length\"><span\n                                        class=\"property-title\">Atstumas vienu \u012fkrovimu:&nbsp;<\/span><span\n                                        class=\"property-desc line-limit-length\">60\u201380 km<\/span>\n                            <\/li>\n<li class=\"product-prop line-limit-length\"><span\n                                        class=\"property-title\">\u012ekrovimo laikas:&nbsp;<\/span><span\n                                        class=\"property-desc line-limit-length\">8\u201310 val.<\/span>\n                            <\/li>\n<li class=\"product-prop line-limit-length\"><span\n                                        class=\"property-title\">\u012etampa:&nbsp;<\/span><span\n                                        class=\"property-desc line-limit-length\">60 V<\/span>\n                            <\/li>\n<li class=\"product-prop line-limit-length\"><span\n                                        class=\"property-title\">Sulankstytas:&nbsp;<\/span><span\n                                        class=\"property-desc line-limit-length\">TAIP<\/span>\n                            <\/li>\n<li class=\"product-prop line-limit-length\"><span\n                                        class=\"property-title\">Kilm\u0117:&nbsp;<\/span><span\n                                        class=\"property-desc line-limit-length\">\u017demynin\u0117 Kinija<\/span>\n                            <\/li>\n<li class=\"product-prop line-limit-length\"><span\n                                        class=\"property-title\">Galia (W):&nbsp;<\/span><span\n                                        class=\"property-desc line-limit-length\">1001\u20132000 W<\/span>\n                            <\/li>\n<li class=\"product-prop line-limit-length\"><span\n                                        class=\"property-title\">Kilm\u0117s vieta:&nbsp;<\/span><span\n                                        class=\"property-desc line-limit-length\">D\u017eedziangas, Kinija<\/span>\n                            <\/li>\n<li class=\"product-prop line-limit-length\"><span\n                                        class=\"property-title\">Prek\u0117s \u017eenklas:&nbsp;<\/span><span\n                                        class=\"property-desc line-limit-length\">Kukirinas<\/span>\n                            <\/li>\n<li class=\"product-prop line-limit-length\"><span\n                                        class=\"property-title\">Modelio numeris:&nbsp;<\/span><span\n                                        class=\"property-desc line-limit-length\">Kukirin G4 Max<\/span>\n                            <\/li>\n<li class=\"product-prop line-limit-length\"><span\n                                        class=\"property-title\">\u012ekrovimo laikas:&nbsp;<\/span><span\n                                        class=\"property-desc line-limit-length\">7\u20138 valandos<\/span>\n                            <\/li>\n<li class=\"product-prop line-limit-length\"><span\n                                        class=\"property-title\">Sulankstomas:&nbsp;<\/span><span\n                                        class=\"property-desc line-limit-length\">Taip<\/span>\n                            <\/li>\n<li class=\"product-prop line-limit-length\"><span\n                                        class=\"property-title\">Atstumas vienu \u012fkrovimu:&nbsp;<\/span><span\n                                        class=\"property-desc line-limit-length\">\u226495 km<\/span>\n                            <\/li>\n<li class=\"product-prop line-limit-length\"><span\n                                        class=\"property-title\">Maksimalus greitis:&nbsp;<\/span><span\n                                        class=\"property-desc line-limit-length\">86 km\/val.<\/span>\n                            <\/li>\n<li class=\"product-prop line-limit-length\"><span\n                                        class=\"property-title\">Kategorija:&nbsp;<\/span><span\n                                        class=\"property-desc line-limit-length\">Dviratis motoroleris<\/span>\n                            <\/li>\n<li class=\"product-prop line-limit-length\"><span\n                                        class=\"property-title\">Taikoma miniai:&nbsp;<\/span><span\n                                        class=\"property-desc line-limit-length\">Unisex<\/span>\n                            <\/li>\n<li class=\"product-prop line-limit-length\"><span\n                                        class=\"property-title\">I\u0161manusis tipas:&nbsp;<\/span><span\n                                        class=\"property-desc line-limit-length\">Elektroninis<\/span>\n                            <\/li>\n<li class=\"product-prop line-limit-length\"><span\n                                        class=\"property-title\">Baterijos talpa:&nbsp;<\/span><span\n                                        class=\"property-desc line-limit-length\">35,2 Ah<\/span>\n                            <\/li>\n<li class=\"product-prop line-limit-length\"><span\n                                        class=\"property-title\">variklis:&nbsp;<\/span><span\n                                        class=\"property-desc line-limit-length\">Be\u0161epetis<\/span>\n                            <\/li>\n<li class=\"product-prop line-limit-length\"><span\n                                        class=\"property-title\">Atsparus vandeniui:&nbsp;<\/span><span\n                                        class=\"property-desc line-limit-length\">Atsparus vandeniui<\/span>\n                            <\/li>\n<li class=\"product-prop line-limit-length\"><span\n                                        class=\"property-title\">Variklio galia:&nbsp;<\/span><span\n                                        class=\"property-desc line-limit-length\">1600 W * 2<\/span>\n                            <\/li>\n<li class=\"product-prop line-limit-length\"><span\n                                        class=\"property-title\">Ki\u0161tuko tipas:&nbsp;<\/span><span\n                                        class=\"property-desc line-limit-length\">europieti\u0161kas ki\u0161tukas<\/span>\n                            <\/li>\n<li class=\"product-prop line-limit-length\"><span\n                                        class=\"property-title\">Pakabos tipas:&nbsp;<\/span><span\n                                        class=\"property-desc line-limit-length\">Dviguba pakaba<\/span>\n                            <\/li>\n<li class=\"product-prop line-limit-length\"><span\n                                        class=\"property-title\">maksimali apkrova:&nbsp;<\/span><span\n                                        class=\"property-desc line-limit-length\">150 kg<\/span>\n                            <\/li>\n<li class=\"product-prop line-limit-length\"><span\n                                        class=\"property-title\">Baterijos tipas:&nbsp;<\/span><span\n                                        class=\"property-desc line-limit-length\">li\u010dio baterija<\/span>\n                            <\/li>\n<li class=\"product-prop line-limit-length\"><span\n                                        class=\"property-title\">Med\u017eiaga:&nbsp;<\/span><span\n                                        class=\"property-desc line-limit-length\">aliuminio lydinys<\/span>\n                            <\/li>\n<li class=\"product-prop line-limit-length\"><span\n                                        class=\"property-title\">Stabd\u017ei\u0173 sistema:&nbsp;<\/span><span\n                                        class=\"property-desc line-limit-length\">Diskas<\/span>\n                            <\/li>\n<li class=\"product-prop line-limit-length\"><span\n                                        class=\"property-title\">funkcija:&nbsp;<\/span><span\n                                        class=\"property-desc line-limit-length\">Sulankstomas<\/span>\n                            <\/li>\n<li class=\"product-prop line-limit-length\"><span\n                                        class=\"property-title\">Prek\u0117s auk\u0161tis nuo pagrindo iki vir\u0161aus:&nbsp;<\/span><span\n                                        class=\"property-desc line-limit-length\">1425 mm<\/span>\n                            <\/li>\n<li class=\"product-prop line-limit-length\"><span\n                                        class=\"property-title\">Sertifikatas:&nbsp;<\/span><span\n                                        class=\"property-desc line-limit-length\"><\/span>\n                            <\/li>\n<\/ul><\/div>\n<div class=\"detailmodule_html\">\n<div class=\"detail-desc-decorate-richtext\">\n<div id=\"detail_decorate_root\">\n<div>&nbsp;<\/div>\n<div class=\"J_module\">\n<div class=\"icbu-pc-detailVideoShow magic-0\">&nbsp;<\/div>\n<\/div>\n<div class=\"J_module\">\n<div class=\"magic-1\" id=\"ali-anchor-AliMagic-d6hgtt\">Produkt\u0173 apra\u0161ymas<\/div>\n<\/div>\n<div class=\"J_module\">\n<div class=\"detail-decorate-json-renderer-container\">\n<div class=\"magic-2\">\n<div class=\"magic-3\">\n<div class=\"magic-4\">\n<div class=\"magic-5\">\n<div class=\"magic-6\"><span class=\"magic-7\"><strong class=\"magic-9\">\u201eKuKirin G4 Max\u201c visureigio elektrinis paspirtukas<\/strong><\/span><\/div>\n<div class=\"magic-6\">\n<div class=\"magic-11\">&nbsp;<\/div>\n<div class=\"magic-11\">2 x 1600 W be\u0161epet\u0117linis variklis, 12 coli\u0173 padangos, 60 V 35,2 Ah i\u0161imama baterija, maksimalus nuva\u017eiuojamas atstumas 95 km, maksimalus greitis 86 km\/h, priekinis ir galinis st\u016bmokliniai alyvos stabd\u017eiai, atsparus vandeniui IP54, 38 laipsni\u0173 \u012fkaln\u0117 8 \u0161vies\u0173 sistema<\/div>\n<div class=\"magic-11\">&nbsp;<\/div>\n<\/div>\n<div class=\"magic-11\">&nbsp;<\/div>\n<\/div>\n<\/div>\n<\/div>\n<\/div>\n<\/div>\n<\/div>\n<div class=\"J_module\">\n<div class=\"magic-1\" id=\"ali-anchor-AliMagic-9exwby\">Produkto parametrai<\/div>\n<\/div>\n<div class=\"J_module\">\n<div class=\"ife-detail-decorate-table\">\n<table class=\"all magic-16\" style=\"border-collapse:collapse\">\n<tbody>\n<tr>\n<td colspan=\"1\" rowspan=\"1\">\n<div class=\"magic-17\">Modelio pavadinimas<\/div>\n<\/td>\n<td colspan=\"1\" rowspan=\"1\">\n<div class=\"magic-18\">Kukirin G4 Max<\/div>\n<\/td>\n<td class=\"magic-19\" rowspan=\"0\">\n<div class=\"magic-20\">54 V<\/div>\n<\/td>\n<\/tr>\n<tr>\n<td colspan=\"1\" rowspan=\"1\">\n<div class=\"magic-21\">Variklis<\/div>\n<\/td>\n<td colspan=\"1\" rowspan=\"1\">\n<div class=\"magic-18\">1600 W *2<\/div>\n<\/td>\n<td class=\"magic-19\" rowspan=\"0\">\n<div class=\"magic-20\">8 valandos<\/div>\n<\/td>\n<\/tr>\n<tr>\n<td colspan=\"1\" rowspan=\"1\">\n<div class=\"magic-17\">\u012etampa Baterija<\/div>\n<\/td>\n<td colspan=\"1\" rowspan=\"1\">\n<div class=\"magic-18\">60 V<\/div>\n<\/td>\n<td class=\"magic-19\" rowspan=\"0\">\n<div class=\"magic-20\">Diskini\u0173 stabd\u017ei\u0173 i\u0161jungimo stabdys<\/div>\n<\/td>\n<\/tr>\n<tr>\n<td colspan=\"1\" rowspan=\"1\">\n<div class=\"magic-21\">Baterija<\/div>\n<\/td>\n<td colspan=\"1\" rowspan=\"1\">\n<div class=\"magic-18\">35,2 Ah<\/div>\n<\/td>\n<td class=\"magic-19\" rowspan=\"0\">\n<div class=\"magic-20\">4 m<\/div>\n<\/td>\n<\/tr>\n<tr>\n<td colspan=\"1\" rowspan=\"1\">\n<div class=\"magic-17\">Maksimalus greitis<\/div>\n<\/td>\n<td colspan=\"1\" rowspan=\"1\">\n<div class=\"magic-18\">86 km\/val.&nbsp;<\/div>\n<\/td>\n<td class=\"magic-19\" rowspan=\"0\">\n<div class=\"magic-20\">LED&nbsp;<\/div>\n<\/td>\n<\/tr>\n<tr>\n<td colspan=\"1\" rowspan=\"1\">\n<div class=\"magic-21\">Diapazonas<\/div>\n<\/td>\n<td colspan=\"1\" rowspan=\"1\">\n<div class=\"magic-18\">95 km<\/div>\n<\/td>\n<td class=\"magic-19\" rowspan=\"0\">\n<div class=\"magic-20\">L\u0119\u0161is \/ Tolimosios \u0161viesos \/ Signalas<\/div>\n<\/td>\n<\/tr>\n<tr>\n<td colspan=\"1\" rowspan=\"1\">\n<div class=\"magic-21\">Maksimali apkrova<\/div>\n<\/td>\n<td colspan=\"1\" rowspan=\"1\">\n<div class=\"magic-18\">150 kg<\/div>\n<\/td>\n<td class=\"magic-19\" rowspan=\"0\">\n<div class=\"magic-20\">IED \/ T\u016briniai \u017eibintai \/ Stabd\u017ei\u0173 \u017eibintas<\/div>\n<\/td>\n<\/tr>\n<tr>\n<td colspan=\"1\" rowspan=\"1\">\n<div class=\"magic-21\">Padangos<\/div>\n<\/td>\n<td colspan=\"1\" rowspan=\"1\">\n<div class=\"magic-18\">12 coli\u0173 visureigio pneumatin\u0117s padangos<\/div>\n<\/td>\n<td class=\"magic-19\" rowspan=\"0\">\n<div class=\"magic-20\">IED \/ Pos\u016bkio signalas \/ Stabd\u017ei\u0173 \u017eibintas<\/div>\n<\/td>\n<\/tr>\n<\/tbody>\n<\/table>\n<\/div>\n<\/div>\n<div class=\"J_module\">\n<div class=\"magic-1\" id=\"ali-anchor-AliMagic-3k6nmm\">I\u0161samios nuotraukos<\/div>\n<\/div>\n<div class=\"J_module\">\n<div class=\"icbu-pc-detailManyImage magic-22\">\n<div class=\"magic-23\"><img decoding=\"async\" class=\"magic-24\" slate-data-type=\"image\" src=\"https:\/\/ae01.alicdn.com\/kf\/S1cda12741f9a409090e00bc7675dd2c79.jpg?width=2072&#038;height=1459&#038;hash=3531\"><\/div>\n<div class=\"magic-23\"><img decoding=\"async\" class=\"magic-24\" slate-data-type=\"image\" src=\"https:\/\/ae01.alicdn.com\/kf\/S7490e107114a40798f12e531acf96ee55.jpg?width=2072&#038;height=1026&#038;hash=3098\"><\/div>\n<div class=\"magic-23\"><img decoding=\"async\" class=\"magic-24\" slate-data-type=\"image\" src=\"https:\/\/ae01.alicdn.com\/kf\/Se3125af6a23d4f29a06c4d2767c2bc71g.jpg?width=2072&#038;height=1142&#038;hash=3214\"><\/div>\n<div class=\"magic-23\"><img decoding=\"async\" class=\"magic-24\" slate-data-type=\"image\" src=\"https:\/\/ae01.alicdn.com\/kf\/Sf61f6d30279442c9938211193bc28b6bd.jpg?width=2072&#038;height=1896&#038;hash=3968\"><\/div>\n<div class=\"magic-23\"><img decoding=\"async\" class=\"magic-24\" slate-data-type=\"image\" src=\"https:\/\/ae01.alicdn.com\/kf\/S82018e005fa046a2a6ccbcec384d44523.jpg?width=2072&#038;height=1006&#038;hash=3078\"><\/div>\n<div class=\"magic-23\"><img decoding=\"async\" class=\"magic-24\" slate-data-type=\"image\" src=\"https:\/\/ae01.alicdn.com\/kf\/S422c5e7754d741dcabf199d493a198d7Y.jpg?width=2072&#038;height=999&#038;hash=3071\"><\/div>\n<div class=\"magic-23\"><img decoding=\"async\" class=\"magic-24\" slate-data-type=\"image\" src=\"https:\/\/ae01.alicdn.com\/kf\/S7193f18c481c44a38423b36046a67f2dI.jpg?width=2072&#038;height=1301&#038;hash=3373\"><\/div>\n<div class=\"magic-23\"><img decoding=\"async\" class=\"magic-24\" slate-data-type=\"image\" src=\"https:\/\/ae01.alicdn.com\/kf\/S0d3ea7fe034a4d32874b959b136dc72f8.jpg?width=2072&#038;height=1061&#038;hash=3133\"><\/div>\n<div class=\"magic-23\"><img decoding=\"async\" class=\"magic-24\" slate-data-type=\"image\" src=\"https:\/\/ae01.alicdn.com\/kf\/S6ec9ce691cee436fb9bdb920c90062c1R.jpg?width=2072&#038;height=1094&#038;hash=3166\"><\/div>\n<div class=\"magic-23\"><img decoding=\"async\" class=\"magic-24\" slate-data-type=\"image\" src=\"https:\/\/ae01.alicdn.com\/kf\/S5cf40a78eefa4ccb90d34e2b80a1b461w.jpg?width=2072&#038;height=1012&#038;hash=3084\"><\/div>\n<\/div>\n<\/div>\n<div class=\"J_module\">\n<div class=\"icbu-pc-images magic-25\">\n<div>\n<div class=\"flex-layout-v\">\n<div class=\"flex-layout-h magic-25\">\n<div class=\"magic-26\"><img decoding=\"async\" class=\"magic-27\" slate-data-type=\"image\" src=\"https:\/\/ae01.alicdn.com\/kf\/S2671a5ab34044c868fe9173037c67750n.jpg?width=2072&#038;height=1326&#038;hash=3398\"><\/div>\n<\/div>\n<\/div>\n<\/div>\n<\/div>\n<\/div>\n<div class=\"J_module\">\n<div class=\"icbu-pc-images magic-25\">\n<div>\n<div class=\"flex-layout-v\">\n<div class=\"flex-layout-h magic-25\">\n<div class=\"magic-28\"><img decoding=\"async\" class=\"magic-29\" slate-data-type=\"image\" src=\"https:\/\/ae01.alicdn.com\/kf\/S4b9685217d004693aa6290c1ed32132eD.jpg?width=2072&#038;height=895&#038;hash=2967\"><\/div>\n<\/div>\n<\/div>\n<\/div>\n<\/div>\n<\/div>\n<div class=\"J_module\">\n<div class=\"icbu-pc-images magic-25\">\n<div>\n<div class=\"flex-layout-v\">\n<div class=\"flex-layout-h magic-25\">\n<div class=\"magic-30\"><img decoding=\"async\" class=\"magic-31\" slate-data-type=\"image\" src=\"https:\/\/ae01.alicdn.com\/kf\/S88e6668bd89c44f296867b2725adeea4G.jpg?width=2072&#038;height=1039&#038;hash=3111\"><\/div>\n<\/div>\n<\/div>\n<\/div>\n<\/div>\n<\/div>\n<div class=\"J_module\">\n<div class=\"icbu-pc-images magic-25\">\n<div>\n<div class=\"flex-layout-v\">\n<div class=\"flex-layout-h magic-25\">\n<div class=\"magic-32\"><img decoding=\"async\" class=\"magic-33\" slate-data-type=\"image\" src=\"https:\/\/ae01.alicdn.com\/kf\/Sbfd85b0baff54f838c7e50d6ba4d1effE.jpg?width=2072&#038;height=1143&#038;hash=3215\"><\/div>\n<\/div>\n<\/div>\n<\/div>\n<\/div>\n<\/div>\n<div class=\"J_module\">\n<div class=\"icbu-pc-images magic-25\">\n<div>\n<div class=\"flex-layout-v\">\n<div class=\"flex-layout-h magic-25\">\n<div class=\"magic-34\"><img decoding=\"async\" class=\"magic-35\" slate-data-type=\"image\" src=\"https:\/\/ae01.alicdn.com\/kf\/Sa1390e5c8af1448d8800458d9251accaA.jpg?width=2072&#038;height=959&#038;hash=3031\"><\/div>\n<\/div>\n<\/div>\n<\/div>\n<\/div>\n<\/div>\n<div class=\"J_module\">\n<div class=\"icbu-pc-images magic-25\">\n<div>\n<div class=\"flex-layout-v\">\n<div class=\"flex-layout-h magic-25\">\n<div class=\"magic-36\"><img decoding=\"async\" class=\"magic-37\" slate-data-type=\"image\" src=\"https:\/\/ae01.alicdn.com\/kf\/S04cc03e81e464f58af91931cdb2fe960a.jpg?width=2072&#038;height=1891&#038;hash=3963\"><\/div>\n<\/div>\n<\/div>\n<\/div>\n<\/div>\n<\/div>\n<div class=\"J_module\">\n<div class=\"icbu-pc-images magic-25\">\n<div>\n<div class=\"flex-layout-v\">\n<div class=\"flex-layout-h magic-25\">\n<div class=\"magic-38\"><img decoding=\"async\" class=\"magic-39\" slate-data-type=\"image\" src=\"https:\/\/ae01.alicdn.com\/kf\/S262d0188b03e43e082435c243fb8312eU.jpg?width=2072&#038;height=1067&#038;hash=3139\"><\/div>\n<\/div>\n<\/div>\n<\/div>\n<\/div>\n<\/div>\n<div class=\"J_module\">\n<div class=\"icbu-pc-images magic-25\">\n<div>\n<div class=\"flex-layout-v\">\n<div class=\"flex-layout-h magic-25\">\n<div class=\"magic-40\"><img decoding=\"async\" class=\"magic-41\" slate-data-type=\"image\" src=\"https:\/\/ae01.alicdn.com\/kf\/S93198807f93b450aa161a13736f8dc5cF.jpg?width=2072&#038;height=2678&#038;hash=4750\"><\/div>\n<\/div>\n<\/div>\n<\/div>\n<\/div>\n<\/div>\n<div class=\"J_module\">\n<div class=\"icbu-pc-images magic-25\">\n<div>\n<div class=\"flex-layout-v\">\n<div class=\"flex-layout-h magic-25\">\n<div class=\"magic-42\"><img decoding=\"async\" class=\"magic-43\" slate-data-type=\"image\" src=\"https:\/\/ae01.alicdn.com\/kf\/S4a7204c453bc464da0823f3e98c30034N.jpg?width=2072&#038;height=1064&#038;hash=3136\"><\/div>\n<\/div>\n<\/div>\n<\/div>\n<\/div>\n<\/div>\n<div class=\"J_module\">\n<div class=\"icbu-pc-images magic-25\">\n<div>\n<div class=\"flex-layout-v\">\n<div class=\"flex-layout-h magic-25\">\n<div class=\"magic-44\"><img decoding=\"async\" class=\"magic-45\" slate-data-type=\"image\" src=\"https:\/\/ae01.alicdn.com\/kf\/Se4ebe9d3bdf74e86ac3cf911af46a21fJ.jpg?width=2072&#038;height=3376&#038;hash=5448\"><\/div>\n<\/div>\n<\/div>\n<\/div>\n<\/div>\n<\/div>\n<div class=\"J_module\">\n<div class=\"magic-1\" id=\"ali-anchor-AliMagic-jcfe7v\">Kod\u0117l verta rinktis mus<\/div>\n<\/div>\n<div class=\"J_module\">\n<div class=\"icbu-pc-images magic-25\">\n<div>\n<div class=\"flex-layout-v\">\n<div class=\"flex-layout-h magic-25\">\n<div class=\"magic-46\"><img decoding=\"async\" class=\"magic-47\" slate-data-type=\"image\" src=\"https:\/\/ae01.alicdn.com\/kf\/S27ae9ce82ae741139944b93eba0f6f39n.jpg?width=750&#038;height=571&#038;hash=1321\"><\/div>\n<\/div>\n<\/div>\n<\/div>\n<\/div>\n<\/div>\n<div class=\"J_module\">\n<div class=\"icbu-pc-images magic-25\">\n<div>\n<div class=\"flex-layout-v\">\n<div class=\"flex-layout-h magic-25\">\n<div class=\"magic-48\"><img decoding=\"async\" class=\"magic-49\" slate-data-type=\"image\" src=\"https:\/\/ae01.alicdn.com\/kf\/Sa12f41e1baad428b8107b5af09ffa675C.jpg?width=750&#038;height=655&#038;hash=1405\"><\/div>\n<\/div>\n<\/div>\n<\/div>\n<\/div>\n<\/div>\n<div class=\"J_module\">\n<div class=\"magic-1\" id=\"ali-anchor-AliMagic-vwdyyp\">Europos sand\u0117lis<\/div>\n<\/div>\n<div class=\"J_module\">\n<div class=\"icbu-pc-images magic-25\">\n<div>\n<div class=\"flex-layout-v\">\n<div class=\"flex-layout-h magic-25\">\n<div class=\"magic-50\"><img decoding=\"async\" class=\"magic-51\" slate-data-type=\"image\" src=\"https:\/\/ae01.alicdn.com\/kf\/Sdc0c972ec92f4eae9c37e60a99497c47X.jpg?width=750&#038;height=1109&#038;hash=1859\"><\/div>\n<\/div>\n<\/div>\n<\/div>\n<\/div>\n<\/div>\n<div class=\"J_module\">\n<div class=\"icbu-pc-images magic-25\">\n<div>\n<div class=\"flex-layout-v\">\n<div class=\"flex-layout-h magic-25\">\n<div class=\"magic-52\"><img decoding=\"async\" class=\"magic-53\" slate-data-type=\"image\" src=\"https:\/\/ae01.alicdn.com\/kf\/Se569c5fcbb134d88a8111b73ba330050b.jpg?width=750&#038;height=709&#038;hash=1459\"><\/div>\n<\/div>\n<\/div>\n<\/div>\n<\/div>\n<\/div>\n<div class=\"J_module\">\n<div class=\"icbu-pc-images magic-25\">\n<div>\n<div class=\"flex-layout-v\">\n<div class=\"flex-layout-h magic-25\">\n<div class=\"magic-54\"><img decoding=\"async\" class=\"magic-55\" slate-data-type=\"image\" src=\"https:\/\/ae01.alicdn.com\/kf\/S0c59973d3f3549439484d6d02885f886c.jpg?width=750&#038;height=554&#038;hash=1304\"><\/div>\n<\/div>\n<\/div>\n<\/div>\n<\/div>\n<\/div>\n<div class=\"J_module\">\n<div class=\"magic-1\" id=\"ali-anchor-AliMagic-xnfq7v\">DUK<\/div>\n<\/div>\n<div class=\"J_module\">\n<div class=\"icbu-pc-images magic-25\">\n<div>\n<div class=\"flex-layout-v\">\n<div class=\"flex-layout-h magic-25\">\n<div class=\"magic-56\"><img decoding=\"async\" class=\"magic-57\" slate-data-type=\"image\" src=\"https:\/\/ae01.alicdn.com\/kf\/S9d4825ca785e4e648d35c4053b2760f8b.jpg?width=750&#038;height=601&#038;hash=1351\"><\/div>\n<\/div>\n<\/div>\n<\/div>\n<\/div>\n<\/div>\n<div class=\"J_module\">\n<div class=\"magic-1\" id=\"ali-anchor-AliMagic-eyyagm\">Susisiekite su mumis<\/div>\n<\/div>\n<div class=\"J_module\">\n<div class=\"icbu-pc-images magic-25\">\n<div>\n<div class=\"flex-layout-v\">\n<div class=\"flex-layout-h magic-25\">\n<div class=\"magic-58\"><img decoding=\"async\" class=\"magic-59\" slate-data-type=\"image\" src=\"https:\/\/ae01.alicdn.com\/kf\/Sd5e5db0f7b3042a491b974f77e225fa5a.jpg?width=750&#038;height=518&#038;hash=1268\" usemap=\"#a-ed-a53-28ea\"><\/p>\n<map name=\"a-ed-a53-28ea\">\n<area coords=\"29,224,214,326\" href=\"https:\/\/sedatop.en.alibaba.com\/contactinfo.html\" shape=\"rect\" target=\"_blank\">\n<area coords=\"228,268,666,429\" href=\"https:\/\/sedatop.en.alibaba.com\/\" shape=\"rect\" target=\"_blank\"><\/map>\n<\/div>\n<\/div>\n<\/div>\n<\/div>\n<\/div>\n<\/div>\n<\/div>\n<\/div>\n<\/div>","protected":false},"excerpt":{"rendered":"<p>Model Number:&nbsp;G4 Max Category:&nbsp;Two-wheel Scooter Applicable People:&nbsp;Unisex Range Per Charge:&nbsp;60-80km Charging Time:&nbsp;8-10h Voltage:&nbsp;60v Folded:&nbsp;YES Origin:&nbsp;Mainland China Power (W):&nbsp;1001-2000w Place of Origin:&nbsp;Zhejiang, China Brand:&nbsp;Kukirin Model Number:&nbsp;Kukirin G4 Max Charging Time:&nbsp;7-8 hours<\/p>","protected":false},"featured_media":8454,"comment_status":"open","ping_status":"closed","template":"","meta":{"_acf_changed":false},"product_brand":[],"product_cat":[468,297],"product_tag":[],"class_list":{"0":"post-8453","1":"product","2":"type-product","3":"status-publish","4":"has-post-thumbnail","6":"product_cat-electric-off-road-scooter","7":"product_cat-scooters","9":"first","10":"instock","11":"shipping-taxable","12":"purchasable","13":"product-type-simple"},"acf":[],"_links":{"self":[{"href":"https:\/\/www.electricstore.eu\/lt\/wp-json\/wp\/v2\/product\/8453","targetHints":{"allow":["GET"]}}],"collection":[{"href":"https:\/\/www.electricstore.eu\/lt\/wp-json\/wp\/v2\/product"}],"about":[{"href":"https:\/\/www.electricstore.eu\/lt\/wp-json\/wp\/v2\/types\/product"}],"replies":[{"embeddable":true,"href":"https:\/\/www.electricstore.eu\/lt\/wp-json\/wp\/v2\/comments?post=8453"}],"wp:featuredmedia":[{"embeddable":true,"href":"https:\/\/www.electricstore.eu\/lt\/wp-json\/wp\/v2\/media\/8454"}],"wp:attachment":[{"href":"https:\/\/www.electricstore.eu\/lt\/wp-json\/wp\/v2\/media?parent=8453"}],"wp:term":[{"taxonomy":"product_brand","embeddable":true,"href":"https:\/\/www.electricstore.eu\/lt\/wp-json\/wp\/v2\/product_brand?post=8453"},{"taxonomy":"product_cat","embeddable":true,"href":"https:\/\/www.electricstore.eu\/lt\/wp-json\/wp\/v2\/product_cat?post=8453"},{"taxonomy":"product_tag","embeddable":true,"href":"https:\/\/www.electricstore.eu\/lt\/wp-json\/wp\/v2\/product_tag?post=8453"}],"curies":[{"name":"wp","href":"https:\/\/api.w.org\/{rel}","templated":true}]}}