{"id":8328,"date":"2025-05-19T20:30:04","date_gmt":"2025-05-19T20:30:04","guid":{"rendered":"https:\/\/electricstore.eu\/product\/uncategorized\/gaiaray-lifepo4-battery-3-2v-280ah-120ah\/"},"modified":"2025-05-21T05:39:58","modified_gmt":"2025-05-21T05:39:58","slug":"gaiaray-lifepo4-battery-3-2v-280ah-120ah","status":"publish","type":"product","link":"https:\/\/www.electricstore.eu\/lt\/p\/batteries\/lifepo4-batteries\/lifepo4-battery-cells\/gaiaray-lifepo4-battery-3-2v-280ah-120ah\/","title":{"rendered":"\u201eGaiaray LF280K\u201c 280Ah 3,2 V li\u010dio jon\u0173 li\u010dio jon\u0173 akumuliatori\u0173 elementai"},"content":{"rendered":"<div class=\"product-specs-list-container\">\n<ul class=\"product-specs-list util-clearfix\">\n<li class=\"product-prop line-limit-length\"><span\n                                        class=\"property-title\">Ry\u0161ys:&nbsp;<\/span><span\n                                        class=\"property-desc line-limit-length\">Kiti<\/span>\n                            <\/li>\n<li class=\"product-prop line-limit-length\"><span\n                                        class=\"property-title\">Labai susir\u016bpinim\u0105 kelianti chemin\u0117 med\u017eiaga:&nbsp;<\/span><span\n                                        class=\"property-desc line-limit-length\">N\u0117ra<\/span>\n                            <\/li>\n<li class=\"product-prop line-limit-length\"><span\n                                        class=\"property-title\">Nominali talpa:&nbsp;<\/span><span\n                                        class=\"property-desc line-limit-length\">280AH<\/span>\n                            <\/li>\n<li class=\"product-prop line-limit-length\"><span\n                                        class=\"property-title\">Svoris:&nbsp;<\/span><span\n                                        class=\"property-desc line-limit-length\">5,5 kg<\/span>\n                            <\/li>\n<li class=\"product-prop line-limit-length\"><span\n                                        class=\"property-title\">\u012etampa:&nbsp;<\/span><span\n                                        class=\"property-desc line-limit-length\">3,2 V<\/span>\n                            <\/li>\n<li class=\"product-prop line-limit-length\"><span\n                                        class=\"property-title\">Dydis:&nbsp;<\/span><span\n                                        class=\"property-desc line-limit-length\">173 * 71 * 204 mm<\/span>\n                            <\/li>\n<li class=\"product-prop line-limit-length\"><span\n                                        class=\"property-title\">Taikymas:&nbsp;<\/span><span\n                                        class=\"property-desc line-limit-length\">RV, j\u016br\u0173 laivas, velkamasis variklis, saul\u0117s energijos kaupimas, autonomin\u0117 saul\u0117s energijos sistema, kita<\/span>\n                            <\/li>\n<li class=\"product-prop line-limit-length\"><span\n                                        class=\"property-title\">Modelio numeris:&nbsp;<\/span><span\n                                        class=\"property-desc line-limit-length\">LF280K<\/span>\n                            <\/li>\n<li class=\"product-prop line-limit-length\"><span\n                                        class=\"property-title\">Tipas:&nbsp;<\/span><span\n                                        class=\"property-desc line-limit-length\">LiFePO4<\/span>\n                            <\/li>\n<li class=\"product-prop line-limit-length\"><span\n                                        class=\"property-title\">Prek\u0117s \u017eenklas:&nbsp;<\/span><span\n                                        class=\"property-desc line-limit-length\">GaiaRay<\/span>\n                            <\/li>\n<li class=\"product-prop line-limit-length\"><span\n                                        class=\"property-title\">Kilm\u0117:&nbsp;<\/span><span\n                                        class=\"property-desc line-limit-length\">\u017demynin\u0117 Kinija<\/span>\n                            <\/li>\n<li class=\"product-prop line-limit-length\"><span\n                                        class=\"property-title\">Nominali \u012ftampa:&nbsp;<\/span><span\n                                        class=\"property-desc line-limit-length\">Kiti<\/span>\n                            <\/li>\n<li class=\"product-prop line-limit-length\"><span\n                                        class=\"property-title\">Nominali talpa:&nbsp;<\/span><span\n                                        class=\"property-desc line-limit-length\">100 Ah \/ 120 Ah \/ 280 Ah<\/span>\n                            <\/li>\n<li class=\"product-prop line-limit-length\"><span\n                                        class=\"property-title\">Svoris:&nbsp;<\/span><span\n                                        class=\"property-desc line-limit-length\">5,6 kg<\/span>\n                            <\/li>\n<li class=\"product-prop line-limit-length\"><span\n                                        class=\"property-title\">Matmuo:&nbsp;<\/span><span\n                                        class=\"property-desc line-limit-length\">173 * 71 * 204 mm<\/span>\n                            <\/li>\n<li class=\"product-prop line-limit-length\"><span\n                                        class=\"property-title\">\u012ekrovimo\/i\u0161krovimo ribin\u0117 \u012ftampa::&nbsp;<\/span><span\n                                        class=\"property-desc line-limit-length\">3,65 V \/ 2,5 V<\/span>\n                            <\/li>\n<li class=\"product-prop line-limit-length\"><span\n                                        class=\"property-title\">Var\u017eto dydis:&nbsp;<\/span><span\n                                        class=\"property-desc line-limit-length\">M6<\/span>\n                            <\/li>\n<li class=\"product-prop line-limit-length\"><span\n                                        class=\"property-title\">Ciklo gyvavimo laikas:&nbsp;<\/span><span\n                                        class=\"property-desc line-limit-length\">8000 ciklas<\/span>\n                            <\/li>\n<li class=\"product-prop line-limit-length\"><span\n                                        class=\"property-title\">Tinka sistemai:&nbsp;<\/span><span\n                                        class=\"property-desc line-limit-length\">12 V 24 V 48 V 72 V 96 V 108 V saul\u0117s energijos kaupimo sistema<\/span>\n                            <\/li>\n<li class=\"product-prop line-limit-length\"><span\n                                        class=\"property-title\">Parai\u0161ka:&nbsp;<\/span><span\n                                        class=\"property-desc line-limit-length\">Kemperiai Mikroautobusai Kemperiai Elektromobiliai Valtys Jachtos Golfo ve\u017eim\u0117liai \u0160akiniai krautuvai Saul\u0117s baterijos<\/span>\n                            <\/li>\n<li class=\"product-prop line-limit-length\"><span\n                                        class=\"property-title\">EVE 280AH lifepo4 akumuliatorius:&nbsp;<\/span><span\n                                        class=\"property-desc line-limit-length\">CTAL 120AH Lifepo4 akumuliatoriai<\/span>\n                            <\/li>\n<li class=\"product-prop line-limit-length\"><span\n                                        class=\"property-title\">100 Ah jau i\u0161parduota, pra\u0161ome neu\u017esakyti.&nbsp;<\/span><span\n                                        class=\"property-desc line-limit-length\">100ah jau i\u0161parduota, pra\u0161ome neu\u017esakyti.<\/span>\n                            <\/li>\n<\/ul><\/div>\n<div class=\"detailmodule_text\">\n<p style=\"font-size:20px;font-weight:bold;text-align:center;color:rgb(126, 211, 33);display:block;width:100%\" align=\"center\">[Apra\u0161ymas]<\/p>\n<\/div>\n<div class=\"detailmodule_text\">\n<p style=\"font-size:16px;font-weight:bold\"><i>Produkto apra\u0161ymas<\/i><\/p>\n<\/div>\n<div class=\"detailmodule_text\">\n<p style=\"font-size:16px;font-weight:bold\"><i>\u201eApexium REPT280AH lifepo4\u201c akumuliatori\u0173 blokas<\/i><\/p>\n<\/div>\n<div class=\"detailmodule_text\">\n<p style=\"font-size:16px;font-weight:bold\"><i>Faktin\u0117 talpa 280 Ah<\/i><\/p>\n<\/div>\n<div class=\"detailmodule_text\">\n<p style=\"font-size:16px;font-weight:bold\"><i>Nominali \u012ftampa 3,2 V<\/i><\/p>\n<\/div>\n<div class=\"detailmodule_text\">\n<p style=\"font-size:16px;font-weight:bold\"><i>Ilgas tarnavimo laikas \u2013 8000 cikl\u0173<\/i><\/p>\n<\/div>\n<div class=\"detailmodule_text\">\n<p style=\"font-size:16px;font-weight:bold\"><i>Maksimali \u012fkrovimo \u012ftampa 3,65 V<\/i><\/p>\n<\/div>\n<div class=\"detailmodule_text\">\n<p style=\"font-size:16px;font-weight:bold\"><i>Kintamosios srov\u0117s var\u017ea 0,25 mOhm<\/i><\/p>\n<\/div>\n<div class=\"detailmodule_text\">\n<p style=\"font-size:16px;font-weight:bold\"><i>\u012ekrovimo temperat\u016bra -5\u201360 \u00b0C<\/i><\/p>\n<\/div>\n<div class=\"detailmodule_text\">\n<p style=\"font-size:16px;font-weight:bold\"><i>Svoris 5,6 kg<\/i><\/p>\n<\/div>\n<div class=\"detailmodule_text\">\n<p style=\"font-size:16px;font-weight:bold\"><i>Matmenys 202 * 172 * 72 mm<\/i><\/p>\n<\/div>\n<div class=\"detailmodule_text\">\n<p style=\"font-size:16px;font-weight:bold;text-align:left;display:block;width:100%\" align=\"left\"><i>\u306b\u306f\u3067\u306e\u306f\u307e\u308c\u3066\u304a\u308a\u307e\u305b\u3093\u306e\u3067\u3001\u3054\u3044\u305f\u3060\u3051\u308b\u306e\u307f\u3055\u305b\u3066\u3044\u305f\u3060\u307e\u304d\u3002<\/i><\/p>\n<\/div>\n<div class=\"detailmodule_text\">\n<p style=\"font-size:16px;font-weight:bold\"><i>Ukrain\u0105 galima si\u0173sti i\u0161 Lenkijos sand\u0117li\u0173, o pristatymas gali \u012fvykti per 3\u20137 dienas po \u012fsigijimo.<\/i><\/p>\n<\/div>\n<div class=\"detailmodule_image\"><img decoding=\"async\" class=\"detail-desc-decorate-image\" src=\"https:\/\/ae01.alicdn.com\/kf\/S9ecd6cccf952482cbff40e3d530a1576R.jpg\" slate-data-type=\"image\"\/><\/div>\n<div class=\"detailmodule_text\">\n<p style=\"font-size:16px;font-weight:bold\"><i>\u201eGaiaray EVE\u201c A klas\u0117s 3,2 V 100 Ah 120 Ah 280 Ah akumuliatorius LiFePO4 li\u010dio gele\u017eies fosfatas 12 V 24 V 4S el. paspirtukui, RV saul\u0117s energijos kaupimui<\/i><\/p>\n<\/div>\n<div class=\"detailmodule_text\">\n<p style=\"font-size:16px;font-weight:bold\"><i>K: Kod\u0117l reikia prid\u0117ti siuntimo i\u0161laidas?<\/i><\/p>\n<\/div>\n<div class=\"detailmodule_text\">\n<p style=\"font-size:16px;font-weight:bold\"><i>Atsakymas: atokiose vietov\u0117se taikomas papildomas mokestis, prie\u0161 pirkdami atsi\u0173skite savo adres\u0105 patvirtinimui, kitaip nepateikite u\u017esakymo.<\/i><\/p>\n<\/div>\n<div class=\"detailmodule_text\">\n<p style=\"font-size:16px;font-weight:bold\"><i>Patarimai: \u2708 M\u016bs\u0173 sand\u0117lyje Lenkijoje turime 100 Ah, 280 Ah, ES \u0161alyse galima \u012fsigyti tiesiogiai, pristatymas per 3\u20137 dienas.<\/i><\/p>\n<\/div>\n<div class=\"detailmodule_text\">\n<p style=\"font-size:16px;font-weight:bold;color:rgb(0, 0, 0)\"><i>Pristatymo laikas<\/i><\/p>\n<\/div>\n<div class=\"detailmodule_text\">\n<p style=\"font-size:16px;font-weight:bold;color:rgb(0, 0, 0)\"><i>Kinijos \u012f Europ\u0105: 50\u201360 dien\u0173<\/i><\/p>\n<\/div>\n<div class=\"detailmodule_text\">\n<p style=\"font-size:16px;font-weight:bold;color:rgb(0, 0, 0)\"><i>Japonija: 7\u201315 dien\u0173<\/i><\/p>\n<\/div>\n<div class=\"detailmodule_text\">\n<p style=\"font-size:16px;font-weight:bold;color:rgb(0, 0, 0)\"><i>Kor\u0117ja: 7\u201315 dien\u0173<\/i><\/p>\n<\/div>\n<div class=\"detailmodule_text\">\n<p style=\"font-size:16px;font-weight:bold;color:rgb(0, 0, 0)\"><i>Rusija: 40\u201350 dien\u0173<\/i><\/p>\n<\/div>\n<div class=\"detailmodule_text\">\n<p style=\"font-size:16px;font-weight:bold;color:rgb(0, 0, 0)\"><i>JAV: 50\u201360 dien\u0173<\/i><\/p>\n<\/div>\n<div class=\"detailmodule_text\">\n<p style=\"font-size:16px;font-weight:bold;color:rgb(0, 0, 0)\"><i>Kanada Kanada: 50\u201360 dien\u0173<\/i><\/p>\n<\/div>\n<div class=\"detailmodule_text\">\n<p style=\"font-size:16px;font-weight:bold;color:rgb(0, 0, 0)\"><i>Australija: 50\u201360 dien\u0173<\/i><\/p>\n<\/div>\n<div class=\"detailmodule_text\">\n<p style=\"font-size:16px;font-weight:bold;color:rgb(0, 0, 0)\"><i>Ukraina: 60\u201370 dien\u0173<\/i><\/p>\n<\/div>\n<div class=\"detailmodule_text\">\n<p style=\"font-size:16px;font-weight:bold;color:rgb(0, 0, 0)\"><i>\u0160iltas patarimas: Ukraina rinkit\u0117s oro transport\u0105 ir atvykite per 7\u201315 dien\u0173!<\/i><\/p>\n<\/div>\n<div class=\"detailmodule_text\">\n<p style=\"font-size:16px;font-weight:bold\"><i>\u0160ilti patarimai<\/i><\/p>\n<\/div>\n<div class=\"detailmodule_text\">\n<p style=\"font-size:16px;font-weight:bold\"><i>K: Kod\u0117l Europos S\u0105jungoje reikia mok\u0117ti papildomus mokes\u010dius?<\/i><\/p>\n<\/div>\n<div class=\"detailmodule_image\"><img decoding=\"async\" class=\"detail-desc-decorate-image\" src=\"https:\/\/ae01.alicdn.com\/kf\/S2c55404059a1490896241d537b7f052ar.jpg\" slate-data-type=\"image\"\/><\/div>\n<div class=\"detailmodule_image\"><img decoding=\"async\" style=\"margin-bottom:10px\" class=\"detail-desc-decorate-image\" src=\"https:\/\/ae01.alicdn.com\/kf\/S4d0f74e89b97413bb5008e972e4824bbS.jpg\" slate-data-type=\"image\"\/><img decoding=\"async\" class=\"detail-desc-decorate-image\" src=\"https:\/\/ae01.alicdn.com\/kf\/Se6070fd68bc24190845528d16ae8e61c2.jpg\" slate-data-type=\"image\"\/><img decoding=\"async\" class=\"detail-desc-decorate-image\" src=\"https:\/\/ae01.alicdn.com\/kf\/Sd013774921e845a4b4586bfc5e71f676I.jpg\" slate-data-type=\"image\"\/><\/div>\n<div class=\"detailmodule_image\"><img decoding=\"async\" class=\"detail-desc-decorate-image\" src=\"https:\/\/ae01.alicdn.com\/kf\/S4ce68901942c4924ae926283e7b70cd1g.jpg\" slate-data-type=\"image\"\/><\/div>\n<div class=\"detailmodule_image\"><img decoding=\"async\" class=\"detail-desc-decorate-image\" src=\"https:\/\/ae01.alicdn.com\/kf\/Sce4cd639e20d4f518730372210ce6fdbH.jpg\" slate-data-type=\"image\"\/><\/div>\n<div class=\"detailmodule_image\"><img decoding=\"async\" class=\"detail-desc-decorate-image\" src=\"https:\/\/ae-pic-a1.aliexpress-media.com\/kf\/Sff4a75b385854e2d8e7fe2566c1118dfC.jpg\" slate-data-type=\"image\"\/><img decoding=\"async\" class=\"detail-desc-decorate-image\" src=\"https:\/\/ae-pic-a1.aliexpress-media.com\/kf\/S19b281492f7b4b40b1f20e79b0784b585.jpg\" slate-data-type=\"image\"\/><img decoding=\"async\" class=\"detail-desc-decorate-image\" src=\"https:\/\/ae-pic-a1.aliexpress-media.com\/kf\/S7af1e79c13604498a2e3ed62d6a549fen.jpg\" slate-data-type=\"image\"\/><img decoding=\"async\" class=\"detail-desc-decorate-image\" src=\"https:\/\/ae-pic-a1.aliexpress-media.com\/kf\/S412ef8ebed5d4ff2b52f2b9dcde4a4d9E.jpg\" slate-data-type=\"image\"\/><\/div>\n<div class=\"detailmodule_image\"><img decoding=\"async\" class=\"detail-desc-decorate-image\" src=\"https:\/\/ae01.alicdn.com\/kf\/Sa9a4e9c75361491c9cf30cfe56ed8740q.jpg\" slate-data-type=\"image\"\/><img decoding=\"async\" class=\"detail-desc-decorate-image\" src=\"https:\/\/ae01.alicdn.com\/kf\/Sbfa40f0e75c746c5930c1537e4a170d3v.jpg\" slate-data-type=\"image\"\/><img decoding=\"async\" class=\"detail-desc-decorate-image\" src=\"https:\/\/ae01.alicdn.com\/kf\/Saf392d4719224ee7a41d2afd10b55396A.jpg\" slate-data-type=\"image\"\/><img decoding=\"async\" class=\"detail-desc-decorate-image\" src=\"https:\/\/ae-pic-a1.aliexpress-media.com\/kf\/S08a6750418e64baaa77dcd171ca23ed21.jpg\" slate-data-type=\"image\"\/><img decoding=\"async\" class=\"detail-desc-decorate-image\" src=\"https:\/\/ae01.alicdn.com\/kf\/Sfa87bc26d9c840cf91f2a9d15f05bdf7Z.jpg\" slate-data-type=\"image\"\/><img decoding=\"async\" class=\"detail-desc-decorate-image\" src=\"https:\/\/ae01.alicdn.com\/kf\/Sf1e1fc0d53664845ae05fbd93a369acd2.jpg\" slate-data-type=\"image\"\/><img decoding=\"async\" class=\"detail-desc-decorate-image\" src=\"https:\/\/ae01.alicdn.com\/kf\/S3f16c1c71264487ca375043e8f58b075d.jpg\" slate-data-type=\"image\"\/><\/div>\n<div class=\"detailmodule_image\"><img decoding=\"async\" class=\"detail-desc-decorate-image\" src=\"https:\/\/ae01.alicdn.com\/kf\/S3bd9415f10ea4faab1a0d7813692f4d6P.jpg\" slate-data-type=\"image\"\/><img decoding=\"async\" class=\"detail-desc-decorate-image\" src=\"https:\/\/ae01.alicdn.com\/kf\/Sb54e82fbf2e440edb64e7e7821f2fe89h.png\" slate-data-type=\"image\"\/><img decoding=\"async\" class=\"detail-desc-decorate-image\" src=\"https:\/\/ae01.alicdn.com\/kf\/S3af62ed51a6c4c9aaf6b1a74f942731d7.jpg\" slate-data-type=\"image\"\/><img decoding=\"async\" class=\"detail-desc-decorate-image\" src=\"https:\/\/ae01.alicdn.com\/kf\/Sa525f81f13fa45d5a4d28e743ba1abd0r.jpg\" slate-data-type=\"image\"\/><img decoding=\"async\" class=\"detail-desc-decorate-image\" src=\"https:\/\/ae01.alicdn.com\/kf\/Sd38090f9a3a04d9cbe8750c62a40b127u.jpg\" slate-data-type=\"image\"\/><img decoding=\"async\" class=\"detail-desc-decorate-image\" src=\"https:\/\/ae01.alicdn.com\/kf\/Sc1f01b78a31c4945a44765c40f701120P.jpg\" slate-data-type=\"image\"\/><img decoding=\"async\" class=\"detail-desc-decorate-image\" src=\"https:\/\/ae01.alicdn.com\/kf\/S2fd873fa2d0647c38d6b0b7c2e150b78d.jpg\" slate-data-type=\"image\"\/><\/div>\n<p><\/p>","protected":false},"excerpt":{"rendered":"<p>Connection:&nbsp;Others Hign-concerned Chemical:&nbsp;None Nominal Capacity:&nbsp;280AH Weight:&nbsp;5.5KG Voltage:&nbsp;3.2v Size:&nbsp;173*71*204mm Application:&nbsp;RV,Marine Boat,Trolling Motor,Solar Power Storage,Off-Grid Solar Power System,Others Model Number:&nbsp;LF280K Type:&nbsp;LiFePO4 Brand Name:&nbsp;GaiaRay Origin:&nbsp;Mainland China Rated Voltage:&nbsp;Others Nominal Capacity:&nbsp;100AH\/120AH\/280AH Weight:&nbsp;5.6KG Dimension:&nbsp;173*71*204mm Charge\/discharge<\/p>","protected":false},"featured_media":8329,"comment_status":"open","ping_status":"closed","template":"","meta":{"_acf_changed":false},"product_brand":[],"product_cat":[235],"product_tag":[],"class_list":{"0":"post-8328","1":"product","2":"type-product","3":"status-publish","4":"has-post-thumbnail","6":"product_cat-lifepo4-battery-cells","8":"first","9":"instock","10":"shipping-taxable","11":"purchasable","12":"product-type-variable"},"acf":[],"_links":{"self":[{"href":"https:\/\/www.electricstore.eu\/lt\/wp-json\/wp\/v2\/product\/8328","targetHints":{"allow":["GET"]}}],"collection":[{"href":"https:\/\/www.electricstore.eu\/lt\/wp-json\/wp\/v2\/product"}],"about":[{"href":"https:\/\/www.electricstore.eu\/lt\/wp-json\/wp\/v2\/types\/product"}],"replies":[{"embeddable":true,"href":"https:\/\/www.electricstore.eu\/lt\/wp-json\/wp\/v2\/comments?post=8328"}],"wp:featuredmedia":[{"embeddable":true,"href":"https:\/\/www.electricstore.eu\/lt\/wp-json\/wp\/v2\/media\/8329"}],"wp:attachment":[{"href":"https:\/\/www.electricstore.eu\/lt\/wp-json\/wp\/v2\/media?parent=8328"}],"wp:term":[{"taxonomy":"product_brand","embeddable":true,"href":"https:\/\/www.electricstore.eu\/lt\/wp-json\/wp\/v2\/product_brand?post=8328"},{"taxonomy":"product_cat","embeddable":true,"href":"https:\/\/www.electricstore.eu\/lt\/wp-json\/wp\/v2\/product_cat?post=8328"},{"taxonomy":"product_tag","embeddable":true,"href":"https:\/\/www.electricstore.eu\/lt\/wp-json\/wp\/v2\/product_tag?post=8328"}],"curies":[{"name":"wp","href":"https:\/\/api.w.org\/{rel}","templated":true}]}}