{"id":8232,"date":"2025-05-19T20:29:25","date_gmt":"2025-05-19T20:29:25","guid":{"rendered":"https:\/\/electricstore.eu\/product\/uncategorized\/12v-310ah-lifepo4-lithium-battery\/"},"modified":"2025-05-21T05:40:03","modified_gmt":"2025-05-21T05:40:03","slug":"12v-310ah-lifepo4-lithium-battery","status":"publish","type":"product","link":"https:\/\/www.electricstore.eu\/lt\/p\/batteries\/lifepo4-batteries\/200ah-lifepo4-batteries\/12v-310ah-lifepo4-lithium-battery\/","title":{"rendered":"\u201eHumsienk\u201c 310Ah 12 V li\u010dio jon\u0173 akumuliatorius"},"content":{"rendered":"<div class=\"product-specs-list-container\">\n<ul class=\"product-specs-list util-clearfix\">\n<li class=\"product-prop line-limit-length\"><span\n                                        class=\"property-title\">Labai susir\u016bpinim\u0105 kelianti chemin\u0117 med\u017eiaga:&nbsp;<\/span><span\n                                        class=\"property-desc line-limit-length\">N\u0117ra<\/span>\n                            <\/li>\n<li class=\"product-prop line-limit-length\"><span\n                                        class=\"property-title\">Nominali talpa:&nbsp;<\/span><span\n                                        class=\"property-desc line-limit-length\">310 Ah<\/span>\n                            <\/li>\n<li class=\"product-prop line-limit-length\"><span\n                                        class=\"property-title\">Svoris:&nbsp;<\/span><span\n                                        class=\"property-desc line-limit-length\">28 kg \/ 61,73 svaro<\/span>\n                            <\/li>\n<li class=\"product-prop line-limit-length\"><span\n                                        class=\"property-title\">\u012etampa:&nbsp;<\/span><span\n                                        class=\"property-desc line-limit-length\">12,8 V<\/span>\n                            <\/li>\n<li class=\"product-prop line-limit-length\"><span\n                                        class=\"property-title\">Dydis:&nbsp;<\/span><span\n                                        class=\"property-desc line-limit-length\">521 * 238 * 221 mm \/ 20,51 * 9,37 * 8,7 colio<\/span>\n                            <\/li>\n<li class=\"product-prop line-limit-length\"><span\n                                        class=\"property-title\">Taikymas:&nbsp;<\/span><span\n                                        class=\"property-desc line-limit-length\">Viduje\/Lauke<\/span>\n                            <\/li>\n<li class=\"product-prop line-limit-length\"><span\n                                        class=\"property-title\">Modelio numeris:&nbsp;<\/span><span\n                                        class=\"property-desc line-limit-length\">12 V 310 Ah<\/span>\n                            <\/li>\n<li class=\"product-prop line-limit-length\"><span\n                                        class=\"property-title\">Tipas:&nbsp;<\/span><span\n                                        class=\"property-desc line-limit-length\">LiFePO4<\/span>\n                            <\/li>\n<li class=\"product-prop line-limit-length\"><span\n                                        class=\"property-title\">Prek\u0117s \u017eenklas:&nbsp;<\/span><span\n                                        class=\"property-desc line-limit-length\">Humsienkas<\/span>\n                            <\/li>\n<li class=\"product-prop line-limit-length\"><span\n                                        class=\"property-title\">Kilm\u0117:&nbsp;<\/span><span\n                                        class=\"property-desc line-limit-length\">\u017demynin\u0117 Kinija<\/span>\n                            <\/li>\n<li class=\"product-prop line-limit-length\"><span\n                                        class=\"property-title\">Nominali \u012ftampa:&nbsp;<\/span><span\n                                        class=\"property-desc line-limit-length\">Kiti<\/span>\n                            <\/li>\n<li class=\"product-prop line-limit-length\"><span\n                                        class=\"property-title\">Garantija:&nbsp;<\/span><span\n                                        class=\"property-desc line-limit-length\">5 metai<\/span>\n                            <\/li>\n<li class=\"product-prop line-limit-length\"><span\n                                        class=\"property-title\">Atsparumas vandeniui:&nbsp;<\/span><span\n                                        class=\"property-desc line-limit-length\">IP65<\/span>\n                            <\/li>\n<li class=\"product-prop line-limit-length\"><span\n                                        class=\"property-title\">Savyb\u0117s:&nbsp;<\/span><span\n                                        class=\"property-desc line-limit-length\">Lankstus, laisvai pastatomas, nereikalaujantis prie\u017ei\u016bros, ne\u0161iojamas, su \u012fkraunama baterija<\/span>\n                            <\/li>\n<li class=\"product-prop line-limit-length\"><span\n                                        class=\"property-title\">Galia:&nbsp;<\/span><span\n                                        class=\"property-desc line-limit-length\">3968 V<\/span>\n                            <\/li>\n<li class=\"product-prop line-limit-length\"><span\n                                        class=\"property-title\">Srov\u0117s i\u0161vestis:&nbsp;<\/span><span\n                                        class=\"property-desc line-limit-length\">310 A<\/span>\n                            <\/li>\n<li class=\"product-prop line-limit-length\"><span\n                                        class=\"property-title\">L\u0105stel\u0117:&nbsp;<\/span><span\n                                        class=\"property-desc line-limit-length\">A+ klas\u0117s LiFePO4 elementai<\/span>\n                            <\/li>\n<li class=\"product-prop line-limit-length\"><span\n                                        class=\"property-title\">Mok\u0117jimo b\u016bdas:&nbsp;<\/span><span\n                                        class=\"property-desc line-limit-length\">Kopija \/ CV<\/span>\n                            <\/li>\n<li class=\"product-prop line-limit-length\"><span\n                                        class=\"property-title\">Ciklo gyvavimo laikas:&nbsp;<\/span><span\n                                        class=\"property-desc line-limit-length\">iki 15 000 kart\u0173<\/span>\n                            <\/li>\n<li class=\"product-prop line-limit-length\"><span\n                                        class=\"property-title\">\u012ekrovimo temperat\u016bra:&nbsp;<\/span><span\n                                        class=\"property-desc line-limit-length\">Nuo 0 \u2103 iki 55 \u2103 \/ 32 \u2109 iki 131 \u2109<\/span>\n                            <\/li>\n<li class=\"product-prop line-limit-length\"><span\n                                        class=\"property-title\">I\u0161leidimo temperat\u016bra:&nbsp;<\/span><span\n                                        class=\"property-desc line-limit-length\">-20 \u2103 iki 70 \u2103 \/ -4 \u2109 iki 158 \u2109<\/span>\n                            <\/li>\n<\/ul><\/div>\n<p><strong><span style=\"color:rgb(0, 0, 0);font-size:22px;font-family:arial, helvetica, sans-serif\">Didelis na\u0161umas: <\/span><\/strong><\/p>\n<p><span style=\"color:rgb(0, 0, 0);font-size:22px;font-family:arial, helvetica, sans-serif\">\u201eHumsienk LiFePO4\u201c akumuliatorius pasi\u017eymi 310 Ah talpa ir standartine 12,8 V \u012ftampa. <\/span><span style=\"color:rgb(244, 78, 59);font-size:22px;font-family:arial, helvetica, sans-serif\">A+ klas\u0117s l\u0105stel\u0117s<\/span><span style=\"color:rgb(0, 0, 0);font-size:22px;font-family:arial, helvetica, sans-serif\">, jis gali pasigirti \u012fsp\u016bdingu tarnavimo laiku <\/span><span style=\"color:rgb(244, 78, 59);font-size:22px;font-family:arial, helvetica, sans-serif\">iki 15 000 cikl\u0173<\/span><span style=\"color:rgb(0, 0, 0);font-size:22px;font-family:arial, helvetica, sans-serif\">SDS\/UN38.3\/FCC\/CE\/ROHS sertifikatai u\u017etikrina jo kokyb\u0119 ir saug\u0105.<\/span><\/p>\n<p><\/p>\n<p><strong><span style=\"color:rgb(0, 0, 0);font-size:22px;font-family:arial, helvetica, sans-serif\">Integruota BMS apsauga:<\/span><\/strong><\/p>\n<p><span style=\"color:rgb(0, 0, 0);font-size:22px;font-family:arial, helvetica, sans-serif\">Li\u010dio baterija turi \u012fmontuot\u0105 <\/span><span style=\"color:rgb(244, 78, 59);font-size:22px;font-family:arial, helvetica, sans-serif\">200A BMS<\/span><span style=\"color:rgb(0, 0, 0);font-size:22px;font-family:arial, helvetica, sans-serif\"> Apsaugin\u0117 plok\u0161t\u0117, kuri automati\u0161kai atsijungia, kai i\u0161krovos srov\u0117 vir\u0161ija nustatyt\u0105 rib\u0105, taip padidindama saugum\u0105.<\/span><\/p>\n<p><\/p>\n<p><strong><span style=\"color:rgb(0, 0, 0);font-size:22px;font-family:arial, helvetica, sans-serif\">Kompakti\u0161kas dizainas: <\/span><\/strong><\/p>\n<p><span style=\"color:rgb(0, 0, 0);font-size:22px;font-family:arial, helvetica, sans-serif\">M\u016bs\u0173 baterija, kurios matmenys yra 20,51 x 8,70 x 9,37 colio (52,1 x 22,1 x 23,8 cm), o svoris \u2013 61,73 svaro (28 kg), maksimaliai padidina energijos tank\u012f, i\u0161laikant na\u0161um\u0105. Kompakti\u0161ka forma taupo viet\u0105 ir suteikia montavimo lankstumo.<\/span><\/p>\n<p><\/p>\n<p><strong><span style=\"color:rgb(0, 0, 0);font-size:22px;font-family:arial, helvetica, sans-serif\">Temperat\u016bros atsparumas: <\/span><\/strong><\/p>\n<p><span style=\"color:rgb(0, 0, 0);font-size:22px;font-family:arial, helvetica, sans-serif\">Sklandus veikimas <\/span><span style=\"color:rgb(244, 78, 59);font-size:22px;font-family:arial, helvetica, sans-serif\">nuo -20 \u00b0C iki 70 \u00b0C<\/span><span style=\"color:rgb(0, 0, 0);font-size:22px;font-family:arial, helvetica, sans-serif\">Baterijoje yra automatinis i\u0161sijungimas \u017eemesn\u0117je nei -20 \u00b0C temperat\u016broje, kad b\u016bt\u0173 u\u017etikrinta papildoma apsauga ir ilgaam\u017ei\u0161kumas.<\/span><\/p>\n<p><\/p>\n<p><strong><span style=\"color:rgb(0, 0, 0);font-size:22px;font-family:arial, helvetica, sans-serif\">Nuoseklusis arba lygiagretusis jungimas: <\/span><\/strong><\/p>\n<p><span style=\"color:rgb(0, 0, 0);font-size:22px;font-family:arial, helvetica, sans-serif\">Lengvai prijunkite iki 4 akumuliatori\u0173 nuosekliai arba lygiagre\u010diai, pasiekdami bendr\u0105 talp\u0105 <\/span><span style=\"color:rgb(244, 78, 59);font-size:22px;font-family:arial, helvetica, sans-serif\">iki 63,5 kWh<\/span><span style=\"color:rgb(0, 0, 0);font-size:22px;font-family:arial, helvetica, sans-serif\">Pritaikykite savo energijos tiekimo sprendim\u0105 pagal savo poreikius.<\/span><\/p>\n<p><\/p>\n<p><strong><span style=\"color:rgb(0, 0, 0);font-size:22px;font-family:arial, helvetica, sans-serif\">Puikiai tinka: <\/span><\/strong><\/p>\n<p><span style=\"color:rgb(0, 0, 0);font-size:22px;font-family:arial, helvetica, sans-serif\">M\u016bs\u0173 310 Ah LiFePO4 akumuliatorius, sukurtas taip, kad idealiai tilpt\u0173 \u012f akumuliatoriaus d\u0117\u017e\u0119, panaikina didesn\u0117s d\u0117\u017e\u0117s poreik\u012f, tod\u0117l montavimas tampa paprastesnis.<\/span><\/p>\n<p><\/p>\n<p><strong><span style=\"color:rgb(0, 0, 0);font-size:22px;font-family:arial, helvetica, sans-serif\">5 met\u0173 garantija ir palaikymas: <\/span><\/strong><\/p>\n<p><span style=\"color:rgb(0, 0, 0);font-size:22px;font-family:arial, helvetica, sans-serif\">J\u016bs\u0173 pasitenkinimas mums yra prioritetas. Jei turite klausim\u0173 ar abejoni\u0173, susisiekite su mumis. M\u016bs\u0173 produktai yra su <\/span><span style=\"color:rgb(244, 78, 59);font-size:22px;font-family:arial, helvetica, sans-serif\">5 met\u0173 garantija<\/span><span style=\"color:rgb(0, 0, 0);font-size:22px;font-family:arial, helvetica, sans-serif\"> d\u0117l j\u016bs\u0173 ramyb\u0117s.<\/span><\/p>\n<p><img decoding=\"async\" src=\"https:\/\/ae01.alicdn.com\/kf\/Sf9258cd707e544019c8cadb4fe995f22B.jpg\" slate-data-type=\"image\"\/><img decoding=\"async\" src=\"https:\/\/ae01.alicdn.com\/kf\/S607916af05b6479b983deecc6b044796G.jpg\" slate-data-type=\"image\"\/><img decoding=\"async\" src=\"https:\/\/ae01.alicdn.com\/kf\/S7e110ceb750741e28e604981dbd33b33B.jpg\" slate-data-type=\"image\"\/><img decoding=\"async\" src=\"https:\/\/ae01.alicdn.com\/kf\/Sc35b1d9b48d34325b6e5350e23453e21Z.jpg\" slate-data-type=\"image\"\/><img decoding=\"async\" src=\"https:\/\/ae01.alicdn.com\/kf\/S0c23b13030424fabb46f52fa9d727d32i.jpg\" slate-data-type=\"image\"\/><img decoding=\"async\" src=\"https:\/\/ae01.alicdn.com\/kf\/S4276fd6eaafd409ca55611094bd7cef22.jpg\" slate-data-type=\"image\"\/><img decoding=\"async\" src=\"https:\/\/ae01.alicdn.com\/kf\/S7d09f450e60c4be2abf539a0cc47b24dt.jpg\" slate-data-type=\"image\"\/><img decoding=\"async\" src=\"https:\/\/ae01.alicdn.com\/kf\/S8d0b848df30a4515a7e800a853f915f0N.jpg\" slate-data-type=\"image\"\/><\/p>\n<p><\/p>","protected":false},"excerpt":{"rendered":"<p>Hign-concerned Chemical:&nbsp;None Nominal Capacity:&nbsp;310Ah Weight:&nbsp;28kg\/61.73lbs Voltage:&nbsp;12.8V Size:&nbsp;521*238*221mm\/20.51*9.37*8.7inch Application:&nbsp;Indoor\/Outdoor Model Number:&nbsp;12V 310Ah Type:&nbsp;LiFePO4 Brand Name:&nbsp;Humsienk Origin:&nbsp;Mainland China Rated Voltage:&nbsp;Others Warranty:&nbsp;5 years Waterproof Rating:&nbsp;IP65 Features:&nbsp;Flexible, Freestanding, Maintenance Free, Portable, Rechargeable Battery Backup<\/p>","protected":false},"featured_media":8233,"comment_status":"open","ping_status":"closed","template":"","meta":{"_acf_changed":false},"product_brand":[],"product_cat":[238],"product_tag":[],"class_list":{"0":"post-8232","1":"product","2":"type-product","3":"status-publish","4":"has-post-thumbnail","6":"product_cat-200ah-lifepo4-batteries","8":"first","9":"instock","10":"shipping-taxable","11":"purchasable","12":"product-type-variable"},"acf":[],"_links":{"self":[{"href":"https:\/\/www.electricstore.eu\/lt\/wp-json\/wp\/v2\/product\/8232","targetHints":{"allow":["GET"]}}],"collection":[{"href":"https:\/\/www.electricstore.eu\/lt\/wp-json\/wp\/v2\/product"}],"about":[{"href":"https:\/\/www.electricstore.eu\/lt\/wp-json\/wp\/v2\/types\/product"}],"replies":[{"embeddable":true,"href":"https:\/\/www.electricstore.eu\/lt\/wp-json\/wp\/v2\/comments?post=8232"}],"wp:featuredmedia":[{"embeddable":true,"href":"https:\/\/www.electricstore.eu\/lt\/wp-json\/wp\/v2\/media\/8233"}],"wp:attachment":[{"href":"https:\/\/www.electricstore.eu\/lt\/wp-json\/wp\/v2\/media?parent=8232"}],"wp:term":[{"taxonomy":"product_brand","embeddable":true,"href":"https:\/\/www.electricstore.eu\/lt\/wp-json\/wp\/v2\/product_brand?post=8232"},{"taxonomy":"product_cat","embeddable":true,"href":"https:\/\/www.electricstore.eu\/lt\/wp-json\/wp\/v2\/product_cat?post=8232"},{"taxonomy":"product_tag","embeddable":true,"href":"https:\/\/www.electricstore.eu\/lt\/wp-json\/wp\/v2\/product_tag?post=8232"}],"curies":[{"name":"wp","href":"https:\/\/api.w.org\/{rel}","templated":true}]}}