{"id":8228,"date":"2025-05-19T20:29:21","date_gmt":"2025-05-19T20:29:21","guid":{"rendered":"https:\/\/electricstore.eu\/product\/uncategorized\/qs-motor-qs138-3000w-v1-mid-drive-motor-72v100kph-electric-motorcycle\/"},"modified":"2025-05-20T13:09:49","modified_gmt":"2025-05-20T13:09:49","slug":"qs-motor-qs138-3000w-v1-mid-drive-motor-72v100kph-electric-motorcycle","status":"publish","type":"product","link":"https:\/\/www.electricstore.eu\/lt\/p\/o\/qs-motor-qs138-3000w-v1-mid-drive-motor-72v100kph-electric-motorcycle\/","title":{"rendered":"QS MOTOR QS138 3000W 72V 13.6Ah 100KM\/H elektrinio motociklo vidutin\u0117s pavaros variklis"},"content":{"rendered":"<div class=\"product-specs-list-container\">\n<ul class=\"product-specs-list util-clearfix\">\n<li class=\"product-prop line-limit-length\"><span\n                                        class=\"property-title\">Labai susir\u016bpinim\u0105 kelianti chemin\u0117 med\u017eiaga:&nbsp;<\/span><span\n                                        class=\"property-desc line-limit-length\">N\u0117ra<\/span>\n                            <\/li>\n<li class=\"product-prop line-limit-length\"><span\n                                        class=\"property-title\">Kitas dalies numeris:&nbsp;<\/span><span\n                                        class=\"property-desc line-limit-length\">a<\/span>\n                            <\/li>\n<li class=\"product-prop line-limit-length\"><span\n                                        class=\"property-title\">Vieta transporto priemon\u0117je:&nbsp;<\/span><span\n                                        class=\"property-desc line-limit-length\">GALIN\u0116<\/span>\n                            <\/li>\n<li class=\"product-prop line-limit-length\"><span\n                                        class=\"property-title\">Gamybos \u0161alis \/ regionas:&nbsp;<\/span><span\n                                        class=\"property-desc line-limit-length\">Kinija<\/span>\n                            <\/li>\n<li class=\"product-prop line-limit-length\"><span\n                                        class=\"property-title\">Keitimo dalies numeris:&nbsp;<\/span><span\n                                        class=\"property-desc line-limit-length\">a<\/span>\n                            <\/li>\n<li class=\"product-prop line-limit-length\"><span\n                                        class=\"property-title\">Specialios savyb\u0117s:&nbsp;<\/span><span\n                                        class=\"property-desc line-limit-length\">Vairavimas<\/span>\n                            <\/li>\n<li class=\"product-prop line-limit-length\"><span\n                                        class=\"property-title\">Prek\u0117s svoris:&nbsp;<\/span><span\n                                        class=\"property-desc line-limit-length\">13.7<\/span>\n                            <\/li>\n<li class=\"product-prop line-limit-length\"><span\n                                        class=\"property-title\">Prek\u0117s auk\u0161tis:&nbsp;<\/span><span\n                                        class=\"property-desc line-limit-length\">32<\/span>\n                            <\/li>\n<li class=\"product-prop line-limit-length\"><span\n                                        class=\"property-title\">Prek\u0117s plotis:&nbsp;<\/span><span\n                                        class=\"property-desc line-limit-length\">31.5<\/span>\n                            <\/li>\n<li class=\"product-prop line-limit-length\"><span\n                                        class=\"property-title\">Prek\u0117s ilgis:&nbsp;<\/span><span\n                                        class=\"property-desc line-limit-length\">31.5<\/span>\n                            <\/li>\n<li class=\"product-prop line-limit-length\"><span\n                                        class=\"property-title\">Gamintojo dalies numeris:&nbsp;<\/span><span\n                                        class=\"property-desc line-limit-length\">a<\/span>\n                            <\/li>\n<li class=\"product-prop line-limit-length\"><span\n                                        class=\"property-title\">Kilm\u0117:&nbsp;<\/span><span\n                                        class=\"property-desc line-limit-length\">\u017demynin\u0117 Kinija<\/span>\n                            <\/li>\n<li class=\"product-prop line-limit-length\"><span\n                                        class=\"property-title\">Variklis:&nbsp;<\/span><span\n                                        class=\"property-desc line-limit-length\">Nuolatin\u0117s srov\u0117s variklis<\/span>\n                            <\/li>\n<li class=\"product-prop line-limit-length\"><span\n                                        class=\"property-title\">Med\u017eiaga:&nbsp;<\/span><span\n                                        class=\"property-desc line-limit-length\">Aliuminis<\/span>\n                            <\/li>\n<\/ul><\/div>\n<div>\n<div><kse:widget data-widget-type=\"customText\" id=\"1005000001338413\" type=\"relation\"><\/kse:widget><\/div>\n<div><strong><span style=\"font-size:22px;font-family:&quot;lucida sans unicode&quot;, &quot;lucida grande&quot;, sans-serif\">QS 138 3000W V1 vidutin\u0117s pavaros variklis 72V100KPH senos i\u0161vaizdos elektrinis lengvasis motociklas<\/span><\/strong><\/div>\n<div class=\"detailmodule_text-image\">\n<div><\/div>\n<p style=\"color:rgb(208, 2, 27)\"><span style=\"font-family:&quot;lucida sans unicode&quot;, &quot;lucida grande&quot;, sans-serif\">138 3000 W vidutin\u0117s pavaros varikliui jis gali b\u016bti naudojamas elektriniams lengviesiems motociklams, kurie gal\u0117t\u0173 b\u016bti 72 V 100 km\/h.<br \/>Be to, pagal numatytuosius nustatymus pateikiame grandin\u0117s pavar\u0173 adapterius.<br \/>P. S. Jei kilt\u0173 neai\u0161kum\u0173 d\u0117l siuntimo kainos, susisiekite su mumis.<br \/>Taip pat galite pateikti u\u017esakym\u0105, bet pirmiausia nesumok\u0117ti, tada gal\u0117tume pakoreguoti kain\u0105.<\/span><\/p>\n<div><\/div>\n<div class=\"detailmodule_image\"><strong><span class=\"15\" style=\"color:rgb(211, 49, 21);font-size:12pt;font-family:&quot;Lucida Sans Unicode&quot;\">Pastaba: <\/span><\/strong><\/div>\n<p style=\"line-height:13.5pt;margin:0pt;margin-bottom:0pt;margin-top:0pt;margin-left:0pt;margin-right:0pt;padding:0pt;padding-bottom:0pt;padding-top:0pt;padding-left:0em;padding-right:0pt\" class=\"p\"><strong><span class=\"15\" style=\"color:rgb(211, 49, 21);font-size:12pt;font-family:&quot;Lucida Sans Unicode&quot;\">Tai yra Europos sand\u0117lio pristatymo prek\u0117.<\/span><\/strong><\/p>\n<p class=\"MsoNormal\"><strong><span class=\"15\" style=\"color:rgb(211, 49, 21);font-size:12pt;font-family:&quot;Lucida Sans Unicode&quot;\">Produktai siun\u010diami i\u0161 vietinio sand\u0117lio Lenkijoje ir gali b\u016bti siun\u010diami tik \u012f Lenkij\u0105 ir u\u017e Europos rib\u0173 esan\u010dias \u0161alis: Vokietij\u0105, Pranc\u016bzij\u0105, Italij\u0105, Austrij\u0105, Nyderlandus, Suomij\u0105, Belgij\u0105, Danij\u0105, Ispanij\u0105, Bulgarij\u0105, Portugalij\u0105, \u0160vedij\u0105, Vengrij\u0105, Slovakij\u0105, \u010cekij\u0105, Lietuv\u0105, Latvij\u0105, Liuksemburg\u0105, Slov\u0117nij\u0105, Estij\u0105, Kroatij\u0105, Graikij\u0105, Kroatij\u0105, Rumunij\u0105, Airij\u0105, Kipr\u0105. Atkreipkite \u012f tai d\u0117mes\u012f.<\/span><\/strong><span style=\"color:rgb(211, 49, 21);font-size:16px;font-family:&quot;lucida sans unicode&quot;, &quot;lucida grande&quot;, sans-serif\"><strong>\u00a0<\/strong><\/span><\/p>\n<div>\n<p><\/div>\n<div>\u00a0<\/div>\n<\/div>\n<div class=\"detailmodule_text-image\">\n<div><\/div>\n<p style=\"font-family:OpenSans;font-size:20px;font-weight:900;line-height:28px;text-align:left;white-space:pre-wrap;color:rgb(0, 0, 0);margin-bottom:12px\" class=\"detail-desc-decorate-title\" align=\"left\"><span style=\"background-color:rgb(164, 221, 0);font-size:16px;font-family:&quot;lucida sans unicode&quot;, &quot;lucida grande&quot;, sans-serif\">Vienas rinkinys, \u012fskaitant toliau nurodytus rinkinius<\/span><\/p>\n<p style=\"font-family:OpenSans;font-size:14px;font-weight:300;line-height:20px;white-space:pre-wrap;color:rgb(0, 0, 0);margin-bottom:12px\" class=\"detail-desc-decorate-content\"><span style=\"font-size:14px;font-family:&quot;lucida sans unicode&quot;, &quot;lucida grande&quot;, sans-serif\"><br \/>1,1 vnt. X 138 3000 W V1 vidutin\u0117s pavaros variklis su 428 14T \u017evaig\u017ed\u0117s adapteriu<\/span><\/p>\n<div><\/div>\n<\/div>\n<div class=\"detailmodule_text\">\n<p style=\"font-family:OpenSans;font-size:20px;font-weight:900;line-height:28px;white-space:pre-wrap;color:rgb(0, 0, 0);margin-bottom:12px\" class=\"detail-desc-decorate-title\"><span style=\"background-color:rgb(164, 221, 0);font-size:16px\">Pagrindin\u0117s savyb\u0117s<\/span><\/p>\n<p style=\"font-family:OpenSans;font-size:14px;font-weight:300;line-height:20px;white-space:pre-wrap;color:rgb(0, 0, 0);margin-bottom:12px\" class=\"detail-desc-decorate-content\"><span style=\"font-family:&quot;lucida sans unicode&quot;, &quot;lucida grande&quot;, sans-serif\">1) Lengvas ir ma\u017eas matmuo, palyginti su stebuliniu varikliu<br \/>2) Didelio na\u0161umo nauda d\u0117l srauto silpn\u0117jimo<br \/>3) Didelis efektyvumas laipiojimo metu ir geresnis pagreitis<br \/>4) Palaikykite regeneracin\u012f stabdym\u0105<\/span><\/p>\n<p style=\"font-family:OpenSans;font-size:14px;font-weight:300;line-height:20px;white-space:pre-wrap;color:rgb(0, 0, 0);margin-bottom:12px\" class=\"detail-desc-decorate-content\"><img decoding=\"async\" src=\"https:\/\/ae01.alicdn.com\/kf\/S6946e94503f34fc08a6a3d129a0ed4b2X.jpg\" slate-data-type=\"image\"\/><\/p>\n<div><\/div>\n<\/div>\n<div class=\"detailmodule_text-image\">\n<p style=\"font-family:OpenSans;font-size:20px;font-weight:900;line-height:28px;white-space:pre-wrap;color:rgb(0, 0, 0);margin-bottom:12px\" class=\"detail-desc-decorate-title\"><span style=\"background-color:rgb(164, 221, 0);font-size:16px\">Produkto apra\u0161ymas<\/span><\/p>\n<div><img decoding=\"async\" src=\"https:\/\/ae01.alicdn.com\/kf\/Sea562be3849f43eea009178791b4954aT.jpg\" slate-data-type=\"image\"\/><\/div>\n<\/div>\n<div class=\"detailmodule_text-image\">\n<div><\/div>\n<p style=\"font-family:OpenSans;font-size:20px;font-weight:900;line-height:28px;white-space:pre-wrap;color:rgb(0, 0, 0);margin-bottom:12px\" class=\"detail-desc-decorate-title\"><span style=\"background-color:rgb(244, 78, 59);font-size:16px;font-family:&quot;lucida sans unicode&quot;, &quot;lucida grande&quot;, sans-serif\">Pie\u0161imas<\/span><\/p>\n<p style=\"font-family:OpenSans;font-size:14px;font-weight:300;line-height:20px;white-space:pre-wrap;color:rgb(0, 0, 0);margin-bottom:12px\" class=\"detail-desc-decorate-content\"><span style=\"font-size:14px;font-family:&quot;lucida sans unicode&quot;, &quot;lucida grande&quot;, sans-serif\">\u017dr. 138 3000 W V1 vidutin\u0117s pavaros varikl\u012f su dir\u017eine konstrukcija<\/span><\/p>\n<div><img fetchpriority=\"high\" decoding=\"async\" class=\"detail-desc-decorate-image\" width=\"800\" height=\"657\" src=\"https:\/\/ae01.alicdn.com\/kf\/Hd34d04446c1d4eb7a30f0162b3895e68m.jpg\" slate-data-type=\"image\"\/><\/div>\n<\/div>\n<div class=\"detailmodule_text-image\">\n<div><\/div>\n<p style=\"font-family:OpenSans;font-size:20px;font-weight:900;line-height:28px;white-space:pre-wrap;color:rgb(0, 0, 0);margin-bottom:12px\" class=\"detail-desc-decorate-title\"><span style=\"background-color:rgb(244, 78, 59);font-size:16px;font-family:&quot;lucida sans unicode&quot;, &quot;lucida grande&quot;, sans-serif\">Bandymo ataskaita<\/span><\/p>\n<div><img decoding=\"async\" class=\"detail-desc-decorate-image\" width=\"800\" height=\"486\" src=\"https:\/\/ae01.alicdn.com\/kf\/H68d41373bb1940fb8a933fe6dc560366K.jpg\" slate-data-type=\"image\"\/><\/div>\n<\/div>\n<div class=\"detailmodule_text-image\">\n<div><\/div>\n<p class=\"MsoNormal\"><span style=\"color:rgb(255, 0, 0)\">Pastaba d\u0117l \u017evaig\u017edut\u0117s konstrukcijos variklio<\/span><\/p>\n<p class=\"MsoNormal\"><span style=\"color:rgb(255, 0, 0)\">Palaipsniui keisime veleno dyd\u012f nuo 6-4 iki 6-5.<\/span><\/p>\n<p class=\"MsoNormal\"><span style=\"color:rgb(255, 0, 0)\">Nes 6-5 yra atsparesnis dilimui ir labiau suderinamas<\/span><\/p>\n<p class=\"MsoNormal\"><span style=\"color:rgb(255, 0, 0)\">6-4 ir 6-5 kontrastas atrodo taip:<\/span><\/p>\n<div><\/div>\n<p class=\"MsoNormal\"><img decoding=\"async\" width=\"800\" height=\"560\" src=\"https:\/\/ae01.alicdn.com\/kf\/H92532228f9054498b4de99b8855756a1U.jpg\" slate-data-type=\"image\"\/><\/p>\n<div><\/div>\n<p style=\"font-family:OpenSans;font-size:20px;font-weight:900;line-height:28px;white-space:pre-wrap;color:rgb(0, 0, 0);margin-bottom:12px\" class=\"detail-desc-decorate-title\"><span style=\"background-color:rgb(164, 221, 0);font-size:14px;font-family:&quot;lucida sans unicode&quot;, &quot;lucida grande&quot;, sans-serif\">Konversijos rinkiniai<\/span><\/p>\n<p style=\"color:rgb(208, 2, 27)\"><span style=\"font-size:14px;font-family:&quot;lucida sans unicode&quot;, &quot;lucida grande&quot;, sans-serif\">Jei jus domina \u0161ie konversijos rinkiniai, galite spustel\u0117ti prid\u0117t\u0105 paveiksl\u0117l\u012f.<\/span><\/p>\n<div><\/div>\n<p style=\"color:rgb(208, 2, 27)\"><a href=\"https:\/\/www.aliexpress.com\/item\/4000003502810.html?spm=a2g0o.store_pc_groupList.8148356.40.58677d39u2VsRZ\" target=\"_self\" class=\"\"><img loading=\"lazy\" decoding=\"async\" width=\"285\" height=\"272\" src=\"https:\/\/ae01.alicdn.com\/kf\/H92409da29169482bb5733c44ef2fb23cC.jpg\" slate-data-type=\"image\"\/><\/a><\/p>\n<div><\/div>\n<\/div>\n<div class=\"detailmodule_text-image\">\n<p style=\"font-family:OpenSans;font-size:20px;font-weight:900;line-height:28px;white-space:pre-wrap;color:rgb(0, 0, 0);margin-bottom:12px\" class=\"detail-desc-decorate-title\"><span style=\"background-color:rgb(164, 221, 0);font-size:16px;font-family:&quot;lucida sans unicode&quot;, &quot;lucida grande&quot;, sans-serif\">Parai\u0161ka<\/span><\/p>\n<div><img decoding=\"async\" src=\"https:\/\/ae01.alicdn.com\/kf\/Sa12d2bcf8be845799786dd0294876ed4U.jpg\" slate-data-type=\"image\"\/><\/div>\n<\/div>\n<div><\/div>\n<\/div>\n<div>\u00a0<\/div>\n<p><span style=\"font-size:16px;font-family:&quot;lucida sans unicode&quot;, &quot;lucida grande&quot;, sans-serif\"><strong><span style=\"font-family:&quot;lucida sans unicode&quot;, &quot;lucida grande&quot;, sans-serif\"><span style=\"background-color:rgb(255, 255, 0);font-family:&quot;lucida sans unicode&quot;, &quot;lucida grande&quot;, sans-serif\"><span style=\"color:rgb(0, 0, 0);font-family:&quot;lucida sans unicode&quot;, &quot;lucida grande&quot;, sans-serif\">Programuojama programin\u0117 \u012franga ir naudotojo vadovas (prie\u0161 gaunant valdikl\u012f)\u00a0<\/span><\/span><\/span><\/strong><\/span><\/p>\n<p><\/p>\n<p style=\"font-family:&quot;open sans&quot;, roboto, arial, helvetica, sans-serif, simsun;font-size:14px;font-weight:400;letter-spacing:normal;line-height:inherit;text-align:start;white-space:normal;color:rgb(0, 0, 0);background-color:rgb(255, 255, 255);margin:0px;margin-bottom:0px;margin-top:0px;margin-left:0px;margin-right:0px;padding:0px;padding-bottom:0px;padding-top:0px;padding-left:0px;padding-right:0px;box-sizing:border-box\" align=\"start\"><span style=\"color:rgb(0, 0, 0);font-size:14px;font-family:&quot;lucida sans unicode&quot;, &quot;lucida grande&quot;, sans-serif\">Prie\u0161 \u012fsigydami valdiklius, susisiekite su pardavim\u0173 skyriumi, kad gautum\u0117te nuorod\u0105 ir slapta\u017eod\u012f vadovams ir programinei \u012frangai atsisi\u0173sti.<\/span><\/p>\n<p style=\"font-family:&quot;open sans&quot;, roboto, arial, helvetica, sans-serif, simsun;font-size:14px;font-weight:400;letter-spacing:normal;line-height:inherit;text-align:start;white-space:normal;color:rgb(0, 0, 0);background-color:rgb(255, 255, 255);margin:0px;margin-bottom:0px;margin-top:0px;margin-left:0px;margin-right:0px;padding:0px;padding-bottom:0px;padding-top:0px;padding-left:0px;padding-right:0px;box-sizing:border-box\" align=\"start\"><\/p>\n<p style=\"font-family:&quot;open sans&quot;, roboto, arial, helvetica, sans-serif, simsun;font-size:14px;font-weight:400;letter-spacing:normal;line-height:inherit;text-align:start;white-space:normal;color:rgb(0, 0, 0);background-color:rgb(255, 255, 255);margin:0px;margin-bottom:0px;margin-top:0px;margin-left:0px;margin-right:0px;padding:0px;padding-bottom:0px;padding-top:0px;padding-left:0px;padding-right:0px;box-sizing:border-box\" align=\"start\"><kse:widget data-widget-type=\"customText\" id=\"1005000000987255\" type=\"custom\"><\/kse:widget><\/p>\n<p><\/p>","protected":false},"excerpt":{"rendered":"<p>Hign-concerned Chemical:&nbsp;None Other Part Number:&nbsp;a Placement on Vehicle:&nbsp;REAR Country\/Region of Manufacture:&nbsp;China Interchange Part Number:&nbsp;a Special Features:&nbsp;Driving Item Weight:&nbsp;13.7 Item Height:&nbsp;32 Item Width:&nbsp;31.5 Item Length:&nbsp;31.5 Manufacturer Part Number:&nbsp;a Origin:&nbsp;Mainland China Motor:&nbsp;DC<\/p>","protected":false},"featured_media":8229,"comment_status":"open","ping_status":"closed","template":"","meta":{"_acf_changed":false},"product_brand":[],"product_cat":[15,232],"product_tag":[],"class_list":{"0":"post-8228","1":"product","2":"type-product","3":"status-publish","4":"has-post-thumbnail","6":"product_cat-o","7":"product_cat-motorbikes","9":"first","10":"instock","11":"shipping-taxable","12":"purchasable","13":"product-type-simple"},"acf":[],"_links":{"self":[{"href":"https:\/\/www.electricstore.eu\/lt\/wp-json\/wp\/v2\/product\/8228","targetHints":{"allow":["GET"]}}],"collection":[{"href":"https:\/\/www.electricstore.eu\/lt\/wp-json\/wp\/v2\/product"}],"about":[{"href":"https:\/\/www.electricstore.eu\/lt\/wp-json\/wp\/v2\/types\/product"}],"replies":[{"embeddable":true,"href":"https:\/\/www.electricstore.eu\/lt\/wp-json\/wp\/v2\/comments?post=8228"}],"wp:featuredmedia":[{"embeddable":true,"href":"https:\/\/www.electricstore.eu\/lt\/wp-json\/wp\/v2\/media\/8229"}],"wp:attachment":[{"href":"https:\/\/www.electricstore.eu\/lt\/wp-json\/wp\/v2\/media?parent=8228"}],"wp:term":[{"taxonomy":"product_brand","embeddable":true,"href":"https:\/\/www.electricstore.eu\/lt\/wp-json\/wp\/v2\/product_brand?post=8228"},{"taxonomy":"product_cat","embeddable":true,"href":"https:\/\/www.electricstore.eu\/lt\/wp-json\/wp\/v2\/product_cat?post=8228"},{"taxonomy":"product_tag","embeddable":true,"href":"https:\/\/www.electricstore.eu\/lt\/wp-json\/wp\/v2\/product_tag?post=8228"}],"curies":[{"name":"wp","href":"https:\/\/api.w.org\/{rel}","templated":true}]}}