{"id":7803,"date":"2025-05-15T19:58:15","date_gmt":"2025-05-15T19:58:15","guid":{"rendered":"https:\/\/electricstore.eu\/product\/evercross-tech-ev13m-150w-8-16-km-h-12km-12-children-electric-motorbike\/"},"modified":"2025-05-21T06:07:41","modified_gmt":"2025-05-21T06:07:41","slug":"evercross-tech-ev13m-150w-8-16-km-h-12km-12-children-electric-motorbike","status":"publish","type":"product","link":"https:\/\/www.electricstore.eu\/lt\/p\/motorbikes\/electric-children-motorbikes\/evercross-tech-ev13m-150w-8-16-km-h-12km-12-children-electric-motorbike\/","title":{"rendered":"EVERCROSS TECH EV13M 150W 14V 5.2Ah 16km\/h 12km 12 coli\u0173 vaiki\u0161kas elektrinis motociklas"},"content":{"rendered":"<div class=\"product-specs-list-container\">\n<ul class=\"product-specs-list util-clearfix\">\n<li class=\"product-prop line-limit-length\"><span\n                                        class=\"property-title\">Modelio numeris:&nbsp;<\/span><span\n                                        class=\"property-desc line-limit-length\">EV13M<\/span>\n                            <\/li>\n<li class=\"product-prop line-limit-length\"><span\n                                        class=\"property-title\">Nominali keleivi\u0173 talpa:&nbsp;<\/span><span\n                                        class=\"property-desc line-limit-length\">Viena s\u0117dyn\u0117<\/span>\n                            <\/li>\n<li class=\"product-prop line-limit-length\"><span\n                                        class=\"property-title\">Stilius:&nbsp;<\/span><span\n                                        class=\"property-desc line-limit-length\">Standartinis tipas<\/span>\n                            <\/li>\n<li class=\"product-prop line-limit-length\"><span\n                                        class=\"property-title\">Maksimalus greitis:&nbsp;<\/span><span\n                                        class=\"property-desc line-limit-length\">&lt;25 km\/val.<\/span>\n                            <\/li>\n<li class=\"product-prop line-limit-length\"><span\n                                        class=\"property-title\">Diapazonas pagal gali\u0105:&nbsp;<\/span><span\n                                        class=\"property-desc line-limit-length\">10\u201330 km<\/span>\n                            <\/li>\n<li class=\"product-prop line-limit-length\"><span\n                                        class=\"property-title\">Galia:&nbsp;<\/span><span\n                                        class=\"property-desc line-limit-length\">&lt; 200 W<\/span>\n                            <\/li>\n<li class=\"product-prop line-limit-length\"><span\n                                        class=\"property-title\">Maitinimo \u0161altinis:&nbsp;<\/span><span\n                                        class=\"property-desc line-limit-length\">li\u010dio baterija<\/span>\n                            <\/li>\n<li class=\"product-prop line-limit-length\"><span\n                                        class=\"property-title\">\u012etampa:&nbsp;<\/span><span\n                                        class=\"property-desc line-limit-length\">14<\/span>\n                            <\/li>\n<li class=\"product-prop line-limit-length\"><span\n                                        class=\"property-title\">Prek\u0117s \u017eenklas:&nbsp;<\/span><span\n                                        class=\"property-desc line-limit-length\">EVERCROSS TECH<\/span>\n                            <\/li>\n<li class=\"product-prop line-limit-length\"><span\n                                        class=\"property-title\">Maitinimo \u0161altinis:&nbsp;<\/span><span\n                                        class=\"property-desc line-limit-length\">li\u010dio baterija<\/span>\n                            <\/li>\n<li class=\"product-prop line-limit-length\"><span\n                                        class=\"property-title\">Variklis:&nbsp;<\/span><span\n                                        class=\"property-desc line-limit-length\">Be\u0161epetis<\/span>\n                            <\/li>\n<li class=\"product-prop line-limit-length\"><span\n                                        class=\"property-title\">Kilm\u0117:&nbsp;<\/span><span\n                                        class=\"property-desc line-limit-length\">\u017demynin\u0117 Kinija<\/span>\n                            <\/li>\n<li class=\"product-prop line-limit-length\"><span\n                                        class=\"property-title\">Sulankstytas:&nbsp;<\/span><span\n                                        class=\"property-desc line-limit-length\">Ne<\/span>\n                            <\/li>\n<li class=\"product-prop line-limit-length\"><span\n                                        class=\"property-title\">Rat\u0173 dydis:&nbsp;<\/span><span\n                                        class=\"property-desc line-limit-length\">12 coli\u0173<\/span>\n                            <\/li>\n<li class=\"product-prop line-limit-length\"><span\n                                        class=\"property-title\">R\u0117mo med\u017eiaga:&nbsp;<\/span><span\n                                        class=\"property-desc line-limit-length\">Aliuminio lydinys<\/span>\n                            <\/li>\n<\/ul><\/div>\n<div class=\"detailmodule_html\">\n<div class=\"detail-desc-decorate-richtext\">\n<p style=\"font-family:DeepSeek-CJK-patch, Inter, system-ui, -apple-system, BlinkMacSystemFont, &quot;Segoe UI&quot;, Roboto, &quot;Noto Sans&quot;, Ubuntu, Cantarell, &quot;Helvetica Neue&quot;, Oxygen, &quot;Open Sans&quot;, sans-serif;font-size:16.002px;font-weight:400;letter-spacing:normal;line-height:var(--ds-md-line-height);text-align:start;white-space:normal;color:rgb(64, 64, 64);margin:calc(var(--ds-md-zoom)*12px)0\" align=\"start\"><strong>150 W galingas variklis ir diskiniai stabd\u017eiai<\/strong><\/p>\n<p style=\"font-family:DeepSeek-CJK-patch, Inter, system-ui, -apple-system, BlinkMacSystemFont, &quot;Segoe UI&quot;, Roboto, &quot;Noto Sans&quot;, Ubuntu, Cantarell, &quot;Helvetica Neue&quot;, Oxygen, &quot;Open Sans&quot;, sans-serif;font-size:16.002px;font-weight:400;letter-spacing:normal;line-height:var(--ds-md-line-height);text-align:start;white-space:normal;color:rgb(64, 64, 64);margin:calc(var(--ds-md-zoom)*12px)0\" align=\"start\">Atraskite m\u016bs\u0173 tvirt\u0105 150 W varikl\u012f, pasi\u017eymint\u012f skland\u017eiu ir patikimu veikimu, kartu su diskini\u0173 stabd\u017ei\u0173 sistema, u\u017etikrinan\u010dia optimal\u0173 saugum\u0105. J\u016bs\u0173 vaikas d\u017eiaugsis reaguojan\u010diu ir kontroliuojamu vairavimu net ir dideliu grei\u010diu.<\/p>\n<p><\/p>\n<p style=\"font-family:DeepSeek-CJK-patch, Inter, system-ui, -apple-system, BlinkMacSystemFont, &quot;Segoe UI&quot;, Roboto, &quot;Noto Sans&quot;, Ubuntu, Cantarell, &quot;Helvetica Neue&quot;, Oxygen, &quot;Open Sans&quot;, sans-serif;font-size:16.002px;font-weight:400;letter-spacing:normal;line-height:var(--ds-md-line-height);text-align:start;white-space:normal;color:rgb(64, 64, 64);margin:calc(var(--ds-md-zoom)*12px)0\" align=\"start\"><strong>2 kei\u010diamo grei\u010dio re\u017eimai<\/strong><br \/>D\u0117l dviej\u0173 reguliuojam\u0173 grei\u010di\u0173 (8 km\/h ir 16 km\/h) \u0161i transporto priemon\u0117 leid\u017eia jauniems pilotams tobul\u0117ti savo tempu. Puikiai tinka norint u\u017etikrintai tobul\u0117ti, i\u0161laikant \u012fdomi\u0105 ir saugi\u0105 vairavimo patirt\u012f.<\/p>\n<p><\/p>\n<p style=\"font-family:DeepSeek-CJK-patch, Inter, system-ui, -apple-system, BlinkMacSystemFont, &quot;Segoe UI&quot;, Roboto, &quot;Noto Sans&quot;, Ubuntu, Cantarell, &quot;Helvetica Neue&quot;, Oxygen, &quot;Open Sans&quot;, sans-serif;font-size:16.002px;font-weight:400;letter-spacing:normal;line-height:var(--ds-md-line-height);text-align:start;white-space:normal;color:rgb(64, 64, 64);margin:calc(var(--ds-md-zoom)*12px)0\" align=\"start\"><strong>Ilgalaik\u0117 autonomija<\/strong><br \/>\u012erengtas didel\u0117s talpos 14,4 V \/ 5,2 Ah (74,88 Wh) akumuliatoriumi, EV13M gali nuva\u017eiuoti iki 12 km. Daugiau \u017eaidimo, ma\u017eiau pertrauk\u0173 j\u016bs\u0173 ma\u017eiesiems nuotykiams!<\/p>\n<p><\/p>\n<p style=\"font-family:DeepSeek-CJK-patch, Inter, system-ui, -apple-system, BlinkMacSystemFont, &quot;Segoe UI&quot;, Roboto, &quot;Noto Sans&quot;, Ubuntu, Cantarell, &quot;Helvetica Neue&quot;, Oxygen, &quot;Open Sans&quot;, sans-serif;font-size:16.002px;font-weight:400;letter-spacing:normal;line-height:var(--ds-md-line-height);text-align:start;white-space:normal;color:rgb(64, 64, 64);margin:calc(var(--ds-md-zoom)*12px)0\" align=\"start\"><strong>Idealus dydis 3\u201312 met\u0173 vaikams<\/strong><br \/>Specialiai sukurta vaikams: kompakti\u0161ki matmenys (92,5 \u00d7 54 \u00d7 64,5 cm) ir lengvas (11,5 kg). I\u0161laiko iki 40 kg, puikiai tinka 3\u201312 met\u0173 vaikams.<\/p>\n<p><\/p>\n<p style=\"font-family:DeepSeek-CJK-patch, Inter, system-ui, -apple-system, BlinkMacSystemFont, &quot;Segoe UI&quot;, Roboto, &quot;Noto Sans&quot;, Ubuntu, Cantarell, &quot;Helvetica Neue&quot;, Oxygen, &quot;Open Sans&quot;, sans-serif;font-size:16.002px;font-weight:400;letter-spacing:normal;line-height:var(--ds-md-line-height);text-align:start;white-space:normal;color:rgb(64, 64, 64);margin:calc(var(--ds-md-zoom)*12px)0\" align=\"start\"><strong>12 coli\u0173 visureigio padangos<\/strong><br \/>Su atspariomis 12 coli\u0173 padangomis \u0161i transporto priemon\u0117 puikiai tinka va\u017eiuoti bekele: \u017eole, \u0161aligatviais ar lengvais keliais. Puikus s\u0105jungininkas stabiliems ir maloniems nuotykiams lauke.<\/p>\n<\/div>\n<\/div>","protected":false},"excerpt":{"rendered":"<p>Model Number:&nbsp;EV13M Rated Passenger Capacity:&nbsp;One Seat Style:&nbsp;Standard Type Max Speed:&nbsp;&lt;25km\/h Range per Power:&nbsp;10 &#8211; 30 km Wattage:&nbsp;&lt; 200W Power Supply:&nbsp;lithium battery Voltage:&nbsp;14 Brand Name:&nbsp;EVERCROSS TECH Power Source:&nbsp;lithium battery Motor:&nbsp;Brushless Origin:&nbsp;Mainland<\/p>","protected":false},"featured_media":7804,"comment_status":"open","ping_status":"closed","template":"","meta":{"_acf_changed":false},"product_brand":[],"product_cat":[313],"product_tag":[327],"class_list":{"0":"post-7803","1":"product","2":"type-product","3":"status-publish","4":"has-post-thumbnail","6":"product_cat-electric-children-motorbikes","7":"product_tag-evercross","9":"first","10":"instock","11":"shipping-taxable","12":"purchasable","13":"product-type-variable"},"acf":[],"_links":{"self":[{"href":"https:\/\/www.electricstore.eu\/lt\/wp-json\/wp\/v2\/product\/7803","targetHints":{"allow":["GET"]}}],"collection":[{"href":"https:\/\/www.electricstore.eu\/lt\/wp-json\/wp\/v2\/product"}],"about":[{"href":"https:\/\/www.electricstore.eu\/lt\/wp-json\/wp\/v2\/types\/product"}],"replies":[{"embeddable":true,"href":"https:\/\/www.electricstore.eu\/lt\/wp-json\/wp\/v2\/comments?post=7803"}],"wp:featuredmedia":[{"embeddable":true,"href":"https:\/\/www.electricstore.eu\/lt\/wp-json\/wp\/v2\/media\/7804"}],"wp:attachment":[{"href":"https:\/\/www.electricstore.eu\/lt\/wp-json\/wp\/v2\/media?parent=7803"}],"wp:term":[{"taxonomy":"product_brand","embeddable":true,"href":"https:\/\/www.electricstore.eu\/lt\/wp-json\/wp\/v2\/product_brand?post=7803"},{"taxonomy":"product_cat","embeddable":true,"href":"https:\/\/www.electricstore.eu\/lt\/wp-json\/wp\/v2\/product_cat?post=7803"},{"taxonomy":"product_tag","embeddable":true,"href":"https:\/\/www.electricstore.eu\/lt\/wp-json\/wp\/v2\/product_tag?post=7803"}],"curies":[{"name":"wp","href":"https:\/\/api.w.org\/{rel}","templated":true}]}}