{"id":7734,"date":"2025-05-15T19:53:14","date_gmt":"2025-05-15T19:53:14","guid":{"rendered":"https:\/\/electricstore.eu\/product\/250w-dual-motor-36v-15-6ah-electric-mobility-scooter\/"},"modified":"2025-05-21T05:40:08","modified_gmt":"2025-05-21T05:40:08","slug":"250w-dual-motor-36v-15-6ah-electric-mobility-scooter","status":"publish","type":"product","link":"https:\/\/electricstore.eu\/lt\/p\/electric-mobility-scooters\/250w-dual-motor-36v-15-6ah-electric-mobility-scooter\/","title":{"rendered":"Elektrinis DH0305 250W 36V 15.6Ah 18km\/h 60-80Km 10 coli\u0173 keturratis mobilumo paspirtukas"},"content":{"rendered":"<div class=\"product-specs-list-container\">\n<ul class=\"product-specs-list util-clearfix\">\n<li class=\"product-prop line-limit-length\"><span\n                                        class=\"property-title\">Padang\u0173 dydis:&nbsp;<\/span><span\n                                        class=\"property-desc line-limit-length\">10 coli\u0173<\/span>\n                            <\/li>\n<li class=\"product-prop line-limit-length\"><span\n                                        class=\"property-title\">Modelio numeris:&nbsp;<\/span><span\n                                        class=\"property-desc line-limit-length\">DH0305<\/span>\n                            <\/li>\n<li class=\"product-prop line-limit-length\"><span\n                                        class=\"property-title\">Kategorija:&nbsp;<\/span><span\n                                        class=\"property-desc line-limit-length\">Keturratis motoroleris<\/span>\n                            <\/li>\n<li class=\"product-prop line-limit-length\"><span\n                                        class=\"property-title\">Taikomi \u017emon\u0117s:&nbsp;<\/span><span\n                                        class=\"property-desc line-limit-length\">Unisex<\/span>\n                            <\/li>\n<li class=\"product-prop line-limit-length\"><span\n                                        class=\"property-title\">Atstumas vienu \u012fkrovimu:&nbsp;<\/span><span\n                                        class=\"property-desc line-limit-length\">60\u201380 km<\/span>\n                            <\/li>\n<li class=\"product-prop line-limit-length\"><span\n                                        class=\"property-title\">\u012ekrovimo laikas:&nbsp;<\/span><span\n                                        class=\"property-desc line-limit-length\">8\u201310 val.<\/span>\n                            <\/li>\n<li class=\"product-prop line-limit-length\"><span\n                                        class=\"property-title\">\u012etampa:&nbsp;<\/span><span\n                                        class=\"property-desc line-limit-length\">36 V<\/span>\n                            <\/li>\n<li class=\"product-prop line-limit-length\"><span\n                                        class=\"property-title\">Sulankstytas:&nbsp;<\/span><span\n                                        class=\"property-desc line-limit-length\">TAIP<\/span>\n                            <\/li>\n<li class=\"product-prop line-limit-length\"><span\n                                        class=\"property-title\">Galia (W):&nbsp;<\/span><span\n                                        class=\"property-desc line-limit-length\">201\u2013500 W<\/span>\n                            <\/li>\n<li class=\"product-prop line-limit-length\"><span\n                                        class=\"property-title\">Kilm\u0117:&nbsp;<\/span><span\n                                        class=\"property-desc line-limit-length\">\u017demynin\u0117 Kinija<\/span>\n                            <\/li>\n<li class=\"product-prop line-limit-length\"><span\n                                        class=\"property-title\">Vardas:&nbsp;<\/span><span\n                                        class=\"property-desc line-limit-length\">Mobilumo elektrinis paspirtukas<\/span>\n                            <\/li>\n<li class=\"product-prop line-limit-length\"><span\n                                        class=\"property-title\">Variklis:&nbsp;<\/span><span\n                                        class=\"property-desc line-limit-length\">250 W variklis dviem galiniams ratams<\/span>\n                            <\/li>\n<li class=\"product-prop line-limit-length\"><span\n                                        class=\"property-title\">Baterija:&nbsp;<\/span><span\n                                        class=\"property-desc line-limit-length\">36 V 10,4 Ah \/ 36 V 15,6 Ah li\u010dio baterija<\/span>\n                            <\/li>\n<li class=\"product-prop line-limit-length\"><span\n                                        class=\"property-title\">Diapazonas:&nbsp;<\/span><span\n                                        class=\"property-desc line-limit-length\">25\u201340 km<\/span>\n                            <\/li>\n<li class=\"product-prop line-limit-length\"><span\n                                        class=\"property-title\">Greitis:&nbsp;<\/span><span\n                                        class=\"property-desc line-limit-length\">6\u201312\u201318 km\/val.<\/span>\n                            <\/li>\n<li class=\"product-prop line-limit-length\"><span\n                                        class=\"property-title\">Priekin\u0117\/galin\u0117 padanga:&nbsp;<\/span><span\n                                        class=\"property-desc line-limit-length\">10\/8 colio<\/span>\n                            <\/li>\n<li class=\"product-prop line-limit-length\"><span\n                                        class=\"property-title\">Maksimali apkrova:&nbsp;<\/span><span\n                                        class=\"property-desc line-limit-length\">120 kg<\/span>\n                            <\/li>\n<li class=\"product-prop line-limit-length\"><span\n                                        class=\"property-title\">Sertifikatas:&nbsp;<\/span><span\n                                        class=\"property-desc line-limit-length\"><\/span>\n                            <\/li>\n<\/ul><\/div>\n<div class=\"detailmodule_html\">\n<div class=\"detail-desc-decorate-richtext\">\n<p style=\"font-family:OpenSans;font-size:20px;font-weight:900;line-height:28px;white-space:pre-wrap;color:rgb(0, 0, 0);margin-bottom:12px\" class=\"detail-desc-decorate-title\">Produkto informacija<\/p>\n<div>\n<p style=\"font-family:OpenSans;font-size:14px;font-weight:300;line-height:20px;white-space:pre-wrap;color:rgb(0, 0, 0);margin-bottom:12px\" class=\"detail-desc-decorate-content\">Variklis: 250 Wx2 galiniai ratai be\u0161epet\u0117linis<br \/>Baterija: 36V10.4Ah \/ 36V15.6AH li\u010dio baterija<br \/>Ekranas: LED ekranas<br \/>Priekinis \u017eibintas: LED lemput\u0117<br \/>Galinis \u017eibintas: LED lemput\u0117<br \/>R\u0117mas: auk\u0161tos kokyb\u0117s anglinis plienas<br \/>Galin\u0117 pakaba: spyruoklin\u0117 pakaba<br \/>Priekin\u0117s\/galin\u0117s padangos: 10\/8 coli\u0173 padangos<br \/>Maksimalus greitis: 18 km\/val.<br \/>Va\u017eiavimo atstumas:<\/p>\n<p style=\"font-family:OpenSans;font-size:14px;font-weight:300;line-height:20px;white-space:pre-wrap;color:rgb(0, 0, 0);margin-bottom:12px\" class=\"detail-desc-decorate-content\">36V10.4AH 25Km<\/p>\n<div>\n<p style=\"font-family:OpenSans;font-size:14px;font-weight:300;line-height:20px;white-space:pre-wrap;color:rgb(0, 0, 0);margin-bottom:12px\" class=\"detail-desc-decorate-content\">36V15.6AH: 40 km<\/p>\n<\/div>\n<p style=\"font-family:OpenSans;font-size:14px;font-weight:300;line-height:20px;white-space:pre-wrap;color:rgb(0, 0, 0);margin-bottom:12px\" class=\"detail-desc-decorate-content\">\u012ekrovimo laikas: 6\u20138 valandos<br \/>Maksimali apkrova: 120 kg<\/p>\n<\/div>\n<p><img decoding=\"async\" src=\"https:\/\/ae01.alicdn.com\/kf\/Sd0d06690fd574f3eac417ad2da52a68e7.jpg?width=1001&amp;height=1001&amp;hash=2002\" slate-data-type=\"image\"\/><img decoding=\"async\" src=\"https:\/\/ae01.alicdn.com\/kf\/S93de481dbecb4060ae849c2ed26ba2276.jpg?width=1001&amp;height=1001&amp;hash=2002\" slate-data-type=\"image\"\/><img decoding=\"async\" src=\"https:\/\/ae01.alicdn.com\/kf\/Sde2bb1bc8c20495790cef44174870ffcg.jpg?width=1001&amp;height=1001&amp;hash=2002\" slate-data-type=\"image\"\/><img decoding=\"async\" src=\"https:\/\/ae01.alicdn.com\/kf\/S5b6910f12df348ed99c11d18b47f1239O.jpg?width=770&amp;height=770&amp;hash=1540\" slate-data-type=\"image\"\/><img decoding=\"async\" src=\"https:\/\/ae01.alicdn.com\/kf\/S8bbf36d6c3e045ffafe00e7400b6f6932.jpg?width=1200&amp;height=1200&amp;hash=2400\" slate-data-type=\"image\"\/><img decoding=\"async\" src=\"https:\/\/ae01.alicdn.com\/kf\/Sbded4fe78baa4c568851bb4fe0216a7bu.jpg?width=1200&amp;height=1200&amp;hash=2400\" slate-data-type=\"image\"\/><\/p>\n<p><img decoding=\"async\" src=\"https:\/\/ae01.alicdn.com\/kf\/Sdec76eab70a149faad1843099b4a834f2.jpg?width=750&amp;height=750&amp;hash=1500\" slate-data-type=\"image\"\/><img decoding=\"async\" src=\"https:\/\/ae01.alicdn.com\/kf\/Se3513983ec074324a32625c38879ad45p.jpg?width=950&amp;height=686&amp;hash=1636\" slate-data-type=\"image\"\/><img decoding=\"async\" src=\"https:\/\/ae01.alicdn.com\/kf\/Sc4b42ddbad4243c185249518e62970d3K.jpg?width=750&amp;height=750&amp;hash=1500\" slate-data-type=\"image\"\/><\/p>\n<p><strong><span style=\"font-size:32px;font-family:arial, helvetica, sans-serif\">Daugiau informacijos <\/span><\/strong><\/p>\n<p><img decoding=\"async\" src=\"https:\/\/ae01.alicdn.com\/kf\/Sc4864ee3711741b1b22160d9fcc80207Y.jpg?width=958&amp;height=674&amp;hash=1632\" slate-data-type=\"image\"\/><\/p>\n<p><img decoding=\"async\" src=\"https:\/\/ae01.alicdn.com\/kf\/S5e8a57b71e3748ec856ff6f29ee93072E.jpg?width=1000&amp;height=667&amp;hash=1667\" slate-data-type=\"image\"\/><img decoding=\"async\" src=\"https:\/\/ae01.alicdn.com\/kf\/S4085cbaed77c4553899c74385fa595a0G.jpg?width=731&amp;height=497&amp;hash=1228\" slate-data-type=\"image\"\/><img decoding=\"async\" src=\"https:\/\/ae01.alicdn.com\/kf\/Sc554b98866954c91b1a09958fae72096t.jpg?width=720&amp;height=296&amp;hash=1016\" slate-data-type=\"image\"\/><img decoding=\"async\" src=\"https:\/\/ae01.alicdn.com\/kf\/S50ab3c17e80549039ca4d3ff8b1e4e89v.jpg?width=960&amp;height=413&amp;hash=1373\" slate-data-type=\"image\"\/><img decoding=\"async\" src=\"https:\/\/ae01.alicdn.com\/kf\/S6d67786d4c9b4d6b95a0380308a4d355j.jpg?width=780&amp;height=537&amp;hash=1317\" slate-data-type=\"image\"\/><img decoding=\"async\" src=\"https:\/\/ae01.alicdn.com\/kf\/S7307ef46f7b04759abf29e8506040c33G.jpg?width=872&amp;height=594&amp;hash=1466\" slate-data-type=\"image\"\/><img decoding=\"async\" src=\"https:\/\/ae01.alicdn.com\/kf\/S5e63248e527b4f44b50e92fad021736cN.jpg?width=689&amp;height=447&amp;hash=1136\" slate-data-type=\"image\"\/><img decoding=\"async\" src=\"https:\/\/ae01.alicdn.com\/kf\/Scc80b8c81c1743f6922b7cb05bcfc5efB.jpg?width=526&amp;height=488&amp;hash=1014\" slate-data-type=\"image\"\/><img decoding=\"async\" src=\"https:\/\/ae01.alicdn.com\/kf\/S06e2513146184672afe7e18efae54030P.jpg?width=670&amp;height=550&amp;hash=1220\" slate-data-type=\"image\"\/><img decoding=\"async\" src=\"https:\/\/ae01.alicdn.com\/kf\/S7b9fc34613af449e95573a671681a427X.jpg?width=1000&amp;height=750&amp;hash=1750\" slate-data-type=\"image\"\/><img decoding=\"async\" src=\"https:\/\/ae01.alicdn.com\/kf\/S13c4d81a7c824ff3abe3d7401e368c21h.jpg?width=1440&amp;height=1080&amp;hash=2520\" slate-data-type=\"image\"\/><img decoding=\"async\" src=\"https:\/\/ae01.alicdn.com\/kf\/Secbf05bab3974db2a56cef63f5e3699fs.jpg?width=1000&amp;height=750&amp;hash=1750\" slate-data-type=\"image\"\/><img decoding=\"async\" src=\"https:\/\/ae01.alicdn.com\/kf\/Sb289a74863504f36a909dc51618a3827V.jpg?width=1080&amp;height=810&amp;hash=1890\" slate-data-type=\"image\"\/><img decoding=\"async\" src=\"https:\/\/ae01.alicdn.com\/kf\/S4f8519e92bc84ba0b454b19e126645d62.jpg?width=1200&amp;height=900&amp;hash=2100\" slate-data-type=\"image\"\/><img decoding=\"async\" src=\"https:\/\/ae01.alicdn.com\/kf\/Sc48835eaee57414781a780365c485262t.jpg?width=4032&amp;height=3024&amp;hash=7056\" slate-data-type=\"image\"\/><\/p>\n<div>\n<p style=\"font-family:OpenSans;font-size:20px;font-weight:900;line-height:28px;white-space:pre-wrap;color:rgb(0, 0, 0);margin-bottom:12px\" class=\"detail-desc-decorate-title\">Atsargumo priemon\u0117s prie\u0161 perkant.<\/p>\n<p style=\"font-family:OpenSans;font-size:14px;font-weight:300;line-height:20px;white-space:pre-wrap;color:rgb(0, 0, 0);margin-bottom:12px\" class=\"detail-desc-decorate-content\">1. Kadangi tai elektriniai paspirtukai su li\u010dio baterijomis, tai yra tarptautiniu mastu draud\u017eiamos prek\u0117s. Turime jas pristatyti specialiu b\u016bdu. Paprastai n\u0117ra jokio b\u016bdo j\u0173 transportuoti, tod\u0117l pirmiausia siun\u010diame jas \u012f \u0160end\u017een\u0105, tada \u012f Honkong\u0105, o tada \u012f Europ\u0105 \/ Rusij\u0105 \/ JAV \/ Australij\u0105 \/ Kanad\u0105 ir kt. Paprastai \u012f Europ\u0105 \/ Rusij\u0105 siun\u010diame traukiniu, o \u012f JAV \u2013 j\u016bra. Tada pristatome UPS \/ FedEx ir kitomis logistikos \u012fmon\u0117mis. Jei norite, kad siunttume oru, tur\u0117site sumok\u0117ti daug didesnius papildomus mokes\u010dius.<\/p>\n<p>2. Sekimo numerio negalima atsekti, kol nebus baigtas muitin\u0117s formalum\u0173 tvarkymas. Jei galite atsekti, tai rei\u0161kia, kad paspirtuk\u0105 gausite po keli\u0173 dien\u0173, prie\u0161 tai kantriai palaukite. Paprastai tai trunka ma\u017edaug 35\u201340 dien\u0173. Sekimo informacija bus atnaujinta, o siuntinys bus i\u0161si\u0173stas \u012f j\u016bs\u0173 namus ma\u017edaug per 40\u201360 dien\u0173.<\/p>\n<p>3. Nurodytas apytikslis pristatymo laikas, pagr\u012fstas m\u016bs\u0173 patirtimi. Stengsim\u0117s u\u017etikrinti patikim\u0105 siuntimo paslaug\u0105 ir tikim\u0117s, kad prek\u0117s bus pristatytos laiku. Ta\u010diau pristatymas gali v\u0117luoti d\u0117l muitin\u0117s formalum\u0173, valstybini\u0173 \u0161ven\u010di\u0173, blogo oro, oro linij\u0173 streiko, uragano \u201eSandy\u201c ir pan. D\u0117kojame u\u017e supratingum\u0105!<\/p>\n<\/div>\n<div><\/div>\n<\/div>\n<\/div>\n<p><\/p>","protected":false},"excerpt":{"rendered":"<p>Tire Size:&nbsp;10 inch Model Number:&nbsp;DH0305 Category:&nbsp;Four-wheel Scooter Applicable People:&nbsp;Unisex Range Per Charge:&nbsp;60-80km Charging Time:&nbsp;8-10h Voltage:&nbsp;36v Folded:&nbsp;YES Power (W):&nbsp;201-500W Origin:&nbsp;Mainland China Name:&nbsp;Mobility electric scooter Motor:&nbsp;250W dual rear wheels motor Battery:&nbsp;36V10.4Ah \/36v15.6AH<\/p>","protected":false},"featured_media":7735,"comment_status":"open","ping_status":"closed","template":"","meta":{"_acf_changed":false},"product_brand":[],"product_cat":[301],"product_tag":[],"class_list":{"0":"post-7734","1":"product","2":"type-product","3":"status-publish","4":"has-post-thumbnail","6":"product_cat-electric-mobility-scooters","8":"first","9":"instock","10":"shipping-taxable","11":"purchasable","12":"product-type-variable"},"acf":[],"_links":{"self":[{"href":"https:\/\/electricstore.eu\/lt\/wp-json\/wp\/v2\/product\/7734","targetHints":{"allow":["GET"]}}],"collection":[{"href":"https:\/\/electricstore.eu\/lt\/wp-json\/wp\/v2\/product"}],"about":[{"href":"https:\/\/electricstore.eu\/lt\/wp-json\/wp\/v2\/types\/product"}],"replies":[{"embeddable":true,"href":"https:\/\/electricstore.eu\/lt\/wp-json\/wp\/v2\/comments?post=7734"}],"wp:featuredmedia":[{"embeddable":true,"href":"https:\/\/electricstore.eu\/lt\/wp-json\/wp\/v2\/media\/7735"}],"wp:attachment":[{"href":"https:\/\/electricstore.eu\/lt\/wp-json\/wp\/v2\/media?parent=7734"}],"wp:term":[{"taxonomy":"product_brand","embeddable":true,"href":"https:\/\/electricstore.eu\/lt\/wp-json\/wp\/v2\/product_brand?post=7734"},{"taxonomy":"product_cat","embeddable":true,"href":"https:\/\/electricstore.eu\/lt\/wp-json\/wp\/v2\/product_cat?post=7734"},{"taxonomy":"product_tag","embeddable":true,"href":"https:\/\/electricstore.eu\/lt\/wp-json\/wp\/v2\/product_tag?post=7734"}],"curies":[{"name":"wp","href":"https:\/\/api.w.org\/{rel}","templated":true}]}}