{"id":7661,"date":"2025-05-15T19:33:34","date_gmt":"2025-05-15T19:33:34","guid":{"rendered":"https:\/\/electricstore.eu\/product\/gaiaray-6ah-12v-lifepo4-battery\/"},"modified":"2025-05-21T05:40:10","modified_gmt":"2025-05-21T05:40:10","slug":"gaiaray-6ah-12v-lifepo4-battery","status":"publish","type":"product","link":"https:\/\/www.electricstore.eu\/lt\/p\/batteries\/lifepo4-batteries\/100ah\/gaiaray-6ah-12v-lifepo4-battery\/","title":{"rendered":"\u201eGaiaray\u201c 6Ah 12V li\u010dio jon\u0173 akumuliatorius"},"content":{"rendered":"<div class=\"product-specs-list-container\">\n<ul class=\"product-specs-list util-clearfix\">\n<li class=\"product-prop line-limit-length\"><span\n                                        class=\"property-title\">Labai susir\u016bpinim\u0105 kelianti chemin\u0117 med\u017eiaga:&nbsp;<\/span><span\n                                        class=\"property-desc line-limit-length\">N\u0117ra<\/span>\n                            <\/li>\n<li class=\"product-prop line-limit-length\"><span\n                                        class=\"property-title\">Nominali talpa:&nbsp;<\/span><span\n                                        class=\"property-desc line-limit-length\">12 V<\/span>\n                            <\/li>\n<li class=\"product-prop line-limit-length\"><span\n                                        class=\"property-title\">Svoris:&nbsp;<\/span><span\n                                        class=\"property-desc line-limit-length\">1 kg<\/span>\n                            <\/li>\n<li class=\"product-prop line-limit-length\"><span\n                                        class=\"property-title\">\u012etampa:&nbsp;<\/span><span\n                                        class=\"property-desc line-limit-length\">12 V<\/span>\n                            <\/li>\n<li class=\"product-prop line-limit-length\"><span\n                                        class=\"property-title\">Taikymas:&nbsp;<\/span><span\n                                        class=\"property-desc line-limit-length\">Elektrinis dviratis, elektrinis paspirtukas, namelis ant rat\u0173, j\u016br\u0173 valtis, velkamasis variklis<\/span>\n                            <\/li>\n<li class=\"product-prop line-limit-length\"><span\n                                        class=\"property-title\">Modelio numeris:&nbsp;<\/span><span\n                                        class=\"property-desc line-limit-length\">J212<\/span>\n                            <\/li>\n<li class=\"product-prop line-limit-length\"><span\n                                        class=\"property-title\">Tipas:&nbsp;<\/span><span\n                                        class=\"property-desc line-limit-length\">\u0160vino r\u016bg\u0161ties<\/span>\n                            <\/li>\n<li class=\"product-prop line-limit-length\"><span\n                                        class=\"property-title\">Prek\u0117s \u017eenklas:&nbsp;<\/span><span\n                                        class=\"property-desc line-limit-length\">GaiaRay<\/span>\n                            <\/li>\n<li class=\"product-prop line-limit-length\"><span\n                                        class=\"property-title\">Kilm\u0117:&nbsp;<\/span><span\n                                        class=\"property-desc line-limit-length\">\u017demynin\u0117 Kinija<\/span>\n                            <\/li>\n<li class=\"product-prop line-limit-length\"><span\n                                        class=\"property-title\">Nominali \u012ftampa:&nbsp;<\/span><span\n                                        class=\"property-desc line-limit-length\">14,8 V<\/span>\n                            <\/li>\n<\/ul><\/div>\n<div class=\"detailmodule_html\">\n<div class=\"detail-desc-decorate-richtext\">\n<p><span style=\"font-size:20px\">\u201eGaiaray\u201c naujas 12 V 6 Ah LiFePo4 akumuliatorius su \u012fmontuotu \u012fkraunamu BMS akumuliatoriumi vaik\u0173 paspirtukams, valtims, motociklams, be mokes\u010di\u0173<\/span><\/p>\n<div style=\"margin:0px;margin-bottom:0px;margin-top:0px;margin-left:0px;margin-right:0px;padding:0px;padding-bottom:0px;padding-top:0px;padding-left:0px;padding-right:0px;box-sizing:content-box\" class=\"detailmodule_text-image\">\n<p style=\"font-family:&quot;TT Norms Pro&quot;, &quot;Open Sans&quot;, Roboto, Arial, Helvetica, sans-serif, SimSun;font-size:13px;font-weight:400;letter-spacing:normal;line-height:inherit;text-align:start;white-space:normal;color:rgb(208, 2, 27);background-color:rgb(255, 255, 255);margin:0px;margin-bottom:0px;margin-top:0px;margin-left:0px;margin-right:0px;padding:0px;padding-bottom:0px;padding-top:0px;padding-left:0px;padding-right:0px;box-sizing:border-box\" align=\"start\"><span style=\"font-size:20px;font-family:arial, helvetica, sans-serif\"><strong>Efektyvus na\u0161umas:<\/strong><\/span><\/p>\n<p style=\"font-family:&quot;TT Norms Pro&quot;, &quot;Open Sans&quot;, Roboto, Arial, Helvetica, sans-serif, SimSun;font-size:13px;font-weight:400;letter-spacing:normal;line-height:inherit;text-align:start;white-space:normal;color:rgb(34, 34, 34);background-color:rgb(255, 255, 255);margin:0px;margin-bottom:0px;margin-top:0px;margin-left:0px;margin-right:0px;padding:0px;padding-bottom:0px;padding-top:0px;padding-left:0px;padding-right:0px;box-sizing:border-box\" align=\"start\"><span style=\"font-size:20px;font-family:arial, helvetica, sans-serif\">LiFePO4 akumuliatorius gali puikiai pakeisti tradicines \u0161vino baterijas. Didesnio energijos tankio ir geresnio stabilumo LiFePO4 elementai u\u017etikrina, kad baterijos veikt\u0173 auk\u0161toje temperat\u016broje, b\u016bt\u0173 didel\u0117s galios ir ma\u017eo savaiminio i\u0161sikrovimo grei\u010dio. LiFePO4 akumuliatori\u0173 galima i\u0161krauti nuo 96% iki 99%, o \u0161vino r\u016bg\u0161ties akumuliatorius \u2013 tik nuo 40% iki 50%.<\/span><\/p>\n<\/div>\n<div style=\"margin:0px;margin-bottom:0px;margin-top:0px;margin-left:0px;margin-right:0px;padding:0px;padding-bottom:0px;padding-top:0px;padding-left:0px;padding-right:0px;box-sizing:content-box\" class=\"detailmodule_text-image\"><\/div>\n<div style=\"margin:0px;margin-bottom:0px;margin-top:0px;margin-left:0px;margin-right:0px;padding:0px;padding-bottom:0px;padding-top:0px;padding-left:0px;padding-right:0px;box-sizing:content-box\" class=\"detailmodule_text-image\">\n<p style=\"font-size:16px;line-height:inherit;color:rgb(208, 2, 27);margin:0px;margin-bottom:0px;margin-top:0px;margin-left:0px;margin-right:0px;padding:0px;padding-bottom:0px;padding-top:0px;padding-left:0px;padding-right:0px;box-sizing:border-box\"><strong>12 V 6 Ah LiPO4 akumuliatorius<\/strong><\/p>\n<p style=\"font-size:13px;line-height:inherit;margin:0px;margin-bottom:0px;margin-top:0px;margin-left:0px;margin-right:0px;padding:0px;padding-bottom:0px;padding-top:0px;padding-left:0px;padding-right:0px;box-sizing:border-box\"><span style=\"font-size:20px;font-family:arial, helvetica, sans-serif\">Nominali \u012ftampa: 12,8 V<br \/>Nominali talpa: 6Ah<br \/>Integruota BMS: 4S15A<br \/>Energija: 76,8 Wh<br \/>Ciklo trukm\u0117: &gt; 4000 cikl\u0173 esant 0,5 \u00b0C temperat\u016brai<br \/>\u012ekrovimo \u012ftampa: 14,6 \u00b1 0,2 V<br \/>Si\u016bloma \u012fkrovimo srov\u0117: 0,5C (3A)<br \/>Maksimali i\u0161krovimo\/\u012fkrovimo srov\u0117: 10A<br \/>Maksimali impulso srov\u0117: 20A (&lt;3S)<br \/>I\u0161krovimo ribin\u0117 \u012ftampa: 10,0 V<br \/>\u012ekrovimo temperat\u016bra: nuo 0 iki 45 \u2103 (nuo 32 iki 113 \u2109)<br \/>I\u0161leidimo temperat\u016bra: nuo -20 iki 60 \u2103 (nuo -4 iki 140 \u2109)<br \/>Laikymo temperat\u016bra: nuo 0 iki 45 \u2103 (nuo 32 iki 113 \u2109)<br \/>Atsparumas vandeniui ir dulk\u0117ms: IP5<br \/>Korpuso med\u017eiaga: ABS<br \/>Matmenys (I\/P\/A): I: 151 mm * P: 65 mm * A: 100 mm<br \/>Svoris: ma\u017edaug 0,75 kg<br \/>Terminalo tipas: F2<\/span><\/p>\n<div style=\"margin:0px;margin-bottom:0px;margin-top:0px;margin-left:0px;margin-right:0px;padding:0px;padding-bottom:0px;padding-top:0px;padding-left:0px;padding-right:0px;box-sizing:content-box\"><img decoding=\"async\" src=\"https:\/\/ae01.alicdn.com\/kf\/S697402c1550147609fafd6665daed34fO.jpg\" slate-data-type=\"image\"\/><img decoding=\"async\" src=\"https:\/\/ae01.alicdn.com\/kf\/S3fafb04bf5db4efc9135ce791296555d4.jpg\" slate-data-type=\"image\"\/><img decoding=\"async\" src=\"https:\/\/ae01.alicdn.com\/kf\/S32abe70b53b24e1aa567856138fe600fa.jpg\" slate-data-type=\"image\"\/><img decoding=\"async\" src=\"https:\/\/ae01.alicdn.com\/kf\/S909f29fb2c4d47e291beef3b4b440b4eQ.jpg\" slate-data-type=\"image\"\/><img decoding=\"async\" src=\"https:\/\/ae01.alicdn.com\/kf\/Sf26a8ab905014bbb99c8a92d6db8b43fP.jpg\" slate-data-type=\"image\"\/><img decoding=\"async\" src=\"https:\/\/ae01.alicdn.com\/kf\/S98227e933a724425a9a337a6a2a42572x.jpg\" slate-data-type=\"image\"\/><img decoding=\"async\" src=\"https:\/\/ae01.alicdn.com\/kf\/S5fd84ecd91124f5eb616747dd971cb3aJ.jpg\" slate-data-type=\"image\"\/><img decoding=\"async\" src=\"https:\/\/ae01.alicdn.com\/kf\/S656b3d661da64520beeae103c6db2105S.jpg\" slate-data-type=\"image\"\/><\/div>\n<\/div>\n<\/div>\n<\/div>\n<p><\/p>","protected":false},"excerpt":{"rendered":"<p>Hign-concerned Chemical:&nbsp;None Nominal Capacity:&nbsp;12v Weight:&nbsp;1kg Voltage:&nbsp;12v Application:&nbsp;Electric Bicycle,E-scooter,RV,Marine Boat,Trolling Motor Model Number:&nbsp;J212 Type:&nbsp;Lead-acid Brand Name:&nbsp;GaiaRay Origin:&nbsp;Mainland China Rated Voltage:&nbsp;14.8V Gaiaray New 12V 6Ah LiFePo4 Battery with built-in BMS rechargeable battery<\/p>","protected":false},"featured_media":7664,"comment_status":"open","ping_status":"closed","template":"","meta":{"_acf_changed":false},"product_brand":[],"product_cat":[236],"product_tag":[271],"class_list":{"0":"post-7661","1":"product","2":"type-product","3":"status-publish","4":"has-post-thumbnail","6":"product_cat-100ah","7":"product_tag-gaiary","9":"first","10":"instock","11":"shipping-taxable","12":"purchasable","13":"product-type-variable"},"acf":[],"_links":{"self":[{"href":"https:\/\/www.electricstore.eu\/lt\/wp-json\/wp\/v2\/product\/7661","targetHints":{"allow":["GET"]}}],"collection":[{"href":"https:\/\/www.electricstore.eu\/lt\/wp-json\/wp\/v2\/product"}],"about":[{"href":"https:\/\/www.electricstore.eu\/lt\/wp-json\/wp\/v2\/types\/product"}],"replies":[{"embeddable":true,"href":"https:\/\/www.electricstore.eu\/lt\/wp-json\/wp\/v2\/comments?post=7661"}],"wp:featuredmedia":[{"embeddable":true,"href":"https:\/\/www.electricstore.eu\/lt\/wp-json\/wp\/v2\/media\/7664"}],"wp:attachment":[{"href":"https:\/\/www.electricstore.eu\/lt\/wp-json\/wp\/v2\/media?parent=7661"}],"wp:term":[{"taxonomy":"product_brand","embeddable":true,"href":"https:\/\/www.electricstore.eu\/lt\/wp-json\/wp\/v2\/product_brand?post=7661"},{"taxonomy":"product_cat","embeddable":true,"href":"https:\/\/www.electricstore.eu\/lt\/wp-json\/wp\/v2\/product_cat?post=7661"},{"taxonomy":"product_tag","embeddable":true,"href":"https:\/\/www.electricstore.eu\/lt\/wp-json\/wp\/v2\/product_tag?post=7661"}],"curies":[{"name":"wp","href":"https:\/\/api.w.org\/{rel}","templated":true}]}}