{"id":7648,"date":"2025-05-15T19:33:29","date_gmt":"2025-05-15T19:33:29","guid":{"rendered":"https:\/\/electricstore.eu\/product\/gaiary-3-7v-2000-3500mah-li-ion-18650-batteries-2\/"},"modified":"2025-05-21T05:40:12","modified_gmt":"2025-05-21T05:40:12","slug":"gaiary-3-7v-2000-3500mah-li-ion-18650-batteries-2","status":"publish","type":"product","link":"https:\/\/www.electricstore.eu\/lt\/p\/batteries\/lifepo4-batteries\/lifepo4-battery-cells\/gaiary-3-7v-2000-3500mah-li-ion-18650-batteries-2\/","title":{"rendered":"\u201eGaiaRay\u201c 3,5 Ah 3,7\u20134,2 V li\u010dio jon\u0173 akumuliatorius"},"content":{"rendered":"<div class=\"product-specs-list-container\">\n<ul class=\"product-specs-list util-clearfix\">\n<li class=\"product-prop line-limit-length\"><span\n                                        class=\"property-title\">Labai susir\u016bpinim\u0105 kelianti chemin\u0117 med\u017eiaga:&nbsp;<\/span><span\n                                        class=\"property-desc line-limit-length\">N\u0117ra<\/span>\n                            <\/li>\n<li class=\"product-prop line-limit-length\"><span\n                                        class=\"property-title\">Nominali talpa:&nbsp;<\/span><span\n                                        class=\"property-desc line-limit-length\">3500 mAh<\/span>\n                            <\/li>\n<li class=\"product-prop line-limit-length\"><span\n                                        class=\"property-title\">Svoris:&nbsp;<\/span><span\n                                        class=\"property-desc line-limit-length\">45+5 g<\/span>\n                            <\/li>\n<li class=\"product-prop line-limit-length\"><span\n                                        class=\"property-title\">\u012etampa:&nbsp;<\/span><span\n                                        class=\"property-desc line-limit-length\">3,7\u20134,2 V<\/span>\n                            <\/li>\n<li class=\"product-prop line-limit-length\"><span\n                                        class=\"property-title\">Dydis:&nbsp;<\/span><span\n                                        class=\"property-desc line-limit-length\">65 mm * 18 mm<\/span>\n                            <\/li>\n<li class=\"product-prop line-limit-length\"><span\n                                        class=\"property-title\">Taikymas:&nbsp;<\/span><span\n                                        class=\"property-desc line-limit-length\">Kamera<\/span>\n                            <\/li>\n<li class=\"product-prop line-limit-length\"><span\n                                        class=\"property-title\">Modelio numeris:&nbsp;<\/span><span\n                                        class=\"property-desc line-limit-length\">3,7 V 2000\u20133500 mAh li\u010dio jon\u0173 akumuliatorius<\/span>\n                            <\/li>\n<li class=\"product-prop line-limit-length\"><span\n                                        class=\"property-title\">Tipas:&nbsp;<\/span><span\n                                        class=\"property-desc line-limit-length\">Li\u010dio jon\u0173 akumuliatorius<\/span>\n                            <\/li>\n<li class=\"product-prop line-limit-length\"><span\n                                        class=\"property-title\">Prek\u0117s \u017eenklas:&nbsp;<\/span><span\n                                        class=\"property-desc line-limit-length\">GaiaRay<\/span>\n                            <\/li>\n<li class=\"product-prop line-limit-length\"><span\n                                        class=\"property-title\">Kilm\u0117:&nbsp;<\/span><span\n                                        class=\"property-desc line-limit-length\">\u017demynin\u0117 Kinija<\/span>\n                            <\/li>\n<li class=\"product-prop line-limit-length\"><span\n                                        class=\"property-title\">Nominali \u012ftampa:&nbsp;<\/span><span\n                                        class=\"property-desc line-limit-length\">Kiti<\/span>\n                            <\/li>\n<\/ul><\/div>\n<div class=\"detailmodule_html\">\n<div class=\"detail-desc-decorate-richtext\">\n<div id=\"detail_decorate_root\">\n<p style=\"text-align:left\" align=\"left\"><span style=\"font-size:20px\"><strong>\u0160ilta akcija: pasirinkus siuntim\u0105 i\u0161 Kinijos, nereikia mok\u0117ti mokes\u010di\u0173<\/strong><\/span><\/p>\n<p style=\"text-align:left\" align=\"left\"><span style=\"font-size:20px\"><strong>Mokes\u010diai bus taikomi siuntoms, kuri\u0173 vert\u0117 didesn\u0117 nei $150<\/strong><\/span><\/p>\n<p style=\"text-align:left\" align=\"left\"><span style=\"font-size:20px\"><strong>Pristatymo laikas<\/strong><\/span><\/p>\n<p style=\"text-align:left\" align=\"left\"><span style=\"font-size:20px\"><strong>JK: 15 dien\u0173<\/strong><\/span><\/p>\n<p style=\"text-align:left\" align=\"left\"><span style=\"font-size:20px\"><strong>Norvegija: 17\u201323 dienos<\/strong><\/span><\/p>\n<p style=\"text-align:left\" align=\"left\"><span style=\"font-size:20px\"><strong>Vokietija: 13\u201319 dien\u0173<\/strong><\/span><\/p>\n<p style=\"text-align:left\" align=\"left\"><span style=\"font-size:20px\"><strong>Italija: 13\u201319 dien\u0173<\/strong><\/span><\/p>\n<p style=\"text-align:left\" align=\"left\"><span style=\"font-size:20px\"><strong>Nyderlandai: 15\u201321 diena<\/strong><\/span><\/p>\n<p style=\"text-align:left\" align=\"left\"><span style=\"font-size:20px\"><strong>\u010cekijos Respublika: 15\u201321 diena<\/strong><\/span><\/p>\n<p style=\"text-align:left\" align=\"left\"><span style=\"font-size:20px\"><strong>Slovakija: 16\u201321 diena<\/strong><\/span><\/p>\n<p style=\"text-align:left\" align=\"left\"><span style=\"font-size:20px\"><strong>Suomija: 16\u201322 dienos<\/strong><\/span><\/p>\n<p style=\"text-align:left\" align=\"left\"><span style=\"font-size:20px\"><strong>\u0160vedija: 15\u201321 diena<\/strong><\/span><\/p>\n<p style=\"text-align:left\" align=\"left\"><span style=\"font-size:20px\"><strong>Danija: 15\u201321 diena<\/strong><\/span><\/p>\n<p style=\"text-align:left\" align=\"left\"><span style=\"font-size:20px\"><strong>Ispanija: 14\u201322 dienos<\/strong><\/span><\/p>\n<p style=\"text-align:left\" align=\"left\"><span style=\"font-size:20px\"><strong>Portugalija: 14\u201320 dien\u0173<\/strong><\/span><\/p>\n<p style=\"text-align:left\" align=\"left\"><span style=\"font-size:20px\"><strong>Lenkija: 13\u201319 dien\u0173<\/strong><\/span><\/p>\n<p style=\"text-align:left\" align=\"left\"><span style=\"font-size:20px\"><strong>Austrija: 14\u201320 dien\u0173<\/strong><\/span><\/p>\n<p style=\"text-align:left\" align=\"left\"><span style=\"font-size:20px\"><strong>Airija: 16\u201322 dienos<\/strong><\/span><\/p>\n<p style=\"text-align:left\" align=\"left\"><span style=\"font-size:20px\"><strong>Liuksemburgas: 15\u201321 diena<\/strong><\/span><\/p>\n<p style=\"text-align:left\" align=\"left\"><span style=\"font-size:20px\"><strong>Graikija: 19\u201325 dienos<\/strong><\/span><\/p>\n<p style=\"text-align:left\" align=\"left\"><span style=\"font-size:20px\"><strong>Vengrija: 15\u201321 diena<\/strong><\/span><\/p>\n<p style=\"text-align:left\" align=\"left\"><span style=\"font-size:20px\"><strong>Rumunija: 17\u201323 dienos<\/strong><\/span><\/p>\n<p style=\"text-align:left\" align=\"left\"><span style=\"font-size:20px\"><strong>Slov\u0117nija: 17\u201323 dienos<\/strong><\/span><\/p>\n<p style=\"text-align:left\" align=\"left\"><span style=\"font-size:20px\"><strong>Kroatija: 16\u201322 dienos<\/strong><\/span><\/p>\n<p style=\"text-align:left\" align=\"left\"><span style=\"font-size:20px\"><strong>Estija: 15\u201321 diena<\/strong><\/span><\/p>\n<p style=\"text-align:left\" align=\"left\"><span style=\"font-size:20px\"><strong>Lietuva: 16\u201322 dienos<\/strong><\/span><\/p>\n<p style=\"text-align:left\" align=\"left\"><span style=\"font-size:20px\"><strong>Bulgarija: 17\u201320 dien\u0173<\/strong><\/span><\/p>\n<p style=\"text-align:left\" align=\"left\"><span style=\"font-size:20px\"><strong>Latvija: 16\u201322 dienos<\/strong><\/span><\/p>\n<p style=\"text-align:left\" align=\"left\"><span style=\"font-size:20px\"><strong>Kipras: 18\u201324 dienos<\/strong><\/span><\/p>\n<p style=\"text-align:left\" align=\"left\"><span style=\"font-size:20px\"><strong>Malta: 16\u201326 dienos<\/strong><\/span><\/p>\n<p><\/p>\n<\/div>\n<\/div>\n<\/div>\n<p><img decoding=\"async\" src=\"https:\/\/ae01.alicdn.com\/kf\/Sa3ff7ae87be9450cb2a01c6f3afb6d87x.jpg\" slate-data-type=\"image\"\/><img decoding=\"async\" src=\"https:\/\/ae01.alicdn.com\/kf\/S24525b6c49be4274ba36f5052645d5f33.jpg\" slate-data-type=\"image\"\/><img decoding=\"async\" src=\"https:\/\/ae01.alicdn.com\/kf\/S76187756ceb84291abb487843004ed049.jpg\" slate-data-type=\"image\"\/><img decoding=\"async\" src=\"https:\/\/ae01.alicdn.com\/kf\/S8342c163331b4a4b80cdf18c0de9c93af.jpg\" slate-data-type=\"image\"\/><img decoding=\"async\" src=\"https:\/\/ae01.alicdn.com\/kf\/S22f491672c5f40269a1cacfbedcff765R.jpg\" slate-data-type=\"image\"\/><img decoding=\"async\" src=\"https:\/\/ae01.alicdn.com\/kf\/S47a914c609884029a3ba3bb6ccdda96bE.jpg\" slate-data-type=\"image\"\/><img decoding=\"async\" src=\"https:\/\/ae01.alicdn.com\/kf\/S4bb7e51ede854aaeb83641efefecf20aR.jpg\" slate-data-type=\"image\"\/><\/p>","protected":false},"excerpt":{"rendered":"<p>Hign-concerned Chemical:&nbsp;None Nominal Capacity:&nbsp;3500mah Weight:&nbsp;45+5g Voltage:&nbsp;3.7-4.2v Size:&nbsp;65mm*18mm Application:&nbsp;Camera Model Number:&nbsp;3.7v 2000-3500mah Li-Ion Battery Type:&nbsp;Li-Ion Brand Name:&nbsp;GaiaRay Origin:&nbsp;Mainland China Rated Voltage:&nbsp;Others Warm promotion: choose to ship from China does not need<\/p>","protected":false},"featured_media":7642,"comment_status":"open","ping_status":"closed","template":"","meta":{"_acf_changed":false},"product_brand":[],"product_cat":[235],"product_tag":[271],"class_list":{"0":"post-7648","1":"product","2":"type-product","3":"status-publish","4":"has-post-thumbnail","6":"product_cat-lifepo4-battery-cells","7":"product_tag-gaiary","9":"first","10":"instock","11":"shipping-taxable","12":"purchasable","13":"product-type-variable"},"acf":[],"_links":{"self":[{"href":"https:\/\/www.electricstore.eu\/lt\/wp-json\/wp\/v2\/product\/7648","targetHints":{"allow":["GET"]}}],"collection":[{"href":"https:\/\/www.electricstore.eu\/lt\/wp-json\/wp\/v2\/product"}],"about":[{"href":"https:\/\/www.electricstore.eu\/lt\/wp-json\/wp\/v2\/types\/product"}],"replies":[{"embeddable":true,"href":"https:\/\/www.electricstore.eu\/lt\/wp-json\/wp\/v2\/comments?post=7648"}],"wp:featuredmedia":[{"embeddable":true,"href":"https:\/\/www.electricstore.eu\/lt\/wp-json\/wp\/v2\/media\/7642"}],"wp:attachment":[{"href":"https:\/\/www.electricstore.eu\/lt\/wp-json\/wp\/v2\/media?parent=7648"}],"wp:term":[{"taxonomy":"product_brand","embeddable":true,"href":"https:\/\/www.electricstore.eu\/lt\/wp-json\/wp\/v2\/product_brand?post=7648"},{"taxonomy":"product_cat","embeddable":true,"href":"https:\/\/www.electricstore.eu\/lt\/wp-json\/wp\/v2\/product_cat?post=7648"},{"taxonomy":"product_tag","embeddable":true,"href":"https:\/\/www.electricstore.eu\/lt\/wp-json\/wp\/v2\/product_tag?post=7648"}],"curies":[{"name":"wp","href":"https:\/\/api.w.org\/{rel}","templated":true}]}}