{"id":7573,"date":"2025-05-15T19:32:50","date_gmt":"2025-05-15T19:32:50","guid":{"rendered":"https:\/\/electricstore.eu\/product\/usamr-100ah-12v-lifepo4-battery-4\/"},"modified":"2025-05-20T13:40:13","modified_gmt":"2025-05-20T13:40:13","slug":"usamr-100ah-12v-lifepo4-battery-4","status":"publish","type":"product","link":"https:\/\/www.electricstore.eu\/lt\/p\/batteries\/lifepo4-batteries\/100-200ah-lifepo4-batteries\/usamr-100ah-12v-lifepo4-battery-4\/","title":{"rendered":"USAMR 100Ah 12V LiFePO4 akumuliatorius"},"content":{"rendered":"<div class=\"product-specs-list-container\">\n<ul class=\"product-specs-list util-clearfix\">\n<li class=\"product-prop line-limit-length\"><span\n                                        class=\"property-title\">Nominali talpa:&nbsp;<\/span><span\n                                        class=\"property-desc line-limit-length\">100AH<\/span>\n                            <\/li>\n<li class=\"product-prop line-limit-length\"><span\n                                        class=\"property-title\">Svoris:&nbsp;<\/span><span\n                                        class=\"property-desc line-limit-length\">About 9.5kg<\/span>\n                            <\/li>\n<li class=\"product-prop line-limit-length\"><span\n                                        class=\"property-title\">Dydis:&nbsp;<\/span><span\n                                        class=\"property-desc line-limit-length\">310*172*193mm<\/span>\n                            <\/li>\n<li class=\"product-prop line-limit-length\"><span\n                                        class=\"property-title\">Modelio numeris:&nbsp;<\/span><span\n                                        class=\"property-desc line-limit-length\">12 V \u201eLiferpo4\u201c akumuliatorius<\/span>\n                            <\/li>\n<li class=\"product-prop line-limit-length\"><span\n                                        class=\"property-title\">Tipas:&nbsp;<\/span><span\n                                        class=\"property-desc line-limit-length\">LiFePO4<\/span>\n                            <\/li>\n<li class=\"product-prop line-limit-length\"><span\n                                        class=\"property-title\">Prek\u0117s \u017eenklas:&nbsp;<\/span><span\n                                        class=\"property-desc line-limit-length\">Likctt<\/span>\n                            <\/li>\n<li class=\"product-prop line-limit-length\"><span\n                                        class=\"property-title\">Kilm\u0117:&nbsp;<\/span><span\n                                        class=\"property-desc line-limit-length\">\u017demynin\u0117 Kinija<\/span>\n                            <\/li>\n<\/ul><\/div>\n<div class=\"detailmodule_html\">\n<div class=\"detail-desc-decorate-richtext\">\n<p style=\"text-align:left;color:#ff0000;font-size:13px;\">Transportas Europos S\u0105jungoje, Jungtin\u0117je Karalyst\u0117je, Jungtin\u0117se Amerikos Valstijose, Kanadoje ir Azijos \u0161alyse BE PVM.<\/p>\n<p style=\"text-align:left;color:#434649;font-size:13px;\">Atvyko ES sand\u0117lis (Lenkijos sand\u0117lis). Draugai, kuriems to reikia, gali pateikti u\u017esakym\u0105 dabar. Pirmiausia pateikite u\u017esakym\u0105 ir pirmiausia pasir\u016bpinkite siunta. Prekes galite gauti per 3\u20137 dienas nuo i\u0161siuntimo.<\/p>\n<p style=\"text-align:left;color:#434649;font-size:13px;\">Baterijos tipas:<\/p>\n<p style=\"text-align:left;color:#434649;font-size:13px;\">Akumuliatoriaus talpa: 100 ah<\/p>\n<p style=\"text-align:left;color:#434649;font-size:13px;\">Battery size:310*172*193mm (+\/-10mm)<\/p>\n<p style=\"text-align:left;color:#434649;font-size:13px;\">Weight:9.5kg(+\/-0.5kg)<\/p>\n<p style=\"text-align:left;color:#434649;font-size:13px;\">\u012emontuota: 3,2 V LiFePO4 baterija<\/p>\n<p style=\"text-align:left;color:#434649;font-size:13px;\">Nominali \u012ftampa: 12,8 V<\/p>\n<p style=\"text-align:left;color:#434649;font-size:13px;\">Maksimali \u012fkrovimo srov\u0117: 50A<\/p>\n<p style=\"text-align:left;color:#434649;font-size:13px;\">Momentin\u0117 i\u0161krovos srov\u0117: 200A<\/p>\n<p style=\"text-align:left;color:#434649;font-size:13px;\">Nuolatin\u0117 i\u0161krovimo srov\u0117: 100A<\/p>\n<p style=\"text-align:left;color:#434649;font-size:13px;\">Gyvenimas: 6000 cikl\u0173 ar daugiau<\/p>\n<p style=\"text-align:left;color:#434649;font-size:13px;\">\u012ekrovimo temperat\u016bra: 0\u201345 \u00b0C<\/p>\n<p style=\"text-align:left;color:#434649;font-size:13px;\">I\u0161leidimo temperat\u016bra: -20~60\u00b0C<\/p>\n<p style=\"text-align:left;color:#434649;font-size:13px;\">Laikymo temperat\u016bra: -20~65 \u00b0C<\/p>\n<p style=\"text-align:left;color:#434649;font-size:13px;\">Darbin\u0117s \u012ftampos diapazonas: 8,0 V\u201314,6 V<\/p>\n<p style=\"text-align:left;color:#434649;font-size:13px;\">Apsaugos nuo perkrovos \u012ftampa: 14,6 V \u00b1 0,05 V<\/p>\n<p style=\"text-align:left;color:#434649;font-size:13px;\">Apsaugos \u012ftampa nuo perkrovos: 8,0 V \u00b1 0,05 V<\/p>\n<p style=\"text-align:left;color:#434649;font-size:13px;\">Apsaugokite akumuliatoriaus temperat\u016br\u0105: 60 \u00b0C plius 5 \u00b0C<\/p>\n<p style=\"text-align:left;color:#434649;font-size:13px;\">I\u0161vestis ir parametrai: didel\u0117s srov\u0117s teigiamas \/ neigiamas jungties stulpelis (raudonas teigiamas, juodas neigiamas)<\/p>\n<p><img fetchpriority=\"high\" decoding=\"async\" height=\"1000\" referrerpolicy=\"no-referrer\" src=\"https:\/\/ae01.alicdn.com\/kf\/S067d40bf5d6a470fbb897ae4517eb01aU.jpg\" style=\"width: 100%; height: auto; vertical-align: middle;\" width=\"1000\"><img decoding=\"async\" height=\"1000\" referrerpolicy=\"no-referrer\" src=\"https:\/\/ae01.alicdn.com\/kf\/Sc8e20982c0c24990b982ff1098ee7fe4O.jpg\" style=\"width: 100%; height: auto; vertical-align: middle;\" width=\"1000\"><img decoding=\"async\" height=\"1000\" referrerpolicy=\"no-referrer\" src=\"https:\/\/ae01.alicdn.com\/kf\/S21204818ccfe476f8cdb57ed2eff54488.jpg\" style=\"width: 100%; height: auto; vertical-align: middle;\" width=\"1000\"><img loading=\"lazy\" decoding=\"async\" height=\"1000\" referrerpolicy=\"no-referrer\" src=\"https:\/\/ae01.alicdn.com\/kf\/Sdd5f793a9e82469d8861fce6f2237116H.jpg?width=1000&amp;height=1000&amp;hash=2000\" style=\"width: 100%; height: auto; vertical-align: middle;\" width=\"1000\"><img loading=\"lazy\" decoding=\"async\" height=\"1000\" referrerpolicy=\"no-referrer\" src=\"https:\/\/ae01.alicdn.com\/kf\/Sa87aedfb711a498baf53cb5f0918ec25W.jpg?width=1000&amp;height=1000&amp;hash=2000\" style=\"width: 100%; height: auto; vertical-align: middle;\" width=\"1000\"><img loading=\"lazy\" decoding=\"async\" height=\"1000\" referrerpolicy=\"no-referrer\" src=\"https:\/\/ae01.alicdn.com\/kf\/S8256b9357bec45938b3bdcc5cbe4e14dU.jpg?width=1000&amp;height=1000&amp;hash=2000\" style=\"width: 100%; height: auto; vertical-align: middle;\" width=\"1000\"><img loading=\"lazy\" decoding=\"async\" height=\"1000\" referrerpolicy=\"no-referrer\" src=\"https:\/\/ae01.alicdn.com\/kf\/S25812d371a1b481bad8252ec39c6f779Z.jpg?width=1000&amp;height=1000&amp;hash=2000\" style=\"width: 100%; height: auto; vertical-align: middle;\" width=\"1000\"><img loading=\"lazy\" decoding=\"async\" height=\"1000\" referrerpolicy=\"no-referrer\" src=\"https:\/\/ae01.alicdn.com\/kf\/Sdf8c449031774211a956931b433543a0q.jpg?width=1000&amp;height=1000&amp;hash=2000\" style=\"width: 100%; height: auto; vertical-align: middle;\" width=\"1000\"><img loading=\"lazy\" decoding=\"async\" height=\"1000\" referrerpolicy=\"no-referrer\" src=\"https:\/\/ae01.alicdn.com\/kf\/Se4f0309c932a4b0b8c55f27669797293m.jpg?width=1000&amp;height=1000&amp;hash=2000\" style=\"width: 100%; height: auto; vertical-align: middle;\" width=\"1000\"><\/p>\n<p style=\"text-align:left;color:#434649;font-size:13px;\">Elektros energijos taikymas<\/p>\n<p style=\"text-align:left;color:#434649;font-size:13px;\">\u25cf U\u017eveskite akumuliatoriaus varikl\u012f<\/p>\n<p style=\"text-align:left;color:#434649;font-size:13px;\">\u25cf Komerciniai autobusai ir autobusai:<\/p>\n<p style=\"text-align:left;color:#434649;font-size:13px;\">Elektriniai automobiliai, elektriniai autobusai, golfo ve\u017eim\u0117liai \/ elektriniai dvira\u010diai, motoroleriai, nameliai ant rat\u0173, savaeig\u0117s transporto priemon\u0117s, j\u016br\u0173 p\u0117stininkai, autobusai, nameliai ant rat\u0173, ne\u012fgali\u0173j\u0173 ve\u017eim\u0117liai,<\/p>\n<p style=\"text-align:left;color:#434649;font-size:13px;\">Elektroniniai sunkve\u017eimiai, elektronin\u0117s \u0161lavimo ma\u0161inos, grind\u0173 valikliai, elektronin\u0117s vaik\u0161tyn\u0117s ir kt.<\/p>\n<p style=\"text-align:left;color:#434649;font-size:13px;\">\u25cf I\u0161manus robotas<\/p>\n<p style=\"text-align:left;color:#434649;font-size:13px;\">\u25cf Elektriniai \u012frankiai: elektriniai gr\u0105\u017etai, \u017eaislai<\/p>\n<p style=\"text-align:left;color:#434649;font-size:13px;\">Energijos kaupimas<\/p>\n<p style=\"text-align:left;color:#434649;font-size:13px;\">\u25cf Saul\u0117s v\u0117jo j\u0117gaini\u0173 sistema<\/p>\n<p style=\"text-align:left;color:#434649;font-size:13px;\">\u25cf Miesto tinklelis (\u012fjungtas \/ i\u0161jungtas)<\/p>\n<p style=\"text-align:left;color:#434649;font-size:13px;\">Atsargin\u0117 sistema ir UPS<\/p>\n<p style=\"text-align:left;color:#434649;font-size:13px;\">\u25cf Telekomunikacij\u0173 baz\u0117, kabelin\u0117s televizijos sistema, kompiuteri\u0173 serveri\u0173 centras, medicinos \u012franga, karin\u0117 \u012franga<\/p>\n<p style=\"text-align:left;color:#434649;font-size:13px;\">kitos programos<\/p>\n<p style=\"text-align:left;color:#434649;font-size:13px;\">\u25cf Sauga ir elektronika, mobil\u016bs pardavimo ta\u0161kai, kasybos ap\u0161vietimas \/ \u017eibintuv\u0117liai \/ LED \u017eibintai \/ avariniai \u017eibintai<\/p>\n<p style=\"text-align:left;color:#434649;font-size:13px;\">Produkto privalumai:<\/p>\n<p style=\"text-align:left;color:#434649;font-size:13px;\">Lengvai ne\u0161iojama, didel\u0117 talpa, didelio atpalaidavimo platforma, ilgas darbo laikas, ilgas tarnavimo laikas, sauga ir aplinkos apsauga<\/p>\n<p><img loading=\"lazy\" decoding=\"async\" height=\"1000\" referrerpolicy=\"no-referrer\" src=\"https:\/\/ae01.alicdn.com\/kf\/S27b23c2fe70a4c37899b54c92940cb610.jpg\" style=\"width: 100%; height: auto; vertical-align: middle;\" width=\"1000\"><\/div>\n<\/div>","protected":false},"excerpt":{"rendered":"<p>Nominal Capacity:&nbsp;100AH Weight:&nbsp;About 9.5kg Size:&nbsp;310*172*193mm Model Number:&nbsp;12V Liferpo4 Battery Type:&nbsp;LiFePO4 Brand Name:&nbsp;Likctt Origin:&nbsp;Mainland China Transportation in the European Union, United Kingdom,the United States, Canada, and Asian TAX FREE. The EU<\/p>","protected":false},"featured_media":7557,"comment_status":"open","ping_status":"closed","template":"","meta":{"_acf_changed":false},"product_brand":[],"product_cat":[237],"product_tag":[243],"class_list":{"0":"post-7573","1":"product","2":"type-product","3":"status-publish","4":"has-post-thumbnail","6":"product_cat-100-200ah-lifepo4-batteries","7":"product_tag-usamr","9":"first","10":"instock","11":"shipping-taxable","12":"purchasable","13":"product-type-simple"},"acf":[],"_links":{"self":[{"href":"https:\/\/www.electricstore.eu\/lt\/wp-json\/wp\/v2\/product\/7573","targetHints":{"allow":["GET"]}}],"collection":[{"href":"https:\/\/www.electricstore.eu\/lt\/wp-json\/wp\/v2\/product"}],"about":[{"href":"https:\/\/www.electricstore.eu\/lt\/wp-json\/wp\/v2\/types\/product"}],"replies":[{"embeddable":true,"href":"https:\/\/www.electricstore.eu\/lt\/wp-json\/wp\/v2\/comments?post=7573"}],"wp:featuredmedia":[{"embeddable":true,"href":"https:\/\/www.electricstore.eu\/lt\/wp-json\/wp\/v2\/media\/7557"}],"wp:attachment":[{"href":"https:\/\/www.electricstore.eu\/lt\/wp-json\/wp\/v2\/media?parent=7573"}],"wp:term":[{"taxonomy":"product_brand","embeddable":true,"href":"https:\/\/www.electricstore.eu\/lt\/wp-json\/wp\/v2\/product_brand?post=7573"},{"taxonomy":"product_cat","embeddable":true,"href":"https:\/\/www.electricstore.eu\/lt\/wp-json\/wp\/v2\/product_cat?post=7573"},{"taxonomy":"product_tag","embeddable":true,"href":"https:\/\/www.electricstore.eu\/lt\/wp-json\/wp\/v2\/product_tag?post=7573"}],"curies":[{"name":"wp","href":"https:\/\/api.w.org\/{rel}","templated":true}]}}