{"id":7568,"date":"2025-05-15T19:32:45","date_gmt":"2025-05-15T19:32:45","guid":{"rendered":"https:\/\/electricstore.eu\/product\/usamr-50ah-12v-lifepo4-battery-4\/"},"modified":"2025-05-20T13:35:38","modified_gmt":"2025-05-20T13:35:38","slug":"usamr-50ah-12v-lifepo4-battery-4","status":"publish","type":"product","link":"https:\/\/www.electricstore.eu\/lt\/p\/batteries\/lifepo4-batteries\/100ah\/usamr-50ah-12v-lifepo4-battery-4\/","title":{"rendered":"USAMR 50Ah 12V LiFePO4 akumuliatorius"},"content":{"rendered":"<div class=\"product-specs-list-container\">\n<ul class=\"product-specs-list util-clearfix\">\n<li class=\"product-prop line-limit-length\"><span\n                                        class=\"property-title\">Nominali talpa:&nbsp;<\/span><span\n                                        class=\"property-desc line-limit-length\">50AH<\/span>\n                            <\/li>\n<li class=\"product-prop line-limit-length\"><span\n                                        class=\"property-title\">Svoris:&nbsp;<\/span><span\n                                        class=\"property-desc line-limit-length\">About 7.2kg<\/span>\n                            <\/li>\n<li class=\"product-prop line-limit-length\"><span\n                                        class=\"property-title\">Dydis:&nbsp;<\/span><span\n                                        class=\"property-desc line-limit-length\">230*230*180mm<\/span>\n                            <\/li>\n<li class=\"product-prop line-limit-length\"><span\n                                        class=\"property-title\">Taikymas:&nbsp;<\/span><span\n                                        class=\"property-desc line-limit-length\">Elektromobiliai, kemperiai, j\u016brin\u0117s valtys, velkamieji varikliai, nam\u0173 energija, saul\u0117s energijos kaupimas, autonomin\u0117s saul\u0117s energijos sistemos, kita<\/span>\n                            <\/li>\n<li class=\"product-prop line-limit-length\"><span\n                                        class=\"property-title\">Modelio numeris:&nbsp;<\/span><span\n                                        class=\"property-desc line-limit-length\">12 V \u201eLiferpo4\u201c akumuliatorius<\/span>\n                            <\/li>\n<li class=\"product-prop line-limit-length\"><span\n                                        class=\"property-title\">Tipas:&nbsp;<\/span><span\n                                        class=\"property-desc line-limit-length\">LiFePO4<\/span>\n                            <\/li>\n<li class=\"product-prop line-limit-length\"><span\n                                        class=\"property-title\">Prek\u0117s \u017eenklas:&nbsp;<\/span><span\n                                        class=\"property-desc line-limit-length\">Likctt<\/span>\n                            <\/li>\n<li class=\"product-prop line-limit-length\"><span\n                                        class=\"property-title\">Kilm\u0117:&nbsp;<\/span><span\n                                        class=\"property-desc line-limit-length\">\u017demynin\u0117 Kinija<\/span>\n                            <\/li>\n<\/ul><\/div>\n<div class=\"detailmodule_html\">\n<div class=\"detail-desc-decorate-richtext\">\n<p class=\"word-break white-space mt-10\" style=\"color:#ff0000;\">Transportas Europos S\u0105jungoje, Jungtin\u0117je Karalyst\u0117je, Jungtin\u0117se Amerikos Valstijose, Kanadoje ir Azijos \u0161alyse BE PVM.<\/p>\n<p class=\"word-break white-space mt-10\" style=\"color:#434649;\">Atvyko ES sand\u0117lis (Lenkijos sand\u0117lis). Draugai, kuriems to reikia, gali pateikti u\u017esakym\u0105 dabar. Pirmiausia pateikite u\u017esakym\u0105 ir pirmiausia pasir\u016bpinkite siunta. Prekes galite gauti per 3\u20137 dienas nuo i\u0161siuntimo.<\/p>\n<p class=\"word-break white-space mt-10\" style=\"color:#434649;\">Baterijos tipas:<\/p>\n<p class=\"word-break white-space mt-10\" style=\"color:#434649;\">Akumuliatoriaus talpa: 50 ah<\/p>\n<p class=\"word-break white-space mt-10\" style=\"color:#434649;\">Baterijos dydis: 230 * 230 * 180 mm (+\/- 10 mm)<\/p>\n<p class=\"word-break white-space mt-10\" style=\"color:#434649;\">Weight:7.2kg(+\/-0.5kg)<\/p>\n<p class=\"word-break white-space mt-10\" style=\"color:#434649;\">\u012emontuota: 3,2 V LiFePO4 baterija<\/p>\n<p class=\"word-break white-space mt-10\" style=\"color:#434649;\">Nominali \u012ftampa: 12,8 V<\/p>\n<p class=\"word-break white-space mt-10\" style=\"color:#434649;\">Maksimali \u012fkrovimo srov\u0117: 50A<\/p>\n<p class=\"word-break white-space mt-10\" style=\"color:#434649;\">Momentin\u0117 i\u0161krovos srov\u0117: 200A<\/p>\n<p class=\"word-break white-space mt-10\" style=\"color:#434649;\">Nuolatin\u0117 i\u0161krovimo srov\u0117: 100A<\/p>\n<p class=\"word-break white-space mt-10\" style=\"color:#434649;\">Gyvenimas: 6000 cikl\u0173 ar daugiau<\/p>\n<p class=\"word-break white-space mt-10\" style=\"color:#434649;\">\u012ekrovimo temperat\u016bra: 0\u201345 \u00b0C<\/p>\n<p class=\"word-break white-space mt-10\" style=\"color:#434649;\">I\u0161leidimo temperat\u016bra: -20~60\u00b0C<\/p>\n<p class=\"word-break white-space mt-10\" style=\"color:#434649;\">Laikymo temperat\u016bra: -20~65 \u00b0C<\/p>\n<p class=\"word-break white-space mt-10\" style=\"color:#434649;\">Darbin\u0117s \u012ftampos diapazonas: 8,0 V\u201314,6 V<\/p>\n<p class=\"word-break white-space mt-10\" style=\"color:#434649;\">Apsaugos nuo perkrovos \u012ftampa: 14,6 V \u00b1 0,05 V<\/p>\n<p class=\"word-break white-space mt-10\" style=\"color:#434649;\">Apsaugos \u012ftampa nuo perkrovos: 8,0 V \u00b1 0,05 V<\/p>\n<p class=\"word-break white-space mt-10\" style=\"color:#434649;\">Apsaugokite akumuliatoriaus temperat\u016br\u0105: 60 \u00b0C plius 5 \u00b0C<\/p>\n<p class=\"word-break white-space mt-10\" style=\"color:#434649;\">I\u0161vestis ir parametrai: didel\u0117s srov\u0117s teigiamas \/ neigiamas jungties stulpelis (raudonas teigiamas, juodas neigiamas)<\/p>\n<p><img fetchpriority=\"high\" decoding=\"async\" height=\"1000\" referrerpolicy=\"no-referrer\" src=\"https:\/\/ae01.alicdn.com\/kf\/S2301656b5dd049e7a08e32f18f1204ddr.jpg\" style=\"width: 100%; height: auto; vertical-align: middle;\" width=\"1000\"><img decoding=\"async\" height=\"1000\" referrerpolicy=\"no-referrer\" src=\"https:\/\/ae01.alicdn.com\/kf\/S06751bbb6cc94d5d946b6a0377d9331fB.jpg\" style=\"width: 100%; height: auto; vertical-align: middle;\" width=\"1000\"><img decoding=\"async\" height=\"1000\" referrerpolicy=\"no-referrer\" src=\"https:\/\/ae01.alicdn.com\/kf\/Sc43a2401998244018007a4057009178eR.jpg\" style=\"width: 100%; height: auto; vertical-align: middle;\" width=\"1000\"><img loading=\"lazy\" decoding=\"async\" height=\"1000\" referrerpolicy=\"no-referrer\" src=\"https:\/\/ae01.alicdn.com\/kf\/S5f6d67cfda8c4b5584d60924cb75c9cej.jpg\" style=\"width: 100%; height: auto; vertical-align: middle;\" width=\"1000\"><img loading=\"lazy\" decoding=\"async\" height=\"1000\" referrerpolicy=\"no-referrer\" src=\"https:\/\/ae01.alicdn.com\/kf\/Sb950945b25a6469cafda2a1c53f8af15D.jpg?width=1000&#038;height=1000&#038;hash=2000\" style=\"width: 100%; height: auto; vertical-align: middle;\" width=\"1000\"><img loading=\"lazy\" decoding=\"async\" height=\"1000\" referrerpolicy=\"no-referrer\" src=\"https:\/\/ae01.alicdn.com\/kf\/S774256bcdfd3468191fc071a8668305di.jpg?width=1000&#038;height=1000&#038;hash=2000\" style=\"width: 100%; height: auto; vertical-align: middle;\" width=\"1000\"><img loading=\"lazy\" decoding=\"async\" height=\"1000\" referrerpolicy=\"no-referrer\" src=\"https:\/\/ae01.alicdn.com\/kf\/S5b7f424d17354aa2a6edb8abb5fa29847.jpg?width=1000&#038;height=1000&#038;hash=2000\" style=\"width: 100%; height: auto; vertical-align: middle;\" width=\"1000\"><img loading=\"lazy\" decoding=\"async\" height=\"1000\" referrerpolicy=\"no-referrer\" src=\"https:\/\/ae01.alicdn.com\/kf\/S0ca327f7a9f443f69d010c0b2d57b949o.jpg?width=1000&#038;height=1000&#038;hash=2000\" style=\"width: 100%; height: auto; vertical-align: middle;\" width=\"1000\"><img loading=\"lazy\" decoding=\"async\" height=\"1000\" referrerpolicy=\"no-referrer\" src=\"https:\/\/ae01.alicdn.com\/kf\/Sc9cb5ec845ca4ff6a9c59a067bde0419Y.jpg?width=1000&#038;height=1000&#038;hash=2000\" style=\"width: 100%; height: auto; vertical-align: middle;\" width=\"1000\"><\/p>\n<p class=\"word-break white-space mt-10\" style=\"color:#434649;\">Elektros energijos taikymas<\/p>\n<p class=\"word-break white-space mt-10\" style=\"color:#434649;\">\u25cf U\u017eveskite akumuliatoriaus varikl\u012f<\/p>\n<p class=\"word-break white-space mt-10\" style=\"color:#434649;\">\u25cf Komerciniai autobusai ir autobusai:<\/p>\n<p class=\"word-break white-space mt-10\" style=\"color:#434649;\">Elektriniai automobiliai, elektriniai autobusai, golfo ve\u017eim\u0117liai \/ elektriniai dvira\u010diai, motoroleriai, nameliai ant rat\u0173, savaeig\u0117s transporto priemon\u0117s, j\u016br\u0173 p\u0117stininkai, autobusai, nameliai ant rat\u0173, ne\u012fgali\u0173j\u0173 ve\u017eim\u0117liai,<\/p>\n<p class=\"word-break white-space mt-10\" style=\"color:#434649;\">Elektroniniai sunkve\u017eimiai, elektronin\u0117s \u0161lavimo ma\u0161inos, grind\u0173 valikliai, elektronin\u0117s vaik\u0161tyn\u0117s ir kt.<\/p>\n<p class=\"word-break white-space mt-10\" style=\"color:#434649;\">\u25cf I\u0161manus robotas<\/p>\n<p class=\"word-break white-space mt-10\" style=\"color:#434649;\">\u25cf Elektriniai \u012frankiai: elektriniai gr\u0105\u017etai, \u017eaislai<\/p>\n<p class=\"word-break white-space mt-10\" style=\"color:#434649;\">Energijos kaupimas<\/p>\n<p class=\"word-break white-space mt-10\" style=\"color:#434649;\">\u25cf Saul\u0117s v\u0117jo j\u0117gaini\u0173 sistema<\/p>\n<p class=\"word-break white-space mt-10\" style=\"color:#434649;\">\u25cf Miesto tinklelis (\u012fjungtas \/ i\u0161jungtas)<\/p>\n<p class=\"word-break white-space mt-10\" style=\"color:#434649;\">Atsargin\u0117 sistema ir UPS<\/p>\n<p class=\"word-break white-space mt-10\" style=\"color:#434649;\">\u25cf Telekomunikacij\u0173 baz\u0117, kabelin\u0117s televizijos sistema, kompiuteri\u0173 serveri\u0173 centras, medicinos \u012franga, karin\u0117 \u012franga<\/p>\n<p class=\"word-break white-space mt-10\" style=\"color:#434649;\">\u25cf Sauga ir elektronika, mobil\u016bs pardavimo ta\u0161kai, kasybos ap\u0161vietimas \/ \u017eibintuv\u0117liai \/ LED \u017eibintai \/ avariniai \u017eibintai<\/p>\n<p class=\"word-break white-space mt-10\" style=\"color:#434649;\">Produkto privalumai:<\/p>\n<p class=\"word-break white-space mt-10\" style=\"color:#434649;\">Lengvai ne\u0161iojama, didel\u0117 talpa, didelio atpalaidavimo platforma, ilgas darbo laikas, ilgas tarnavimo laikas, sauga ir aplinkos apsauga<\/p>\n<p><img loading=\"lazy\" decoding=\"async\" height=\"1000\" referrerpolicy=\"no-referrer\" src=\"https:\/\/ae01.alicdn.com\/kf\/S27b23c2fe70a4c37899b54c92940cb610.jpg\" style=\"width: 100%; height: auto; vertical-align: middle;\" width=\"1000\"><\/div>\n<\/div>","protected":false},"excerpt":{"rendered":"<p>Nominal Capacity:&nbsp;50AH Weight:&nbsp;About 7.2kg Size:&nbsp;230*230*180mm Application:&nbsp;EV,RV,Marine Boat,Trolling Motor,Home Energy,Solar Power Storage,Off-Grid Solar Power System,Others Model Number:&nbsp;12V Liferpo4 Battery Type:&nbsp;LiFePO4 Brand Name:&nbsp;Likctt Origin:&nbsp;Mainland China Transportation in the European Union, United Kingdom,the<\/p>","protected":false},"featured_media":7533,"comment_status":"open","ping_status":"closed","template":"","meta":{"_acf_changed":false},"product_brand":[],"product_cat":[236],"product_tag":[243],"class_list":{"0":"post-7568","1":"product","2":"type-product","3":"status-publish","4":"has-post-thumbnail","6":"product_cat-100ah","7":"product_tag-usamr","9":"first","10":"instock","11":"shipping-taxable","12":"purchasable","13":"product-type-simple"},"acf":[],"_links":{"self":[{"href":"https:\/\/www.electricstore.eu\/lt\/wp-json\/wp\/v2\/product\/7568","targetHints":{"allow":["GET"]}}],"collection":[{"href":"https:\/\/www.electricstore.eu\/lt\/wp-json\/wp\/v2\/product"}],"about":[{"href":"https:\/\/www.electricstore.eu\/lt\/wp-json\/wp\/v2\/types\/product"}],"replies":[{"embeddable":true,"href":"https:\/\/www.electricstore.eu\/lt\/wp-json\/wp\/v2\/comments?post=7568"}],"wp:featuredmedia":[{"embeddable":true,"href":"https:\/\/www.electricstore.eu\/lt\/wp-json\/wp\/v2\/media\/7533"}],"wp:attachment":[{"href":"https:\/\/www.electricstore.eu\/lt\/wp-json\/wp\/v2\/media?parent=7568"}],"wp:term":[{"taxonomy":"product_brand","embeddable":true,"href":"https:\/\/www.electricstore.eu\/lt\/wp-json\/wp\/v2\/product_brand?post=7568"},{"taxonomy":"product_cat","embeddable":true,"href":"https:\/\/www.electricstore.eu\/lt\/wp-json\/wp\/v2\/product_cat?post=7568"},{"taxonomy":"product_tag","embeddable":true,"href":"https:\/\/www.electricstore.eu\/lt\/wp-json\/wp\/v2\/product_tag?post=7568"}],"curies":[{"name":"wp","href":"https:\/\/api.w.org\/{rel}","templated":true}]}}