{"id":7536,"date":"2025-05-15T19:32:23","date_gmt":"2025-05-15T19:32:23","guid":{"rendered":"https:\/\/electricstore.eu\/product\/usamr-250ah-24v-lifepo4-battery\/"},"modified":"2025-05-20T13:42:18","modified_gmt":"2025-05-20T13:42:18","slug":"usamr-250ah-24v-lifepo4-battery","status":"publish","type":"product","link":"https:\/\/www.electricstore.eu\/lt\/p\/batteries\/lifepo4-batteries\/200ah-lifepo4-batteries\/usamr-250ah-24v-lifepo4-battery\/","title":{"rendered":"USAMR 250Ah 24V LiFePO4 akumuliatorius"},"content":{"rendered":"<div class=\"product-specs-list-container\">\n<ul class=\"product-specs-list util-clearfix\">\n<li class=\"product-prop line-limit-length\"><span\n                                        class=\"property-title\">Nominali talpa:&nbsp;<\/span><span\n                                        class=\"property-desc line-limit-length\">250AH<\/span>\n                            <\/li>\n<li class=\"product-prop line-limit-length\"><span\n                                        class=\"property-title\">Svoris:&nbsp;<\/span><span\n                                        class=\"property-desc line-limit-length\">Apie 39,3 kg<\/span>\n                            <\/li>\n<li class=\"product-prop line-limit-length\"><span\n                                        class=\"property-title\">\u012etampa:&nbsp;<\/span><span\n                                        class=\"property-desc line-limit-length\">25.2V<\/span>\n                            <\/li>\n<li class=\"product-prop line-limit-length\"><span\n                                        class=\"property-title\">Dydis:&nbsp;<\/span><span\n                                        class=\"property-desc line-limit-length\">430 x 240 x 270 mm<\/span>\n                            <\/li>\n<li class=\"product-prop line-limit-length\"><span\n                                        class=\"property-title\">Modelio numeris:&nbsp;<\/span><span\n                                        class=\"property-desc line-limit-length\">24V Liferpo4 Battery<\/span>\n                            <\/li>\n<li class=\"product-prop line-limit-length\"><span\n                                        class=\"property-title\">Tipas:&nbsp;<\/span><span\n                                        class=\"property-desc line-limit-length\">LiFePO4<\/span>\n                            <\/li>\n<li class=\"product-prop line-limit-length\"><span\n                                        class=\"property-title\">Prek\u0117s \u017eenklas:&nbsp;<\/span><span\n                                        class=\"property-desc line-limit-length\">Likctt<\/span>\n                            <\/li>\n<li class=\"product-prop line-limit-length\"><span\n                                        class=\"property-title\">Kilm\u0117:&nbsp;<\/span><span\n                                        class=\"property-desc line-limit-length\">\u017demynin\u0117 Kinija<\/span>\n                            <\/li>\n<\/ul><\/div>\n<div class=\"detailmodule_html\">\n<div class=\"detail-desc-decorate-richtext\">\n<p style=\"text-align:left;color:#ff0000;font-size:20px;font-weight:bold;\">Transportas Europos S\u0105jungoje, Jungtin\u0117je Karalyst\u0117je, Jungtin\u0117se Amerikos Valstijose, Kanadoje ir Azijos \u0161alyse BE PVM.<\/p>\n<p style=\"text-align:left;color:#434649;font-size:13px;\">Atvyko ES sand\u0117lis (Lenkijos sand\u0117lis). Draugai, kuriems to reikia, gali pateikti u\u017esakym\u0105 dabar. Pirmiausia pateikite u\u017esakym\u0105 ir pirmiausia pasir\u016bpinkite siunta. Prekes galite gauti per 3\u20137 dienas nuo i\u0161siuntimo.<br \/>\nBaterijos tipas:<br \/>\nBattery capacity:250ah<br \/>\nBattery size:430x240x270mm (+\/-10mm)<br \/>\nSvoris: 39,3 kg (+\/- 0,5 kg)<br \/>\n\u012emontuota: 3,2 V LiFePO4 baterija<br \/>\nNominal voltage: 29.2V<br \/>\nMaksimali \u012fkrovimo srov\u0117: 50A<br \/>\nMomentin\u0117 i\u0161krovos srov\u0117: 200A<br \/>\nNuolatin\u0117 i\u0161krovimo srov\u0117: 100A<br \/>\nGyvenimas: 6000 cikl\u0173 ar daugiau<br \/>\nKorpuso med\u017eiaga: Matel<br \/>\n\u012ekrovimo temperat\u016bra: 0\u201345 \u00b0C<br \/>\nI\u0161leidimo temperat\u016bra: -20~60\u00b0C<br \/>\nLaikymo temperat\u016bra: -20~65 \u00b0C<br \/>\nOperating voltage range:20V-29.2V<br \/>\nOverload protection voltage: 29.2V\u00b10.05V<br \/>\nProtection voltage against overlo:20V\u00b10.05V<br \/>\nApsaugokite akumuliatoriaus temperat\u016br\u0105: 60 \u00b0C plius 5 \u00b0C<br \/>\nI\u0161vestis ir parametrai: didel\u0117s srov\u0117s teigiamas \/ neigiamas jungties stulpelis (raudonas teigiamas, juodas neigiamas)<\/p>\n<p><img fetchpriority=\"high\" decoding=\"async\" height=\"1000\" referrerpolicy=\"no-referrer\" src=\"https:\/\/ae01.alicdn.com\/kf\/S69fb262c319949cfbdf83dce7e0051efe.jpg\" style=\"width: 100%; height: auto; vertical-align: middle;\" width=\"1000\"><img decoding=\"async\" height=\"1000\" referrerpolicy=\"no-referrer\" src=\"https:\/\/ae01.alicdn.com\/kf\/S3f5e34b7115849acb0f30af9dd95ee0c2.jpg\" style=\"width: 100%; height: auto; vertical-align: middle;\" width=\"1000\"><img decoding=\"async\" height=\"1000\" referrerpolicy=\"no-referrer\" src=\"https:\/\/ae01.alicdn.com\/kf\/Se6b46ca3c4ce470682eea734d60bf214U.jpg\" style=\"width: 100%; height: auto; vertical-align: middle;\" width=\"1000\"><img loading=\"lazy\" decoding=\"async\" height=\"1000\" referrerpolicy=\"no-referrer\" src=\"https:\/\/ae01.alicdn.com\/kf\/S8c8bbe31efc844a9b1cc0dbbe4782060m.jpg?width=1000&#038;height=1000&#038;hash=2000\" style=\"width: 100%; height: auto; vertical-align: middle;\" width=\"1000\"><img loading=\"lazy\" decoding=\"async\" height=\"1000\" referrerpolicy=\"no-referrer\" src=\"https:\/\/ae01.alicdn.com\/kf\/Sb220f10ac11d4696a34434bf17419df6m.jpg?width=1000&#038;height=1000&#038;hash=2000\" style=\"width: 100%; height: auto; vertical-align: middle;\" width=\"1000\"><img loading=\"lazy\" decoding=\"async\" height=\"1000\" referrerpolicy=\"no-referrer\" src=\"https:\/\/ae01.alicdn.com\/kf\/S0fd270850ea548fd9229306f30952edbZ.jpg?width=1000&#038;height=1000&#038;hash=2000\" style=\"width: 100%; height: auto; vertical-align: middle;\" width=\"1000\"><img loading=\"lazy\" decoding=\"async\" height=\"1000\" referrerpolicy=\"no-referrer\" src=\"https:\/\/ae01.alicdn.com\/kf\/Seeb4356d076a448aa8f92d21529c3a20y.jpg?width=1000&#038;height=1000&#038;hash=2000\" style=\"width: 100%; height: auto; vertical-align: middle;\" width=\"1000\"><img loading=\"lazy\" decoding=\"async\" height=\"1000\" referrerpolicy=\"no-referrer\" src=\"https:\/\/ae01.alicdn.com\/kf\/S065aefac03a543d39784ac68533fb6f0c.jpg?width=1000&#038;height=1000&#038;hash=2000\" style=\"width: 100%; height: auto; vertical-align: middle;\" width=\"1000\"><img loading=\"lazy\" decoding=\"async\" height=\"1000\" referrerpolicy=\"no-referrer\" src=\"https:\/\/ae01.alicdn.com\/kf\/S2509fa83fdfa4a06b02a22ee866d77c9f.jpg?width=1000&#038;height=1000&#038;hash=2000\" style=\"width: 100%; height: auto; vertical-align: middle;\" width=\"1000\"><\/p>\n<p style=\"text-align:left;color:#434649;font-size:13px;\">Elektros energijos taikymas<\/p>\n<p style=\"text-align:left;color:#434649;font-size:13px;\">\u25cf U\u017eveskite akumuliatoriaus varikl\u012f<\/p>\n<p style=\"text-align:left;color:#434649;font-size:13px;\">\u25cf Komerciniai autobusai ir autobusai:<\/p>\n<p style=\"text-align:left;color:#434649;font-size:13px;\">Elektriniai automobiliai, elektriniai autobusai, golfo ve\u017eim\u0117liai \/ elektriniai dvira\u010diai, motoroleriai, nameliai ant rat\u0173, savaeig\u0117s transporto priemon\u0117s, j\u016br\u0173 p\u0117stininkai, autobusai, nameliai ant rat\u0173, ne\u012fgali\u0173j\u0173 ve\u017eim\u0117liai,<\/p>\n<p style=\"text-align:left;color:#434649;font-size:13px;\">Elektroniniai sunkve\u017eimiai, elektronin\u0117s \u0161lavimo ma\u0161inos, grind\u0173 valikliai, elektronin\u0117s vaik\u0161tyn\u0117s ir kt.<\/p>\n<p style=\"text-align:left;color:#434649;font-size:13px;\">\u25cf I\u0161manus robotas<\/p>\n<p style=\"text-align:left;color:#434649;font-size:13px;\">\u25cf Elektriniai \u012frankiai: elektriniai gr\u0105\u017etai, \u017eaislai<\/p>\n<p style=\"text-align:left;color:#434649;font-size:13px;\">Energijos kaupimas<\/p>\n<p style=\"text-align:left;color:#434649;font-size:13px;\">\u25cf Saul\u0117s v\u0117jo j\u0117gaini\u0173 sistema<\/p>\n<p style=\"text-align:left;color:#434649;font-size:13px;\">\u25cf Miesto tinklelis (\u012fjungtas \/ i\u0161jungtas)<\/p>\n<p style=\"text-align:left;color:#434649;font-size:13px;\">Atsargin\u0117 sistema ir UPS<\/p>\n<p style=\"text-align:left;color:#434649;font-size:13px;\">\u25cf Telekomunikacij\u0173 baz\u0117, kabelin\u0117s televizijos sistema, kompiuteri\u0173 serveri\u0173 centras, medicinos \u012franga, karin\u0117 \u012franga<\/p>\n<p style=\"text-align:left;color:#434649;font-size:13px;\">kitos programos<\/p>\n<p style=\"text-align:left;color:#434649;font-size:13px;\">\u25cf Sauga ir elektronika, mobil\u016bs pardavimo ta\u0161kai, kasybos ap\u0161vietimas \/ \u017eibintuv\u0117liai \/ LED \u017eibintai \/ avariniai \u017eibintai<\/p>\n<p style=\"text-align:left;color:#434649;font-size:13px;\">Produkto privalumai:<\/p>\n<p style=\"text-align:left;color:#434649;font-size:13px;\">Lengvai ne\u0161iojama, didel\u0117 talpa, didelio atpalaidavimo platforma, ilgas darbo laikas, ilgas tarnavimo laikas, sauga ir aplinkos apsauga<\/p>\n<p><img loading=\"lazy\" decoding=\"async\" height=\"1000\" referrerpolicy=\"no-referrer\" src=\"https:\/\/ae01.alicdn.com\/kf\/S27b23c2fe70a4c37899b54c92940cb610.jpg\" style=\"width: 100%; height: auto; vertical-align: middle;\" width=\"1000\"><\/div>\n<\/div>","protected":false},"excerpt":{"rendered":"<p>Nominal Capacity:&nbsp;250AH Weight:&nbsp;About 39.3kg Voltage:&nbsp;25.2V Size:&nbsp;430x240x270mm Model Number:&nbsp;24V Liferpo4 Battery Type:&nbsp;LiFePO4 Brand Name:&nbsp;Likctt Origin:&nbsp;Mainland China Transportation in the European Union, United Kingdom,the United States, Canada, and Asian TAX FREE. The<\/p>","protected":false},"featured_media":7537,"comment_status":"open","ping_status":"closed","template":"","meta":{"_acf_changed":false},"product_brand":[],"product_cat":[238],"product_tag":[243],"class_list":{"0":"post-7536","1":"product","2":"type-product","3":"status-publish","4":"has-post-thumbnail","6":"product_cat-200ah-lifepo4-batteries","7":"product_tag-usamr","9":"first","10":"instock","11":"shipping-taxable","12":"purchasable","13":"product-type-simple"},"acf":[],"_links":{"self":[{"href":"https:\/\/www.electricstore.eu\/lt\/wp-json\/wp\/v2\/product\/7536","targetHints":{"allow":["GET"]}}],"collection":[{"href":"https:\/\/www.electricstore.eu\/lt\/wp-json\/wp\/v2\/product"}],"about":[{"href":"https:\/\/www.electricstore.eu\/lt\/wp-json\/wp\/v2\/types\/product"}],"replies":[{"embeddable":true,"href":"https:\/\/www.electricstore.eu\/lt\/wp-json\/wp\/v2\/comments?post=7536"}],"wp:featuredmedia":[{"embeddable":true,"href":"https:\/\/www.electricstore.eu\/lt\/wp-json\/wp\/v2\/media\/7537"}],"wp:attachment":[{"href":"https:\/\/www.electricstore.eu\/lt\/wp-json\/wp\/v2\/media?parent=7536"}],"wp:term":[{"taxonomy":"product_brand","embeddable":true,"href":"https:\/\/www.electricstore.eu\/lt\/wp-json\/wp\/v2\/product_brand?post=7536"},{"taxonomy":"product_cat","embeddable":true,"href":"https:\/\/www.electricstore.eu\/lt\/wp-json\/wp\/v2\/product_cat?post=7536"},{"taxonomy":"product_tag","embeddable":true,"href":"https:\/\/www.electricstore.eu\/lt\/wp-json\/wp\/v2\/product_tag?post=7536"}],"curies":[{"name":"wp","href":"https:\/\/api.w.org\/{rel}","templated":true}]}}