{"id":7519,"date":"2025-05-15T19:32:13","date_gmt":"2025-05-15T19:32:13","guid":{"rendered":"https:\/\/electricstore.eu\/product\/usamr-120ah-12v-lifepo4-battery-2\/"},"modified":"2025-05-21T05:40:16","modified_gmt":"2025-05-21T05:40:16","slug":"usamr-120ah-12v-lifepo4-battery-2","status":"publish","type":"product","link":"https:\/\/www.electricstore.eu\/lt\/p\/batteries\/lifepo4-batteries\/100-200ah-lifepo4-batteries\/usamr-120ah-12v-lifepo4-battery-2\/","title":{"rendered":"USAMR 120Ah 12V LiFePO4 akumuliatorius"},"content":{"rendered":"<div class=\"product-specs-list-container\">\n<ul class=\"product-specs-list util-clearfix\">\n<li class=\"product-prop line-limit-length\"><span\n                                        class=\"property-title\">Nominali talpa:&nbsp;<\/span><span\n                                        class=\"property-desc line-limit-length\">120 Ah<\/span>\n                            <\/li>\n<li class=\"product-prop line-limit-length\"><span\n                                        class=\"property-title\">Svoris:&nbsp;<\/span><span\n                                        class=\"property-desc line-limit-length\">Apie 12,8 kg<\/span>\n                            <\/li>\n<li class=\"product-prop line-limit-length\"><span\n                                        class=\"property-title\">Dydis:&nbsp;<\/span><span\n                                        class=\"property-desc line-limit-length\">300*210*170mm<\/span>\n                            <\/li>\n<li class=\"product-prop line-limit-length\"><span\n                                        class=\"property-title\">Taikymas:&nbsp;<\/span><span\n                                        class=\"property-desc line-limit-length\">Elektromobiliai, kemperiai, j\u016brin\u0117s valtys, velkamieji varikliai, nam\u0173 energija, saul\u0117s energijos kaupimas, autonomin\u0117s saul\u0117s energijos sistemos, kita<\/span>\n                            <\/li>\n<li class=\"product-prop line-limit-length\"><span\n                                        class=\"property-title\">Modelio numeris:&nbsp;<\/span><span\n                                        class=\"property-desc line-limit-length\">12 V \u201eLiferpo4\u201c akumuliatorius<\/span>\n                            <\/li>\n<li class=\"product-prop line-limit-length\"><span\n                                        class=\"property-title\">Tipas:&nbsp;<\/span><span\n                                        class=\"property-desc line-limit-length\">LiFePO4<\/span>\n                            <\/li>\n<li class=\"product-prop line-limit-length\"><span\n                                        class=\"property-title\">Prek\u0117s \u017eenklas:&nbsp;<\/span><span\n                                        class=\"property-desc line-limit-length\">Likctt<\/span>\n                            <\/li>\n<li class=\"product-prop line-limit-length\"><span\n                                        class=\"property-title\">Kilm\u0117:&nbsp;<\/span><span\n                                        class=\"property-desc line-limit-length\">\u017demynin\u0117 Kinija<\/span>\n                            <\/li>\n<\/ul><\/div>\n<div class=\"detailmodule_html\">\n<div class=\"detail-desc-decorate-richtext\">\n<p class=\"word-break white-space mt-10\" style=\"color:rgb(255, 0, 0);\">Transportas Europos S\u0105jungoje, Jungtin\u0117je Karalyst\u0117je, Jungtin\u0117se Amerikos Valstijose, Kanadoje ir Azijos \u0161alyse BE PVM.<\/p>\n<p class=\"word-break white-space mt-10\" style=\"color:rgb(67, 70, 73);\">Atvyko ES sand\u0117lis (Lenkijos sand\u0117lis). Draugai, kuriems to reikia, gali pateikti u\u017esakym\u0105 dabar. Pirmiausia pateikite u\u017esakym\u0105 ir pirmiausia pasir\u016bpinkite siunta. Prekes galite gauti per 3\u20137 dienas nuo i\u0161siuntimo.<\/p>\n<p class=\"word-break white-space mt-10\" style=\"color:rgb(67, 70, 73);\">Baterijos tipas:<\/p>\n<p class=\"word-break white-space mt-10\" style=\"color:rgb(67, 70, 73);\">Battery capacity:120ah<\/p>\n<p class=\"word-break white-space mt-10\" style=\"color:rgb(67, 70, 73);\">Battery size:330*230*170mm (+\/-10mm)<\/p>\n<p class=\"word-break white-space mt-10\" style=\"color:rgb(67, 70, 73);\">Weight:10.5kg(+\/-0.5kg)<\/p>\n<p class=\"word-break white-space mt-10\" style=\"color:rgb(67, 70, 73);\">\u012emontuota: 3,2 V LiFePO4 baterija<\/p>\n<p class=\"word-break white-space mt-10\" style=\"color:rgb(67, 70, 73);\">Nominali \u012ftampa: 12,8 V<\/p>\n<p class=\"word-break white-space mt-10\" style=\"color:rgb(67, 70, 73);\">Maksimali \u012fkrovimo srov\u0117: 50A<\/p>\n<p class=\"word-break white-space mt-10\" style=\"color:rgb(67, 70, 73);\">Momentin\u0117 i\u0161krovos srov\u0117: 200A<\/p>\n<p class=\"word-break white-space mt-10\" style=\"color:rgb(67, 70, 73);\">Nuolatin\u0117 i\u0161krovimo srov\u0117: 100A<\/p>\n<p class=\"word-break white-space mt-10\" style=\"color:rgb(67, 70, 73);\">Gyvenimas: 6000 cikl\u0173 ar daugiau<\/p>\n<p class=\"word-break white-space mt-10\" style=\"color:rgb(67, 70, 73);\">\u012ekrovimo temperat\u016bra: 0\u201345 \u00b0C<\/p>\n<p class=\"word-break white-space mt-10\" style=\"color:rgb(67, 70, 73);\">I\u0161leidimo temperat\u016bra: -20~60\u00b0C<\/p>\n<p class=\"word-break white-space mt-10\" style=\"color:rgb(67, 70, 73);\">Laikymo temperat\u016bra: -20~65 \u00b0C<\/p>\n<p class=\"word-break white-space mt-10\" style=\"color:rgb(67, 70, 73);\">Darbin\u0117s \u012ftampos diapazonas: 8,0 V\u201314,6 V<\/p>\n<p class=\"word-break white-space mt-10\" style=\"color:rgb(67, 70, 73);\">Apsaugos nuo perkrovos \u012ftampa: 14,6 V \u00b1 0,05 V<\/p>\n<p class=\"word-break white-space mt-10\" style=\"color:rgb(67, 70, 73);\">Apsaugos \u012ftampa nuo perkrovos: 8,0 V \u00b1 0,05 V<\/p>\n<p class=\"word-break white-space mt-10\" style=\"color:rgb(67, 70, 73);\">Apsaugokite akumuliatoriaus temperat\u016br\u0105: 60 \u00b0C plius 5 \u00b0C<\/p>\n<p class=\"word-break white-space mt-10\" style=\"color:rgb(67, 70, 73);\">I\u0161vestis ir parametrai: didel\u0117s srov\u0117s teigiamas \/ neigiamas jungties stulpelis (raudonas teigiamas, juodas neigiamas)<\/p>\n<p><img fetchpriority=\"high\" decoding=\"async\" height=\"1000\" referrerpolicy=\"no-referrer\" src=\"https:\/\/ae01.alicdn.com\/kf\/S58e1749255c54da89732b0ff480bdc293.jpg\" style=\"width: 100%; height: auto; vertical-align: middle;\" width=\"1000\"><img decoding=\"async\" height=\"1000\" referrerpolicy=\"no-referrer\" src=\"https:\/\/ae01.alicdn.com\/kf\/S549ef97bb27e4969a47f7f1136bb182bO.jpg\" style=\"width: 100%; height: auto; vertical-align: middle;\" width=\"1000\"><img decoding=\"async\" height=\"1000\" referrerpolicy=\"no-referrer\" src=\"https:\/\/ae01.alicdn.com\/kf\/S7b23b963222b43a2babb10d3f0b5442e6.jpg\" style=\"width: 100%; height: auto; vertical-align: middle;\" width=\"1000\"><\/p>\n<p class=\"word-break white-space mt-10\" style=\"text-align:left;color:#434649;font-size:13px;font-weight:normal;\">Baterijos tipas:<br \/>\nAkumuliatoriaus talpa: 100 ah<br \/>\nBaterijos dydis: 230 * 230 * 180 mm (+\/- 10 mm)<br \/>\nSvoris: 10,8 kg (+\/- 0,5 kg)<br \/>\n\u012emontuota: 3,2 V LiFePO4 baterija<br \/>\nNominali \u012ftampa: 12,8 V<br \/>\nMaksimali \u012fkrovimo srov\u0117: 50A<br \/>\nMomentin\u0117 i\u0161krovos srov\u0117: 200A<br \/>\nNuolatin\u0117 i\u0161krovimo srov\u0117: 100A<br \/>\nGyvenimas: 6000 cikl\u0173 ar daugiau<br \/>\nKorpuso med\u017eiaga: Matel<br \/>\n\u012ekrovimo temperat\u016bra: 0\u201345 \u00b0C<br \/>\nI\u0161leidimo temperat\u016bra: -20~60\u00b0C<br \/>\nLaikymo temperat\u016bra: -20~65 \u00b0C<br \/>\nDarbin\u0117s \u012ftampos diapazonas: 8,0 V\u201314,6 V<br \/>\nApsaugos nuo perkrovos \u012ftampa: 14,6 V \u00b1 0,05 V<br \/>\nApsaugos \u012ftampa nuo perkrovos: 8,0 V \u00b1 0,05 V<br \/>\nApsaugokite akumuliatoriaus temperat\u016br\u0105: 60 \u00b0C plius 5 \u00b0C<br \/>\nI\u0161vestis ir parametrai: didel\u0117s srov\u0117s teigiamas \/ neigiamas jungties stulpelis (raudonas teigiamas, juodas neigiamas)<\/p>\n<p><img loading=\"lazy\" decoding=\"async\" height=\"1000\" referrerpolicy=\"no-referrer\" src=\"https:\/\/ae01.alicdn.com\/kf\/Sb5c8989b88024f3ab8bb5925541be49d0.jpg?width=1000&#038;height=1000&#038;hash=2000\" style=\"width: 100%; height: auto; vertical-align: middle;\" width=\"1000\"><img loading=\"lazy\" decoding=\"async\" height=\"1000\" referrerpolicy=\"no-referrer\" src=\"https:\/\/ae01.alicdn.com\/kf\/Sc0db1c83ad5b4c7ba22efb77ff13ea71S.jpg\" style=\"width: 100%; height: auto; vertical-align: middle;\" width=\"1000\"><img loading=\"lazy\" decoding=\"async\" height=\"1000\" referrerpolicy=\"no-referrer\" src=\"https:\/\/ae01.alicdn.com\/kf\/S1e25678d179944c5872e7d160ebab46c3.jpg?width=1000&#038;height=1000&#038;hash=2000\" style=\"width: 100%; height: auto; vertical-align: middle;\" width=\"1000\"><\/p>\n<p class=\"word-break white-space mt-10\" style=\"color:rgb(67, 70, 73);\">Elektros energijos taikymas<\/p>\n<p class=\"word-break white-space mt-10\" style=\"color:rgb(67, 70, 73);\">\u25cf U\u017eveskite akumuliatoriaus varikl\u012f<\/p>\n<p class=\"word-break white-space mt-10\" style=\"color:rgb(67, 70, 73);\">\u25cf Komerciniai autobusai ir autobusai:<\/p>\n<p class=\"word-break white-space mt-10\" style=\"color:rgb(67, 70, 73);\">Elektriniai automobiliai, elektriniai autobusai, golfo ve\u017eim\u0117liai \/ elektriniai dvira\u010diai, motoroleriai, nameliai ant rat\u0173, savaeig\u0117s transporto priemon\u0117s, j\u016br\u0173 p\u0117stininkai, autobusai, nameliai ant rat\u0173, ne\u012fgali\u0173j\u0173 ve\u017eim\u0117liai,<\/p>\n<p class=\"word-break white-space mt-10\" style=\"color:rgb(67, 70, 73);\">Elektroniniai sunkve\u017eimiai, elektronin\u0117s \u0161lavimo ma\u0161inos, grind\u0173 valikliai, elektronin\u0117s vaik\u0161tyn\u0117s ir kt.<\/p>\n<p class=\"word-break white-space mt-10\" style=\"color:rgb(67, 70, 73);\">\u25cf I\u0161manus robotas<\/p>\n<p class=\"word-break white-space mt-10\" style=\"color:rgb(67, 70, 73);\">\u25cf Elektriniai \u012frankiai: elektriniai gr\u0105\u017etai, \u017eaislai<\/p>\n<p class=\"word-break white-space mt-10\" style=\"color:rgb(67, 70, 73);\">Energijos kaupimas<\/p>\n<p class=\"word-break white-space mt-10\" style=\"color:rgb(67, 70, 73);\">\u25cf Saul\u0117s v\u0117jo j\u0117gaini\u0173 sistema<\/p>\n<p class=\"word-break white-space mt-10\" style=\"color:rgb(67, 70, 73);\">\u25cf Miesto tinklelis (\u012fjungtas \/ i\u0161jungtas)<\/p>\n<p class=\"word-break white-space mt-10\" style=\"color:rgb(67, 70, 73);\">Atsargin\u0117 sistema ir UPS<\/p>\n<p class=\"word-break white-space mt-10\" style=\"color:rgb(67, 70, 73);\">\u25cf Telekomunikacij\u0173 baz\u0117, kabelin\u0117s televizijos sistema, kompiuteri\u0173 serveri\u0173 centras, medicinos \u012franga, karin\u0117 \u012franga<\/p>\n<p class=\"word-break white-space mt-10\" style=\"color:rgb(67, 70, 73);\">\u25cf Sauga ir elektronika, mobil\u016bs pardavimo ta\u0161kai, kasybos ap\u0161vietimas \/ \u017eibintuv\u0117liai \/ LED \u017eibintai \/ avariniai \u017eibintai<\/p>\n<p class=\"word-break white-space mt-10\" style=\"color:rgb(67, 70, 73);\">Produkto privalumai:<\/p>\n<p class=\"word-break white-space mt-10\" style=\"color:rgb(67, 70, 73);\">Lengvai ne\u0161iojama, didel\u0117 talpa, didelio atpalaidavimo platforma, ilgas darbo laikas, ilgas tarnavimo laikas, sauga ir aplinkos apsauga<\/p>\n<p><img loading=\"lazy\" decoding=\"async\" height=\"1000\" referrerpolicy=\"no-referrer\" src=\"https:\/\/ae01.alicdn.com\/kf\/S27b23c2fe70a4c37899b54c92940cb610.jpg\" style=\"width: 100%; height: auto; vertical-align: middle;\" width=\"1000\"><\/div>\n<\/div>","protected":false},"excerpt":{"rendered":"<p>Nominal Capacity:&nbsp;120AH Weight:&nbsp;About 12.8kg Size:&nbsp;300*210*170mm Application:&nbsp;EV,RV,Marine Boat,Trolling Motor,Home Energy,Solar Power Storage,Off-Grid Solar Power System,Others Model Number:&nbsp;12V Liferpo4 Battery Type:&nbsp;LiFePO4 Brand Name:&nbsp;Likctt Origin:&nbsp;Mainland China Transportation in the European Union, United Kingdom,the<\/p>","protected":false},"featured_media":7474,"comment_status":"open","ping_status":"closed","template":"","meta":{"_acf_changed":false},"product_brand":[],"product_cat":[237],"product_tag":[243],"class_list":{"0":"post-7519","1":"product","2":"type-product","3":"status-publish","4":"has-post-thumbnail","6":"product_cat-100-200ah-lifepo4-batteries","7":"product_tag-usamr","9":"first","10":"instock","11":"shipping-taxable","12":"purchasable","13":"product-type-variable"},"acf":[],"_links":{"self":[{"href":"https:\/\/www.electricstore.eu\/lt\/wp-json\/wp\/v2\/product\/7519","targetHints":{"allow":["GET"]}}],"collection":[{"href":"https:\/\/www.electricstore.eu\/lt\/wp-json\/wp\/v2\/product"}],"about":[{"href":"https:\/\/www.electricstore.eu\/lt\/wp-json\/wp\/v2\/types\/product"}],"replies":[{"embeddable":true,"href":"https:\/\/www.electricstore.eu\/lt\/wp-json\/wp\/v2\/comments?post=7519"}],"wp:featuredmedia":[{"embeddable":true,"href":"https:\/\/www.electricstore.eu\/lt\/wp-json\/wp\/v2\/media\/7474"}],"wp:attachment":[{"href":"https:\/\/www.electricstore.eu\/lt\/wp-json\/wp\/v2\/media?parent=7519"}],"wp:term":[{"taxonomy":"product_brand","embeddable":true,"href":"https:\/\/www.electricstore.eu\/lt\/wp-json\/wp\/v2\/product_brand?post=7519"},{"taxonomy":"product_cat","embeddable":true,"href":"https:\/\/www.electricstore.eu\/lt\/wp-json\/wp\/v2\/product_cat?post=7519"},{"taxonomy":"product_tag","embeddable":true,"href":"https:\/\/www.electricstore.eu\/lt\/wp-json\/wp\/v2\/product_tag?post=7519"}],"curies":[{"name":"wp","href":"https:\/\/api.w.org\/{rel}","templated":true}]}}