{"id":7493,"date":"2025-05-15T19:31:56","date_gmt":"2025-05-15T19:31:56","guid":{"rendered":"https:\/\/electricstore.eu\/product\/usamr-8pcs-3-2v-320ah-lifepo4-battery-cells\/"},"modified":"2025-05-20T13:34:05","modified_gmt":"2025-05-20T13:34:05","slug":"usamr-8pcs-3-2v-320ah-lifepo4-battery-cells","status":"publish","type":"product","link":"https:\/\/www.electricstore.eu\/lt\/p\/batteries\/lifepo4-batteries\/lifepo4-battery-cells\/usamr-8pcs-3-2v-320ah-lifepo4-battery-cells\/","title":{"rendered":"\u201eLikctt\u201c 320 Ah 3,2 V li\u010dio jon\u0173 li\u010dio jon\u0173 akumuliatori\u0173 elementai"},"content":{"rendered":"<div class=\"product-specs-list-container\">\n<ul class=\"product-specs-list util-clearfix\">\n<li class=\"product-prop line-limit-length\"><span\n                                        class=\"property-title\">Nominali talpa:&nbsp;<\/span><span\n                                        class=\"property-desc line-limit-length\">320AH<\/span>\n                            <\/li>\n<li class=\"product-prop line-limit-length\"><span\n                                        class=\"property-title\">Svoris:&nbsp;<\/span><span\n                                        class=\"property-desc line-limit-length\">About 5.5KG<\/span>\n                            <\/li>\n<li class=\"product-prop line-limit-length\"><span\n                                        class=\"property-title\">Dydis:&nbsp;<\/span><span\n                                        class=\"property-desc line-limit-length\">174 * 72 * 207 mm<\/span>\n                            <\/li>\n<li class=\"product-prop line-limit-length\"><span\n                                        class=\"property-title\">Taikymas:&nbsp;<\/span><span\n                                        class=\"property-desc line-limit-length\">Elektromobiliai, kemperiai, j\u016brin\u0117s valtys, velkamieji varikliai, nam\u0173 energija, saul\u0117s energijos kaupimas, autonomin\u0117s saul\u0117s energijos sistemos, kita<\/span>\n                            <\/li>\n<li class=\"product-prop line-limit-length\"><span\n                                        class=\"property-title\">Modelio numeris:&nbsp;<\/span><span\n                                        class=\"property-desc line-limit-length\">3,2 V \u201eLiferpo4\u201c akumuliatorius<\/span>\n                            <\/li>\n<li class=\"product-prop line-limit-length\"><span\n                                        class=\"property-title\">Tipas:&nbsp;<\/span><span\n                                        class=\"property-desc line-limit-length\">LiFePO4<\/span>\n                            <\/li>\n<li class=\"product-prop line-limit-length\"><span\n                                        class=\"property-title\">Prek\u0117s \u017eenklas:&nbsp;<\/span><span\n                                        class=\"property-desc line-limit-length\">Likctt<\/span>\n                            <\/li>\n<li class=\"product-prop line-limit-length\"><span\n                                        class=\"property-title\">Kilm\u0117:&nbsp;<\/span><span\n                                        class=\"property-desc line-limit-length\">\u017demynin\u0117 Kinija<\/span>\n                            <\/li>\n<\/ul><\/div>\n<div class=\"detailmodule_html\">\n<div class=\"detail-desc-decorate-richtext\">\n<p class=\"word-break white-space mt-10\" style=\"text-align:left;color:#ff0000;font-size:16px;font-weight:bold;\">Note: This battery has two styles, we will ship them randomly, if you mind, please contact us, thank you<\/p>\n<p><img fetchpriority=\"high\" decoding=\"async\" height=\"1000\" referrerpolicy=\"no-referrer\" src=\"https:\/\/ae01.alicdn.com\/kf\/Sf583fc62b6c04f8994a48d26fe5868beZ.jpg\" style=\"width: 100%; height: auto; vertical-align: middle;\" width=\"1000\"><\/p>\n<p class=\"word-break white-space mt-10\" style=\"color:rgb(67, 70, 73);\">The EU warehouse(German warehouse)has arrived (320AH) 200pcs. Friends who need it can place an order now. First place the order and arrange the shipment first. You can receive the goods within 3-7 days after the shipment.<\/p>\n<p class=\"word-break white-space mt-10\" style=\"color:rgb(67, 70, 73);\">Produkto specifikacijos<\/p>\n<p class=\"word-break white-space mt-10\" style=\"color:rgb(67, 70, 73);\">Produkto pavadinimas: li\u010dio fosfato gele\u017eis<\/p>\n<p class=\"word-break white-space mt-10\" style=\"color:rgb(67, 70, 73);\">\u012evertinimas: A klas\u0117<\/p>\n<p class=\"word-break white-space mt-10\" style=\"color:rgb(67, 70, 73);\">Kokyb\u0117: visi\u0161kai nauja<\/p>\n<p class=\"word-break white-space mt-10\" style=\"color:rgb(67, 70, 73);\">Med\u017eiaga: aliuminis<\/p>\n<p class=\"word-break white-space mt-10\" style=\"color:rgb(67, 70, 73);\">Rated capacity: 320Ah<\/p>\n<p class=\"word-break white-space mt-10\" style=\"color:rgb(67, 70, 73);\">Minimum capacity: 320Ah<\/p>\n<p class=\"word-break white-space mt-10\" style=\"color:rgb(67, 70, 73);\">Vidin\u0117 var\u017ea: 0,1\u20130,5 m\u03a9<\/p>\n<p class=\"word-break white-space mt-10\" style=\"color:rgb(67, 70, 73);\">Nominali \u012ftampa: 3,2 V<\/p>\n<p class=\"word-break white-space mt-10\" style=\"color:rgb(67, 70, 73);\">Dydis (I * P * A): 174 * 72 * 207 mm (+\/- 10 mm)<\/p>\n<p class=\"word-break white-space mt-10\" style=\"color:rgb(67, 70, 73);\">Battery weight: About 5.5KG<\/p>\n<p class=\"word-break white-space mt-10\" style=\"color:rgb(67, 70, 73);\">Recommended current constant: 320A (1C)<\/p>\n<p class=\"word-break white-space mt-10\" style=\"color:rgb(67, 70, 73);\">I\u0161krovimo nutraukimo \u012ftampa: 2,5 V<\/p>\n<p class=\"word-break white-space mt-10\" style=\"color:rgb(67, 70, 73);\">Recommended constant current: 320A (1C)<\/p>\n<p class=\"word-break white-space mt-10\" style=\"color:rgb(67, 70, 73);\">\u012ekrovimo \u012ftampa: 3,65 V<\/p>\n<p class=\"word-break white-space mt-10\" style=\"color:rgb(67, 70, 73);\">Maximum continuous discharge current: 320A (1C)<\/p>\n<p class=\"word-break white-space mt-10\" style=\"color:rgb(67, 70, 73);\">Gyvavimo ciklas (90% DOD): 6000<\/p>\n<p class=\"word-break white-space mt-10\" style=\"color:rgb(67, 70, 73);\">\u012ekrovimo temperat\u016bra: -5~60\u00b0C<\/p>\n<p class=\"word-break white-space mt-10\" style=\"color:rgb(67, 70, 73);\">I\u0161leidimo temperat\u016bra: -30~60\u00b0C<\/p>\n<p class=\"word-break white-space mt-10\" style=\"color:rgb(67, 70, 73);\">Apie \u201epasidaryk pats\u201c: Kadangi \u201epasidaryk pats\u201c naudoja lazer\u012f akumuliatoriaus teigiamiems ir neigiamiems poliams suvirinti, kai kuriose suvirinimo vietose yra suvirinimo \u017eymi\u0173, kurios netur\u0117s \u012ftakos akumuliatoriaus naudojimui. Pra\u0161ome su tuo susipa\u017einti.<\/p>\n<p class=\"word-break white-space mt-10\" style=\"color:rgb(67, 70, 73);\">Taikymo sritis: variklio u\u017evedimo akumuliatoriai, elektriniai dvira\u010diai \/ motociklai \/ motoroleriai, golfo ve\u017eim\u0117liai \/ troleibusai, elektriniai \u012frankiai \/ saul\u0117s ir v\u0117jo energijos sistemos, nameliai ant rat\u0173, karavanai \/ atsargin\u0117s sistemos ir UPS.<\/p>\n<p class=\"word-break white-space mt-10\" style=\"color:rgb(67, 70, 73);\">Pastaba: Prie kiekvienos baterijos pridedama 1 metalin\u0117 jungtis + 2 metalin\u0117s ver\u017el\u0117s + 2 plok\u0161\u010dios pover\u017el\u0117s.<\/p>\n<p><img decoding=\"async\" height=\"1000\" referrerpolicy=\"no-referrer\" src=\"https:\/\/ae01.alicdn.com\/kf\/Sb3b68f180d9a47cb9d7cb341d728f658q.jpg\" style=\"width: 100%; height: auto; vertical-align: middle;\" width=\"1000\"><img decoding=\"async\" height=\"1000\" referrerpolicy=\"no-referrer\" src=\"https:\/\/ae01.alicdn.com\/kf\/S6b605ea3983242a5b5da21c305dc9939K.jpg\" style=\"width: 100%; height: auto; vertical-align: middle;\" width=\"1000\"><img loading=\"lazy\" decoding=\"async\" height=\"1000\" referrerpolicy=\"no-referrer\" src=\"https:\/\/ae01.alicdn.com\/kf\/Sa4e7d72620f34358ac25dc3ea7ace9b26.jpg\" style=\"width: 100%; height: auto; vertical-align: middle;\" width=\"1000\"><img loading=\"lazy\" decoding=\"async\" height=\"1000\" referrerpolicy=\"no-referrer\" src=\"https:\/\/ae01.alicdn.com\/kf\/S4a735b32a23749ee9ec1305516f08915I.jpg?width=1000&amp;height=1000&amp;hash=2000\" style=\"width: 100%; height: auto; vertical-align: middle;\" width=\"1000\"><img loading=\"lazy\" decoding=\"async\" height=\"1000\" referrerpolicy=\"no-referrer\" src=\"https:\/\/ae01.alicdn.com\/kf\/S13f9643d37524d8597b1a08fca750c54e.jpg?width=1000&amp;height=1000&amp;hash=2000\" style=\"width: 100%; height: auto; vertical-align: middle;\" width=\"1000\"><img loading=\"lazy\" decoding=\"async\" height=\"1000\" referrerpolicy=\"no-referrer\" src=\"https:\/\/ae01.alicdn.com\/kf\/Se41027738ecc4f1c8352c36e6da525940.jpg?width=1000&amp;height=1000&amp;hash=2000\" style=\"width: 100%; height: auto; vertical-align: middle;\" width=\"1000\"><img loading=\"lazy\" decoding=\"async\" height=\"1000\" referrerpolicy=\"no-referrer\" src=\"https:\/\/ae01.alicdn.com\/kf\/Sd6a7eaf9ca264368bcd0d53d3117f931F.jpg?width=1000&amp;height=1000&amp;hash=2000\" style=\"width: 100%; height: auto; vertical-align: middle;\" width=\"1000\"><img loading=\"lazy\" decoding=\"async\" height=\"1000\" referrerpolicy=\"no-referrer\" src=\"https:\/\/ae01.alicdn.com\/kf\/Scf8f9ea17a284df5a1e180603fd7337bh.jpg?width=1000&amp;height=1000&amp;hash=2000\" style=\"width: 100%; height: auto; vertical-align: middle;\" width=\"1000\"><img loading=\"lazy\" decoding=\"async\" height=\"1000\" referrerpolicy=\"no-referrer\" src=\"https:\/\/ae01.alicdn.com\/kf\/S0221f3593c3f4ad4916e99e02182e8b8e.jpg?width=1000&amp;height=1000&amp;hash=2000\" style=\"width: 100%; height: auto; vertical-align: middle;\" width=\"1000\"><img loading=\"lazy\" decoding=\"async\" height=\"1000\" referrerpolicy=\"no-referrer\" src=\"https:\/\/ae01.alicdn.com\/kf\/Sd42558d4bf844282becdb25c00d53620a.jpg?width=1000&amp;height=1000&amp;hash=2000\" style=\"width: 100%; height: auto; vertical-align: middle;\" width=\"1000\"><img loading=\"lazy\" decoding=\"async\" height=\"1000\" referrerpolicy=\"no-referrer\" src=\"https:\/\/ae01.alicdn.com\/kf\/Sc23d822cf837475c93208c8d5a3bf8c7N.jpg?width=1000&amp;height=1000&amp;hash=2000\" style=\"width: 100%; height: auto; vertical-align: middle;\" width=\"1000\"><img loading=\"lazy\" decoding=\"async\" height=\"1000\" referrerpolicy=\"no-referrer\" src=\"https:\/\/ae01.alicdn.com\/kf\/Sf1bd0f1069b3461a9cfa5fc74c72aa73L.jpg?width=1000&amp;height=1000&amp;hash=2000\" style=\"width: 100%; height: auto; vertical-align: middle;\" width=\"1000\"><img loading=\"lazy\" decoding=\"async\" height=\"1000\" referrerpolicy=\"no-referrer\" src=\"https:\/\/ae01.alicdn.com\/kf\/Sa1c91d12a6cd442bb27532d300ec322e7.jpg?width=1000&amp;height=1000&amp;hash=2000\" style=\"width: 100%; height: auto; vertical-align: middle;\" width=\"1000\"><\/div>\n<\/div>","protected":false},"excerpt":{"rendered":"<p>Nominal Capacity:&nbsp;320AH Weight:&nbsp;About 5.5KG Size:&nbsp;174*72*207mm Application:&nbsp;EV,RV,Marine Boat,Trolling Motor,Home Energy,Solar Power Storage,Off-Grid Solar Power System,Others Model Number:&nbsp;3.2V Liferpo4 Battery Type:&nbsp;LiFePO4 Brand Name:&nbsp;Likctt Origin:&nbsp;Mainland China Note: This battery has two styles, we<\/p>","protected":false},"featured_media":7494,"comment_status":"open","ping_status":"closed","template":"","meta":{"_acf_changed":false},"product_brand":[],"product_cat":[235],"product_tag":[243],"class_list":{"0":"post-7493","1":"product","2":"type-product","3":"status-publish","4":"has-post-thumbnail","6":"product_cat-lifepo4-battery-cells","7":"product_tag-usamr","9":"first","10":"instock","11":"shipping-taxable","12":"purchasable","13":"product-type-simple"},"acf":[],"_links":{"self":[{"href":"https:\/\/www.electricstore.eu\/lt\/wp-json\/wp\/v2\/product\/7493","targetHints":{"allow":["GET"]}}],"collection":[{"href":"https:\/\/www.electricstore.eu\/lt\/wp-json\/wp\/v2\/product"}],"about":[{"href":"https:\/\/www.electricstore.eu\/lt\/wp-json\/wp\/v2\/types\/product"}],"replies":[{"embeddable":true,"href":"https:\/\/www.electricstore.eu\/lt\/wp-json\/wp\/v2\/comments?post=7493"}],"wp:featuredmedia":[{"embeddable":true,"href":"https:\/\/www.electricstore.eu\/lt\/wp-json\/wp\/v2\/media\/7494"}],"wp:attachment":[{"href":"https:\/\/www.electricstore.eu\/lt\/wp-json\/wp\/v2\/media?parent=7493"}],"wp:term":[{"taxonomy":"product_brand","embeddable":true,"href":"https:\/\/www.electricstore.eu\/lt\/wp-json\/wp\/v2\/product_brand?post=7493"},{"taxonomy":"product_cat","embeddable":true,"href":"https:\/\/www.electricstore.eu\/lt\/wp-json\/wp\/v2\/product_cat?post=7493"},{"taxonomy":"product_tag","embeddable":true,"href":"https:\/\/www.electricstore.eu\/lt\/wp-json\/wp\/v2\/product_tag?post=7493"}],"curies":[{"name":"wp","href":"https:\/\/api.w.org\/{rel}","templated":true}]}}