{"id":7480,"date":"2025-05-15T19:31:47","date_gmt":"2025-05-15T19:31:47","guid":{"rendered":"https:\/\/electricstore.eu\/product\/usamr-8pcs-3-2v-350ah-lifepo4-battery-cells\/"},"modified":"2025-05-20T13:34:09","modified_gmt":"2025-05-20T13:34:09","slug":"usamr-8pcs-3-2v-350ah-lifepo4-battery-cells","status":"publish","type":"product","link":"https:\/\/www.electricstore.eu\/lt\/p\/batteries\/lifepo4-batteries\/lifepo4-battery-cells\/usamr-8pcs-3-2v-350ah-lifepo4-battery-cells\/","title":{"rendered":"Likctt 350Ah 3.2V LiFePO4 akumuliatori\u0173 elementai"},"content":{"rendered":"<div class=\"product-specs-list-container\">\n<ul class=\"product-specs-list util-clearfix\">\n<li class=\"product-prop line-limit-length\"><span\n                                        class=\"property-title\">Nominali talpa:&nbsp;<\/span><span\n                                        class=\"property-desc line-limit-length\">350AH<\/span>\n                            <\/li>\n<li class=\"product-prop line-limit-length\"><span\n                                        class=\"property-title\">Svoris:&nbsp;<\/span><span\n                                        class=\"property-desc line-limit-length\">Apie 5,6 kg<\/span>\n                            <\/li>\n<li class=\"product-prop line-limit-length\"><span\n                                        class=\"property-title\">Dydis:&nbsp;<\/span><span\n                                        class=\"property-desc line-limit-length\">174 * 72 * 207 mm<\/span>\n                            <\/li>\n<li class=\"product-prop line-limit-length\"><span\n                                        class=\"property-title\">Taikymas:&nbsp;<\/span><span\n                                        class=\"property-desc line-limit-length\">Elektromobiliai, kemperiai, j\u016brin\u0117s valtys, velkamieji varikliai, nam\u0173 energija, saul\u0117s energijos kaupimas, autonomin\u0117s saul\u0117s energijos sistemos, kita<\/span>\n                            <\/li>\n<li class=\"product-prop line-limit-length\"><span\n                                        class=\"property-title\">Modelio numeris:&nbsp;<\/span><span\n                                        class=\"property-desc line-limit-length\">3,2 V \u201eLiferpo4\u201c akumuliatorius<\/span>\n                            <\/li>\n<li class=\"product-prop line-limit-length\"><span\n                                        class=\"property-title\">Tipas:&nbsp;<\/span><span\n                                        class=\"property-desc line-limit-length\">LiFePO4<\/span>\n                            <\/li>\n<li class=\"product-prop line-limit-length\"><span\n                                        class=\"property-title\">Prek\u0117s \u017eenklas:&nbsp;<\/span><span\n                                        class=\"property-desc line-limit-length\">Likctt<\/span>\n                            <\/li>\n<li class=\"product-prop line-limit-length\"><span\n                                        class=\"property-title\">Kilm\u0117:&nbsp;<\/span><span\n                                        class=\"property-desc line-limit-length\">\u017demynin\u0117 Kinija<\/span>\n                            <\/li>\n<\/ul><\/div>\n<div class=\"detailmodule_html\">\n<div class=\"detail-desc-decorate-richtext\">\n<p class=\"word-break white-space mt-10\" style=\"text-align:left;color:#ff0000;font-size:16px;font-weight:bold;\">Pastaba: \u0161is produktas yra A ir B stili\u0173, ir mes j\u012f i\u0161si\u0173sime atsitiktine tvarka.<\/p>\n<p><img fetchpriority=\"high\" decoding=\"async\" height=\"1000\" referrerpolicy=\"no-referrer\" src=\"https:\/\/ae01.alicdn.com\/kf\/S1532e78c3f4b497c8d6cc18c643be48co.jpg\" style=\"width: 100%; height: auto; vertical-align: middle;\" width=\"1000\"><\/p>\n<p class=\"word-break white-space mt-10\" style=\"color:#434649;\">ES sand\u0117lis (Vokietijos sand\u0117lis) atvyko (350AH) 200 vnt. Draugai, kuriems to reikia, gali pateikti u\u017esakym\u0105 dabar. Pirmiausia pateikite u\u017esakym\u0105 ir pirmiausia pasir\u016bpinkite siunta. Prekes galite gauti per 3\u20137 dienas nuo i\u0161siuntimo.<\/p>\n<p class=\"word-break white-space mt-10\" style=\"text-align:left;color:#434649;font-size:13px;font-weight:normal;\">Produkto specifikacijos<br \/>\nProdukto pavadinimas: li\u010dio fosfato gele\u017eis<br \/>\n\u012evertinimas: A klas\u0117<br \/>\nKokyb\u0117: visi\u0161kai nauja<br \/>\nMed\u017eiaga: aliuminis<br \/>\nNominali talpa: 350 Ah<br \/>\nMinimali talpa: 350 Ah<br \/>\nVidin\u0117 var\u017ea: 0,1\u20130,5 m\u03a9<br \/>\nNominali \u012ftampa: 3,2 V<br \/>\nDydis (I * P * A): 174 * 72 * 207 mm (+\/- 10 mm)<br \/>\nBaterijos svoris: apie 5,6 kg<br \/>\nRekomenduojama srov\u0117s konstanta: 350 A (1 C)<br \/>\nI\u0161krovimo nutraukimo \u012ftampa: 2,5 V<br \/>\nRekomenduojama nuolatin\u0117 srov\u0117: 350 A (1 C)<br \/>\n\u012ekrovimo \u012ftampa: 3,65 V<br \/>\nMaksimali nuolatin\u0117 i\u0161krovos srov\u0117: 350 A (1 C)<br \/>\nGyvavimo ciklas (90% DOD): 6000<br \/>\n\u012ekrovimo temperat\u016bra: -5~60\u00b0C<br \/>\nI\u0161leidimo temperat\u016bra: -30~60\u00b0C<br \/>\nApie \u201epasidaryk pats\u201c: Kadangi \u201epasidaryk pats\u201c naudoja lazer\u012f akumuliatoriaus teigiamiems ir neigiamiems poliams suvirinti, kai kuriose suvirinimo vietose yra suvirinimo \u017eymi\u0173, kurios netur\u0117s \u012ftakos akumuliatoriaus naudojimui. Pra\u0161ome su tuo susipa\u017einti.<br \/>\nTaikymo sritis: variklio u\u017evedimo akumuliatoriai, elektriniai dvira\u010diai \/ motociklai \/ motoroleriai, golfo ve\u017eim\u0117liai \/ troleibusai, elektriniai \u012frankiai \/ saul\u0117s ir v\u0117jo energijos sistemos, nameliai ant rat\u0173, karavanai \/ atsargin\u0117s sistemos ir UPS.<br \/>\nPastaba: Prie kiekvienos baterijos pridedama 1 metalin\u0117 jungtis + 2 metalin\u0117s ver\u017el\u0117s + 2 plok\u0161\u010dios pover\u017el\u0117s.<\/p>\n<p><img decoding=\"async\" height=\"1000\" referrerpolicy=\"no-referrer\" src=\"https:\/\/ae01.alicdn.com\/kf\/S26bb706e116d40c488e753e2e4203b9dK.jpg\" style=\"width: 100%; height: auto; vertical-align: middle;\" width=\"1000\"><img decoding=\"async\" height=\"1000\" referrerpolicy=\"no-referrer\" src=\"https:\/\/ae01.alicdn.com\/kf\/Sb27b7d4064b943fd83b1fba731473704K.jpg\" style=\"width: 100%; height: auto; vertical-align: middle;\" width=\"1000\"><img loading=\"lazy\" decoding=\"async\" height=\"1000\" referrerpolicy=\"no-referrer\" src=\"https:\/\/ae01.alicdn.com\/kf\/S358fa734cc1f4bb382f471fda4b30b4dK.jpg\" style=\"width: 100%; height: auto; vertical-align: middle;\" width=\"1000\"><img loading=\"lazy\" decoding=\"async\" height=\"1000\" referrerpolicy=\"no-referrer\" src=\"https:\/\/ae01.alicdn.com\/kf\/Sa67775ecc16043abbe1953f07e8d7937N.jpg\" style=\"width: 100%; height: auto; vertical-align: middle;\" width=\"1000\"><img loading=\"lazy\" decoding=\"async\" height=\"1000\" referrerpolicy=\"no-referrer\" src=\"https:\/\/ae01.alicdn.com\/kf\/S68e8016d2ba743e2b7b98ee5d3ce7258p.jpg\" style=\"width: 100%; height: auto; vertical-align: middle;\" width=\"1000\"><img loading=\"lazy\" decoding=\"async\" height=\"1000\" referrerpolicy=\"no-referrer\" src=\"https:\/\/ae01.alicdn.com\/kf\/S55edc1cfe069408897e51df3b8ad42b3I.jpg\" style=\"width: 100%; height: auto; vertical-align: middle;\" width=\"1000\"><img loading=\"lazy\" decoding=\"async\" height=\"1000\" referrerpolicy=\"no-referrer\" src=\"https:\/\/ae01.alicdn.com\/kf\/S4ceaef45ee774471a6ea50ec9d040b9cV.jpg\" style=\"width: 100%; height: auto; vertical-align: middle;\" width=\"1000\"><img loading=\"lazy\" decoding=\"async\" height=\"1000\" referrerpolicy=\"no-referrer\" src=\"https:\/\/ae01.alicdn.com\/kf\/Sad2d94d572004438ba560a76eb2bce0cY.jpg\" style=\"width: 100%; height: auto; vertical-align: middle;\" width=\"1000\"><img loading=\"lazy\" decoding=\"async\" height=\"1000\" referrerpolicy=\"no-referrer\" src=\"https:\/\/ae01.alicdn.com\/kf\/S2f9d60010e614866be6425608b5e1c3dR.jpg\" style=\"width: 100%; height: auto; vertical-align: middle;\" width=\"1000\"><img loading=\"lazy\" decoding=\"async\" height=\"1000\" referrerpolicy=\"no-referrer\" src=\"https:\/\/ae01.alicdn.com\/kf\/S92c3b30a902949efaad240200ffff083e.jpg\" style=\"width: 100%; height: auto; vertical-align: middle;\" width=\"1000\"><img loading=\"lazy\" decoding=\"async\" height=\"1000\" referrerpolicy=\"no-referrer\" src=\"https:\/\/ae01.alicdn.com\/kf\/Se67c36ca8cf740d29a0a1e9c0720b276H.jpg\" style=\"width: 100%; height: auto; vertical-align: middle;\" width=\"1000\"><img loading=\"lazy\" decoding=\"async\" height=\"1000\" referrerpolicy=\"no-referrer\" src=\"https:\/\/ae01.alicdn.com\/kf\/Se25f70b2a8e0459da01a28566215c2661.jpg\" style=\"width: 100%; height: auto; vertical-align: middle;\" width=\"1000\"><img loading=\"lazy\" decoding=\"async\" height=\"1000\" referrerpolicy=\"no-referrer\" src=\"https:\/\/ae01.alicdn.com\/kf\/Sdf45bcf43bdb4e6cb4df66e9bb09fdbbp.jpg\" style=\"width: 100%; height: auto; vertical-align: middle;\" width=\"1000\"><\/div>\n<\/div>","protected":false},"excerpt":{"rendered":"<p>Nominal Capacity:&nbsp;350AH Weight:&nbsp;About 5.6KG Size:&nbsp;174*72*207mm Application:&nbsp;EV,RV,Marine Boat,Trolling Motor,Home Energy,Solar Power Storage,Off-Grid Solar Power System,Others Model Number:&nbsp;3.2V Liferpo4 Battery Type:&nbsp;LiFePO4 Brand Name:&nbsp;Likctt Origin:&nbsp;Mainland China Note: This product is available in A<\/p>","protected":false},"featured_media":7481,"comment_status":"open","ping_status":"closed","template":"","meta":{"_acf_changed":false},"product_brand":[],"product_cat":[235],"product_tag":[243],"class_list":{"0":"post-7480","1":"product","2":"type-product","3":"status-publish","4":"has-post-thumbnail","6":"product_cat-lifepo4-battery-cells","7":"product_tag-usamr","9":"first","10":"instock","11":"shipping-taxable","12":"purchasable","13":"product-type-simple"},"acf":[],"_links":{"self":[{"href":"https:\/\/www.electricstore.eu\/lt\/wp-json\/wp\/v2\/product\/7480","targetHints":{"allow":["GET"]}}],"collection":[{"href":"https:\/\/www.electricstore.eu\/lt\/wp-json\/wp\/v2\/product"}],"about":[{"href":"https:\/\/www.electricstore.eu\/lt\/wp-json\/wp\/v2\/types\/product"}],"replies":[{"embeddable":true,"href":"https:\/\/www.electricstore.eu\/lt\/wp-json\/wp\/v2\/comments?post=7480"}],"wp:featuredmedia":[{"embeddable":true,"href":"https:\/\/www.electricstore.eu\/lt\/wp-json\/wp\/v2\/media\/7481"}],"wp:attachment":[{"href":"https:\/\/www.electricstore.eu\/lt\/wp-json\/wp\/v2\/media?parent=7480"}],"wp:term":[{"taxonomy":"product_brand","embeddable":true,"href":"https:\/\/www.electricstore.eu\/lt\/wp-json\/wp\/v2\/product_brand?post=7480"},{"taxonomy":"product_cat","embeddable":true,"href":"https:\/\/www.electricstore.eu\/lt\/wp-json\/wp\/v2\/product_cat?post=7480"},{"taxonomy":"product_tag","embeddable":true,"href":"https:\/\/www.electricstore.eu\/lt\/wp-json\/wp\/v2\/product_tag?post=7480"}],"curies":[{"name":"wp","href":"https:\/\/api.w.org\/{rel}","templated":true}]}}