{"id":25943,"date":"2025-05-20T19:04:41","date_gmt":"2025-05-20T19:04:41","guid":{"rendered":"https:\/\/electricstore.eu\/p\/uncategorized\/duotts-c29-electric-bike-750w-29-tire-48v-15ah-battery-50km-max-range-50km-h-mountain-bikes-city-commuting-e-bikeroad-bicycle\/"},"modified":"2025-05-20T19:08:15","modified_gmt":"2025-05-20T19:08:15","slug":"duotts-c29-electric-bike-750w-29-tire-48v-15ah-battery-50km-max-range-50km-h-mountain-bikes-city-commuting-e-bikeroad-bicycle","status":"publish","type":"product","link":"https:\/\/www.electricstore.eu\/lt\/p\/bikes\/duotts-c29-electric-bike-750w-29-tire-48v-15ah-battery-50km-max-range-50km-h-mountain-bikes-city-commuting-e-bikeroad-bicycle\/","title":{"rendered":"DUOTTS C29 elektrinis dviratis 750 W, 29 coli\u0173 padangos, 48 V, 15 Ah akumuliatorius, maksimalus nuva\u017eiuojamas atstumas 50 km\/h, kaln\u0173 dvira\u010diai, miesto ir darbo dvira\u010diai, plento dvira\u010diai"},"content":{"rendered":"<div class=\"product-specs-list-container\">\n<ul class=\"product-specs-list util-clearfix\">\n<li class=\"product-prop line-limit-length\"><span\n                                        class=\"property-title\">Modelio numeris:&nbsp;<\/span><span\n                                        class=\"property-desc line-limit-length\">DUOTTS C29<\/span>\n                            <\/li>\n<li class=\"product-prop line-limit-length\"><span\n                                        class=\"property-title\">Nominali keleivi\u0173 talpa:&nbsp;<\/span><span\n                                        class=\"property-desc line-limit-length\">Dvi s\u0117dyn\u0117s<\/span>\n                            <\/li>\n<li class=\"product-prop line-limit-length\"><span\n                                        class=\"property-title\">Stilius:&nbsp;<\/span><span\n                                        class=\"property-desc line-limit-length\">Standartinis tipas<\/span>\n                            <\/li>\n<li class=\"product-prop line-limit-length\"><span\n                                        class=\"property-title\">Maksimalus greitis:&nbsp;<\/span><span\n                                        class=\"property-desc line-limit-length\">30\u201350 km\/val.<\/span>\n                            <\/li>\n<li class=\"product-prop line-limit-length\"><span\n                                        class=\"property-title\">Diapazonas pagal gali\u0105:&nbsp;<\/span><span\n                                        class=\"property-desc line-limit-length\">31\u201360 km<\/span>\n                            <\/li>\n<li class=\"product-prop line-limit-length\"><span\n                                        class=\"property-title\">Galia:&nbsp;<\/span><span\n                                        class=\"property-desc line-limit-length\">&gt; 500 W<\/span>\n                            <\/li>\n<li class=\"product-prop line-limit-length\"><span\n                                        class=\"property-title\">Maitinimo \u0161altinis:&nbsp;<\/span><span\n                                        class=\"property-desc line-limit-length\">li\u010dio baterija<\/span>\n                            <\/li>\n<li class=\"product-prop line-limit-length\"><span\n                                        class=\"property-title\">\u012etampa:&nbsp;<\/span><span\n                                        class=\"property-desc line-limit-length\">48 V<\/span>\n                            <\/li>\n<li class=\"product-prop line-limit-length\"><span\n                                        class=\"property-title\">Maitinimo \u0161altinis:&nbsp;<\/span><span\n                                        class=\"property-desc line-limit-length\">li\u010dio baterija<\/span>\n                            <\/li>\n<li class=\"product-prop line-limit-length\"><span\n                                        class=\"property-title\">Kilm\u0117:&nbsp;<\/span><span\n                                        class=\"property-desc line-limit-length\">\u017demynin\u0117 Kinija<\/span>\n                            <\/li>\n<li class=\"product-prop line-limit-length\"><span\n                                        class=\"property-title\">Sulankstytas:&nbsp;<\/span><span\n                                        class=\"property-desc line-limit-length\">Ne<\/span>\n                            <\/li>\n<li class=\"product-prop line-limit-length\"><span\n                                        class=\"property-title\">Variklis:&nbsp;<\/span><span\n                                        class=\"property-desc line-limit-length\">Be\u0161epetis<\/span>\n                            <\/li>\n<li class=\"product-prop line-limit-length\"><span\n                                        class=\"property-title\">Rat\u0173 dydis:&nbsp;<\/span><span\n                                        class=\"property-desc line-limit-length\">29&quot;<\/span>\n                            <\/li>\n<li class=\"product-prop line-limit-length\"><span\n                                        class=\"property-title\">R\u0117mo med\u017eiaga:&nbsp;<\/span><span\n                                        class=\"property-desc line-limit-length\">Aliuminio lydinys<\/span>\n                            <\/li>\n<\/ul><\/div>\n<p><span style=\"color:rgb(244, 78, 59);font-size:20px\"><strong><u>Gerbiamas vertinamas kliente,<br \/>\n<\/u><\/strong><\/span><\/p>\n<p><span style=\"color:rgb(244, 78, 59);font-size:20px\"><strong><u><br \/>\n<\/u><\/strong><\/span><\/p>\n<p><span style=\"color:rgb(244, 78, 59);font-size:20px\"><strong><u>D\u0117kojame, kad domit\u0117s m\u016bs\u0173 produktu! Apgailestaujame, bet \u0161io paspirtuko modelio gamyba nutraukta ir jis nebepristatomas. Ta\u010diau nuoroda reklamuojama ir \u0161iuo metu negalime jos pa\u0161alinti. Galite apsvarstyti kitus galimus modelius \u2013 j\u016bs\u0173 patogumui pateikiame nuorod\u0105:<br \/>\n<\/u><\/strong><\/span><\/p>\n<p><span style=\"color:rgb(244, 78, 59);font-size:20px\"><strong><u>https:\/\/www.aliexpress.com\/store\/1104686089\/pages\/all-items.html?spm=a2g0o.store_pc_home.pcShopHead_2011895633671.1&amp;shop_sortType=bestmatch_sort<\/u><\/strong><\/span><\/p>\n<p style=\"font-family:&quot;TT Norms Pro&quot;, &quot;Open Sans&quot;, Roboto, Arial, Helvetica, sans-serif, SimSun;font-size:14px;font-weight:400;letter-spacing:normal;line-height:inherit;text-align:start;white-space:normal;color:rgb(34, 34, 34);margin:0px;margin-bottom:0px;margin-top:0px;margin-left:0px;margin-right:0px;padding:0px;padding-bottom:0px;padding-top:0px;padding-left:0px;padding-right:0px;box-sizing:border-box\" align=\"start\"><\/p>\n<div style=\"text-align:center\" align=\"center\"><strong>DUOTTS C29 elektrinis dviratis 750 W, 29 coli\u0173 padangos, 48 V, 15 Ah baterija, maksimalus nuva\u017eiuojamas atstumas 50 km\/h, elektrinis kaln\u0173 dviratis, miesto, plento, kelioni\u0173 \u012f darb\u0105 ir atgal elektrinis dviratis<\/strong><\/div>\n<div style=\"text-align:center\" align=\"center\"><\/div>\n<p style=\"font-family:&quot;Microsoft YaHei&quot;;font-size:medium;font-weight:400;letter-spacing:normal;line-height:inherit;text-align:start;white-space:normal;color:rgb(0, 0, 0);background-color:rgb(255, 255, 255);margin:0px;margin-bottom:0px;margin-top:0px;margin-left:0px;margin-right:0px;padding:0px;padding-bottom:0px;padding-top:0px;padding-left:0px;padding-right:0px;box-sizing:border-box\" align=\"start\"><strong><span style=\"font-size:24px\"><span style=\"font-family:&quot;times new roman&quot;, times, serif\">&gt;&gt;Svarbiausi \u012fvykiai<\/span><\/span><\/strong><\/p>\n<div style=\"font-family:&quot;Open Sans&quot;, Roboto, Arial, Helvetica, sans-serif, SimSun;font-size:14px;font-weight:400;letter-spacing:normal;text-align:start;white-space:normal;color:rgb(34, 34, 34);margin:0px;margin-bottom:0px;margin-top:0px;margin-left:0px;margin-right:0px;padding:0px;padding-bottom:0px;padding-top:0px;padding-left:0px;padding-right:0px;box-sizing:content-box\" align=\"start\"><\/div>\n<p style=\"font-family:&quot;Microsoft YaHei&quot;;font-size:medium;font-weight:400;letter-spacing:normal;line-height:inherit;text-align:start;white-space:normal;color:rgb(0, 0, 0);background-color:rgb(255, 255, 255);margin:0px;margin-bottom:0px;margin-top:0px;margin-left:0px;margin-right:0px;padding:0px;padding-bottom:0px;padding-top:0px;padding-left:0px;padding-right:0px;box-sizing:border-box\" align=\"start\"><\/p>\n<p style=\"font-family:&quot;Open Sans&quot;, Roboto, Arial, Helvetica, sans-serif, SimSun;font-size:14px;font-weight:400;letter-spacing:normal;line-height:inherit;text-align:left;white-space:normal;color:rgb(34, 34, 34);margin:0px;margin-bottom:0px;margin-top:0px;margin-left:0px;margin-right:0px;padding:0px;padding-bottom:0px;padding-top:0px;padding-left:0px;padding-right:0px;box-sizing:border-box\" align=\"left\"><span style=\"color:rgb(0, 0, 0);font-size:18px;font-family:&quot;Times New Roman&quot;\"><strong>Aliuminio lydinio r\u0117mas<\/strong><\/span><span style=\"color:rgb(0, 0, 0);font-size:18px;font-family:&quot;Times New Roman&quot;\"><br \/>Jis pasi\u017eymi didesniu stiprumu, atsparumu korozijai ir r\u016bdims, u\u017etikrina kiekvienos dalies atramos stiprum\u0105.<\/p>\n<p><\/span><span style=\"color:rgb(0, 0, 0);font-size:18px;font-family:&quot;Times New Roman&quot;\"><strong>Galinga 750 W galia<\/strong><\/span><span style=\"color:rgb(0, 0, 0);font-size:18px;font-family:&quot;Times New Roman&quot;\"><br \/>Su 48 V 750 W didel\u0117s spartos be\u0161epet\u0117liniu reduktoriumi, u\u017etikrinama pakankamai galios, kad pasiektum\u0117te iki 50 km\/h greit\u012f.<\/p>\n<p><\/span><span style=\"color:rgb(0, 0, 0);font-size:18px;font-family:&quot;Times New Roman&quot;\"><strong>\u201eShimano\u201c 21 pavar\u0173 pavara<\/strong><\/span><span style=\"color:rgb(0, 0, 0);font-size:18px;font-family:&quot;Times New Roman&quot;\"><br \/>\u201eShimano\u201c 21 pavar\u0173 pavara padidina gali\u0105 \u012fveikiant \u012fkaln\u0119, leid\u017eia pla\u010diau keisti pavar\u0173 diapazon\u0105 ir geriau prisitaikyti prie reljefo.<\/p>\n<p><\/span><span style=\"color:rgb(0, 0, 0);font-size:18px;font-family:&quot;Times New Roman&quot;\"><strong>18650 li\u010dio baterija<\/strong><\/span><span style=\"color:rgb(0, 0, 0);font-size:18px;font-family:&quot;Times New Roman&quot;\"><br \/>Nuimam\u0105 15 Ah akumuliatori\u0173 galima \u012fkrauti ant r\u0117mo arba nuo jo; BMS sistema apsaugo akumuliatori\u0173, pailgindama jo tarnavimo laik\u0105.<\/p>\n<p><\/span><span style=\"color:rgb(0, 0, 0);font-size:18px;font-family:&quot;Times New Roman&quot;\"><strong>3 keliavimo b\u016bdai<\/strong><\/span><span style=\"color:rgb(0, 0, 0);font-size:18px;font-family:&quot;Times New Roman&quot;\"><br \/>Integruoti 3 va\u017eiavimo re\u017eimai: va\u017eiavimo re\u017eimas, pagalbinis re\u017eimas ir grynas elektrinis re\u017eimas; lengvai perjungiami pagal pavar\u0105 ir re\u017eim\u0105 ir gali ramiai prisitaikyti prie skirting\u0173 scen\u0173 poreiki\u0173.<\/span><\/p>\n<p style=\"font-family:&quot;Open Sans&quot;, Roboto, Arial, Helvetica, sans-serif, SimSun;font-size:14px;font-weight:400;letter-spacing:normal;line-height:inherit;text-align:start;white-space:normal;color:rgb(34, 34, 34);margin:0px;margin-bottom:0px;margin-top:0px;margin-left:0px;margin-right:0px;padding:0px;padding-bottom:0px;padding-top:0px;padding-left:0px;padding-right:0px;box-sizing:border-box\" align=\"start\"><\/p>\n<p style=\"font-family:&quot;Microsoft YaHei&quot;;font-size:medium;font-weight:400;letter-spacing:normal;line-height:inherit;text-align:start;white-space:normal;color:rgb(0, 0, 0);background-color:rgb(255, 255, 255);margin:0px;margin-bottom:0px;margin-top:0px;margin-left:0px;margin-right:0px;padding:0px;padding-bottom:0px;padding-top:0px;padding-left:0px;padding-right:0px;box-sizing:border-box\" align=\"start\"><strong><span style=\"font-size:24px\"><span style=\"font-family:&quot;times new roman&quot;, times, serif\">&gt;&gt;Specifikacija<\/span><\/span><\/strong><\/p>\n<div style=\"font-family:&quot;Open Sans&quot;, Roboto, Arial, Helvetica, sans-serif, SimSun;font-size:14px;font-weight:400;letter-spacing:normal;text-align:start;white-space:normal;color:rgb(34, 34, 34);margin:0px;margin-bottom:0px;margin-top:0px;margin-left:0px;margin-right:0px;padding:0px;padding-bottom:0px;padding-top:0px;padding-left:0px;padding-right:0px;box-sizing:content-box\" align=\"start\"><\/div>\n<p><\/p>\n<table style=\"border-collapse:collapse;font-family:&quot;Microsoft YaHei&quot;;font-size:14px;text-align:start;color:rgb(34, 34, 34);width:1000px\" class=\"jbEidtTable\" border=\"1\" cellpadding=\"5\" cellspacing=\"0\" align=\"start\">\n<tbody>\n<tr>\n<td style=\"font-size:14px;text-align:left;height:121px\" align=\"left\">\n<p style=\"line-height:inherit;margin:0px;margin-bottom:0px;margin-top:0px;margin-left:0px;margin-right:0px;padding:0px;padding-bottom:0px;padding-top:0px;padding-left:0px;padding-right:0px;box-sizing:border-box\"><span style=\"font-size:18px;font-family:&quot;times new roman&quot;, times, serif\"><strong>Bendra<\/strong><\/span><\/p>\n<\/td>\n<td style=\"font-size:14px;text-align:left;height:121px\" align=\"left\">\n<p style=\"line-height:inherit;margin:0px;margin-bottom:0px;margin-top:0px;margin-left:0px;margin-right:0px;padding:0px;padding-bottom:0px;padding-top:0px;padding-left:0px;padding-right:0px;box-sizing:border-box\"><span style=\"font-size:18px;font-family:&quot;times new roman&quot;, times, serif\">Prek\u0117s \u017eenklas: DUOTTS<br \/>Tipas: elektrinis dviratis<br \/>Modelis: C29<br \/>Spalva: juoda<\/span><\/p>\n<\/td>\n<\/tr>\n<tr>\n<td style=\"font-size:14px;text-align:left;height:22px\" align=\"left\">\n<p style=\"line-height:inherit;margin:0px;margin-bottom:0px;margin-top:0px;margin-left:0px;margin-right:0px;padding:0px;padding-bottom:0px;padding-top:0px;padding-left:0px;padding-right:0px;box-sizing:border-box\"><span style=\"font-size:18px;font-family:&quot;times new roman&quot;, times, serif\"><strong>Specifikacija<\/strong><\/span><\/p>\n<\/td>\n<td style=\"font-size:14px;text-align:left;height:22px\" align=\"left\">\n<p style=\"line-height:inherit;margin:0px;margin-bottom:0px;margin-top:0px;margin-left:0px;margin-right:0px;padding:0px;padding-bottom:0px;padding-top:0px;padding-left:0px;padding-right:0px;box-sizing:border-box\"><span style=\"font-size:18px;font-family:&quot;times new roman&quot;, times, serif\">Med\u017eiaga: aliuminio lydinys<br \/>Ratas: 29 * 2,1 colio ratas<br \/>Apkrova: \u201eShimano\u201c 21 pavar\u0173 pavara<br \/>Maksimalus greitis: 50 km\/h<br \/>Maksimalus nuolydis: 45 laipsniai<br \/>Atsparumas vandeniui: IP54<br \/>Amortizatorius: Priekin\u0117 amortizacija<br \/>Akumuliatoriaus talpa: 48 V 15 Ah<br \/>\u012ekrovimo laikas: 4\u20135 val.<br \/>Valdymo sistema: 48 V 9 lempos<br \/>I\u0161tverm\u0117: 50 km<br \/>Variklis: 48 V 750 W<br \/>Stabd\u017eiai: diskiniai stabd\u017eiai<br \/>Galinio baga\u017ein\u0117s apkrova: 60 kg<\/span><\/p>\n<\/td>\n<\/tr>\n<tr>\n<td style=\"font-size:14px;text-align:left;height:89px\" align=\"left\">\n<p style=\"line-height:inherit;margin:0px;margin-bottom:0px;margin-top:0px;margin-left:0px;margin-right:0px;padding:0px;padding-bottom:0px;padding-top:0px;padding-left:0px;padding-right:0px;box-sizing:border-box\"><span style=\"font-size:18px;font-family:&quot;times new roman&quot;, times, serif\"><strong>Svoris ir dydis<\/strong><\/span><\/p>\n<\/td>\n<td style=\"font-size:14px;text-align:left;height:89px\" align=\"left\">\n<p style=\"line-height:inherit;margin:0px;margin-bottom:0px;margin-top:0px;margin-left:0px;margin-right:0px;padding:0px;padding-bottom:0px;padding-top:0px;padding-left:0px;padding-right:0px;box-sizing:border-box\"><span style=\"font-size:18px;font-family:&quot;times new roman&quot;, times, serif\">Produkto svoris: 26 kg<br \/>Pakuot\u0117s svoris: 28 kg<br \/>Gaminio dydis: 184 x 113 x 70 cm<br \/>Pakuot\u0117s dydis: 142 x 23 x 77 cm<\/span><\/p>\n<\/td>\n<\/tr>\n<tr>\n<td style=\"font-size:14px;text-align:left;height:99px\" align=\"left\">\n<p style=\"line-height:inherit;margin:0px;margin-bottom:0px;margin-top:0px;margin-left:0px;margin-right:0px;padding:0px;padding-bottom:0px;padding-top:0px;padding-left:0px;padding-right:0px;box-sizing:border-box\"><span style=\"font-size:18px;font-family:&quot;times new roman&quot;, times, serif\"><strong>Pakuot\u0117s turinys<\/strong><\/span><\/p>\n<\/td>\n<td style=\"font-size:14px;text-align:left;height:99px\" align=\"left\">\n<p style=\"line-height:inherit;margin:0px;margin-bottom:0px;margin-top:0px;margin-left:0px;margin-right:0px;padding:0px;padding-bottom:0px;padding-top:0px;padding-left:0px;padding-right:0px;box-sizing:border-box\"><span style=\"font-size:18px;font-family:&quot;times new roman&quot;, times, serif\">1 x C29 elektrinis mopedinis dviratis<br \/>1 x \u012ekroviklis<br \/>1 x \u012frankis<br \/>1 x Pompa<br \/>1 x galinis baga\u017eas<\/span><\/p>\n<\/td>\n<\/tr>\n<\/tbody>\n<\/table>\n<p style=\"font-family:&quot;Open Sans&quot;, Roboto, Arial, Helvetica, sans-serif, SimSun;font-size:14px;font-weight:400;letter-spacing:normal;line-height:inherit;text-align:start;white-space:normal;color:rgb(34, 34, 34);margin:0px;margin-bottom:0px;margin-top:0px;margin-left:0px;margin-right:0px;padding:0px;padding-bottom:0px;padding-top:0px;padding-left:0px;padding-right:0px;box-sizing:border-box\" align=\"start\"><\/p>\n<p style=\"font-family:&quot;Open Sans&quot;, Roboto, Arial, Helvetica, sans-serif, SimSun;font-size:14px;font-weight:400;letter-spacing:normal;line-height:inherit;text-align:start;white-space:normal;color:rgb(34, 34, 34);margin:0px;margin-bottom:0px;margin-top:0px;margin-left:0px;margin-right:0px;padding:0px;padding-bottom:0px;padding-top:0px;padding-left:0px;padding-right:0px;box-sizing:border-box\" align=\"start\"><strong><span style=\"font-size:24px\"><span style=\"font-family:&quot;times new roman&quot;, times, serif\">&gt;&gt;Produkto nuotraukos ir apra\u0161ymai<\/span><\/span><\/strong><\/p>\n<p style=\"font-family:&quot;Open Sans&quot;, Roboto, Arial, Helvetica, sans-serif, SimSun;font-size:14px;font-weight:400;letter-spacing:normal;line-height:inherit;text-align:start;white-space:normal;color:rgb(34, 34, 34);margin:0px;margin-bottom:0px;margin-top:0px;margin-left:0px;margin-right:0px;padding:0px;padding-bottom:0px;padding-top:0px;padding-left:0px;padding-right:0px;box-sizing:border-box\" align=\"start\"><img decoding=\"async\" src=\"https:\/\/ae01.alicdn.com\/kf\/S77a97ee889dd4e049fa415bf58446c20R.jpg\" slate-data-type=\"image\"\/><img decoding=\"async\" src=\"https:\/\/ae01.alicdn.com\/kf\/S0696ddf3fc45432aa867dda060845501L.jpg\" slate-data-type=\"image\"\/><img decoding=\"async\" src=\"https:\/\/ae01.alicdn.com\/kf\/Sbbd006cf711e4ca0aae8d3407ae2d8ceZ.jpg\" slate-data-type=\"image\"\/><img decoding=\"async\" src=\"https:\/\/ae01.alicdn.com\/kf\/S8fd7bb771bff4b6fac81d1b85b317a1fx.jpg\" slate-data-type=\"image\"\/><img decoding=\"async\" src=\"https:\/\/ae01.alicdn.com\/kf\/Sd440aea5ac0b4912908b1cd8bccf3da14.jpg\" slate-data-type=\"image\"\/><img decoding=\"async\" src=\"https:\/\/ae01.alicdn.com\/kf\/Sc3b8041ad30347baa4cfcfb2cba51e3bC.jpg\" slate-data-type=\"image\"\/><img decoding=\"async\" src=\"https:\/\/ae01.alicdn.com\/kf\/S2085f51baf3b466c943c2f8904c3135dM.jpg\" slate-data-type=\"image\"\/><img decoding=\"async\" src=\"https:\/\/ae01.alicdn.com\/kf\/S4a3abe522ba348d4912854a18f4d91c09.jpg\" slate-data-type=\"image\"\/><\/p>","protected":false},"excerpt":{"rendered":"<p>Model Number:&nbsp;DUOTTS C29 Rated Passenger Capacity:&nbsp;Two Seat Style:&nbsp;Standard Type Max Speed:&nbsp;30-50km\/h Range per Power:&nbsp;31 &#8211; 60 km Wattage:&nbsp;&gt; 500w Power Supply:&nbsp;lithium battery Voltage:&nbsp;48V Power Source:&nbsp;lithium battery Origin:&nbsp;Mainland China Folded:&nbsp;No Motor:&nbsp;Brushless<\/p>","protected":false},"featured_media":25944,"comment_status":"open","ping_status":"closed","template":"","meta":{"_acf_changed":false},"product_brand":[],"product_cat":[230],"product_tag":[],"class_list":{"0":"post-25943","1":"product","2":"type-product","3":"status-publish","4":"has-post-thumbnail","6":"product_cat-bikes","8":"first","9":"instock","10":"shipping-taxable","11":"purchasable","12":"product-type-variable"},"acf":[],"_links":{"self":[{"href":"https:\/\/www.electricstore.eu\/lt\/wp-json\/wp\/v2\/product\/25943","targetHints":{"allow":["GET"]}}],"collection":[{"href":"https:\/\/www.electricstore.eu\/lt\/wp-json\/wp\/v2\/product"}],"about":[{"href":"https:\/\/www.electricstore.eu\/lt\/wp-json\/wp\/v2\/types\/product"}],"replies":[{"embeddable":true,"href":"https:\/\/www.electricstore.eu\/lt\/wp-json\/wp\/v2\/comments?post=25943"}],"wp:featuredmedia":[{"embeddable":true,"href":"https:\/\/www.electricstore.eu\/lt\/wp-json\/wp\/v2\/media\/25944"}],"wp:attachment":[{"href":"https:\/\/www.electricstore.eu\/lt\/wp-json\/wp\/v2\/media?parent=25943"}],"wp:term":[{"taxonomy":"product_brand","embeddable":true,"href":"https:\/\/www.electricstore.eu\/lt\/wp-json\/wp\/v2\/product_brand?post=25943"},{"taxonomy":"product_cat","embeddable":true,"href":"https:\/\/www.electricstore.eu\/lt\/wp-json\/wp\/v2\/product_cat?post=25943"},{"taxonomy":"product_tag","embeddable":true,"href":"https:\/\/www.electricstore.eu\/lt\/wp-json\/wp\/v2\/product_tag?post=25943"}],"curies":[{"name":"wp","href":"https:\/\/api.w.org\/{rel}","templated":true}]}}