{"id":25932,"date":"2025-05-20T19:04:34","date_gmt":"2025-05-20T19:04:34","guid":{"rendered":"https:\/\/electricstore.eu\/p\/uncategorized\/engwe-electric-bicycle-l20-boost-48v20ah-100-km-max-range-ebikes-25-km-h-500w-motor-20-tire-fat-e-bike-folding-electric-bike\/"},"modified":"2025-05-20T19:08:03","modified_gmt":"2025-05-20T19:08:03","slug":"engwe-electric-bicycle-l20-boost-48v20ah-100-km-max-range-ebikes-25-km-h-500w-motor-20-tire-fat-e-bike-folding-electric-bike","status":"publish","type":"product","link":"https:\/\/www.electricstore.eu\/lt\/p\/bikes\/engwe-electric-bicycle-l20-boost-48v20ah-100-km-max-range-ebikes-25-km-h-500w-motor-20-tire-fat-e-bike-folding-electric-bike\/","title":{"rendered":"ENGWE elektrinis dviratis L20 Boost 48V20Ah 100 km maks. nuotolis, elektriniai dvira\u010diai, 25 km\/h, 500 W variklis, 20 padang\u0173, Fat, sulankstomas elektrinis dviratis"},"content":{"rendered":"<div class=\"product-specs-list-container\">\n<ul class=\"product-specs-list util-clearfix\">\n<li class=\"product-prop line-limit-length\"><span\n                                        class=\"property-title\">Modelio numeris:&nbsp;<\/span><span\n                                        class=\"property-desc line-limit-length\">ENGW L20 Boost<\/span>\n                            <\/li>\n<li class=\"product-prop line-limit-length\"><span\n                                        class=\"property-title\">Nominali keleivi\u0173 talpa:&nbsp;<\/span><span\n                                        class=\"property-desc line-limit-length\">Dvi s\u0117dyn\u0117s<\/span>\n                            <\/li>\n<li class=\"product-prop line-limit-length\"><span\n                                        class=\"property-title\">Stilius:&nbsp;<\/span><span\n                                        class=\"property-desc line-limit-length\">Mini tipas<\/span>\n                            <\/li>\n<li class=\"product-prop line-limit-length\"><span\n                                        class=\"property-title\">Maksimalus greitis:&nbsp;<\/span><span\n                                        class=\"property-desc line-limit-length\">&lt;25 km\/val.<\/span>\n                            <\/li>\n<li class=\"product-prop line-limit-length\"><span\n                                        class=\"property-title\">Diapazonas pagal gali\u0105:&nbsp;<\/span><span\n                                        class=\"property-desc line-limit-length\">&gt; 60 km<\/span>\n                            <\/li>\n<li class=\"product-prop line-limit-length\"><span\n                                        class=\"property-title\">Galia:&nbsp;<\/span><span\n                                        class=\"property-desc line-limit-length\">200\u2013250 W<\/span>\n                            <\/li>\n<li class=\"product-prop line-limit-length\"><span\n                                        class=\"property-title\">Maitinimo \u0161altinis:&nbsp;<\/span><span\n                                        class=\"property-desc line-limit-length\">li\u010dio baterija<\/span>\n                            <\/li>\n<li class=\"product-prop line-limit-length\"><span\n                                        class=\"property-title\">\u012etampa:&nbsp;<\/span><span\n                                        class=\"property-desc line-limit-length\">48 V<\/span>\n                            <\/li>\n<li class=\"product-prop line-limit-length\"><span\n                                        class=\"property-title\">Maitinimo \u0161altinis:&nbsp;<\/span><span\n                                        class=\"property-desc line-limit-length\">li\u010dio baterija<\/span>\n                            <\/li>\n<li class=\"product-prop line-limit-length\"><span\n                                        class=\"property-title\">Kilm\u0117:&nbsp;<\/span><span\n                                        class=\"property-desc line-limit-length\">\u017demynin\u0117 Kinija<\/span>\n                            <\/li>\n<li class=\"product-prop line-limit-length\"><span\n                                        class=\"property-title\">Sulankstytas:&nbsp;<\/span><span\n                                        class=\"property-desc line-limit-length\">Taip<\/span>\n                            <\/li>\n<li class=\"product-prop line-limit-length\"><span\n                                        class=\"property-title\">Variklis:&nbsp;<\/span><span\n                                        class=\"property-desc line-limit-length\">Be\u0161epetis<\/span>\n                            <\/li>\n<li class=\"product-prop line-limit-length\"><span\n                                        class=\"property-title\">Rat\u0173 dydis:&nbsp;<\/span><span\n                                        class=\"property-desc line-limit-length\">20 coli\u0173<\/span>\n                            <\/li>\n<li class=\"product-prop line-limit-length\"><span\n                                        class=\"property-title\">R\u0117mo med\u017eiaga:&nbsp;<\/span><span\n                                        class=\"property-desc line-limit-length\">Aliuminio lydinys<\/span>\n                            <\/li>\n<\/ul><\/div>\n<h1 style=\"text-align:center\" align=\"center\"><strong>ENGWE elektrinis dviratis L20 Boost 48V20Ah 100 km maks. nuotolis, elektriniai dvira\u010diai, 25 km\/h, 500 W variklis, 20 padang\u0173, Fat, sulankstomas elektrinis dviratis<\/strong><\/h1>\n<p style=\"font-family:DeepSeek-CJK-patch, Inter, system-ui, -apple-system, BlinkMacSystemFont, &quot;Segoe UI&quot;, Roboto, &quot;Noto Sans&quot;, Ubuntu, Cantarell, &quot;Helvetica Neue&quot;, Oxygen, &quot;Open Sans&quot;, sans-serif;font-size:16.002px;font-weight:400;letter-spacing:normal;line-height:28.575px;text-align:start;white-space:normal;color:rgb(64, 64, 64);background-color:rgb(255, 255, 255);margin:13.716px 0px;margin-bottom:13.716px;margin-top:13.716px;margin-left:0px;margin-right:0px\" class=\"ds-markdown-paragraph\" align=\"start\">\u201eENGWE L20 Boost\u201c sujungia tvirt\u0105 gali\u0105 su i\u0161mani\u0105ja va\u017eiavimo technologija ir unikalia \u201eBoost\u201c funkcija, kuri padidina sukimo moment\u0105, kai to labiausiai reikia. \u0160is auk\u0161\u010diausios kokyb\u0117s elektrinis dviratis skirtas tiek va\u017ein\u0117jimui mieste, tiek nuotyki\u0173 ie\u0161kojimui takais.<\/p>\n<p style=\"font-family:DeepSeek-CJK-patch, Inter, system-ui, -apple-system, BlinkMacSystemFont, &quot;Segoe UI&quot;, Roboto, &quot;Noto Sans&quot;, Ubuntu, Cantarell, &quot;Helvetica Neue&quot;, Oxygen, &quot;Open Sans&quot;, sans-serif;font-size:16.002px;font-weight:400;letter-spacing:normal;line-height:28.575px;text-align:start;white-space:normal;color:rgb(64, 64, 64);background-color:rgb(255, 255, 255);margin:13.716px 0px;margin-bottom:13.716px;margin-top:13.716px;margin-left:0px;margin-right:0px\" class=\"ds-markdown-paragraph\" align=\"start\"><strong>Pagrindin\u0117s specifikacijos:<\/strong><\/p>\n<ul style=\"font-family:DeepSeek-CJK-patch, Inter, system-ui, -apple-system, BlinkMacSystemFont, &quot;Segoe UI&quot;, Roboto, &quot;Noto Sans&quot;, Ubuntu, Cantarell, &quot;Helvetica Neue&quot;, Oxygen, &quot;Open Sans&quot;, sans-serif;font-size:16.002px;font-weight:400;letter-spacing:normal;text-align:start;white-space:normal;color:rgb(64, 64, 64);background-color:rgb(255, 255, 255);margin:13.716px 0px;margin-bottom:13.716px;margin-top:13.716px;margin-left:0px;margin-right:0px;padding-left:27.432px\" align=\"start\">\n<li>\n<p style=\"font-size:16.002px;line-height:28.575px;margin-bottom:0px;margin-top:0px;margin-left:0px;margin-right:0px\" class=\"ds-markdown-paragraph\"><strong>Variklis:<\/strong><span>\u00a0<\/span>48 V 250 W (500 W maksimali galia) galinio stebul\u0117s variklis su sukimo momento jutikliu<\/p>\n<\/li>\n<li style=\"margin-top:4px\">\n<p style=\"font-size:16.002px;line-height:28.575px;margin-bottom:0px;margin-top:0px;margin-left:0px;margin-right:0px\" class=\"ds-markdown-paragraph\"><strong>Greitis:<\/strong><span>\u00a0<\/span>25 km\/h (32 km\/h, kai apribojimas netaikomas)<\/p>\n<\/li>\n<li style=\"margin-top:4px\">\n<p style=\"font-size:16.002px;line-height:28.575px;margin-bottom:0px;margin-top:0px;margin-left:0px;margin-right:0px\" class=\"ds-markdown-paragraph\"><strong>Diapazonas:<\/strong><span>\u00a0<\/span>Iki 126 km (85 km su maksimaliu pagalbos lygiu)<\/p>\n<\/li>\n<li style=\"margin-top:4px\">\n<p style=\"font-size:16.002px;line-height:28.575px;margin-bottom:0px;margin-top:0px;margin-left:0px;margin-right:0px\" class=\"ds-markdown-paragraph\"><strong>Baterija:<\/strong><span>\u00a0<\/span>48 V 13 Ah i\u0161imamas li\u010dio jon\u0173 akumuliatorius (6,5 val. \u012fkrovimo laikas)<\/p>\n<\/li>\n<li style=\"margin-top:4px\">\n<p style=\"font-size:16.002px;line-height:28.575px;margin-bottom:0px;margin-top:0px;margin-left:0px;margin-right:0px\" class=\"ds-markdown-paragraph\"><strong>Padangos:<\/strong><span>\u00a0<\/span>20\u00d74,0 coli\u0173 \u201eChaoyang fat\u201c padangos, u\u017etikrinan\u010dios sukibim\u0105 su bet kokiu reljefu<\/p>\n<\/li>\n<li style=\"margin-top:4px\">\n<p style=\"font-size:16.002px;line-height:28.575px;margin-bottom:0px;margin-top:0px;margin-left:0px;margin-right:0px\" class=\"ds-markdown-paragraph\"><strong>R\u0117mas:<\/strong><span>\u00a0<\/span>Lengva aliuminio konstrukcija<\/p>\n<\/li>\n<li style=\"margin-top:4px\">\n<p style=\"font-size:16.002px;line-height:28.575px;margin-bottom:0px;margin-top:0px;margin-left:0px;margin-right:0px\" class=\"ds-markdown-paragraph\"><strong>Keliamoji galia:<\/strong><span>\u00a0<\/span>120 kg (264 svarai)<\/p>\n<\/li>\n<li style=\"margin-top:4px\">\n<p style=\"font-size:16.002px;line-height:28.575px;margin-bottom:0px;margin-top:0px;margin-left:0px;margin-right:0px\" class=\"ds-markdown-paragraph\"><strong>Motociklininko \u016bgis:<\/strong><span>\u00a0<\/span>155\u2013185 cm (5\u20136 p\u0117d\u0173) \u016bgio<\/p>\n<\/li>\n<\/ul>\n<p style=\"font-family:DeepSeek-CJK-patch, Inter, system-ui, -apple-system, BlinkMacSystemFont, &quot;Segoe UI&quot;, Roboto, &quot;Noto Sans&quot;, Ubuntu, Cantarell, &quot;Helvetica Neue&quot;, Oxygen, &quot;Open Sans&quot;, sans-serif;font-size:16.002px;font-weight:400;letter-spacing:normal;line-height:28.575px;text-align:start;white-space:normal;color:rgb(64, 64, 64);background-color:rgb(255, 255, 255);margin:13.716px 0px;margin-bottom:13.716px;margin-top:13.716px;margin-left:0px;margin-right:0px\" class=\"ds-markdown-paragraph\" align=\"start\"><strong>I\u0161pl\u0117stin\u0117s funkcijos:<\/strong><\/p>\n<ul style=\"font-family:DeepSeek-CJK-patch, Inter, system-ui, -apple-system, BlinkMacSystemFont, &quot;Segoe UI&quot;, Roboto, &quot;Noto Sans&quot;, Ubuntu, Cantarell, &quot;Helvetica Neue&quot;, Oxygen, &quot;Open Sans&quot;, sans-serif;font-size:16.002px;font-weight:400;letter-spacing:normal;text-align:start;white-space:normal;color:rgb(64, 64, 64);background-color:rgb(255, 255, 255);margin:13.716px 0px;margin-bottom:13.716px;margin-top:13.716px;margin-left:0px;margin-right:0px;padding-left:27.432px\" align=\"start\">\n<li>\n<p style=\"font-size:16.002px;line-height:28.575px;margin-bottom:0px;margin-top:0px;margin-left:0px;margin-right:0px\" class=\"ds-markdown-paragraph\"><strong>Dvigubi maitinimo re\u017eimai:<\/strong><span>\u00a0<\/span>Sujunkite droselio valdym\u0105 su sukimo moment\u0105 jutan\u010diu pedalo pagalba<\/p>\n<\/li>\n<li style=\"margin-top:4px\">\n<p style=\"font-size:16.002px;line-height:28.575px;margin-bottom:0px;margin-top:0px;margin-left:0px;margin-right:0px\" class=\"ds-markdown-paragraph\"><strong>Pagrei\u010dio mygtukas:<\/strong><span>\u00a0<\/span>Laikinas galios padidinimas (60 sekund\u017ei\u0173 trukm\u0117s) sud\u0117tingam reljefui<\/p>\n<\/li>\n<li style=\"margin-top:4px\">\n<p style=\"font-size:16.002px;line-height:28.575px;margin-bottom:0px;margin-top:0px;margin-left:0px;margin-right:0px\" class=\"ds-markdown-paragraph\"><strong>\u201eShimano\u201c 7 grei\u010di\u0173 pavaros:<\/strong><span>\u00a0<\/span>Sklandus mechaninis perjungimas<\/p>\n<\/li>\n<li style=\"margin-top:4px\">\n<p style=\"font-size:16.002px;line-height:28.575px;margin-bottom:0px;margin-top:0px;margin-left:0px;margin-right:0px\" class=\"ds-markdown-paragraph\"><strong>Priekin\u0117 mechanin\u0117 pakaba:<\/strong><span>\u00a0<\/span>Patogus sm\u016bgi\u0173 sug\u0117rimas<\/p>\n<\/li>\n<li style=\"margin-top:4px\">\n<p style=\"font-size:16.002px;line-height:28.575px;margin-bottom:0px;margin-top:0px;margin-left:0px;margin-right:0px\" class=\"ds-markdown-paragraph\"><strong>LCD ekranas:<\/strong><span>\u00a0<\/span>Ai\u0161k\u016bs va\u017eiavimo duomenys ir pagalbos lygio indikatorius (0\u20135 lygiai)<\/p>\n<\/li>\n<li style=\"margin-top:4px\">\n<p style=\"font-size:16.002px;line-height:28.575px;margin-bottom:0px;margin-top:0px;margin-left:0px;margin-right:0px\" class=\"ds-markdown-paragraph\"><strong>Saugos \u017eibintai:<\/strong><span>\u00a0<\/span>48 V LED priekinis ir galinis \u017eibintas<\/p>\n<\/li>\n<li style=\"margin-top:4px\">\n<p style=\"font-size:16.002px;line-height:28.575px;margin-bottom:0px;margin-top:0px;margin-left:0px;margin-right:0px\" class=\"ds-markdown-paragraph\"><strong>Dvigubi mechaniniai diskiniai stabd\u017eiai:<\/strong><span>\u00a0<\/span>160 mm rotoriai patikimam stabdymui<\/p>\n<\/li>\n<\/ul>\n<p style=\"font-family:DeepSeek-CJK-patch, Inter, system-ui, -apple-system, BlinkMacSystemFont, &quot;Segoe UI&quot;, Roboto, &quot;Noto Sans&quot;, Ubuntu, Cantarell, &quot;Helvetica Neue&quot;, Oxygen, &quot;Open Sans&quot;, sans-serif;font-size:16.002px;font-weight:400;letter-spacing:normal;line-height:28.575px;text-align:start;white-space:normal;color:rgb(64, 64, 64);background-color:rgb(255, 255, 255);margin:13.716px 0px;margin-bottom:13.716px;margin-top:13.716px;margin-left:0px;margin-right:0px\" class=\"ds-markdown-paragraph\" align=\"start\"><strong>Pridedami priedai:<\/strong><\/p>\n<ul style=\"font-family:DeepSeek-CJK-patch, Inter, system-ui, -apple-system, BlinkMacSystemFont, &quot;Segoe UI&quot;, Roboto, &quot;Noto Sans&quot;, Ubuntu, Cantarell, &quot;Helvetica Neue&quot;, Oxygen, &quot;Open Sans&quot;, sans-serif;font-size:16.002px;font-weight:400;letter-spacing:normal;text-align:start;white-space:normal;color:rgb(64, 64, 64);background-color:rgb(255, 255, 255);margin:13.716px 0px;margin-bottom:13.716px;margin-top:13.716px;margin-left:0px;margin-right:0px;padding-left:27.432px\" align=\"start\">\n<li>\n<p style=\"font-size:16.002px;line-height:28.575px;margin-bottom:0px;margin-top:0px;margin-left:0px;margin-right:0px\" class=\"ds-markdown-paragraph\">Pilnas \u012franki\u0173 rinkinys (\u0161e\u0161iakampiai raktai, ver\u017eliarak\u010diai, atsuktuvai drobiniame mai\u0161elyje)<\/p>\n<\/li>\n<li style=\"margin-top:4px\">\n<p style=\"font-size:16.002px;line-height:28.575px;margin-bottom:0px;margin-top:0px;margin-left:0px;margin-right:0px\" class=\"ds-markdown-paragraph\">Angl\u0173 kalbos vadovas<\/p>\n<\/li>\n<li style=\"margin-top:4px\">\n<p style=\"font-size:16.002px;line-height:28.575px;margin-bottom:0px;margin-top:0px;margin-left:0px;margin-right:0px\" class=\"ds-markdown-paragraph\">48 V 13 Ah akumuliatori\u0173 blokas<\/p>\n<\/li>\n<\/ul>\n<p style=\"font-family:DeepSeek-CJK-patch, Inter, system-ui, -apple-system, BlinkMacSystemFont, &quot;Segoe UI&quot;, Roboto, &quot;Noto Sans&quot;, Ubuntu, Cantarell, &quot;Helvetica Neue&quot;, Oxygen, &quot;Open Sans&quot;, sans-serif;font-size:16.002px;font-weight:400;letter-spacing:normal;line-height:28.575px;text-align:start;white-space:normal;color:rgb(64, 64, 64);background-color:rgb(255, 255, 255);margin:13.716px 0px;margin-bottom:13.716px;margin-top:13.716px;margin-left:0px;margin-right:0px\" class=\"ds-markdown-paragraph\" align=\"start\"><strong>Produkto akcentai:<\/strong><br \/>\u2713 Integruotas rat\u0173 variklis \u0161variai estetikai<br \/>\u2713 4,0 coli\u0173 plo\u010dio \u017eiemin\u0117s padangos u\u017etikrina puik\u0173 stabilum\u0105<br \/>\u2713 Sukimo momento jutiklis u\u017etikrina nat\u016bral\u0173 va\u017eiavimo poj\u016bt\u012f<br \/>\u2713 Mechanin\u0117 pakaba i\u0161lygina nelyg\u0173 reljef\u0105<br \/>\u2713 \u201eBoost\u201c funkcija suteikia papildomos kopimo galios (pastaba: veikia tik pedal\u0173 pagalbos re\u017eimu)<\/p>\n<p style=\"font-family:DeepSeek-CJK-patch, Inter, system-ui, -apple-system, BlinkMacSystemFont, &quot;Segoe UI&quot;, Roboto, &quot;Noto Sans&quot;, Ubuntu, Cantarell, &quot;Helvetica Neue&quot;, Oxygen, &quot;Open Sans&quot;, sans-serif;font-size:16.002px;font-weight:400;letter-spacing:normal;line-height:28.575px;text-align:start;white-space:normal;color:rgb(64, 64, 64);background-color:rgb(255, 255, 255);margin:13.716px 0px;margin-bottom:13.716px;margin-top:13.716px;margin-left:0px;margin-right:0px\" class=\"ds-markdown-paragraph\" align=\"start\"><strong>Paketo informacija:<\/strong><\/p>\n<ul style=\"font-family:DeepSeek-CJK-patch, Inter, system-ui, -apple-system, BlinkMacSystemFont, &quot;Segoe UI&quot;, Roboto, &quot;Noto Sans&quot;, Ubuntu, Cantarell, &quot;Helvetica Neue&quot;, Oxygen, &quot;Open Sans&quot;, sans-serif;font-size:16.002px;font-weight:400;letter-spacing:normal;text-align:start;white-space:normal;color:rgb(64, 64, 64);background-color:rgb(255, 255, 255);margin:13.716px 0px;margin-bottom:13.716px;margin-top:13.716px;margin-left:0px;margin-right:0px;padding-left:27.432px\" align=\"start\">\n<li>\n<p style=\"font-size:16.002px;line-height:28.575px;margin-bottom:0px;margin-top:0px;margin-left:0px;margin-right:0px\" class=\"ds-markdown-paragraph\">Matmenys: 148,5 \u00d7 31 \u00d7 78 cm (supakuota)<\/p>\n<\/li>\n<li style=\"margin-top:4px\">\n<p style=\"font-size:16.002px;line-height:28.575px;margin-bottom:0px;margin-top:0px;margin-left:0px;margin-right:0px\" class=\"ds-markdown-paragraph\">Grynasis svoris: 34 kg (74,8 svaro)<\/p>\n<\/li>\n<li style=\"margin-top:4px\">\n<p style=\"font-size:16.002px;line-height:28.575px;margin-bottom:0px;margin-top:0px;margin-left:0px;margin-right:0px\" class=\"ds-markdown-paragraph\">Bendras svoris: 41,5 kg (91,3 svaro)<\/p>\n<\/li>\n<\/ul>\n<p style=\"font-family:DeepSeek-CJK-patch, Inter, system-ui, -apple-system, BlinkMacSystemFont, &quot;Segoe UI&quot;, Roboto, &quot;Noto Sans&quot;, Ubuntu, Cantarell, &quot;Helvetica Neue&quot;, Oxygen, &quot;Open Sans&quot;, sans-serif;font-size:16.002px;font-weight:400;letter-spacing:normal;line-height:28.575px;text-align:start;white-space:normal;color:rgb(64, 64, 64);background-color:rgb(255, 255, 255);margin:13.716px 0px;margin-bottom:13.716px;margin-top:13.716px;margin-left:0px;margin-right:0px\" class=\"ds-markdown-paragraph\" align=\"start\"><strong>Pastaba:<\/strong><span>\u00a0<\/span>Visada laikykit\u0117s vietini\u0173 keli\u0173 eismo taisykli\u0173, susijusi\u0173 su elektrini\u0173 dvira\u010di\u0173 naudojimu. D\u0117l saugumo, naudojant tik droselio re\u017eim\u0105, \u201eBoost\u201c funkcija i\u0161jungiama.<\/p>\n<p><img decoding=\"async\" src=\"https:\/\/ae01.alicdn.com\/kf\/Sc6d74862013642b0a307d98ca14aaf88W.jpg\" slate-data-type=\"image\"\/><img decoding=\"async\" src=\"https:\/\/ae01.alicdn.com\/kf\/S952673ea3f0141a39f1db7b2c6a9993aq.jpg\" slate-data-type=\"image\"\/><img decoding=\"async\" src=\"https:\/\/ae01.alicdn.com\/kf\/S04d62648ae3d48ea8ef740b88516df581.jpg\" slate-data-type=\"image\"\/><img decoding=\"async\" src=\"https:\/\/ae01.alicdn.com\/kf\/S98f1d030f34b411d8b0ced82353b4ae1D.jpg\" slate-data-type=\"image\"\/><img decoding=\"async\" src=\"https:\/\/ae01.alicdn.com\/kf\/S1be1c2f7f32c4d90a3ea855714133ab6F.jpg\" slate-data-type=\"image\"\/><img decoding=\"async\" src=\"https:\/\/ae01.alicdn.com\/kf\/Sdfd86adb2cc949dd9637eb7be1958cffC.jpg\" slate-data-type=\"image\"\/><img decoding=\"async\" src=\"https:\/\/ae01.alicdn.com\/kf\/Sae89a4efcff142648ddbfac24eb8f98cI.jpg\" slate-data-type=\"image\"\/><img decoding=\"async\" src=\"https:\/\/ae01.alicdn.com\/kf\/S94bf2213f1cd4ec0adeedfc5f30ad44bt.jpg\" slate-data-type=\"image\"\/><img decoding=\"async\" src=\"https:\/\/ae01.alicdn.com\/kf\/Sa565125199df4feb9c35494f92b993f6b.jpg\" slate-data-type=\"image\"\/><img decoding=\"async\" src=\"https:\/\/ae01.alicdn.com\/kf\/Sd684c870e305450195df8754f04010f3A.jpg\" slate-data-type=\"image\"\/><img decoding=\"async\" src=\"https:\/\/ae01.alicdn.com\/kf\/Sd1e7b9a53d6f4f52a4ee5c90fb78dae1n.jpg\" slate-data-type=\"image\"\/><img decoding=\"async\" src=\"https:\/\/ae01.alicdn.com\/kf\/Sf798c4ef0f4a4fcfb530dfba8fbb496ch.jpg\" slate-data-type=\"image\"\/><\/p>","protected":false},"excerpt":{"rendered":"<p>Model Number:&nbsp;ENGW L20 Boost Rated Passenger Capacity:&nbsp;Two Seat Style:&nbsp;Mini Type Max Speed:&nbsp;&lt;25km\/h Range per Power:&nbsp;&gt; 60 km Wattage:&nbsp;200 &#8211; 250w Power Supply:&nbsp;lithium battery Voltage:&nbsp;48V Power Source:&nbsp;lithium battery Origin:&nbsp;Mainland China Folded:&nbsp;Yes<\/p>","protected":false},"featured_media":25933,"comment_status":"open","ping_status":"closed","template":"","meta":{"_acf_changed":false},"product_brand":[],"product_cat":[230],"product_tag":[],"class_list":{"0":"post-25932","1":"product","2":"type-product","3":"status-publish","4":"has-post-thumbnail","6":"product_cat-bikes","8":"first","9":"instock","10":"shipping-taxable","11":"purchasable","12":"product-type-variable"},"acf":[],"_links":{"self":[{"href":"https:\/\/www.electricstore.eu\/lt\/wp-json\/wp\/v2\/product\/25932","targetHints":{"allow":["GET"]}}],"collection":[{"href":"https:\/\/www.electricstore.eu\/lt\/wp-json\/wp\/v2\/product"}],"about":[{"href":"https:\/\/www.electricstore.eu\/lt\/wp-json\/wp\/v2\/types\/product"}],"replies":[{"embeddable":true,"href":"https:\/\/www.electricstore.eu\/lt\/wp-json\/wp\/v2\/comments?post=25932"}],"wp:featuredmedia":[{"embeddable":true,"href":"https:\/\/www.electricstore.eu\/lt\/wp-json\/wp\/v2\/media\/25933"}],"wp:attachment":[{"href":"https:\/\/www.electricstore.eu\/lt\/wp-json\/wp\/v2\/media?parent=25932"}],"wp:term":[{"taxonomy":"product_brand","embeddable":true,"href":"https:\/\/www.electricstore.eu\/lt\/wp-json\/wp\/v2\/product_brand?post=25932"},{"taxonomy":"product_cat","embeddable":true,"href":"https:\/\/www.electricstore.eu\/lt\/wp-json\/wp\/v2\/product_cat?post=25932"},{"taxonomy":"product_tag","embeddable":true,"href":"https:\/\/www.electricstore.eu\/lt\/wp-json\/wp\/v2\/product_tag?post=25932"}],"curies":[{"name":"wp","href":"https:\/\/api.w.org\/{rel}","templated":true}]}}