{"id":25853,"date":"2025-05-20T19:03:46","date_gmt":"2025-05-20T19:03:46","guid":{"rendered":"https:\/\/electricstore.eu\/p\/uncategorized\/engwe-m20-high-speed-electric-bike-for-urbanoff-road-adventures-100w-powerful-motor-48v26ah-dual-battery-electric-bicycle\/"},"modified":"2025-05-20T19:07:42","modified_gmt":"2025-05-20T19:07:42","slug":"engwe-m20-high-speed-electric-bike-for-urbanoff-road-adventures-100w-powerful-motor-48v26ah-dual-battery-electric-bicycle","status":"publish","type":"product","link":"https:\/\/www.electricstore.eu\/lt\/p\/bikes\/engwe-m20-high-speed-electric-bike-for-urbanoff-road-adventures-100w-powerful-motor-48v26ah-dual-battery-electric-bicycle\/","title":{"rendered":"ENGWE M20 \u2013 greitaeigis elektrinis dviratis nuotykiams mieste ir bekel\u0117je. Galingas 100 W variklis, 48 V, 26 Ah dviguba baterija. Elektrinis dviratis."},"content":{"rendered":"<div class=\"product-specs-list-container\">\n<ul class=\"product-specs-list util-clearfix\">\n<li class=\"product-prop line-limit-length\"><span\n                                        class=\"property-title\">Modelio numeris:&nbsp;<\/span><span\n                                        class=\"property-desc line-limit-length\">ENGWE M20<\/span>\n                            <\/li>\n<li class=\"product-prop line-limit-length\"><span\n                                        class=\"property-title\">Nominali keleivi\u0173 talpa:&nbsp;<\/span><span\n                                        class=\"property-desc line-limit-length\">Dvi s\u0117dyn\u0117s<\/span>\n                            <\/li>\n<li class=\"product-prop line-limit-length\"><span\n                                        class=\"property-title\">Stilius:&nbsp;<\/span><span\n                                        class=\"property-desc line-limit-length\">Prabangus tipas<\/span>\n                            <\/li>\n<li class=\"product-prop line-limit-length\"><span\n                                        class=\"property-title\">Maksimalus greitis:&nbsp;<\/span><span\n                                        class=\"property-desc line-limit-length\">&lt;25 km\/val.<\/span>\n                            <\/li>\n<li class=\"product-prop line-limit-length\"><span\n                                        class=\"property-title\">Diapazonas pagal gali\u0105:&nbsp;<\/span><span\n                                        class=\"property-desc line-limit-length\">&gt; 60 km<\/span>\n                            <\/li>\n<li class=\"product-prop line-limit-length\"><span\n                                        class=\"property-title\">Galia:&nbsp;<\/span><span\n                                        class=\"property-desc line-limit-length\">&gt; 500 W<\/span>\n                            <\/li>\n<li class=\"product-prop line-limit-length\"><span\n                                        class=\"property-title\">Maitinimo \u0161altinis:&nbsp;<\/span><span\n                                        class=\"property-desc line-limit-length\">li\u010dio baterija<\/span>\n                            <\/li>\n<li class=\"product-prop line-limit-length\"><span\n                                        class=\"property-title\">\u012etampa:&nbsp;<\/span><span\n                                        class=\"property-desc line-limit-length\">48 V<\/span>\n                            <\/li>\n<li class=\"product-prop line-limit-length\"><span\n                                        class=\"property-title\">Maitinimo \u0161altinis:&nbsp;<\/span><span\n                                        class=\"property-desc line-limit-length\">li\u010dio baterija<\/span>\n                            <\/li>\n<li class=\"product-prop line-limit-length\"><span\n                                        class=\"property-title\">Kilm\u0117:&nbsp;<\/span><span\n                                        class=\"property-desc line-limit-length\">\u017demynin\u0117 Kinija<\/span>\n                            <\/li>\n<li class=\"product-prop line-limit-length\"><span\n                                        class=\"property-title\">Sulankstytas:&nbsp;<\/span><span\n                                        class=\"property-desc line-limit-length\">Ne<\/span>\n                            <\/li>\n<li class=\"product-prop line-limit-length\"><span\n                                        class=\"property-title\">Variklis:&nbsp;<\/span><span\n                                        class=\"property-desc line-limit-length\">Be\u0161epetis<\/span>\n                            <\/li>\n<li class=\"product-prop line-limit-length\"><span\n                                        class=\"property-title\">Rat\u0173 dydis:&nbsp;<\/span><span\n                                        class=\"property-desc line-limit-length\">20 coli\u0173<\/span>\n                            <\/li>\n<li class=\"product-prop line-limit-length\"><span\n                                        class=\"property-title\">R\u0117mo med\u017eiaga:&nbsp;<\/span><span\n                                        class=\"property-desc line-limit-length\">Aliuminio lydinys<\/span>\n                            <\/li>\n<\/ul><\/div>\n<h1 style=\"text-align:center\" align=\"center\"><strong>ENGWE M20 \u2013 greitaeigis elektrinis dviratis nuotykiams mieste ir bekel\u0117je<\/strong><\/h1>\n<p style=\"font-family:DeepSeek-CJK-patch, Inter, system-ui, -apple-system, BlinkMacSystemFont, &quot;Segoe UI&quot;, Roboto, &quot;Noto Sans&quot;, Ubuntu, Cantarell, &quot;Helvetica Neue&quot;, Oxygen, &quot;Open Sans&quot;, sans-serif;font-size:16.002px;font-weight:400;letter-spacing:normal;line-height:28.575px;text-align:start;white-space:normal;color:rgb(64, 64, 64);background-color:rgb(255, 255, 255);margin:13.716px 0px;margin-bottom:13.716px;margin-top:13.716px;margin-left:0px;margin-right:0px\" class=\"ds-markdown-paragraph\" align=\"start\">The<span>\u00a0<\/span><strong>ENGWE M20<\/strong><span>\u00a0<\/span>yra<span>\u00a0<\/span><strong>galingas 750 W (1000 W maksimali galia)<\/strong><span>\u00a0<\/span>elektrinis dviratis, skirtas<span>\u00a0<\/span><strong>greitis, na\u0161umas ir universalumas<\/strong>, nesvarbu, ar va\u017ein\u0117jate mieste, ar tyrin\u0117jate bekel\u0117s takus. Su a<span>\u00a0<\/span><strong>did\u017eiausias greitis 45 km\/h (28 mylios per valand\u0105)<\/strong><span>\u00a0<\/span>ir a<span>\u00a0<\/span><strong>didelio nuotolio 48 V 13 Ah akumuliatorius<\/strong>\u0160is elektrinis dviratis pasi\u017eymi jaudinan\u010diu pagreit\u0117jimu ir ilgomis kelion\u0117mis.<\/p>\n<hr style=\"font-family:DeepSeek-CJK-patch, Inter, system-ui, -apple-system, BlinkMacSystemFont, &quot;Segoe UI&quot;, Roboto, &quot;Noto Sans&quot;, Ubuntu, Cantarell, &quot;Helvetica Neue&quot;, Oxygen, &quot;Open Sans&quot;, sans-serif;font-size:16.002px;font-weight:400;letter-spacing:normal;text-align:start;white-space:normal;color:rgb(64, 64, 64);background-color:rgb(229, 229, 229);border:none;margin:32px 0px;margin-bottom:32px;margin-top:32px;margin-left:0px;margin-right:0px;display:block;height:1px\" align=\"start\"\/>\n<h3 style=\"font-family:DeepSeek-CJK-patch, Inter, system-ui, -apple-system, BlinkMacSystemFont, &quot;Segoe UI&quot;, Roboto, &quot;Noto Sans&quot;, Ubuntu, Cantarell, &quot;Helvetica Neue&quot;, Oxygen, &quot;Open Sans&quot;, sans-serif;font-size:18.288px;font-weight:600;letter-spacing:normal;line-height:1.5;text-align:start;white-space:normal;color:rgb(64, 64, 64);background-color:rgb(255, 255, 255);margin:18.288px 0px 13.716px;margin-bottom:13.716px;margin-top:18.288px;margin-left:0px;margin-right:0px\" align=\"start\"><strong>Pagrindin\u0117s savyb\u0117s:<\/strong><\/h3>\n<p style=\"font-family:DeepSeek-CJK-patch, Inter, system-ui, -apple-system, BlinkMacSystemFont, &quot;Segoe UI&quot;, Roboto, &quot;Noto Sans&quot;, Ubuntu, Cantarell, &quot;Helvetica Neue&quot;, Oxygen, &quot;Open Sans&quot;, sans-serif;font-size:16.002px;font-weight:400;letter-spacing:normal;line-height:28.575px;text-align:start;white-space:normal;color:rgb(64, 64, 64);background-color:rgb(255, 255, 255);margin:13.716px 0px;margin-bottom:13.716px;margin-top:13.716px;margin-left:0px;margin-right:0px\" class=\"ds-markdown-paragraph\" align=\"start\">\u26a1<span>\u00a0<\/span><strong>Didel\u0117s spartos na\u0161umas<\/strong><span>\u00a0<\/span>\u2013<span>\u00a0<\/span><strong>750 W variklis (100 W maksimali galia)<\/strong><span>\u00a0<\/span>su<span>\u00a0<\/span><strong>55 Nm sukimo momentas<\/strong><span>\u00a0<\/span>stipriam \u012fveikimui \u012f kaln\u0105 ir greitam pagrei\u010diui<br \/>\ud83d\udd0b<span>\u00a0<\/span><strong>Ilgai veikianti baterija<\/strong><span>\u00a0<\/span>\u2013<span>\u00a0<\/span><strong>48 V 13 Ah<\/strong><span>\u00a0<\/span>i\u0161imama baterija suteikia<span>\u00a0<\/span><strong>75 km (45 mylios) pagalbiniu re\u017eimu<\/strong><span>\u00a0<\/span>arba<span>\u00a0<\/span><strong>35 km (22 mylios) vien tik droselio re\u017eimu<\/strong><br \/>\ud83d\udeb4<span>\u00a0<\/span><strong>Dvigubi va\u017eiavimo re\u017eimai<\/strong><span>\u00a0<\/span>\u2013<span>\u00a0<\/span><strong>Nyk\u0161\u010dio droselis + pedalo pagalba (0\u20135 lygiai)<\/strong><span>\u00a0<\/span>lanks\u010diam valdymui<br \/>\ud83d\udee0\ufe0f<span>\u00a0<\/span><strong>\u201eShimano\u201c 7 grei\u010di\u0173 pavaros<\/strong><span>\u00a0<\/span>\u2013 Sklandus perjungimas \u012fvairiame reljefe<br \/>\ud83d\udd04<span>\u00a0<\/span><strong>Priekin\u0117 mechanin\u0117 pakaba<\/strong><span>\u00a0<\/span>\u2013 Sugeria sm\u016bgius, kad va\u017eiuotum\u0117te patogiai<br \/>\ud83d\uded1<span>\u00a0<\/span><strong>Patikimas stabdymas<\/strong><span>\u00a0<\/span>\u2013<span>\u00a0<\/span><strong>160 mm mechaniniai diskiniai stabd\u017eiai<\/strong><span>\u00a0<\/span>u\u017etikrintai stabdymo galiai<br \/>\ud83c\udf27\ufe0f<span>\u00a0<\/span><strong>Visureigi\u0173 padangos<\/strong><span>\u00a0<\/span>\u2013<span>\u00a0<\/span><strong>20\u00d74,0 coli\u0173 \u201eChaoyang fat\u201c padangos<\/strong><span>\u00a0<\/span>stabilumui miesto gatv\u0117se ar \u017evyrkeliuose<br \/>\ud83d\udcca<span>\u00a0<\/span><strong>LCD ekranas<\/strong><span>\u00a0<\/span>\u2013 Rodo greit\u012f, akumuliatoriaus lyg\u012f ir pagalbin\u012f re\u017eim\u0105 +<span>\u00a0<\/span><strong>USB \u012fkrovimo prievadas<\/strong><\/p>\n<hr style=\"font-family:DeepSeek-CJK-patch, Inter, system-ui, -apple-system, BlinkMacSystemFont, &quot;Segoe UI&quot;, Roboto, &quot;Noto Sans&quot;, Ubuntu, Cantarell, &quot;Helvetica Neue&quot;, Oxygen, &quot;Open Sans&quot;, sans-serif;font-size:16.002px;font-weight:400;letter-spacing:normal;text-align:start;white-space:normal;color:rgb(64, 64, 64);background-color:rgb(229, 229, 229);border:none;margin:32px 0px;margin-bottom:32px;margin-top:32px;margin-left:0px;margin-right:0px;display:block;height:1px\" align=\"start\"\/>\n<h3 style=\"font-family:DeepSeek-CJK-patch, Inter, system-ui, -apple-system, BlinkMacSystemFont, &quot;Segoe UI&quot;, Roboto, &quot;Noto Sans&quot;, Ubuntu, Cantarell, &quot;Helvetica Neue&quot;, Oxygen, &quot;Open Sans&quot;, sans-serif;font-size:18.288px;font-weight:600;letter-spacing:normal;line-height:1.5;text-align:start;white-space:normal;color:rgb(64, 64, 64);background-color:rgb(255, 255, 255);margin:18.288px 0px 13.716px;margin-bottom:13.716px;margin-top:18.288px;margin-left:0px;margin-right:0px\" align=\"start\"><strong>Technin\u0117s specifikacijos:<\/strong><\/h3>\n<ul style=\"font-family:DeepSeek-CJK-patch, Inter, system-ui, -apple-system, BlinkMacSystemFont, &quot;Segoe UI&quot;, Roboto, &quot;Noto Sans&quot;, Ubuntu, Cantarell, &quot;Helvetica Neue&quot;, Oxygen, &quot;Open Sans&quot;, sans-serif;font-size:16.002px;font-weight:400;letter-spacing:normal;text-align:start;white-space:normal;color:rgb(64, 64, 64);background-color:rgb(255, 255, 255);margin:13.716px 0px;margin-bottom:13.716px;margin-top:13.716px;margin-left:0px;margin-right:0px;padding-left:27.432px\" align=\"start\">\n<li>\n<p style=\"font-size:16.002px;line-height:28.575px;margin-bottom:0px;margin-top:0px;margin-left:0px;margin-right:0px\" class=\"ds-markdown-paragraph\"><strong>Maksimalus greitis:<\/strong><span>\u00a0<\/span><strong>45 km\/h (28 mylios per valand\u0105)<\/strong><span>\u00a0<\/span>(atrakinta)<\/p>\n<\/li>\n<li style=\"margin-top:4px\">\n<p style=\"font-size:16.002px;line-height:28.575px;margin-bottom:0px;margin-top:0px;margin-left:0px;margin-right:0px\" class=\"ds-markdown-paragraph\"><strong>Diapazonas:<\/strong><span>\u00a0<\/span><strong>75 km (45 mylios) pagalbiniu re\u017eimu<\/strong><span>\u00a0<\/span>\/<span>\u00a0<\/span><strong>35 km (22 mylios) vien tik su droseliu<\/strong><\/p>\n<\/li>\n<li style=\"margin-top:4px\">\n<p style=\"font-size:16.002px;line-height:28.575px;margin-bottom:0px;margin-top:0px;margin-left:0px;margin-right:0px\" class=\"ds-markdown-paragraph\"><strong>Variklis:<\/strong><span>\u00a0<\/span><strong>750 W (1000 W maksimali) galinio stebul\u0117s variklis<\/strong><span>\u00a0<\/span>(55 Nm sukimo momentas)<\/p>\n<\/li>\n<li style=\"margin-top:4px\">\n<p style=\"font-size:16.002px;line-height:28.575px;margin-bottom:0px;margin-top:0px;margin-left:0px;margin-right:0px\" class=\"ds-markdown-paragraph\"><strong>Baterija:<\/strong><span>\u00a0<\/span><strong>48 V 13 Ah<\/strong><span>\u00a0<\/span>(5 valand\u0173 \u012fkrovimo laikas)<\/p>\n<\/li>\n<li style=\"margin-top:4px\">\n<p style=\"font-size:16.002px;line-height:28.575px;margin-bottom:0px;margin-top:0px;margin-left:0px;margin-right:0px\" class=\"ds-markdown-paragraph\"><strong>R\u0117mas:<\/strong><span>\u00a0<\/span><strong>Aliuminio lydinys<\/strong><span>\u00a0<\/span>(patvarus ir lengvas)<\/p>\n<\/li>\n<li style=\"margin-top:4px\">\n<p style=\"font-size:16.002px;line-height:28.575px;margin-bottom:0px;margin-top:0px;margin-left:0px;margin-right:0px\" class=\"ds-markdown-paragraph\"><strong>Padangos:<\/strong><span>\u00a0<\/span><strong>20\u00d74,0 coli\u0173 \u201eChaoyang fat\u201c padangos<\/strong><span>\u00a0<\/span>(sukibimas su visais pavir\u0161iais)<\/p>\n<\/li>\n<li style=\"margin-top:4px\">\n<p style=\"font-size:16.002px;line-height:28.575px;margin-bottom:0px;margin-top:0px;margin-left:0px;margin-right:0px\" class=\"ds-markdown-paragraph\"><strong>Stabd\u017eiai:<\/strong><span>\u00a0<\/span><strong>Mechaniniai diskai (160 mm rotoriai)<\/strong><\/p>\n<\/li>\n<li style=\"margin-top:4px\">\n<p style=\"font-size:16.002px;line-height:28.575px;margin-bottom:0px;margin-top:0px;margin-left:0px;margin-right:0px\" class=\"ds-markdown-paragraph\"><strong>Pakaba:<\/strong><span>\u00a0<\/span><strong>Priekin\u0117 mechanin\u0117 sm\u016bgio absorbcija<\/strong><\/p>\n<\/li>\n<li style=\"margin-top:4px\">\n<p style=\"font-size:16.002px;line-height:28.575px;margin-bottom:0px;margin-top:0px;margin-left:0px;margin-right:0px\" class=\"ds-markdown-paragraph\"><strong>Svoris:<\/strong><span>\u00a0<\/span><strong>34,8 kg (neto) \/ 42,7 kg (bendras)<\/strong><\/p>\n<\/li>\n<li style=\"margin-top:4px\">\n<p style=\"font-size:16.002px;line-height:28.575px;margin-bottom:0px;margin-top:0px;margin-left:0px;margin-right:0px\" class=\"ds-markdown-paragraph\"><strong>Maksimali apkrova:<\/strong><span>\u00a0<\/span><strong>120 kg (264 svarai)<\/strong><\/p>\n<\/li>\n<li style=\"margin-top:4px\">\n<p style=\"font-size:16.002px;line-height:28.575px;margin-bottom:0px;margin-top:0px;margin-left:0px;margin-right:0px\" class=\"ds-markdown-paragraph\"><strong>Motociklininko \u016bgis:<\/strong><span>\u00a0<\/span><strong>155\u2013210 cm (5\u20136 p\u0117d\u0173 8 coli\u0173) \u016bgio<\/strong><\/p>\n<\/li>\n<\/ul>\n<hr style=\"font-family:DeepSeek-CJK-patch, Inter, system-ui, -apple-system, BlinkMacSystemFont, &quot;Segoe UI&quot;, Roboto, &quot;Noto Sans&quot;, Ubuntu, Cantarell, &quot;Helvetica Neue&quot;, Oxygen, &quot;Open Sans&quot;, sans-serif;font-size:16.002px;font-weight:400;letter-spacing:normal;text-align:start;white-space:normal;color:rgb(64, 64, 64);background-color:rgb(229, 229, 229);border:none;margin:32px 0px;margin-bottom:32px;margin-top:32px;margin-left:0px;margin-right:0px;display:block;height:1px\" align=\"start\"\/>\n<h3 style=\"font-family:DeepSeek-CJK-patch, Inter, system-ui, -apple-system, BlinkMacSystemFont, &quot;Segoe UI&quot;, Roboto, &quot;Noto Sans&quot;, Ubuntu, Cantarell, &quot;Helvetica Neue&quot;, Oxygen, &quot;Open Sans&quot;, sans-serif;font-size:18.288px;font-weight:600;letter-spacing:normal;line-height:1.5;text-align:start;white-space:normal;color:rgb(64, 64, 64);background-color:rgb(255, 255, 255);margin:18.288px 0px 13.716px;margin-bottom:13.716px;margin-top:18.288px;margin-left:0px;margin-right:0px\" align=\"start\"><strong>Kod\u0117l verta rinktis ENGWE M20?<\/strong><\/h3>\n<p style=\"font-family:DeepSeek-CJK-patch, Inter, system-ui, -apple-system, BlinkMacSystemFont, &quot;Segoe UI&quot;, Roboto, &quot;Noto Sans&quot;, Ubuntu, Cantarell, &quot;Helvetica Neue&quot;, Oxygen, &quot;Open Sans&quot;, sans-serif;font-size:16.002px;font-weight:400;letter-spacing:normal;line-height:28.575px;text-align:start;white-space:normal;color:rgb(64, 64, 64);background-color:rgb(255, 255, 255);margin:13.716px 0px;margin-bottom:13.716px;margin-top:13.716px;margin-left:0px;margin-right:0px\" class=\"ds-markdown-paragraph\" align=\"start\">\u2714<span>\u00a0<\/span><strong>Galingas ir greitas<\/strong><span>\u00a0<\/span>\u2013 Vienas grei\u010diausi\u0173 elektrini\u0173 dvira\u010di\u0173 savo klas\u0117je (45 km\/val.)<br \/>\u2714<span>\u00a0<\/span><strong>Tolim\u0173j\u0173 distancij\u0173 jojimas<\/strong><span>\u00a0<\/span>\u2013 Iki 75 km su pedal\u0173 pagalba<br \/>\u2714<span>\u00a0<\/span><strong>Patogus visoms vietov\u0117ms<\/strong><span>\u00a0<\/span>\u2013 Fat padangos + priekin\u0117 pakaba sugeria sm\u016bgius<br \/>\u2714<span>\u00a0<\/span><strong>USB \u012fkrovimo prievadas<\/strong><span>\u00a0<\/span>\u2013 Palaikykite savo \u012frenginius \u012fkrautus keliaudami<br \/>\u2714<span>\u00a0<\/span><strong>\u201eShimano\u201c pavar\u0173 sistema<\/strong><span>\u00a0<\/span>\u2013 Sklandus pavar\u0173 perjungimas va\u017eiuojant \u012fkaln\u0117n ir nuokaln\u0117n<\/p>\n<hr style=\"font-family:DeepSeek-CJK-patch, Inter, system-ui, -apple-system, BlinkMacSystemFont, &quot;Segoe UI&quot;, Roboto, &quot;Noto Sans&quot;, Ubuntu, Cantarell, &quot;Helvetica Neue&quot;, Oxygen, &quot;Open Sans&quot;, sans-serif;font-size:16.002px;font-weight:400;letter-spacing:normal;text-align:start;white-space:normal;color:rgb(64, 64, 64);background-color:rgb(229, 229, 229);border:none;margin:32px 0px;margin-bottom:32px;margin-top:32px;margin-left:0px;margin-right:0px;display:block;height:1px\" align=\"start\"\/>\n<h3 style=\"font-family:DeepSeek-CJK-patch, Inter, system-ui, -apple-system, BlinkMacSystemFont, &quot;Segoe UI&quot;, Roboto, &quot;Noto Sans&quot;, Ubuntu, Cantarell, &quot;Helvetica Neue&quot;, Oxygen, &quot;Open Sans&quot;, sans-serif;font-size:18.288px;font-weight:600;letter-spacing:normal;line-height:1.5;text-align:start;white-space:normal;color:rgb(64, 64, 64);background-color:rgb(255, 255, 255);margin:18.288px 0px 13.716px;margin-bottom:13.716px;margin-top:18.288px;margin-left:0px;margin-right:0px\" align=\"start\"><strong>Pridedami priedai:<\/strong><\/h3>\n<ul style=\"font-family:DeepSeek-CJK-patch, Inter, system-ui, -apple-system, BlinkMacSystemFont, &quot;Segoe UI&quot;, Roboto, &quot;Noto Sans&quot;, Ubuntu, Cantarell, &quot;Helvetica Neue&quot;, Oxygen, &quot;Open Sans&quot;, sans-serif;font-size:16.002px;font-weight:400;letter-spacing:normal;text-align:start;white-space:normal;color:rgb(64, 64, 64);background-color:rgb(255, 255, 255);margin:13.716px 0px;margin-bottom:13.716px;margin-top:13.716px;margin-left:0px;margin-right:0px;padding-left:27.432px\" align=\"start\">\n<li>\n<p style=\"font-size:16.002px;line-height:28.575px;margin-bottom:0px;margin-top:0px;margin-left:0px;margin-right:0px\" class=\"ds-markdown-paragraph\"><strong>48 V 13 Ah akumuliatorius ir \u012fkroviklis<\/strong><\/p>\n<\/li>\n<li style=\"margin-top:4px\">\n<p style=\"font-size:16.002px;line-height:28.575px;margin-bottom:0px;margin-top:0px;margin-left:0px;margin-right:0px\" class=\"ds-markdown-paragraph\"><strong>\u012eranki\u0173 rinkinys<\/strong><span>\u00a0<\/span>(\u0161e\u0161iakampiai raktai, ver\u017eliarak\u010diai, atsuktuvai)<\/p>\n<\/li>\n<li style=\"margin-top:4px\">\n<p style=\"font-size:16.002px;line-height:28.575px;margin-bottom:0px;margin-top:0px;margin-left:0px;margin-right:0px\" class=\"ds-markdown-paragraph\"><strong>Angl\u0173 kalbos vadovas<\/strong><\/p>\n<\/li>\n<li style=\"margin-top:4px\">\n<p style=\"font-size:16.002px;line-height:28.575px;margin-bottom:0px;margin-top:0px;margin-left:0px;margin-right:0px\" class=\"ds-markdown-paragraph\"><strong>Elektrinis dviratis<\/strong><\/p>\n<\/li>\n<\/ul>\n<p style=\"font-family:DeepSeek-CJK-patch, Inter, system-ui, -apple-system, BlinkMacSystemFont, &quot;Segoe UI&quot;, Roboto, &quot;Noto Sans&quot;, Ubuntu, Cantarell, &quot;Helvetica Neue&quot;, Oxygen, &quot;Open Sans&quot;, sans-serif;font-size:16.002px;font-weight:400;letter-spacing:normal;line-height:28.575px;text-align:start;white-space:normal;color:rgb(64, 64, 64);background-color:rgb(255, 255, 255);margin:13.716px 0px;margin-bottom:13.716px;margin-top:13.716px;margin-left:0px;margin-right:0px\" class=\"ds-markdown-paragraph\" align=\"start\"><strong>Pastaba:<\/strong><span>\u00a0<\/span>Greitis ir atstumas gali skirtis priklausomai nuo dviratininko svorio, reljefo ir pagalbos lygio. Prie\u0161 va\u017eiuodami didesniu grei\u010diu, visada patikrinkite vietinius el. dvira\u010di\u0173 reglamentus.<img decoding=\"async\" src=\"https:\/\/ae01.alicdn.com\/kf\/S1ac89e69297d466b90658826484cad2bv.png\" slate-data-type=\"image\"\/><img decoding=\"async\" src=\"https:\/\/ae01.alicdn.com\/kf\/S81b9f545ec6742d68157ba9e5cfd3a7ew.png\" slate-data-type=\"image\"\/><img decoding=\"async\" src=\"https:\/\/ae01.alicdn.com\/kf\/S149d77da88964b1ca94beed3e38a5355r.png\" slate-data-type=\"image\"\/><img decoding=\"async\" src=\"https:\/\/ae01.alicdn.com\/kf\/Sbfb0cddb9d0548c382e20d7ad70e1633W.png\" slate-data-type=\"image\"\/><img decoding=\"async\" src=\"https:\/\/ae01.alicdn.com\/kf\/S01b919c42851445ebbb6bd61d74d62a2a.png\" slate-data-type=\"image\"\/><img decoding=\"async\" src=\"https:\/\/ae01.alicdn.com\/kf\/S2d6de1ae188247629112484293c5b667r.png\" slate-data-type=\"image\"\/><img decoding=\"async\" src=\"https:\/\/ae01.alicdn.com\/kf\/S11219886b6d74a978621024ef0e358cda.png\" slate-data-type=\"image\"\/><img decoding=\"async\" src=\"https:\/\/ae01.alicdn.com\/kf\/Sec15e79357b04e279af148bb1d177dc8z.png\" slate-data-type=\"image\"\/><img decoding=\"async\" src=\"https:\/\/ae01.alicdn.com\/kf\/Sff573c5350594572b2ee864dd062178eI.png\" slate-data-type=\"image\"\/><\/p><\/p>","protected":false},"excerpt":{"rendered":"<p>Model Number:&nbsp;ENGWE M20 Rated Passenger Capacity:&nbsp;Two Seat Style:&nbsp;Luxury Type Max Speed:&nbsp;&lt;25km\/h Range per Power:&nbsp;&gt; 60 km Wattage:&nbsp;&gt; 500w Power Supply:&nbsp;lithium battery Voltage:&nbsp;48V Power Source:&nbsp;lithium battery Origin:&nbsp;Mainland China Folded:&nbsp;No Motor:&nbsp;Brushless Wheel<\/p>","protected":false},"featured_media":25854,"comment_status":"open","ping_status":"closed","template":"","meta":{"_acf_changed":false},"product_brand":[],"product_cat":[230],"product_tag":[],"class_list":{"0":"post-25853","1":"product","2":"type-product","3":"status-publish","4":"has-post-thumbnail","6":"product_cat-bikes","8":"first","9":"instock","10":"shipping-taxable","11":"purchasable","12":"product-type-variable"},"acf":[],"_links":{"self":[{"href":"https:\/\/www.electricstore.eu\/lt\/wp-json\/wp\/v2\/product\/25853","targetHints":{"allow":["GET"]}}],"collection":[{"href":"https:\/\/www.electricstore.eu\/lt\/wp-json\/wp\/v2\/product"}],"about":[{"href":"https:\/\/www.electricstore.eu\/lt\/wp-json\/wp\/v2\/types\/product"}],"replies":[{"embeddable":true,"href":"https:\/\/www.electricstore.eu\/lt\/wp-json\/wp\/v2\/comments?post=25853"}],"wp:featuredmedia":[{"embeddable":true,"href":"https:\/\/www.electricstore.eu\/lt\/wp-json\/wp\/v2\/media\/25854"}],"wp:attachment":[{"href":"https:\/\/www.electricstore.eu\/lt\/wp-json\/wp\/v2\/media?parent=25853"}],"wp:term":[{"taxonomy":"product_brand","embeddable":true,"href":"https:\/\/www.electricstore.eu\/lt\/wp-json\/wp\/v2\/product_brand?post=25853"},{"taxonomy":"product_cat","embeddable":true,"href":"https:\/\/www.electricstore.eu\/lt\/wp-json\/wp\/v2\/product_cat?post=25853"},{"taxonomy":"product_tag","embeddable":true,"href":"https:\/\/www.electricstore.eu\/lt\/wp-json\/wp\/v2\/product_tag?post=25853"}],"curies":[{"name":"wp","href":"https:\/\/api.w.org\/{rel}","templated":true}]}}